{"id":96111,"date":"2025-11-24T09:05:56","date_gmt":"2025-11-24T08:05:56","guid":{"rendered":"https:\/\/truusk.store\/product\/9-i-1-inomhus-klatterstallning-ramp-rutschkana-stege-skrivtavla-for-smabarn-tra\/"},"modified":"2026-03-12T08:48:26","modified_gmt":"2026-03-12T07:48:26","slug":"truusk-9-i-1-inomhus-klatterstallning-ramp-rutschkana-stege-skrivtavla-for-smabarn-tra","status":"publish","type":"product","link":"https:\/\/truusk.store\/sv\/produkt\/truusk-9-i-1-inomhus-klatterstallning-ramp-rutschkana-stege-skrivtavla-for-smabarn-tra\/","title":{"rendered":"TRUUSK 9-i-1 Inomhus Kl\u00e4tterst\u00e4llning &#8211; Ramp &#8211; Rutschkana &#8211; Stege &#8211; Skrivtavla &#8211; F\u00f6r Sm\u00e5barn &#8211; Tr\u00e4"},"content":{"rendered":"<p>\u00c4r du tr\u00f6tt p\u00e5 att dina barn \u00e4r rastl\u00f6sa och det finns f\u00e5 lekm\u00f6jligheter inomhus? [BRAND NAME] kl\u00e4tterst\u00e4llnings-set \u00e4r l\u00f6sningen och kombinerar hela nio aktiviteter i en stabil kl\u00e4tterst\u00e4llning. Se hur dina sm\u00e5 kl\u00e4ttrar, \u00e5ker rutschkana och m\u00e5lar p\u00e5 tavlan p\u00e5 den inomhus kl\u00e4tterst\u00e4llningen, vilket fr\u00e4mjar deras kreativitet och motorik inom en s\u00e4ker ram.<\/p>\n<p>Beskrivning:<\/p>\n<ul>\n<li> Erbjuder 9 spell\u00e4gen med kl\u00e4tterst\u00e4llningar och en rutschkana<\/li>\n<li> Tillverkad av massivt tr\u00e4 med s\u00e4ker f\u00e4rg<\/li>\n<li> Inneh\u00e5ller en unik avtagbar tavla som fr\u00e4mjar ditt barns konstn\u00e4rliga och kreativa f\u00e4rdigheter<\/li>\n<li> Den justerbara rutschkanans vinkel p\u00e5 kl\u00e4tterst\u00e4llningen v\u00e4xer med ditt barn och fr\u00e4mjar s\u00e4kert dess sj\u00e4lvf\u00f6rtroende<\/li>\n<li> Fr\u00e4mjar utvecklingen av motoriska f\u00e4rdigheter och \u00e4r d\u00e4rf\u00f6r en fantastisk present f\u00f6r v\u00e4xande sm\u00e5barn<\/li>\n<li> F\u00f6rvandlar lekrummet till en \u00e4ventyrspark och ger timmar av fantasifullt roligt<\/li>\n<li> Montering kr\u00e4vs, ca 1 timme<\/li>\n<\/ul>\n<p> Tekniska data:<\/p>\n<ul>\n<li> F\u00e4rg: Naturtr\u00e4<\/li>\n<li> Material: Poppeltr\u00e4, furu fanerplywood<\/li>\n<li> Kl\u00e4tterb\u00e5gens storlek: 100B x 52,5T x 48H cm<\/li>\n<li> Rutschkanans storlek: 95,5B x 43T x 7H cm<\/li>\n<li> Tavlans storlek: 57,5B x 42,5T cm<\/li>\n<li> Maximal belastning: 50 kg<\/li>\n<li> Rekommenderad \u00e5lder: 18-48 m\u00e5nader<\/li>\n<\/ul>\n<p>Leverans inneh\u00e5ller:<\/p>\n<ul>\n<li> 1 x Kl\u00e4tterst\u00e4llning<\/li>\n<li> 1 x Kl\u00e4tterb\u00e5ge<\/li>\n<li> 1 x Rutschkana<\/li>\n<li> 1 x Tavla<\/li>\n<li> 1 x Bruksanvisning<\/li>\n<\/ul>\n","protected":false},"excerpt":{"rendered":"<p>\u00c4r du tr\u00f6tt p\u00e5 att dina barn \u00e4r rastl\u00f6sa och det finns f\u00e5 lekm\u00f6jligheter inomhus? [BRAND NAME] kl\u00e4tterst\u00e4llnings-set \u00e4r l\u00f6sningen&#8230;<\/p>\n","protected":false},"featured_media":96101,"template":"","meta":[],"product_brand":[],"product_cat":[880,918],"product_tag":[],"class_list":{"0":"post-96111","1":"product","2":"type-product","3":"status-publish","4":"has-post-thumbnail","6":"product_cat-baby-barn-2","7":"product_cat-leksaker","9":"first","10":"instock","11":"sale","12":"taxable","13":"shipping-taxable","14":"purchasable","15":"product-type-simple"},"yoast_head":"<!-- This site is optimized with the Yoast SEO plugin v25.4 - https:\/\/yoast.com\/wordpress\/plugins\/seo\/ -->\n<title>TRUUSK 9-i-1 Inomhus Kl\u00e4tterst\u00e4llning - Ramp - Rutschkana - Stege - Skrivtavla - F\u00f6r Sm\u00e5barn - Tr\u00e4 - TRUUSK - Hem, Tr\u00e4dg\u00e5rd &amp; Fritid<\/title>\n<meta name=\"robots\" content=\"index, follow, max-snippet:-1, max-image-preview:large, max-video-preview:-1\" \/>\n<link rel=\"canonical\" href=\"https:\/\/truusk.store\/sv\/produkt\/truusk-9-i-1-inomhus-klatterstallning-ramp-rutschkana-stege-skrivtavla-for-smabarn-tra\/\" \/>\n<meta property=\"og:locale\" content=\"sv_SE\" \/>\n<meta property=\"og:type\" content=\"article\" \/>\n<meta property=\"og:title\" content=\"TRUUSK 9-i-1 Inomhus Kl\u00e4tterst\u00e4llning - Ramp - Rutschkana - Stege - Skrivtavla - F\u00f6r Sm\u00e5barn - Tr\u00e4 - TRUUSK - Hem, Tr\u00e4dg\u00e5rd &amp; Fritid\" \/>\n<meta property=\"og:description\" content=\"\u00c4r du tr\u00f6tt p\u00e5 att dina barn \u00e4r rastl\u00f6sa och det finns f\u00e5 lekm\u00f6jligheter inomhus? [BRAND NAME] kl\u00e4tterst\u00e4llnings-set \u00e4r l\u00f6sningen...\" \/>\n<meta property=\"og:url\" content=\"https:\/\/truusk.store\/sv\/produkt\/truusk-9-i-1-inomhus-klatterstallning-ramp-rutschkana-stege-skrivtavla-for-smabarn-tra\/\" \/>\n<meta property=\"og:site_name\" content=\"TRUUSK - Hem, Tr\u00e4dg\u00e5rd &amp; Fritid\" \/>\n<meta property=\"article:modified_time\" content=\"2026-03-12T07:48:26+00:00\" \/>\n<meta property=\"og:image\" content=\"https:\/\/i0.wp.com\/truusk.se\/wp-content\/uploads\/2025\/11\/9-i-1-inomhus-klatterstallning-ramp-rutschkana-stege-skrivtavla-for-smabarn-tra-1.webp?fit=2000%2C2000&ssl=1\" \/>\n\t<meta property=\"og:image:width\" content=\"2000\" \/>\n\t<meta property=\"og:image:height\" content=\"2000\" \/>\n\t<meta property=\"og:image:type\" content=\"image\/webp\" \/>\n<meta name=\"twitter:card\" content=\"summary_large_image\" \/>\n<meta name=\"twitter:label1\" content=\"Ber\u00e4knad l\u00e4stid\" \/>\n\t<meta name=\"twitter:data1\" content=\"1 minut\" \/>\n<!-- \/ Yoast SEO plugin. -->","yoast_head_json":{"title":"TRUUSK 9-i-1 Inomhus Kl\u00e4tterst\u00e4llning - Ramp - Rutschkana - Stege - Skrivtavla - F\u00f6r Sm\u00e5barn - Tr\u00e4 - TRUUSK - Hem, Tr\u00e4dg\u00e5rd &amp; Fritid","robots":{"index":"index","follow":"follow","max-snippet":"max-snippet:-1","max-image-preview":"max-image-preview:large","max-video-preview":"max-video-preview:-1"},"canonical":"https:\/\/truusk.store\/sv\/produkt\/truusk-9-i-1-inomhus-klatterstallning-ramp-rutschkana-stege-skrivtavla-for-smabarn-tra\/","og_locale":"sv_SE","og_type":"article","og_title":"TRUUSK 9-i-1 Inomhus Kl\u00e4tterst\u00e4llning - Ramp - Rutschkana - Stege - Skrivtavla - F\u00f6r Sm\u00e5barn - Tr\u00e4 - TRUUSK - Hem, Tr\u00e4dg\u00e5rd &amp; Fritid","og_description":"\u00c4r du tr\u00f6tt p\u00e5 att dina barn \u00e4r rastl\u00f6sa och det finns f\u00e5 lekm\u00f6jligheter inomhus? [BRAND NAME] kl\u00e4tterst\u00e4llnings-set \u00e4r l\u00f6sningen...","og_url":"https:\/\/truusk.store\/sv\/produkt\/truusk-9-i-1-inomhus-klatterstallning-ramp-rutschkana-stege-skrivtavla-for-smabarn-tra\/","og_site_name":"TRUUSK - Hem, Tr\u00e4dg\u00e5rd &amp; Fritid","article_modified_time":"2026-03-12T07:48:26+00:00","og_image":[{"width":2000,"height":2000,"url":"https:\/\/i0.wp.com\/truusk.se\/wp-content\/uploads\/2025\/11\/9-i-1-inomhus-klatterstallning-ramp-rutschkana-stege-skrivtavla-for-smabarn-tra-1.webp?fit=2000%2C2000&ssl=1","type":"image\/webp"}],"twitter_card":"summary_large_image","twitter_misc":{"Ber\u00e4knad l\u00e4stid":"1 minut"},"schema":{"@context":"https:\/\/schema.org","@graph":[{"@type":"WebPage","@id":"https:\/\/truusk.store\/sv\/produkt\/truusk-9-i-1-inomhus-klatterstallning-ramp-rutschkana-stege-skrivtavla-for-smabarn-tra\/","url":"https:\/\/truusk.store\/sv\/produkt\/truusk-9-i-1-inomhus-klatterstallning-ramp-rutschkana-stege-skrivtavla-for-smabarn-tra\/","name":"TRUUSK 9-i-1 Inomhus Kl\u00e4tterst\u00e4llning - Ramp - Rutschkana - Stege - Skrivtavla - F\u00f6r Sm\u00e5barn - Tr\u00e4 - TRUUSK - Hem, Tr\u00e4dg\u00e5rd &amp; Fritid","isPartOf":{"@id":"https:\/\/truusk.store\/sv\/#website"},"primaryImageOfPage":{"@id":"https:\/\/truusk.store\/sv\/produkt\/truusk-9-i-1-inomhus-klatterstallning-ramp-rutschkana-stege-skrivtavla-for-smabarn-tra\/#primaryimage"},"image":{"@id":"https:\/\/truusk.store\/sv\/produkt\/truusk-9-i-1-inomhus-klatterstallning-ramp-rutschkana-stege-skrivtavla-for-smabarn-tra\/#primaryimage"},"thumbnailUrl":"https:\/\/i0.wp.com\/truusk.store\/wp-content\/uploads\/2025\/11\/9-i-1-inomhus-klatterstallning-ramp-rutschkana-stege-skrivtavla-for-smabarn-tra-1.webp?fit=2000%2C2000&ssl=1","datePublished":"2025-11-24T08:05:56+00:00","dateModified":"2026-03-12T07:48:26+00:00","breadcrumb":{"@id":"https:\/\/truusk.store\/sv\/produkt\/truusk-9-i-1-inomhus-klatterstallning-ramp-rutschkana-stege-skrivtavla-for-smabarn-tra\/#breadcrumb"},"inLanguage":"sv-SE","potentialAction":[{"@type":"ReadAction","target":["https:\/\/truusk.store\/sv\/produkt\/truusk-9-i-1-inomhus-klatterstallning-ramp-rutschkana-stege-skrivtavla-for-smabarn-tra\/"]}]},{"@type":"ImageObject","inLanguage":"sv-SE","@id":"https:\/\/truusk.store\/sv\/produkt\/truusk-9-i-1-inomhus-klatterstallning-ramp-rutschkana-stege-skrivtavla-for-smabarn-tra\/#primaryimage","url":"https:\/\/i0.wp.com\/truusk.store\/wp-content\/uploads\/2025\/11\/9-i-1-inomhus-klatterstallning-ramp-rutschkana-stege-skrivtavla-for-smabarn-tra-1.webp?fit=2000%2C2000&ssl=1","contentUrl":"https:\/\/i0.wp.com\/truusk.store\/wp-content\/uploads\/2025\/11\/9-i-1-inomhus-klatterstallning-ramp-rutschkana-stege-skrivtavla-for-smabarn-tra-1.webp?fit=2000%2C2000&ssl=1","width":2000,"height":2000},{"@type":"BreadcrumbList","@id":"https:\/\/truusk.store\/sv\/produkt\/truusk-9-i-1-inomhus-klatterstallning-ramp-rutschkana-stege-skrivtavla-for-smabarn-tra\/#breadcrumb","itemListElement":[{"@type":"ListItem","position":1,"name":"Home","item":"https:\/\/truusk.store\/sv\/"},{"@type":"ListItem","position":2,"name":"Shop","item":"https:\/\/truusk.store\/shop\/"},{"@type":"ListItem","position":3,"name":"TRUUSK 9-i-1 Inomhus Kl\u00e4tterst\u00e4llning &#8211; Ramp &#8211; Rutschkana &#8211; Stege &#8211; Skrivtavla &#8211; F\u00f6r Sm\u00e5barn &#8211; Tr\u00e4"}]},{"@type":"WebSite","@id":"https:\/\/truusk.store\/sv\/#website","url":"https:\/\/truusk.store\/sv\/","name":"TRUUSK - Hem, Tr\u00e4dg\u00e5rd & Fritid","description":"","publisher":{"@id":"https:\/\/truusk.store\/sv\/#organization"},"potentialAction":[{"@type":"SearchAction","target":{"@type":"EntryPoint","urlTemplate":"https:\/\/truusk.store\/sv\/?s={search_term_string}"},"query-input":{"@type":"PropertyValueSpecification","valueRequired":true,"valueName":"search_term_string"}}],"inLanguage":"sv-SE"},{"@type":"Organization","@id":"https:\/\/truusk.store\/sv\/#organization","name":"TRUUSK - Hem, Tr\u00e4dg\u00e5rd & Fritid","url":"https:\/\/truusk.store\/sv\/","logo":{"@type":"ImageObject","inLanguage":"sv-SE","@id":"https:\/\/truusk.store\/sv\/#\/schema\/logo\/image\/","url":"https:\/\/i0.wp.com\/truusk.store\/wp-content\/uploads\/2026\/03\/cropped-TRUUSK.png?fit=2032%2C917&ssl=1","contentUrl":"https:\/\/i0.wp.com\/truusk.store\/wp-content\/uploads\/2026\/03\/cropped-TRUUSK.png?fit=2032%2C917&ssl=1","width":2032,"height":917,"caption":"TRUUSK - Hem, Tr\u00e4dg\u00e5rd & Fritid"},"image":{"@id":"https:\/\/truusk.store\/sv\/#\/schema\/logo\/image\/"}}]}},"jetpack_sharing_enabled":true,"_links":{"self":[{"href":"https:\/\/truusk.store\/sv\/wp-json\/wp\/v2\/product\/96111","targetHints":{"allow":["GET"]}}],"collection":[{"href":"https:\/\/truusk.store\/sv\/wp-json\/wp\/v2\/product"}],"about":[{"href":"https:\/\/truusk.store\/sv\/wp-json\/wp\/v2\/types\/product"}],"wp:featuredmedia":[{"embeddable":true,"href":"https:\/\/truusk.store\/sv\/wp-json\/wp\/v2\/media\/96101"}],"wp:attachment":[{"href":"https:\/\/truusk.store\/sv\/wp-json\/wp\/v2\/media?parent=96111"}],"wp:term":[{"taxonomy":"product_brand","embeddable":true,"href":"https:\/\/truusk.store\/sv\/wp-json\/wp\/v2\/product_brand?post=96111"},{"taxonomy":"product_cat","embeddable":true,"href":"https:\/\/truusk.store\/sv\/wp-json\/wp\/v2\/product_cat?post=96111"},{"taxonomy":"product_tag","embeddable":true,"href":"https:\/\/truusk.store\/sv\/wp-json\/wp\/v2\/product_tag?post=96111"}],"curies":[{"name":"wp","href":"https:\/\/api.w.org\/{rel}","templated":true}]}}