{"id":96173,"date":"2025-11-24T09:12:10","date_gmt":"2025-11-24T08:12:10","guid":{"rendered":"https:\/\/truusk.store\/product\/50w-arbetslampa-justerbar-3-lagen-aluminium-flexibelt-anvandbar-svart\/"},"modified":"2026-03-12T08:48:32","modified_gmt":"2026-03-12T07:48:32","slug":"truusk-50w-arbetslampa-justerbar-3-lagen-aluminium-flexibel-svart","status":"publish","type":"product","link":"https:\/\/truusk.store\/sv\/produkt\/truusk-50w-arbetslampa-justerbar-3-lagen-aluminium-flexibel-svart\/","title":{"rendered":"TRUUSK 50W Arbetslampa &#8211; Justerbar &#8211; 3 L\u00e4gen &#8211; Aluminium &#8211; Flexibel &#8211; Svart"},"content":{"rendered":"<p> Belys dina kv\u00e4llar med [BRAND NAME] arbetslampa! Str\u00e5la utm\u00e4rkt med 5500 lumen i tr\u00e4dg\u00e5rdar och garage. Den avancerade sensorstyrningen och en 300\u00b0 justerbar vinkel p\u00e5 str\u00e5lkastaren ger enkel, husdjursv\u00e4nlig belysning. V\u00e4lj mellan tre l\u00e4gen f\u00f6r varje tillf\u00e4lle, fr\u00e5n fester till uppfartss\u00e4kerhet. De b\u00e4rbara, v\u00e4derbest\u00e4ndiga bygglamporna garanterar best\u00e5ende ljusstyrka, oavsett v\u00e4der. <\/p>\n<p> Beskrivning:<\/p>\n<ul>\n<li> Brilliant 50W ljus lyser starkt och f\u00f6rb\u00e4ttrar synlighet och s\u00e4kerhet <\/li>\n<li> Avancerad ljus- och PIR-sensor med 300\u00b0 justerbar vinkel p\u00e5 arbetslampan m\u00f6jligg\u00f6r exakt, automatiserad belysning <\/li>\n<li> Tre l\u00e4gen anpassar bygglampan f\u00f6r evenemang eller f\u00f6r s\u00e4kerhet i uppfarten <\/li>\n<li> IP65 vattent\u00e4tt aluminiumh\u00f6lje p\u00e5 bygglampan garanterar tillf\u00f6rlitlig prestanda i alla v\u00e4der <\/li>\n<li> Set med tv\u00e5 arbetslampor ger bred, j\u00e4mn t\u00e4ckning <\/li>\n<li> Kan monteras p\u00e5 v\u00e4ggar eller placeras p\u00e5 golvet f\u00f6r att anpassa sig till alla rum <\/li>\n<\/ul>\n<p> Tekniska data:<\/p>\n<ul>\n<li> F\u00e4rg: Svart <\/li>\n<li> Material: Aluminium, Glas <\/li>\n<li> Totala dimensioner: 18,5L x 22B x 4H cm <\/li>\n<li> Effekt: 50 W <\/li>\n<li> Ljusfl\u00f6de: 5500 LM <\/li>\n<li> F\u00e4rgtemperatur: 6000 K <\/li>\n<li> F\u00e4rg\u00e5tergivningsindex: Ra70 <\/li>\n<li> PIR: G13-PIR <\/li>\n<li> Justerbar PIR-vinkel: 300\u00b0 <\/li>\n<li> Ljusk\u00e4nslighetstr\u00f6skel: 5-2000 Lux <\/li>\n<li> Detekteringsomr\u00e5de: 3-10 m\u00b12 m <\/li>\n<li> PIR f\u00f6rdr\u00f6jningstid: 7 sekunder &#8211; 7 minuter \u00b12 sekunder <\/li>\n<li> Ing\u00e5ngssp\u00e4nning\/-frekvens: 220-240 V, 50 Hz <\/li>\n<li> Energiklass: E <\/li>\n<li> IP-klassificering: IP65 <\/li>\n<li> Kabell\u00e4ngd: 15 cm <\/li>\n<\/ul>\n<p> Leveransinneh\u00e5ll:<\/p>\n<ul>\n<li> 2 x arbetslampa <\/li>\n<li> 2 x skruvset <\/li>\n<li> 1 x handbok <\/li>\n<\/ul>\n","protected":false},"excerpt":{"rendered":"<p>Belys dina kv\u00e4llar med [BRAND NAME] arbetslampa! Str\u00e5la utm\u00e4rkt med 5500 lumen i tr\u00e4dg\u00e5rdar och garage. Den avancerade sensorstyrningen och&#8230;<\/p>\n","protected":false},"featured_media":96158,"template":"","meta":[],"product_brand":[],"product_cat":[867,898],"product_tag":[],"class_list":{"0":"post-96173","1":"product","2":"type-product","3":"status-publish","4":"has-post-thumbnail","6":"product_cat-byggmarknad","7":"product_cat-gor-det-sjalv","9":"first","10":"instock","11":"sale","12":"taxable","13":"shipping-taxable","14":"purchasable","15":"product-type-simple"},"yoast_head":"<!-- This site is optimized with the Yoast SEO plugin v25.4 - https:\/\/yoast.com\/wordpress\/plugins\/seo\/ -->\n<title>TRUUSK 50W Arbetslampa - Justerbar - 3 L\u00e4gen - Aluminium - Flexibel - Svart - TRUUSK - Hem, Tr\u00e4dg\u00e5rd &amp; Fritid<\/title>\n<meta name=\"robots\" content=\"index, follow, max-snippet:-1, max-image-preview:large, max-video-preview:-1\" \/>\n<link rel=\"canonical\" href=\"https:\/\/truusk.store\/sv\/produkt\/truusk-50w-arbetslampa-justerbar-3-lagen-aluminium-flexibel-svart\/\" \/>\n<meta property=\"og:locale\" content=\"sv_SE\" \/>\n<meta property=\"og:type\" content=\"article\" \/>\n<meta property=\"og:title\" content=\"TRUUSK 50W Arbetslampa - Justerbar - 3 L\u00e4gen - Aluminium - Flexibel - Svart - TRUUSK - Hem, Tr\u00e4dg\u00e5rd &amp; Fritid\" \/>\n<meta property=\"og:description\" content=\"Belys dina kv\u00e4llar med [BRAND NAME] arbetslampa! Str\u00e5la utm\u00e4rkt med 5500 lumen i tr\u00e4dg\u00e5rdar och garage. Den avancerade sensorstyrningen och...\" \/>\n<meta property=\"og:url\" content=\"https:\/\/truusk.store\/sv\/produkt\/truusk-50w-arbetslampa-justerbar-3-lagen-aluminium-flexibel-svart\/\" \/>\n<meta property=\"og:site_name\" content=\"TRUUSK - Hem, Tr\u00e4dg\u00e5rd &amp; Fritid\" \/>\n<meta property=\"article:modified_time\" content=\"2026-03-12T07:48:32+00:00\" \/>\n<meta property=\"og:image\" content=\"https:\/\/i0.wp.com\/truusk.se\/wp-content\/uploads\/2025\/11\/50w-arbetslampa-justerbar-3-lagen-aluminium-flexibelt-anvandbar-svart-1.webp?fit=2000%2C2000&ssl=1\" \/>\n\t<meta property=\"og:image:width\" content=\"2000\" \/>\n\t<meta property=\"og:image:height\" content=\"2000\" \/>\n\t<meta property=\"og:image:type\" content=\"image\/webp\" \/>\n<meta name=\"twitter:card\" content=\"summary_large_image\" \/>\n<meta name=\"twitter:label1\" content=\"Ber\u00e4knad l\u00e4stid\" \/>\n\t<meta name=\"twitter:data1\" content=\"1 minut\" \/>\n<!-- \/ Yoast SEO plugin. -->","yoast_head_json":{"title":"TRUUSK 50W Arbetslampa - Justerbar - 3 L\u00e4gen - Aluminium - Flexibel - Svart - TRUUSK - Hem, Tr\u00e4dg\u00e5rd &amp; Fritid","robots":{"index":"index","follow":"follow","max-snippet":"max-snippet:-1","max-image-preview":"max-image-preview:large","max-video-preview":"max-video-preview:-1"},"canonical":"https:\/\/truusk.store\/sv\/produkt\/truusk-50w-arbetslampa-justerbar-3-lagen-aluminium-flexibel-svart\/","og_locale":"sv_SE","og_type":"article","og_title":"TRUUSK 50W Arbetslampa - Justerbar - 3 L\u00e4gen - Aluminium - Flexibel - Svart - TRUUSK - Hem, Tr\u00e4dg\u00e5rd &amp; Fritid","og_description":"Belys dina kv\u00e4llar med [BRAND NAME] arbetslampa! Str\u00e5la utm\u00e4rkt med 5500 lumen i tr\u00e4dg\u00e5rdar och garage. Den avancerade sensorstyrningen och...","og_url":"https:\/\/truusk.store\/sv\/produkt\/truusk-50w-arbetslampa-justerbar-3-lagen-aluminium-flexibel-svart\/","og_site_name":"TRUUSK - Hem, Tr\u00e4dg\u00e5rd &amp; Fritid","article_modified_time":"2026-03-12T07:48:32+00:00","og_image":[{"width":2000,"height":2000,"url":"https:\/\/i0.wp.com\/truusk.se\/wp-content\/uploads\/2025\/11\/50w-arbetslampa-justerbar-3-lagen-aluminium-flexibelt-anvandbar-svart-1.webp?fit=2000%2C2000&ssl=1","type":"image\/webp"}],"twitter_card":"summary_large_image","twitter_misc":{"Ber\u00e4knad l\u00e4stid":"1 minut"},"schema":{"@context":"https:\/\/schema.org","@graph":[{"@type":"WebPage","@id":"https:\/\/truusk.store\/sv\/produkt\/truusk-50w-arbetslampa-justerbar-3-lagen-aluminium-flexibel-svart\/","url":"https:\/\/truusk.store\/sv\/produkt\/truusk-50w-arbetslampa-justerbar-3-lagen-aluminium-flexibel-svart\/","name":"TRUUSK 50W Arbetslampa - Justerbar - 3 L\u00e4gen - Aluminium - Flexibel - Svart - TRUUSK - Hem, Tr\u00e4dg\u00e5rd &amp; Fritid","isPartOf":{"@id":"https:\/\/truusk.store\/sv\/#website"},"primaryImageOfPage":{"@id":"https:\/\/truusk.store\/sv\/produkt\/truusk-50w-arbetslampa-justerbar-3-lagen-aluminium-flexibel-svart\/#primaryimage"},"image":{"@id":"https:\/\/truusk.store\/sv\/produkt\/truusk-50w-arbetslampa-justerbar-3-lagen-aluminium-flexibel-svart\/#primaryimage"},"thumbnailUrl":"https:\/\/i0.wp.com\/truusk.store\/wp-content\/uploads\/2025\/11\/50w-arbetslampa-justerbar-3-lagen-aluminium-flexibelt-anvandbar-svart-1.webp?fit=2000%2C2000&ssl=1","datePublished":"2025-11-24T08:12:10+00:00","dateModified":"2026-03-12T07:48:32+00:00","breadcrumb":{"@id":"https:\/\/truusk.store\/sv\/produkt\/truusk-50w-arbetslampa-justerbar-3-lagen-aluminium-flexibel-svart\/#breadcrumb"},"inLanguage":"sv-SE","potentialAction":[{"@type":"ReadAction","target":["https:\/\/truusk.store\/sv\/produkt\/truusk-50w-arbetslampa-justerbar-3-lagen-aluminium-flexibel-svart\/"]}]},{"@type":"ImageObject","inLanguage":"sv-SE","@id":"https:\/\/truusk.store\/sv\/produkt\/truusk-50w-arbetslampa-justerbar-3-lagen-aluminium-flexibel-svart\/#primaryimage","url":"https:\/\/i0.wp.com\/truusk.store\/wp-content\/uploads\/2025\/11\/50w-arbetslampa-justerbar-3-lagen-aluminium-flexibelt-anvandbar-svart-1.webp?fit=2000%2C2000&ssl=1","contentUrl":"https:\/\/i0.wp.com\/truusk.store\/wp-content\/uploads\/2025\/11\/50w-arbetslampa-justerbar-3-lagen-aluminium-flexibelt-anvandbar-svart-1.webp?fit=2000%2C2000&ssl=1","width":2000,"height":2000},{"@type":"BreadcrumbList","@id":"https:\/\/truusk.store\/sv\/produkt\/truusk-50w-arbetslampa-justerbar-3-lagen-aluminium-flexibel-svart\/#breadcrumb","itemListElement":[{"@type":"ListItem","position":1,"name":"Home","item":"https:\/\/truusk.store\/sv\/"},{"@type":"ListItem","position":2,"name":"Shop","item":"https:\/\/truusk.store\/shop\/"},{"@type":"ListItem","position":3,"name":"TRUUSK 50W Arbetslampa &#8211; Justerbar &#8211; 3 L\u00e4gen &#8211; Aluminium &#8211; Flexibel &#8211; Svart"}]},{"@type":"WebSite","@id":"https:\/\/truusk.store\/sv\/#website","url":"https:\/\/truusk.store\/sv\/","name":"TRUUSK - Hem, Tr\u00e4dg\u00e5rd & Fritid","description":"","publisher":{"@id":"https:\/\/truusk.store\/sv\/#organization"},"potentialAction":[{"@type":"SearchAction","target":{"@type":"EntryPoint","urlTemplate":"https:\/\/truusk.store\/sv\/?s={search_term_string}"},"query-input":{"@type":"PropertyValueSpecification","valueRequired":true,"valueName":"search_term_string"}}],"inLanguage":"sv-SE"},{"@type":"Organization","@id":"https:\/\/truusk.store\/sv\/#organization","name":"TRUUSK - Hem, Tr\u00e4dg\u00e5rd & Fritid","url":"https:\/\/truusk.store\/sv\/","logo":{"@type":"ImageObject","inLanguage":"sv-SE","@id":"https:\/\/truusk.store\/sv\/#\/schema\/logo\/image\/","url":"https:\/\/i0.wp.com\/truusk.store\/wp-content\/uploads\/2026\/03\/cropped-TRUUSK.png?fit=2032%2C917&ssl=1","contentUrl":"https:\/\/i0.wp.com\/truusk.store\/wp-content\/uploads\/2026\/03\/cropped-TRUUSK.png?fit=2032%2C917&ssl=1","width":2032,"height":917,"caption":"TRUUSK - Hem, Tr\u00e4dg\u00e5rd & Fritid"},"image":{"@id":"https:\/\/truusk.store\/sv\/#\/schema\/logo\/image\/"}}]}},"jetpack_sharing_enabled":true,"_links":{"self":[{"href":"https:\/\/truusk.store\/sv\/wp-json\/wp\/v2\/product\/96173","targetHints":{"allow":["GET"]}}],"collection":[{"href":"https:\/\/truusk.store\/sv\/wp-json\/wp\/v2\/product"}],"about":[{"href":"https:\/\/truusk.store\/sv\/wp-json\/wp\/v2\/types\/product"}],"wp:featuredmedia":[{"embeddable":true,"href":"https:\/\/truusk.store\/sv\/wp-json\/wp\/v2\/media\/96158"}],"wp:attachment":[{"href":"https:\/\/truusk.store\/sv\/wp-json\/wp\/v2\/media?parent=96173"}],"wp:term":[{"taxonomy":"product_brand","embeddable":true,"href":"https:\/\/truusk.store\/sv\/wp-json\/wp\/v2\/product_brand?post=96173"},{"taxonomy":"product_cat","embeddable":true,"href":"https:\/\/truusk.store\/sv\/wp-json\/wp\/v2\/product_cat?post=96173"},{"taxonomy":"product_tag","embeddable":true,"href":"https:\/\/truusk.store\/sv\/wp-json\/wp\/v2\/product_tag?post=96173"}],"curies":[{"name":"wp","href":"https:\/\/api.w.org\/{rel}","templated":true}]}}