{"id":96181,"date":"2025-11-24T09:12:59","date_gmt":"2025-11-24T08:12:59","guid":{"rendered":"https:\/\/truusk.store\/product\/forvaringslada-med-utrymme-leksakslada-med-lock-sakerhetshangsel-sott-djurdesign-60-x-37-x-39-cm-rosa\/"},"modified":"2026-03-12T08:48:33","modified_gmt":"2026-03-12T07:48:33","slug":"truusk-forvaringslada-med-lock-sakerhetshangsel-sott-djurdesign-60-x-37-x-39-cm-rosa","status":"publish","type":"product","link":"https:\/\/truusk.store\/sv\/produkt\/truusk-forvaringslada-med-lock-sakerhetshangsel-sott-djurdesign-60-x-37-x-39-cm-rosa\/","title":{"rendered":"TRUUSK F\u00f6rvaringsl\u00e5da med Lock &#8211; S\u00e4kerhetsh\u00e4ngsel &#8211; S\u00f6tt Djurdesign &#8211; 60 x 37 x 39 cm &#8211; Rosa"},"content":{"rendered":"<p>Denna bed\u00e5rande leksaksl\u00e5da med lock fr\u00e5n [BRAND NAME] erbjuder gott om plats f\u00f6r leksaker, kuddar och b\u00f6cker och h\u00e5ller barnrummet underbart st\u00e4dat. Det glada djurmotivet berikar varje rum. S\u00e4kerhetssp\u00e4rren p\u00e5 locket f\u00f6rhindrar att det sm\u00e4ller igen och skyddar sm\u00e5 barnfingrar. Tack vare den robusta konstruktionen kommer den att berika ditt barns liv i m\u00e5nga \u00e5r. Leksaksl\u00e5dan \u00e4r inte bara en blickf\u00e5ngare, utan ocks\u00e5 en stor hj\u00e4lp f\u00f6r mer renlighet och ordning.<\/p>\n<p>Beskrivning:<\/p>\n<ul>\n<li> Gott om f\u00f6rvaringsutrymme f\u00f6r leksaker, kuddar, b\u00f6cker och mycket mer<\/li>\n<li> Det maximala \u00f6ppningsvinkeln p\u00e5 locket \u00e4r 70 grader och kan l\u00e5sas i vilken vinkel som helst<\/li>\n<li> S\u00e4kerhetssp\u00e4rren p\u00e5 leksaksf\u00f6rvaringen f\u00f6rhindrar oavsiktligt sm\u00e4llande och skyddar ditt barns fingrar<\/li>\n<li> Avrundade h\u00f6rn och sl\u00e4t yta f\u00f6r extra s\u00e4kerhet<\/li>\n<li> S\u00f6tt djur- och naturdesign p\u00e5 barnens f\u00f6rvaringsl\u00e5da f\u00f6r en livlig touch<\/li>\n<li> Idealisk f\u00f6r barnrum, lekrum, f\u00f6rskolor och mer<\/li>\n<li> Montering kr\u00e4vs<\/li>\n<\/ul>\n<p> Tekniska data:<\/p>\n<ul>\n<li> F\u00e4rg: Rosa<\/li>\n<li> Material: MDF<\/li>\n<li> Totala dimensioner: 60L x 37B x 39H cm<\/li>\n<li> Inre dimensioner: 57L x 31B x 28H cm<\/li>\n<li> Rekommenderad \u00e5lder: 3-8 \u00e5r<\/li>\n<li> B\u00e4rkapacitet: 20 kg<\/li>\n<\/ul>\n<p>Leveransinneh\u00e5ll:<\/p>\n<ul>\n<li> 1 x F\u00f6rvaringskista f\u00f6r barn<\/li>\n<li> 1 x Instruktioner<\/li>\n<\/ul>\n","protected":false},"excerpt":{"rendered":"<p>Denna bed\u00e5rande leksaksl\u00e5da med lock fr\u00e5n [BRAND NAME] erbjuder gott om plats f\u00f6r leksaker, kuddar och b\u00f6cker och h\u00e5ller barnrummet&#8230;<\/p>\n","protected":false},"featured_media":96168,"template":"","meta":[],"product_brand":[],"product_cat":[880,631,909],"product_tag":[],"class_list":{"0":"post-96181","1":"product","2":"type-product","3":"status-publish","4":"has-post-thumbnail","6":"product_cat-baby-barn-2","7":"product_cat-barnmobler","8":"product_cat-forvaring-av-leksaker","10":"first","11":"instock","12":"sale","13":"taxable","14":"shipping-taxable","15":"purchasable","16":"product-type-simple"},"yoast_head":"<!-- This site is optimized with the Yoast SEO plugin v25.4 - https:\/\/yoast.com\/wordpress\/plugins\/seo\/ -->\n<title>TRUUSK F\u00f6rvaringsl\u00e5da med Lock - S\u00e4kerhetsh\u00e4ngsel - S\u00f6tt Djurdesign - 60 x 37 x 39 cm - Rosa - TRUUSK - Hem, Tr\u00e4dg\u00e5rd &amp; Fritid<\/title>\n<meta name=\"robots\" content=\"index, follow, max-snippet:-1, max-image-preview:large, max-video-preview:-1\" \/>\n<link rel=\"canonical\" href=\"https:\/\/truusk.store\/sv\/produkt\/truusk-forvaringslada-med-lock-sakerhetshangsel-sott-djurdesign-60-x-37-x-39-cm-rosa\/\" \/>\n<meta property=\"og:locale\" content=\"sv_SE\" \/>\n<meta property=\"og:type\" content=\"article\" \/>\n<meta property=\"og:title\" content=\"TRUUSK F\u00f6rvaringsl\u00e5da med Lock - S\u00e4kerhetsh\u00e4ngsel - S\u00f6tt Djurdesign - 60 x 37 x 39 cm - Rosa - TRUUSK - Hem, Tr\u00e4dg\u00e5rd &amp; Fritid\" \/>\n<meta property=\"og:description\" content=\"Denna bed\u00e5rande leksaksl\u00e5da med lock fr\u00e5n [BRAND NAME] erbjuder gott om plats f\u00f6r leksaker, kuddar och b\u00f6cker och h\u00e5ller barnrummet...\" \/>\n<meta property=\"og:url\" content=\"https:\/\/truusk.store\/sv\/produkt\/truusk-forvaringslada-med-lock-sakerhetshangsel-sott-djurdesign-60-x-37-x-39-cm-rosa\/\" \/>\n<meta property=\"og:site_name\" content=\"TRUUSK - Hem, Tr\u00e4dg\u00e5rd &amp; Fritid\" \/>\n<meta property=\"article:modified_time\" content=\"2026-03-12T07:48:33+00:00\" \/>\n<meta property=\"og:image\" content=\"https:\/\/i0.wp.com\/truusk.se\/wp-content\/uploads\/2025\/11\/forvaringslada-med-utrymme-leksakslada-med-lock-sakerhetshangsel-sott-djurdesign-60-x-37-x-39-cm-rosa-1.webp?fit=2000%2C2000&ssl=1\" \/>\n\t<meta property=\"og:image:width\" content=\"2000\" \/>\n\t<meta property=\"og:image:height\" content=\"2000\" \/>\n\t<meta property=\"og:image:type\" content=\"image\/webp\" \/>\n<meta name=\"twitter:card\" content=\"summary_large_image\" \/>\n<meta name=\"twitter:label1\" content=\"Ber\u00e4knad l\u00e4stid\" \/>\n\t<meta name=\"twitter:data1\" content=\"1 minut\" \/>\n<!-- \/ Yoast SEO plugin. -->","yoast_head_json":{"title":"TRUUSK F\u00f6rvaringsl\u00e5da med Lock - S\u00e4kerhetsh\u00e4ngsel - S\u00f6tt Djurdesign - 60 x 37 x 39 cm - Rosa - TRUUSK - Hem, Tr\u00e4dg\u00e5rd &amp; Fritid","robots":{"index":"index","follow":"follow","max-snippet":"max-snippet:-1","max-image-preview":"max-image-preview:large","max-video-preview":"max-video-preview:-1"},"canonical":"https:\/\/truusk.store\/sv\/produkt\/truusk-forvaringslada-med-lock-sakerhetshangsel-sott-djurdesign-60-x-37-x-39-cm-rosa\/","og_locale":"sv_SE","og_type":"article","og_title":"TRUUSK F\u00f6rvaringsl\u00e5da med Lock - S\u00e4kerhetsh\u00e4ngsel - S\u00f6tt Djurdesign - 60 x 37 x 39 cm - Rosa - TRUUSK - Hem, Tr\u00e4dg\u00e5rd &amp; Fritid","og_description":"Denna bed\u00e5rande leksaksl\u00e5da med lock fr\u00e5n [BRAND NAME] erbjuder gott om plats f\u00f6r leksaker, kuddar och b\u00f6cker och h\u00e5ller barnrummet...","og_url":"https:\/\/truusk.store\/sv\/produkt\/truusk-forvaringslada-med-lock-sakerhetshangsel-sott-djurdesign-60-x-37-x-39-cm-rosa\/","og_site_name":"TRUUSK - Hem, Tr\u00e4dg\u00e5rd &amp; Fritid","article_modified_time":"2026-03-12T07:48:33+00:00","og_image":[{"width":2000,"height":2000,"url":"https:\/\/i0.wp.com\/truusk.se\/wp-content\/uploads\/2025\/11\/forvaringslada-med-utrymme-leksakslada-med-lock-sakerhetshangsel-sott-djurdesign-60-x-37-x-39-cm-rosa-1.webp?fit=2000%2C2000&ssl=1","type":"image\/webp"}],"twitter_card":"summary_large_image","twitter_misc":{"Ber\u00e4knad l\u00e4stid":"1 minut"},"schema":{"@context":"https:\/\/schema.org","@graph":[{"@type":"WebPage","@id":"https:\/\/truusk.store\/sv\/produkt\/truusk-forvaringslada-med-lock-sakerhetshangsel-sott-djurdesign-60-x-37-x-39-cm-rosa\/","url":"https:\/\/truusk.store\/sv\/produkt\/truusk-forvaringslada-med-lock-sakerhetshangsel-sott-djurdesign-60-x-37-x-39-cm-rosa\/","name":"TRUUSK F\u00f6rvaringsl\u00e5da med Lock - S\u00e4kerhetsh\u00e4ngsel - S\u00f6tt Djurdesign - 60 x 37 x 39 cm - Rosa - TRUUSK - Hem, Tr\u00e4dg\u00e5rd &amp; Fritid","isPartOf":{"@id":"https:\/\/truusk.store\/sv\/#website"},"primaryImageOfPage":{"@id":"https:\/\/truusk.store\/sv\/produkt\/truusk-forvaringslada-med-lock-sakerhetshangsel-sott-djurdesign-60-x-37-x-39-cm-rosa\/#primaryimage"},"image":{"@id":"https:\/\/truusk.store\/sv\/produkt\/truusk-forvaringslada-med-lock-sakerhetshangsel-sott-djurdesign-60-x-37-x-39-cm-rosa\/#primaryimage"},"thumbnailUrl":"https:\/\/i0.wp.com\/truusk.store\/wp-content\/uploads\/2025\/11\/forvaringslada-med-utrymme-leksakslada-med-lock-sakerhetshangsel-sott-djurdesign-60-x-37-x-39-cm-rosa-1.webp?fit=2000%2C2000&ssl=1","datePublished":"2025-11-24T08:12:59+00:00","dateModified":"2026-03-12T07:48:33+00:00","breadcrumb":{"@id":"https:\/\/truusk.store\/sv\/produkt\/truusk-forvaringslada-med-lock-sakerhetshangsel-sott-djurdesign-60-x-37-x-39-cm-rosa\/#breadcrumb"},"inLanguage":"sv-SE","potentialAction":[{"@type":"ReadAction","target":["https:\/\/truusk.store\/sv\/produkt\/truusk-forvaringslada-med-lock-sakerhetshangsel-sott-djurdesign-60-x-37-x-39-cm-rosa\/"]}]},{"@type":"ImageObject","inLanguage":"sv-SE","@id":"https:\/\/truusk.store\/sv\/produkt\/truusk-forvaringslada-med-lock-sakerhetshangsel-sott-djurdesign-60-x-37-x-39-cm-rosa\/#primaryimage","url":"https:\/\/i0.wp.com\/truusk.store\/wp-content\/uploads\/2025\/11\/forvaringslada-med-utrymme-leksakslada-med-lock-sakerhetshangsel-sott-djurdesign-60-x-37-x-39-cm-rosa-1.webp?fit=2000%2C2000&ssl=1","contentUrl":"https:\/\/i0.wp.com\/truusk.store\/wp-content\/uploads\/2025\/11\/forvaringslada-med-utrymme-leksakslada-med-lock-sakerhetshangsel-sott-djurdesign-60-x-37-x-39-cm-rosa-1.webp?fit=2000%2C2000&ssl=1","width":2000,"height":2000},{"@type":"BreadcrumbList","@id":"https:\/\/truusk.store\/sv\/produkt\/truusk-forvaringslada-med-lock-sakerhetshangsel-sott-djurdesign-60-x-37-x-39-cm-rosa\/#breadcrumb","itemListElement":[{"@type":"ListItem","position":1,"name":"Home","item":"https:\/\/truusk.store\/sv\/"},{"@type":"ListItem","position":2,"name":"Shop","item":"https:\/\/truusk.store\/shop\/"},{"@type":"ListItem","position":3,"name":"TRUUSK F\u00f6rvaringsl\u00e5da med Lock &#8211; S\u00e4kerhetsh\u00e4ngsel &#8211; S\u00f6tt Djurdesign &#8211; 60 x 37 x 39 cm &#8211; Rosa"}]},{"@type":"WebSite","@id":"https:\/\/truusk.store\/sv\/#website","url":"https:\/\/truusk.store\/sv\/","name":"TRUUSK - Hem, Tr\u00e4dg\u00e5rd & Fritid","description":"","publisher":{"@id":"https:\/\/truusk.store\/sv\/#organization"},"potentialAction":[{"@type":"SearchAction","target":{"@type":"EntryPoint","urlTemplate":"https:\/\/truusk.store\/sv\/?s={search_term_string}"},"query-input":{"@type":"PropertyValueSpecification","valueRequired":true,"valueName":"search_term_string"}}],"inLanguage":"sv-SE"},{"@type":"Organization","@id":"https:\/\/truusk.store\/sv\/#organization","name":"TRUUSK - Hem, Tr\u00e4dg\u00e5rd & Fritid","url":"https:\/\/truusk.store\/sv\/","logo":{"@type":"ImageObject","inLanguage":"sv-SE","@id":"https:\/\/truusk.store\/sv\/#\/schema\/logo\/image\/","url":"https:\/\/i0.wp.com\/truusk.store\/wp-content\/uploads\/2026\/03\/cropped-TRUUSK.png?fit=2032%2C917&ssl=1","contentUrl":"https:\/\/i0.wp.com\/truusk.store\/wp-content\/uploads\/2026\/03\/cropped-TRUUSK.png?fit=2032%2C917&ssl=1","width":2032,"height":917,"caption":"TRUUSK - Hem, Tr\u00e4dg\u00e5rd & Fritid"},"image":{"@id":"https:\/\/truusk.store\/sv\/#\/schema\/logo\/image\/"}}]}},"jetpack_sharing_enabled":true,"_links":{"self":[{"href":"https:\/\/truusk.store\/sv\/wp-json\/wp\/v2\/product\/96181","targetHints":{"allow":["GET"]}}],"collection":[{"href":"https:\/\/truusk.store\/sv\/wp-json\/wp\/v2\/product"}],"about":[{"href":"https:\/\/truusk.store\/sv\/wp-json\/wp\/v2\/types\/product"}],"wp:featuredmedia":[{"embeddable":true,"href":"https:\/\/truusk.store\/sv\/wp-json\/wp\/v2\/media\/96168"}],"wp:attachment":[{"href":"https:\/\/truusk.store\/sv\/wp-json\/wp\/v2\/media?parent=96181"}],"wp:term":[{"taxonomy":"product_brand","embeddable":true,"href":"https:\/\/truusk.store\/sv\/wp-json\/wp\/v2\/product_brand?post=96181"},{"taxonomy":"product_cat","embeddable":true,"href":"https:\/\/truusk.store\/sv\/wp-json\/wp\/v2\/product_cat?post=96181"},{"taxonomy":"product_tag","embeddable":true,"href":"https:\/\/truusk.store\/sv\/wp-json\/wp\/v2\/product_tag?post=96181"}],"curies":[{"name":"wp","href":"https:\/\/api.w.org\/{rel}","templated":true}]}}