{"id":96191,"date":"2025-11-24T09:14:04","date_gmt":"2025-11-24T08:14:04","guid":{"rendered":"https:\/\/truusk.store\/product\/led-golvlampa-ogonvanligt-ljus-golv-lampa-med-fjarrkontroll-justerbar-ljusstyrka-plast-metall-vit\/"},"modified":"2026-03-12T08:48:36","modified_gmt":"2026-03-12T07:48:36","slug":"truusk-led-golvlampa-ogonvanligt-ljus-fjarrkontroll-justerbar-ljusstyrka-plast-metall-vit","status":"publish","type":"product","link":"https:\/\/truusk.store\/sv\/produkt\/truusk-led-golvlampa-ogonvanligt-ljus-fjarrkontroll-justerbar-ljusstyrka-plast-metall-vit\/","title":{"rendered":"TRUUSK LED-golvlampa &#8211; \u00d6gonv\u00e4nligt Ljus &#8211; Fj\u00e4rrkontroll &#8211; Justerbar Ljusstyrka &#8211; Plast &#8211; Metall &#8211; Vit"},"content":{"rendered":"<p>Lider du av bl\u00e4ndande, oj\u00e4mnt ljus som anstr\u00e4nger \u00f6gonen n\u00e4r du arbetar eller l\u00e4ser p\u00e5 natten? [BRAND NAME] golvlampa erbjuder ett brett, skuggfritt och mjukt ljus som lyser upp hela arbetsomr\u00e5det. Den dimbara golvlampan st\u00e5r h\u00f6gt med ett brett ljushuvud, perfekt f\u00f6r studier, kreativt arbete eller mysiga kv\u00e4llar. Tack vare fj\u00e4rrkontrollen kan du enkelt v\u00e4xla fr\u00e5n kallt, klart ljus till varmt, inbjudande sken fr\u00e5n LED-golvlampan.<\/p>\n<p>Beskrivning:<\/p>\n<ul>\n<li> Justera enkelt ljusstyrkan och f\u00e4rgtemperaturen med den medf\u00f6ljande fj\u00e4rrkontrollen<\/li>\n<li> Professionellt \u00f6gonv\u00e4nligt ljus fr\u00e5n golvlampan med Ra&gt;96 och RG0 minskar \u00f6gonbelastningen<\/li>\n<li> Ett 60 cm brett huvud p\u00e5 den dimbara golvlampan ger brett, j\u00e4mnt ljus \u00f6ver din arbetsplats<\/li>\n<li> Den unika U-formade basdesignen p\u00e5 LED-golvlampan passar n\u00e4ra m\u00f6bler f\u00f6r att spara utrymme<\/li>\n<li> Golvlampan har smarta l\u00e4gen som nattljus och en 1-minuters timer f\u00f6r avst\u00e4ngning<\/li>\n<li> Enkel montering p\u00e5 mindre \u00e4n 30 minuter, inga verktyg kr\u00e4vs<\/li>\n<\/ul>\n<p> Tekniska specifikationer:<\/p>\n<ul>\n<li> F\u00e4rg: Vit<\/li>\n<li> Material: Metall, plast<\/li>\n<li> Totala dimensioner: 60L x 32B x 196H cm<\/li>\n<li> Storlek p\u00e5 lampans huvud: 60L x 32B x 4H cm<\/li>\n<li> Basstorlek: 45L x 35B x 0,6H cm<\/li>\n<li> Effekt: 40 W MAX<\/li>\n<li> Ljusfl\u00f6de: 1560 lm<\/li>\n<li> F\u00e4rg\u00e5tergivningsindex (CRI): Ra&gt;96<\/li>\n<li> Bl\u00e5ljuss\u00e4kerhet: RG0<\/li>\n<li> Blendv\u00e4rdering: UGR<br \/>\n","protected":false},"excerpt":{"rendered":"<p>Lider du av bl\u00e4ndande, oj\u00e4mnt ljus som anstr\u00e4nger \u00f6gonen n\u00e4r du arbetar eller l\u00e4ser p\u00e5 natten? [BRAND NAME] golvlampa erbjuder&#8230;<\/p>\n","protected":false},"featured_media":96180,"template":"","meta":[],"product_brand":[],"product_cat":[486,907,871],"product_tag":[],"class_list":{"0":"post-96191","1":"product","2":"type-product","3":"status-publish","4":"has-post-thumbnail","6":"product_cat-belysning","7":"product_cat-golvlampor","8":"product_cat-hus-hem","10":"first","11":"instock","12":"sale","13":"taxable","14":"shipping-taxable","15":"purchasable","16":"product-type-simple"},"yoast_head":"<!-- This site is optimized with the Yoast SEO plugin v25.4 - https:\/\/yoast.com\/wordpress\/plugins\/seo\/ -->\n<title>TRUUSK LED-golvlampa - \u00d6gonv\u00e4nligt Ljus - Fj\u00e4rrkontroll - Justerbar Ljusstyrka - Plast - Metall - Vit - TRUUSK - Hem, Tr\u00e4dg\u00e5rd &amp; Fritid<\/title>\n<meta name=\"robots\" content=\"index, follow, max-snippet:-1, max-image-preview:large, max-video-preview:-1\" \/>\n<link rel=\"canonical\" href=\"https:\/\/truusk.store\/sv\/produkt\/truusk-led-golvlampa-ogonvanligt-ljus-fjarrkontroll-justerbar-ljusstyrka-plast-metall-vit\/\" \/>\n<meta property=\"og:locale\" content=\"sv_SE\" \/>\n<meta property=\"og:type\" content=\"article\" \/>\n<meta property=\"og:title\" content=\"TRUUSK LED-golvlampa - \u00d6gonv\u00e4nligt Ljus - Fj\u00e4rrkontroll - Justerbar Ljusstyrka - Plast - Metall - Vit - TRUUSK - Hem, Tr\u00e4dg\u00e5rd &amp; Fritid\" \/>\n<meta property=\"og:description\" content=\"Lider du av bl\u00e4ndande, oj\u00e4mnt ljus som anstr\u00e4nger \u00f6gonen n\u00e4r du arbetar eller l\u00e4ser p\u00e5 natten? [BRAND NAME] golvlampa erbjuder...\" \/>\n<meta property=\"og:url\" content=\"https:\/\/truusk.store\/sv\/produkt\/truusk-led-golvlampa-ogonvanligt-ljus-fjarrkontroll-justerbar-ljusstyrka-plast-metall-vit\/\" \/>\n<meta property=\"og:site_name\" content=\"TRUUSK - Hem, Tr\u00e4dg\u00e5rd &amp; Fritid\" \/>\n<meta property=\"article:modified_time\" content=\"2026-03-12T07:48:36+00:00\" \/>\n<meta property=\"og:image\" content=\"https:\/\/i0.wp.com\/truusk.se\/wp-content\/uploads\/2025\/11\/led-golvlampa-ogonvanligt-ljus-golv-lampa-med-fjarrkontroll-justerbar-ljusstyrka-plast-metall-vit-1.webp?fit=2000%2C2000&ssl=1\" \/>\n\t<meta property=\"og:image:width\" content=\"2000\" \/>\n\t<meta property=\"og:image:height\" content=\"2000\" \/>\n\t<meta property=\"og:image:type\" content=\"image\/webp\" \/>\n<meta name=\"twitter:card\" content=\"summary_large_image\" \/>\n<meta name=\"twitter:label1\" content=\"Ber\u00e4knad l\u00e4stid\" \/>\n\t<meta name=\"twitter:data1\" content=\"1 minut\" \/>\n<!-- \/ Yoast SEO plugin. -->","yoast_head_json":{"title":"TRUUSK LED-golvlampa - \u00d6gonv\u00e4nligt Ljus - Fj\u00e4rrkontroll - Justerbar Ljusstyrka - Plast - Metall - Vit - TRUUSK - Hem, Tr\u00e4dg\u00e5rd &amp; Fritid","robots":{"index":"index","follow":"follow","max-snippet":"max-snippet:-1","max-image-preview":"max-image-preview:large","max-video-preview":"max-video-preview:-1"},"canonical":"https:\/\/truusk.store\/sv\/produkt\/truusk-led-golvlampa-ogonvanligt-ljus-fjarrkontroll-justerbar-ljusstyrka-plast-metall-vit\/","og_locale":"sv_SE","og_type":"article","og_title":"TRUUSK LED-golvlampa - \u00d6gonv\u00e4nligt Ljus - Fj\u00e4rrkontroll - Justerbar Ljusstyrka - Plast - Metall - Vit - TRUUSK - Hem, Tr\u00e4dg\u00e5rd &amp; Fritid","og_description":"Lider du av bl\u00e4ndande, oj\u00e4mnt ljus som anstr\u00e4nger \u00f6gonen n\u00e4r du arbetar eller l\u00e4ser p\u00e5 natten? [BRAND NAME] golvlampa erbjuder...","og_url":"https:\/\/truusk.store\/sv\/produkt\/truusk-led-golvlampa-ogonvanligt-ljus-fjarrkontroll-justerbar-ljusstyrka-plast-metall-vit\/","og_site_name":"TRUUSK - Hem, Tr\u00e4dg\u00e5rd &amp; Fritid","article_modified_time":"2026-03-12T07:48:36+00:00","og_image":[{"width":2000,"height":2000,"url":"https:\/\/i0.wp.com\/truusk.se\/wp-content\/uploads\/2025\/11\/led-golvlampa-ogonvanligt-ljus-golv-lampa-med-fjarrkontroll-justerbar-ljusstyrka-plast-metall-vit-1.webp?fit=2000%2C2000&ssl=1","type":"image\/webp"}],"twitter_card":"summary_large_image","twitter_misc":{"Ber\u00e4knad l\u00e4stid":"1 minut"},"schema":{"@context":"https:\/\/schema.org","@graph":[{"@type":"WebPage","@id":"https:\/\/truusk.store\/sv\/produkt\/truusk-led-golvlampa-ogonvanligt-ljus-fjarrkontroll-justerbar-ljusstyrka-plast-metall-vit\/","url":"https:\/\/truusk.store\/sv\/produkt\/truusk-led-golvlampa-ogonvanligt-ljus-fjarrkontroll-justerbar-ljusstyrka-plast-metall-vit\/","name":"TRUUSK LED-golvlampa - \u00d6gonv\u00e4nligt Ljus - Fj\u00e4rrkontroll - Justerbar Ljusstyrka - Plast - Metall - Vit - TRUUSK - Hem, Tr\u00e4dg\u00e5rd &amp; Fritid","isPartOf":{"@id":"https:\/\/truusk.store\/sv\/#website"},"primaryImageOfPage":{"@id":"https:\/\/truusk.store\/sv\/produkt\/truusk-led-golvlampa-ogonvanligt-ljus-fjarrkontroll-justerbar-ljusstyrka-plast-metall-vit\/#primaryimage"},"image":{"@id":"https:\/\/truusk.store\/sv\/produkt\/truusk-led-golvlampa-ogonvanligt-ljus-fjarrkontroll-justerbar-ljusstyrka-plast-metall-vit\/#primaryimage"},"thumbnailUrl":"https:\/\/i0.wp.com\/truusk.store\/wp-content\/uploads\/2025\/11\/led-golvlampa-ogonvanligt-ljus-golv-lampa-med-fjarrkontroll-justerbar-ljusstyrka-plast-metall-vit-1.webp?fit=2000%2C2000&ssl=1","datePublished":"2025-11-24T08:14:04+00:00","dateModified":"2026-03-12T07:48:36+00:00","breadcrumb":{"@id":"https:\/\/truusk.store\/sv\/produkt\/truusk-led-golvlampa-ogonvanligt-ljus-fjarrkontroll-justerbar-ljusstyrka-plast-metall-vit\/#breadcrumb"},"inLanguage":"sv-SE","potentialAction":[{"@type":"ReadAction","target":["https:\/\/truusk.store\/sv\/produkt\/truusk-led-golvlampa-ogonvanligt-ljus-fjarrkontroll-justerbar-ljusstyrka-plast-metall-vit\/"]}]},{"@type":"ImageObject","inLanguage":"sv-SE","@id":"https:\/\/truusk.store\/sv\/produkt\/truusk-led-golvlampa-ogonvanligt-ljus-fjarrkontroll-justerbar-ljusstyrka-plast-metall-vit\/#primaryimage","url":"https:\/\/i0.wp.com\/truusk.store\/wp-content\/uploads\/2025\/11\/led-golvlampa-ogonvanligt-ljus-golv-lampa-med-fjarrkontroll-justerbar-ljusstyrka-plast-metall-vit-1.webp?fit=2000%2C2000&ssl=1","contentUrl":"https:\/\/i0.wp.com\/truusk.store\/wp-content\/uploads\/2025\/11\/led-golvlampa-ogonvanligt-ljus-golv-lampa-med-fjarrkontroll-justerbar-ljusstyrka-plast-metall-vit-1.webp?fit=2000%2C2000&ssl=1","width":2000,"height":2000},{"@type":"BreadcrumbList","@id":"https:\/\/truusk.store\/sv\/produkt\/truusk-led-golvlampa-ogonvanligt-ljus-fjarrkontroll-justerbar-ljusstyrka-plast-metall-vit\/#breadcrumb","itemListElement":[{"@type":"ListItem","position":1,"name":"Home","item":"https:\/\/truusk.store\/sv\/"},{"@type":"ListItem","position":2,"name":"Shop","item":"https:\/\/truusk.store\/shop\/"},{"@type":"ListItem","position":3,"name":"TRUUSK LED-golvlampa &#8211; \u00d6gonv\u00e4nligt Ljus &#8211; Fj\u00e4rrkontroll &#8211; Justerbar Ljusstyrka &#8211; Plast &#8211; Metall &#8211; Vit"}]},{"@type":"WebSite","@id":"https:\/\/truusk.store\/sv\/#website","url":"https:\/\/truusk.store\/sv\/","name":"TRUUSK - Hem, Tr\u00e4dg\u00e5rd & Fritid","description":"","publisher":{"@id":"https:\/\/truusk.store\/sv\/#organization"},"potentialAction":[{"@type":"SearchAction","target":{"@type":"EntryPoint","urlTemplate":"https:\/\/truusk.store\/sv\/?s={search_term_string}"},"query-input":{"@type":"PropertyValueSpecification","valueRequired":true,"valueName":"search_term_string"}}],"inLanguage":"sv-SE"},{"@type":"Organization","@id":"https:\/\/truusk.store\/sv\/#organization","name":"TRUUSK - Hem, Tr\u00e4dg\u00e5rd & Fritid","url":"https:\/\/truusk.store\/sv\/","logo":{"@type":"ImageObject","inLanguage":"sv-SE","@id":"https:\/\/truusk.store\/sv\/#\/schema\/logo\/image\/","url":"https:\/\/i0.wp.com\/truusk.store\/wp-content\/uploads\/2026\/03\/cropped-TRUUSK.png?fit=2032%2C917&ssl=1","contentUrl":"https:\/\/i0.wp.com\/truusk.store\/wp-content\/uploads\/2026\/03\/cropped-TRUUSK.png?fit=2032%2C917&ssl=1","width":2032,"height":917,"caption":"TRUUSK - Hem, Tr\u00e4dg\u00e5rd & Fritid"},"image":{"@id":"https:\/\/truusk.store\/sv\/#\/schema\/logo\/image\/"}}]}},"jetpack_sharing_enabled":true,"_links":{"self":[{"href":"https:\/\/truusk.store\/sv\/wp-json\/wp\/v2\/product\/96191","targetHints":{"allow":["GET"]}}],"collection":[{"href":"https:\/\/truusk.store\/sv\/wp-json\/wp\/v2\/product"}],"about":[{"href":"https:\/\/truusk.store\/sv\/wp-json\/wp\/v2\/types\/product"}],"wp:featuredmedia":[{"embeddable":true,"href":"https:\/\/truusk.store\/sv\/wp-json\/wp\/v2\/media\/96180"}],"wp:attachment":[{"href":"https:\/\/truusk.store\/sv\/wp-json\/wp\/v2\/media?parent=96191"}],"wp:term":[{"taxonomy":"product_brand","embeddable":true,"href":"https:\/\/truusk.store\/sv\/wp-json\/wp\/v2\/product_brand?post=96191"},{"taxonomy":"product_cat","embeddable":true,"href":"https:\/\/truusk.store\/sv\/wp-json\/wp\/v2\/product_cat?post=96191"},{"taxonomy":"product_tag","embeddable":true,"href":"https:\/\/truusk.store\/sv\/wp-json\/wp\/v2\/product_tag?post=96191"}],"curies":[{"name":"wp","href":"https:\/\/api.w.org\/{rel}","templated":true}]}}