{"id":96230,"date":"2025-11-24T09:17:52","date_gmt":"2025-11-24T08:17:52","guid":{"rendered":"https:\/\/truusk.store\/product\/traningsbank-hantelbank-fitnessbank-stalram-svart\/"},"modified":"2026-03-12T08:48:42","modified_gmt":"2026-03-12T07:48:42","slug":"truusk-traningsbank-hantelbank-med-stalram-svart-for-fitness-justerbar-stabil-enkel-att-montera","status":"publish","type":"product","link":"https:\/\/truusk.store\/sv\/produkt\/truusk-traningsbank-hantelbank-med-stalram-svart-for-fitness-justerbar-stabil-enkel-att-montera\/","title":{"rendered":"TRUUSK Tr\u00e4ningsb\u00e4nk &#8211; Hantelb\u00e4nk med St\u00e5lram &#8211; Svart &#8211; F\u00f6r Fitness &#8211; Justerbar &#8211; Stabil &#8211; Enkel att Montera"},"content":{"rendered":"<p>Sv\u00e5rt att hitta r\u00e4tt utrustning f\u00f6r helkroppstr\u00e4ning? [BRAND NAME] Romerska stolen revolutionerar din tr\u00e4ning genom att enkelt omvandlas till en hopf\u00e4llbar hantelb\u00e4nk f\u00f6r m\u00e5ngsidig styrketr\u00e4ning. Hantelb\u00e4nkens stabila st\u00e5lram st\u00f6der upp till 150 kg och ger den n\u00f6dv\u00e4ndiga stabiliteten f\u00f6r att effektivt tr\u00e4na k\u00e4rna, rygg och rumpa. Bygg upp ett effektivt tr\u00e4ningsprogram hemma med en flexibel och s\u00e4ker grund.<\/p>\n<p> Beskrivning:<\/p>\n<ul>\n<li> Fungerar som en omfattande b\u00e4nk f\u00f6r m\u00e5ngsidiga helkroppsk\u00e4rn\u00f6vningar<\/li>\n<li> Har 10 h\u00f6jd- och flera vinkeljusteringar f\u00f6r en personlig tr\u00e4ningsupplevelse<\/li>\n<li> Ramen av tjockt st\u00e5l b\u00e4r 150 kg, vilket garanterar stabilitet och s\u00e4kerhet<\/li>\n<li> Tjockt, brett dyna p\u00e5 lutningsb\u00e4nken ger ergonomiskt st\u00f6d och ger komfort under l\u00e5nga tr\u00e4ningspass<\/li>\n<li> L\u00e5ter tr\u00e4ningsb\u00e4nken snabbt f\u00e4llas ihop till en kompakt storlek, idealisk f\u00f6r enkel f\u00f6rvaring<\/li>\n<li> St\u00e4rker din k\u00e4rna och rygg, hj\u00e4lper till att f\u00f6rb\u00e4ttra h\u00e5llningen och lindra sm\u00e4rta<\/li>\n<li> Montering kr\u00e4vs<\/li>\n<\/ul>\n<p> Tekniska data:<\/p>\n<ul>\n<li> F\u00e4rg: Svart<\/li>\n<li> Material: Metall, PE<\/li>\n<li> Totala dimensioner: 96,6L x 68B x 69-110H cm<\/li>\n<li> Hopf\u00e4lld storlek: 100L x 68B x 32H cm<\/li>\n<li> Armst\u00f6dsh\u00f6jd fr\u00e5n golvet: 59-91H cm<\/li>\n<li> Armb\u00e5gskuddens storlek: 22L x 17B x 5T cm<\/li>\n<li> Ryggst\u00f6dets storlek: 50L x 29,5B x 5T cm<\/li>\n<li> Maximal belastning: 150 kg<\/li>\n<\/ul>\n<p>Leverans inneh\u00e5ller:<\/p>\n<ul>\n<li> 1 x justerbar hopf\u00e4llbar tr\u00e4ningsb\u00e4nk<\/li>\n<li> 1 x anv\u00e4ndarmanual<\/li>\n<\/ul>\n","protected":false},"excerpt":{"rendered":"<p>Sv\u00e5rt att hitta r\u00e4tt utrustning f\u00f6r helkroppstr\u00e4ning? [BRAND NAME] Romerska stolen revolutionerar din tr\u00e4ning genom att enkelt omvandlas till en&#8230;<\/p>\n","protected":false},"featured_media":96216,"template":"","meta":[],"product_brand":[],"product_cat":[873,647,665],"product_tag":[],"class_list":{"0":"post-96230","1":"product","2":"type-product","3":"status-publish","4":"has-post-thumbnail","6":"product_cat-fitness-styrketraning","7":"product_cat-sport-fritid","8":"product_cat-styrketraning","10":"first","11":"instock","12":"sale","13":"taxable","14":"shipping-taxable","15":"purchasable","16":"product-type-simple"},"yoast_head":"<!-- This site is optimized with the Yoast SEO plugin v25.4 - https:\/\/yoast.com\/wordpress\/plugins\/seo\/ -->\n<title>TRUUSK Tr\u00e4ningsb\u00e4nk - Hantelb\u00e4nk med St\u00e5lram - Svart - F\u00f6r Fitness - Justerbar - Stabil - Enkel att Montera - TRUUSK - Hem, Tr\u00e4dg\u00e5rd &amp; Fritid<\/title>\n<meta name=\"robots\" content=\"index, follow, max-snippet:-1, max-image-preview:large, max-video-preview:-1\" \/>\n<link rel=\"canonical\" href=\"https:\/\/truusk.store\/sv\/produkt\/truusk-traningsbank-hantelbank-med-stalram-svart-for-fitness-justerbar-stabil-enkel-att-montera\/\" \/>\n<meta property=\"og:locale\" content=\"sv_SE\" \/>\n<meta property=\"og:type\" content=\"article\" \/>\n<meta property=\"og:title\" content=\"TRUUSK Tr\u00e4ningsb\u00e4nk - Hantelb\u00e4nk med St\u00e5lram - Svart - F\u00f6r Fitness - Justerbar - Stabil - Enkel att Montera - TRUUSK - Hem, Tr\u00e4dg\u00e5rd &amp; Fritid\" \/>\n<meta property=\"og:description\" content=\"Sv\u00e5rt att hitta r\u00e4tt utrustning f\u00f6r helkroppstr\u00e4ning? [BRAND NAME] Romerska stolen revolutionerar din tr\u00e4ning genom att enkelt omvandlas till en...\" \/>\n<meta property=\"og:url\" content=\"https:\/\/truusk.store\/sv\/produkt\/truusk-traningsbank-hantelbank-med-stalram-svart-for-fitness-justerbar-stabil-enkel-att-montera\/\" \/>\n<meta property=\"og:site_name\" content=\"TRUUSK - Hem, Tr\u00e4dg\u00e5rd &amp; Fritid\" \/>\n<meta property=\"article:modified_time\" content=\"2026-03-12T07:48:42+00:00\" \/>\n<meta property=\"og:image\" content=\"https:\/\/i0.wp.com\/truusk.se\/wp-content\/uploads\/2025\/11\/traningsbank-hantelbank-fitnessbank-stalram-svart-1.webp?fit=2000%2C2000&ssl=1\" \/>\n\t<meta property=\"og:image:width\" content=\"2000\" \/>\n\t<meta property=\"og:image:height\" content=\"2000\" \/>\n\t<meta property=\"og:image:type\" content=\"image\/webp\" \/>\n<meta name=\"twitter:card\" content=\"summary_large_image\" \/>\n<meta name=\"twitter:label1\" content=\"Ber\u00e4knad l\u00e4stid\" \/>\n\t<meta name=\"twitter:data1\" content=\"1 minut\" \/>\n<!-- \/ Yoast SEO plugin. -->","yoast_head_json":{"title":"TRUUSK Tr\u00e4ningsb\u00e4nk - Hantelb\u00e4nk med St\u00e5lram - Svart - F\u00f6r Fitness - Justerbar - Stabil - Enkel att Montera - TRUUSK - Hem, Tr\u00e4dg\u00e5rd &amp; Fritid","robots":{"index":"index","follow":"follow","max-snippet":"max-snippet:-1","max-image-preview":"max-image-preview:large","max-video-preview":"max-video-preview:-1"},"canonical":"https:\/\/truusk.store\/sv\/produkt\/truusk-traningsbank-hantelbank-med-stalram-svart-for-fitness-justerbar-stabil-enkel-att-montera\/","og_locale":"sv_SE","og_type":"article","og_title":"TRUUSK Tr\u00e4ningsb\u00e4nk - Hantelb\u00e4nk med St\u00e5lram - Svart - F\u00f6r Fitness - Justerbar - Stabil - Enkel att Montera - TRUUSK - Hem, Tr\u00e4dg\u00e5rd &amp; Fritid","og_description":"Sv\u00e5rt att hitta r\u00e4tt utrustning f\u00f6r helkroppstr\u00e4ning? [BRAND NAME] Romerska stolen revolutionerar din tr\u00e4ning genom att enkelt omvandlas till en...","og_url":"https:\/\/truusk.store\/sv\/produkt\/truusk-traningsbank-hantelbank-med-stalram-svart-for-fitness-justerbar-stabil-enkel-att-montera\/","og_site_name":"TRUUSK - Hem, Tr\u00e4dg\u00e5rd &amp; Fritid","article_modified_time":"2026-03-12T07:48:42+00:00","og_image":[{"width":2000,"height":2000,"url":"https:\/\/i0.wp.com\/truusk.se\/wp-content\/uploads\/2025\/11\/traningsbank-hantelbank-fitnessbank-stalram-svart-1.webp?fit=2000%2C2000&ssl=1","type":"image\/webp"}],"twitter_card":"summary_large_image","twitter_misc":{"Ber\u00e4knad l\u00e4stid":"1 minut"},"schema":{"@context":"https:\/\/schema.org","@graph":[{"@type":"WebPage","@id":"https:\/\/truusk.store\/sv\/produkt\/truusk-traningsbank-hantelbank-med-stalram-svart-for-fitness-justerbar-stabil-enkel-att-montera\/","url":"https:\/\/truusk.store\/sv\/produkt\/truusk-traningsbank-hantelbank-med-stalram-svart-for-fitness-justerbar-stabil-enkel-att-montera\/","name":"TRUUSK Tr\u00e4ningsb\u00e4nk - Hantelb\u00e4nk med St\u00e5lram - Svart - F\u00f6r Fitness - Justerbar - Stabil - Enkel att Montera - TRUUSK - Hem, Tr\u00e4dg\u00e5rd &amp; Fritid","isPartOf":{"@id":"https:\/\/truusk.store\/sv\/#website"},"primaryImageOfPage":{"@id":"https:\/\/truusk.store\/sv\/produkt\/truusk-traningsbank-hantelbank-med-stalram-svart-for-fitness-justerbar-stabil-enkel-att-montera\/#primaryimage"},"image":{"@id":"https:\/\/truusk.store\/sv\/produkt\/truusk-traningsbank-hantelbank-med-stalram-svart-for-fitness-justerbar-stabil-enkel-att-montera\/#primaryimage"},"thumbnailUrl":"https:\/\/i0.wp.com\/truusk.store\/wp-content\/uploads\/2025\/11\/traningsbank-hantelbank-fitnessbank-stalram-svart-1.webp?fit=2000%2C2000&ssl=1","datePublished":"2025-11-24T08:17:52+00:00","dateModified":"2026-03-12T07:48:42+00:00","breadcrumb":{"@id":"https:\/\/truusk.store\/sv\/produkt\/truusk-traningsbank-hantelbank-med-stalram-svart-for-fitness-justerbar-stabil-enkel-att-montera\/#breadcrumb"},"inLanguage":"sv-SE","potentialAction":[{"@type":"ReadAction","target":["https:\/\/truusk.store\/sv\/produkt\/truusk-traningsbank-hantelbank-med-stalram-svart-for-fitness-justerbar-stabil-enkel-att-montera\/"]}]},{"@type":"ImageObject","inLanguage":"sv-SE","@id":"https:\/\/truusk.store\/sv\/produkt\/truusk-traningsbank-hantelbank-med-stalram-svart-for-fitness-justerbar-stabil-enkel-att-montera\/#primaryimage","url":"https:\/\/i0.wp.com\/truusk.store\/wp-content\/uploads\/2025\/11\/traningsbank-hantelbank-fitnessbank-stalram-svart-1.webp?fit=2000%2C2000&ssl=1","contentUrl":"https:\/\/i0.wp.com\/truusk.store\/wp-content\/uploads\/2025\/11\/traningsbank-hantelbank-fitnessbank-stalram-svart-1.webp?fit=2000%2C2000&ssl=1","width":2000,"height":2000},{"@type":"BreadcrumbList","@id":"https:\/\/truusk.store\/sv\/produkt\/truusk-traningsbank-hantelbank-med-stalram-svart-for-fitness-justerbar-stabil-enkel-att-montera\/#breadcrumb","itemListElement":[{"@type":"ListItem","position":1,"name":"Home","item":"https:\/\/truusk.store\/sv\/"},{"@type":"ListItem","position":2,"name":"Shop","item":"https:\/\/truusk.store\/shop\/"},{"@type":"ListItem","position":3,"name":"TRUUSK Tr\u00e4ningsb\u00e4nk &#8211; Hantelb\u00e4nk med St\u00e5lram &#8211; Svart &#8211; F\u00f6r Fitness &#8211; Justerbar &#8211; Stabil &#8211; Enkel att Montera"}]},{"@type":"WebSite","@id":"https:\/\/truusk.store\/sv\/#website","url":"https:\/\/truusk.store\/sv\/","name":"TRUUSK - Hem, Tr\u00e4dg\u00e5rd & Fritid","description":"","publisher":{"@id":"https:\/\/truusk.store\/sv\/#organization"},"potentialAction":[{"@type":"SearchAction","target":{"@type":"EntryPoint","urlTemplate":"https:\/\/truusk.store\/sv\/?s={search_term_string}"},"query-input":{"@type":"PropertyValueSpecification","valueRequired":true,"valueName":"search_term_string"}}],"inLanguage":"sv-SE"},{"@type":"Organization","@id":"https:\/\/truusk.store\/sv\/#organization","name":"TRUUSK - Hem, Tr\u00e4dg\u00e5rd & Fritid","url":"https:\/\/truusk.store\/sv\/","logo":{"@type":"ImageObject","inLanguage":"sv-SE","@id":"https:\/\/truusk.store\/sv\/#\/schema\/logo\/image\/","url":"https:\/\/i0.wp.com\/truusk.store\/wp-content\/uploads\/2026\/03\/cropped-TRUUSK.png?fit=2032%2C917&ssl=1","contentUrl":"https:\/\/i0.wp.com\/truusk.store\/wp-content\/uploads\/2026\/03\/cropped-TRUUSK.png?fit=2032%2C917&ssl=1","width":2032,"height":917,"caption":"TRUUSK - Hem, Tr\u00e4dg\u00e5rd & Fritid"},"image":{"@id":"https:\/\/truusk.store\/sv\/#\/schema\/logo\/image\/"}}]}},"jetpack_sharing_enabled":true,"_links":{"self":[{"href":"https:\/\/truusk.store\/sv\/wp-json\/wp\/v2\/product\/96230","targetHints":{"allow":["GET"]}}],"collection":[{"href":"https:\/\/truusk.store\/sv\/wp-json\/wp\/v2\/product"}],"about":[{"href":"https:\/\/truusk.store\/sv\/wp-json\/wp\/v2\/types\/product"}],"wp:featuredmedia":[{"embeddable":true,"href":"https:\/\/truusk.store\/sv\/wp-json\/wp\/v2\/media\/96216"}],"wp:attachment":[{"href":"https:\/\/truusk.store\/sv\/wp-json\/wp\/v2\/media?parent=96230"}],"wp:term":[{"taxonomy":"product_brand","embeddable":true,"href":"https:\/\/truusk.store\/sv\/wp-json\/wp\/v2\/product_brand?post=96230"},{"taxonomy":"product_cat","embeddable":true,"href":"https:\/\/truusk.store\/sv\/wp-json\/wp\/v2\/product_cat?post=96230"},{"taxonomy":"product_tag","embeddable":true,"href":"https:\/\/truusk.store\/sv\/wp-json\/wp\/v2\/product_tag?post=96230"}],"curies":[{"name":"wp","href":"https:\/\/api.w.org\/{rel}","templated":true}]}}