{"id":96313,"date":"2025-11-24T09:26:31","date_gmt":"2025-11-24T08:26:31","guid":{"rendered":"https:\/\/truusk.store\/product\/tvattstallsskap-for-badrum-3-niva-hylla-hjul-tra\/"},"modified":"2026-03-12T08:48:46","modified_gmt":"2026-03-12T07:48:46","slug":"truusk-tvattstallsskap-for-badrum-3-niva-hylla-med-hjul-tra","status":"publish","type":"product","link":"https:\/\/truusk.store\/sv\/produkt\/truusk-tvattstallsskap-for-badrum-3-niva-hylla-med-hjul-tra\/","title":{"rendered":"TRUUSK Tv\u00e4ttst\u00e4llssk\u00e5p f\u00f6r Badrum &#8211; 3-niv\u00e5 Hylla &#8211; Med Hjul &#8211; Tr\u00e4"},"content":{"rendered":"<p>F\u00f6rvandla ditt badrum med den eleganta [BRAND NAME] undersk\u00e5pet, perfekt anpassat f\u00f6r handfat utan pelarfot. Den utrymmesbesparande designen inkluderar en trestegs justerbar hylla &#8211; idealisk f\u00f6r f\u00f6rvaring av alla n\u00f6dv\u00e4ndiga redskap. De mjukt st\u00e4ngande d\u00f6rrarna och den snygga, nordiska v\u00e5gtexturerade finishen ger ditt rum en touch av elegans. Tack vare de smidiga hjulen kan du enkelt flytta badrumssk\u00e5pet. En elegant l\u00f6sning f\u00f6r en organiserad atmosf\u00e4r!<\/p>\n<p>Beskrivning:<\/p>\n<ul>\n<li> U-formad utsparing av handfatssk\u00e5pet passar perfekt till handfat utan sockel<\/li>\n<li> En trestegs justerbar hylla i badrumssk\u00e5pet maximerar lagringseffektivitet och flexibilitet<\/li>\n<li> Utrustad med mjukst\u00e4ngande g\u00e5ngj\u00e4rn f\u00f6r tyst, sm\u00e4llfri d\u00f6rrst\u00e4ngning varje g\u00e5ng<\/li>\n<li> D\u00f6rrar med v\u00e5gtextur och naturlig finish av badrumsm\u00f6beln f\u00f6rb\u00e4ttrar den moderna badrumsestetiken<\/li>\n<li> L\u00e5sbara hjul garanterar enkel r\u00f6rlighet och stabilitet<\/li>\n<li> H\u00f6jd sockel f\u00f6rhindrar fuktskador och m\u00f6jligg\u00f6r enkel golvreng\u00f6ring<\/li>\n<li> Montering kr\u00e4vs<\/li>\n<\/ul>\n<p> Tekniska data:<\/p>\n<ul>\n<li> F\u00e4rg: Naturtr\u00e4<\/li>\n<li> Material: Sp\u00e5nskiva, MDF<\/li>\n<li> Totala dimensioner: 60L x 39,8B x 62H cm<\/li>\n<li> L\u00e4mplig bass\u00e4ngstorlek: \u2264 80B x 40T cm<\/li>\n<li> \u00d6ppningsstorlek f\u00f6r arbetsb\u00e4nk: 8B x 24,25T cm<\/li>\n<li> Inre dimensioner av sk\u00e5pet: 57,2B x 36,8T x 54,1H cm<\/li>\n<li> Hyllh\u00f6jd: 26,45 cm<\/li>\n<li> Hjulh\u00f6jd: 5,5 cm<\/li>\n<li> Maximal belastning: 20 kg (totalt), 5 kg (ovanp\u00e5), 10 kg (sk\u00e5pbas), 5 kg (hylla)<\/li>\n<\/ul>\n<p>Leveransinneh\u00e5ll:<\/p>\n<ul>\n<li> 1 x Badrumssk\u00e5p f\u00f6r under handfatet<\/li>\n<li> 1 x Bruksanvisning<\/li>\n<\/ul>\n","protected":false},"excerpt":{"rendered":"<p>F\u00f6rvandla ditt badrum med den eleganta [BRAND NAME] undersk\u00e5pet, perfekt anpassat f\u00f6r handfat utan pelarfot. Den utrymmesbesparande designen inkluderar en&#8230;<\/p>\n","protected":false},"featured_media":96298,"template":"","meta":[],"product_brand":[],"product_cat":[915,535,871],"product_tag":[],"class_list":{"0":"post-96313","1":"product","2":"type-product","3":"status-publish","4":"has-post-thumbnail","6":"product_cat-badrum","7":"product_cat-badrumsskap","8":"product_cat-hus-hem","10":"first","11":"instock","12":"sale","13":"taxable","14":"shipping-taxable","15":"purchasable","16":"product-type-simple"},"yoast_head":"<!-- This site is optimized with the Yoast SEO plugin v25.4 - https:\/\/yoast.com\/wordpress\/plugins\/seo\/ -->\n<title>TRUUSK Tv\u00e4ttst\u00e4llssk\u00e5p f\u00f6r Badrum - 3-niv\u00e5 Hylla - Med Hjul - Tr\u00e4 - TRUUSK - Hem, Tr\u00e4dg\u00e5rd &amp; Fritid<\/title>\n<meta name=\"robots\" content=\"index, follow, max-snippet:-1, max-image-preview:large, max-video-preview:-1\" \/>\n<link rel=\"canonical\" href=\"https:\/\/truusk.store\/sv\/produkt\/truusk-tvattstallsskap-for-badrum-3-niva-hylla-med-hjul-tra\/\" \/>\n<meta property=\"og:locale\" content=\"sv_SE\" \/>\n<meta property=\"og:type\" content=\"article\" \/>\n<meta property=\"og:title\" content=\"TRUUSK Tv\u00e4ttst\u00e4llssk\u00e5p f\u00f6r Badrum - 3-niv\u00e5 Hylla - Med Hjul - Tr\u00e4 - TRUUSK - Hem, Tr\u00e4dg\u00e5rd &amp; Fritid\" \/>\n<meta property=\"og:description\" content=\"F\u00f6rvandla ditt badrum med den eleganta [BRAND NAME] undersk\u00e5pet, perfekt anpassat f\u00f6r handfat utan pelarfot. Den utrymmesbesparande designen inkluderar en...\" \/>\n<meta property=\"og:url\" content=\"https:\/\/truusk.store\/sv\/produkt\/truusk-tvattstallsskap-for-badrum-3-niva-hylla-med-hjul-tra\/\" \/>\n<meta property=\"og:site_name\" content=\"TRUUSK - Hem, Tr\u00e4dg\u00e5rd &amp; Fritid\" \/>\n<meta property=\"article:modified_time\" content=\"2026-03-12T07:48:46+00:00\" \/>\n<meta property=\"og:image\" content=\"https:\/\/i0.wp.com\/truusk.se\/wp-content\/uploads\/2025\/11\/tvattstallsskap-for-badrum-3-niva-hylla-hjul-tra-1.webp?fit=2000%2C2000&ssl=1\" \/>\n\t<meta property=\"og:image:width\" content=\"2000\" \/>\n\t<meta property=\"og:image:height\" content=\"2000\" \/>\n\t<meta property=\"og:image:type\" content=\"image\/webp\" \/>\n<meta name=\"twitter:card\" content=\"summary_large_image\" \/>\n<meta name=\"twitter:label1\" content=\"Ber\u00e4knad l\u00e4stid\" \/>\n\t<meta name=\"twitter:data1\" content=\"1 minut\" \/>\n<!-- \/ Yoast SEO plugin. -->","yoast_head_json":{"title":"TRUUSK Tv\u00e4ttst\u00e4llssk\u00e5p f\u00f6r Badrum - 3-niv\u00e5 Hylla - Med Hjul - Tr\u00e4 - TRUUSK - Hem, Tr\u00e4dg\u00e5rd &amp; Fritid","robots":{"index":"index","follow":"follow","max-snippet":"max-snippet:-1","max-image-preview":"max-image-preview:large","max-video-preview":"max-video-preview:-1"},"canonical":"https:\/\/truusk.store\/sv\/produkt\/truusk-tvattstallsskap-for-badrum-3-niva-hylla-med-hjul-tra\/","og_locale":"sv_SE","og_type":"article","og_title":"TRUUSK Tv\u00e4ttst\u00e4llssk\u00e5p f\u00f6r Badrum - 3-niv\u00e5 Hylla - Med Hjul - Tr\u00e4 - TRUUSK - Hem, Tr\u00e4dg\u00e5rd &amp; Fritid","og_description":"F\u00f6rvandla ditt badrum med den eleganta [BRAND NAME] undersk\u00e5pet, perfekt anpassat f\u00f6r handfat utan pelarfot. Den utrymmesbesparande designen inkluderar en...","og_url":"https:\/\/truusk.store\/sv\/produkt\/truusk-tvattstallsskap-for-badrum-3-niva-hylla-med-hjul-tra\/","og_site_name":"TRUUSK - Hem, Tr\u00e4dg\u00e5rd &amp; Fritid","article_modified_time":"2026-03-12T07:48:46+00:00","og_image":[{"width":2000,"height":2000,"url":"https:\/\/i0.wp.com\/truusk.se\/wp-content\/uploads\/2025\/11\/tvattstallsskap-for-badrum-3-niva-hylla-hjul-tra-1.webp?fit=2000%2C2000&ssl=1","type":"image\/webp"}],"twitter_card":"summary_large_image","twitter_misc":{"Ber\u00e4knad l\u00e4stid":"1 minut"},"schema":{"@context":"https:\/\/schema.org","@graph":[{"@type":"WebPage","@id":"https:\/\/truusk.store\/sv\/produkt\/truusk-tvattstallsskap-for-badrum-3-niva-hylla-med-hjul-tra\/","url":"https:\/\/truusk.store\/sv\/produkt\/truusk-tvattstallsskap-for-badrum-3-niva-hylla-med-hjul-tra\/","name":"TRUUSK Tv\u00e4ttst\u00e4llssk\u00e5p f\u00f6r Badrum - 3-niv\u00e5 Hylla - Med Hjul - Tr\u00e4 - TRUUSK - Hem, Tr\u00e4dg\u00e5rd &amp; Fritid","isPartOf":{"@id":"https:\/\/truusk.store\/sv\/#website"},"primaryImageOfPage":{"@id":"https:\/\/truusk.store\/sv\/produkt\/truusk-tvattstallsskap-for-badrum-3-niva-hylla-med-hjul-tra\/#primaryimage"},"image":{"@id":"https:\/\/truusk.store\/sv\/produkt\/truusk-tvattstallsskap-for-badrum-3-niva-hylla-med-hjul-tra\/#primaryimage"},"thumbnailUrl":"https:\/\/i0.wp.com\/truusk.store\/wp-content\/uploads\/2025\/11\/tvattstallsskap-for-badrum-3-niva-hylla-hjul-tra-1.webp?fit=2000%2C2000&ssl=1","datePublished":"2025-11-24T08:26:31+00:00","dateModified":"2026-03-12T07:48:46+00:00","breadcrumb":{"@id":"https:\/\/truusk.store\/sv\/produkt\/truusk-tvattstallsskap-for-badrum-3-niva-hylla-med-hjul-tra\/#breadcrumb"},"inLanguage":"sv-SE","potentialAction":[{"@type":"ReadAction","target":["https:\/\/truusk.store\/sv\/produkt\/truusk-tvattstallsskap-for-badrum-3-niva-hylla-med-hjul-tra\/"]}]},{"@type":"ImageObject","inLanguage":"sv-SE","@id":"https:\/\/truusk.store\/sv\/produkt\/truusk-tvattstallsskap-for-badrum-3-niva-hylla-med-hjul-tra\/#primaryimage","url":"https:\/\/i0.wp.com\/truusk.store\/wp-content\/uploads\/2025\/11\/tvattstallsskap-for-badrum-3-niva-hylla-hjul-tra-1.webp?fit=2000%2C2000&ssl=1","contentUrl":"https:\/\/i0.wp.com\/truusk.store\/wp-content\/uploads\/2025\/11\/tvattstallsskap-for-badrum-3-niva-hylla-hjul-tra-1.webp?fit=2000%2C2000&ssl=1","width":2000,"height":2000},{"@type":"BreadcrumbList","@id":"https:\/\/truusk.store\/sv\/produkt\/truusk-tvattstallsskap-for-badrum-3-niva-hylla-med-hjul-tra\/#breadcrumb","itemListElement":[{"@type":"ListItem","position":1,"name":"Home","item":"https:\/\/truusk.store\/sv\/"},{"@type":"ListItem","position":2,"name":"Shop","item":"https:\/\/truusk.store\/shop\/"},{"@type":"ListItem","position":3,"name":"TRUUSK Tv\u00e4ttst\u00e4llssk\u00e5p f\u00f6r Badrum &#8211; 3-niv\u00e5 Hylla &#8211; Med Hjul &#8211; Tr\u00e4"}]},{"@type":"WebSite","@id":"https:\/\/truusk.store\/sv\/#website","url":"https:\/\/truusk.store\/sv\/","name":"TRUUSK - Hem, Tr\u00e4dg\u00e5rd & Fritid","description":"","publisher":{"@id":"https:\/\/truusk.store\/sv\/#organization"},"potentialAction":[{"@type":"SearchAction","target":{"@type":"EntryPoint","urlTemplate":"https:\/\/truusk.store\/sv\/?s={search_term_string}"},"query-input":{"@type":"PropertyValueSpecification","valueRequired":true,"valueName":"search_term_string"}}],"inLanguage":"sv-SE"},{"@type":"Organization","@id":"https:\/\/truusk.store\/sv\/#organization","name":"TRUUSK - Hem, Tr\u00e4dg\u00e5rd & Fritid","url":"https:\/\/truusk.store\/sv\/","logo":{"@type":"ImageObject","inLanguage":"sv-SE","@id":"https:\/\/truusk.store\/sv\/#\/schema\/logo\/image\/","url":"https:\/\/i0.wp.com\/truusk.store\/wp-content\/uploads\/2026\/03\/cropped-TRUUSK.png?fit=2032%2C917&ssl=1","contentUrl":"https:\/\/i0.wp.com\/truusk.store\/wp-content\/uploads\/2026\/03\/cropped-TRUUSK.png?fit=2032%2C917&ssl=1","width":2032,"height":917,"caption":"TRUUSK - Hem, Tr\u00e4dg\u00e5rd & Fritid"},"image":{"@id":"https:\/\/truusk.store\/sv\/#\/schema\/logo\/image\/"}}]}},"jetpack_sharing_enabled":true,"_links":{"self":[{"href":"https:\/\/truusk.store\/sv\/wp-json\/wp\/v2\/product\/96313","targetHints":{"allow":["GET"]}}],"collection":[{"href":"https:\/\/truusk.store\/sv\/wp-json\/wp\/v2\/product"}],"about":[{"href":"https:\/\/truusk.store\/sv\/wp-json\/wp\/v2\/types\/product"}],"wp:featuredmedia":[{"embeddable":true,"href":"https:\/\/truusk.store\/sv\/wp-json\/wp\/v2\/media\/96298"}],"wp:attachment":[{"href":"https:\/\/truusk.store\/sv\/wp-json\/wp\/v2\/media?parent=96313"}],"wp:term":[{"taxonomy":"product_brand","embeddable":true,"href":"https:\/\/truusk.store\/sv\/wp-json\/wp\/v2\/product_brand?post=96313"},{"taxonomy":"product_cat","embeddable":true,"href":"https:\/\/truusk.store\/sv\/wp-json\/wp\/v2\/product_cat?post=96313"},{"taxonomy":"product_tag","embeddable":true,"href":"https:\/\/truusk.store\/sv\/wp-json\/wp\/v2\/product_tag?post=96313"}],"curies":[{"name":"wp","href":"https:\/\/api.w.org\/{rel}","templated":true}]}}