{"id":96332,"date":"2025-11-24T09:28:14","date_gmt":"2025-11-24T08:28:14","guid":{"rendered":"https:\/\/truusk.store\/product\/badrumsskap-nischskap-med-skap-oppen-hylla-justerbar-hylla-badrumsskap-40-x-31-x-104-cm-gul-ek\/"},"modified":"2026-03-12T08:48:54","modified_gmt":"2026-03-12T07:48:54","slug":"truusk-badrumsskap-nischskap-med-oppen-hylla-justerbar-hylla-40-x-31-x-104-cm-gul-ek","status":"publish","type":"product","link":"https:\/\/truusk.store\/sv\/produkt\/truusk-badrumsskap-nischskap-med-oppen-hylla-justerbar-hylla-40-x-31-x-104-cm-gul-ek\/","title":{"rendered":"TRUUSK Badrumssk\u00e5p Nischsk\u00e5p &#8211; Med \u00f6ppen hylla &#8211; Justerbar hylla &#8211; 40 x 31 x 104 cm &#8211; Gul ek"},"content":{"rendered":"<p>Har du problem med ett \u00f6verfullt, tr\u00e5ngt badrum? Det morgonliga kaoset av utspridda flaskor och handdukar kan g\u00f6ra starten p\u00e5 dagen stressig. [BRAND NAME] badrumssk\u00e5p \u00e4r den ideala l\u00f6sningen. Det multifunktionella sk\u00e5pet utnyttjar det vertikala utrymmet optimalt och rymmer allt fr\u00e5n h\u00f6ga lotionflaskor till f\u00e4rska handdukar p\u00e5 ett \u00f6versk\u00e5dligt s\u00e4tt med st\u00e4ngt sk\u00e5p, \u00f6ppen hylla och yta. Starta dagen avslappnad och organiserad, allt hittar sin plats.<\/p>\n<p>Beskrivning:<\/p>\n<ul>\n<li> St\u00e4ngt sk\u00e5p, \u00f6ppet fack och yta, h\u00e5ller ditt badrum snyggt<\/li>\n<li> Det trestegs justerbara hyllan i badrumssk\u00e5pet g\u00f6r att du kan anpassa utrymmet f\u00f6r st\u00f6rre f\u00f6rem\u00e5l<\/li>\n<li> Den varma ektr\u00e4utseendet med vingad d\u00f6rr p\u00e5 badrumssk\u00e5pet f\u00f6rb\u00e4ttrar ditt badrums inredning<\/li>\n<li> Tipp-s\u00e4kerheten p\u00e5 f\u00f6rvaringssk\u00e5pet garanterar s\u00e4kerhet f\u00f6r din familj<\/li>\n<li> Melaminbelagd yta f\u00f6r enkel reng\u00f6ring<\/li>\n<li> Montering kr\u00e4vs<\/li>\n<\/ul>\n<p> Tekniska data:<\/p>\n<ul>\n<li> F\u00e4rg: Gul ek<\/li>\n<li> Material: Sp\u00e5nskiva, MDF<\/li>\n<li> Totala dimensioner: 40B x 31T x 104H cm<\/li>\n<li> Ytstorlek: 37,6B x 28T x 6H cm<\/li>\n<li> Inre dimensioner \u00f6ppet fack: 37,6B x 28,3T x 32,3H cm<\/li>\n<li> Inre dimensioner st\u00e4ngt sk\u00e5p: 37,6B x 27,3T x 58H cm<\/li>\n<li> Maximal belastning: 20 kg (totalt), 5 kg (hylla)<\/li>\n<\/ul>\n<p>Leverans inneh\u00e5ller:<\/p>\n<ul>\n<li> 1 x Badrumssk\u00e5p<\/li>\n<li> 1 x Bruksanvisning<\/li>\n<\/ul>\n","protected":false},"excerpt":{"rendered":"<p>Har du problem med ett \u00f6verfullt, tr\u00e5ngt badrum? Det morgonliga kaoset av utspridda flaskor och handdukar kan g\u00f6ra starten p\u00e5&#8230;<\/p>\n","protected":false},"featured_media":96318,"template":"","meta":[],"product_brand":[],"product_cat":[915,535,871],"product_tag":[],"class_list":{"0":"post-96332","1":"product","2":"type-product","3":"status-publish","4":"has-post-thumbnail","6":"product_cat-badrum","7":"product_cat-badrumsskap","8":"product_cat-hus-hem","10":"first","11":"instock","12":"sale","13":"taxable","14":"shipping-taxable","15":"purchasable","16":"product-type-simple"},"yoast_head":"<!-- This site is optimized with the Yoast SEO plugin v25.4 - https:\/\/yoast.com\/wordpress\/plugins\/seo\/ -->\n<title>TRUUSK Badrumssk\u00e5p Nischsk\u00e5p - Med \u00f6ppen hylla - Justerbar hylla - 40 x 31 x 104 cm - Gul ek - TRUUSK - Hem, Tr\u00e4dg\u00e5rd &amp; Fritid<\/title>\n<meta name=\"robots\" content=\"index, follow, max-snippet:-1, max-image-preview:large, max-video-preview:-1\" \/>\n<link rel=\"canonical\" href=\"https:\/\/truusk.store\/sv\/produkt\/truusk-badrumsskap-nischskap-med-oppen-hylla-justerbar-hylla-40-x-31-x-104-cm-gul-ek\/\" \/>\n<meta property=\"og:locale\" content=\"sv_SE\" \/>\n<meta property=\"og:type\" content=\"article\" \/>\n<meta property=\"og:title\" content=\"TRUUSK Badrumssk\u00e5p Nischsk\u00e5p - Med \u00f6ppen hylla - Justerbar hylla - 40 x 31 x 104 cm - Gul ek - TRUUSK - Hem, Tr\u00e4dg\u00e5rd &amp; Fritid\" \/>\n<meta property=\"og:description\" content=\"Har du problem med ett \u00f6verfullt, tr\u00e5ngt badrum? Det morgonliga kaoset av utspridda flaskor och handdukar kan g\u00f6ra starten p\u00e5...\" \/>\n<meta property=\"og:url\" content=\"https:\/\/truusk.store\/sv\/produkt\/truusk-badrumsskap-nischskap-med-oppen-hylla-justerbar-hylla-40-x-31-x-104-cm-gul-ek\/\" \/>\n<meta property=\"og:site_name\" content=\"TRUUSK - Hem, Tr\u00e4dg\u00e5rd &amp; Fritid\" \/>\n<meta property=\"article:modified_time\" content=\"2026-03-12T07:48:54+00:00\" \/>\n<meta property=\"og:image\" content=\"https:\/\/i0.wp.com\/truusk.se\/wp-content\/uploads\/2025\/11\/badrumsskap-nischskap-med-skap-oppen-hylla-justerbar-hylla-badrumsskap-40-x-31-x-104-cm-gul-ek-1.webp?fit=2000%2C2000&ssl=1\" \/>\n\t<meta property=\"og:image:width\" content=\"2000\" \/>\n\t<meta property=\"og:image:height\" content=\"2000\" \/>\n\t<meta property=\"og:image:type\" content=\"image\/webp\" \/>\n<meta name=\"twitter:card\" content=\"summary_large_image\" \/>\n<meta name=\"twitter:label1\" content=\"Ber\u00e4knad l\u00e4stid\" \/>\n\t<meta name=\"twitter:data1\" content=\"1 minut\" \/>\n<!-- \/ Yoast SEO plugin. -->","yoast_head_json":{"title":"TRUUSK Badrumssk\u00e5p Nischsk\u00e5p - Med \u00f6ppen hylla - Justerbar hylla - 40 x 31 x 104 cm - Gul ek - TRUUSK - Hem, Tr\u00e4dg\u00e5rd &amp; Fritid","robots":{"index":"index","follow":"follow","max-snippet":"max-snippet:-1","max-image-preview":"max-image-preview:large","max-video-preview":"max-video-preview:-1"},"canonical":"https:\/\/truusk.store\/sv\/produkt\/truusk-badrumsskap-nischskap-med-oppen-hylla-justerbar-hylla-40-x-31-x-104-cm-gul-ek\/","og_locale":"sv_SE","og_type":"article","og_title":"TRUUSK Badrumssk\u00e5p Nischsk\u00e5p - Med \u00f6ppen hylla - Justerbar hylla - 40 x 31 x 104 cm - Gul ek - TRUUSK - Hem, Tr\u00e4dg\u00e5rd &amp; Fritid","og_description":"Har du problem med ett \u00f6verfullt, tr\u00e5ngt badrum? Det morgonliga kaoset av utspridda flaskor och handdukar kan g\u00f6ra starten p\u00e5...","og_url":"https:\/\/truusk.store\/sv\/produkt\/truusk-badrumsskap-nischskap-med-oppen-hylla-justerbar-hylla-40-x-31-x-104-cm-gul-ek\/","og_site_name":"TRUUSK - Hem, Tr\u00e4dg\u00e5rd &amp; Fritid","article_modified_time":"2026-03-12T07:48:54+00:00","og_image":[{"width":2000,"height":2000,"url":"https:\/\/i0.wp.com\/truusk.se\/wp-content\/uploads\/2025\/11\/badrumsskap-nischskap-med-skap-oppen-hylla-justerbar-hylla-badrumsskap-40-x-31-x-104-cm-gul-ek-1.webp?fit=2000%2C2000&ssl=1","type":"image\/webp"}],"twitter_card":"summary_large_image","twitter_misc":{"Ber\u00e4knad l\u00e4stid":"1 minut"},"schema":{"@context":"https:\/\/schema.org","@graph":[{"@type":"WebPage","@id":"https:\/\/truusk.store\/sv\/produkt\/truusk-badrumsskap-nischskap-med-oppen-hylla-justerbar-hylla-40-x-31-x-104-cm-gul-ek\/","url":"https:\/\/truusk.store\/sv\/produkt\/truusk-badrumsskap-nischskap-med-oppen-hylla-justerbar-hylla-40-x-31-x-104-cm-gul-ek\/","name":"TRUUSK Badrumssk\u00e5p Nischsk\u00e5p - Med \u00f6ppen hylla - Justerbar hylla - 40 x 31 x 104 cm - Gul ek - TRUUSK - Hem, Tr\u00e4dg\u00e5rd &amp; Fritid","isPartOf":{"@id":"https:\/\/truusk.store\/sv\/#website"},"primaryImageOfPage":{"@id":"https:\/\/truusk.store\/sv\/produkt\/truusk-badrumsskap-nischskap-med-oppen-hylla-justerbar-hylla-40-x-31-x-104-cm-gul-ek\/#primaryimage"},"image":{"@id":"https:\/\/truusk.store\/sv\/produkt\/truusk-badrumsskap-nischskap-med-oppen-hylla-justerbar-hylla-40-x-31-x-104-cm-gul-ek\/#primaryimage"},"thumbnailUrl":"https:\/\/i0.wp.com\/truusk.store\/wp-content\/uploads\/2025\/11\/badrumsskap-nischskap-med-skap-oppen-hylla-justerbar-hylla-badrumsskap-40-x-31-x-104-cm-gul-ek-1.webp?fit=2000%2C2000&ssl=1","datePublished":"2025-11-24T08:28:14+00:00","dateModified":"2026-03-12T07:48:54+00:00","breadcrumb":{"@id":"https:\/\/truusk.store\/sv\/produkt\/truusk-badrumsskap-nischskap-med-oppen-hylla-justerbar-hylla-40-x-31-x-104-cm-gul-ek\/#breadcrumb"},"inLanguage":"sv-SE","potentialAction":[{"@type":"ReadAction","target":["https:\/\/truusk.store\/sv\/produkt\/truusk-badrumsskap-nischskap-med-oppen-hylla-justerbar-hylla-40-x-31-x-104-cm-gul-ek\/"]}]},{"@type":"ImageObject","inLanguage":"sv-SE","@id":"https:\/\/truusk.store\/sv\/produkt\/truusk-badrumsskap-nischskap-med-oppen-hylla-justerbar-hylla-40-x-31-x-104-cm-gul-ek\/#primaryimage","url":"https:\/\/i0.wp.com\/truusk.store\/wp-content\/uploads\/2025\/11\/badrumsskap-nischskap-med-skap-oppen-hylla-justerbar-hylla-badrumsskap-40-x-31-x-104-cm-gul-ek-1.webp?fit=2000%2C2000&ssl=1","contentUrl":"https:\/\/i0.wp.com\/truusk.store\/wp-content\/uploads\/2025\/11\/badrumsskap-nischskap-med-skap-oppen-hylla-justerbar-hylla-badrumsskap-40-x-31-x-104-cm-gul-ek-1.webp?fit=2000%2C2000&ssl=1","width":2000,"height":2000},{"@type":"BreadcrumbList","@id":"https:\/\/truusk.store\/sv\/produkt\/truusk-badrumsskap-nischskap-med-oppen-hylla-justerbar-hylla-40-x-31-x-104-cm-gul-ek\/#breadcrumb","itemListElement":[{"@type":"ListItem","position":1,"name":"Home","item":"https:\/\/truusk.store\/sv\/"},{"@type":"ListItem","position":2,"name":"Shop","item":"https:\/\/truusk.store\/shop\/"},{"@type":"ListItem","position":3,"name":"TRUUSK Badrumssk\u00e5p Nischsk\u00e5p &#8211; Med \u00f6ppen hylla &#8211; Justerbar hylla &#8211; 40 x 31 x 104 cm &#8211; Gul ek"}]},{"@type":"WebSite","@id":"https:\/\/truusk.store\/sv\/#website","url":"https:\/\/truusk.store\/sv\/","name":"TRUUSK - Hem, Tr\u00e4dg\u00e5rd & Fritid","description":"","publisher":{"@id":"https:\/\/truusk.store\/sv\/#organization"},"potentialAction":[{"@type":"SearchAction","target":{"@type":"EntryPoint","urlTemplate":"https:\/\/truusk.store\/sv\/?s={search_term_string}"},"query-input":{"@type":"PropertyValueSpecification","valueRequired":true,"valueName":"search_term_string"}}],"inLanguage":"sv-SE"},{"@type":"Organization","@id":"https:\/\/truusk.store\/sv\/#organization","name":"TRUUSK - Hem, Tr\u00e4dg\u00e5rd & Fritid","url":"https:\/\/truusk.store\/sv\/","logo":{"@type":"ImageObject","inLanguage":"sv-SE","@id":"https:\/\/truusk.store\/sv\/#\/schema\/logo\/image\/","url":"https:\/\/i0.wp.com\/truusk.store\/wp-content\/uploads\/2026\/03\/cropped-TRUUSK.png?fit=2032%2C917&ssl=1","contentUrl":"https:\/\/i0.wp.com\/truusk.store\/wp-content\/uploads\/2026\/03\/cropped-TRUUSK.png?fit=2032%2C917&ssl=1","width":2032,"height":917,"caption":"TRUUSK - Hem, Tr\u00e4dg\u00e5rd & Fritid"},"image":{"@id":"https:\/\/truusk.store\/sv\/#\/schema\/logo\/image\/"}}]}},"jetpack_sharing_enabled":true,"_links":{"self":[{"href":"https:\/\/truusk.store\/sv\/wp-json\/wp\/v2\/product\/96332","targetHints":{"allow":["GET"]}}],"collection":[{"href":"https:\/\/truusk.store\/sv\/wp-json\/wp\/v2\/product"}],"about":[{"href":"https:\/\/truusk.store\/sv\/wp-json\/wp\/v2\/types\/product"}],"wp:featuredmedia":[{"embeddable":true,"href":"https:\/\/truusk.store\/sv\/wp-json\/wp\/v2\/media\/96318"}],"wp:attachment":[{"href":"https:\/\/truusk.store\/sv\/wp-json\/wp\/v2\/media?parent=96332"}],"wp:term":[{"taxonomy":"product_brand","embeddable":true,"href":"https:\/\/truusk.store\/sv\/wp-json\/wp\/v2\/product_brand?post=96332"},{"taxonomy":"product_cat","embeddable":true,"href":"https:\/\/truusk.store\/sv\/wp-json\/wp\/v2\/product_cat?post=96332"},{"taxonomy":"product_tag","embeddable":true,"href":"https:\/\/truusk.store\/sv\/wp-json\/wp\/v2\/product_tag?post=96332"}],"curies":[{"name":"wp","href":"https:\/\/api.w.org\/{rel}","templated":true}]}}