{"id":96354,"date":"2025-11-24T09:30:23","date_gmt":"2025-11-24T08:30:23","guid":{"rendered":"https:\/\/truusk.store\/product\/garderobsstallning-med-skohylla-kladhangare-rockstallning-sittbank-med-kudde-for-hall-entreomrade-naturligt-tra\/"},"modified":"2026-03-12T08:48:57","modified_gmt":"2026-03-12T07:48:57","slug":"truusk-garderobsstallning-med-skohylla-kladhangare-rockstallning-sittbank-kudde-for-hall-och-entreomrade-naturtra","status":"publish","type":"product","link":"https:\/\/truusk.store\/sv\/produkt\/truusk-garderobsstallning-med-skohylla-kladhangare-rockstallning-sittbank-kudde-for-hall-och-entreomrade-naturtra\/","title":{"rendered":"TRUUSK Garderobsst\u00e4llning Med Skohylla &#8211; Kl\u00e4dh\u00e4ngare &#8211; Rockst\u00e4llning &#8211; Sittb\u00e4nk &#8211; Kudde &#8211; F\u00f6r Hall och Entr\u00e9omr\u00e5de &#8211; Naturtr\u00e4"},"content":{"rendered":"<p>Lider du av en r\u00f6rig entr\u00e9 full av rockar, skor och v\u00e4skor? [BRAND NAME] kl\u00e4dh\u00e4ngare med sin 5-i-1-design \u00e4r l\u00f6sningen. Utrustad med en elegant bambukl\u00e4dh\u00e4ngare, tio krokar och gott om f\u00f6rvaringsutrymme, skapar den ordning. Upplev en st\u00e4dad, inbjudande entr\u00e9 som underl\u00e4ttar din familjs vardag och ger lugn till ditt hem.<\/p>\n<p>Beskrivning:<\/p>\n<ul>\n<li> Inneh\u00e5ller en skob\u00e4nk, en skohylla, tio krokar, en kl\u00e4dst\u00e5ng och fem hyllor f\u00f6r en st\u00e4dad entr\u00e9<\/li>\n<li> Tv\u00e5stegs skohylla erbjuder plats f\u00f6r upp till sex par skor, passar storlekar upp till EU 44<\/li>\n<li> Skumfyllda vadderade sittkuddar f\u00f6r en bekv\u00e4m upplevelse<\/li>\n<li> Robust bambustruktur p\u00e5 kl\u00e4dh\u00e4ngaren b\u00e4r upp till 186 kg och garanterar en l\u00e5ngvarig, stabil anv\u00e4ndning<\/li>\n<li> Dess eleganta design passar perfekt in i de flesta hallar eller entr\u00e9er<\/li>\n<li> Anti-tip-f\u00e4sten och EVA-fotdynor f\u00f6r extra s\u00e4kerhet och stabilitet<\/li>\n<li> H\u00f6jt golvdesign m\u00f6jligg\u00f6r enkel reng\u00f6ring och h\u00e5ller dina skor torra<\/li>\n<li> Montering kr\u00e4vs<\/li>\n<\/ul>\n<p> Tekniska data:<\/p>\n<ul>\n<li> F\u00e4rg: Natur+Gr\u00e5<\/li>\n<li> Material: Bambu, skum, non-woven tyg (100% polyester)<\/li>\n<li> Totala dimensioner: 104B x 33T x 175H cm<\/li>\n<li> Sitsstorlek: 65,5B x 33T cm<\/li>\n<li> Sitth\u00f6jd: 50 cm<\/li>\n<li> L\u00e4ngd p\u00e5 kl\u00e4dst\u00e5ng: 65,5 cm<\/li>\n<li> Storlek p\u00e5 skohylla: 65,5B x 32T x 15\/16,5H cm<\/li>\n<li> Storlek p\u00e5 det h\u00f6gra \u00f6ppna hyllan: 34B x 32T x 36H cm (varje)<\/li>\n<li> Maximal belastning: 186 kg (totalt), 120 kg (sits), 10 kg (skohylla), 6 kg (kl\u00e4dst\u00e5ng), 5 kg (\u00f6ppen hylla), 1,5 kg (krok)<\/li>\n<\/ul>\n<p>Leverans inneh\u00e5ller:<\/p>\n<ul>\n<li> 1 x kl\u00e4dh\u00e4ngare<\/li>\n<li> 1 x bruksanvisning<\/li>\n<\/ul>\n","protected":false},"excerpt":{"rendered":"<p>Lider du av en r\u00f6rig entr\u00e9 full av rockar, skor och v\u00e4skor? [BRAND NAME] kl\u00e4dh\u00e4ngare med sin 5-i-1-design \u00e4r l\u00f6sningen&#8230;.<\/p>\n","protected":false},"featured_media":96337,"template":"","meta":[],"product_brand":[],"product_cat":[893,871,560],"product_tag":[],"class_list":{"0":"post-96354","1":"product","2":"type-product","3":"status-publish","4":"has-post-thumbnail","6":"product_cat-garderob-hall","7":"product_cat-hus-hem","8":"product_cat-kladhangare","10":"first","11":"instock","12":"sale","13":"taxable","14":"shipping-taxable","15":"purchasable","16":"product-type-simple"},"yoast_head":"<!-- This site is optimized with the Yoast SEO plugin v25.4 - https:\/\/yoast.com\/wordpress\/plugins\/seo\/ -->\n<title>TRUUSK Garderobsst\u00e4llning Med Skohylla - Kl\u00e4dh\u00e4ngare - Rockst\u00e4llning - Sittb\u00e4nk - Kudde - F\u00f6r Hall och Entr\u00e9omr\u00e5de - Naturtr\u00e4 - TRUUSK - Hem, Tr\u00e4dg\u00e5rd &amp; Fritid<\/title>\n<meta name=\"robots\" content=\"index, follow, max-snippet:-1, max-image-preview:large, max-video-preview:-1\" \/>\n<link rel=\"canonical\" href=\"https:\/\/truusk.store\/sv\/produkt\/truusk-garderobsstallning-med-skohylla-kladhangare-rockstallning-sittbank-kudde-for-hall-och-entreomrade-naturtra\/\" \/>\n<meta property=\"og:locale\" content=\"sv_SE\" \/>\n<meta property=\"og:type\" content=\"article\" \/>\n<meta property=\"og:title\" content=\"TRUUSK Garderobsst\u00e4llning Med Skohylla - Kl\u00e4dh\u00e4ngare - Rockst\u00e4llning - Sittb\u00e4nk - Kudde - F\u00f6r Hall och Entr\u00e9omr\u00e5de - Naturtr\u00e4 - TRUUSK - Hem, Tr\u00e4dg\u00e5rd &amp; Fritid\" \/>\n<meta property=\"og:description\" content=\"Lider du av en r\u00f6rig entr\u00e9 full av rockar, skor och v\u00e4skor? [BRAND NAME] kl\u00e4dh\u00e4ngare med sin 5-i-1-design \u00e4r l\u00f6sningen....\" \/>\n<meta property=\"og:url\" content=\"https:\/\/truusk.store\/sv\/produkt\/truusk-garderobsstallning-med-skohylla-kladhangare-rockstallning-sittbank-kudde-for-hall-och-entreomrade-naturtra\/\" \/>\n<meta property=\"og:site_name\" content=\"TRUUSK - Hem, Tr\u00e4dg\u00e5rd &amp; Fritid\" \/>\n<meta property=\"article:modified_time\" content=\"2026-03-12T07:48:57+00:00\" \/>\n<meta property=\"og:image\" content=\"https:\/\/i0.wp.com\/truusk.se\/wp-content\/uploads\/2025\/11\/garderobsstallning-med-skohylla-kladhangare-rockstallning-sittbank-med-kudde-for-hall-entreomrade-naturligt-tra-1.webp?fit=2000%2C2000&ssl=1\" \/>\n\t<meta property=\"og:image:width\" content=\"2000\" \/>\n\t<meta property=\"og:image:height\" content=\"2000\" \/>\n\t<meta property=\"og:image:type\" content=\"image\/webp\" \/>\n<meta name=\"twitter:card\" content=\"summary_large_image\" \/>\n<meta name=\"twitter:label1\" content=\"Ber\u00e4knad l\u00e4stid\" \/>\n\t<meta name=\"twitter:data1\" content=\"1 minut\" \/>\n<!-- \/ Yoast SEO plugin. -->","yoast_head_json":{"title":"TRUUSK Garderobsst\u00e4llning Med Skohylla - Kl\u00e4dh\u00e4ngare - Rockst\u00e4llning - Sittb\u00e4nk - Kudde - F\u00f6r Hall och Entr\u00e9omr\u00e5de - Naturtr\u00e4 - TRUUSK - Hem, Tr\u00e4dg\u00e5rd &amp; Fritid","robots":{"index":"index","follow":"follow","max-snippet":"max-snippet:-1","max-image-preview":"max-image-preview:large","max-video-preview":"max-video-preview:-1"},"canonical":"https:\/\/truusk.store\/sv\/produkt\/truusk-garderobsstallning-med-skohylla-kladhangare-rockstallning-sittbank-kudde-for-hall-och-entreomrade-naturtra\/","og_locale":"sv_SE","og_type":"article","og_title":"TRUUSK Garderobsst\u00e4llning Med Skohylla - Kl\u00e4dh\u00e4ngare - Rockst\u00e4llning - Sittb\u00e4nk - Kudde - F\u00f6r Hall och Entr\u00e9omr\u00e5de - Naturtr\u00e4 - TRUUSK - Hem, Tr\u00e4dg\u00e5rd &amp; Fritid","og_description":"Lider du av en r\u00f6rig entr\u00e9 full av rockar, skor och v\u00e4skor? [BRAND NAME] kl\u00e4dh\u00e4ngare med sin 5-i-1-design \u00e4r l\u00f6sningen....","og_url":"https:\/\/truusk.store\/sv\/produkt\/truusk-garderobsstallning-med-skohylla-kladhangare-rockstallning-sittbank-kudde-for-hall-och-entreomrade-naturtra\/","og_site_name":"TRUUSK - Hem, Tr\u00e4dg\u00e5rd &amp; Fritid","article_modified_time":"2026-03-12T07:48:57+00:00","og_image":[{"width":2000,"height":2000,"url":"https:\/\/i0.wp.com\/truusk.se\/wp-content\/uploads\/2025\/11\/garderobsstallning-med-skohylla-kladhangare-rockstallning-sittbank-med-kudde-for-hall-entreomrade-naturligt-tra-1.webp?fit=2000%2C2000&ssl=1","type":"image\/webp"}],"twitter_card":"summary_large_image","twitter_misc":{"Ber\u00e4knad l\u00e4stid":"1 minut"},"schema":{"@context":"https:\/\/schema.org","@graph":[{"@type":"WebPage","@id":"https:\/\/truusk.store\/sv\/produkt\/truusk-garderobsstallning-med-skohylla-kladhangare-rockstallning-sittbank-kudde-for-hall-och-entreomrade-naturtra\/","url":"https:\/\/truusk.store\/sv\/produkt\/truusk-garderobsstallning-med-skohylla-kladhangare-rockstallning-sittbank-kudde-for-hall-och-entreomrade-naturtra\/","name":"TRUUSK Garderobsst\u00e4llning Med Skohylla - Kl\u00e4dh\u00e4ngare - Rockst\u00e4llning - Sittb\u00e4nk - Kudde - F\u00f6r Hall och Entr\u00e9omr\u00e5de - Naturtr\u00e4 - TRUUSK - Hem, Tr\u00e4dg\u00e5rd &amp; Fritid","isPartOf":{"@id":"https:\/\/truusk.store\/sv\/#website"},"primaryImageOfPage":{"@id":"https:\/\/truusk.store\/sv\/produkt\/truusk-garderobsstallning-med-skohylla-kladhangare-rockstallning-sittbank-kudde-for-hall-och-entreomrade-naturtra\/#primaryimage"},"image":{"@id":"https:\/\/truusk.store\/sv\/produkt\/truusk-garderobsstallning-med-skohylla-kladhangare-rockstallning-sittbank-kudde-for-hall-och-entreomrade-naturtra\/#primaryimage"},"thumbnailUrl":"https:\/\/i0.wp.com\/truusk.store\/wp-content\/uploads\/2025\/11\/garderobsstallning-med-skohylla-kladhangare-rockstallning-sittbank-med-kudde-for-hall-entreomrade-naturligt-tra-1.webp?fit=2000%2C2000&ssl=1","datePublished":"2025-11-24T08:30:23+00:00","dateModified":"2026-03-12T07:48:57+00:00","breadcrumb":{"@id":"https:\/\/truusk.store\/sv\/produkt\/truusk-garderobsstallning-med-skohylla-kladhangare-rockstallning-sittbank-kudde-for-hall-och-entreomrade-naturtra\/#breadcrumb"},"inLanguage":"sv-SE","potentialAction":[{"@type":"ReadAction","target":["https:\/\/truusk.store\/sv\/produkt\/truusk-garderobsstallning-med-skohylla-kladhangare-rockstallning-sittbank-kudde-for-hall-och-entreomrade-naturtra\/"]}]},{"@type":"ImageObject","inLanguage":"sv-SE","@id":"https:\/\/truusk.store\/sv\/produkt\/truusk-garderobsstallning-med-skohylla-kladhangare-rockstallning-sittbank-kudde-for-hall-och-entreomrade-naturtra\/#primaryimage","url":"https:\/\/i0.wp.com\/truusk.store\/wp-content\/uploads\/2025\/11\/garderobsstallning-med-skohylla-kladhangare-rockstallning-sittbank-med-kudde-for-hall-entreomrade-naturligt-tra-1.webp?fit=2000%2C2000&ssl=1","contentUrl":"https:\/\/i0.wp.com\/truusk.store\/wp-content\/uploads\/2025\/11\/garderobsstallning-med-skohylla-kladhangare-rockstallning-sittbank-med-kudde-for-hall-entreomrade-naturligt-tra-1.webp?fit=2000%2C2000&ssl=1","width":2000,"height":2000},{"@type":"BreadcrumbList","@id":"https:\/\/truusk.store\/sv\/produkt\/truusk-garderobsstallning-med-skohylla-kladhangare-rockstallning-sittbank-kudde-for-hall-och-entreomrade-naturtra\/#breadcrumb","itemListElement":[{"@type":"ListItem","position":1,"name":"Home","item":"https:\/\/truusk.store\/sv\/"},{"@type":"ListItem","position":2,"name":"Shop","item":"https:\/\/truusk.store\/shop\/"},{"@type":"ListItem","position":3,"name":"TRUUSK Garderobsst\u00e4llning Med Skohylla &#8211; Kl\u00e4dh\u00e4ngare &#8211; Rockst\u00e4llning &#8211; Sittb\u00e4nk &#8211; Kudde &#8211; F\u00f6r Hall och Entr\u00e9omr\u00e5de &#8211; Naturtr\u00e4"}]},{"@type":"WebSite","@id":"https:\/\/truusk.store\/sv\/#website","url":"https:\/\/truusk.store\/sv\/","name":"TRUUSK - Hem, Tr\u00e4dg\u00e5rd & Fritid","description":"","publisher":{"@id":"https:\/\/truusk.store\/sv\/#organization"},"potentialAction":[{"@type":"SearchAction","target":{"@type":"EntryPoint","urlTemplate":"https:\/\/truusk.store\/sv\/?s={search_term_string}"},"query-input":{"@type":"PropertyValueSpecification","valueRequired":true,"valueName":"search_term_string"}}],"inLanguage":"sv-SE"},{"@type":"Organization","@id":"https:\/\/truusk.store\/sv\/#organization","name":"TRUUSK - Hem, Tr\u00e4dg\u00e5rd & Fritid","url":"https:\/\/truusk.store\/sv\/","logo":{"@type":"ImageObject","inLanguage":"sv-SE","@id":"https:\/\/truusk.store\/sv\/#\/schema\/logo\/image\/","url":"https:\/\/i0.wp.com\/truusk.store\/wp-content\/uploads\/2026\/03\/cropped-TRUUSK.png?fit=2032%2C917&ssl=1","contentUrl":"https:\/\/i0.wp.com\/truusk.store\/wp-content\/uploads\/2026\/03\/cropped-TRUUSK.png?fit=2032%2C917&ssl=1","width":2032,"height":917,"caption":"TRUUSK - Hem, Tr\u00e4dg\u00e5rd & Fritid"},"image":{"@id":"https:\/\/truusk.store\/sv\/#\/schema\/logo\/image\/"}}]}},"jetpack_sharing_enabled":true,"_links":{"self":[{"href":"https:\/\/truusk.store\/sv\/wp-json\/wp\/v2\/product\/96354","targetHints":{"allow":["GET"]}}],"collection":[{"href":"https:\/\/truusk.store\/sv\/wp-json\/wp\/v2\/product"}],"about":[{"href":"https:\/\/truusk.store\/sv\/wp-json\/wp\/v2\/types\/product"}],"wp:featuredmedia":[{"embeddable":true,"href":"https:\/\/truusk.store\/sv\/wp-json\/wp\/v2\/media\/96337"}],"wp:attachment":[{"href":"https:\/\/truusk.store\/sv\/wp-json\/wp\/v2\/media?parent=96354"}],"wp:term":[{"taxonomy":"product_brand","embeddable":true,"href":"https:\/\/truusk.store\/sv\/wp-json\/wp\/v2\/product_brand?post=96354"},{"taxonomy":"product_cat","embeddable":true,"href":"https:\/\/truusk.store\/sv\/wp-json\/wp\/v2\/product_cat?post=96354"},{"taxonomy":"product_tag","embeddable":true,"href":"https:\/\/truusk.store\/sv\/wp-json\/wp\/v2\/product_tag?post=96354"}],"curies":[{"name":"wp","href":"https:\/\/api.w.org\/{rel}","templated":true}]}}