{"id":96362,"date":"2025-11-24T09:31:31","date_gmt":"2025-11-24T08:31:31","guid":{"rendered":"https:\/\/truusk.store\/product\/nattduksbord-nattskap-med-lada-oppet-fack-nattbord-for-sovrum-vardagsrum-35-x-26-x-50-cm-ek\/"},"modified":"2026-03-12T08:48:58","modified_gmt":"2026-03-12T07:48:58","slug":"truusk-nattduksbord-med-lada-oppet-fack-35-x-26-x-50-cm-ek","status":"publish","type":"product","link":"https:\/\/truusk.store\/sv\/produkt\/truusk-nattduksbord-med-lada-oppet-fack-35-x-26-x-50-cm-ek\/","title":{"rendered":"TRUUSK Nattduksbord &#8211; Med L\u00e5da &#8211; \u00f6ppet Fack &#8211; 35 X 26 X 50 Cm &#8211; Ek"},"content":{"rendered":"<p>\u00c4r ditt sovrum \u00f6verfullt med f\u00f6r mycket prylar p\u00e5 liten yta? Den st\u00e4ndiga r\u00f6ran kan skapa oro ist\u00e4llet f\u00f6r lugn. Det kompakta [BRAND NAME] nattduksbordet \u00e4r l\u00f6sningen. Den praktiska l\u00e5dan och hyllan p\u00e5 sidobordet rymmer dina viktigaste saker, och dess solida konstruktion erbjuder en stabil plats f\u00f6r lampa och b\u00f6cker. Detta utrymmesbesparande nattduksbord f\u00f6rvandlar ett tr\u00e5ngt h\u00f6rn till en funktionell, lugn oas som underl\u00e4ttar och stabiliserar din kv\u00e4llsrutin.<\/p>\n<p>Beskrivning:<\/p>\n<ul>\n<li> Kombinerar en l\u00e5da och en hylla, h\u00e5ller viktiga f\u00f6rem\u00e5l organiserade<\/li>\n<li> Den h\u00f6jda basen p\u00e5 nattduksbordet underl\u00e4ttar reng\u00f6ring under och g\u00f6r det anstr\u00e4ngningsl\u00f6st.<\/li>\n<li> H\u00f6jd bas p\u00e5 nattduksbordet underl\u00e4ttar reng\u00f6ring under<\/li>\n<li> Tillverkad av sp\u00e5nskiva med en stabil ram, b\u00e4r upp till 30 kg<\/li>\n<li> Fotdynor p\u00e5 nattduksbordet skyddar golvet och \u00f6kar stabiliteten<\/li>\n<li> Ekstruktur med matta svarta detaljer f\u00f6rb\u00e4ttrar rumsdekorationen<\/li>\n<li> M\u00e5ngsidig design, idealisk som sidobord i vardagsrummet<\/li>\n<li> Montering kr\u00e4vs<\/li>\n<\/ul>\n<p> Tekniska data:<\/p>\n<ul>\n<li> F\u00e4rg: Ek<\/li>\n<li> Material: Sp\u00e5nskiva (FSC)<\/li>\n<li> Totala dimensioner: 35B x 26D x 50H cm<\/li>\n<li> Storlek p\u00e5 l\u00e5dfront: 32B x 13,6H cm<\/li>\n<li> Inre storlek p\u00e5 l\u00e5dan: 28,5B x 20D x 7H cm<\/li>\n<li> Storlek p\u00e5 det \u00f6ppna f\u00f6rvaringsfacket: 32B x 24D x 15H cm<\/li>\n<li> Golvh\u00f6jd fr\u00e5n golvet: 15 cm<\/li>\n<li> B\u00e4rkapacitet: 5 kg (l\u00e5da), 30 kg (totalt)<\/li>\n<\/ul>\n<p>Leveransinneh\u00e5ll:<\/p>\n<ul>\n<li> 1 x Nattduksbord<\/li>\n<li> 1 x Handbok<\/li>\n<\/ul>\n","protected":false},"excerpt":{"rendered":"<p>\u00c4r ditt sovrum \u00f6verfullt med f\u00f6r mycket prylar p\u00e5 liten yta? Den st\u00e4ndiga r\u00f6ran kan skapa oro ist\u00e4llet f\u00f6r lugn&#8230;.<\/p>\n","protected":false},"featured_media":96347,"template":"","meta":[],"product_brand":[],"product_cat":[871,506,897],"product_tag":[],"class_list":{"0":"post-96362","1":"product","2":"type-product","3":"status-publish","4":"has-post-thumbnail","6":"product_cat-hus-hem","7":"product_cat-nattduksbord","8":"product_cat-sovrum","10":"first","11":"instock","12":"sale","13":"taxable","14":"shipping-taxable","15":"purchasable","16":"product-type-simple"},"yoast_head":"<!-- This site is optimized with the Yoast SEO plugin v25.4 - https:\/\/yoast.com\/wordpress\/plugins\/seo\/ -->\n<title>TRUUSK Nattduksbord - Med L\u00e5da - \u00f6ppet Fack - 35 X 26 X 50 Cm - Ek - TRUUSK - Hem, Tr\u00e4dg\u00e5rd &amp; Fritid<\/title>\n<meta name=\"robots\" content=\"index, follow, max-snippet:-1, max-image-preview:large, max-video-preview:-1\" \/>\n<link rel=\"canonical\" href=\"https:\/\/truusk.store\/sv\/produkt\/truusk-nattduksbord-med-lada-oppet-fack-35-x-26-x-50-cm-ek\/\" \/>\n<meta property=\"og:locale\" content=\"sv_SE\" \/>\n<meta property=\"og:type\" content=\"article\" \/>\n<meta property=\"og:title\" content=\"TRUUSK Nattduksbord - Med L\u00e5da - \u00f6ppet Fack - 35 X 26 X 50 Cm - Ek - TRUUSK - Hem, Tr\u00e4dg\u00e5rd &amp; Fritid\" \/>\n<meta property=\"og:description\" content=\"\u00c4r ditt sovrum \u00f6verfullt med f\u00f6r mycket prylar p\u00e5 liten yta? Den st\u00e4ndiga r\u00f6ran kan skapa oro ist\u00e4llet f\u00f6r lugn....\" \/>\n<meta property=\"og:url\" content=\"https:\/\/truusk.store\/sv\/produkt\/truusk-nattduksbord-med-lada-oppet-fack-35-x-26-x-50-cm-ek\/\" \/>\n<meta property=\"og:site_name\" content=\"TRUUSK - Hem, Tr\u00e4dg\u00e5rd &amp; Fritid\" \/>\n<meta property=\"article:modified_time\" content=\"2026-03-12T07:48:58+00:00\" \/>\n<meta property=\"og:image\" content=\"https:\/\/i0.wp.com\/truusk.se\/wp-content\/uploads\/2025\/11\/nattduksbord-nattskap-med-lada-oppet-fack-nattbord-for-sovrum-vardagsrum-35-x-26-x-50-cm-ek-1.webp?fit=2000%2C2000&ssl=1\" \/>\n\t<meta property=\"og:image:width\" content=\"2000\" \/>\n\t<meta property=\"og:image:height\" content=\"2000\" \/>\n\t<meta property=\"og:image:type\" content=\"image\/webp\" \/>\n<meta name=\"twitter:card\" content=\"summary_large_image\" \/>\n<meta name=\"twitter:label1\" content=\"Ber\u00e4knad l\u00e4stid\" \/>\n\t<meta name=\"twitter:data1\" content=\"1 minut\" \/>\n<!-- \/ Yoast SEO plugin. -->","yoast_head_json":{"title":"TRUUSK Nattduksbord - Med L\u00e5da - \u00f6ppet Fack - 35 X 26 X 50 Cm - Ek - TRUUSK - Hem, Tr\u00e4dg\u00e5rd &amp; Fritid","robots":{"index":"index","follow":"follow","max-snippet":"max-snippet:-1","max-image-preview":"max-image-preview:large","max-video-preview":"max-video-preview:-1"},"canonical":"https:\/\/truusk.store\/sv\/produkt\/truusk-nattduksbord-med-lada-oppet-fack-35-x-26-x-50-cm-ek\/","og_locale":"sv_SE","og_type":"article","og_title":"TRUUSK Nattduksbord - Med L\u00e5da - \u00f6ppet Fack - 35 X 26 X 50 Cm - Ek - TRUUSK - Hem, Tr\u00e4dg\u00e5rd &amp; Fritid","og_description":"\u00c4r ditt sovrum \u00f6verfullt med f\u00f6r mycket prylar p\u00e5 liten yta? Den st\u00e4ndiga r\u00f6ran kan skapa oro ist\u00e4llet f\u00f6r lugn....","og_url":"https:\/\/truusk.store\/sv\/produkt\/truusk-nattduksbord-med-lada-oppet-fack-35-x-26-x-50-cm-ek\/","og_site_name":"TRUUSK - Hem, Tr\u00e4dg\u00e5rd &amp; Fritid","article_modified_time":"2026-03-12T07:48:58+00:00","og_image":[{"width":2000,"height":2000,"url":"https:\/\/i0.wp.com\/truusk.se\/wp-content\/uploads\/2025\/11\/nattduksbord-nattskap-med-lada-oppet-fack-nattbord-for-sovrum-vardagsrum-35-x-26-x-50-cm-ek-1.webp?fit=2000%2C2000&ssl=1","type":"image\/webp"}],"twitter_card":"summary_large_image","twitter_misc":{"Ber\u00e4knad l\u00e4stid":"1 minut"},"schema":{"@context":"https:\/\/schema.org","@graph":[{"@type":"WebPage","@id":"https:\/\/truusk.store\/sv\/produkt\/truusk-nattduksbord-med-lada-oppet-fack-35-x-26-x-50-cm-ek\/","url":"https:\/\/truusk.store\/sv\/produkt\/truusk-nattduksbord-med-lada-oppet-fack-35-x-26-x-50-cm-ek\/","name":"TRUUSK Nattduksbord - Med L\u00e5da - \u00f6ppet Fack - 35 X 26 X 50 Cm - Ek - TRUUSK - Hem, Tr\u00e4dg\u00e5rd &amp; Fritid","isPartOf":{"@id":"https:\/\/truusk.store\/sv\/#website"},"primaryImageOfPage":{"@id":"https:\/\/truusk.store\/sv\/produkt\/truusk-nattduksbord-med-lada-oppet-fack-35-x-26-x-50-cm-ek\/#primaryimage"},"image":{"@id":"https:\/\/truusk.store\/sv\/produkt\/truusk-nattduksbord-med-lada-oppet-fack-35-x-26-x-50-cm-ek\/#primaryimage"},"thumbnailUrl":"https:\/\/i0.wp.com\/truusk.store\/wp-content\/uploads\/2025\/11\/nattduksbord-nattskap-med-lada-oppet-fack-nattbord-for-sovrum-vardagsrum-35-x-26-x-50-cm-ek-1.webp?fit=2000%2C2000&ssl=1","datePublished":"2025-11-24T08:31:31+00:00","dateModified":"2026-03-12T07:48:58+00:00","breadcrumb":{"@id":"https:\/\/truusk.store\/sv\/produkt\/truusk-nattduksbord-med-lada-oppet-fack-35-x-26-x-50-cm-ek\/#breadcrumb"},"inLanguage":"sv-SE","potentialAction":[{"@type":"ReadAction","target":["https:\/\/truusk.store\/sv\/produkt\/truusk-nattduksbord-med-lada-oppet-fack-35-x-26-x-50-cm-ek\/"]}]},{"@type":"ImageObject","inLanguage":"sv-SE","@id":"https:\/\/truusk.store\/sv\/produkt\/truusk-nattduksbord-med-lada-oppet-fack-35-x-26-x-50-cm-ek\/#primaryimage","url":"https:\/\/i0.wp.com\/truusk.store\/wp-content\/uploads\/2025\/11\/nattduksbord-nattskap-med-lada-oppet-fack-nattbord-for-sovrum-vardagsrum-35-x-26-x-50-cm-ek-1.webp?fit=2000%2C2000&ssl=1","contentUrl":"https:\/\/i0.wp.com\/truusk.store\/wp-content\/uploads\/2025\/11\/nattduksbord-nattskap-med-lada-oppet-fack-nattbord-for-sovrum-vardagsrum-35-x-26-x-50-cm-ek-1.webp?fit=2000%2C2000&ssl=1","width":2000,"height":2000},{"@type":"BreadcrumbList","@id":"https:\/\/truusk.store\/sv\/produkt\/truusk-nattduksbord-med-lada-oppet-fack-35-x-26-x-50-cm-ek\/#breadcrumb","itemListElement":[{"@type":"ListItem","position":1,"name":"Home","item":"https:\/\/truusk.store\/sv\/"},{"@type":"ListItem","position":2,"name":"Shop","item":"https:\/\/truusk.store\/shop\/"},{"@type":"ListItem","position":3,"name":"TRUUSK Nattduksbord &#8211; Med L\u00e5da &#8211; \u00f6ppet Fack &#8211; 35 X 26 X 50 Cm &#8211; Ek"}]},{"@type":"WebSite","@id":"https:\/\/truusk.store\/sv\/#website","url":"https:\/\/truusk.store\/sv\/","name":"TRUUSK - Hem, Tr\u00e4dg\u00e5rd & Fritid","description":"","publisher":{"@id":"https:\/\/truusk.store\/sv\/#organization"},"potentialAction":[{"@type":"SearchAction","target":{"@type":"EntryPoint","urlTemplate":"https:\/\/truusk.store\/sv\/?s={search_term_string}"},"query-input":{"@type":"PropertyValueSpecification","valueRequired":true,"valueName":"search_term_string"}}],"inLanguage":"sv-SE"},{"@type":"Organization","@id":"https:\/\/truusk.store\/sv\/#organization","name":"TRUUSK - Hem, Tr\u00e4dg\u00e5rd & Fritid","url":"https:\/\/truusk.store\/sv\/","logo":{"@type":"ImageObject","inLanguage":"sv-SE","@id":"https:\/\/truusk.store\/sv\/#\/schema\/logo\/image\/","url":"https:\/\/i0.wp.com\/truusk.store\/wp-content\/uploads\/2026\/03\/cropped-TRUUSK.png?fit=2032%2C917&ssl=1","contentUrl":"https:\/\/i0.wp.com\/truusk.store\/wp-content\/uploads\/2026\/03\/cropped-TRUUSK.png?fit=2032%2C917&ssl=1","width":2032,"height":917,"caption":"TRUUSK - Hem, Tr\u00e4dg\u00e5rd & Fritid"},"image":{"@id":"https:\/\/truusk.store\/sv\/#\/schema\/logo\/image\/"}}]}},"jetpack_sharing_enabled":true,"_links":{"self":[{"href":"https:\/\/truusk.store\/sv\/wp-json\/wp\/v2\/product\/96362","targetHints":{"allow":["GET"]}}],"collection":[{"href":"https:\/\/truusk.store\/sv\/wp-json\/wp\/v2\/product"}],"about":[{"href":"https:\/\/truusk.store\/sv\/wp-json\/wp\/v2\/types\/product"}],"wp:featuredmedia":[{"embeddable":true,"href":"https:\/\/truusk.store\/sv\/wp-json\/wp\/v2\/media\/96347"}],"wp:attachment":[{"href":"https:\/\/truusk.store\/sv\/wp-json\/wp\/v2\/media?parent=96362"}],"wp:term":[{"taxonomy":"product_brand","embeddable":true,"href":"https:\/\/truusk.store\/sv\/wp-json\/wp\/v2\/product_brand?post=96362"},{"taxonomy":"product_cat","embeddable":true,"href":"https:\/\/truusk.store\/sv\/wp-json\/wp\/v2\/product_cat?post=96362"},{"taxonomy":"product_tag","embeddable":true,"href":"https:\/\/truusk.store\/sv\/wp-json\/wp\/v2\/product_tag?post=96362"}],"curies":[{"name":"wp","href":"https:\/\/api.w.org\/{rel}","templated":true}]}}