{"id":96384,"date":"2025-11-24T09:33:49","date_gmt":"2025-11-24T08:33:49","guid":{"rendered":"https:\/\/truusk.store\/product\/bokskap-hogskap-vitrinskap-med-3-lador-3-oppna-hyllor-for-vardagsrum-kok-79x395x180-cm-vit\/"},"modified":"2026-03-12T08:49:00","modified_gmt":"2026-03-12T07:49:00","slug":"truusk-bokskap-hogskap-vitrinskap-med-3-lador-och-3-oppna-hyllor-for-vardagsrum-och-kok-79x395x180-cm-vit","status":"publish","type":"product","link":"https:\/\/truusk.store\/sv\/produkt\/truusk-bokskap-hogskap-vitrinskap-med-3-lador-och-3-oppna-hyllor-for-vardagsrum-och-kok-79x395x180-cm-vit\/","title":{"rendered":"TRUUSK Boksk\u00e5p H\u00f6gsk\u00e5p Vitrinsk\u00e5p &#8211; Med 3 L\u00e5dor och 3 \u00f6ppna Hyllor &#8211; F\u00f6r Vardagsrum och K\u00f6k &#8211; 79&#215;39,5&#215;180 Cm &#8211; Vit"},"content":{"rendered":"<p>Ett oordnat och os\u00e4kert hem? R\u00e4dslan f\u00f6r att m\u00f6bler ska v\u00e4lta och kaos st\u00f6r friden. [BRAND NAME] bokhylla \u00e5terst\u00e4ller ordning och s\u00e4kerhet. Boksk\u00e5pets breda l\u00e5dor d\u00f6ljer oordning, \u00f6ppna fack ordnar allt fr\u00e5n b\u00f6cker till foton. Utrustad med ett tippskydd, s\u00e4krar bokhyllan p\u00e5litligt och bevarar din familjs lugn och s\u00e4kerhet.<\/p>\n<p>Beskrivning:<\/p>\n<ul>\n<li> Boksk\u00e5pet erbjuder tre \u00f6ppna hyllor och tre l\u00e5dor f\u00f6r m\u00e5ngsidiga visnings- och lagringsm\u00f6jligheter<\/li>\n<li> Modern design av bokhyllan passar in i vardagsrum, studierum, hemmakontor, sovrum och mer<\/li>\n<li> Bred anv\u00e4ndning som bokhylla, sk\u00e5p, k\u00f6kssk\u00e5p eller arkivsk\u00e5p<\/li>\n<li> Inkluderar anti-tip set f\u00f6r v\u00e4ggmontering f\u00f6r att s\u00e4kerst\u00e4lla din familjs s\u00e4kerhet<\/li>\n<li> FSC-certifierad sp\u00e5nskiva ram av bokhyllan b\u00e4r upp till 60 kg<\/li>\n<li> Melamin yta av boksk\u00e5pet \u00e4r vatten- och repfast, l\u00e4tt att reng\u00f6ra<\/li>\n<li> Enkel montering kr\u00e4vs<\/li>\n<\/ul>\n<p> Tekniska data:<\/p>\n<ul>\n<li> F\u00e4rg: Vit<\/li>\n<li> Material: Sp\u00e5nskiva<\/li>\n<li> Totala dimensioner: 79B x 39,5T x 180H cm<\/li>\n<li> \u00d6ppen hyllstorlek: 75B x 18,5T x 29,5H cm<\/li>\n<li> Inre l\u00e5dm\u00e5tt: 69,3B x 28,5T x 18,5H cm<\/li>\n<li> Maximal belastning: 5 kg (hylla\/l\u00e5da), 10 kg (arbetsyta), 60 kg (totalt)<\/li>\n<\/ul>\n<p>Leverans inneh\u00e5ller:<\/p>\n<ul>\n<li> 1 x Bokhylla<\/li>\n<li> 1 x Handbok<\/li>\n<\/ul>\n","protected":false},"excerpt":{"rendered":"<p>Ett oordnat och os\u00e4kert hem? R\u00e4dslan f\u00f6r att m\u00f6bler ska v\u00e4lta och kaos st\u00f6r friden. [BRAND NAME] bokhylla \u00e5terst\u00e4ller ordning&#8230;<\/p>\n","protected":false},"featured_media":96365,"template":"","meta":[],"product_brand":[],"product_cat":[977,872,871],"product_tag":[],"class_list":{"0":"post-96384","1":"product","2":"type-product","3":"status-publish","4":"has-post-thumbnail","6":"product_cat-bok-staende-hyllor","7":"product_cat-hemmakontor-arbetsplats","8":"product_cat-hus-hem","10":"first","11":"instock","12":"sale","13":"taxable","14":"shipping-taxable","15":"purchasable","16":"product-type-simple"},"yoast_head":"<!-- This site is optimized with the Yoast SEO plugin v25.4 - https:\/\/yoast.com\/wordpress\/plugins\/seo\/ -->\n<title>TRUUSK Boksk\u00e5p H\u00f6gsk\u00e5p Vitrinsk\u00e5p - Med 3 L\u00e5dor och 3 \u00f6ppna Hyllor - F\u00f6r Vardagsrum och K\u00f6k - 79x39,5x180 Cm - Vit - TRUUSK - Hem, Tr\u00e4dg\u00e5rd &amp; Fritid<\/title>\n<meta name=\"robots\" content=\"index, follow, max-snippet:-1, max-image-preview:large, max-video-preview:-1\" \/>\n<link rel=\"canonical\" href=\"https:\/\/truusk.store\/sv\/produkt\/truusk-bokskap-hogskap-vitrinskap-med-3-lador-och-3-oppna-hyllor-for-vardagsrum-och-kok-79x395x180-cm-vit\/\" \/>\n<meta property=\"og:locale\" content=\"sv_SE\" \/>\n<meta property=\"og:type\" content=\"article\" \/>\n<meta property=\"og:title\" content=\"TRUUSK Boksk\u00e5p H\u00f6gsk\u00e5p Vitrinsk\u00e5p - Med 3 L\u00e5dor och 3 \u00f6ppna Hyllor - F\u00f6r Vardagsrum och K\u00f6k - 79x39,5x180 Cm - Vit - TRUUSK - Hem, Tr\u00e4dg\u00e5rd &amp; Fritid\" \/>\n<meta property=\"og:description\" content=\"Ett oordnat och os\u00e4kert hem? R\u00e4dslan f\u00f6r att m\u00f6bler ska v\u00e4lta och kaos st\u00f6r friden. [BRAND NAME] bokhylla \u00e5terst\u00e4ller ordning...\" \/>\n<meta property=\"og:url\" content=\"https:\/\/truusk.store\/sv\/produkt\/truusk-bokskap-hogskap-vitrinskap-med-3-lador-och-3-oppna-hyllor-for-vardagsrum-och-kok-79x395x180-cm-vit\/\" \/>\n<meta property=\"og:site_name\" content=\"TRUUSK - Hem, Tr\u00e4dg\u00e5rd &amp; Fritid\" \/>\n<meta property=\"article:modified_time\" content=\"2026-03-12T07:49:00+00:00\" \/>\n<meta property=\"og:image\" content=\"https:\/\/i0.wp.com\/truusk.se\/wp-content\/uploads\/2025\/11\/bokskap-hogskap-vitrinskap-med-3-lador-3-oppna-hyllor-for-vardagsrum-kok-79x395x180-cm-vit-1.webp?fit=2000%2C2000&ssl=1\" \/>\n\t<meta property=\"og:image:width\" content=\"2000\" \/>\n\t<meta property=\"og:image:height\" content=\"2000\" \/>\n\t<meta property=\"og:image:type\" content=\"image\/webp\" \/>\n<meta name=\"twitter:card\" content=\"summary_large_image\" \/>\n<meta name=\"twitter:label1\" content=\"Ber\u00e4knad l\u00e4stid\" \/>\n\t<meta name=\"twitter:data1\" content=\"1 minut\" \/>\n<!-- \/ Yoast SEO plugin. -->","yoast_head_json":{"title":"TRUUSK Boksk\u00e5p H\u00f6gsk\u00e5p Vitrinsk\u00e5p - Med 3 L\u00e5dor och 3 \u00f6ppna Hyllor - F\u00f6r Vardagsrum och K\u00f6k - 79x39,5x180 Cm - Vit - TRUUSK - Hem, Tr\u00e4dg\u00e5rd &amp; Fritid","robots":{"index":"index","follow":"follow","max-snippet":"max-snippet:-1","max-image-preview":"max-image-preview:large","max-video-preview":"max-video-preview:-1"},"canonical":"https:\/\/truusk.store\/sv\/produkt\/truusk-bokskap-hogskap-vitrinskap-med-3-lador-och-3-oppna-hyllor-for-vardagsrum-och-kok-79x395x180-cm-vit\/","og_locale":"sv_SE","og_type":"article","og_title":"TRUUSK Boksk\u00e5p H\u00f6gsk\u00e5p Vitrinsk\u00e5p - Med 3 L\u00e5dor och 3 \u00f6ppna Hyllor - F\u00f6r Vardagsrum och K\u00f6k - 79x39,5x180 Cm - Vit - TRUUSK - Hem, Tr\u00e4dg\u00e5rd &amp; Fritid","og_description":"Ett oordnat och os\u00e4kert hem? R\u00e4dslan f\u00f6r att m\u00f6bler ska v\u00e4lta och kaos st\u00f6r friden. [BRAND NAME] bokhylla \u00e5terst\u00e4ller ordning...","og_url":"https:\/\/truusk.store\/sv\/produkt\/truusk-bokskap-hogskap-vitrinskap-med-3-lador-och-3-oppna-hyllor-for-vardagsrum-och-kok-79x395x180-cm-vit\/","og_site_name":"TRUUSK - Hem, Tr\u00e4dg\u00e5rd &amp; Fritid","article_modified_time":"2026-03-12T07:49:00+00:00","og_image":[{"width":2000,"height":2000,"url":"https:\/\/i0.wp.com\/truusk.se\/wp-content\/uploads\/2025\/11\/bokskap-hogskap-vitrinskap-med-3-lador-3-oppna-hyllor-for-vardagsrum-kok-79x395x180-cm-vit-1.webp?fit=2000%2C2000&ssl=1","type":"image\/webp"}],"twitter_card":"summary_large_image","twitter_misc":{"Ber\u00e4knad l\u00e4stid":"1 minut"},"schema":{"@context":"https:\/\/schema.org","@graph":[{"@type":"WebPage","@id":"https:\/\/truusk.store\/sv\/produkt\/truusk-bokskap-hogskap-vitrinskap-med-3-lador-och-3-oppna-hyllor-for-vardagsrum-och-kok-79x395x180-cm-vit\/","url":"https:\/\/truusk.store\/sv\/produkt\/truusk-bokskap-hogskap-vitrinskap-med-3-lador-och-3-oppna-hyllor-for-vardagsrum-och-kok-79x395x180-cm-vit\/","name":"TRUUSK Boksk\u00e5p H\u00f6gsk\u00e5p Vitrinsk\u00e5p - Med 3 L\u00e5dor och 3 \u00f6ppna Hyllor - F\u00f6r Vardagsrum och K\u00f6k - 79x39,5x180 Cm - Vit - TRUUSK - Hem, Tr\u00e4dg\u00e5rd &amp; Fritid","isPartOf":{"@id":"https:\/\/truusk.store\/sv\/#website"},"primaryImageOfPage":{"@id":"https:\/\/truusk.store\/sv\/produkt\/truusk-bokskap-hogskap-vitrinskap-med-3-lador-och-3-oppna-hyllor-for-vardagsrum-och-kok-79x395x180-cm-vit\/#primaryimage"},"image":{"@id":"https:\/\/truusk.store\/sv\/produkt\/truusk-bokskap-hogskap-vitrinskap-med-3-lador-och-3-oppna-hyllor-for-vardagsrum-och-kok-79x395x180-cm-vit\/#primaryimage"},"thumbnailUrl":"https:\/\/i0.wp.com\/truusk.store\/wp-content\/uploads\/2025\/11\/bokskap-hogskap-vitrinskap-med-3-lador-3-oppna-hyllor-for-vardagsrum-kok-79x395x180-cm-vit-1.webp?fit=2000%2C2000&ssl=1","datePublished":"2025-11-24T08:33:49+00:00","dateModified":"2026-03-12T07:49:00+00:00","breadcrumb":{"@id":"https:\/\/truusk.store\/sv\/produkt\/truusk-bokskap-hogskap-vitrinskap-med-3-lador-och-3-oppna-hyllor-for-vardagsrum-och-kok-79x395x180-cm-vit\/#breadcrumb"},"inLanguage":"sv-SE","potentialAction":[{"@type":"ReadAction","target":["https:\/\/truusk.store\/sv\/produkt\/truusk-bokskap-hogskap-vitrinskap-med-3-lador-och-3-oppna-hyllor-for-vardagsrum-och-kok-79x395x180-cm-vit\/"]}]},{"@type":"ImageObject","inLanguage":"sv-SE","@id":"https:\/\/truusk.store\/sv\/produkt\/truusk-bokskap-hogskap-vitrinskap-med-3-lador-och-3-oppna-hyllor-for-vardagsrum-och-kok-79x395x180-cm-vit\/#primaryimage","url":"https:\/\/i0.wp.com\/truusk.store\/wp-content\/uploads\/2025\/11\/bokskap-hogskap-vitrinskap-med-3-lador-3-oppna-hyllor-for-vardagsrum-kok-79x395x180-cm-vit-1.webp?fit=2000%2C2000&ssl=1","contentUrl":"https:\/\/i0.wp.com\/truusk.store\/wp-content\/uploads\/2025\/11\/bokskap-hogskap-vitrinskap-med-3-lador-3-oppna-hyllor-for-vardagsrum-kok-79x395x180-cm-vit-1.webp?fit=2000%2C2000&ssl=1","width":2000,"height":2000},{"@type":"BreadcrumbList","@id":"https:\/\/truusk.store\/sv\/produkt\/truusk-bokskap-hogskap-vitrinskap-med-3-lador-och-3-oppna-hyllor-for-vardagsrum-och-kok-79x395x180-cm-vit\/#breadcrumb","itemListElement":[{"@type":"ListItem","position":1,"name":"Home","item":"https:\/\/truusk.store\/sv\/"},{"@type":"ListItem","position":2,"name":"Shop","item":"https:\/\/truusk.store\/shop\/"},{"@type":"ListItem","position":3,"name":"TRUUSK Boksk\u00e5p H\u00f6gsk\u00e5p Vitrinsk\u00e5p &#8211; Med 3 L\u00e5dor och 3 \u00f6ppna Hyllor &#8211; F\u00f6r Vardagsrum och K\u00f6k &#8211; 79&#215;39,5&#215;180 Cm &#8211; Vit"}]},{"@type":"WebSite","@id":"https:\/\/truusk.store\/sv\/#website","url":"https:\/\/truusk.store\/sv\/","name":"TRUUSK - Hem, Tr\u00e4dg\u00e5rd & Fritid","description":"","publisher":{"@id":"https:\/\/truusk.store\/sv\/#organization"},"potentialAction":[{"@type":"SearchAction","target":{"@type":"EntryPoint","urlTemplate":"https:\/\/truusk.store\/sv\/?s={search_term_string}"},"query-input":{"@type":"PropertyValueSpecification","valueRequired":true,"valueName":"search_term_string"}}],"inLanguage":"sv-SE"},{"@type":"Organization","@id":"https:\/\/truusk.store\/sv\/#organization","name":"TRUUSK - Hem, Tr\u00e4dg\u00e5rd & Fritid","url":"https:\/\/truusk.store\/sv\/","logo":{"@type":"ImageObject","inLanguage":"sv-SE","@id":"https:\/\/truusk.store\/sv\/#\/schema\/logo\/image\/","url":"https:\/\/i0.wp.com\/truusk.store\/wp-content\/uploads\/2026\/03\/cropped-TRUUSK.png?fit=2032%2C917&ssl=1","contentUrl":"https:\/\/i0.wp.com\/truusk.store\/wp-content\/uploads\/2026\/03\/cropped-TRUUSK.png?fit=2032%2C917&ssl=1","width":2032,"height":917,"caption":"TRUUSK - Hem, Tr\u00e4dg\u00e5rd & Fritid"},"image":{"@id":"https:\/\/truusk.store\/sv\/#\/schema\/logo\/image\/"}}]}},"jetpack_sharing_enabled":true,"_links":{"self":[{"href":"https:\/\/truusk.store\/sv\/wp-json\/wp\/v2\/product\/96384","targetHints":{"allow":["GET"]}}],"collection":[{"href":"https:\/\/truusk.store\/sv\/wp-json\/wp\/v2\/product"}],"about":[{"href":"https:\/\/truusk.store\/sv\/wp-json\/wp\/v2\/types\/product"}],"wp:featuredmedia":[{"embeddable":true,"href":"https:\/\/truusk.store\/sv\/wp-json\/wp\/v2\/media\/96365"}],"wp:attachment":[{"href":"https:\/\/truusk.store\/sv\/wp-json\/wp\/v2\/media?parent=96384"}],"wp:term":[{"taxonomy":"product_brand","embeddable":true,"href":"https:\/\/truusk.store\/sv\/wp-json\/wp\/v2\/product_brand?post=96384"},{"taxonomy":"product_cat","embeddable":true,"href":"https:\/\/truusk.store\/sv\/wp-json\/wp\/v2\/product_cat?post=96384"},{"taxonomy":"product_tag","embeddable":true,"href":"https:\/\/truusk.store\/sv\/wp-json\/wp\/v2\/product_tag?post=96384"}],"curies":[{"name":"wp","href":"https:\/\/api.w.org\/{rel}","templated":true}]}}