{"id":96402,"date":"2025-11-24T09:35:04","date_gmt":"2025-11-24T08:35:04","guid":{"rendered":"https:\/\/truusk.store\/product\/180-cm-koksskap-2-glasdorrar-3-lador-4-justerbara-hyllor-matsalsskap-spanskiva-vit\/"},"modified":"2026-03-12T08:49:02","modified_gmt":"2026-03-12T07:49:02","slug":"truusk-koksskap-180-cm-2-glasdorrar-3-lador-4-justerbara-hyllor-matsalsskap-vit","status":"publish","type":"product","link":"https:\/\/truusk.store\/sv\/produkt\/truusk-koksskap-180-cm-2-glasdorrar-3-lador-4-justerbara-hyllor-matsalsskap-vit\/","title":{"rendered":"TRUUSK K\u00f6kssk\u00e5p 180 cm &#8211; 2 Glasd\u00f6rrar &#8211; 3 L\u00e5dor &#8211; 4 Justerbara Hyllor &#8211; Matsalssk\u00e5p &#8211; Vit"},"content":{"rendered":"<p>St\u00f6rd av r\u00f6riga arbetsytor och kaos som st\u00f6r din ro? F\u00f6rest\u00e4ll dig ett k\u00f6k d\u00e4r allt \u00e4r perfekt organiserat: [BRAND NAME] k\u00f6kssk\u00e5p erbjuder en egen kaffe- och vinbar f\u00f6r lugna morgnar och avkopplande kv\u00e4llar. Dess glasd\u00f6rrar visar dina favoriter, medan de nedre sk\u00e5pen d\u00f6ljer kaoset. Denna eleganta h\u00f6gsk\u00e5p g\u00f6r din dagliga rutin stressfri och tillf\u00f6r funktion och stilfull charm till ditt hem.<\/p>\n<p>Beskrivning:<\/p>\n<ul>\n<li> Fyra tv\u00e5stegssk\u00e5p, en \u00f6ppen hylla, ett vinhylla f\u00f6r sex flaskor, tre l\u00e5dor och en rymlig arbetsyta p\u00e5 k\u00f6kssk\u00e5pet erbjuder gott om f\u00f6rvaringsutrymme<\/li>\n<li> I varje sk\u00e5p ger trestegs justerbara hyllor flexibelt f\u00f6rvaringsutrymme<\/li>\n<li> Den rena vita lacken och de silverf\u00e4rgade knapparna ger ditt hem modern elegans<\/li>\n<li> D\u00f6rrar av h\u00e4rdat glas visar dekorationer, medan st\u00e4ngda sk\u00e5p d\u00f6ljer oordning<\/li>\n<li> Anti-tip-remmar p\u00e5 k\u00f6ksbuff\u00e9n garanterar din familjs s\u00e4kerhet<\/li>\n<li> Montering kr\u00e4vs<\/li>\n<\/ul>\n<p> Tekniska data:<\/p>\n<ul>\n<li> F\u00e4rg: Vit<\/li>\n<li> Material: Sp\u00e5nskiva (FSC), H\u00e4rdat glas<\/li>\n<li> Totala dimensioner: 100B x 40T x 180H cm<\/li>\n<li> Arbetsytestorlek: 96B x 36T x 90H cm<\/li>\n<li> Inre m\u00e5tt p\u00e5 l\u00e5dor: 27B x 29T x 9,5H cm (varje)<\/li>\n<li> Inre m\u00e5tt p\u00e5 \u00f6vre sk\u00e5p: 30B x 24T x 56H cm (varje)<\/li>\n<li> \u00d6ppen hyllstorlek: 32B x 24T x 35H cm<\/li>\n<li> Vinhyllstorlek: 10B x 24T x 10H cm (varje)<\/li>\n<li> Inre m\u00e5tt p\u00e5 sk\u00e5p: 63,5B x 37T x 63H cm (under v\u00e4nster)<\/li>\n<li> Inre m\u00e5tt p\u00e5 sk\u00e5p: 31,5B x 37T x 63H cm (under h\u00f6ger)<\/li>\n<li> Benh\u00f6jd: 8 cm<\/li>\n<li> Maximal belastning: 137 kg (totalt), 25 kg (arbetsyta), 8 kg (nedre justerbar hylla), 4 kg (\u00f6vre justerbar hylla\/l\u00e5da)<\/li>\n<\/ul>\n<p>Leveransinneh\u00e5ll:<\/p>\n<ul>\n<li> 1 x K\u00f6kssk\u00e5p<\/li>\n<li> 1 x Bruksanvisning<\/li>\n<\/ul>\n","protected":false},"excerpt":{"rendered":"<p>St\u00f6rd av r\u00f6riga arbetsytor och kaos som st\u00f6r din ro? F\u00f6rest\u00e4ll dig ett k\u00f6k d\u00e4r allt \u00e4r perfekt organiserat: [BRAND&#8230;<\/p>\n","protected":false},"featured_media":96386,"template":"","meta":[],"product_brand":[],"product_cat":[871,889,534],"product_tag":[],"class_list":{"0":"post-96402","1":"product","2":"type-product","3":"status-publish","4":"has-post-thumbnail","6":"product_cat-hus-hem","7":"product_cat-kok-matsal","8":"product_cat-koksskap","10":"first","11":"instock","12":"sale","13":"taxable","14":"shipping-taxable","15":"purchasable","16":"product-type-simple"},"yoast_head":"<!-- This site is optimized with the Yoast SEO plugin v25.4 - https:\/\/yoast.com\/wordpress\/plugins\/seo\/ -->\n<title>TRUUSK K\u00f6kssk\u00e5p 180 cm - 2 Glasd\u00f6rrar - 3 L\u00e5dor - 4 Justerbara Hyllor - Matsalssk\u00e5p - Vit - TRUUSK - Hem, Tr\u00e4dg\u00e5rd &amp; Fritid<\/title>\n<meta name=\"robots\" content=\"index, follow, max-snippet:-1, max-image-preview:large, max-video-preview:-1\" \/>\n<link rel=\"canonical\" href=\"https:\/\/truusk.store\/sv\/produkt\/truusk-koksskap-180-cm-2-glasdorrar-3-lador-4-justerbara-hyllor-matsalsskap-vit\/\" \/>\n<meta property=\"og:locale\" content=\"sv_SE\" \/>\n<meta property=\"og:type\" content=\"article\" \/>\n<meta property=\"og:title\" content=\"TRUUSK K\u00f6kssk\u00e5p 180 cm - 2 Glasd\u00f6rrar - 3 L\u00e5dor - 4 Justerbara Hyllor - Matsalssk\u00e5p - Vit - TRUUSK - Hem, Tr\u00e4dg\u00e5rd &amp; Fritid\" \/>\n<meta property=\"og:description\" content=\"St\u00f6rd av r\u00f6riga arbetsytor och kaos som st\u00f6r din ro? F\u00f6rest\u00e4ll dig ett k\u00f6k d\u00e4r allt \u00e4r perfekt organiserat: [BRAND...\" \/>\n<meta property=\"og:url\" content=\"https:\/\/truusk.store\/sv\/produkt\/truusk-koksskap-180-cm-2-glasdorrar-3-lador-4-justerbara-hyllor-matsalsskap-vit\/\" \/>\n<meta property=\"og:site_name\" content=\"TRUUSK - Hem, Tr\u00e4dg\u00e5rd &amp; Fritid\" \/>\n<meta property=\"article:modified_time\" content=\"2026-03-12T07:49:02+00:00\" \/>\n<meta property=\"og:image\" content=\"https:\/\/i0.wp.com\/truusk.se\/wp-content\/uploads\/2025\/11\/180-cm-koksskap-2-glasdorrar-3-lador-4-justerbara-hyllor-matsalsskap-spanskiva-vit-1.webp?fit=2000%2C2000&ssl=1\" \/>\n\t<meta property=\"og:image:width\" content=\"2000\" \/>\n\t<meta property=\"og:image:height\" content=\"2000\" \/>\n\t<meta property=\"og:image:type\" content=\"image\/webp\" \/>\n<meta name=\"twitter:card\" content=\"summary_large_image\" \/>\n<meta name=\"twitter:label1\" content=\"Ber\u00e4knad l\u00e4stid\" \/>\n\t<meta name=\"twitter:data1\" content=\"1 minut\" \/>\n<!-- \/ Yoast SEO plugin. -->","yoast_head_json":{"title":"TRUUSK K\u00f6kssk\u00e5p 180 cm - 2 Glasd\u00f6rrar - 3 L\u00e5dor - 4 Justerbara Hyllor - Matsalssk\u00e5p - Vit - TRUUSK - Hem, Tr\u00e4dg\u00e5rd &amp; Fritid","robots":{"index":"index","follow":"follow","max-snippet":"max-snippet:-1","max-image-preview":"max-image-preview:large","max-video-preview":"max-video-preview:-1"},"canonical":"https:\/\/truusk.store\/sv\/produkt\/truusk-koksskap-180-cm-2-glasdorrar-3-lador-4-justerbara-hyllor-matsalsskap-vit\/","og_locale":"sv_SE","og_type":"article","og_title":"TRUUSK K\u00f6kssk\u00e5p 180 cm - 2 Glasd\u00f6rrar - 3 L\u00e5dor - 4 Justerbara Hyllor - Matsalssk\u00e5p - Vit - TRUUSK - Hem, Tr\u00e4dg\u00e5rd &amp; Fritid","og_description":"St\u00f6rd av r\u00f6riga arbetsytor och kaos som st\u00f6r din ro? F\u00f6rest\u00e4ll dig ett k\u00f6k d\u00e4r allt \u00e4r perfekt organiserat: [BRAND...","og_url":"https:\/\/truusk.store\/sv\/produkt\/truusk-koksskap-180-cm-2-glasdorrar-3-lador-4-justerbara-hyllor-matsalsskap-vit\/","og_site_name":"TRUUSK - Hem, Tr\u00e4dg\u00e5rd &amp; Fritid","article_modified_time":"2026-03-12T07:49:02+00:00","og_image":[{"width":2000,"height":2000,"url":"https:\/\/i0.wp.com\/truusk.se\/wp-content\/uploads\/2025\/11\/180-cm-koksskap-2-glasdorrar-3-lador-4-justerbara-hyllor-matsalsskap-spanskiva-vit-1.webp?fit=2000%2C2000&ssl=1","type":"image\/webp"}],"twitter_card":"summary_large_image","twitter_misc":{"Ber\u00e4knad l\u00e4stid":"1 minut"},"schema":{"@context":"https:\/\/schema.org","@graph":[{"@type":"WebPage","@id":"https:\/\/truusk.store\/sv\/produkt\/truusk-koksskap-180-cm-2-glasdorrar-3-lador-4-justerbara-hyllor-matsalsskap-vit\/","url":"https:\/\/truusk.store\/sv\/produkt\/truusk-koksskap-180-cm-2-glasdorrar-3-lador-4-justerbara-hyllor-matsalsskap-vit\/","name":"TRUUSK K\u00f6kssk\u00e5p 180 cm - 2 Glasd\u00f6rrar - 3 L\u00e5dor - 4 Justerbara Hyllor - Matsalssk\u00e5p - Vit - TRUUSK - Hem, Tr\u00e4dg\u00e5rd &amp; Fritid","isPartOf":{"@id":"https:\/\/truusk.store\/sv\/#website"},"primaryImageOfPage":{"@id":"https:\/\/truusk.store\/sv\/produkt\/truusk-koksskap-180-cm-2-glasdorrar-3-lador-4-justerbara-hyllor-matsalsskap-vit\/#primaryimage"},"image":{"@id":"https:\/\/truusk.store\/sv\/produkt\/truusk-koksskap-180-cm-2-glasdorrar-3-lador-4-justerbara-hyllor-matsalsskap-vit\/#primaryimage"},"thumbnailUrl":"https:\/\/i0.wp.com\/truusk.store\/wp-content\/uploads\/2025\/11\/180-cm-koksskap-2-glasdorrar-3-lador-4-justerbara-hyllor-matsalsskap-spanskiva-vit-1.webp?fit=2000%2C2000&ssl=1","datePublished":"2025-11-24T08:35:04+00:00","dateModified":"2026-03-12T07:49:02+00:00","breadcrumb":{"@id":"https:\/\/truusk.store\/sv\/produkt\/truusk-koksskap-180-cm-2-glasdorrar-3-lador-4-justerbara-hyllor-matsalsskap-vit\/#breadcrumb"},"inLanguage":"sv-SE","potentialAction":[{"@type":"ReadAction","target":["https:\/\/truusk.store\/sv\/produkt\/truusk-koksskap-180-cm-2-glasdorrar-3-lador-4-justerbara-hyllor-matsalsskap-vit\/"]}]},{"@type":"ImageObject","inLanguage":"sv-SE","@id":"https:\/\/truusk.store\/sv\/produkt\/truusk-koksskap-180-cm-2-glasdorrar-3-lador-4-justerbara-hyllor-matsalsskap-vit\/#primaryimage","url":"https:\/\/i0.wp.com\/truusk.store\/wp-content\/uploads\/2025\/11\/180-cm-koksskap-2-glasdorrar-3-lador-4-justerbara-hyllor-matsalsskap-spanskiva-vit-1.webp?fit=2000%2C2000&ssl=1","contentUrl":"https:\/\/i0.wp.com\/truusk.store\/wp-content\/uploads\/2025\/11\/180-cm-koksskap-2-glasdorrar-3-lador-4-justerbara-hyllor-matsalsskap-spanskiva-vit-1.webp?fit=2000%2C2000&ssl=1","width":2000,"height":2000},{"@type":"BreadcrumbList","@id":"https:\/\/truusk.store\/sv\/produkt\/truusk-koksskap-180-cm-2-glasdorrar-3-lador-4-justerbara-hyllor-matsalsskap-vit\/#breadcrumb","itemListElement":[{"@type":"ListItem","position":1,"name":"Home","item":"https:\/\/truusk.store\/sv\/"},{"@type":"ListItem","position":2,"name":"Shop","item":"https:\/\/truusk.store\/shop\/"},{"@type":"ListItem","position":3,"name":"TRUUSK K\u00f6kssk\u00e5p 180 cm &#8211; 2 Glasd\u00f6rrar &#8211; 3 L\u00e5dor &#8211; 4 Justerbara Hyllor &#8211; Matsalssk\u00e5p &#8211; Vit"}]},{"@type":"WebSite","@id":"https:\/\/truusk.store\/sv\/#website","url":"https:\/\/truusk.store\/sv\/","name":"TRUUSK - Hem, Tr\u00e4dg\u00e5rd & Fritid","description":"","publisher":{"@id":"https:\/\/truusk.store\/sv\/#organization"},"potentialAction":[{"@type":"SearchAction","target":{"@type":"EntryPoint","urlTemplate":"https:\/\/truusk.store\/sv\/?s={search_term_string}"},"query-input":{"@type":"PropertyValueSpecification","valueRequired":true,"valueName":"search_term_string"}}],"inLanguage":"sv-SE"},{"@type":"Organization","@id":"https:\/\/truusk.store\/sv\/#organization","name":"TRUUSK - Hem, Tr\u00e4dg\u00e5rd & Fritid","url":"https:\/\/truusk.store\/sv\/","logo":{"@type":"ImageObject","inLanguage":"sv-SE","@id":"https:\/\/truusk.store\/sv\/#\/schema\/logo\/image\/","url":"https:\/\/i0.wp.com\/truusk.store\/wp-content\/uploads\/2026\/03\/cropped-TRUUSK.png?fit=2032%2C917&ssl=1","contentUrl":"https:\/\/i0.wp.com\/truusk.store\/wp-content\/uploads\/2026\/03\/cropped-TRUUSK.png?fit=2032%2C917&ssl=1","width":2032,"height":917,"caption":"TRUUSK - Hem, Tr\u00e4dg\u00e5rd & Fritid"},"image":{"@id":"https:\/\/truusk.store\/sv\/#\/schema\/logo\/image\/"}}]}},"jetpack_sharing_enabled":true,"_links":{"self":[{"href":"https:\/\/truusk.store\/sv\/wp-json\/wp\/v2\/product\/96402","targetHints":{"allow":["GET"]}}],"collection":[{"href":"https:\/\/truusk.store\/sv\/wp-json\/wp\/v2\/product"}],"about":[{"href":"https:\/\/truusk.store\/sv\/wp-json\/wp\/v2\/types\/product"}],"wp:featuredmedia":[{"embeddable":true,"href":"https:\/\/truusk.store\/sv\/wp-json\/wp\/v2\/media\/96386"}],"wp:attachment":[{"href":"https:\/\/truusk.store\/sv\/wp-json\/wp\/v2\/media?parent=96402"}],"wp:term":[{"taxonomy":"product_brand","embeddable":true,"href":"https:\/\/truusk.store\/sv\/wp-json\/wp\/v2\/product_brand?post=96402"},{"taxonomy":"product_cat","embeddable":true,"href":"https:\/\/truusk.store\/sv\/wp-json\/wp\/v2\/product_cat?post=96402"},{"taxonomy":"product_tag","embeddable":true,"href":"https:\/\/truusk.store\/sv\/wp-json\/wp\/v2\/product_tag?post=96402"}],"curies":[{"name":"wp","href":"https:\/\/api.w.org\/{rel}","templated":true}]}}