{"id":96440,"date":"2025-11-24T09:38:52","date_gmt":"2025-11-24T08:38:52","guid":{"rendered":"https:\/\/truusk.store\/product\/barnstol-barnsoffa-med-traram-sammetseffekt-stoppad-for-barn-fran-3-15-ar-gra\/"},"modified":"2026-03-12T08:49:13","modified_gmt":"2026-03-12T07:49:13","slug":"truusk-barnstol-och-barnsoffa-traram-sammetseffekt-stoppad-gra-for-barn-3-15-ar","status":"publish","type":"product","link":"https:\/\/truusk.store\/sv\/produkt\/truusk-barnstol-och-barnsoffa-traram-sammetseffekt-stoppad-gra-for-barn-3-15-ar\/","title":{"rendered":"TRUUSK Barnstol och Barnsoffa &#8211; Tr\u00e4ram &#8211; Sammetseffekt &#8211; Stoppad &#8211; Gr\u00e5 &#8211; F\u00f6r Barn 3-15 \u00e5r"},"content":{"rendered":"<p>Sk\u00e4m bort dina barn med den perfekta platsen f\u00f6r avkoppling och lek! [BRAND NAME] barnsoffa, kl\u00e4dd i mjukt tyg och utrustad med h\u00f6gdensitetsskum, erbjuder komfort och fr\u00e4mjar en h\u00e4lsosam kroppsh\u00e5llning. Den robusta ramen i massivt tr\u00e4 garanterar stabilitet, och den breda sitt- och ryggytan inbjuder till mysig l\u00e4sning, avkoppling eller lek. Den eleganta designen passar in i alla rum och den l\u00e4tta konstruktionen underl\u00e4ttar snabb montering.<\/p>\n<p>Beskrivning:<\/p>\n<ul>\n<li> Barnstolens h\u00f6gdensitetsskum beh\u00e5ller sin form f\u00f6r l\u00e5ngvarig komfort<\/li>\n<li> Barnstolens mjuka tyg k\u00e4nns mjukt och mysigt<\/li>\n<li> Barnsoffans moderna form l\u00e4gger till stil i alla rum<\/li>\n<li> Robust tr\u00e4ram garanterar h\u00e5llbarhet och stabilitet<\/li>\n<li> Bred design erbjuder bekv\u00e4mt utrymme f\u00f6r tv\u00e5 barn<\/li>\n<li> Den l\u00e4tta designen underl\u00e4ttar flyttning och montering<\/li>\n<li> L\u00e4mplig f\u00f6r barn mellan 3\u201315 \u00e5r<\/li>\n<\/ul>\n<p> Tekniska specifikationer:<\/p>\n<ul>\n<li> F\u00e4rg: Gr\u00e5<\/li>\n<li> Material: Kort luggtyg, skum (100% polyuretan), gummitr\u00e4<\/li>\n<li> Totala dimensioner: 77L x 42B x 48H cm<\/li>\n<li> Sitsstorlek: 69B x 31T x 26H cm<\/li>\n<li> Ryggm\u00e5tt: 69B x 25H cm<\/li>\n<li> Armst\u00f6dsstorlek: 36L x 5B x 9H cm<\/li>\n<li> Maximal belastning: 80 kg<\/li>\n<li> Godk\u00e4nd \u00e5lder: 3\u201315 \u00e5r<\/li>\n<li> Rekommenderad \u00e5lder: 3\u201315 \u00e5r<\/li>\n<\/ul>\n<p>Leveransinneh\u00e5ll:<\/p>\n<ul>\n<li> 1 x barnsoffa<\/li>\n<li> 1 x bruksanvisning<\/li>\n<\/ul>\n","protected":false},"excerpt":{"rendered":"<p>Sk\u00e4m bort dina barn med den perfekta platsen f\u00f6r avkoppling och lek! [BRAND NAME] barnsoffa, kl\u00e4dd i mjukt tyg och&#8230;<\/p>\n","protected":false},"featured_media":96430,"template":"","meta":[],"product_brand":[],"product_cat":[880,631,881,882],"product_tag":[],"class_list":{"0":"post-96440","1":"product","2":"type-product","3":"status-publish","4":"has-post-thumbnail","6":"product_cat-baby-barn-2","7":"product_cat-barnmobler","8":"product_cat-barnsittmobler","9":"product_cat-kindersessel","11":"first","12":"instock","13":"sale","14":"taxable","15":"shipping-taxable","16":"purchasable","17":"product-type-simple"},"yoast_head":"<!-- This site is optimized with the Yoast SEO plugin v25.4 - https:\/\/yoast.com\/wordpress\/plugins\/seo\/ -->\n<title>TRUUSK Barnstol och Barnsoffa - Tr\u00e4ram - Sammetseffekt - Stoppad - Gr\u00e5 - F\u00f6r Barn 3-15 \u00e5r - TRUUSK - Hem, Tr\u00e4dg\u00e5rd &amp; Fritid<\/title>\n<meta name=\"robots\" content=\"index, follow, max-snippet:-1, max-image-preview:large, max-video-preview:-1\" \/>\n<link rel=\"canonical\" href=\"https:\/\/truusk.store\/sv\/produkt\/truusk-barnstol-och-barnsoffa-traram-sammetseffekt-stoppad-gra-for-barn-3-15-ar\/\" \/>\n<meta property=\"og:locale\" content=\"sv_SE\" \/>\n<meta property=\"og:type\" content=\"article\" \/>\n<meta property=\"og:title\" content=\"TRUUSK Barnstol och Barnsoffa - Tr\u00e4ram - Sammetseffekt - Stoppad - Gr\u00e5 - F\u00f6r Barn 3-15 \u00e5r - TRUUSK - Hem, Tr\u00e4dg\u00e5rd &amp; Fritid\" \/>\n<meta property=\"og:description\" content=\"Sk\u00e4m bort dina barn med den perfekta platsen f\u00f6r avkoppling och lek! [BRAND NAME] barnsoffa, kl\u00e4dd i mjukt tyg och...\" \/>\n<meta property=\"og:url\" content=\"https:\/\/truusk.store\/sv\/produkt\/truusk-barnstol-och-barnsoffa-traram-sammetseffekt-stoppad-gra-for-barn-3-15-ar\/\" \/>\n<meta property=\"og:site_name\" content=\"TRUUSK - Hem, Tr\u00e4dg\u00e5rd &amp; Fritid\" \/>\n<meta property=\"article:modified_time\" content=\"2026-03-12T07:49:13+00:00\" \/>\n<meta property=\"og:image\" content=\"https:\/\/i0.wp.com\/truusk.se\/wp-content\/uploads\/2025\/11\/barnstol-barnsoffa-med-traram-sammetseffekt-stoppad-for-barn-fran-3-15-ar-gra-1.webp?fit=2000%2C2000&ssl=1\" \/>\n\t<meta property=\"og:image:width\" content=\"2000\" \/>\n\t<meta property=\"og:image:height\" content=\"2000\" \/>\n\t<meta property=\"og:image:type\" content=\"image\/webp\" \/>\n<meta name=\"twitter:card\" content=\"summary_large_image\" \/>\n<meta name=\"twitter:label1\" content=\"Ber\u00e4knad l\u00e4stid\" \/>\n\t<meta name=\"twitter:data1\" content=\"1 minut\" \/>\n<!-- \/ Yoast SEO plugin. -->","yoast_head_json":{"title":"TRUUSK Barnstol och Barnsoffa - Tr\u00e4ram - Sammetseffekt - Stoppad - Gr\u00e5 - F\u00f6r Barn 3-15 \u00e5r - TRUUSK - Hem, Tr\u00e4dg\u00e5rd &amp; Fritid","robots":{"index":"index","follow":"follow","max-snippet":"max-snippet:-1","max-image-preview":"max-image-preview:large","max-video-preview":"max-video-preview:-1"},"canonical":"https:\/\/truusk.store\/sv\/produkt\/truusk-barnstol-och-barnsoffa-traram-sammetseffekt-stoppad-gra-for-barn-3-15-ar\/","og_locale":"sv_SE","og_type":"article","og_title":"TRUUSK Barnstol och Barnsoffa - Tr\u00e4ram - Sammetseffekt - Stoppad - Gr\u00e5 - F\u00f6r Barn 3-15 \u00e5r - TRUUSK - Hem, Tr\u00e4dg\u00e5rd &amp; Fritid","og_description":"Sk\u00e4m bort dina barn med den perfekta platsen f\u00f6r avkoppling och lek! [BRAND NAME] barnsoffa, kl\u00e4dd i mjukt tyg och...","og_url":"https:\/\/truusk.store\/sv\/produkt\/truusk-barnstol-och-barnsoffa-traram-sammetseffekt-stoppad-gra-for-barn-3-15-ar\/","og_site_name":"TRUUSK - Hem, Tr\u00e4dg\u00e5rd &amp; Fritid","article_modified_time":"2026-03-12T07:49:13+00:00","og_image":[{"width":2000,"height":2000,"url":"https:\/\/i0.wp.com\/truusk.se\/wp-content\/uploads\/2025\/11\/barnstol-barnsoffa-med-traram-sammetseffekt-stoppad-for-barn-fran-3-15-ar-gra-1.webp?fit=2000%2C2000&ssl=1","type":"image\/webp"}],"twitter_card":"summary_large_image","twitter_misc":{"Ber\u00e4knad l\u00e4stid":"1 minut"},"schema":{"@context":"https:\/\/schema.org","@graph":[{"@type":"WebPage","@id":"https:\/\/truusk.store\/sv\/produkt\/truusk-barnstol-och-barnsoffa-traram-sammetseffekt-stoppad-gra-for-barn-3-15-ar\/","url":"https:\/\/truusk.store\/sv\/produkt\/truusk-barnstol-och-barnsoffa-traram-sammetseffekt-stoppad-gra-for-barn-3-15-ar\/","name":"TRUUSK Barnstol och Barnsoffa - Tr\u00e4ram - Sammetseffekt - Stoppad - Gr\u00e5 - F\u00f6r Barn 3-15 \u00e5r - TRUUSK - Hem, Tr\u00e4dg\u00e5rd &amp; Fritid","isPartOf":{"@id":"https:\/\/truusk.store\/sv\/#website"},"primaryImageOfPage":{"@id":"https:\/\/truusk.store\/sv\/produkt\/truusk-barnstol-och-barnsoffa-traram-sammetseffekt-stoppad-gra-for-barn-3-15-ar\/#primaryimage"},"image":{"@id":"https:\/\/truusk.store\/sv\/produkt\/truusk-barnstol-och-barnsoffa-traram-sammetseffekt-stoppad-gra-for-barn-3-15-ar\/#primaryimage"},"thumbnailUrl":"https:\/\/i0.wp.com\/truusk.store\/wp-content\/uploads\/2025\/11\/barnstol-barnsoffa-med-traram-sammetseffekt-stoppad-for-barn-fran-3-15-ar-gra-1.webp?fit=2000%2C2000&ssl=1","datePublished":"2025-11-24T08:38:52+00:00","dateModified":"2026-03-12T07:49:13+00:00","breadcrumb":{"@id":"https:\/\/truusk.store\/sv\/produkt\/truusk-barnstol-och-barnsoffa-traram-sammetseffekt-stoppad-gra-for-barn-3-15-ar\/#breadcrumb"},"inLanguage":"sv-SE","potentialAction":[{"@type":"ReadAction","target":["https:\/\/truusk.store\/sv\/produkt\/truusk-barnstol-och-barnsoffa-traram-sammetseffekt-stoppad-gra-for-barn-3-15-ar\/"]}]},{"@type":"ImageObject","inLanguage":"sv-SE","@id":"https:\/\/truusk.store\/sv\/produkt\/truusk-barnstol-och-barnsoffa-traram-sammetseffekt-stoppad-gra-for-barn-3-15-ar\/#primaryimage","url":"https:\/\/i0.wp.com\/truusk.store\/wp-content\/uploads\/2025\/11\/barnstol-barnsoffa-med-traram-sammetseffekt-stoppad-for-barn-fran-3-15-ar-gra-1.webp?fit=2000%2C2000&ssl=1","contentUrl":"https:\/\/i0.wp.com\/truusk.store\/wp-content\/uploads\/2025\/11\/barnstol-barnsoffa-med-traram-sammetseffekt-stoppad-for-barn-fran-3-15-ar-gra-1.webp?fit=2000%2C2000&ssl=1","width":2000,"height":2000},{"@type":"BreadcrumbList","@id":"https:\/\/truusk.store\/sv\/produkt\/truusk-barnstol-och-barnsoffa-traram-sammetseffekt-stoppad-gra-for-barn-3-15-ar\/#breadcrumb","itemListElement":[{"@type":"ListItem","position":1,"name":"Home","item":"https:\/\/truusk.store\/sv\/"},{"@type":"ListItem","position":2,"name":"Shop","item":"https:\/\/truusk.store\/shop\/"},{"@type":"ListItem","position":3,"name":"TRUUSK Barnstol och Barnsoffa &#8211; Tr\u00e4ram &#8211; Sammetseffekt &#8211; Stoppad &#8211; Gr\u00e5 &#8211; F\u00f6r Barn 3-15 \u00e5r"}]},{"@type":"WebSite","@id":"https:\/\/truusk.store\/sv\/#website","url":"https:\/\/truusk.store\/sv\/","name":"TRUUSK - Hem, Tr\u00e4dg\u00e5rd & Fritid","description":"","publisher":{"@id":"https:\/\/truusk.store\/sv\/#organization"},"potentialAction":[{"@type":"SearchAction","target":{"@type":"EntryPoint","urlTemplate":"https:\/\/truusk.store\/sv\/?s={search_term_string}"},"query-input":{"@type":"PropertyValueSpecification","valueRequired":true,"valueName":"search_term_string"}}],"inLanguage":"sv-SE"},{"@type":"Organization","@id":"https:\/\/truusk.store\/sv\/#organization","name":"TRUUSK - Hem, Tr\u00e4dg\u00e5rd & Fritid","url":"https:\/\/truusk.store\/sv\/","logo":{"@type":"ImageObject","inLanguage":"sv-SE","@id":"https:\/\/truusk.store\/sv\/#\/schema\/logo\/image\/","url":"https:\/\/i0.wp.com\/truusk.store\/wp-content\/uploads\/2026\/03\/cropped-TRUUSK.png?fit=2032%2C917&ssl=1","contentUrl":"https:\/\/i0.wp.com\/truusk.store\/wp-content\/uploads\/2026\/03\/cropped-TRUUSK.png?fit=2032%2C917&ssl=1","width":2032,"height":917,"caption":"TRUUSK - Hem, Tr\u00e4dg\u00e5rd & Fritid"},"image":{"@id":"https:\/\/truusk.store\/sv\/#\/schema\/logo\/image\/"}}]}},"jetpack_sharing_enabled":true,"_links":{"self":[{"href":"https:\/\/truusk.store\/sv\/wp-json\/wp\/v2\/product\/96440","targetHints":{"allow":["GET"]}}],"collection":[{"href":"https:\/\/truusk.store\/sv\/wp-json\/wp\/v2\/product"}],"about":[{"href":"https:\/\/truusk.store\/sv\/wp-json\/wp\/v2\/types\/product"}],"wp:featuredmedia":[{"embeddable":true,"href":"https:\/\/truusk.store\/sv\/wp-json\/wp\/v2\/media\/96430"}],"wp:attachment":[{"href":"https:\/\/truusk.store\/sv\/wp-json\/wp\/v2\/media?parent=96440"}],"wp:term":[{"taxonomy":"product_brand","embeddable":true,"href":"https:\/\/truusk.store\/sv\/wp-json\/wp\/v2\/product_brand?post=96440"},{"taxonomy":"product_cat","embeddable":true,"href":"https:\/\/truusk.store\/sv\/wp-json\/wp\/v2\/product_cat?post=96440"},{"taxonomy":"product_tag","embeddable":true,"href":"https:\/\/truusk.store\/sv\/wp-json\/wp\/v2\/product_tag?post=96440"}],"curies":[{"name":"wp","href":"https:\/\/api.w.org\/{rel}","templated":true}]}}