{"id":96451,"date":"2025-11-24T09:39:58","date_gmt":"2025-11-24T08:39:58","guid":{"rendered":"https:\/\/truusk.store\/product\/utomhus-katt-hus-kattskydd-for-utomhusbruk-vattentatt-oppningsbart-tak-grantra-80-x-93-x-95-gra\/"},"modified":"2026-03-12T08:49:13","modified_gmt":"2026-03-12T07:49:13","slug":"truusk-utomhus-katt-hus-kattskydd-for-utomhusbruk-vattentatt-oppningsbart-tak-grantra-80-x-93-x-95-gra","status":"publish","type":"product","link":"https:\/\/truusk.store\/sv\/produkt\/truusk-utomhus-katt-hus-kattskydd-for-utomhusbruk-vattentatt-oppningsbart-tak-grantra-80-x-93-x-95-gra\/","title":{"rendered":"TRUUSK Utomhus Katt Hus &#8211; Kattskydd F\u00f6r Utomhusbruk &#8211; Vattent\u00e4tt &#8211; \u00f6ppningsbart Tak &#8211; Grantr\u00e4 &#8211; 80 X 93 X 95 &#8211; Gr\u00e5"},"content":{"rendered":"<p>\u00c4r du orolig f\u00f6r grannkatterna som stryker omkring under ov\u00e4der och h\u00e5ller dig vaken p\u00e5 natten? Det isolerade utomhuskatt-huset fr\u00e5n [BRAND NAME] med tv\u00e5 niv\u00e5er erbjuder skydd och en mysig, v\u00e4ders\u00e4ker bostad. Tack vare det lutande taket och isoleringen av kattgrottan, h\u00e5ller flera katter sig torra och s\u00e4kra.<\/p>\n<p>Beskrivning:<\/p>\n<ul>\n<li> Har 10 mm termisk isolering som h\u00e5ller din katt bekv\u00e4m under alla \u00e5rstider<\/li>\n<li> Rymlig tv\u00e5v\u00e5ningsdesign med plattformar i utomhuskatt-huset ger gott om plats f\u00f6r flera katter<\/li>\n<li> Kattgrottan f\u00f6r utomhusbruk inneh\u00e5ller flera flyktv\u00e4gar som tillgodoser din katts naturliga utforsknings- och s\u00e4kerhetsinstinkter<\/li>\n<li> Lutande asfalttak och upph\u00f6jda ben p\u00e5 katt-huset h\u00e5ller insidan torr fr\u00e5n regn<\/li>\n<li> Tillverkat av solidt grantr\u00e4, erbjuder det ett robust skydd f\u00f6r katter upp till 5 kg<\/li>\n<li> F\u00e4llbart \u00f6versta tak och stora d\u00f6rrar p\u00e5 kattgrottan underl\u00e4ttar snabb och enkel reng\u00f6ring av insidan<\/li>\n<li> Avtagbart innerfoder m\u00f6jligg\u00f6r enkel tv\u00e4tt f\u00f6r att uppr\u00e4tth\u00e5lla en hygienisk milj\u00f6<\/li>\n<li> Montering kr\u00e4vs<\/li>\n<\/ul>\n<p> Tekniska specifikationer:<\/p>\n<ul>\n<li> F\u00e4rg: Gr\u00e5+Vit+M\u00f6rkgr\u00e5<\/li>\n<li> Material: Grantr\u00e4, Oxford-tyg, p\u00e4rlbomull<\/li>\n<li> Totala dimensioner: 80L x 93,2B x 95,2H cm<\/li>\n<li> Storlek p\u00e5 katt-huset: 72L x 84,5B x 92,4H cm<\/li>\n<li> Inre av det \u00f6vre katt-huset: 38,8L x 80,5B x 47,5H cm<\/li>\n<li> Storlek p\u00e5 den \u00f6vre d\u00f6rren: 30B x 30H cm<\/li>\n<li> Storlek p\u00e5 den \u00f6vre plattformen: 26,7L x 49,1B cm<\/li>\n<li> Inre av det nedre katt-huset: 68L x 45,1B x 31,9H cm<\/li>\n<li> Storlek p\u00e5 den nedre d\u00f6rren: 21B x 23H cm<\/li>\n<li> Storlek p\u00e5 den nedre plattformen: 72L x 35,4B cm<\/li>\n<li> Plattformsh\u00f6jd fr\u00e5n marken: 11,4 cm, 44,8 cm<\/li>\n<li> Benh\u00f6jd: 8 cm<\/li>\n<li> Kuddtjocklek: 1 cm<\/li>\n<li> L\u00e4mplig kattvikt: 5 kg<\/li>\n<\/ul>\n<p>Leverans inneh\u00e5ller:<\/p>\n<ul>\n<li> 1 x Utomhuskatt-hus<\/li>\n<li> 1 x Bruksanvisning<\/li>\n<\/ul>\n","protected":false},"excerpt":{"rendered":"<p>\u00c4r du orolig f\u00f6r grannkatterna som stryker omkring under ov\u00e4der och h\u00e5ller dig vaken p\u00e5 natten? Det isolerade utomhuskatt-huset fr\u00e5n&#8230;<\/p>\n","protected":false},"featured_media":96441,"template":"","meta":[],"product_brand":[],"product_cat":[878,890,588],"product_tag":[],"class_list":{"0":"post-96451","1":"product","2":"type-product","3":"status-publish","4":"has-post-thumbnail","6":"product_cat-djurbehov","7":"product_cat-katt-hus","8":"product_cat-katttillbehor","10":"first","11":"instock","12":"sale","13":"taxable","14":"shipping-taxable","15":"purchasable","16":"product-type-simple"},"yoast_head":"<!-- This site is optimized with the Yoast SEO plugin v25.4 - https:\/\/yoast.com\/wordpress\/plugins\/seo\/ -->\n<title>TRUUSK Utomhus Katt Hus - Kattskydd F\u00f6r Utomhusbruk - Vattent\u00e4tt - \u00f6ppningsbart Tak - Grantr\u00e4 - 80 X 93 X 95 - Gr\u00e5 - TRUUSK - Hem, Tr\u00e4dg\u00e5rd &amp; Fritid<\/title>\n<meta name=\"robots\" content=\"index, follow, max-snippet:-1, max-image-preview:large, max-video-preview:-1\" \/>\n<link rel=\"canonical\" href=\"https:\/\/truusk.store\/sv\/produkt\/truusk-utomhus-katt-hus-kattskydd-for-utomhusbruk-vattentatt-oppningsbart-tak-grantra-80-x-93-x-95-gra\/\" \/>\n<meta property=\"og:locale\" content=\"sv_SE\" \/>\n<meta property=\"og:type\" content=\"article\" \/>\n<meta property=\"og:title\" content=\"TRUUSK Utomhus Katt Hus - Kattskydd F\u00f6r Utomhusbruk - Vattent\u00e4tt - \u00f6ppningsbart Tak - Grantr\u00e4 - 80 X 93 X 95 - Gr\u00e5 - TRUUSK - Hem, Tr\u00e4dg\u00e5rd &amp; Fritid\" \/>\n<meta property=\"og:description\" content=\"\u00c4r du orolig f\u00f6r grannkatterna som stryker omkring under ov\u00e4der och h\u00e5ller dig vaken p\u00e5 natten? Det isolerade utomhuskatt-huset fr\u00e5n...\" \/>\n<meta property=\"og:url\" content=\"https:\/\/truusk.store\/sv\/produkt\/truusk-utomhus-katt-hus-kattskydd-for-utomhusbruk-vattentatt-oppningsbart-tak-grantra-80-x-93-x-95-gra\/\" \/>\n<meta property=\"og:site_name\" content=\"TRUUSK - Hem, Tr\u00e4dg\u00e5rd &amp; Fritid\" \/>\n<meta property=\"article:modified_time\" content=\"2026-03-12T07:49:13+00:00\" \/>\n<meta property=\"og:image\" content=\"https:\/\/i0.wp.com\/truusk.se\/wp-content\/uploads\/2025\/11\/utomhus-katt-hus-kattskydd-for-utomhusbruk-vattentatt-oppningsbart-tak-grantra-80-x-93-x-95-gra-1.webp?fit=2000%2C2000&ssl=1\" \/>\n\t<meta property=\"og:image:width\" content=\"2000\" \/>\n\t<meta property=\"og:image:height\" content=\"2000\" \/>\n\t<meta property=\"og:image:type\" content=\"image\/webp\" \/>\n<meta name=\"twitter:card\" content=\"summary_large_image\" \/>\n<meta name=\"twitter:label1\" content=\"Ber\u00e4knad l\u00e4stid\" \/>\n\t<meta name=\"twitter:data1\" content=\"1 minut\" \/>\n<!-- \/ Yoast SEO plugin. -->","yoast_head_json":{"title":"TRUUSK Utomhus Katt Hus - Kattskydd F\u00f6r Utomhusbruk - Vattent\u00e4tt - \u00f6ppningsbart Tak - Grantr\u00e4 - 80 X 93 X 95 - Gr\u00e5 - TRUUSK - Hem, Tr\u00e4dg\u00e5rd &amp; Fritid","robots":{"index":"index","follow":"follow","max-snippet":"max-snippet:-1","max-image-preview":"max-image-preview:large","max-video-preview":"max-video-preview:-1"},"canonical":"https:\/\/truusk.store\/sv\/produkt\/truusk-utomhus-katt-hus-kattskydd-for-utomhusbruk-vattentatt-oppningsbart-tak-grantra-80-x-93-x-95-gra\/","og_locale":"sv_SE","og_type":"article","og_title":"TRUUSK Utomhus Katt Hus - Kattskydd F\u00f6r Utomhusbruk - Vattent\u00e4tt - \u00f6ppningsbart Tak - Grantr\u00e4 - 80 X 93 X 95 - Gr\u00e5 - TRUUSK - Hem, Tr\u00e4dg\u00e5rd &amp; Fritid","og_description":"\u00c4r du orolig f\u00f6r grannkatterna som stryker omkring under ov\u00e4der och h\u00e5ller dig vaken p\u00e5 natten? Det isolerade utomhuskatt-huset fr\u00e5n...","og_url":"https:\/\/truusk.store\/sv\/produkt\/truusk-utomhus-katt-hus-kattskydd-for-utomhusbruk-vattentatt-oppningsbart-tak-grantra-80-x-93-x-95-gra\/","og_site_name":"TRUUSK - Hem, Tr\u00e4dg\u00e5rd &amp; Fritid","article_modified_time":"2026-03-12T07:49:13+00:00","og_image":[{"width":2000,"height":2000,"url":"https:\/\/i0.wp.com\/truusk.se\/wp-content\/uploads\/2025\/11\/utomhus-katt-hus-kattskydd-for-utomhusbruk-vattentatt-oppningsbart-tak-grantra-80-x-93-x-95-gra-1.webp?fit=2000%2C2000&ssl=1","type":"image\/webp"}],"twitter_card":"summary_large_image","twitter_misc":{"Ber\u00e4knad l\u00e4stid":"1 minut"},"schema":{"@context":"https:\/\/schema.org","@graph":[{"@type":"WebPage","@id":"https:\/\/truusk.store\/sv\/produkt\/truusk-utomhus-katt-hus-kattskydd-for-utomhusbruk-vattentatt-oppningsbart-tak-grantra-80-x-93-x-95-gra\/","url":"https:\/\/truusk.store\/sv\/produkt\/truusk-utomhus-katt-hus-kattskydd-for-utomhusbruk-vattentatt-oppningsbart-tak-grantra-80-x-93-x-95-gra\/","name":"TRUUSK Utomhus Katt Hus - Kattskydd F\u00f6r Utomhusbruk - Vattent\u00e4tt - \u00f6ppningsbart Tak - Grantr\u00e4 - 80 X 93 X 95 - Gr\u00e5 - TRUUSK - Hem, Tr\u00e4dg\u00e5rd &amp; Fritid","isPartOf":{"@id":"https:\/\/truusk.store\/sv\/#website"},"primaryImageOfPage":{"@id":"https:\/\/truusk.store\/sv\/produkt\/truusk-utomhus-katt-hus-kattskydd-for-utomhusbruk-vattentatt-oppningsbart-tak-grantra-80-x-93-x-95-gra\/#primaryimage"},"image":{"@id":"https:\/\/truusk.store\/sv\/produkt\/truusk-utomhus-katt-hus-kattskydd-for-utomhusbruk-vattentatt-oppningsbart-tak-grantra-80-x-93-x-95-gra\/#primaryimage"},"thumbnailUrl":"https:\/\/i0.wp.com\/truusk.store\/wp-content\/uploads\/2025\/11\/utomhus-katt-hus-kattskydd-for-utomhusbruk-vattentatt-oppningsbart-tak-grantra-80-x-93-x-95-gra-1.webp?fit=2000%2C2000&ssl=1","datePublished":"2025-11-24T08:39:58+00:00","dateModified":"2026-03-12T07:49:13+00:00","breadcrumb":{"@id":"https:\/\/truusk.store\/sv\/produkt\/truusk-utomhus-katt-hus-kattskydd-for-utomhusbruk-vattentatt-oppningsbart-tak-grantra-80-x-93-x-95-gra\/#breadcrumb"},"inLanguage":"sv-SE","potentialAction":[{"@type":"ReadAction","target":["https:\/\/truusk.store\/sv\/produkt\/truusk-utomhus-katt-hus-kattskydd-for-utomhusbruk-vattentatt-oppningsbart-tak-grantra-80-x-93-x-95-gra\/"]}]},{"@type":"ImageObject","inLanguage":"sv-SE","@id":"https:\/\/truusk.store\/sv\/produkt\/truusk-utomhus-katt-hus-kattskydd-for-utomhusbruk-vattentatt-oppningsbart-tak-grantra-80-x-93-x-95-gra\/#primaryimage","url":"https:\/\/i0.wp.com\/truusk.store\/wp-content\/uploads\/2025\/11\/utomhus-katt-hus-kattskydd-for-utomhusbruk-vattentatt-oppningsbart-tak-grantra-80-x-93-x-95-gra-1.webp?fit=2000%2C2000&ssl=1","contentUrl":"https:\/\/i0.wp.com\/truusk.store\/wp-content\/uploads\/2025\/11\/utomhus-katt-hus-kattskydd-for-utomhusbruk-vattentatt-oppningsbart-tak-grantra-80-x-93-x-95-gra-1.webp?fit=2000%2C2000&ssl=1","width":2000,"height":2000},{"@type":"BreadcrumbList","@id":"https:\/\/truusk.store\/sv\/produkt\/truusk-utomhus-katt-hus-kattskydd-for-utomhusbruk-vattentatt-oppningsbart-tak-grantra-80-x-93-x-95-gra\/#breadcrumb","itemListElement":[{"@type":"ListItem","position":1,"name":"Home","item":"https:\/\/truusk.store\/sv\/"},{"@type":"ListItem","position":2,"name":"Shop","item":"https:\/\/truusk.store\/shop\/"},{"@type":"ListItem","position":3,"name":"TRUUSK Utomhus Katt Hus &#8211; Kattskydd F\u00f6r Utomhusbruk &#8211; Vattent\u00e4tt &#8211; \u00f6ppningsbart Tak &#8211; Grantr\u00e4 &#8211; 80 X 93 X 95 &#8211; Gr\u00e5"}]},{"@type":"WebSite","@id":"https:\/\/truusk.store\/sv\/#website","url":"https:\/\/truusk.store\/sv\/","name":"TRUUSK - Hem, Tr\u00e4dg\u00e5rd & Fritid","description":"","publisher":{"@id":"https:\/\/truusk.store\/sv\/#organization"},"potentialAction":[{"@type":"SearchAction","target":{"@type":"EntryPoint","urlTemplate":"https:\/\/truusk.store\/sv\/?s={search_term_string}"},"query-input":{"@type":"PropertyValueSpecification","valueRequired":true,"valueName":"search_term_string"}}],"inLanguage":"sv-SE"},{"@type":"Organization","@id":"https:\/\/truusk.store\/sv\/#organization","name":"TRUUSK - Hem, Tr\u00e4dg\u00e5rd & Fritid","url":"https:\/\/truusk.store\/sv\/","logo":{"@type":"ImageObject","inLanguage":"sv-SE","@id":"https:\/\/truusk.store\/sv\/#\/schema\/logo\/image\/","url":"https:\/\/i0.wp.com\/truusk.store\/wp-content\/uploads\/2026\/03\/cropped-TRUUSK.png?fit=2032%2C917&ssl=1","contentUrl":"https:\/\/i0.wp.com\/truusk.store\/wp-content\/uploads\/2026\/03\/cropped-TRUUSK.png?fit=2032%2C917&ssl=1","width":2032,"height":917,"caption":"TRUUSK - Hem, Tr\u00e4dg\u00e5rd & Fritid"},"image":{"@id":"https:\/\/truusk.store\/sv\/#\/schema\/logo\/image\/"}}]}},"jetpack_sharing_enabled":true,"_links":{"self":[{"href":"https:\/\/truusk.store\/sv\/wp-json\/wp\/v2\/product\/96451","targetHints":{"allow":["GET"]}}],"collection":[{"href":"https:\/\/truusk.store\/sv\/wp-json\/wp\/v2\/product"}],"about":[{"href":"https:\/\/truusk.store\/sv\/wp-json\/wp\/v2\/types\/product"}],"wp:featuredmedia":[{"embeddable":true,"href":"https:\/\/truusk.store\/sv\/wp-json\/wp\/v2\/media\/96441"}],"wp:attachment":[{"href":"https:\/\/truusk.store\/sv\/wp-json\/wp\/v2\/media?parent=96451"}],"wp:term":[{"taxonomy":"product_brand","embeddable":true,"href":"https:\/\/truusk.store\/sv\/wp-json\/wp\/v2\/product_brand?post=96451"},{"taxonomy":"product_cat","embeddable":true,"href":"https:\/\/truusk.store\/sv\/wp-json\/wp\/v2\/product_cat?post=96451"},{"taxonomy":"product_tag","embeddable":true,"href":"https:\/\/truusk.store\/sv\/wp-json\/wp\/v2\/product_tag?post=96451"}],"curies":[{"name":"wp","href":"https:\/\/api.w.org\/{rel}","templated":true}]}}