{"id":96473,"date":"2025-11-24T09:41:59","date_gmt":"2025-11-24T08:41:59","guid":{"rendered":"https:\/\/truusk.store\/product\/hallbord-smalt-konsolbord-metall-spanskiva-rustikt-brun\/"},"modified":"2026-03-12T08:49:15","modified_gmt":"2026-03-12T07:49:15","slug":"truusk-smalt-konsolbord-i-rustikt-brun-metall-hallbord-med-spanskiva-skandinavisk-design-enkel-montering-120-cm","status":"publish","type":"product","link":"https:\/\/truusk.store\/sv\/produkt\/truusk-smalt-konsolbord-i-rustikt-brun-metall-hallbord-med-spanskiva-skandinavisk-design-enkel-montering-120-cm\/","title":{"rendered":"TRUUSK Smalt Konsolbord i Rustikt Brun Metall &#8211; Hallbord med Sp\u00e5nskiva &#8211; Skandinavisk Design &#8211; Enkel Montering &#8211; 120 cm"},"content":{"rendered":"<p>Lider du av en kaotisk entr\u00e9 och r\u00e4dsla f\u00f6r fallande f\u00f6rem\u00e5l eller ett ostabilt bord? Denna [BRAND NAME] smala sida sk\u00e5p ger ordning och lugn. Perfekt f\u00f6r tr\u00e5nga utrymmen, den \u00f6vre hyllan h\u00e5ller dina nycklar och dekorationer s\u00e4kert. Tack vare robust ram och tippskydd garanterar detta konsolbord stabilitet och s\u00e4kerhet f\u00f6r ett stilfullt mottagande av din familj varje dag.<\/p>\n<p>Beskrivning:<\/p>\n<ul>\n<li> Smal profil med 100 x 30 cm, idealisk f\u00f6r tr\u00e5nga korridorer och entr\u00e9er<\/li>\n<li> Utrustad med en h\u00f6g brickdesign som f\u00f6rhindrar att dina f\u00f6rem\u00e5l faller ner<\/li>\n<li> Konsolbordet \u00e4r tillverkat av robust metall och sp\u00e5nskiva f\u00f6r l\u00e5ngvarig h\u00e5llbarhet<\/li>\n<li> Hallbordet \u00e4r utrustat med justerbara fotdynor som garanterar stabilitet p\u00e5 oj\u00e4mna golv<\/li>\n<li> Inkluderar ett tippningsskyddsset f\u00f6r s\u00e4kring, f\u00f6r din familjs s\u00e4kerhet<\/li>\n<li> Gener\u00f6st utrymme under hallbordet m\u00f6jligg\u00f6r enkel reng\u00f6ring<\/li>\n<li> Montering kr\u00e4vs<\/li>\n<\/ul>\n<p> Tekniska data:<\/p>\n<ul>\n<li> F\u00e4rg: Rustik Brun+Svart<\/li>\n<li> Material: Sp\u00e5nskiva, Metall<\/li>\n<li> Totala dimensioner: 100L x 30B x 91H cm<\/li>\n<li> Bordsskivans storlek: 96L x 30B cm<\/li>\n<li> R\u00e4ckesh\u00f6jd: 8 cm<\/li>\n<li> H\u00f6jd fr\u00e5n golvet till underkant: 80 cm<\/li>\n<li> Benh\u00f6jd: 88,5 cm<\/li>\n<li> Belastningskapacitet: 20 kg (bordsskiva), 20 kg (totalt)<\/li>\n<\/ul>\n<p>Leveransinneh\u00e5ll:<\/p>\n<ul>\n<li> 1 x Konsolbord<\/li>\n<li> 1 x Handbok<\/li>\n<\/ul>\n","protected":false},"excerpt":{"rendered":"<p>Lider du av en kaotisk entr\u00e9 och r\u00e4dsla f\u00f6r fallande f\u00f6rem\u00e5l eller ett ostabilt bord? Denna [BRAND NAME] smala sida&#8230;<\/p>\n","protected":false},"featured_media":96461,"template":"","meta":[],"product_brand":[],"product_cat":[893,871,514],"product_tag":[],"class_list":{"0":"post-96473","1":"product","2":"type-product","3":"status-publish","4":"has-post-thumbnail","6":"product_cat-garderob-hall","7":"product_cat-hus-hem","8":"product_cat-konsolbord","10":"first","11":"instock","12":"sale","13":"taxable","14":"shipping-taxable","15":"purchasable","16":"product-type-simple"},"yoast_head":"<!-- This site is optimized with the Yoast SEO plugin v25.4 - https:\/\/yoast.com\/wordpress\/plugins\/seo\/ -->\n<title>TRUUSK Smalt Konsolbord i Rustikt Brun Metall - Hallbord med Sp\u00e5nskiva - Skandinavisk Design - Enkel Montering - 120 cm - TRUUSK - Hem, Tr\u00e4dg\u00e5rd &amp; Fritid<\/title>\n<meta name=\"robots\" content=\"index, follow, max-snippet:-1, max-image-preview:large, max-video-preview:-1\" \/>\n<link rel=\"canonical\" href=\"https:\/\/truusk.store\/sv\/produkt\/truusk-smalt-konsolbord-i-rustikt-brun-metall-hallbord-med-spanskiva-skandinavisk-design-enkel-montering-120-cm\/\" \/>\n<meta property=\"og:locale\" content=\"sv_SE\" \/>\n<meta property=\"og:type\" content=\"article\" \/>\n<meta property=\"og:title\" content=\"TRUUSK Smalt Konsolbord i Rustikt Brun Metall - Hallbord med Sp\u00e5nskiva - Skandinavisk Design - Enkel Montering - 120 cm - TRUUSK - Hem, Tr\u00e4dg\u00e5rd &amp; Fritid\" \/>\n<meta property=\"og:description\" content=\"Lider du av en kaotisk entr\u00e9 och r\u00e4dsla f\u00f6r fallande f\u00f6rem\u00e5l eller ett ostabilt bord? Denna [BRAND NAME] smala sida...\" \/>\n<meta property=\"og:url\" content=\"https:\/\/truusk.store\/sv\/produkt\/truusk-smalt-konsolbord-i-rustikt-brun-metall-hallbord-med-spanskiva-skandinavisk-design-enkel-montering-120-cm\/\" \/>\n<meta property=\"og:site_name\" content=\"TRUUSK - Hem, Tr\u00e4dg\u00e5rd &amp; Fritid\" \/>\n<meta property=\"article:modified_time\" content=\"2026-03-12T07:49:15+00:00\" \/>\n<meta property=\"og:image\" content=\"https:\/\/i0.wp.com\/truusk.se\/wp-content\/uploads\/2025\/11\/hallbord-smalt-konsolbord-metall-spanskiva-rustikt-brun-1.webp?fit=2000%2C2000&ssl=1\" \/>\n\t<meta property=\"og:image:width\" content=\"2000\" \/>\n\t<meta property=\"og:image:height\" content=\"2000\" \/>\n\t<meta property=\"og:image:type\" content=\"image\/webp\" \/>\n<meta name=\"twitter:card\" content=\"summary_large_image\" \/>\n<meta name=\"twitter:label1\" content=\"Ber\u00e4knad l\u00e4stid\" \/>\n\t<meta name=\"twitter:data1\" content=\"1 minut\" \/>\n<!-- \/ Yoast SEO plugin. -->","yoast_head_json":{"title":"TRUUSK Smalt Konsolbord i Rustikt Brun Metall - Hallbord med Sp\u00e5nskiva - Skandinavisk Design - Enkel Montering - 120 cm - TRUUSK - Hem, Tr\u00e4dg\u00e5rd &amp; Fritid","robots":{"index":"index","follow":"follow","max-snippet":"max-snippet:-1","max-image-preview":"max-image-preview:large","max-video-preview":"max-video-preview:-1"},"canonical":"https:\/\/truusk.store\/sv\/produkt\/truusk-smalt-konsolbord-i-rustikt-brun-metall-hallbord-med-spanskiva-skandinavisk-design-enkel-montering-120-cm\/","og_locale":"sv_SE","og_type":"article","og_title":"TRUUSK Smalt Konsolbord i Rustikt Brun Metall - Hallbord med Sp\u00e5nskiva - Skandinavisk Design - Enkel Montering - 120 cm - TRUUSK - Hem, Tr\u00e4dg\u00e5rd &amp; Fritid","og_description":"Lider du av en kaotisk entr\u00e9 och r\u00e4dsla f\u00f6r fallande f\u00f6rem\u00e5l eller ett ostabilt bord? Denna [BRAND NAME] smala sida...","og_url":"https:\/\/truusk.store\/sv\/produkt\/truusk-smalt-konsolbord-i-rustikt-brun-metall-hallbord-med-spanskiva-skandinavisk-design-enkel-montering-120-cm\/","og_site_name":"TRUUSK - Hem, Tr\u00e4dg\u00e5rd &amp; Fritid","article_modified_time":"2026-03-12T07:49:15+00:00","og_image":[{"width":2000,"height":2000,"url":"https:\/\/i0.wp.com\/truusk.se\/wp-content\/uploads\/2025\/11\/hallbord-smalt-konsolbord-metall-spanskiva-rustikt-brun-1.webp?fit=2000%2C2000&ssl=1","type":"image\/webp"}],"twitter_card":"summary_large_image","twitter_misc":{"Ber\u00e4knad l\u00e4stid":"1 minut"},"schema":{"@context":"https:\/\/schema.org","@graph":[{"@type":"WebPage","@id":"https:\/\/truusk.store\/sv\/produkt\/truusk-smalt-konsolbord-i-rustikt-brun-metall-hallbord-med-spanskiva-skandinavisk-design-enkel-montering-120-cm\/","url":"https:\/\/truusk.store\/sv\/produkt\/truusk-smalt-konsolbord-i-rustikt-brun-metall-hallbord-med-spanskiva-skandinavisk-design-enkel-montering-120-cm\/","name":"TRUUSK Smalt Konsolbord i Rustikt Brun Metall - Hallbord med Sp\u00e5nskiva - Skandinavisk Design - Enkel Montering - 120 cm - TRUUSK - Hem, Tr\u00e4dg\u00e5rd &amp; Fritid","isPartOf":{"@id":"https:\/\/truusk.store\/sv\/#website"},"primaryImageOfPage":{"@id":"https:\/\/truusk.store\/sv\/produkt\/truusk-smalt-konsolbord-i-rustikt-brun-metall-hallbord-med-spanskiva-skandinavisk-design-enkel-montering-120-cm\/#primaryimage"},"image":{"@id":"https:\/\/truusk.store\/sv\/produkt\/truusk-smalt-konsolbord-i-rustikt-brun-metall-hallbord-med-spanskiva-skandinavisk-design-enkel-montering-120-cm\/#primaryimage"},"thumbnailUrl":"https:\/\/i0.wp.com\/truusk.store\/wp-content\/uploads\/2025\/11\/hallbord-smalt-konsolbord-metall-spanskiva-rustikt-brun-1.webp?fit=2000%2C2000&ssl=1","datePublished":"2025-11-24T08:41:59+00:00","dateModified":"2026-03-12T07:49:15+00:00","breadcrumb":{"@id":"https:\/\/truusk.store\/sv\/produkt\/truusk-smalt-konsolbord-i-rustikt-brun-metall-hallbord-med-spanskiva-skandinavisk-design-enkel-montering-120-cm\/#breadcrumb"},"inLanguage":"sv-SE","potentialAction":[{"@type":"ReadAction","target":["https:\/\/truusk.store\/sv\/produkt\/truusk-smalt-konsolbord-i-rustikt-brun-metall-hallbord-med-spanskiva-skandinavisk-design-enkel-montering-120-cm\/"]}]},{"@type":"ImageObject","inLanguage":"sv-SE","@id":"https:\/\/truusk.store\/sv\/produkt\/truusk-smalt-konsolbord-i-rustikt-brun-metall-hallbord-med-spanskiva-skandinavisk-design-enkel-montering-120-cm\/#primaryimage","url":"https:\/\/i0.wp.com\/truusk.store\/wp-content\/uploads\/2025\/11\/hallbord-smalt-konsolbord-metall-spanskiva-rustikt-brun-1.webp?fit=2000%2C2000&ssl=1","contentUrl":"https:\/\/i0.wp.com\/truusk.store\/wp-content\/uploads\/2025\/11\/hallbord-smalt-konsolbord-metall-spanskiva-rustikt-brun-1.webp?fit=2000%2C2000&ssl=1","width":2000,"height":2000},{"@type":"BreadcrumbList","@id":"https:\/\/truusk.store\/sv\/produkt\/truusk-smalt-konsolbord-i-rustikt-brun-metall-hallbord-med-spanskiva-skandinavisk-design-enkel-montering-120-cm\/#breadcrumb","itemListElement":[{"@type":"ListItem","position":1,"name":"Home","item":"https:\/\/truusk.store\/sv\/"},{"@type":"ListItem","position":2,"name":"Shop","item":"https:\/\/truusk.store\/shop\/"},{"@type":"ListItem","position":3,"name":"TRUUSK Smalt Konsolbord i Rustikt Brun Metall &#8211; Hallbord med Sp\u00e5nskiva &#8211; Skandinavisk Design &#8211; Enkel Montering &#8211; 120 cm"}]},{"@type":"WebSite","@id":"https:\/\/truusk.store\/sv\/#website","url":"https:\/\/truusk.store\/sv\/","name":"TRUUSK - Hem, Tr\u00e4dg\u00e5rd & Fritid","description":"","publisher":{"@id":"https:\/\/truusk.store\/sv\/#organization"},"potentialAction":[{"@type":"SearchAction","target":{"@type":"EntryPoint","urlTemplate":"https:\/\/truusk.store\/sv\/?s={search_term_string}"},"query-input":{"@type":"PropertyValueSpecification","valueRequired":true,"valueName":"search_term_string"}}],"inLanguage":"sv-SE"},{"@type":"Organization","@id":"https:\/\/truusk.store\/sv\/#organization","name":"TRUUSK - Hem, Tr\u00e4dg\u00e5rd & Fritid","url":"https:\/\/truusk.store\/sv\/","logo":{"@type":"ImageObject","inLanguage":"sv-SE","@id":"https:\/\/truusk.store\/sv\/#\/schema\/logo\/image\/","url":"https:\/\/i0.wp.com\/truusk.store\/wp-content\/uploads\/2026\/03\/cropped-TRUUSK.png?fit=2032%2C917&ssl=1","contentUrl":"https:\/\/i0.wp.com\/truusk.store\/wp-content\/uploads\/2026\/03\/cropped-TRUUSK.png?fit=2032%2C917&ssl=1","width":2032,"height":917,"caption":"TRUUSK - Hem, Tr\u00e4dg\u00e5rd & Fritid"},"image":{"@id":"https:\/\/truusk.store\/sv\/#\/schema\/logo\/image\/"}}]}},"jetpack_sharing_enabled":true,"_links":{"self":[{"href":"https:\/\/truusk.store\/sv\/wp-json\/wp\/v2\/product\/96473","targetHints":{"allow":["GET"]}}],"collection":[{"href":"https:\/\/truusk.store\/sv\/wp-json\/wp\/v2\/product"}],"about":[{"href":"https:\/\/truusk.store\/sv\/wp-json\/wp\/v2\/types\/product"}],"wp:featuredmedia":[{"embeddable":true,"href":"https:\/\/truusk.store\/sv\/wp-json\/wp\/v2\/media\/96461"}],"wp:attachment":[{"href":"https:\/\/truusk.store\/sv\/wp-json\/wp\/v2\/media?parent=96473"}],"wp:term":[{"taxonomy":"product_brand","embeddable":true,"href":"https:\/\/truusk.store\/sv\/wp-json\/wp\/v2\/product_brand?post=96473"},{"taxonomy":"product_cat","embeddable":true,"href":"https:\/\/truusk.store\/sv\/wp-json\/wp\/v2\/product_cat?post=96473"},{"taxonomy":"product_tag","embeddable":true,"href":"https:\/\/truusk.store\/sv\/wp-json\/wp\/v2\/product_tag?post=96473"}],"curies":[{"name":"wp","href":"https:\/\/api.w.org\/{rel}","templated":true}]}}