{"id":96481,"date":"2025-11-24T09:42:50","date_gmt":"2025-11-24T08:42:50","guid":{"rendered":"https:\/\/truusk.store\/product\/skohylla-med-4-nivaer-skoforvaring-av-bambu-for-upp-till-12-par-skor-for-entre-hall-60-x-29-x-67-cm-natur\/"},"modified":"2026-03-12T08:49:15","modified_gmt":"2026-03-12T07:49:15","slug":"truusk-skohylla-med-4-nivaer-skoforvaring-av-bambu-for-upp-till-12-par-skor-for-entre-hall-60-x-29-x-67-cm-natur","status":"publish","type":"product","link":"https:\/\/truusk.store\/sv\/produkt\/truusk-skohylla-med-4-nivaer-skoforvaring-av-bambu-for-upp-till-12-par-skor-for-entre-hall-60-x-29-x-67-cm-natur\/","title":{"rendered":"TRUUSK Skohylla med 4 niv\u00e5er &#8211; Skof\u00f6rvaring av bambu &#8211; F\u00f6r upp till 12 par skor &#8211; F\u00f6r entr\u00e9, hall &#8211; 60 x 29 x 67 cm &#8211; Natur"},"content":{"rendered":"<p>St\u00f6rd av r\u00f6ran i entr\u00e9n och komplicerade uppbyggnader? F\u00f6rest\u00e4ll dig att du kommer in i ett st\u00e4dat hem d\u00e4r varje sko hittar sin plats. Det omedelbart redo [BRAND NAME] bambu skohylla sorterar omedelbart upp till 12 par skor. Den robusta konstruktionen b\u00e4r l\u00e4tt tunga st\u00f6vlar och ger en bekymmersfri start p\u00e5 dagen. Denna smala skost\u00e4ll skapar l\u00e5ngvarig ordning och ger lugn till ditt aktiva liv.<\/p>\n<p>Beskrivning:<\/p>\n<ul>\n<li> Vikbart design av skohyllan, ingen montering kr\u00e4vs, bara vik ut och redo att anv\u00e4nda<\/li>\n<li> Fyra niv\u00e5er av skost\u00e4llet f\u00f6r f\u00f6rvaring, ordna upp till 12 par skor \u00f6versiktligt<\/li>\n<li> Tillverkad av naturlig bambu med ett X-st\u00e4ll som garanterar utm\u00e4rkt stabilitet<\/li>\n<li> Minimalistisk nordisk stil av skohyllan f\u00f6rb\u00e4ttrar varje rum<\/li>\n<li> Lamellformade hyllor och optimal niv\u00e5h\u00f6jd av skost\u00e4llet fr\u00e4mjar luftcirkulationen f\u00f6r att h\u00e5lla skorna fr\u00e4scha<\/li>\n<li> En sl\u00e4t lack g\u00f6r det fuktresistent och l\u00e4tt att reng\u00f6ra<\/li>\n<\/ul>\n<p> Tekniska data:<\/p>\n<ul>\n<li> F\u00e4rg: Natur<\/li>\n<li> Material: Bambu<\/li>\n<li> Totala dimensioner: 60B x 29T x 67H cm<\/li>\n<li> Storlek p\u00e5 varje niv\u00e5: 55B x 29T x 20H cm<\/li>\n<li> Maximal skostorlek: EU-storlek 44<\/li>\n<li> Skokapacitet: 12 par<\/li>\n<li> Maximal belastning: 40 kg (totalt), 10 kg (per niv\u00e5)<\/li>\n<\/ul>\n<p>Leverans inneh\u00e5ller:<\/p>\n<ul>\n<li> 1 x Skohylla<\/li>\n<li> 1 x Bruksanvisning<\/li>\n<\/ul>\n","protected":false},"excerpt":{"rendered":"<p>St\u00f6rd av r\u00f6ran i entr\u00e9n och komplicerade uppbyggnader? F\u00f6rest\u00e4ll dig att du kommer in i ett st\u00e4dat hem d\u00e4r varje&#8230;<\/p>\n","protected":false},"featured_media":96468,"template":"","meta":[],"product_brand":[],"product_cat":[893,871,940],"product_tag":[],"class_list":{"0":"post-96481","1":"product","2":"type-product","3":"status-publish","4":"has-post-thumbnail","6":"product_cat-garderob-hall","7":"product_cat-hus-hem","8":"product_cat-skohyllor","10":"first","11":"instock","12":"sale","13":"taxable","14":"shipping-taxable","15":"purchasable","16":"product-type-simple"},"yoast_head":"<!-- This site is optimized with the Yoast SEO plugin v25.4 - https:\/\/yoast.com\/wordpress\/plugins\/seo\/ -->\n<title>TRUUSK Skohylla med 4 niv\u00e5er - Skof\u00f6rvaring av bambu - F\u00f6r upp till 12 par skor - F\u00f6r entr\u00e9, hall - 60 x 29 x 67 cm - Natur - TRUUSK - Hem, Tr\u00e4dg\u00e5rd &amp; Fritid<\/title>\n<meta name=\"robots\" content=\"index, follow, max-snippet:-1, max-image-preview:large, max-video-preview:-1\" \/>\n<link rel=\"canonical\" href=\"https:\/\/truusk.store\/sv\/produkt\/truusk-skohylla-med-4-nivaer-skoforvaring-av-bambu-for-upp-till-12-par-skor-for-entre-hall-60-x-29-x-67-cm-natur\/\" \/>\n<meta property=\"og:locale\" content=\"sv_SE\" \/>\n<meta property=\"og:type\" content=\"article\" \/>\n<meta property=\"og:title\" content=\"TRUUSK Skohylla med 4 niv\u00e5er - Skof\u00f6rvaring av bambu - F\u00f6r upp till 12 par skor - F\u00f6r entr\u00e9, hall - 60 x 29 x 67 cm - Natur - TRUUSK - Hem, Tr\u00e4dg\u00e5rd &amp; Fritid\" \/>\n<meta property=\"og:description\" content=\"St\u00f6rd av r\u00f6ran i entr\u00e9n och komplicerade uppbyggnader? F\u00f6rest\u00e4ll dig att du kommer in i ett st\u00e4dat hem d\u00e4r varje...\" \/>\n<meta property=\"og:url\" content=\"https:\/\/truusk.store\/sv\/produkt\/truusk-skohylla-med-4-nivaer-skoforvaring-av-bambu-for-upp-till-12-par-skor-for-entre-hall-60-x-29-x-67-cm-natur\/\" \/>\n<meta property=\"og:site_name\" content=\"TRUUSK - Hem, Tr\u00e4dg\u00e5rd &amp; Fritid\" \/>\n<meta property=\"article:modified_time\" content=\"2026-03-12T07:49:15+00:00\" \/>\n<meta property=\"og:image\" content=\"https:\/\/i0.wp.com\/truusk.se\/wp-content\/uploads\/2025\/11\/skohylla-med-4-nivaer-skoforvaring-av-bambu-for-upp-till-12-par-skor-for-entre-hall-60-x-29-x-67-cm-natur-1.webp?fit=2000%2C2000&ssl=1\" \/>\n\t<meta property=\"og:image:width\" content=\"2000\" \/>\n\t<meta property=\"og:image:height\" content=\"2000\" \/>\n\t<meta property=\"og:image:type\" content=\"image\/webp\" \/>\n<meta name=\"twitter:card\" content=\"summary_large_image\" \/>\n<meta name=\"twitter:label1\" content=\"Ber\u00e4knad l\u00e4stid\" \/>\n\t<meta name=\"twitter:data1\" content=\"1 minut\" \/>\n<!-- \/ Yoast SEO plugin. -->","yoast_head_json":{"title":"TRUUSK Skohylla med 4 niv\u00e5er - Skof\u00f6rvaring av bambu - F\u00f6r upp till 12 par skor - F\u00f6r entr\u00e9, hall - 60 x 29 x 67 cm - Natur - TRUUSK - Hem, Tr\u00e4dg\u00e5rd &amp; Fritid","robots":{"index":"index","follow":"follow","max-snippet":"max-snippet:-1","max-image-preview":"max-image-preview:large","max-video-preview":"max-video-preview:-1"},"canonical":"https:\/\/truusk.store\/sv\/produkt\/truusk-skohylla-med-4-nivaer-skoforvaring-av-bambu-for-upp-till-12-par-skor-for-entre-hall-60-x-29-x-67-cm-natur\/","og_locale":"sv_SE","og_type":"article","og_title":"TRUUSK Skohylla med 4 niv\u00e5er - Skof\u00f6rvaring av bambu - F\u00f6r upp till 12 par skor - F\u00f6r entr\u00e9, hall - 60 x 29 x 67 cm - Natur - TRUUSK - Hem, Tr\u00e4dg\u00e5rd &amp; Fritid","og_description":"St\u00f6rd av r\u00f6ran i entr\u00e9n och komplicerade uppbyggnader? F\u00f6rest\u00e4ll dig att du kommer in i ett st\u00e4dat hem d\u00e4r varje...","og_url":"https:\/\/truusk.store\/sv\/produkt\/truusk-skohylla-med-4-nivaer-skoforvaring-av-bambu-for-upp-till-12-par-skor-for-entre-hall-60-x-29-x-67-cm-natur\/","og_site_name":"TRUUSK - Hem, Tr\u00e4dg\u00e5rd &amp; Fritid","article_modified_time":"2026-03-12T07:49:15+00:00","og_image":[{"width":2000,"height":2000,"url":"https:\/\/i0.wp.com\/truusk.se\/wp-content\/uploads\/2025\/11\/skohylla-med-4-nivaer-skoforvaring-av-bambu-for-upp-till-12-par-skor-for-entre-hall-60-x-29-x-67-cm-natur-1.webp?fit=2000%2C2000&ssl=1","type":"image\/webp"}],"twitter_card":"summary_large_image","twitter_misc":{"Ber\u00e4knad l\u00e4stid":"1 minut"},"schema":{"@context":"https:\/\/schema.org","@graph":[{"@type":"WebPage","@id":"https:\/\/truusk.store\/sv\/produkt\/truusk-skohylla-med-4-nivaer-skoforvaring-av-bambu-for-upp-till-12-par-skor-for-entre-hall-60-x-29-x-67-cm-natur\/","url":"https:\/\/truusk.store\/sv\/produkt\/truusk-skohylla-med-4-nivaer-skoforvaring-av-bambu-for-upp-till-12-par-skor-for-entre-hall-60-x-29-x-67-cm-natur\/","name":"TRUUSK Skohylla med 4 niv\u00e5er - Skof\u00f6rvaring av bambu - F\u00f6r upp till 12 par skor - F\u00f6r entr\u00e9, hall - 60 x 29 x 67 cm - Natur - TRUUSK - Hem, Tr\u00e4dg\u00e5rd &amp; Fritid","isPartOf":{"@id":"https:\/\/truusk.store\/sv\/#website"},"primaryImageOfPage":{"@id":"https:\/\/truusk.store\/sv\/produkt\/truusk-skohylla-med-4-nivaer-skoforvaring-av-bambu-for-upp-till-12-par-skor-for-entre-hall-60-x-29-x-67-cm-natur\/#primaryimage"},"image":{"@id":"https:\/\/truusk.store\/sv\/produkt\/truusk-skohylla-med-4-nivaer-skoforvaring-av-bambu-for-upp-till-12-par-skor-for-entre-hall-60-x-29-x-67-cm-natur\/#primaryimage"},"thumbnailUrl":"https:\/\/i0.wp.com\/truusk.store\/wp-content\/uploads\/2025\/11\/skohylla-med-4-nivaer-skoforvaring-av-bambu-for-upp-till-12-par-skor-for-entre-hall-60-x-29-x-67-cm-natur-1.webp?fit=2000%2C2000&ssl=1","datePublished":"2025-11-24T08:42:50+00:00","dateModified":"2026-03-12T07:49:15+00:00","breadcrumb":{"@id":"https:\/\/truusk.store\/sv\/produkt\/truusk-skohylla-med-4-nivaer-skoforvaring-av-bambu-for-upp-till-12-par-skor-for-entre-hall-60-x-29-x-67-cm-natur\/#breadcrumb"},"inLanguage":"sv-SE","potentialAction":[{"@type":"ReadAction","target":["https:\/\/truusk.store\/sv\/produkt\/truusk-skohylla-med-4-nivaer-skoforvaring-av-bambu-for-upp-till-12-par-skor-for-entre-hall-60-x-29-x-67-cm-natur\/"]}]},{"@type":"ImageObject","inLanguage":"sv-SE","@id":"https:\/\/truusk.store\/sv\/produkt\/truusk-skohylla-med-4-nivaer-skoforvaring-av-bambu-for-upp-till-12-par-skor-for-entre-hall-60-x-29-x-67-cm-natur\/#primaryimage","url":"https:\/\/i0.wp.com\/truusk.store\/wp-content\/uploads\/2025\/11\/skohylla-med-4-nivaer-skoforvaring-av-bambu-for-upp-till-12-par-skor-for-entre-hall-60-x-29-x-67-cm-natur-1.webp?fit=2000%2C2000&ssl=1","contentUrl":"https:\/\/i0.wp.com\/truusk.store\/wp-content\/uploads\/2025\/11\/skohylla-med-4-nivaer-skoforvaring-av-bambu-for-upp-till-12-par-skor-for-entre-hall-60-x-29-x-67-cm-natur-1.webp?fit=2000%2C2000&ssl=1","width":2000,"height":2000},{"@type":"BreadcrumbList","@id":"https:\/\/truusk.store\/sv\/produkt\/truusk-skohylla-med-4-nivaer-skoforvaring-av-bambu-for-upp-till-12-par-skor-for-entre-hall-60-x-29-x-67-cm-natur\/#breadcrumb","itemListElement":[{"@type":"ListItem","position":1,"name":"Home","item":"https:\/\/truusk.store\/sv\/"},{"@type":"ListItem","position":2,"name":"Shop","item":"https:\/\/truusk.store\/shop\/"},{"@type":"ListItem","position":3,"name":"TRUUSK Skohylla med 4 niv\u00e5er &#8211; Skof\u00f6rvaring av bambu &#8211; F\u00f6r upp till 12 par skor &#8211; F\u00f6r entr\u00e9, hall &#8211; 60 x 29 x 67 cm &#8211; Natur"}]},{"@type":"WebSite","@id":"https:\/\/truusk.store\/sv\/#website","url":"https:\/\/truusk.store\/sv\/","name":"TRUUSK - Hem, Tr\u00e4dg\u00e5rd & Fritid","description":"","publisher":{"@id":"https:\/\/truusk.store\/sv\/#organization"},"potentialAction":[{"@type":"SearchAction","target":{"@type":"EntryPoint","urlTemplate":"https:\/\/truusk.store\/sv\/?s={search_term_string}"},"query-input":{"@type":"PropertyValueSpecification","valueRequired":true,"valueName":"search_term_string"}}],"inLanguage":"sv-SE"},{"@type":"Organization","@id":"https:\/\/truusk.store\/sv\/#organization","name":"TRUUSK - Hem, Tr\u00e4dg\u00e5rd & Fritid","url":"https:\/\/truusk.store\/sv\/","logo":{"@type":"ImageObject","inLanguage":"sv-SE","@id":"https:\/\/truusk.store\/sv\/#\/schema\/logo\/image\/","url":"https:\/\/i0.wp.com\/truusk.store\/wp-content\/uploads\/2026\/03\/cropped-TRUUSK.png?fit=2032%2C917&ssl=1","contentUrl":"https:\/\/i0.wp.com\/truusk.store\/wp-content\/uploads\/2026\/03\/cropped-TRUUSK.png?fit=2032%2C917&ssl=1","width":2032,"height":917,"caption":"TRUUSK - Hem, Tr\u00e4dg\u00e5rd & Fritid"},"image":{"@id":"https:\/\/truusk.store\/sv\/#\/schema\/logo\/image\/"}}]}},"jetpack_sharing_enabled":true,"_links":{"self":[{"href":"https:\/\/truusk.store\/sv\/wp-json\/wp\/v2\/product\/96481","targetHints":{"allow":["GET"]}}],"collection":[{"href":"https:\/\/truusk.store\/sv\/wp-json\/wp\/v2\/product"}],"about":[{"href":"https:\/\/truusk.store\/sv\/wp-json\/wp\/v2\/types\/product"}],"wp:featuredmedia":[{"embeddable":true,"href":"https:\/\/truusk.store\/sv\/wp-json\/wp\/v2\/media\/96468"}],"wp:attachment":[{"href":"https:\/\/truusk.store\/sv\/wp-json\/wp\/v2\/media?parent=96481"}],"wp:term":[{"taxonomy":"product_brand","embeddable":true,"href":"https:\/\/truusk.store\/sv\/wp-json\/wp\/v2\/product_brand?post=96481"},{"taxonomy":"product_cat","embeddable":true,"href":"https:\/\/truusk.store\/sv\/wp-json\/wp\/v2\/product_cat?post=96481"},{"taxonomy":"product_tag","embeddable":true,"href":"https:\/\/truusk.store\/sv\/wp-json\/wp\/v2\/product_tag?post=96481"}],"curies":[{"name":"wp","href":"https:\/\/api.w.org\/{rel}","templated":true}]}}