{"id":96490,"date":"2025-11-24T09:43:50","date_gmt":"2025-11-24T08:43:50","guid":{"rendered":"https:\/\/truusk.store\/product\/koksvagn-3-korgar-4-hjul-metall-svart\/"},"modified":"2026-03-12T08:49:16","modified_gmt":"2026-03-12T07:49:16","slug":"truusk-koksvagn-3-korgar-4-hjul-metall-svart","status":"publish","type":"product","link":"https:\/\/truusk.store\/sv\/produkt\/truusk-koksvagn-3-korgar-4-hjul-metall-svart\/","title":{"rendered":"TRUUSK K\u00f6ksvagn &#8211; 3 Korgar &#8211; 4 Hjul &#8211; Metall &#8211; Svart"},"content":{"rendered":"<p>\u00d6verv\u00e4ldigad av oordning som p\u00e5verkar vardagen? Den robusta [BRAND NAME] sidovagnen med hjul \u00e5terst\u00e4ller ordning och lugn med sin 3-niv\u00e5s lagring. Organisera allt fr\u00e5n stora flaskor till snacks utan anstr\u00e4ngning &#8211; allt l\u00e4ttillg\u00e4ngligt och snyggt f\u00f6rvarat. Rulla enkelt in i vilket rum som helst och l\u00e5s hjulen p\u00e5 f\u00f6rvaringsvagnen f\u00f6r s\u00e4ker st\u00e5ende. Din m\u00e5ngsidiga f\u00f6rvaringspartner hemma, byggd f\u00f6r l\u00e5ngvarig anv\u00e4ndning.<\/p>\n<p>Beskrivning:<\/p>\n<ul>\n<li> Serveringsvagnen har tre korgar med olika h\u00f6jder, som enkelt kan lagra olika f\u00f6rem\u00e5l<\/li>\n<li> Rullar mjukt p\u00e5 fyra 360\u00b0 roterande hjul, varav tv\u00e5 kan l\u00e5sas av s\u00e4kerhetssk\u00e4l<\/li>\n<li> Tillverkad av robust metall, vilket garanterar p\u00e5litlig stabilitet och h\u00e5llbarhet<\/li>\n<li> Rullvagnen fungerar som en m\u00e5ngsidig vagn f\u00f6r k\u00f6k, badrum, sovrum eller tv\u00e4ttomr\u00e5den och h\u00e5ller ditt utrymme snyggt<\/li>\n<li> Montering kr\u00e4vs<\/li>\n<\/ul>\n<p> Tekniska data:<\/p>\n<ul>\n<li> F\u00e4rg: Svart<\/li>\n<li> Material: Metall<\/li>\n<li> Totala dimensioner: 64,5L x 34B x 87H cm<\/li>\n<li> Stor korgstorlek: 60L x 30B x 9H cm<\/li>\n<li> Mellanstor korgstorlek: 59L x 29B x 8,5H cm<\/li>\n<li> Liten korgstorlek: 58L x 29B x 8H cm<\/li>\n<li> H\u00f6jd p\u00e5 niv\u00e5erna: (fr\u00e5n topp till botten)25,5\/26,5\/22H cm<\/li>\n<li> H\u00f6jd fr\u00e5n golvet: 7,5H cm<\/li>\n<li> Maximal belastning: 9 kg (totalt), 3 kg (per korg)<\/li>\n<\/ul>\n<p>Leveransinneh\u00e5ll:<\/p>\n<ul>\n<li> 1 x F\u00f6rvaringsvagn<\/li>\n<li> 1 x Handbok<\/li>\n<\/ul>\n","protected":false},"excerpt":{"rendered":"<p>\u00d6verv\u00e4ldigad av oordning som p\u00e5verkar vardagen? Den robusta [BRAND NAME] sidovagnen med hjul \u00e5terst\u00e4ller ordning och lugn med sin 3-niv\u00e5s&#8230;<\/p>\n","protected":false},"featured_media":96479,"template":"","meta":[],"product_brand":[],"product_cat":[871,889,503],"product_tag":[],"class_list":{"0":"post-96490","1":"product","2":"type-product","3":"status-publish","4":"has-post-thumbnail","6":"product_cat-hus-hem","7":"product_cat-kok-matsal","8":"product_cat-serveringsvagn","10":"first","11":"instock","12":"sale","13":"taxable","14":"shipping-taxable","15":"purchasable","16":"product-type-simple"},"yoast_head":"<!-- This site is optimized with the Yoast SEO plugin v25.4 - https:\/\/yoast.com\/wordpress\/plugins\/seo\/ -->\n<title>TRUUSK K\u00f6ksvagn - 3 Korgar - 4 Hjul - Metall - Svart - TRUUSK - Hem, Tr\u00e4dg\u00e5rd &amp; Fritid<\/title>\n<meta name=\"robots\" content=\"index, follow, max-snippet:-1, max-image-preview:large, max-video-preview:-1\" \/>\n<link rel=\"canonical\" href=\"https:\/\/truusk.store\/sv\/produkt\/truusk-koksvagn-3-korgar-4-hjul-metall-svart\/\" \/>\n<meta property=\"og:locale\" content=\"sv_SE\" \/>\n<meta property=\"og:type\" content=\"article\" \/>\n<meta property=\"og:title\" content=\"TRUUSK K\u00f6ksvagn - 3 Korgar - 4 Hjul - Metall - Svart - TRUUSK - Hem, Tr\u00e4dg\u00e5rd &amp; Fritid\" \/>\n<meta property=\"og:description\" content=\"\u00d6verv\u00e4ldigad av oordning som p\u00e5verkar vardagen? Den robusta [BRAND NAME] sidovagnen med hjul \u00e5terst\u00e4ller ordning och lugn med sin 3-niv\u00e5s...\" \/>\n<meta property=\"og:url\" content=\"https:\/\/truusk.store\/sv\/produkt\/truusk-koksvagn-3-korgar-4-hjul-metall-svart\/\" \/>\n<meta property=\"og:site_name\" content=\"TRUUSK - Hem, Tr\u00e4dg\u00e5rd &amp; Fritid\" \/>\n<meta property=\"article:modified_time\" content=\"2026-03-12T07:49:16+00:00\" \/>\n<meta property=\"og:image\" content=\"https:\/\/i0.wp.com\/truusk.se\/wp-content\/uploads\/2025\/11\/koksvagn-3-korgar-4-hjul-metall-svart-1.webp?fit=2000%2C2000&ssl=1\" \/>\n\t<meta property=\"og:image:width\" content=\"2000\" \/>\n\t<meta property=\"og:image:height\" content=\"2000\" \/>\n\t<meta property=\"og:image:type\" content=\"image\/webp\" \/>\n<meta name=\"twitter:card\" content=\"summary_large_image\" \/>\n<meta name=\"twitter:label1\" content=\"Ber\u00e4knad l\u00e4stid\" \/>\n\t<meta name=\"twitter:data1\" content=\"1 minut\" \/>\n<!-- \/ Yoast SEO plugin. -->","yoast_head_json":{"title":"TRUUSK K\u00f6ksvagn - 3 Korgar - 4 Hjul - Metall - Svart - TRUUSK - Hem, Tr\u00e4dg\u00e5rd &amp; Fritid","robots":{"index":"index","follow":"follow","max-snippet":"max-snippet:-1","max-image-preview":"max-image-preview:large","max-video-preview":"max-video-preview:-1"},"canonical":"https:\/\/truusk.store\/sv\/produkt\/truusk-koksvagn-3-korgar-4-hjul-metall-svart\/","og_locale":"sv_SE","og_type":"article","og_title":"TRUUSK K\u00f6ksvagn - 3 Korgar - 4 Hjul - Metall - Svart - TRUUSK - Hem, Tr\u00e4dg\u00e5rd &amp; Fritid","og_description":"\u00d6verv\u00e4ldigad av oordning som p\u00e5verkar vardagen? Den robusta [BRAND NAME] sidovagnen med hjul \u00e5terst\u00e4ller ordning och lugn med sin 3-niv\u00e5s...","og_url":"https:\/\/truusk.store\/sv\/produkt\/truusk-koksvagn-3-korgar-4-hjul-metall-svart\/","og_site_name":"TRUUSK - Hem, Tr\u00e4dg\u00e5rd &amp; Fritid","article_modified_time":"2026-03-12T07:49:16+00:00","og_image":[{"width":2000,"height":2000,"url":"https:\/\/i0.wp.com\/truusk.se\/wp-content\/uploads\/2025\/11\/koksvagn-3-korgar-4-hjul-metall-svart-1.webp?fit=2000%2C2000&ssl=1","type":"image\/webp"}],"twitter_card":"summary_large_image","twitter_misc":{"Ber\u00e4knad l\u00e4stid":"1 minut"},"schema":{"@context":"https:\/\/schema.org","@graph":[{"@type":"WebPage","@id":"https:\/\/truusk.store\/sv\/produkt\/truusk-koksvagn-3-korgar-4-hjul-metall-svart\/","url":"https:\/\/truusk.store\/sv\/produkt\/truusk-koksvagn-3-korgar-4-hjul-metall-svart\/","name":"TRUUSK K\u00f6ksvagn - 3 Korgar - 4 Hjul - Metall - Svart - TRUUSK - Hem, Tr\u00e4dg\u00e5rd &amp; Fritid","isPartOf":{"@id":"https:\/\/truusk.store\/sv\/#website"},"primaryImageOfPage":{"@id":"https:\/\/truusk.store\/sv\/produkt\/truusk-koksvagn-3-korgar-4-hjul-metall-svart\/#primaryimage"},"image":{"@id":"https:\/\/truusk.store\/sv\/produkt\/truusk-koksvagn-3-korgar-4-hjul-metall-svart\/#primaryimage"},"thumbnailUrl":"https:\/\/i0.wp.com\/truusk.store\/wp-content\/uploads\/2025\/11\/koksvagn-3-korgar-4-hjul-metall-svart-1.webp?fit=2000%2C2000&ssl=1","datePublished":"2025-11-24T08:43:50+00:00","dateModified":"2026-03-12T07:49:16+00:00","breadcrumb":{"@id":"https:\/\/truusk.store\/sv\/produkt\/truusk-koksvagn-3-korgar-4-hjul-metall-svart\/#breadcrumb"},"inLanguage":"sv-SE","potentialAction":[{"@type":"ReadAction","target":["https:\/\/truusk.store\/sv\/produkt\/truusk-koksvagn-3-korgar-4-hjul-metall-svart\/"]}]},{"@type":"ImageObject","inLanguage":"sv-SE","@id":"https:\/\/truusk.store\/sv\/produkt\/truusk-koksvagn-3-korgar-4-hjul-metall-svart\/#primaryimage","url":"https:\/\/i0.wp.com\/truusk.store\/wp-content\/uploads\/2025\/11\/koksvagn-3-korgar-4-hjul-metall-svart-1.webp?fit=2000%2C2000&ssl=1","contentUrl":"https:\/\/i0.wp.com\/truusk.store\/wp-content\/uploads\/2025\/11\/koksvagn-3-korgar-4-hjul-metall-svart-1.webp?fit=2000%2C2000&ssl=1","width":2000,"height":2000},{"@type":"BreadcrumbList","@id":"https:\/\/truusk.store\/sv\/produkt\/truusk-koksvagn-3-korgar-4-hjul-metall-svart\/#breadcrumb","itemListElement":[{"@type":"ListItem","position":1,"name":"Home","item":"https:\/\/truusk.store\/sv\/"},{"@type":"ListItem","position":2,"name":"Shop","item":"https:\/\/truusk.store\/shop\/"},{"@type":"ListItem","position":3,"name":"TRUUSK K\u00f6ksvagn &#8211; 3 Korgar &#8211; 4 Hjul &#8211; Metall &#8211; Svart"}]},{"@type":"WebSite","@id":"https:\/\/truusk.store\/sv\/#website","url":"https:\/\/truusk.store\/sv\/","name":"TRUUSK - Hem, Tr\u00e4dg\u00e5rd & Fritid","description":"","publisher":{"@id":"https:\/\/truusk.store\/sv\/#organization"},"potentialAction":[{"@type":"SearchAction","target":{"@type":"EntryPoint","urlTemplate":"https:\/\/truusk.store\/sv\/?s={search_term_string}"},"query-input":{"@type":"PropertyValueSpecification","valueRequired":true,"valueName":"search_term_string"}}],"inLanguage":"sv-SE"},{"@type":"Organization","@id":"https:\/\/truusk.store\/sv\/#organization","name":"TRUUSK - Hem, Tr\u00e4dg\u00e5rd & Fritid","url":"https:\/\/truusk.store\/sv\/","logo":{"@type":"ImageObject","inLanguage":"sv-SE","@id":"https:\/\/truusk.store\/sv\/#\/schema\/logo\/image\/","url":"https:\/\/i0.wp.com\/truusk.store\/wp-content\/uploads\/2026\/03\/cropped-TRUUSK.png?fit=2032%2C917&ssl=1","contentUrl":"https:\/\/i0.wp.com\/truusk.store\/wp-content\/uploads\/2026\/03\/cropped-TRUUSK.png?fit=2032%2C917&ssl=1","width":2032,"height":917,"caption":"TRUUSK - Hem, Tr\u00e4dg\u00e5rd & Fritid"},"image":{"@id":"https:\/\/truusk.store\/sv\/#\/schema\/logo\/image\/"}}]}},"jetpack_sharing_enabled":true,"_links":{"self":[{"href":"https:\/\/truusk.store\/sv\/wp-json\/wp\/v2\/product\/96490","targetHints":{"allow":["GET"]}}],"collection":[{"href":"https:\/\/truusk.store\/sv\/wp-json\/wp\/v2\/product"}],"about":[{"href":"https:\/\/truusk.store\/sv\/wp-json\/wp\/v2\/types\/product"}],"wp:featuredmedia":[{"embeddable":true,"href":"https:\/\/truusk.store\/sv\/wp-json\/wp\/v2\/media\/96479"}],"wp:attachment":[{"href":"https:\/\/truusk.store\/sv\/wp-json\/wp\/v2\/media?parent=96490"}],"wp:term":[{"taxonomy":"product_brand","embeddable":true,"href":"https:\/\/truusk.store\/sv\/wp-json\/wp\/v2\/product_brand?post=96490"},{"taxonomy":"product_cat","embeddable":true,"href":"https:\/\/truusk.store\/sv\/wp-json\/wp\/v2\/product_cat?post=96490"},{"taxonomy":"product_tag","embeddable":true,"href":"https:\/\/truusk.store\/sv\/wp-json\/wp\/v2\/product_tag?post=96490"}],"curies":[{"name":"wp","href":"https:\/\/api.w.org\/{rel}","templated":true}]}}