{"id":96510,"date":"2025-11-24T09:46:00","date_gmt":"2025-11-24T08:46:00","guid":{"rendered":"https:\/\/truusk.store\/product\/6-niva-hylla-i-bambutra-justerbara-hyllplan-fristaende-forvaringshylla-naturligt-tra\/"},"modified":"2026-03-12T08:50:15","modified_gmt":"2026-03-12T07:50:15","slug":"truusk-6-niva-hylla-i-bambutra-justerbara-hyllplan-fristaende-naturligt-tra","status":"publish","type":"product","link":"https:\/\/truusk.store\/sv\/produkt\/truusk-6-niva-hylla-i-bambutra-justerbara-hyllplan-fristaende-naturligt-tra\/","title":{"rendered":"TRUUSK 6-niv\u00e5 Hylla I Bambutr\u00e4 &#8211; Justerbara Hyllplan &#8211; Frist\u00e5ende &#8211; Naturligt Tr\u00e4"},"content":{"rendered":"<p>Detta smala st\u00e5ende hylla fr\u00e5n [BRAND NAME] erbjuder plats f\u00f6r m\u00e5nga saker, fr\u00e5n stora vaser till sm\u00e5 kosmetika. Den flexibla bambudesignen p\u00e5 hyllan skapar en lugnande ordning i vardagsrummet eller badrummet, omvandlar st\u00f6rande nischer till attraktiva ordningsutrymmen och \u00f6kar boendekomforten genom sin funktionella elegans.<\/p>\n<p>Beskrivning:<\/p>\n<ul>\n<li> Sex hyllor kan justeras i 11 positioner och passar enkelt f\u00f6r h\u00f6ga f\u00f6rem\u00e5l<\/li>\n<li> Det smala 6-v\u00e5ningsdesignen p\u00e5 st\u00e5ende hyllan maximerar det vertikala lagringsutrymmet i h\u00f6rn och smala omr\u00e5den<\/li>\n<li> Lackad bambu ger varje rum i ditt hem en naturlig, varm ton<\/li>\n<li> Tillverkad av naturlig bambu<\/li>\n<li> Sid- och bakst\u00e4nger p\u00e5 k\u00f6kshyllan f\u00f6rhindrar att f\u00f6rem\u00e5l faller ner<\/li>\n<li> Inkluderar en tippskyddsgjord som garanterar s\u00e4kerhet<\/li>\n<li> Kan anv\u00e4ndas som bokhylla, badrumshylla, v\u00e4xtst\u00e4ll, k\u00f6kshylla och mer<\/li>\n<li> Enkel montering kr\u00e4vs<\/li>\n<\/ul>\n<p> Tekniska specifikationer:<\/p>\n<ul>\n<li> F\u00e4rg: Naturtr\u00e4<\/li>\n<li> Material: Bambu<\/li>\n<li> Totala dimensioner: 60B x 26T x 161H cm<\/li>\n<li> Storlek p\u00e5 den \u00f6vre hyllan: 60B x 26T cm<\/li>\n<li> Storlek p\u00e5 de andra hyllorna: 57B x 26T x 28\/28\/28\/28\/28H cm<\/li>\n<li> Avst\u00e5nd till golvet: 9,5H cm<\/li>\n<li> Maximal belastning: 6 kg (per hyllplan), 36 kg (totalt)<\/li>\n<\/ul>\n<p>Leveransinneh\u00e5ll:<\/p>\n<ul>\n<li> 1 x F\u00f6rvaringshylla<\/li>\n<li> 1 x Bruksanvisning<\/li>\n<\/ul>\n","protected":false},"excerpt":{"rendered":"<p>Detta smala st\u00e5ende hylla fr\u00e5n [BRAND NAME] erbjuder plats f\u00f6r m\u00e5nga saker, fr\u00e5n stora vaser till sm\u00e5 kosmetika. Den flexibla&#8230;<\/p>\n","protected":false},"featured_media":96498,"template":"","meta":[],"product_brand":[],"product_cat":[977,872,871],"product_tag":[],"class_list":{"0":"post-96510","1":"product","2":"type-product","3":"status-publish","4":"has-post-thumbnail","6":"product_cat-bok-staende-hyllor","7":"product_cat-hemmakontor-arbetsplats","8":"product_cat-hus-hem","10":"first","11":"instock","12":"sale","13":"taxable","14":"shipping-taxable","15":"purchasable","16":"product-type-simple"},"yoast_head":"<!-- This site is optimized with the Yoast SEO plugin v25.4 - https:\/\/yoast.com\/wordpress\/plugins\/seo\/ -->\n<title>TRUUSK 6-niv\u00e5 Hylla I Bambutr\u00e4 - Justerbara Hyllplan - Frist\u00e5ende - Naturligt Tr\u00e4 - TRUUSK - Hem, Tr\u00e4dg\u00e5rd &amp; Fritid<\/title>\n<meta name=\"robots\" content=\"index, follow, max-snippet:-1, max-image-preview:large, max-video-preview:-1\" \/>\n<link rel=\"canonical\" href=\"https:\/\/truusk.store\/sv\/produkt\/truusk-6-niva-hylla-i-bambutra-justerbara-hyllplan-fristaende-naturligt-tra\/\" \/>\n<meta property=\"og:locale\" content=\"sv_SE\" \/>\n<meta property=\"og:type\" content=\"article\" \/>\n<meta property=\"og:title\" content=\"TRUUSK 6-niv\u00e5 Hylla I Bambutr\u00e4 - Justerbara Hyllplan - Frist\u00e5ende - Naturligt Tr\u00e4 - TRUUSK - Hem, Tr\u00e4dg\u00e5rd &amp; Fritid\" \/>\n<meta property=\"og:description\" content=\"Detta smala st\u00e5ende hylla fr\u00e5n [BRAND NAME] erbjuder plats f\u00f6r m\u00e5nga saker, fr\u00e5n stora vaser till sm\u00e5 kosmetika. Den flexibla...\" \/>\n<meta property=\"og:url\" content=\"https:\/\/truusk.store\/sv\/produkt\/truusk-6-niva-hylla-i-bambutra-justerbara-hyllplan-fristaende-naturligt-tra\/\" \/>\n<meta property=\"og:site_name\" content=\"TRUUSK - Hem, Tr\u00e4dg\u00e5rd &amp; Fritid\" \/>\n<meta property=\"article:modified_time\" content=\"2026-03-12T07:50:15+00:00\" \/>\n<meta property=\"og:image\" content=\"https:\/\/i0.wp.com\/truusk.se\/wp-content\/uploads\/2025\/11\/6-niva-hylla-i-bambutra-justerbara-hyllplan-fristaende-forvaringshylla-naturligt-tra-1.webp?fit=2000%2C2000&ssl=1\" \/>\n\t<meta property=\"og:image:width\" content=\"2000\" \/>\n\t<meta property=\"og:image:height\" content=\"2000\" \/>\n\t<meta property=\"og:image:type\" content=\"image\/webp\" \/>\n<meta name=\"twitter:card\" content=\"summary_large_image\" \/>\n<meta name=\"twitter:label1\" content=\"Ber\u00e4knad l\u00e4stid\" \/>\n\t<meta name=\"twitter:data1\" content=\"1 minut\" \/>\n<!-- \/ Yoast SEO plugin. -->","yoast_head_json":{"title":"TRUUSK 6-niv\u00e5 Hylla I Bambutr\u00e4 - Justerbara Hyllplan - Frist\u00e5ende - Naturligt Tr\u00e4 - TRUUSK - Hem, Tr\u00e4dg\u00e5rd &amp; Fritid","robots":{"index":"index","follow":"follow","max-snippet":"max-snippet:-1","max-image-preview":"max-image-preview:large","max-video-preview":"max-video-preview:-1"},"canonical":"https:\/\/truusk.store\/sv\/produkt\/truusk-6-niva-hylla-i-bambutra-justerbara-hyllplan-fristaende-naturligt-tra\/","og_locale":"sv_SE","og_type":"article","og_title":"TRUUSK 6-niv\u00e5 Hylla I Bambutr\u00e4 - Justerbara Hyllplan - Frist\u00e5ende - Naturligt Tr\u00e4 - TRUUSK - Hem, Tr\u00e4dg\u00e5rd &amp; Fritid","og_description":"Detta smala st\u00e5ende hylla fr\u00e5n [BRAND NAME] erbjuder plats f\u00f6r m\u00e5nga saker, fr\u00e5n stora vaser till sm\u00e5 kosmetika. Den flexibla...","og_url":"https:\/\/truusk.store\/sv\/produkt\/truusk-6-niva-hylla-i-bambutra-justerbara-hyllplan-fristaende-naturligt-tra\/","og_site_name":"TRUUSK - Hem, Tr\u00e4dg\u00e5rd &amp; Fritid","article_modified_time":"2026-03-12T07:50:15+00:00","og_image":[{"width":2000,"height":2000,"url":"https:\/\/i0.wp.com\/truusk.se\/wp-content\/uploads\/2025\/11\/6-niva-hylla-i-bambutra-justerbara-hyllplan-fristaende-forvaringshylla-naturligt-tra-1.webp?fit=2000%2C2000&ssl=1","type":"image\/webp"}],"twitter_card":"summary_large_image","twitter_misc":{"Ber\u00e4knad l\u00e4stid":"1 minut"},"schema":{"@context":"https:\/\/schema.org","@graph":[{"@type":"WebPage","@id":"https:\/\/truusk.store\/sv\/produkt\/truusk-6-niva-hylla-i-bambutra-justerbara-hyllplan-fristaende-naturligt-tra\/","url":"https:\/\/truusk.store\/sv\/produkt\/truusk-6-niva-hylla-i-bambutra-justerbara-hyllplan-fristaende-naturligt-tra\/","name":"TRUUSK 6-niv\u00e5 Hylla I Bambutr\u00e4 - Justerbara Hyllplan - Frist\u00e5ende - Naturligt Tr\u00e4 - TRUUSK - Hem, Tr\u00e4dg\u00e5rd &amp; Fritid","isPartOf":{"@id":"https:\/\/truusk.store\/sv\/#website"},"primaryImageOfPage":{"@id":"https:\/\/truusk.store\/sv\/produkt\/truusk-6-niva-hylla-i-bambutra-justerbara-hyllplan-fristaende-naturligt-tra\/#primaryimage"},"image":{"@id":"https:\/\/truusk.store\/sv\/produkt\/truusk-6-niva-hylla-i-bambutra-justerbara-hyllplan-fristaende-naturligt-tra\/#primaryimage"},"thumbnailUrl":"https:\/\/i0.wp.com\/truusk.store\/wp-content\/uploads\/2025\/11\/6-niva-hylla-i-bambutra-justerbara-hyllplan-fristaende-forvaringshylla-naturligt-tra-1.webp?fit=2000%2C2000&ssl=1","datePublished":"2025-11-24T08:46:00+00:00","dateModified":"2026-03-12T07:50:15+00:00","breadcrumb":{"@id":"https:\/\/truusk.store\/sv\/produkt\/truusk-6-niva-hylla-i-bambutra-justerbara-hyllplan-fristaende-naturligt-tra\/#breadcrumb"},"inLanguage":"sv-SE","potentialAction":[{"@type":"ReadAction","target":["https:\/\/truusk.store\/sv\/produkt\/truusk-6-niva-hylla-i-bambutra-justerbara-hyllplan-fristaende-naturligt-tra\/"]}]},{"@type":"ImageObject","inLanguage":"sv-SE","@id":"https:\/\/truusk.store\/sv\/produkt\/truusk-6-niva-hylla-i-bambutra-justerbara-hyllplan-fristaende-naturligt-tra\/#primaryimage","url":"https:\/\/i0.wp.com\/truusk.store\/wp-content\/uploads\/2025\/11\/6-niva-hylla-i-bambutra-justerbara-hyllplan-fristaende-forvaringshylla-naturligt-tra-1.webp?fit=2000%2C2000&ssl=1","contentUrl":"https:\/\/i0.wp.com\/truusk.store\/wp-content\/uploads\/2025\/11\/6-niva-hylla-i-bambutra-justerbara-hyllplan-fristaende-forvaringshylla-naturligt-tra-1.webp?fit=2000%2C2000&ssl=1","width":2000,"height":2000},{"@type":"BreadcrumbList","@id":"https:\/\/truusk.store\/sv\/produkt\/truusk-6-niva-hylla-i-bambutra-justerbara-hyllplan-fristaende-naturligt-tra\/#breadcrumb","itemListElement":[{"@type":"ListItem","position":1,"name":"Home","item":"https:\/\/truusk.store\/sv\/"},{"@type":"ListItem","position":2,"name":"Shop","item":"https:\/\/truusk.store\/shop\/"},{"@type":"ListItem","position":3,"name":"TRUUSK 6-niv\u00e5 Hylla I Bambutr\u00e4 &#8211; Justerbara Hyllplan &#8211; Frist\u00e5ende &#8211; Naturligt Tr\u00e4"}]},{"@type":"WebSite","@id":"https:\/\/truusk.store\/sv\/#website","url":"https:\/\/truusk.store\/sv\/","name":"TRUUSK - Hem, Tr\u00e4dg\u00e5rd & Fritid","description":"","publisher":{"@id":"https:\/\/truusk.store\/sv\/#organization"},"potentialAction":[{"@type":"SearchAction","target":{"@type":"EntryPoint","urlTemplate":"https:\/\/truusk.store\/sv\/?s={search_term_string}"},"query-input":{"@type":"PropertyValueSpecification","valueRequired":true,"valueName":"search_term_string"}}],"inLanguage":"sv-SE"},{"@type":"Organization","@id":"https:\/\/truusk.store\/sv\/#organization","name":"TRUUSK - Hem, Tr\u00e4dg\u00e5rd & Fritid","url":"https:\/\/truusk.store\/sv\/","logo":{"@type":"ImageObject","inLanguage":"sv-SE","@id":"https:\/\/truusk.store\/sv\/#\/schema\/logo\/image\/","url":"https:\/\/i0.wp.com\/truusk.store\/wp-content\/uploads\/2026\/03\/cropped-TRUUSK.png?fit=2032%2C917&ssl=1","contentUrl":"https:\/\/i0.wp.com\/truusk.store\/wp-content\/uploads\/2026\/03\/cropped-TRUUSK.png?fit=2032%2C917&ssl=1","width":2032,"height":917,"caption":"TRUUSK - Hem, Tr\u00e4dg\u00e5rd & Fritid"},"image":{"@id":"https:\/\/truusk.store\/sv\/#\/schema\/logo\/image\/"}}]}},"jetpack_sharing_enabled":true,"_links":{"self":[{"href":"https:\/\/truusk.store\/sv\/wp-json\/wp\/v2\/product\/96510","targetHints":{"allow":["GET"]}}],"collection":[{"href":"https:\/\/truusk.store\/sv\/wp-json\/wp\/v2\/product"}],"about":[{"href":"https:\/\/truusk.store\/sv\/wp-json\/wp\/v2\/types\/product"}],"wp:featuredmedia":[{"embeddable":true,"href":"https:\/\/truusk.store\/sv\/wp-json\/wp\/v2\/media\/96498"}],"wp:attachment":[{"href":"https:\/\/truusk.store\/sv\/wp-json\/wp\/v2\/media?parent=96510"}],"wp:term":[{"taxonomy":"product_brand","embeddable":true,"href":"https:\/\/truusk.store\/sv\/wp-json\/wp\/v2\/product_brand?post=96510"},{"taxonomy":"product_cat","embeddable":true,"href":"https:\/\/truusk.store\/sv\/wp-json\/wp\/v2\/product_cat?post=96510"},{"taxonomy":"product_tag","embeddable":true,"href":"https:\/\/truusk.store\/sv\/wp-json\/wp\/v2\/product_tag?post=96510"}],"curies":[{"name":"wp","href":"https:\/\/api.w.org\/{rel}","templated":true}]}}