{"id":96550,"date":"2025-11-24T09:49:55","date_gmt":"2025-11-24T08:49:55","guid":{"rendered":"https:\/\/truusk.store\/product\/kattrad-170-cm-tunnel-grottor-stor-bas-sisalstolpar-ljusgra\/"},"modified":"2026-03-12T08:50:27","modified_gmt":"2026-03-12T07:50:27","slug":"truusk-kattrad-med-tunnel-och-grottor-stor-bas-sisalstolpar-ljusgra","status":"publish","type":"product","link":"https:\/\/truusk.store\/sv\/produkt\/truusk-kattrad-med-tunnel-och-grottor-stor-bas-sisalstolpar-ljusgra\/","title":{"rendered":"TRUUSK Kattr\u00e4d med Tunnel och Grottor &#8211; Stor Bas &#8211; Sisalstolpar &#8211; Ljusgr\u00e5"},"content":{"rendered":"<p>\u00c4r du tr\u00f6tt p\u00e5 att dina katter alltid v\u00e4ljer fel \u00e4ventyrsplatser? Det kan oroa b\u00e5de deras s\u00e4kerhet och din inredning. [BRAND NAME] stora kl\u00f6str\u00e4d f\u00f6r katter erbjuder som en omfattande vertikal lekplats tunnlar och g\u00f6mst\u00e4llen f\u00f6r nyfikna katter. Med sin breda bas och tippskydd erbjuder detta moderna kl\u00f6str\u00e4d inomhus en s\u00e4ker och stabil milj\u00f6 f\u00f6r aktiv kl\u00e4ttring och avkopplande tupplurer.<\/p>\n<p>Beskrivning:<\/p>\n<ul>\n<li> Detta 170 cm stora allt-i-ett-aktivitetskl\u00f6str\u00e4d har en sittstav, boh\u00e5lor och en h\u00e4ngmatta<\/li>\n<li> Utrustad med en unik vertikal tunnel och tv\u00e5 boh\u00e5lor f\u00f6r att g\u00f6mma sig och utforska<\/li>\n<li> Flera niv\u00e5er design med en stege p\u00e5 kattr\u00e4det m\u00f6jligg\u00f6r en enkel kl\u00e4ttringsupplevelse f\u00f6r kattungar<\/li>\n<li> F\u00f6rst\u00e4rkt stor bas och ett anti-tip-band f\u00f6rhindrar vackling och \u00f6kar s\u00e4kerheten<\/li>\n<li> Med sisal omsluten stolpar och stege tillfredsst\u00e4ller kl\u00f6sinstrinkten och skyddar dina m\u00f6bler<\/li>\n<li> T\u00e4ckt med mjuk plyschtyg, erbjuder kl\u00f6str\u00e4det din katt mysig komfort<\/li>\n<li> Aktivitetskl\u00f6str\u00e4det \u00e4r l\u00e4mpligt f\u00f6r 1-3 katter upp till 5 kg<\/li>\n<li> Montering kr\u00e4vs 1 person, 50 minuter<\/li>\n<\/ul>\n<p> Tekniska data:<\/p>\n<ul>\n<li> F\u00e4rg: Ljusgr\u00e5+Cremevit<\/li>\n<li> Material: Sp\u00e5nskiva, plysch (100% polyester), skum, sisal<\/li>\n<li> Totala dimensioner: 60L x 40B x 170H cm<\/li>\n<li> Kattboets storlek: 40B x 40T x 10H cm<\/li>\n<li> Storlek p\u00e5 kvadratisk kattl\u00e5da: 40B x 30T x 30H cm<\/li>\n<li> D\u00f6rrstorlek p\u00e5 kattl\u00e5da: (kvadratisk)\u00d820 cm<\/li>\n<li> Rund kattl\u00e5das storlek: \u00d830 x 30H cm<\/li>\n<li> D\u00f6rrstorlek p\u00e5 kattl\u00e5da: (rund)19B x 24H cm<\/li>\n<li> Plattformens storlek: (andra &amp; fj\u00e4rde)24B x 40T cm<\/li>\n<li> Storlek p\u00e5 tredje plattform: 60B x 40T cm<\/li>\n<li> Storlek p\u00e5 femte plattform: 50B x 40T cm<\/li>\n<li> Tunneling\u00e5ngsstorlek: \u00d816 cm<\/li>\n<li> Storlek p\u00e5 basplatta: 60B x 40T cm<\/li>\n<\/ul>\n<p>Leveransinneh\u00e5ll:<\/p>\n<ul>\n<li> 1 x Kl\u00f6str\u00e4d<\/li>\n<li> 1 x Handbok<\/li>\n<\/ul>\n","protected":false},"excerpt":{"rendered":"<p>\u00c4r du tr\u00f6tt p\u00e5 att dina katter alltid v\u00e4ljer fel \u00e4ventyrsplatser? Det kan oroa b\u00e5de deras s\u00e4kerhet och din inredning&#8230;.<\/p>\n","protected":false},"featured_media":96541,"template":"","meta":[],"product_brand":[],"product_cat":[878,588,879],"product_tag":[],"class_list":{"0":"post-96550","1":"product","2":"type-product","3":"status-publish","4":"has-post-thumbnail","6":"product_cat-djurbehov","7":"product_cat-katttillbehor","8":"product_cat-klostrad","10":"first","11":"instock","12":"sale","13":"taxable","14":"shipping-taxable","15":"purchasable","16":"product-type-simple"},"yoast_head":"<!-- This site is optimized with the Yoast SEO plugin v25.4 - https:\/\/yoast.com\/wordpress\/plugins\/seo\/ -->\n<title>TRUUSK Kattr\u00e4d med Tunnel och Grottor - Stor Bas - Sisalstolpar - Ljusgr\u00e5 - TRUUSK - Hem, Tr\u00e4dg\u00e5rd &amp; Fritid<\/title>\n<meta name=\"robots\" content=\"index, follow, max-snippet:-1, max-image-preview:large, max-video-preview:-1\" \/>\n<link rel=\"canonical\" href=\"https:\/\/truusk.store\/sv\/produkt\/truusk-kattrad-med-tunnel-och-grottor-stor-bas-sisalstolpar-ljusgra\/\" \/>\n<meta property=\"og:locale\" content=\"sv_SE\" \/>\n<meta property=\"og:type\" content=\"article\" \/>\n<meta property=\"og:title\" content=\"TRUUSK Kattr\u00e4d med Tunnel och Grottor - Stor Bas - Sisalstolpar - Ljusgr\u00e5 - TRUUSK - Hem, Tr\u00e4dg\u00e5rd &amp; Fritid\" \/>\n<meta property=\"og:description\" content=\"\u00c4r du tr\u00f6tt p\u00e5 att dina katter alltid v\u00e4ljer fel \u00e4ventyrsplatser? Det kan oroa b\u00e5de deras s\u00e4kerhet och din inredning....\" \/>\n<meta property=\"og:url\" content=\"https:\/\/truusk.store\/sv\/produkt\/truusk-kattrad-med-tunnel-och-grottor-stor-bas-sisalstolpar-ljusgra\/\" \/>\n<meta property=\"og:site_name\" content=\"TRUUSK - Hem, Tr\u00e4dg\u00e5rd &amp; Fritid\" \/>\n<meta property=\"article:modified_time\" content=\"2026-03-12T07:50:27+00:00\" \/>\n<meta property=\"og:image\" content=\"https:\/\/i0.wp.com\/truusk.se\/wp-content\/uploads\/2025\/11\/kattrad-170-cm-tunnel-grottor-stor-bas-sisalstolpar-ljusgra-1.webp?fit=2000%2C2000&ssl=1\" \/>\n\t<meta property=\"og:image:width\" content=\"2000\" \/>\n\t<meta property=\"og:image:height\" content=\"2000\" \/>\n\t<meta property=\"og:image:type\" content=\"image\/webp\" \/>\n<meta name=\"twitter:card\" content=\"summary_large_image\" \/>\n<meta name=\"twitter:label1\" content=\"Ber\u00e4knad l\u00e4stid\" \/>\n\t<meta name=\"twitter:data1\" content=\"1 minut\" \/>\n<!-- \/ Yoast SEO plugin. -->","yoast_head_json":{"title":"TRUUSK Kattr\u00e4d med Tunnel och Grottor - Stor Bas - Sisalstolpar - Ljusgr\u00e5 - TRUUSK - Hem, Tr\u00e4dg\u00e5rd &amp; Fritid","robots":{"index":"index","follow":"follow","max-snippet":"max-snippet:-1","max-image-preview":"max-image-preview:large","max-video-preview":"max-video-preview:-1"},"canonical":"https:\/\/truusk.store\/sv\/produkt\/truusk-kattrad-med-tunnel-och-grottor-stor-bas-sisalstolpar-ljusgra\/","og_locale":"sv_SE","og_type":"article","og_title":"TRUUSK Kattr\u00e4d med Tunnel och Grottor - Stor Bas - Sisalstolpar - Ljusgr\u00e5 - TRUUSK - Hem, Tr\u00e4dg\u00e5rd &amp; Fritid","og_description":"\u00c4r du tr\u00f6tt p\u00e5 att dina katter alltid v\u00e4ljer fel \u00e4ventyrsplatser? Det kan oroa b\u00e5de deras s\u00e4kerhet och din inredning....","og_url":"https:\/\/truusk.store\/sv\/produkt\/truusk-kattrad-med-tunnel-och-grottor-stor-bas-sisalstolpar-ljusgra\/","og_site_name":"TRUUSK - Hem, Tr\u00e4dg\u00e5rd &amp; Fritid","article_modified_time":"2026-03-12T07:50:27+00:00","og_image":[{"width":2000,"height":2000,"url":"https:\/\/i0.wp.com\/truusk.se\/wp-content\/uploads\/2025\/11\/kattrad-170-cm-tunnel-grottor-stor-bas-sisalstolpar-ljusgra-1.webp?fit=2000%2C2000&ssl=1","type":"image\/webp"}],"twitter_card":"summary_large_image","twitter_misc":{"Ber\u00e4knad l\u00e4stid":"1 minut"},"schema":{"@context":"https:\/\/schema.org","@graph":[{"@type":"WebPage","@id":"https:\/\/truusk.store\/sv\/produkt\/truusk-kattrad-med-tunnel-och-grottor-stor-bas-sisalstolpar-ljusgra\/","url":"https:\/\/truusk.store\/sv\/produkt\/truusk-kattrad-med-tunnel-och-grottor-stor-bas-sisalstolpar-ljusgra\/","name":"TRUUSK Kattr\u00e4d med Tunnel och Grottor - Stor Bas - Sisalstolpar - Ljusgr\u00e5 - TRUUSK - Hem, Tr\u00e4dg\u00e5rd &amp; Fritid","isPartOf":{"@id":"https:\/\/truusk.store\/sv\/#website"},"primaryImageOfPage":{"@id":"https:\/\/truusk.store\/sv\/produkt\/truusk-kattrad-med-tunnel-och-grottor-stor-bas-sisalstolpar-ljusgra\/#primaryimage"},"image":{"@id":"https:\/\/truusk.store\/sv\/produkt\/truusk-kattrad-med-tunnel-och-grottor-stor-bas-sisalstolpar-ljusgra\/#primaryimage"},"thumbnailUrl":"https:\/\/i0.wp.com\/truusk.store\/wp-content\/uploads\/2025\/11\/kattrad-170-cm-tunnel-grottor-stor-bas-sisalstolpar-ljusgra-1.webp?fit=2000%2C2000&ssl=1","datePublished":"2025-11-24T08:49:55+00:00","dateModified":"2026-03-12T07:50:27+00:00","breadcrumb":{"@id":"https:\/\/truusk.store\/sv\/produkt\/truusk-kattrad-med-tunnel-och-grottor-stor-bas-sisalstolpar-ljusgra\/#breadcrumb"},"inLanguage":"sv-SE","potentialAction":[{"@type":"ReadAction","target":["https:\/\/truusk.store\/sv\/produkt\/truusk-kattrad-med-tunnel-och-grottor-stor-bas-sisalstolpar-ljusgra\/"]}]},{"@type":"ImageObject","inLanguage":"sv-SE","@id":"https:\/\/truusk.store\/sv\/produkt\/truusk-kattrad-med-tunnel-och-grottor-stor-bas-sisalstolpar-ljusgra\/#primaryimage","url":"https:\/\/i0.wp.com\/truusk.store\/wp-content\/uploads\/2025\/11\/kattrad-170-cm-tunnel-grottor-stor-bas-sisalstolpar-ljusgra-1.webp?fit=2000%2C2000&ssl=1","contentUrl":"https:\/\/i0.wp.com\/truusk.store\/wp-content\/uploads\/2025\/11\/kattrad-170-cm-tunnel-grottor-stor-bas-sisalstolpar-ljusgra-1.webp?fit=2000%2C2000&ssl=1","width":2000,"height":2000},{"@type":"BreadcrumbList","@id":"https:\/\/truusk.store\/sv\/produkt\/truusk-kattrad-med-tunnel-och-grottor-stor-bas-sisalstolpar-ljusgra\/#breadcrumb","itemListElement":[{"@type":"ListItem","position":1,"name":"Home","item":"https:\/\/truusk.store\/sv\/"},{"@type":"ListItem","position":2,"name":"Shop","item":"https:\/\/truusk.store\/shop\/"},{"@type":"ListItem","position":3,"name":"TRUUSK Kattr\u00e4d med Tunnel och Grottor &#8211; Stor Bas &#8211; Sisalstolpar &#8211; Ljusgr\u00e5"}]},{"@type":"WebSite","@id":"https:\/\/truusk.store\/sv\/#website","url":"https:\/\/truusk.store\/sv\/","name":"TRUUSK - Hem, Tr\u00e4dg\u00e5rd & Fritid","description":"","publisher":{"@id":"https:\/\/truusk.store\/sv\/#organization"},"potentialAction":[{"@type":"SearchAction","target":{"@type":"EntryPoint","urlTemplate":"https:\/\/truusk.store\/sv\/?s={search_term_string}"},"query-input":{"@type":"PropertyValueSpecification","valueRequired":true,"valueName":"search_term_string"}}],"inLanguage":"sv-SE"},{"@type":"Organization","@id":"https:\/\/truusk.store\/sv\/#organization","name":"TRUUSK - Hem, Tr\u00e4dg\u00e5rd & Fritid","url":"https:\/\/truusk.store\/sv\/","logo":{"@type":"ImageObject","inLanguage":"sv-SE","@id":"https:\/\/truusk.store\/sv\/#\/schema\/logo\/image\/","url":"https:\/\/i0.wp.com\/truusk.store\/wp-content\/uploads\/2026\/03\/cropped-TRUUSK.png?fit=2032%2C917&ssl=1","contentUrl":"https:\/\/i0.wp.com\/truusk.store\/wp-content\/uploads\/2026\/03\/cropped-TRUUSK.png?fit=2032%2C917&ssl=1","width":2032,"height":917,"caption":"TRUUSK - Hem, Tr\u00e4dg\u00e5rd & Fritid"},"image":{"@id":"https:\/\/truusk.store\/sv\/#\/schema\/logo\/image\/"}}]}},"jetpack_sharing_enabled":true,"_links":{"self":[{"href":"https:\/\/truusk.store\/sv\/wp-json\/wp\/v2\/product\/96550","targetHints":{"allow":["GET"]}}],"collection":[{"href":"https:\/\/truusk.store\/sv\/wp-json\/wp\/v2\/product"}],"about":[{"href":"https:\/\/truusk.store\/sv\/wp-json\/wp\/v2\/types\/product"}],"wp:featuredmedia":[{"embeddable":true,"href":"https:\/\/truusk.store\/sv\/wp-json\/wp\/v2\/media\/96541"}],"wp:attachment":[{"href":"https:\/\/truusk.store\/sv\/wp-json\/wp\/v2\/media?parent=96550"}],"wp:term":[{"taxonomy":"product_brand","embeddable":true,"href":"https:\/\/truusk.store\/sv\/wp-json\/wp\/v2\/product_brand?post=96550"},{"taxonomy":"product_cat","embeddable":true,"href":"https:\/\/truusk.store\/sv\/wp-json\/wp\/v2\/product_cat?post=96550"},{"taxonomy":"product_tag","embeddable":true,"href":"https:\/\/truusk.store\/sv\/wp-json\/wp\/v2\/product_tag?post=96550"}],"curies":[{"name":"wp","href":"https:\/\/api.w.org\/{rel}","templated":true}]}}