{"id":96572,"date":"2025-11-24T09:52:00","date_gmt":"2025-11-24T08:52:00","guid":{"rendered":"https:\/\/truusk.store\/product\/leksaksforvaring-barnrumsforvaring-med-6-behallare-bokhylla-rullbar-lada-100-x-30-x-80-cm-mdf-stal-vit\/"},"modified":"2026-03-12T08:50:28","modified_gmt":"2026-03-12T07:50:28","slug":"truusk-leksaksforvaring-barnrumsforvaring-med-6-behallare-rullbar-lada-100-x-30-x-80-cm-mdf-stal-vit","status":"publish","type":"product","link":"https:\/\/truusk.store\/sv\/produkt\/truusk-leksaksforvaring-barnrumsforvaring-med-6-behallare-rullbar-lada-100-x-30-x-80-cm-mdf-stal-vit\/","title":{"rendered":"TRUUSK Leksaksf\u00f6rvaring &#8211; Barnrumsf\u00f6rvaring Med 6 Beh\u00e5llare &#8211; Rullbar L\u00e5da &#8211; 100 X 30 X 80 Cm &#8211; MDF, St\u00e5l &#8211; Vit"},"content":{"rendered":"<p>Detta [BRAND NAME] leksakshylla med barnv\u00e4nlig h\u00f6jd g\u00f6r det m\u00f6jligt f\u00f6r barn att l\u00e4tt n\u00e5 och st\u00e4da upp sina leksaker. Utrustad med flera fack och en rullande underl\u00e5da, erbjuder barnrumshyllan effektiva lagringsm\u00f6jligheter. Barnhyllan med l\u00e5dor fr\u00e4mjar ordning i rummet, st\u00f6djer barnens sj\u00e4lvst\u00e4ndighet och g\u00f6r det l\u00e4tt f\u00f6r dem att ordna sina saker sj\u00e4lva.<\/p>\n<p>Beskrivning:<\/p>\n<ul>\n<li> Zondesignen p\u00e5 barnhyllan h\u00e5ller leksaker sorterade och l\u00e4ttillg\u00e4ngliga f\u00f6r barn<\/li>\n<li> Sex avtagbara beh\u00e5llare och rymliga hyllor erbjuder gott om lagringsutrymme<\/li>\n<li> Den l\u00e4tt rullande underl\u00e5dan p\u00e5 barnbokhyllan g\u00f6r det m\u00f6jligt f\u00f6r barn att enkelt flytta och lagra leksaker<\/li>\n<li> Barnv\u00e4nlig h\u00f6jd p\u00e5 leksakshyllan g\u00f6r det m\u00f6jligt f\u00f6r barn att sj\u00e4lva n\u00e5 leksaker och b\u00f6cker<\/li>\n<li> Stabil och s\u00e4ker konstruktion b\u00e4r upp till 20 kg<\/li>\n<li> Avrundade kanter p\u00e5 barnrumshyllan ger extra skydd f\u00f6r ett s\u00e4kert omr\u00e5de<\/li>\n<li> Montering kr\u00e4vs<\/li>\n<\/ul>\n<p> Tekniska data:<\/p>\n<ul>\n<li> F\u00e4rg: Vit<\/li>\n<li> Material: MDF, plast, st\u00e5l<\/li>\n<li> Totala dimensioner: 100L x 30B x 80H cm<\/li>\n<li> F\u00f6rvaringsl\u00e5da: (v\u00e4nster, enskild) 19B x 29,5T x 12,5H cm<\/li>\n<li> Bokhylla: (h\u00f6ger, enskild niv\u00e5) 56,5B x 8T x 11,7H cm<\/li>\n<li> F\u00f6rvaringsl\u00e5da: (h\u00f6ger nere) 53,4B x 25,8T x 18,5H cm<\/li>\n<li> Hjul: \u00d83,5 cm<\/li>\n<li> Certifierad \u00e5lder: 3+ \u00e5r<\/li>\n<li> Rekommenderad \u00e5lder: 3-8 \u00e5r<\/li>\n<li> Belastningskapacitet: 20 kg<\/li>\n<\/ul>\n<p>Leveransinneh\u00e5ll:<\/p>\n<ul>\n<li> 1 x Barnf\u00f6rvaringshylla<\/li>\n<li> 1 x Bruksanvisning<\/li>\n<\/ul>\n","protected":false},"excerpt":{"rendered":"<p>Detta [BRAND NAME] leksakshylla med barnv\u00e4nlig h\u00f6jd g\u00f6r det m\u00f6jligt f\u00f6r barn att l\u00e4tt n\u00e5 och st\u00e4da upp sina leksaker&#8230;.<\/p>\n","protected":false},"featured_media":96559,"template":"","meta":[],"product_brand":[],"product_cat":[880,631,909],"product_tag":[],"class_list":{"0":"post-96572","1":"product","2":"type-product","3":"status-publish","4":"has-post-thumbnail","6":"product_cat-baby-barn-2","7":"product_cat-barnmobler","8":"product_cat-forvaring-av-leksaker","10":"first","11":"instock","12":"sale","13":"taxable","14":"shipping-taxable","15":"purchasable","16":"product-type-simple"},"yoast_head":"<!-- This site is optimized with the Yoast SEO plugin v25.4 - https:\/\/yoast.com\/wordpress\/plugins\/seo\/ -->\n<title>TRUUSK Leksaksf\u00f6rvaring - Barnrumsf\u00f6rvaring Med 6 Beh\u00e5llare - Rullbar L\u00e5da - 100 X 30 X 80 Cm - MDF, St\u00e5l - Vit - TRUUSK - Hem, Tr\u00e4dg\u00e5rd &amp; Fritid<\/title>\n<meta name=\"robots\" content=\"index, follow, max-snippet:-1, max-image-preview:large, max-video-preview:-1\" \/>\n<link rel=\"canonical\" href=\"https:\/\/truusk.store\/sv\/produkt\/truusk-leksaksforvaring-barnrumsforvaring-med-6-behallare-rullbar-lada-100-x-30-x-80-cm-mdf-stal-vit\/\" \/>\n<meta property=\"og:locale\" content=\"sv_SE\" \/>\n<meta property=\"og:type\" content=\"article\" \/>\n<meta property=\"og:title\" content=\"TRUUSK Leksaksf\u00f6rvaring - Barnrumsf\u00f6rvaring Med 6 Beh\u00e5llare - Rullbar L\u00e5da - 100 X 30 X 80 Cm - MDF, St\u00e5l - Vit - TRUUSK - Hem, Tr\u00e4dg\u00e5rd &amp; Fritid\" \/>\n<meta property=\"og:description\" content=\"Detta [BRAND NAME] leksakshylla med barnv\u00e4nlig h\u00f6jd g\u00f6r det m\u00f6jligt f\u00f6r barn att l\u00e4tt n\u00e5 och st\u00e4da upp sina leksaker....\" \/>\n<meta property=\"og:url\" content=\"https:\/\/truusk.store\/sv\/produkt\/truusk-leksaksforvaring-barnrumsforvaring-med-6-behallare-rullbar-lada-100-x-30-x-80-cm-mdf-stal-vit\/\" \/>\n<meta property=\"og:site_name\" content=\"TRUUSK - Hem, Tr\u00e4dg\u00e5rd &amp; Fritid\" \/>\n<meta property=\"article:modified_time\" content=\"2026-03-12T07:50:28+00:00\" \/>\n<meta property=\"og:image\" content=\"https:\/\/i0.wp.com\/truusk.se\/wp-content\/uploads\/2025\/11\/leksaksforvaring-barnrumsforvaring-med-6-behallare-bokhylla-rullbar-lada-100-x-30-x-80-cm-mdf-stal-vit-1.webp?fit=2000%2C2000&ssl=1\" \/>\n\t<meta property=\"og:image:width\" content=\"2000\" \/>\n\t<meta property=\"og:image:height\" content=\"2000\" \/>\n\t<meta property=\"og:image:type\" content=\"image\/webp\" \/>\n<meta name=\"twitter:card\" content=\"summary_large_image\" \/>\n<meta name=\"twitter:label1\" content=\"Ber\u00e4knad l\u00e4stid\" \/>\n\t<meta name=\"twitter:data1\" content=\"1 minut\" \/>\n<!-- \/ Yoast SEO plugin. -->","yoast_head_json":{"title":"TRUUSK Leksaksf\u00f6rvaring - Barnrumsf\u00f6rvaring Med 6 Beh\u00e5llare - Rullbar L\u00e5da - 100 X 30 X 80 Cm - MDF, St\u00e5l - Vit - TRUUSK - Hem, Tr\u00e4dg\u00e5rd &amp; Fritid","robots":{"index":"index","follow":"follow","max-snippet":"max-snippet:-1","max-image-preview":"max-image-preview:large","max-video-preview":"max-video-preview:-1"},"canonical":"https:\/\/truusk.store\/sv\/produkt\/truusk-leksaksforvaring-barnrumsforvaring-med-6-behallare-rullbar-lada-100-x-30-x-80-cm-mdf-stal-vit\/","og_locale":"sv_SE","og_type":"article","og_title":"TRUUSK Leksaksf\u00f6rvaring - Barnrumsf\u00f6rvaring Med 6 Beh\u00e5llare - Rullbar L\u00e5da - 100 X 30 X 80 Cm - MDF, St\u00e5l - Vit - TRUUSK - Hem, Tr\u00e4dg\u00e5rd &amp; Fritid","og_description":"Detta [BRAND NAME] leksakshylla med barnv\u00e4nlig h\u00f6jd g\u00f6r det m\u00f6jligt f\u00f6r barn att l\u00e4tt n\u00e5 och st\u00e4da upp sina leksaker....","og_url":"https:\/\/truusk.store\/sv\/produkt\/truusk-leksaksforvaring-barnrumsforvaring-med-6-behallare-rullbar-lada-100-x-30-x-80-cm-mdf-stal-vit\/","og_site_name":"TRUUSK - Hem, Tr\u00e4dg\u00e5rd &amp; Fritid","article_modified_time":"2026-03-12T07:50:28+00:00","og_image":[{"width":2000,"height":2000,"url":"https:\/\/i0.wp.com\/truusk.se\/wp-content\/uploads\/2025\/11\/leksaksforvaring-barnrumsforvaring-med-6-behallare-bokhylla-rullbar-lada-100-x-30-x-80-cm-mdf-stal-vit-1.webp?fit=2000%2C2000&ssl=1","type":"image\/webp"}],"twitter_card":"summary_large_image","twitter_misc":{"Ber\u00e4knad l\u00e4stid":"1 minut"},"schema":{"@context":"https:\/\/schema.org","@graph":[{"@type":"WebPage","@id":"https:\/\/truusk.store\/sv\/produkt\/truusk-leksaksforvaring-barnrumsforvaring-med-6-behallare-rullbar-lada-100-x-30-x-80-cm-mdf-stal-vit\/","url":"https:\/\/truusk.store\/sv\/produkt\/truusk-leksaksforvaring-barnrumsforvaring-med-6-behallare-rullbar-lada-100-x-30-x-80-cm-mdf-stal-vit\/","name":"TRUUSK Leksaksf\u00f6rvaring - Barnrumsf\u00f6rvaring Med 6 Beh\u00e5llare - Rullbar L\u00e5da - 100 X 30 X 80 Cm - MDF, St\u00e5l - Vit - TRUUSK - Hem, Tr\u00e4dg\u00e5rd &amp; Fritid","isPartOf":{"@id":"https:\/\/truusk.store\/sv\/#website"},"primaryImageOfPage":{"@id":"https:\/\/truusk.store\/sv\/produkt\/truusk-leksaksforvaring-barnrumsforvaring-med-6-behallare-rullbar-lada-100-x-30-x-80-cm-mdf-stal-vit\/#primaryimage"},"image":{"@id":"https:\/\/truusk.store\/sv\/produkt\/truusk-leksaksforvaring-barnrumsforvaring-med-6-behallare-rullbar-lada-100-x-30-x-80-cm-mdf-stal-vit\/#primaryimage"},"thumbnailUrl":"https:\/\/i0.wp.com\/truusk.store\/wp-content\/uploads\/2025\/11\/leksaksforvaring-barnrumsforvaring-med-6-behallare-bokhylla-rullbar-lada-100-x-30-x-80-cm-mdf-stal-vit-1.webp?fit=2000%2C2000&ssl=1","datePublished":"2025-11-24T08:52:00+00:00","dateModified":"2026-03-12T07:50:28+00:00","breadcrumb":{"@id":"https:\/\/truusk.store\/sv\/produkt\/truusk-leksaksforvaring-barnrumsforvaring-med-6-behallare-rullbar-lada-100-x-30-x-80-cm-mdf-stal-vit\/#breadcrumb"},"inLanguage":"sv-SE","potentialAction":[{"@type":"ReadAction","target":["https:\/\/truusk.store\/sv\/produkt\/truusk-leksaksforvaring-barnrumsforvaring-med-6-behallare-rullbar-lada-100-x-30-x-80-cm-mdf-stal-vit\/"]}]},{"@type":"ImageObject","inLanguage":"sv-SE","@id":"https:\/\/truusk.store\/sv\/produkt\/truusk-leksaksforvaring-barnrumsforvaring-med-6-behallare-rullbar-lada-100-x-30-x-80-cm-mdf-stal-vit\/#primaryimage","url":"https:\/\/i0.wp.com\/truusk.store\/wp-content\/uploads\/2025\/11\/leksaksforvaring-barnrumsforvaring-med-6-behallare-bokhylla-rullbar-lada-100-x-30-x-80-cm-mdf-stal-vit-1.webp?fit=2000%2C2000&ssl=1","contentUrl":"https:\/\/i0.wp.com\/truusk.store\/wp-content\/uploads\/2025\/11\/leksaksforvaring-barnrumsforvaring-med-6-behallare-bokhylla-rullbar-lada-100-x-30-x-80-cm-mdf-stal-vit-1.webp?fit=2000%2C2000&ssl=1","width":2000,"height":2000},{"@type":"BreadcrumbList","@id":"https:\/\/truusk.store\/sv\/produkt\/truusk-leksaksforvaring-barnrumsforvaring-med-6-behallare-rullbar-lada-100-x-30-x-80-cm-mdf-stal-vit\/#breadcrumb","itemListElement":[{"@type":"ListItem","position":1,"name":"Home","item":"https:\/\/truusk.store\/sv\/"},{"@type":"ListItem","position":2,"name":"Shop","item":"https:\/\/truusk.store\/shop\/"},{"@type":"ListItem","position":3,"name":"TRUUSK Leksaksf\u00f6rvaring &#8211; Barnrumsf\u00f6rvaring Med 6 Beh\u00e5llare &#8211; Rullbar L\u00e5da &#8211; 100 X 30 X 80 Cm &#8211; MDF, St\u00e5l &#8211; Vit"}]},{"@type":"WebSite","@id":"https:\/\/truusk.store\/sv\/#website","url":"https:\/\/truusk.store\/sv\/","name":"TRUUSK - Hem, Tr\u00e4dg\u00e5rd & Fritid","description":"","publisher":{"@id":"https:\/\/truusk.store\/sv\/#organization"},"potentialAction":[{"@type":"SearchAction","target":{"@type":"EntryPoint","urlTemplate":"https:\/\/truusk.store\/sv\/?s={search_term_string}"},"query-input":{"@type":"PropertyValueSpecification","valueRequired":true,"valueName":"search_term_string"}}],"inLanguage":"sv-SE"},{"@type":"Organization","@id":"https:\/\/truusk.store\/sv\/#organization","name":"TRUUSK - Hem, Tr\u00e4dg\u00e5rd & Fritid","url":"https:\/\/truusk.store\/sv\/","logo":{"@type":"ImageObject","inLanguage":"sv-SE","@id":"https:\/\/truusk.store\/sv\/#\/schema\/logo\/image\/","url":"https:\/\/i0.wp.com\/truusk.store\/wp-content\/uploads\/2026\/03\/cropped-TRUUSK.png?fit=2032%2C917&ssl=1","contentUrl":"https:\/\/i0.wp.com\/truusk.store\/wp-content\/uploads\/2026\/03\/cropped-TRUUSK.png?fit=2032%2C917&ssl=1","width":2032,"height":917,"caption":"TRUUSK - Hem, Tr\u00e4dg\u00e5rd & Fritid"},"image":{"@id":"https:\/\/truusk.store\/sv\/#\/schema\/logo\/image\/"}}]}},"jetpack_sharing_enabled":true,"_links":{"self":[{"href":"https:\/\/truusk.store\/sv\/wp-json\/wp\/v2\/product\/96572","targetHints":{"allow":["GET"]}}],"collection":[{"href":"https:\/\/truusk.store\/sv\/wp-json\/wp\/v2\/product"}],"about":[{"href":"https:\/\/truusk.store\/sv\/wp-json\/wp\/v2\/types\/product"}],"wp:featuredmedia":[{"embeddable":true,"href":"https:\/\/truusk.store\/sv\/wp-json\/wp\/v2\/media\/96559"}],"wp:attachment":[{"href":"https:\/\/truusk.store\/sv\/wp-json\/wp\/v2\/media?parent=96572"}],"wp:term":[{"taxonomy":"product_brand","embeddable":true,"href":"https:\/\/truusk.store\/sv\/wp-json\/wp\/v2\/product_brand?post=96572"},{"taxonomy":"product_cat","embeddable":true,"href":"https:\/\/truusk.store\/sv\/wp-json\/wp\/v2\/product_cat?post=96572"},{"taxonomy":"product_tag","embeddable":true,"href":"https:\/\/truusk.store\/sv\/wp-json\/wp\/v2\/product_tag?post=96572"}],"curies":[{"name":"wp","href":"https:\/\/api.w.org\/{rel}","templated":true}]}}