{"id":96604,"date":"2025-11-24T09:55:18","date_gmt":"2025-11-24T08:55:18","guid":{"rendered":"https:\/\/truusk.store\/product\/led-golvlampa-med-magnetisk-fjarrkontroll-flexibelt-justerbar-roterbar-metall-svart\/"},"modified":"2026-03-12T08:50:31","modified_gmt":"2026-03-12T07:50:31","slug":"truusk-led-golvlampa-magnetisk-fjarrkontroll-flexibel-justerbar-roterbar-metall-svart","status":"publish","type":"product","link":"https:\/\/truusk.store\/sv\/produkt\/truusk-led-golvlampa-magnetisk-fjarrkontroll-flexibel-justerbar-roterbar-metall-svart\/","title":{"rendered":"TRUUSK LED-golvlampa &#8211; Magnetisk fj\u00e4rrkontroll &#8211; Flexibel justerbar &#8211; Roterbar &#8211; Metall &#8211; Svart"},"content":{"rendered":"<p>\u00c4r ditt ljus f\u00f6r skarpt f\u00f6r att slappna av eller f\u00f6r svagt f\u00f6r att arbeta? [BRAND NAME] golvlampan anpassar sig flexibelt: stegl\u00f6s dimning, justerbara f\u00e4rgtemperaturer och l\u00e4gen f\u00f6r l\u00e4sning, arbete eller avkoppling. Dess 350\u00b0 roterande huvud styr ljuset upp\u00e5t f\u00f6r mjukt sken eller ned\u00e5t f\u00f6r exakt belysning. Den magnetiska fj\u00e4rrkontrollen till golvlampan g\u00f6r det enkelt att byta l\u00e4gen och finjustera ljusstyrkan eller f\u00e4rgtemperaturen.<\/p>\n<p>Beskrivning:<\/p>\n<ul>\n<li> Levererar 2800 lumen med stegl\u00f6s dimning f\u00f6r fullst\u00e4ndigt anpassad rumsbelysning<\/li>\n<li> Inneh\u00e5ller en fotbrytare och en magnetisk fj\u00e4rrkontroll f\u00f6r enkel, bekv\u00e4m styrning<\/li>\n<li> 350\u00b0 roterande huvud p\u00e5 golvlampan ger omgivningsbelysning upp\u00e5t eller fokuserat ljus<\/li>\n<li> L\u00e4mplig f\u00f6r vardagsrum, sovrum, kontor eller mysiga l\u00e4sh\u00f6rnor<\/li>\n<li> Dess viktade bas p\u00e5 golvlampan ger stabilitet, vilket g\u00f6r den s\u00e4ker runt sm\u00e5 barn och husdjur<\/li>\n<li> Monteringen kr\u00e4vs p\u00e5 bara 15 minuter utan verktyg<\/li>\n<\/ul>\n<p> Tekniska data:<\/p>\n<ul>\n<li> F\u00e4rg: Svart<\/li>\n<li> Material: St\u00e5l, Akryl<\/li>\n<li> Totala dimensioner: 41L x 25B x 166-177H cm<\/li>\n<li> Lampsk\u00e4rmstorlek: \u00d823 x 2 cm<\/li>\n<li> Lampfotsstorlek: \u00d825 x 3 cm<\/li>\n<li> Nominell effekt: 30 W<\/li>\n<li> F\u00e4rgtemperatur: 3000-6500 K<\/li>\n<li> Ljusfl\u00f6de: 2800 lm<\/li>\n<li> CRI: Ra&gt;80<\/li>\n<li> Fj\u00e4rrkontrollavst\u00e5nd: 6-8 m<\/li>\n<li> Ing\u00e5ngssp\u00e4nning\/-frekvens: AC 220-240 V 50 Hz<\/li>\n<li> Adapterutg\u00e5ng: DC 24 V 1,5 A max<\/li>\n<li> Kabell\u00e4ngd: 1,8 m<\/li>\n<li> Obs: Kr\u00e4ver tv\u00e5 AAA-batterier (ing\u00e5r ej)<\/li>\n<\/ul>\n<p>Leveransinneh\u00e5ll:<\/p>\n<ul>\n<li> 1 x Golvlampa<\/li>\n<li> 1 x Bruksanvisning<\/li>\n<\/ul>\n","protected":false},"excerpt":{"rendered":"<p>\u00c4r ditt ljus f\u00f6r skarpt f\u00f6r att slappna av eller f\u00f6r svagt f\u00f6r att arbeta? [BRAND NAME] golvlampan anpassar sig&#8230;<\/p>\n","protected":false},"featured_media":96591,"template":"","meta":[],"product_brand":[],"product_cat":[486,907,871],"product_tag":[],"class_list":{"0":"post-96604","1":"product","2":"type-product","3":"status-publish","4":"has-post-thumbnail","6":"product_cat-belysning","7":"product_cat-golvlampor","8":"product_cat-hus-hem","10":"first","11":"instock","12":"sale","13":"taxable","14":"shipping-taxable","15":"purchasable","16":"product-type-simple"},"yoast_head":"<!-- This site is optimized with the Yoast SEO plugin v25.4 - https:\/\/yoast.com\/wordpress\/plugins\/seo\/ -->\n<title>TRUUSK LED-golvlampa - Magnetisk fj\u00e4rrkontroll - Flexibel justerbar - Roterbar - Metall - Svart - TRUUSK - Hem, Tr\u00e4dg\u00e5rd &amp; Fritid<\/title>\n<meta name=\"robots\" content=\"index, follow, max-snippet:-1, max-image-preview:large, max-video-preview:-1\" \/>\n<link rel=\"canonical\" href=\"https:\/\/truusk.store\/sv\/produkt\/truusk-led-golvlampa-magnetisk-fjarrkontroll-flexibel-justerbar-roterbar-metall-svart\/\" \/>\n<meta property=\"og:locale\" content=\"sv_SE\" \/>\n<meta property=\"og:type\" content=\"article\" \/>\n<meta property=\"og:title\" content=\"TRUUSK LED-golvlampa - Magnetisk fj\u00e4rrkontroll - Flexibel justerbar - Roterbar - Metall - Svart - TRUUSK - Hem, Tr\u00e4dg\u00e5rd &amp; Fritid\" \/>\n<meta property=\"og:description\" content=\"\u00c4r ditt ljus f\u00f6r skarpt f\u00f6r att slappna av eller f\u00f6r svagt f\u00f6r att arbeta? [BRAND NAME] golvlampan anpassar sig...\" \/>\n<meta property=\"og:url\" content=\"https:\/\/truusk.store\/sv\/produkt\/truusk-led-golvlampa-magnetisk-fjarrkontroll-flexibel-justerbar-roterbar-metall-svart\/\" \/>\n<meta property=\"og:site_name\" content=\"TRUUSK - Hem, Tr\u00e4dg\u00e5rd &amp; Fritid\" \/>\n<meta property=\"article:modified_time\" content=\"2026-03-12T07:50:31+00:00\" \/>\n<meta property=\"og:image\" content=\"https:\/\/i0.wp.com\/truusk.se\/wp-content\/uploads\/2025\/11\/led-golvlampa-med-magnetisk-fjarrkontroll-flexibelt-justerbar-roterbar-metall-svart-1.webp?fit=2000%2C2000&ssl=1\" \/>\n\t<meta property=\"og:image:width\" content=\"2000\" \/>\n\t<meta property=\"og:image:height\" content=\"2000\" \/>\n\t<meta property=\"og:image:type\" content=\"image\/webp\" \/>\n<meta name=\"twitter:card\" content=\"summary_large_image\" \/>\n<meta name=\"twitter:label1\" content=\"Ber\u00e4knad l\u00e4stid\" \/>\n\t<meta name=\"twitter:data1\" content=\"1 minut\" \/>\n<!-- \/ Yoast SEO plugin. -->","yoast_head_json":{"title":"TRUUSK LED-golvlampa - Magnetisk fj\u00e4rrkontroll - Flexibel justerbar - Roterbar - Metall - Svart - TRUUSK - Hem, Tr\u00e4dg\u00e5rd &amp; Fritid","robots":{"index":"index","follow":"follow","max-snippet":"max-snippet:-1","max-image-preview":"max-image-preview:large","max-video-preview":"max-video-preview:-1"},"canonical":"https:\/\/truusk.store\/sv\/produkt\/truusk-led-golvlampa-magnetisk-fjarrkontroll-flexibel-justerbar-roterbar-metall-svart\/","og_locale":"sv_SE","og_type":"article","og_title":"TRUUSK LED-golvlampa - Magnetisk fj\u00e4rrkontroll - Flexibel justerbar - Roterbar - Metall - Svart - TRUUSK - Hem, Tr\u00e4dg\u00e5rd &amp; Fritid","og_description":"\u00c4r ditt ljus f\u00f6r skarpt f\u00f6r att slappna av eller f\u00f6r svagt f\u00f6r att arbeta? [BRAND NAME] golvlampan anpassar sig...","og_url":"https:\/\/truusk.store\/sv\/produkt\/truusk-led-golvlampa-magnetisk-fjarrkontroll-flexibel-justerbar-roterbar-metall-svart\/","og_site_name":"TRUUSK - Hem, Tr\u00e4dg\u00e5rd &amp; Fritid","article_modified_time":"2026-03-12T07:50:31+00:00","og_image":[{"width":2000,"height":2000,"url":"https:\/\/i0.wp.com\/truusk.se\/wp-content\/uploads\/2025\/11\/led-golvlampa-med-magnetisk-fjarrkontroll-flexibelt-justerbar-roterbar-metall-svart-1.webp?fit=2000%2C2000&ssl=1","type":"image\/webp"}],"twitter_card":"summary_large_image","twitter_misc":{"Ber\u00e4knad l\u00e4stid":"1 minut"},"schema":{"@context":"https:\/\/schema.org","@graph":[{"@type":"WebPage","@id":"https:\/\/truusk.store\/sv\/produkt\/truusk-led-golvlampa-magnetisk-fjarrkontroll-flexibel-justerbar-roterbar-metall-svart\/","url":"https:\/\/truusk.store\/sv\/produkt\/truusk-led-golvlampa-magnetisk-fjarrkontroll-flexibel-justerbar-roterbar-metall-svart\/","name":"TRUUSK LED-golvlampa - Magnetisk fj\u00e4rrkontroll - Flexibel justerbar - Roterbar - Metall - Svart - TRUUSK - Hem, Tr\u00e4dg\u00e5rd &amp; Fritid","isPartOf":{"@id":"https:\/\/truusk.store\/sv\/#website"},"primaryImageOfPage":{"@id":"https:\/\/truusk.store\/sv\/produkt\/truusk-led-golvlampa-magnetisk-fjarrkontroll-flexibel-justerbar-roterbar-metall-svart\/#primaryimage"},"image":{"@id":"https:\/\/truusk.store\/sv\/produkt\/truusk-led-golvlampa-magnetisk-fjarrkontroll-flexibel-justerbar-roterbar-metall-svart\/#primaryimage"},"thumbnailUrl":"https:\/\/i0.wp.com\/truusk.store\/wp-content\/uploads\/2025\/11\/led-golvlampa-med-magnetisk-fjarrkontroll-flexibelt-justerbar-roterbar-metall-svart-1.webp?fit=2000%2C2000&ssl=1","datePublished":"2025-11-24T08:55:18+00:00","dateModified":"2026-03-12T07:50:31+00:00","breadcrumb":{"@id":"https:\/\/truusk.store\/sv\/produkt\/truusk-led-golvlampa-magnetisk-fjarrkontroll-flexibel-justerbar-roterbar-metall-svart\/#breadcrumb"},"inLanguage":"sv-SE","potentialAction":[{"@type":"ReadAction","target":["https:\/\/truusk.store\/sv\/produkt\/truusk-led-golvlampa-magnetisk-fjarrkontroll-flexibel-justerbar-roterbar-metall-svart\/"]}]},{"@type":"ImageObject","inLanguage":"sv-SE","@id":"https:\/\/truusk.store\/sv\/produkt\/truusk-led-golvlampa-magnetisk-fjarrkontroll-flexibel-justerbar-roterbar-metall-svart\/#primaryimage","url":"https:\/\/i0.wp.com\/truusk.store\/wp-content\/uploads\/2025\/11\/led-golvlampa-med-magnetisk-fjarrkontroll-flexibelt-justerbar-roterbar-metall-svart-1.webp?fit=2000%2C2000&ssl=1","contentUrl":"https:\/\/i0.wp.com\/truusk.store\/wp-content\/uploads\/2025\/11\/led-golvlampa-med-magnetisk-fjarrkontroll-flexibelt-justerbar-roterbar-metall-svart-1.webp?fit=2000%2C2000&ssl=1","width":2000,"height":2000},{"@type":"BreadcrumbList","@id":"https:\/\/truusk.store\/sv\/produkt\/truusk-led-golvlampa-magnetisk-fjarrkontroll-flexibel-justerbar-roterbar-metall-svart\/#breadcrumb","itemListElement":[{"@type":"ListItem","position":1,"name":"Home","item":"https:\/\/truusk.store\/sv\/"},{"@type":"ListItem","position":2,"name":"Shop","item":"https:\/\/truusk.store\/shop\/"},{"@type":"ListItem","position":3,"name":"TRUUSK LED-golvlampa &#8211; Magnetisk fj\u00e4rrkontroll &#8211; Flexibel justerbar &#8211; Roterbar &#8211; Metall &#8211; Svart"}]},{"@type":"WebSite","@id":"https:\/\/truusk.store\/sv\/#website","url":"https:\/\/truusk.store\/sv\/","name":"TRUUSK - Hem, Tr\u00e4dg\u00e5rd & Fritid","description":"","publisher":{"@id":"https:\/\/truusk.store\/sv\/#organization"},"potentialAction":[{"@type":"SearchAction","target":{"@type":"EntryPoint","urlTemplate":"https:\/\/truusk.store\/sv\/?s={search_term_string}"},"query-input":{"@type":"PropertyValueSpecification","valueRequired":true,"valueName":"search_term_string"}}],"inLanguage":"sv-SE"},{"@type":"Organization","@id":"https:\/\/truusk.store\/sv\/#organization","name":"TRUUSK - Hem, Tr\u00e4dg\u00e5rd & Fritid","url":"https:\/\/truusk.store\/sv\/","logo":{"@type":"ImageObject","inLanguage":"sv-SE","@id":"https:\/\/truusk.store\/sv\/#\/schema\/logo\/image\/","url":"https:\/\/i0.wp.com\/truusk.store\/wp-content\/uploads\/2026\/03\/cropped-TRUUSK.png?fit=2032%2C917&ssl=1","contentUrl":"https:\/\/i0.wp.com\/truusk.store\/wp-content\/uploads\/2026\/03\/cropped-TRUUSK.png?fit=2032%2C917&ssl=1","width":2032,"height":917,"caption":"TRUUSK - Hem, Tr\u00e4dg\u00e5rd & Fritid"},"image":{"@id":"https:\/\/truusk.store\/sv\/#\/schema\/logo\/image\/"}}]}},"jetpack_sharing_enabled":true,"_links":{"self":[{"href":"https:\/\/truusk.store\/sv\/wp-json\/wp\/v2\/product\/96604","targetHints":{"allow":["GET"]}}],"collection":[{"href":"https:\/\/truusk.store\/sv\/wp-json\/wp\/v2\/product"}],"about":[{"href":"https:\/\/truusk.store\/sv\/wp-json\/wp\/v2\/types\/product"}],"wp:featuredmedia":[{"embeddable":true,"href":"https:\/\/truusk.store\/sv\/wp-json\/wp\/v2\/media\/96591"}],"wp:attachment":[{"href":"https:\/\/truusk.store\/sv\/wp-json\/wp\/v2\/media?parent=96604"}],"wp:term":[{"taxonomy":"product_brand","embeddable":true,"href":"https:\/\/truusk.store\/sv\/wp-json\/wp\/v2\/product_brand?post=96604"},{"taxonomy":"product_cat","embeddable":true,"href":"https:\/\/truusk.store\/sv\/wp-json\/wp\/v2\/product_cat?post=96604"},{"taxonomy":"product_tag","embeddable":true,"href":"https:\/\/truusk.store\/sv\/wp-json\/wp\/v2\/product_tag?post=96604"}],"curies":[{"name":"wp","href":"https:\/\/api.w.org\/{rel}","templated":true}]}}