{"id":96610,"date":"2025-11-24T09:55:50","date_gmt":"2025-11-24T08:55:50","guid":{"rendered":"https:\/\/truusk.store\/product\/nattbordslampa-usb-portar-tra-tyg-vippswitch-forvaringsfack-vit\/"},"modified":"2026-03-12T08:50:32","modified_gmt":"2026-03-12T07:50:32","slug":"truusk-nattbordslampa-med-usb-portar-av-tra-och-tyg-vippswitch-forvaringsfack-vit","status":"publish","type":"product","link":"https:\/\/truusk.store\/sv\/produkt\/truusk-nattbordslampa-med-usb-portar-av-tra-och-tyg-vippswitch-forvaringsfack-vit\/","title":{"rendered":"TRUUSK Nattbordslampa med USB-portar &#8211; Av Tr\u00e4 och Tyg &#8211; Vippswitch &#8211; F\u00f6rvaringsfack &#8211; Vit"},"content":{"rendered":"<p>St\u00f6rd av en \u00f6verfull nattduksbord och trassliga laddningskablar? [BRAND NAME] nattduksbordslampa \u00e5terst\u00e4ller ordning och lugn. Med USB-A\/C-portar och tre f\u00f6rvaringsfack ser den till att dina enheter \u00e4r ordentligt f\u00f6rvarade och str\u00f6mf\u00f6rs\u00f6rjda. Kombinationen av bordslampan med tr\u00e4bas och tygsk\u00e4rm g\u00f6r ditt rum till en organiserad oas av komfort.<\/p>\n<p>Beskrivning:<\/p>\n<ul>\n<li> Har USB-A och USB-C-portar som h\u00e5ller ditt nattduksbord snyggt<\/li>\n<li> Inneh\u00e5ller tre enhetsfack i basen f\u00f6r att organisera din elektronik p\u00e5 ett \u00f6versk\u00e5dligt s\u00e4tt<\/li>\n<li> Modern design av bordslampan med tr\u00e4 och tyg, framh\u00e4ver stilen p\u00e5 din rumsdekoration<\/li>\n<li> Tung tr\u00e4bas p\u00e5 bordslampan garanterar utm\u00e4rkt stabilitet och f\u00f6rhindrar oavsiktligt v\u00e4lta<\/li>\n<li> Anv\u00e4nder en standard E27-sockel, s\u00e5 att du kan v\u00e4lja din f\u00f6redragna gl\u00f6dlampa<\/li>\n<li> Praktisk vippswitch f\u00f6r enkel p\u00e5\/av<\/li>\n<li> Montering kr\u00e4vs p\u00e5 bara 5 minuter utan verktyg<\/li>\n<\/ul>\n<p> Tekniska data:<\/p>\n<ul>\n<li> F\u00e4rg: Naturtr\u00e4+Vit<\/li>\n<li> Material: Tr\u00e4, St\u00e5l, TC-tyg<\/li>\n<li> Totala dimensioner: 25L x 20B x 40,5H cm<\/li>\n<li> Lampsk\u00e4rmstorlek: 25L x 20B x 22H cm<\/li>\n<li> Lampbasstorlek: 24L x 16B x 23,5H cm<\/li>\n<li> Lampsockeltyp: E27 x 1, max. 40W (gl\u00f6dlampa ing\u00e5r ej)<\/li>\n<li> Ing\u00e5ngssp\u00e4nning: AC 220-240V~ 50Hz<\/li>\n<li> USB-utg\u00e5ng: 5V 2A max.<\/li>\n<li> Kabell\u00e4ngd: 1,5 m<\/li>\n<\/ul>\n<p>Leveransinneh\u00e5ll:<\/p>\n<ul>\n<li> 1 x Bordslampa<\/li>\n<li> 1 x Bruksanvisning<\/li>\n<\/ul>\n","protected":false},"excerpt":{"rendered":"<p>St\u00f6rd av en \u00f6verfull nattduksbord och trassliga laddningskablar? [BRAND NAME] nattduksbordslampa \u00e5terst\u00e4ller ordning och lugn. Med USB-A\/C-portar och tre f\u00f6rvaringsfack&#8230;<\/p>\n","protected":false},"featured_media":96596,"template":"","meta":[],"product_brand":[],"product_cat":[486,960,871],"product_tag":[],"class_list":{"0":"post-96610","1":"product","2":"type-product","3":"status-publish","4":"has-post-thumbnail","6":"product_cat-belysning","7":"product_cat-bordlampor","8":"product_cat-hus-hem","10":"first","11":"instock","12":"sale","13":"taxable","14":"shipping-taxable","15":"purchasable","16":"product-type-simple"},"yoast_head":"<!-- This site is optimized with the Yoast SEO plugin v25.4 - https:\/\/yoast.com\/wordpress\/plugins\/seo\/ -->\n<title>TRUUSK Nattbordslampa med USB-portar - Av Tr\u00e4 och Tyg - Vippswitch - F\u00f6rvaringsfack - Vit - TRUUSK - Hem, Tr\u00e4dg\u00e5rd &amp; Fritid<\/title>\n<meta name=\"robots\" content=\"index, follow, max-snippet:-1, max-image-preview:large, max-video-preview:-1\" \/>\n<link rel=\"canonical\" href=\"https:\/\/truusk.store\/sv\/produkt\/truusk-nattbordslampa-med-usb-portar-av-tra-och-tyg-vippswitch-forvaringsfack-vit\/\" \/>\n<meta property=\"og:locale\" content=\"sv_SE\" \/>\n<meta property=\"og:type\" content=\"article\" \/>\n<meta property=\"og:title\" content=\"TRUUSK Nattbordslampa med USB-portar - Av Tr\u00e4 och Tyg - Vippswitch - F\u00f6rvaringsfack - Vit - TRUUSK - Hem, Tr\u00e4dg\u00e5rd &amp; Fritid\" \/>\n<meta property=\"og:description\" content=\"St\u00f6rd av en \u00f6verfull nattduksbord och trassliga laddningskablar? [BRAND NAME] nattduksbordslampa \u00e5terst\u00e4ller ordning och lugn. Med USB-A\/C-portar och tre f\u00f6rvaringsfack...\" \/>\n<meta property=\"og:url\" content=\"https:\/\/truusk.store\/sv\/produkt\/truusk-nattbordslampa-med-usb-portar-av-tra-och-tyg-vippswitch-forvaringsfack-vit\/\" \/>\n<meta property=\"og:site_name\" content=\"TRUUSK - Hem, Tr\u00e4dg\u00e5rd &amp; Fritid\" \/>\n<meta property=\"article:modified_time\" content=\"2026-03-12T07:50:32+00:00\" \/>\n<meta property=\"og:image\" content=\"https:\/\/i0.wp.com\/truusk.se\/wp-content\/uploads\/2025\/11\/nattbordslampa-usb-portar-tra-tyg-vippswitch-forvaringsfack-vit-1.webp?fit=2000%2C2000&ssl=1\" \/>\n\t<meta property=\"og:image:width\" content=\"2000\" \/>\n\t<meta property=\"og:image:height\" content=\"2000\" \/>\n\t<meta property=\"og:image:type\" content=\"image\/webp\" \/>\n<meta name=\"twitter:card\" content=\"summary_large_image\" \/>\n<meta name=\"twitter:label1\" content=\"Ber\u00e4knad l\u00e4stid\" \/>\n\t<meta name=\"twitter:data1\" content=\"1 minut\" \/>\n<!-- \/ Yoast SEO plugin. -->","yoast_head_json":{"title":"TRUUSK Nattbordslampa med USB-portar - Av Tr\u00e4 och Tyg - Vippswitch - F\u00f6rvaringsfack - Vit - TRUUSK - Hem, Tr\u00e4dg\u00e5rd &amp; Fritid","robots":{"index":"index","follow":"follow","max-snippet":"max-snippet:-1","max-image-preview":"max-image-preview:large","max-video-preview":"max-video-preview:-1"},"canonical":"https:\/\/truusk.store\/sv\/produkt\/truusk-nattbordslampa-med-usb-portar-av-tra-och-tyg-vippswitch-forvaringsfack-vit\/","og_locale":"sv_SE","og_type":"article","og_title":"TRUUSK Nattbordslampa med USB-portar - Av Tr\u00e4 och Tyg - Vippswitch - F\u00f6rvaringsfack - Vit - TRUUSK - Hem, Tr\u00e4dg\u00e5rd &amp; Fritid","og_description":"St\u00f6rd av en \u00f6verfull nattduksbord och trassliga laddningskablar? [BRAND NAME] nattduksbordslampa \u00e5terst\u00e4ller ordning och lugn. Med USB-A\/C-portar och tre f\u00f6rvaringsfack...","og_url":"https:\/\/truusk.store\/sv\/produkt\/truusk-nattbordslampa-med-usb-portar-av-tra-och-tyg-vippswitch-forvaringsfack-vit\/","og_site_name":"TRUUSK - Hem, Tr\u00e4dg\u00e5rd &amp; Fritid","article_modified_time":"2026-03-12T07:50:32+00:00","og_image":[{"width":2000,"height":2000,"url":"https:\/\/i0.wp.com\/truusk.se\/wp-content\/uploads\/2025\/11\/nattbordslampa-usb-portar-tra-tyg-vippswitch-forvaringsfack-vit-1.webp?fit=2000%2C2000&ssl=1","type":"image\/webp"}],"twitter_card":"summary_large_image","twitter_misc":{"Ber\u00e4knad l\u00e4stid":"1 minut"},"schema":{"@context":"https:\/\/schema.org","@graph":[{"@type":"WebPage","@id":"https:\/\/truusk.store\/sv\/produkt\/truusk-nattbordslampa-med-usb-portar-av-tra-och-tyg-vippswitch-forvaringsfack-vit\/","url":"https:\/\/truusk.store\/sv\/produkt\/truusk-nattbordslampa-med-usb-portar-av-tra-och-tyg-vippswitch-forvaringsfack-vit\/","name":"TRUUSK Nattbordslampa med USB-portar - Av Tr\u00e4 och Tyg - Vippswitch - F\u00f6rvaringsfack - Vit - TRUUSK - Hem, Tr\u00e4dg\u00e5rd &amp; Fritid","isPartOf":{"@id":"https:\/\/truusk.store\/sv\/#website"},"primaryImageOfPage":{"@id":"https:\/\/truusk.store\/sv\/produkt\/truusk-nattbordslampa-med-usb-portar-av-tra-och-tyg-vippswitch-forvaringsfack-vit\/#primaryimage"},"image":{"@id":"https:\/\/truusk.store\/sv\/produkt\/truusk-nattbordslampa-med-usb-portar-av-tra-och-tyg-vippswitch-forvaringsfack-vit\/#primaryimage"},"thumbnailUrl":"https:\/\/i0.wp.com\/truusk.store\/wp-content\/uploads\/2025\/11\/nattbordslampa-usb-portar-tra-tyg-vippswitch-forvaringsfack-vit-1.webp?fit=2000%2C2000&ssl=1","datePublished":"2025-11-24T08:55:50+00:00","dateModified":"2026-03-12T07:50:32+00:00","breadcrumb":{"@id":"https:\/\/truusk.store\/sv\/produkt\/truusk-nattbordslampa-med-usb-portar-av-tra-och-tyg-vippswitch-forvaringsfack-vit\/#breadcrumb"},"inLanguage":"sv-SE","potentialAction":[{"@type":"ReadAction","target":["https:\/\/truusk.store\/sv\/produkt\/truusk-nattbordslampa-med-usb-portar-av-tra-och-tyg-vippswitch-forvaringsfack-vit\/"]}]},{"@type":"ImageObject","inLanguage":"sv-SE","@id":"https:\/\/truusk.store\/sv\/produkt\/truusk-nattbordslampa-med-usb-portar-av-tra-och-tyg-vippswitch-forvaringsfack-vit\/#primaryimage","url":"https:\/\/i0.wp.com\/truusk.store\/wp-content\/uploads\/2025\/11\/nattbordslampa-usb-portar-tra-tyg-vippswitch-forvaringsfack-vit-1.webp?fit=2000%2C2000&ssl=1","contentUrl":"https:\/\/i0.wp.com\/truusk.store\/wp-content\/uploads\/2025\/11\/nattbordslampa-usb-portar-tra-tyg-vippswitch-forvaringsfack-vit-1.webp?fit=2000%2C2000&ssl=1","width":2000,"height":2000},{"@type":"BreadcrumbList","@id":"https:\/\/truusk.store\/sv\/produkt\/truusk-nattbordslampa-med-usb-portar-av-tra-och-tyg-vippswitch-forvaringsfack-vit\/#breadcrumb","itemListElement":[{"@type":"ListItem","position":1,"name":"Home","item":"https:\/\/truusk.store\/sv\/"},{"@type":"ListItem","position":2,"name":"Shop","item":"https:\/\/truusk.store\/shop\/"},{"@type":"ListItem","position":3,"name":"TRUUSK Nattbordslampa med USB-portar &#8211; Av Tr\u00e4 och Tyg &#8211; Vippswitch &#8211; F\u00f6rvaringsfack &#8211; Vit"}]},{"@type":"WebSite","@id":"https:\/\/truusk.store\/sv\/#website","url":"https:\/\/truusk.store\/sv\/","name":"TRUUSK - Hem, Tr\u00e4dg\u00e5rd & Fritid","description":"","publisher":{"@id":"https:\/\/truusk.store\/sv\/#organization"},"potentialAction":[{"@type":"SearchAction","target":{"@type":"EntryPoint","urlTemplate":"https:\/\/truusk.store\/sv\/?s={search_term_string}"},"query-input":{"@type":"PropertyValueSpecification","valueRequired":true,"valueName":"search_term_string"}}],"inLanguage":"sv-SE"},{"@type":"Organization","@id":"https:\/\/truusk.store\/sv\/#organization","name":"TRUUSK - Hem, Tr\u00e4dg\u00e5rd & Fritid","url":"https:\/\/truusk.store\/sv\/","logo":{"@type":"ImageObject","inLanguage":"sv-SE","@id":"https:\/\/truusk.store\/sv\/#\/schema\/logo\/image\/","url":"https:\/\/i0.wp.com\/truusk.store\/wp-content\/uploads\/2026\/03\/cropped-TRUUSK.png?fit=2032%2C917&ssl=1","contentUrl":"https:\/\/i0.wp.com\/truusk.store\/wp-content\/uploads\/2026\/03\/cropped-TRUUSK.png?fit=2032%2C917&ssl=1","width":2032,"height":917,"caption":"TRUUSK - Hem, Tr\u00e4dg\u00e5rd & Fritid"},"image":{"@id":"https:\/\/truusk.store\/sv\/#\/schema\/logo\/image\/"}}]}},"jetpack_sharing_enabled":true,"_links":{"self":[{"href":"https:\/\/truusk.store\/sv\/wp-json\/wp\/v2\/product\/96610","targetHints":{"allow":["GET"]}}],"collection":[{"href":"https:\/\/truusk.store\/sv\/wp-json\/wp\/v2\/product"}],"about":[{"href":"https:\/\/truusk.store\/sv\/wp-json\/wp\/v2\/types\/product"}],"wp:featuredmedia":[{"embeddable":true,"href":"https:\/\/truusk.store\/sv\/wp-json\/wp\/v2\/media\/96596"}],"wp:attachment":[{"href":"https:\/\/truusk.store\/sv\/wp-json\/wp\/v2\/media?parent=96610"}],"wp:term":[{"taxonomy":"product_brand","embeddable":true,"href":"https:\/\/truusk.store\/sv\/wp-json\/wp\/v2\/product_brand?post=96610"},{"taxonomy":"product_cat","embeddable":true,"href":"https:\/\/truusk.store\/sv\/wp-json\/wp\/v2\/product_cat?post=96610"},{"taxonomy":"product_tag","embeddable":true,"href":"https:\/\/truusk.store\/sv\/wp-json\/wp\/v2\/product_tag?post=96610"}],"curies":[{"name":"wp","href":"https:\/\/api.w.org\/{rel}","templated":true}]}}