{"id":96621,"date":"2025-11-24T09:56:58","date_gmt":"2025-11-24T08:56:58","guid":{"rendered":"https:\/\/truusk.store\/product\/2-sits-soffa-modern-stoppad-soffa-med-metall-och-traram-sammetliknande-tygoverdrag-gra\/"},"modified":"2026-03-12T08:50:33","modified_gmt":"2026-03-12T07:50:33","slug":"truusk-2-sits-modern-soffa-med-stoppning-metall-och-traram-gra-sammetstyg-elegant-design","status":"publish","type":"product","link":"https:\/\/truusk.store\/sv\/produkt\/truusk-2-sits-modern-soffa-med-stoppning-metall-och-traram-gra-sammetstyg-elegant-design\/","title":{"rendered":"TRUUSK 2-sits Modern Soffa Med Stoppning &#8211; Metall- Och Tr\u00e4ram &#8211; Gr\u00e5 Sammetstyg &#8211; Elegant Design"},"content":{"rendered":"<p>Letar du efter en elegant, st\u00f6djande soffa f\u00f6r sm\u00e5 utrymmen? Ostabila eller obekv\u00e4ma m\u00f6bler kan f\u00f6rhindra avkoppling. [BRAND NAME] 2-sits soffa erbjuder l\u00f6sningen med sin moderna design och ergonomiska ryggst\u00f6d p\u00e5 en stabil metallram med justerbara f\u00f6tter f\u00f6r fast, s\u00e4ker komfort. Denna lilla soffa \u00e4r en mysig, stabil tillflyktsort som berikar dina avkopplingsstunder varje dag.<\/p>\n<p>Beskrivning:<\/p>\n<ul>\n<li> Har en elegant b\u00f6jd ryggst\u00f6d och dess kompakta storlek passar i sm\u00e5 utrymmen<\/li>\n<li> B\u00f6jd ryggst\u00f6d och h\u00f6g-resilient skum i soffan ger bekv\u00e4mt, l\u00e5ngvarigt st\u00f6d<\/li>\n<li> Robust ram av metall och eukalyptustr\u00e4 med justerbara fotdynor f\u00f6r stabilitet<\/li>\n<li> Kl\u00e4dd med en mjuk, sammetliknande tyg f\u00f6r komfort \u00e5ret runt<\/li>\n<li> Soffans m\u00e5ngsidiga stil passar s\u00f6ml\u00f6st in i vardagsrum, sovrum, studierum eller kontorsomr\u00e5den<\/li>\n<li> H\u00f6ga ben skapar ett l\u00e4tt utseende och underl\u00e4ttar reng\u00f6ring under<\/li>\n<\/ul>\n<p> Tekniska specifikationer:<\/p>\n<ul>\n<li> F\u00e4rg: Gr\u00e5<\/li>\n<li> Material: Sammetsliknande tyg (100% polyester), metall, eukalyptustr\u00e4, skum<\/li>\n<li> Totala dimensioner: 127B x 63T x 84,5H cm<\/li>\n<li> Sitsstorlek: 122,5B x 49T x 47H cm<\/li>\n<li> Sits tjocklek: 12 cm<\/li>\n<li> Ryggst\u00f6dets storlek: 127B x 8T x 40H cm<\/li>\n<li> Benstorlek: \u00d83 x 35H cm<\/li>\n<li> Maximal belastning: 220 kg<\/li>\n<\/ul>\n<p>Leverans inneh\u00e5ller:<\/p>\n<ul>\n<li> 1 x 2-sits soffa<\/li>\n<li> 1 x Bruksanvisning<\/li>\n<\/ul>\n","protected":false},"excerpt":{"rendered":"<p>Letar du efter en elegant, st\u00f6djande soffa f\u00f6r sm\u00e5 utrymmen? Ostabila eller obekv\u00e4ma m\u00f6bler kan f\u00f6rhindra avkoppling. [BRAND NAME] 2-sits&#8230;<\/p>\n","protected":false},"featured_media":96611,"template":"","meta":[],"product_brand":[],"product_cat":[871,937,910,974],"product_tag":[],"class_list":{"0":"post-96621","1":"product","2":"type-product","3":"status-publish","4":"has-post-thumbnail","6":"product_cat-hus-hem","7":"product_cat-soffor","8":"product_cat-vardagsrum","9":"product_cat-zweisitzer","11":"first","12":"instock","13":"sale","14":"taxable","15":"shipping-taxable","16":"purchasable","17":"product-type-simple"},"yoast_head":"<!-- This site is optimized with the Yoast SEO plugin v25.4 - https:\/\/yoast.com\/wordpress\/plugins\/seo\/ -->\n<title>TRUUSK 2-sits Modern Soffa Med Stoppning - Metall- Och Tr\u00e4ram - Gr\u00e5 Sammetstyg - Elegant Design - TRUUSK - Hem, Tr\u00e4dg\u00e5rd &amp; Fritid<\/title>\n<meta name=\"robots\" content=\"index, follow, max-snippet:-1, max-image-preview:large, max-video-preview:-1\" \/>\n<link rel=\"canonical\" href=\"https:\/\/truusk.store\/sv\/produkt\/truusk-2-sits-modern-soffa-med-stoppning-metall-och-traram-gra-sammetstyg-elegant-design\/\" \/>\n<meta property=\"og:locale\" content=\"sv_SE\" \/>\n<meta property=\"og:type\" content=\"article\" \/>\n<meta property=\"og:title\" content=\"TRUUSK 2-sits Modern Soffa Med Stoppning - Metall- Och Tr\u00e4ram - Gr\u00e5 Sammetstyg - Elegant Design - TRUUSK - Hem, Tr\u00e4dg\u00e5rd &amp; Fritid\" \/>\n<meta property=\"og:description\" content=\"Letar du efter en elegant, st\u00f6djande soffa f\u00f6r sm\u00e5 utrymmen? Ostabila eller obekv\u00e4ma m\u00f6bler kan f\u00f6rhindra avkoppling. [BRAND NAME] 2-sits...\" \/>\n<meta property=\"og:url\" content=\"https:\/\/truusk.store\/sv\/produkt\/truusk-2-sits-modern-soffa-med-stoppning-metall-och-traram-gra-sammetstyg-elegant-design\/\" \/>\n<meta property=\"og:site_name\" content=\"TRUUSK - Hem, Tr\u00e4dg\u00e5rd &amp; Fritid\" \/>\n<meta property=\"article:modified_time\" content=\"2026-03-12T07:50:33+00:00\" \/>\n<meta property=\"og:image\" content=\"https:\/\/i0.wp.com\/truusk.se\/wp-content\/uploads\/2025\/11\/2-sits-soffa-modern-stoppad-soffa-med-metall-och-traram-sammetliknande-tygoverdrag-gra-1.webp?fit=2000%2C2000&ssl=1\" \/>\n\t<meta property=\"og:image:width\" content=\"2000\" \/>\n\t<meta property=\"og:image:height\" content=\"2000\" \/>\n\t<meta property=\"og:image:type\" content=\"image\/webp\" \/>\n<meta name=\"twitter:card\" content=\"summary_large_image\" \/>\n<meta name=\"twitter:label1\" content=\"Ber\u00e4knad l\u00e4stid\" \/>\n\t<meta name=\"twitter:data1\" content=\"1 minut\" \/>\n<!-- \/ Yoast SEO plugin. -->","yoast_head_json":{"title":"TRUUSK 2-sits Modern Soffa Med Stoppning - Metall- Och Tr\u00e4ram - Gr\u00e5 Sammetstyg - Elegant Design - TRUUSK - Hem, Tr\u00e4dg\u00e5rd &amp; Fritid","robots":{"index":"index","follow":"follow","max-snippet":"max-snippet:-1","max-image-preview":"max-image-preview:large","max-video-preview":"max-video-preview:-1"},"canonical":"https:\/\/truusk.store\/sv\/produkt\/truusk-2-sits-modern-soffa-med-stoppning-metall-och-traram-gra-sammetstyg-elegant-design\/","og_locale":"sv_SE","og_type":"article","og_title":"TRUUSK 2-sits Modern Soffa Med Stoppning - Metall- Och Tr\u00e4ram - Gr\u00e5 Sammetstyg - Elegant Design - TRUUSK - Hem, Tr\u00e4dg\u00e5rd &amp; Fritid","og_description":"Letar du efter en elegant, st\u00f6djande soffa f\u00f6r sm\u00e5 utrymmen? Ostabila eller obekv\u00e4ma m\u00f6bler kan f\u00f6rhindra avkoppling. [BRAND NAME] 2-sits...","og_url":"https:\/\/truusk.store\/sv\/produkt\/truusk-2-sits-modern-soffa-med-stoppning-metall-och-traram-gra-sammetstyg-elegant-design\/","og_site_name":"TRUUSK - Hem, Tr\u00e4dg\u00e5rd &amp; Fritid","article_modified_time":"2026-03-12T07:50:33+00:00","og_image":[{"width":2000,"height":2000,"url":"https:\/\/i0.wp.com\/truusk.se\/wp-content\/uploads\/2025\/11\/2-sits-soffa-modern-stoppad-soffa-med-metall-och-traram-sammetliknande-tygoverdrag-gra-1.webp?fit=2000%2C2000&ssl=1","type":"image\/webp"}],"twitter_card":"summary_large_image","twitter_misc":{"Ber\u00e4knad l\u00e4stid":"1 minut"},"schema":{"@context":"https:\/\/schema.org","@graph":[{"@type":"WebPage","@id":"https:\/\/truusk.store\/sv\/produkt\/truusk-2-sits-modern-soffa-med-stoppning-metall-och-traram-gra-sammetstyg-elegant-design\/","url":"https:\/\/truusk.store\/sv\/produkt\/truusk-2-sits-modern-soffa-med-stoppning-metall-och-traram-gra-sammetstyg-elegant-design\/","name":"TRUUSK 2-sits Modern Soffa Med Stoppning - Metall- Och Tr\u00e4ram - Gr\u00e5 Sammetstyg - Elegant Design - TRUUSK - Hem, Tr\u00e4dg\u00e5rd &amp; Fritid","isPartOf":{"@id":"https:\/\/truusk.store\/sv\/#website"},"primaryImageOfPage":{"@id":"https:\/\/truusk.store\/sv\/produkt\/truusk-2-sits-modern-soffa-med-stoppning-metall-och-traram-gra-sammetstyg-elegant-design\/#primaryimage"},"image":{"@id":"https:\/\/truusk.store\/sv\/produkt\/truusk-2-sits-modern-soffa-med-stoppning-metall-och-traram-gra-sammetstyg-elegant-design\/#primaryimage"},"thumbnailUrl":"https:\/\/i0.wp.com\/truusk.store\/wp-content\/uploads\/2025\/11\/2-sits-soffa-modern-stoppad-soffa-med-metall-och-traram-sammetliknande-tygoverdrag-gra-1.webp?fit=2000%2C2000&ssl=1","datePublished":"2025-11-24T08:56:58+00:00","dateModified":"2026-03-12T07:50:33+00:00","breadcrumb":{"@id":"https:\/\/truusk.store\/sv\/produkt\/truusk-2-sits-modern-soffa-med-stoppning-metall-och-traram-gra-sammetstyg-elegant-design\/#breadcrumb"},"inLanguage":"sv-SE","potentialAction":[{"@type":"ReadAction","target":["https:\/\/truusk.store\/sv\/produkt\/truusk-2-sits-modern-soffa-med-stoppning-metall-och-traram-gra-sammetstyg-elegant-design\/"]}]},{"@type":"ImageObject","inLanguage":"sv-SE","@id":"https:\/\/truusk.store\/sv\/produkt\/truusk-2-sits-modern-soffa-med-stoppning-metall-och-traram-gra-sammetstyg-elegant-design\/#primaryimage","url":"https:\/\/i0.wp.com\/truusk.store\/wp-content\/uploads\/2025\/11\/2-sits-soffa-modern-stoppad-soffa-med-metall-och-traram-sammetliknande-tygoverdrag-gra-1.webp?fit=2000%2C2000&ssl=1","contentUrl":"https:\/\/i0.wp.com\/truusk.store\/wp-content\/uploads\/2025\/11\/2-sits-soffa-modern-stoppad-soffa-med-metall-och-traram-sammetliknande-tygoverdrag-gra-1.webp?fit=2000%2C2000&ssl=1","width":2000,"height":2000},{"@type":"BreadcrumbList","@id":"https:\/\/truusk.store\/sv\/produkt\/truusk-2-sits-modern-soffa-med-stoppning-metall-och-traram-gra-sammetstyg-elegant-design\/#breadcrumb","itemListElement":[{"@type":"ListItem","position":1,"name":"Home","item":"https:\/\/truusk.store\/sv\/"},{"@type":"ListItem","position":2,"name":"Shop","item":"https:\/\/truusk.store\/shop\/"},{"@type":"ListItem","position":3,"name":"TRUUSK 2-sits Modern Soffa Med Stoppning &#8211; Metall- Och Tr\u00e4ram &#8211; Gr\u00e5 Sammetstyg &#8211; Elegant Design"}]},{"@type":"WebSite","@id":"https:\/\/truusk.store\/sv\/#website","url":"https:\/\/truusk.store\/sv\/","name":"TRUUSK - Hem, Tr\u00e4dg\u00e5rd & Fritid","description":"","publisher":{"@id":"https:\/\/truusk.store\/sv\/#organization"},"potentialAction":[{"@type":"SearchAction","target":{"@type":"EntryPoint","urlTemplate":"https:\/\/truusk.store\/sv\/?s={search_term_string}"},"query-input":{"@type":"PropertyValueSpecification","valueRequired":true,"valueName":"search_term_string"}}],"inLanguage":"sv-SE"},{"@type":"Organization","@id":"https:\/\/truusk.store\/sv\/#organization","name":"TRUUSK - Hem, Tr\u00e4dg\u00e5rd & Fritid","url":"https:\/\/truusk.store\/sv\/","logo":{"@type":"ImageObject","inLanguage":"sv-SE","@id":"https:\/\/truusk.store\/sv\/#\/schema\/logo\/image\/","url":"https:\/\/i0.wp.com\/truusk.store\/wp-content\/uploads\/2026\/03\/cropped-TRUUSK.png?fit=2032%2C917&ssl=1","contentUrl":"https:\/\/i0.wp.com\/truusk.store\/wp-content\/uploads\/2026\/03\/cropped-TRUUSK.png?fit=2032%2C917&ssl=1","width":2032,"height":917,"caption":"TRUUSK - Hem, Tr\u00e4dg\u00e5rd & Fritid"},"image":{"@id":"https:\/\/truusk.store\/sv\/#\/schema\/logo\/image\/"}}]}},"jetpack_sharing_enabled":true,"_links":{"self":[{"href":"https:\/\/truusk.store\/sv\/wp-json\/wp\/v2\/product\/96621","targetHints":{"allow":["GET"]}}],"collection":[{"href":"https:\/\/truusk.store\/sv\/wp-json\/wp\/v2\/product"}],"about":[{"href":"https:\/\/truusk.store\/sv\/wp-json\/wp\/v2\/types\/product"}],"wp:featuredmedia":[{"embeddable":true,"href":"https:\/\/truusk.store\/sv\/wp-json\/wp\/v2\/media\/96611"}],"wp:attachment":[{"href":"https:\/\/truusk.store\/sv\/wp-json\/wp\/v2\/media?parent=96621"}],"wp:term":[{"taxonomy":"product_brand","embeddable":true,"href":"https:\/\/truusk.store\/sv\/wp-json\/wp\/v2\/product_brand?post=96621"},{"taxonomy":"product_cat","embeddable":true,"href":"https:\/\/truusk.store\/sv\/wp-json\/wp\/v2\/product_cat?post=96621"},{"taxonomy":"product_tag","embeddable":true,"href":"https:\/\/truusk.store\/sv\/wp-json\/wp\/v2\/product_tag?post=96621"}],"curies":[{"name":"wp","href":"https:\/\/api.w.org\/{rel}","templated":true}]}}