{"id":96630,"date":"2025-11-24T09:57:54","date_gmt":"2025-11-24T08:57:54","guid":{"rendered":"https:\/\/truusk.store\/product\/sideboard-med-push-to-open-dorrar-matskap-med-metallben-koksskap-mdf-svartnaturtra\/"},"modified":"2026-03-12T08:50:33","modified_gmt":"2026-03-12T07:50:33","slug":"truusk-koksskap-med-push-to-open-dorrar-matskap-med-metallben-modern-design-mdf-svartnaturtra","status":"publish","type":"product","link":"https:\/\/truusk.store\/sv\/produkt\/truusk-koksskap-med-push-to-open-dorrar-matskap-med-metallben-modern-design-mdf-svartnaturtra\/","title":{"rendered":"TRUUSK K\u00f6kssk\u00e5p Med Push-to-open D\u00f6rrar &#8211; Matsk\u00e5p Med Metallben &#8211; Modern Design &#8211; MDF &#8211; Svart+Naturtr\u00e4"},"content":{"rendered":"<p>Denna [BRAND NAME] byr\u00e5 ger ordning med fyra dolda fack och en elegant, tv\u00e5f\u00e4rgad design. De handtagsl\u00f6sa push-to-open-d\u00f6rrarna p\u00e5 vardagsrumssk\u00e5pet ger enkel \u00e5tkomst, \u00e4ven n\u00e4r dina h\u00e4nder \u00e4r fulla. Det \u00e4r mer \u00e4n bara en byr\u00e5: Det \u00e4r ett avg\u00f6rande steg mot ett organiserat, elegant och effektivt hem.<\/p>\n<p>Beskrivning:<\/p>\n<ul>\n<li> Fyra fack i f\u00f6rvaringssk\u00e5pet h\u00e5ller saker organiserade och skapar en prydlig milj\u00f6<\/li>\n<li> Den kompakta storleken p\u00e5 vardagsrumsbyr\u00e5n passar i sm\u00e5 utrymmen, modern design ger stilfull attraktivitet<\/li>\n<li> Handtagsl\u00f6sa push-to-open-d\u00f6rrar p\u00e5 byr\u00e5n ger enkel \u00e5tkomst till all f\u00f6rvaring<\/li>\n<li> Pulverlackerad metallram ger stabilitet och l\u00e5ngvarigt st\u00f6d<\/li>\n<li> Melaminbelagda MDF-paneler \u00e4r robusta, sl\u00e4ta och l\u00e4tta att reng\u00f6ra<\/li>\n<li> Ett tipp-skydd-set f\u00f6r k\u00f6kssk\u00e5pet s\u00e4krar byr\u00e5n<\/li>\n<li> Det upph\u00f6jda basdesignen m\u00f6jligg\u00f6r enkel reng\u00f6ring under med dammsugare eller robot<\/li>\n<li> Montering kr\u00e4vs<\/li>\n<\/ul>\n<p> Tekniska specifikationer:<\/p>\n<ul>\n<li> F\u00e4rg: Svart+Naturtr\u00e4<\/li>\n<li> Material: MDF (FSC), Metall<\/li>\n<li> Totala dimensioner: 60B x 35T x 78H cm<\/li>\n<li> D\u00f6rrstorlek: (v\u00e4nster \u00f6verst &amp; h\u00f6ger nederst) 22,4B x 28,6H cm<\/li>\n<li> Inre utrymme: (v\u00e4nster \u00f6verst &amp; h\u00f6ger nederst) 22B x 28T x 31H cm<\/li>\n<li> D\u00f6rrstorlek: (h\u00f6ger \u00f6verst &amp; v\u00e4nster nederst) 33,6B x 28,6H cm<\/li>\n<li> Inre utrymme: (h\u00f6ger \u00f6verst &amp; v\u00e4nster nederst) 33,3B x 28T x 31H cm<\/li>\n<li> H\u00f6jd fr\u00e5n golvet: 14,6 cm<\/li>\n<li> B\u00e4rkapacitet: 18 kg (\u00f6vre fack), 8 kg (fack), 50 kg (totalt)<\/li>\n<\/ul>\n<p>Leverans inneh\u00e5ller:<\/p>\n<ul>\n<li> 1 x Byr\u00e5<\/li>\n<li> 1 x Bruksanvisning<\/li>\n<\/ul>\n","protected":false},"excerpt":{"rendered":"<p>Denna [BRAND NAME] byr\u00e5 ger ordning med fyra dolda fack och en elegant, tv\u00e5f\u00e4rgad design. De handtagsl\u00f6sa push-to-open-d\u00f6rrarna p\u00e5 vardagsrumssk\u00e5pet&#8230;<\/p>\n","protected":false},"featured_media":96620,"template":"","meta":[],"product_brand":[],"product_cat":[956,871,910],"product_tag":[],"class_list":{"0":"post-96630","1":"product","2":"type-product","3":"status-publish","4":"has-post-thumbnail","6":"product_cat-byraer-sideboards","7":"product_cat-hus-hem","8":"product_cat-vardagsrum","10":"first","11":"instock","12":"sale","13":"taxable","14":"shipping-taxable","15":"purchasable","16":"product-type-simple"},"yoast_head":"<!-- This site is optimized with the Yoast SEO plugin v25.4 - https:\/\/yoast.com\/wordpress\/plugins\/seo\/ -->\n<title>TRUUSK K\u00f6kssk\u00e5p Med Push-to-open D\u00f6rrar - Matsk\u00e5p Med Metallben - Modern Design - MDF - Svart+Naturtr\u00e4 - TRUUSK - Hem, Tr\u00e4dg\u00e5rd &amp; Fritid<\/title>\n<meta name=\"robots\" content=\"index, follow, max-snippet:-1, max-image-preview:large, max-video-preview:-1\" \/>\n<link rel=\"canonical\" href=\"https:\/\/truusk.store\/sv\/produkt\/truusk-koksskap-med-push-to-open-dorrar-matskap-med-metallben-modern-design-mdf-svartnaturtra\/\" \/>\n<meta property=\"og:locale\" content=\"sv_SE\" \/>\n<meta property=\"og:type\" content=\"article\" \/>\n<meta property=\"og:title\" content=\"TRUUSK K\u00f6kssk\u00e5p Med Push-to-open D\u00f6rrar - Matsk\u00e5p Med Metallben - Modern Design - MDF - Svart+Naturtr\u00e4 - TRUUSK - Hem, Tr\u00e4dg\u00e5rd &amp; Fritid\" \/>\n<meta property=\"og:description\" content=\"Denna [BRAND NAME] byr\u00e5 ger ordning med fyra dolda fack och en elegant, tv\u00e5f\u00e4rgad design. De handtagsl\u00f6sa push-to-open-d\u00f6rrarna p\u00e5 vardagsrumssk\u00e5pet...\" \/>\n<meta property=\"og:url\" content=\"https:\/\/truusk.store\/sv\/produkt\/truusk-koksskap-med-push-to-open-dorrar-matskap-med-metallben-modern-design-mdf-svartnaturtra\/\" \/>\n<meta property=\"og:site_name\" content=\"TRUUSK - Hem, Tr\u00e4dg\u00e5rd &amp; Fritid\" \/>\n<meta property=\"article:modified_time\" content=\"2026-03-12T07:50:33+00:00\" \/>\n<meta property=\"og:image\" content=\"https:\/\/i0.wp.com\/truusk.se\/wp-content\/uploads\/2025\/11\/sideboard-med-push-to-open-dorrar-matskap-med-metallben-koksskap-mdf-svartnaturtra-1.webp?fit=2000%2C2000&ssl=1\" \/>\n\t<meta property=\"og:image:width\" content=\"2000\" \/>\n\t<meta property=\"og:image:height\" content=\"2000\" \/>\n\t<meta property=\"og:image:type\" content=\"image\/webp\" \/>\n<meta name=\"twitter:card\" content=\"summary_large_image\" \/>\n<meta name=\"twitter:label1\" content=\"Ber\u00e4knad l\u00e4stid\" \/>\n\t<meta name=\"twitter:data1\" content=\"1 minut\" \/>\n<!-- \/ Yoast SEO plugin. -->","yoast_head_json":{"title":"TRUUSK K\u00f6kssk\u00e5p Med Push-to-open D\u00f6rrar - Matsk\u00e5p Med Metallben - Modern Design - MDF - Svart+Naturtr\u00e4 - TRUUSK - Hem, Tr\u00e4dg\u00e5rd &amp; Fritid","robots":{"index":"index","follow":"follow","max-snippet":"max-snippet:-1","max-image-preview":"max-image-preview:large","max-video-preview":"max-video-preview:-1"},"canonical":"https:\/\/truusk.store\/sv\/produkt\/truusk-koksskap-med-push-to-open-dorrar-matskap-med-metallben-modern-design-mdf-svartnaturtra\/","og_locale":"sv_SE","og_type":"article","og_title":"TRUUSK K\u00f6kssk\u00e5p Med Push-to-open D\u00f6rrar - Matsk\u00e5p Med Metallben - Modern Design - MDF - Svart+Naturtr\u00e4 - TRUUSK - Hem, Tr\u00e4dg\u00e5rd &amp; Fritid","og_description":"Denna [BRAND NAME] byr\u00e5 ger ordning med fyra dolda fack och en elegant, tv\u00e5f\u00e4rgad design. De handtagsl\u00f6sa push-to-open-d\u00f6rrarna p\u00e5 vardagsrumssk\u00e5pet...","og_url":"https:\/\/truusk.store\/sv\/produkt\/truusk-koksskap-med-push-to-open-dorrar-matskap-med-metallben-modern-design-mdf-svartnaturtra\/","og_site_name":"TRUUSK - Hem, Tr\u00e4dg\u00e5rd &amp; Fritid","article_modified_time":"2026-03-12T07:50:33+00:00","og_image":[{"width":2000,"height":2000,"url":"https:\/\/i0.wp.com\/truusk.se\/wp-content\/uploads\/2025\/11\/sideboard-med-push-to-open-dorrar-matskap-med-metallben-koksskap-mdf-svartnaturtra-1.webp?fit=2000%2C2000&ssl=1","type":"image\/webp"}],"twitter_card":"summary_large_image","twitter_misc":{"Ber\u00e4knad l\u00e4stid":"1 minut"},"schema":{"@context":"https:\/\/schema.org","@graph":[{"@type":"WebPage","@id":"https:\/\/truusk.store\/sv\/produkt\/truusk-koksskap-med-push-to-open-dorrar-matskap-med-metallben-modern-design-mdf-svartnaturtra\/","url":"https:\/\/truusk.store\/sv\/produkt\/truusk-koksskap-med-push-to-open-dorrar-matskap-med-metallben-modern-design-mdf-svartnaturtra\/","name":"TRUUSK K\u00f6kssk\u00e5p Med Push-to-open D\u00f6rrar - Matsk\u00e5p Med Metallben - Modern Design - MDF - Svart+Naturtr\u00e4 - TRUUSK - Hem, Tr\u00e4dg\u00e5rd &amp; Fritid","isPartOf":{"@id":"https:\/\/truusk.store\/sv\/#website"},"primaryImageOfPage":{"@id":"https:\/\/truusk.store\/sv\/produkt\/truusk-koksskap-med-push-to-open-dorrar-matskap-med-metallben-modern-design-mdf-svartnaturtra\/#primaryimage"},"image":{"@id":"https:\/\/truusk.store\/sv\/produkt\/truusk-koksskap-med-push-to-open-dorrar-matskap-med-metallben-modern-design-mdf-svartnaturtra\/#primaryimage"},"thumbnailUrl":"https:\/\/i0.wp.com\/truusk.store\/wp-content\/uploads\/2025\/11\/sideboard-med-push-to-open-dorrar-matskap-med-metallben-koksskap-mdf-svartnaturtra-1.webp?fit=2000%2C2000&ssl=1","datePublished":"2025-11-24T08:57:54+00:00","dateModified":"2026-03-12T07:50:33+00:00","breadcrumb":{"@id":"https:\/\/truusk.store\/sv\/produkt\/truusk-koksskap-med-push-to-open-dorrar-matskap-med-metallben-modern-design-mdf-svartnaturtra\/#breadcrumb"},"inLanguage":"sv-SE","potentialAction":[{"@type":"ReadAction","target":["https:\/\/truusk.store\/sv\/produkt\/truusk-koksskap-med-push-to-open-dorrar-matskap-med-metallben-modern-design-mdf-svartnaturtra\/"]}]},{"@type":"ImageObject","inLanguage":"sv-SE","@id":"https:\/\/truusk.store\/sv\/produkt\/truusk-koksskap-med-push-to-open-dorrar-matskap-med-metallben-modern-design-mdf-svartnaturtra\/#primaryimage","url":"https:\/\/i0.wp.com\/truusk.store\/wp-content\/uploads\/2025\/11\/sideboard-med-push-to-open-dorrar-matskap-med-metallben-koksskap-mdf-svartnaturtra-1.webp?fit=2000%2C2000&ssl=1","contentUrl":"https:\/\/i0.wp.com\/truusk.store\/wp-content\/uploads\/2025\/11\/sideboard-med-push-to-open-dorrar-matskap-med-metallben-koksskap-mdf-svartnaturtra-1.webp?fit=2000%2C2000&ssl=1","width":2000,"height":2000},{"@type":"BreadcrumbList","@id":"https:\/\/truusk.store\/sv\/produkt\/truusk-koksskap-med-push-to-open-dorrar-matskap-med-metallben-modern-design-mdf-svartnaturtra\/#breadcrumb","itemListElement":[{"@type":"ListItem","position":1,"name":"Home","item":"https:\/\/truusk.store\/sv\/"},{"@type":"ListItem","position":2,"name":"Shop","item":"https:\/\/truusk.store\/shop\/"},{"@type":"ListItem","position":3,"name":"TRUUSK K\u00f6kssk\u00e5p Med Push-to-open D\u00f6rrar &#8211; Matsk\u00e5p Med Metallben &#8211; Modern Design &#8211; MDF &#8211; Svart+Naturtr\u00e4"}]},{"@type":"WebSite","@id":"https:\/\/truusk.store\/sv\/#website","url":"https:\/\/truusk.store\/sv\/","name":"TRUUSK - Hem, Tr\u00e4dg\u00e5rd & Fritid","description":"","publisher":{"@id":"https:\/\/truusk.store\/sv\/#organization"},"potentialAction":[{"@type":"SearchAction","target":{"@type":"EntryPoint","urlTemplate":"https:\/\/truusk.store\/sv\/?s={search_term_string}"},"query-input":{"@type":"PropertyValueSpecification","valueRequired":true,"valueName":"search_term_string"}}],"inLanguage":"sv-SE"},{"@type":"Organization","@id":"https:\/\/truusk.store\/sv\/#organization","name":"TRUUSK - Hem, Tr\u00e4dg\u00e5rd & Fritid","url":"https:\/\/truusk.store\/sv\/","logo":{"@type":"ImageObject","inLanguage":"sv-SE","@id":"https:\/\/truusk.store\/sv\/#\/schema\/logo\/image\/","url":"https:\/\/i0.wp.com\/truusk.store\/wp-content\/uploads\/2026\/03\/cropped-TRUUSK.png?fit=2032%2C917&ssl=1","contentUrl":"https:\/\/i0.wp.com\/truusk.store\/wp-content\/uploads\/2026\/03\/cropped-TRUUSK.png?fit=2032%2C917&ssl=1","width":2032,"height":917,"caption":"TRUUSK - Hem, Tr\u00e4dg\u00e5rd & Fritid"},"image":{"@id":"https:\/\/truusk.store\/sv\/#\/schema\/logo\/image\/"}}]}},"jetpack_sharing_enabled":true,"_links":{"self":[{"href":"https:\/\/truusk.store\/sv\/wp-json\/wp\/v2\/product\/96630","targetHints":{"allow":["GET"]}}],"collection":[{"href":"https:\/\/truusk.store\/sv\/wp-json\/wp\/v2\/product"}],"about":[{"href":"https:\/\/truusk.store\/sv\/wp-json\/wp\/v2\/types\/product"}],"wp:featuredmedia":[{"embeddable":true,"href":"https:\/\/truusk.store\/sv\/wp-json\/wp\/v2\/media\/96620"}],"wp:attachment":[{"href":"https:\/\/truusk.store\/sv\/wp-json\/wp\/v2\/media?parent=96630"}],"wp:term":[{"taxonomy":"product_brand","embeddable":true,"href":"https:\/\/truusk.store\/sv\/wp-json\/wp\/v2\/product_brand?post=96630"},{"taxonomy":"product_cat","embeddable":true,"href":"https:\/\/truusk.store\/sv\/wp-json\/wp\/v2\/product_cat?post=96630"},{"taxonomy":"product_tag","embeddable":true,"href":"https:\/\/truusk.store\/sv\/wp-json\/wp\/v2\/product_tag?post=96630"}],"curies":[{"name":"wp","href":"https:\/\/api.w.org\/{rel}","templated":true}]}}