{"id":96651,"date":"2025-11-24T09:59:55","date_gmt":"2025-11-24T08:59:55","guid":{"rendered":"https:\/\/truusk.store\/product\/inomhus-klatterstallning-6-i-1-design-rutschkana-klatterstanger-klattervagg-stege-klatternat-3-6-ar-tra\/"},"modified":"2026-03-12T08:50:36","modified_gmt":"2026-03-12T07:50:36","slug":"truusk-inomhus-klatterstallning-6-i-1-design-rutschkana-klatterstanger-klattervagg-stege-klatternat-for-barn-3-6-ar","status":"publish","type":"product","link":"https:\/\/truusk.store\/sv\/produkt\/truusk-inomhus-klatterstallning-6-i-1-design-rutschkana-klatterstanger-klattervagg-stege-klatternat-for-barn-3-6-ar\/","title":{"rendered":"TRUUSK Inomhus Kl\u00e4tterst\u00e4llning &#8211; 6-i-1 Design &#8211; Rutschkana &#8211; Kl\u00e4tterst\u00e4nger &#8211; Kl\u00e4tterv\u00e4gg &#8211; Stege &#8211; Kl\u00e4ttern\u00e4t &#8211; F\u00f6r barn 3-6 \u00e5r"},"content":{"rendered":"<p>Otyglad energi kan l\u00e4tt g\u00f6ra barn rastl\u00f6sa \u2013 [BRAND NAME] \u00e4r l\u00f6sningen: P\u00e5 denna sl\u00e4ta kl\u00e4tterst\u00e4llning av naturligt tr\u00e4 utvecklar de balans och koordination genom lek. Det 6-i-1 inomhuskl\u00e4tterst\u00e4llningen m\u00f6jligg\u00f6r kl\u00e4ttring, rutschning och uppt\u00e4ckt i en s\u00e4ker milj\u00f6 och g\u00f6r varje dag till ett glatt \u00e4ventyr.<\/p>\n<p>Beskrivning:<\/p>\n<ul>\n<li> 6-i-1 design av kl\u00e4tterst\u00e4llningen med stege, n\u00e4t, ringar och rutschbana f\u00f6r stor lekgl\u00e4dje inomhus<\/li>\n<li> V\u00e4ndbar platta erbjuder en sl\u00e4t rutschbana och en utmanande kl\u00e4tterv\u00e4gg<\/li>\n<li> Inomhuskl\u00e4tterst\u00e4llningen fr\u00e4mjar k\u00e4rnstyrka, balans och koordination f\u00f6r ditt barns h\u00e4lsosamma tillv\u00e4xt<\/li>\n<li> Tillverkad av naturligt, lackfritt tr\u00e4 med sl\u00e4ta kanter f\u00f6r s\u00e4kert spel<\/li>\n<li> Robust triangul\u00e4r struktur av inomhuskl\u00e4tterst\u00e4llningen b\u00e4r s\u00e4kert upp till 50 kg, f\u00f6r gemensamt spel<\/li>\n<li> Frist\u00e5ende design av kl\u00e4tterst\u00e4llningen kan monteras p\u00e5 en timme och skyddar dina v\u00e4ggar och golv<\/li>\n<li> Montering kr\u00e4vs<\/li>\n<\/ul>\n<p> Tekniska data:<\/p>\n<ul>\n<li> F\u00e4rg: Naturtr\u00e4<\/li>\n<li> Material: Poppl\u00e4rk\u00e4rnplywood, furufiner<\/li>\n<li> Rutschbanans inre storlek: 125L x 36,5B cm<\/li>\n<li> Storlek p\u00e5 kl\u00e4tterblock: 11B x 6T cm (varje)<\/li>\n<li> Ringens inre diameter: \u00d86,8 cm<\/li>\n<li> Ringens yttre diameter: \u00d89,5 cm<\/li>\n<li> Maximal belastning: 50 kg<\/li>\n<li> Rekommenderad \u00e5lder: 3-6 \u00e5r<\/li>\n<li> Godk\u00e4nd \u00e5lder: 3+ \u00e5r<\/li>\n<\/ul>\n<p>Leverans inneh\u00e5ller:<\/p>\n<ul>\n<li> 1 x Inomhuskl\u00e4tterst\u00e4llning<\/li>\n<li> 1 x Bruksanvisning<\/li>\n<\/ul>\n","protected":false},"excerpt":{"rendered":"<p>Otyglad energi kan l\u00e4tt g\u00f6ra barn rastl\u00f6sa \u2013 [BRAND NAME] \u00e4r l\u00f6sningen: P\u00e5 denna sl\u00e4ta kl\u00e4tterst\u00e4llning av naturligt tr\u00e4 utvecklar&#8230;<\/p>\n","protected":false},"featured_media":96639,"template":"","meta":[],"product_brand":[],"product_cat":[880,918],"product_tag":[],"class_list":{"0":"post-96651","1":"product","2":"type-product","3":"status-publish","4":"has-post-thumbnail","6":"product_cat-baby-barn-2","7":"product_cat-leksaker","9":"first","10":"instock","11":"sale","12":"taxable","13":"shipping-taxable","14":"purchasable","15":"product-type-simple"},"yoast_head":"<!-- This site is optimized with the Yoast SEO plugin v25.4 - https:\/\/yoast.com\/wordpress\/plugins\/seo\/ -->\n<title>TRUUSK Inomhus Kl\u00e4tterst\u00e4llning - 6-i-1 Design - Rutschkana - Kl\u00e4tterst\u00e4nger - Kl\u00e4tterv\u00e4gg - Stege - Kl\u00e4ttern\u00e4t - F\u00f6r barn 3-6 \u00e5r - TRUUSK - Hem, Tr\u00e4dg\u00e5rd &amp; Fritid<\/title>\n<meta name=\"robots\" content=\"index, follow, max-snippet:-1, max-image-preview:large, max-video-preview:-1\" \/>\n<link rel=\"canonical\" href=\"https:\/\/truusk.store\/sv\/produkt\/truusk-inomhus-klatterstallning-6-i-1-design-rutschkana-klatterstanger-klattervagg-stege-klatternat-for-barn-3-6-ar\/\" \/>\n<meta property=\"og:locale\" content=\"sv_SE\" \/>\n<meta property=\"og:type\" content=\"article\" \/>\n<meta property=\"og:title\" content=\"TRUUSK Inomhus Kl\u00e4tterst\u00e4llning - 6-i-1 Design - Rutschkana - Kl\u00e4tterst\u00e4nger - Kl\u00e4tterv\u00e4gg - Stege - Kl\u00e4ttern\u00e4t - F\u00f6r barn 3-6 \u00e5r - TRUUSK - Hem, Tr\u00e4dg\u00e5rd &amp; Fritid\" \/>\n<meta property=\"og:description\" content=\"Otyglad energi kan l\u00e4tt g\u00f6ra barn rastl\u00f6sa \u2013 [BRAND NAME] \u00e4r l\u00f6sningen: P\u00e5 denna sl\u00e4ta kl\u00e4tterst\u00e4llning av naturligt tr\u00e4 utvecklar...\" \/>\n<meta property=\"og:url\" content=\"https:\/\/truusk.store\/sv\/produkt\/truusk-inomhus-klatterstallning-6-i-1-design-rutschkana-klatterstanger-klattervagg-stege-klatternat-for-barn-3-6-ar\/\" \/>\n<meta property=\"og:site_name\" content=\"TRUUSK - Hem, Tr\u00e4dg\u00e5rd &amp; Fritid\" \/>\n<meta property=\"article:modified_time\" content=\"2026-03-12T07:50:36+00:00\" \/>\n<meta property=\"og:image\" content=\"https:\/\/i0.wp.com\/truusk.se\/wp-content\/uploads\/2025\/11\/inomhus-klatterstallning-6-i-1-design-rutschkana-klatterstanger-klattervagg-stege-klatternat-3-6-ar-tra-1.webp?fit=2000%2C2000&ssl=1\" \/>\n\t<meta property=\"og:image:width\" content=\"2000\" \/>\n\t<meta property=\"og:image:height\" content=\"2000\" \/>\n\t<meta property=\"og:image:type\" content=\"image\/webp\" \/>\n<meta name=\"twitter:card\" content=\"summary_large_image\" \/>\n<meta name=\"twitter:label1\" content=\"Ber\u00e4knad l\u00e4stid\" \/>\n\t<meta name=\"twitter:data1\" content=\"1 minut\" \/>\n<!-- \/ Yoast SEO plugin. -->","yoast_head_json":{"title":"TRUUSK Inomhus Kl\u00e4tterst\u00e4llning - 6-i-1 Design - Rutschkana - Kl\u00e4tterst\u00e4nger - Kl\u00e4tterv\u00e4gg - Stege - Kl\u00e4ttern\u00e4t - F\u00f6r barn 3-6 \u00e5r - TRUUSK - Hem, Tr\u00e4dg\u00e5rd &amp; Fritid","robots":{"index":"index","follow":"follow","max-snippet":"max-snippet:-1","max-image-preview":"max-image-preview:large","max-video-preview":"max-video-preview:-1"},"canonical":"https:\/\/truusk.store\/sv\/produkt\/truusk-inomhus-klatterstallning-6-i-1-design-rutschkana-klatterstanger-klattervagg-stege-klatternat-for-barn-3-6-ar\/","og_locale":"sv_SE","og_type":"article","og_title":"TRUUSK Inomhus Kl\u00e4tterst\u00e4llning - 6-i-1 Design - Rutschkana - Kl\u00e4tterst\u00e4nger - Kl\u00e4tterv\u00e4gg - Stege - Kl\u00e4ttern\u00e4t - F\u00f6r barn 3-6 \u00e5r - TRUUSK - Hem, Tr\u00e4dg\u00e5rd &amp; Fritid","og_description":"Otyglad energi kan l\u00e4tt g\u00f6ra barn rastl\u00f6sa \u2013 [BRAND NAME] \u00e4r l\u00f6sningen: P\u00e5 denna sl\u00e4ta kl\u00e4tterst\u00e4llning av naturligt tr\u00e4 utvecklar...","og_url":"https:\/\/truusk.store\/sv\/produkt\/truusk-inomhus-klatterstallning-6-i-1-design-rutschkana-klatterstanger-klattervagg-stege-klatternat-for-barn-3-6-ar\/","og_site_name":"TRUUSK - Hem, Tr\u00e4dg\u00e5rd &amp; Fritid","article_modified_time":"2026-03-12T07:50:36+00:00","og_image":[{"width":2000,"height":2000,"url":"https:\/\/i0.wp.com\/truusk.se\/wp-content\/uploads\/2025\/11\/inomhus-klatterstallning-6-i-1-design-rutschkana-klatterstanger-klattervagg-stege-klatternat-3-6-ar-tra-1.webp?fit=2000%2C2000&ssl=1","type":"image\/webp"}],"twitter_card":"summary_large_image","twitter_misc":{"Ber\u00e4knad l\u00e4stid":"1 minut"},"schema":{"@context":"https:\/\/schema.org","@graph":[{"@type":"WebPage","@id":"https:\/\/truusk.store\/sv\/produkt\/truusk-inomhus-klatterstallning-6-i-1-design-rutschkana-klatterstanger-klattervagg-stege-klatternat-for-barn-3-6-ar\/","url":"https:\/\/truusk.store\/sv\/produkt\/truusk-inomhus-klatterstallning-6-i-1-design-rutschkana-klatterstanger-klattervagg-stege-klatternat-for-barn-3-6-ar\/","name":"TRUUSK Inomhus Kl\u00e4tterst\u00e4llning - 6-i-1 Design - Rutschkana - Kl\u00e4tterst\u00e4nger - Kl\u00e4tterv\u00e4gg - Stege - Kl\u00e4ttern\u00e4t - F\u00f6r barn 3-6 \u00e5r - TRUUSK - Hem, Tr\u00e4dg\u00e5rd &amp; Fritid","isPartOf":{"@id":"https:\/\/truusk.store\/sv\/#website"},"primaryImageOfPage":{"@id":"https:\/\/truusk.store\/sv\/produkt\/truusk-inomhus-klatterstallning-6-i-1-design-rutschkana-klatterstanger-klattervagg-stege-klatternat-for-barn-3-6-ar\/#primaryimage"},"image":{"@id":"https:\/\/truusk.store\/sv\/produkt\/truusk-inomhus-klatterstallning-6-i-1-design-rutschkana-klatterstanger-klattervagg-stege-klatternat-for-barn-3-6-ar\/#primaryimage"},"thumbnailUrl":"https:\/\/i0.wp.com\/truusk.store\/wp-content\/uploads\/2025\/11\/inomhus-klatterstallning-6-i-1-design-rutschkana-klatterstanger-klattervagg-stege-klatternat-3-6-ar-tra-1.webp?fit=2000%2C2000&ssl=1","datePublished":"2025-11-24T08:59:55+00:00","dateModified":"2026-03-12T07:50:36+00:00","breadcrumb":{"@id":"https:\/\/truusk.store\/sv\/produkt\/truusk-inomhus-klatterstallning-6-i-1-design-rutschkana-klatterstanger-klattervagg-stege-klatternat-for-barn-3-6-ar\/#breadcrumb"},"inLanguage":"sv-SE","potentialAction":[{"@type":"ReadAction","target":["https:\/\/truusk.store\/sv\/produkt\/truusk-inomhus-klatterstallning-6-i-1-design-rutschkana-klatterstanger-klattervagg-stege-klatternat-for-barn-3-6-ar\/"]}]},{"@type":"ImageObject","inLanguage":"sv-SE","@id":"https:\/\/truusk.store\/sv\/produkt\/truusk-inomhus-klatterstallning-6-i-1-design-rutschkana-klatterstanger-klattervagg-stege-klatternat-for-barn-3-6-ar\/#primaryimage","url":"https:\/\/i0.wp.com\/truusk.store\/wp-content\/uploads\/2025\/11\/inomhus-klatterstallning-6-i-1-design-rutschkana-klatterstanger-klattervagg-stege-klatternat-3-6-ar-tra-1.webp?fit=2000%2C2000&ssl=1","contentUrl":"https:\/\/i0.wp.com\/truusk.store\/wp-content\/uploads\/2025\/11\/inomhus-klatterstallning-6-i-1-design-rutschkana-klatterstanger-klattervagg-stege-klatternat-3-6-ar-tra-1.webp?fit=2000%2C2000&ssl=1","width":2000,"height":2000},{"@type":"BreadcrumbList","@id":"https:\/\/truusk.store\/sv\/produkt\/truusk-inomhus-klatterstallning-6-i-1-design-rutschkana-klatterstanger-klattervagg-stege-klatternat-for-barn-3-6-ar\/#breadcrumb","itemListElement":[{"@type":"ListItem","position":1,"name":"Home","item":"https:\/\/truusk.store\/sv\/"},{"@type":"ListItem","position":2,"name":"Shop","item":"https:\/\/truusk.store\/shop\/"},{"@type":"ListItem","position":3,"name":"TRUUSK Inomhus Kl\u00e4tterst\u00e4llning &#8211; 6-i-1 Design &#8211; Rutschkana &#8211; Kl\u00e4tterst\u00e4nger &#8211; Kl\u00e4tterv\u00e4gg &#8211; Stege &#8211; Kl\u00e4ttern\u00e4t &#8211; F\u00f6r barn 3-6 \u00e5r"}]},{"@type":"WebSite","@id":"https:\/\/truusk.store\/sv\/#website","url":"https:\/\/truusk.store\/sv\/","name":"TRUUSK - Hem, Tr\u00e4dg\u00e5rd & Fritid","description":"","publisher":{"@id":"https:\/\/truusk.store\/sv\/#organization"},"potentialAction":[{"@type":"SearchAction","target":{"@type":"EntryPoint","urlTemplate":"https:\/\/truusk.store\/sv\/?s={search_term_string}"},"query-input":{"@type":"PropertyValueSpecification","valueRequired":true,"valueName":"search_term_string"}}],"inLanguage":"sv-SE"},{"@type":"Organization","@id":"https:\/\/truusk.store\/sv\/#organization","name":"TRUUSK - Hem, Tr\u00e4dg\u00e5rd & Fritid","url":"https:\/\/truusk.store\/sv\/","logo":{"@type":"ImageObject","inLanguage":"sv-SE","@id":"https:\/\/truusk.store\/sv\/#\/schema\/logo\/image\/","url":"https:\/\/i0.wp.com\/truusk.store\/wp-content\/uploads\/2026\/03\/cropped-TRUUSK.png?fit=2032%2C917&ssl=1","contentUrl":"https:\/\/i0.wp.com\/truusk.store\/wp-content\/uploads\/2026\/03\/cropped-TRUUSK.png?fit=2032%2C917&ssl=1","width":2032,"height":917,"caption":"TRUUSK - Hem, Tr\u00e4dg\u00e5rd & Fritid"},"image":{"@id":"https:\/\/truusk.store\/sv\/#\/schema\/logo\/image\/"}}]}},"jetpack_sharing_enabled":true,"_links":{"self":[{"href":"https:\/\/truusk.store\/sv\/wp-json\/wp\/v2\/product\/96651","targetHints":{"allow":["GET"]}}],"collection":[{"href":"https:\/\/truusk.store\/sv\/wp-json\/wp\/v2\/product"}],"about":[{"href":"https:\/\/truusk.store\/sv\/wp-json\/wp\/v2\/types\/product"}],"wp:featuredmedia":[{"embeddable":true,"href":"https:\/\/truusk.store\/sv\/wp-json\/wp\/v2\/media\/96639"}],"wp:attachment":[{"href":"https:\/\/truusk.store\/sv\/wp-json\/wp\/v2\/media?parent=96651"}],"wp:term":[{"taxonomy":"product_brand","embeddable":true,"href":"https:\/\/truusk.store\/sv\/wp-json\/wp\/v2\/product_brand?post=96651"},{"taxonomy":"product_cat","embeddable":true,"href":"https:\/\/truusk.store\/sv\/wp-json\/wp\/v2\/product_cat?post=96651"},{"taxonomy":"product_tag","embeddable":true,"href":"https:\/\/truusk.store\/sv\/wp-json\/wp\/v2\/product_tag?post=96651"}],"curies":[{"name":"wp","href":"https:\/\/api.w.org\/{rel}","templated":true}]}}