{"id":96676,"date":"2025-11-24T10:02:41","date_gmt":"2025-11-24T09:02:41","guid":{"rendered":"https:\/\/truusk.store\/product\/garderobsset-for-entreomrade-skobank-spegel-3-krokar-oppen-hylla-hallmobler-naturligt-tragra\/"},"modified":"2026-03-12T08:50:36","modified_gmt":"2026-03-12T07:50:36","slug":"truusk-hallgarderobsset-skobank-med-spegel-3-krokar-oppen-hylla-naturligt-tra-och-gra-hallmobler","status":"publish","type":"product","link":"https:\/\/truusk.store\/sv\/produkt\/truusk-hallgarderobsset-skobank-med-spegel-3-krokar-oppen-hylla-naturligt-tra-och-gra-hallmobler\/","title":{"rendered":"TRUUSK Hallgarderobsset &#8211; Skob\u00e4nk med spegel &#8211; 3 krokar &#8211; \u00f6ppen hylla &#8211; Naturligt tr\u00e4 och gr\u00e5 &#8211; Hallm\u00f6bler"},"content":{"rendered":"<p>Lider du av en r\u00f6rig entr\u00e9? Denna vardagsstress lindras med [BRAND NAME] hallgarderobset: Genom dess innovativa split-design kan du anpassa arrangemanget individuellt. Hallgarderobsk\u00e5pet kombinerar spegel, krokar och en f\u00e4llbar skob\u00e4nk, s\u00e5 att varje objekt hittar sin plats. Se fram emot en inbjudande, v\u00e4lorganiserad entr\u00e9 med garderoben med skosk\u00e5p, som g\u00f6r varje ankomst avslappnad och varje avf\u00e4rd l\u00e4ttare.<\/p>\n<p>Beskrivning:<\/p>\n<ul>\n<li> Hallgarderobssk\u00e5pset kombinerar en spegel, krokar, en hylla, en b\u00e4nk och skof\u00f6rvaring<\/li>\n<li> Bekv\u00e4m b\u00e4nk i garderobsetet f\u00f6r enkel skobyte, kan b\u00e4ra upp till 70 kg<\/li>\n<li> Elegant tv\u00e5f\u00e4rgad design av hallgarderobsetet f\u00f6rb\u00e4ttrar inredningen i ditt hem<\/li>\n<li> Garderoben \u00e4r tillverkad av MDF och metallben, garanterar stabilitet och l\u00e5ngvarig anv\u00e4ndning<\/li>\n<li> Den h\u00f6jda basdesignen m\u00f6jligg\u00f6r enkel reng\u00f6ring under<\/li>\n<li> Montering kr\u00e4vs<\/li>\n<\/ul>\n<p> Tekniska data:<\/p>\n<ul>\n<li> F\u00e4rg: Naturtr\u00e4+Gr\u00e5<\/li>\n<li> Material: MDF, spegel, metall<\/li>\n<li> Storlek p\u00e5 v\u00e4ggmonterad sektion: 60L x 13,5B x 127,5H cm<\/li>\n<li> Skob\u00e4nkstorlek: 68L x 35B x 43H cm<\/li>\n<li> Storlek p\u00e5 \u00f6vre hylla: 60B x 10,5T cm<\/li>\n<li> Spegelstorlek: 29,8B x 110H cm<\/li>\n<li> Krokarstorlek: 8,6L x 4,7B cm<\/li>\n<li> Sitsstorlek: 68B x 35T cm<\/li>\n<li> Inre m\u00e5tt p\u00e5 f\u00e4llbar l\u00e5da: (\u00f6vre) 64,8B x 30,6T x 10,8H cm<\/li>\n<li> Inre m\u00e5tt p\u00e5 f\u00e4llbar l\u00e5da: (under) 64,8B x 31,1T x 18H cm<\/li>\n<li> H\u00f6jd fr\u00e5n golv till golv: 10 cm<\/li>\n<li> Maximal belastning: 95 kg (totalt), 70 kg (sits), 10 kg (hylla), 5 kg (\u00f6vre hylla), 3 kg (krokar)<\/li>\n<\/ul>\n<p>Leveransinneh\u00e5ll:<\/p>\n<ul>\n<li> 1 x v\u00e4ggmonteringsplatta<\/li>\n<li> 1 x skob\u00e4nk<\/li>\n<li> 1 x bruksanvisning<\/li>\n<\/ul>\n","protected":false},"excerpt":{"rendered":"<p>Lider du av en r\u00f6rig entr\u00e9? Denna vardagsstress lindras med [BRAND NAME] hallgarderobset: Genom dess innovativa split-design kan du anpassa&#8230;<\/p>\n","protected":false},"featured_media":96661,"template":"","meta":[],"product_brand":[],"product_cat":[893,871,560],"product_tag":[],"class_list":{"0":"post-96676","1":"product","2":"type-product","3":"status-publish","4":"has-post-thumbnail","6":"product_cat-garderob-hall","7":"product_cat-hus-hem","8":"product_cat-kladhangare","10":"first","11":"instock","12":"sale","13":"taxable","14":"shipping-taxable","15":"purchasable","16":"product-type-simple"},"yoast_head":"<!-- This site is optimized with the Yoast SEO plugin v25.4 - https:\/\/yoast.com\/wordpress\/plugins\/seo\/ -->\n<title>TRUUSK Hallgarderobsset - Skob\u00e4nk med spegel - 3 krokar - \u00f6ppen hylla - Naturligt tr\u00e4 och gr\u00e5 - Hallm\u00f6bler - TRUUSK - Hem, Tr\u00e4dg\u00e5rd &amp; Fritid<\/title>\n<meta name=\"robots\" content=\"index, follow, max-snippet:-1, max-image-preview:large, max-video-preview:-1\" \/>\n<link rel=\"canonical\" href=\"https:\/\/truusk.store\/sv\/produkt\/truusk-hallgarderobsset-skobank-med-spegel-3-krokar-oppen-hylla-naturligt-tra-och-gra-hallmobler\/\" \/>\n<meta property=\"og:locale\" content=\"sv_SE\" \/>\n<meta property=\"og:type\" content=\"article\" \/>\n<meta property=\"og:title\" content=\"TRUUSK Hallgarderobsset - Skob\u00e4nk med spegel - 3 krokar - \u00f6ppen hylla - Naturligt tr\u00e4 och gr\u00e5 - Hallm\u00f6bler - TRUUSK - Hem, Tr\u00e4dg\u00e5rd &amp; Fritid\" \/>\n<meta property=\"og:description\" content=\"Lider du av en r\u00f6rig entr\u00e9? Denna vardagsstress lindras med [BRAND NAME] hallgarderobset: Genom dess innovativa split-design kan du anpassa...\" \/>\n<meta property=\"og:url\" content=\"https:\/\/truusk.store\/sv\/produkt\/truusk-hallgarderobsset-skobank-med-spegel-3-krokar-oppen-hylla-naturligt-tra-och-gra-hallmobler\/\" \/>\n<meta property=\"og:site_name\" content=\"TRUUSK - Hem, Tr\u00e4dg\u00e5rd &amp; Fritid\" \/>\n<meta property=\"article:modified_time\" content=\"2026-03-12T07:50:36+00:00\" \/>\n<meta property=\"og:image\" content=\"https:\/\/i0.wp.com\/truusk.se\/wp-content\/uploads\/2025\/11\/garderobsset-for-entreomrade-skobank-spegel-3-krokar-oppen-hylla-hallmobler-naturligt-tragra-1.webp?fit=2000%2C2000&ssl=1\" \/>\n\t<meta property=\"og:image:width\" content=\"2000\" \/>\n\t<meta property=\"og:image:height\" content=\"2000\" \/>\n\t<meta property=\"og:image:type\" content=\"image\/webp\" \/>\n<meta name=\"twitter:card\" content=\"summary_large_image\" \/>\n<meta name=\"twitter:label1\" content=\"Ber\u00e4knad l\u00e4stid\" \/>\n\t<meta name=\"twitter:data1\" content=\"1 minut\" \/>\n<!-- \/ Yoast SEO plugin. -->","yoast_head_json":{"title":"TRUUSK Hallgarderobsset - Skob\u00e4nk med spegel - 3 krokar - \u00f6ppen hylla - Naturligt tr\u00e4 och gr\u00e5 - Hallm\u00f6bler - TRUUSK - Hem, Tr\u00e4dg\u00e5rd &amp; Fritid","robots":{"index":"index","follow":"follow","max-snippet":"max-snippet:-1","max-image-preview":"max-image-preview:large","max-video-preview":"max-video-preview:-1"},"canonical":"https:\/\/truusk.store\/sv\/produkt\/truusk-hallgarderobsset-skobank-med-spegel-3-krokar-oppen-hylla-naturligt-tra-och-gra-hallmobler\/","og_locale":"sv_SE","og_type":"article","og_title":"TRUUSK Hallgarderobsset - Skob\u00e4nk med spegel - 3 krokar - \u00f6ppen hylla - Naturligt tr\u00e4 och gr\u00e5 - Hallm\u00f6bler - TRUUSK - Hem, Tr\u00e4dg\u00e5rd &amp; Fritid","og_description":"Lider du av en r\u00f6rig entr\u00e9? Denna vardagsstress lindras med [BRAND NAME] hallgarderobset: Genom dess innovativa split-design kan du anpassa...","og_url":"https:\/\/truusk.store\/sv\/produkt\/truusk-hallgarderobsset-skobank-med-spegel-3-krokar-oppen-hylla-naturligt-tra-och-gra-hallmobler\/","og_site_name":"TRUUSK - Hem, Tr\u00e4dg\u00e5rd &amp; Fritid","article_modified_time":"2026-03-12T07:50:36+00:00","og_image":[{"width":2000,"height":2000,"url":"https:\/\/i0.wp.com\/truusk.se\/wp-content\/uploads\/2025\/11\/garderobsset-for-entreomrade-skobank-spegel-3-krokar-oppen-hylla-hallmobler-naturligt-tragra-1.webp?fit=2000%2C2000&ssl=1","type":"image\/webp"}],"twitter_card":"summary_large_image","twitter_misc":{"Ber\u00e4knad l\u00e4stid":"1 minut"},"schema":{"@context":"https:\/\/schema.org","@graph":[{"@type":"WebPage","@id":"https:\/\/truusk.store\/sv\/produkt\/truusk-hallgarderobsset-skobank-med-spegel-3-krokar-oppen-hylla-naturligt-tra-och-gra-hallmobler\/","url":"https:\/\/truusk.store\/sv\/produkt\/truusk-hallgarderobsset-skobank-med-spegel-3-krokar-oppen-hylla-naturligt-tra-och-gra-hallmobler\/","name":"TRUUSK Hallgarderobsset - Skob\u00e4nk med spegel - 3 krokar - \u00f6ppen hylla - Naturligt tr\u00e4 och gr\u00e5 - Hallm\u00f6bler - TRUUSK - Hem, Tr\u00e4dg\u00e5rd &amp; Fritid","isPartOf":{"@id":"https:\/\/truusk.store\/sv\/#website"},"primaryImageOfPage":{"@id":"https:\/\/truusk.store\/sv\/produkt\/truusk-hallgarderobsset-skobank-med-spegel-3-krokar-oppen-hylla-naturligt-tra-och-gra-hallmobler\/#primaryimage"},"image":{"@id":"https:\/\/truusk.store\/sv\/produkt\/truusk-hallgarderobsset-skobank-med-spegel-3-krokar-oppen-hylla-naturligt-tra-och-gra-hallmobler\/#primaryimage"},"thumbnailUrl":"https:\/\/i0.wp.com\/truusk.store\/wp-content\/uploads\/2025\/11\/garderobsset-for-entreomrade-skobank-spegel-3-krokar-oppen-hylla-hallmobler-naturligt-tragra-1.webp?fit=2000%2C2000&ssl=1","datePublished":"2025-11-24T09:02:41+00:00","dateModified":"2026-03-12T07:50:36+00:00","breadcrumb":{"@id":"https:\/\/truusk.store\/sv\/produkt\/truusk-hallgarderobsset-skobank-med-spegel-3-krokar-oppen-hylla-naturligt-tra-och-gra-hallmobler\/#breadcrumb"},"inLanguage":"sv-SE","potentialAction":[{"@type":"ReadAction","target":["https:\/\/truusk.store\/sv\/produkt\/truusk-hallgarderobsset-skobank-med-spegel-3-krokar-oppen-hylla-naturligt-tra-och-gra-hallmobler\/"]}]},{"@type":"ImageObject","inLanguage":"sv-SE","@id":"https:\/\/truusk.store\/sv\/produkt\/truusk-hallgarderobsset-skobank-med-spegel-3-krokar-oppen-hylla-naturligt-tra-och-gra-hallmobler\/#primaryimage","url":"https:\/\/i0.wp.com\/truusk.store\/wp-content\/uploads\/2025\/11\/garderobsset-for-entreomrade-skobank-spegel-3-krokar-oppen-hylla-hallmobler-naturligt-tragra-1.webp?fit=2000%2C2000&ssl=1","contentUrl":"https:\/\/i0.wp.com\/truusk.store\/wp-content\/uploads\/2025\/11\/garderobsset-for-entreomrade-skobank-spegel-3-krokar-oppen-hylla-hallmobler-naturligt-tragra-1.webp?fit=2000%2C2000&ssl=1","width":2000,"height":2000},{"@type":"BreadcrumbList","@id":"https:\/\/truusk.store\/sv\/produkt\/truusk-hallgarderobsset-skobank-med-spegel-3-krokar-oppen-hylla-naturligt-tra-och-gra-hallmobler\/#breadcrumb","itemListElement":[{"@type":"ListItem","position":1,"name":"Home","item":"https:\/\/truusk.store\/sv\/"},{"@type":"ListItem","position":2,"name":"Shop","item":"https:\/\/truusk.store\/shop\/"},{"@type":"ListItem","position":3,"name":"TRUUSK Hallgarderobsset &#8211; Skob\u00e4nk med spegel &#8211; 3 krokar &#8211; \u00f6ppen hylla &#8211; Naturligt tr\u00e4 och gr\u00e5 &#8211; Hallm\u00f6bler"}]},{"@type":"WebSite","@id":"https:\/\/truusk.store\/sv\/#website","url":"https:\/\/truusk.store\/sv\/","name":"TRUUSK - Hem, Tr\u00e4dg\u00e5rd & Fritid","description":"","publisher":{"@id":"https:\/\/truusk.store\/sv\/#organization"},"potentialAction":[{"@type":"SearchAction","target":{"@type":"EntryPoint","urlTemplate":"https:\/\/truusk.store\/sv\/?s={search_term_string}"},"query-input":{"@type":"PropertyValueSpecification","valueRequired":true,"valueName":"search_term_string"}}],"inLanguage":"sv-SE"},{"@type":"Organization","@id":"https:\/\/truusk.store\/sv\/#organization","name":"TRUUSK - Hem, Tr\u00e4dg\u00e5rd & Fritid","url":"https:\/\/truusk.store\/sv\/","logo":{"@type":"ImageObject","inLanguage":"sv-SE","@id":"https:\/\/truusk.store\/sv\/#\/schema\/logo\/image\/","url":"https:\/\/i0.wp.com\/truusk.store\/wp-content\/uploads\/2026\/03\/cropped-TRUUSK.png?fit=2032%2C917&ssl=1","contentUrl":"https:\/\/i0.wp.com\/truusk.store\/wp-content\/uploads\/2026\/03\/cropped-TRUUSK.png?fit=2032%2C917&ssl=1","width":2032,"height":917,"caption":"TRUUSK - Hem, Tr\u00e4dg\u00e5rd & Fritid"},"image":{"@id":"https:\/\/truusk.store\/sv\/#\/schema\/logo\/image\/"}}]}},"jetpack_sharing_enabled":true,"_links":{"self":[{"href":"https:\/\/truusk.store\/sv\/wp-json\/wp\/v2\/product\/96676","targetHints":{"allow":["GET"]}}],"collection":[{"href":"https:\/\/truusk.store\/sv\/wp-json\/wp\/v2\/product"}],"about":[{"href":"https:\/\/truusk.store\/sv\/wp-json\/wp\/v2\/types\/product"}],"wp:featuredmedia":[{"embeddable":true,"href":"https:\/\/truusk.store\/sv\/wp-json\/wp\/v2\/media\/96661"}],"wp:attachment":[{"href":"https:\/\/truusk.store\/sv\/wp-json\/wp\/v2\/media?parent=96676"}],"wp:term":[{"taxonomy":"product_brand","embeddable":true,"href":"https:\/\/truusk.store\/sv\/wp-json\/wp\/v2\/product_brand?post=96676"},{"taxonomy":"product_cat","embeddable":true,"href":"https:\/\/truusk.store\/sv\/wp-json\/wp\/v2\/product_cat?post=96676"},{"taxonomy":"product_tag","embeddable":true,"href":"https:\/\/truusk.store\/sv\/wp-json\/wp\/v2\/product_tag?post=96676"}],"curies":[{"name":"wp","href":"https:\/\/api.w.org\/{rel}","templated":true}]}}