{"id":96701,"date":"2025-11-24T10:04:56","date_gmt":"2025-11-24T09:04:56","guid":{"rendered":"https:\/\/truusk.store\/product\/golvlampa-med-pappersskarm-fotomkopplare-3-ljusstyrkenivaer-vit\/"},"modified":"2026-03-12T08:50:38","modified_gmt":"2026-03-12T07:50:38","slug":"truusk-golvlampa-med-pappersskarm-fotomkopplare-3-ljusstyrkenivaer-vit","status":"publish","type":"product","link":"https:\/\/truusk.store\/sv\/produkt\/truusk-golvlampa-med-pappersskarm-fotomkopplare-3-ljusstyrkenivaer-vit\/","title":{"rendered":"TRUUSK Golvlampa med Papperssk\u00e4rm &#8211; Fotomkopplare &#8211; 3 Ljusstyrkeniv\u00e5er &#8211; Vit"},"content":{"rendered":"<p>Lider du av standardbelysning som inte k\u00e4nns varm och inbjudande? Ditt rum k\u00e4nns kallt och avvisande utan r\u00e4tt atmosf\u00e4r f\u00f6r avkoppling eller koncentration. [BRAND NAME] golvlampa f\u00f6r\u00e4ndrar din atmosf\u00e4r med sin robusta, papperliknande plast som visar fascinerande m\u00f6nster n\u00e4r ljuset dimmas. Tryck bara p\u00e5 fotstr\u00f6mbrytaren f\u00f6r att v\u00e4xla mellan tre ljusstyrkor och skapa den \u00f6nskade atmosf\u00e4ren med denna stilfulla golvlampa.<\/p>\n<p>Beskrivning:<\/p>\n<ul>\n<li> Tillverkad av en h\u00e5llbar plastsk\u00e4rm i papperlook som ger l\u00e5ngvarig, l\u00e4tt att reng\u00f6ra sk\u00f6nhet.<\/li>\n<li> Justera ljusstyrkan f\u00f6r att avsl\u00f6ja dynamiska m\u00f6nster som skapar en unik konstn\u00e4rlig atmosf\u00e4r<\/li>\n<li> Har en praktisk fotstr\u00f6mbrytare f\u00f6r golvlampan f\u00f6r 3 ljusstyrkor, passar f\u00f6r alla scener<\/li>\n<li> Dess eleganta skyskrapa-design berikar ditt rum med en modern touch<\/li>\n<li> Uts\u00e4nder varmt, flimmerfritt ljus med 3000K, skyddar dina \u00f6gon fr\u00e5n anstr\u00e4ngning och tr\u00f6tthet<\/li>\n<li> Enkel montering utan verktyg p\u00e5 bara 15 minuter<\/li>\n<\/ul>\n<p> Tekniska specifikationer:<\/p>\n<ul>\n<li> F\u00e4rg: Silverton+Vit<\/li>\n<li> Material: St\u00e5l, plast i papperlook<\/li>\n<li> Totala dimensioner: 25L x 25B x 129H cm<\/li>\n<li> Lampsk\u00e4rmsstorlek: 20L x 20B x 127H cm<\/li>\n<li> LED-effekt: 10,5 W<\/li>\n<li> Ljusfl\u00f6de: 900 lm<\/li>\n<li> F\u00e4rgtemperatur: 3000 K<\/li>\n<li> Ing\u00e5ngssp\u00e4nning: AC 220-240V 50Hz<\/li>\n<li> Utg\u00e5ngseffekt f\u00f6r str\u00f6mf\u00f6rs\u00f6rjning: DC 12V, 1A, 12W<\/li>\n<li> L\u00e4ngd p\u00e5 str\u00f6mkabel: 1,8 m<\/li>\n<li> Energiklass: F<\/li>\n<\/ul>\n<p>Ing\u00e5r:<\/p>\n<ul>\n<li> 1 x Golvlampa<\/li>\n<li> 1 x Bruksanvisning<\/li>\n<\/ul>\n","protected":false},"excerpt":{"rendered":"<p>Lider du av standardbelysning som inte k\u00e4nns varm och inbjudande? Ditt rum k\u00e4nns kallt och avvisande utan r\u00e4tt atmosf\u00e4r f\u00f6r&#8230;<\/p>\n","protected":false},"featured_media":96690,"template":"","meta":[],"product_brand":[],"product_cat":[486,907,871],"product_tag":[],"class_list":{"0":"post-96701","1":"product","2":"type-product","3":"status-publish","4":"has-post-thumbnail","6":"product_cat-belysning","7":"product_cat-golvlampor","8":"product_cat-hus-hem","10":"first","11":"instock","12":"sale","13":"taxable","14":"shipping-taxable","15":"purchasable","16":"product-type-simple"},"yoast_head":"<!-- This site is optimized with the Yoast SEO plugin v25.4 - https:\/\/yoast.com\/wordpress\/plugins\/seo\/ -->\n<title>TRUUSK Golvlampa med Papperssk\u00e4rm - Fotomkopplare - 3 Ljusstyrkeniv\u00e5er - Vit - TRUUSK - Hem, Tr\u00e4dg\u00e5rd &amp; Fritid<\/title>\n<meta name=\"robots\" content=\"index, follow, max-snippet:-1, max-image-preview:large, max-video-preview:-1\" \/>\n<link rel=\"canonical\" href=\"https:\/\/truusk.store\/sv\/produkt\/truusk-golvlampa-med-pappersskarm-fotomkopplare-3-ljusstyrkenivaer-vit\/\" \/>\n<meta property=\"og:locale\" content=\"sv_SE\" \/>\n<meta property=\"og:type\" content=\"article\" \/>\n<meta property=\"og:title\" content=\"TRUUSK Golvlampa med Papperssk\u00e4rm - Fotomkopplare - 3 Ljusstyrkeniv\u00e5er - Vit - TRUUSK - Hem, Tr\u00e4dg\u00e5rd &amp; Fritid\" \/>\n<meta property=\"og:description\" content=\"Lider du av standardbelysning som inte k\u00e4nns varm och inbjudande? Ditt rum k\u00e4nns kallt och avvisande utan r\u00e4tt atmosf\u00e4r f\u00f6r...\" \/>\n<meta property=\"og:url\" content=\"https:\/\/truusk.store\/sv\/produkt\/truusk-golvlampa-med-pappersskarm-fotomkopplare-3-ljusstyrkenivaer-vit\/\" \/>\n<meta property=\"og:site_name\" content=\"TRUUSK - Hem, Tr\u00e4dg\u00e5rd &amp; Fritid\" \/>\n<meta property=\"article:modified_time\" content=\"2026-03-12T07:50:38+00:00\" \/>\n<meta property=\"og:image\" content=\"https:\/\/i0.wp.com\/truusk.se\/wp-content\/uploads\/2025\/11\/golvlampa-med-pappersskarm-fotomkopplare-3-ljusstyrkenivaer-vit-1.webp?fit=2000%2C2000&ssl=1\" \/>\n\t<meta property=\"og:image:width\" content=\"2000\" \/>\n\t<meta property=\"og:image:height\" content=\"2000\" \/>\n\t<meta property=\"og:image:type\" content=\"image\/webp\" \/>\n<meta name=\"twitter:card\" content=\"summary_large_image\" \/>\n<meta name=\"twitter:label1\" content=\"Ber\u00e4knad l\u00e4stid\" \/>\n\t<meta name=\"twitter:data1\" content=\"1 minut\" \/>\n<!-- \/ Yoast SEO plugin. -->","yoast_head_json":{"title":"TRUUSK Golvlampa med Papperssk\u00e4rm - Fotomkopplare - 3 Ljusstyrkeniv\u00e5er - Vit - TRUUSK - Hem, Tr\u00e4dg\u00e5rd &amp; Fritid","robots":{"index":"index","follow":"follow","max-snippet":"max-snippet:-1","max-image-preview":"max-image-preview:large","max-video-preview":"max-video-preview:-1"},"canonical":"https:\/\/truusk.store\/sv\/produkt\/truusk-golvlampa-med-pappersskarm-fotomkopplare-3-ljusstyrkenivaer-vit\/","og_locale":"sv_SE","og_type":"article","og_title":"TRUUSK Golvlampa med Papperssk\u00e4rm - Fotomkopplare - 3 Ljusstyrkeniv\u00e5er - Vit - TRUUSK - Hem, Tr\u00e4dg\u00e5rd &amp; Fritid","og_description":"Lider du av standardbelysning som inte k\u00e4nns varm och inbjudande? Ditt rum k\u00e4nns kallt och avvisande utan r\u00e4tt atmosf\u00e4r f\u00f6r...","og_url":"https:\/\/truusk.store\/sv\/produkt\/truusk-golvlampa-med-pappersskarm-fotomkopplare-3-ljusstyrkenivaer-vit\/","og_site_name":"TRUUSK - Hem, Tr\u00e4dg\u00e5rd &amp; Fritid","article_modified_time":"2026-03-12T07:50:38+00:00","og_image":[{"width":2000,"height":2000,"url":"https:\/\/i0.wp.com\/truusk.se\/wp-content\/uploads\/2025\/11\/golvlampa-med-pappersskarm-fotomkopplare-3-ljusstyrkenivaer-vit-1.webp?fit=2000%2C2000&ssl=1","type":"image\/webp"}],"twitter_card":"summary_large_image","twitter_misc":{"Ber\u00e4knad l\u00e4stid":"1 minut"},"schema":{"@context":"https:\/\/schema.org","@graph":[{"@type":"WebPage","@id":"https:\/\/truusk.store\/sv\/produkt\/truusk-golvlampa-med-pappersskarm-fotomkopplare-3-ljusstyrkenivaer-vit\/","url":"https:\/\/truusk.store\/sv\/produkt\/truusk-golvlampa-med-pappersskarm-fotomkopplare-3-ljusstyrkenivaer-vit\/","name":"TRUUSK Golvlampa med Papperssk\u00e4rm - Fotomkopplare - 3 Ljusstyrkeniv\u00e5er - Vit - TRUUSK - Hem, Tr\u00e4dg\u00e5rd &amp; Fritid","isPartOf":{"@id":"https:\/\/truusk.store\/sv\/#website"},"primaryImageOfPage":{"@id":"https:\/\/truusk.store\/sv\/produkt\/truusk-golvlampa-med-pappersskarm-fotomkopplare-3-ljusstyrkenivaer-vit\/#primaryimage"},"image":{"@id":"https:\/\/truusk.store\/sv\/produkt\/truusk-golvlampa-med-pappersskarm-fotomkopplare-3-ljusstyrkenivaer-vit\/#primaryimage"},"thumbnailUrl":"https:\/\/i0.wp.com\/truusk.store\/wp-content\/uploads\/2025\/11\/golvlampa-med-pappersskarm-fotomkopplare-3-ljusstyrkenivaer-vit-1.webp?fit=2000%2C2000&ssl=1","datePublished":"2025-11-24T09:04:56+00:00","dateModified":"2026-03-12T07:50:38+00:00","breadcrumb":{"@id":"https:\/\/truusk.store\/sv\/produkt\/truusk-golvlampa-med-pappersskarm-fotomkopplare-3-ljusstyrkenivaer-vit\/#breadcrumb"},"inLanguage":"sv-SE","potentialAction":[{"@type":"ReadAction","target":["https:\/\/truusk.store\/sv\/produkt\/truusk-golvlampa-med-pappersskarm-fotomkopplare-3-ljusstyrkenivaer-vit\/"]}]},{"@type":"ImageObject","inLanguage":"sv-SE","@id":"https:\/\/truusk.store\/sv\/produkt\/truusk-golvlampa-med-pappersskarm-fotomkopplare-3-ljusstyrkenivaer-vit\/#primaryimage","url":"https:\/\/i0.wp.com\/truusk.store\/wp-content\/uploads\/2025\/11\/golvlampa-med-pappersskarm-fotomkopplare-3-ljusstyrkenivaer-vit-1.webp?fit=2000%2C2000&ssl=1","contentUrl":"https:\/\/i0.wp.com\/truusk.store\/wp-content\/uploads\/2025\/11\/golvlampa-med-pappersskarm-fotomkopplare-3-ljusstyrkenivaer-vit-1.webp?fit=2000%2C2000&ssl=1","width":2000,"height":2000},{"@type":"BreadcrumbList","@id":"https:\/\/truusk.store\/sv\/produkt\/truusk-golvlampa-med-pappersskarm-fotomkopplare-3-ljusstyrkenivaer-vit\/#breadcrumb","itemListElement":[{"@type":"ListItem","position":1,"name":"Home","item":"https:\/\/truusk.store\/sv\/"},{"@type":"ListItem","position":2,"name":"Shop","item":"https:\/\/truusk.store\/shop\/"},{"@type":"ListItem","position":3,"name":"TRUUSK Golvlampa med Papperssk\u00e4rm &#8211; Fotomkopplare &#8211; 3 Ljusstyrkeniv\u00e5er &#8211; Vit"}]},{"@type":"WebSite","@id":"https:\/\/truusk.store\/sv\/#website","url":"https:\/\/truusk.store\/sv\/","name":"TRUUSK - Hem, Tr\u00e4dg\u00e5rd & Fritid","description":"","publisher":{"@id":"https:\/\/truusk.store\/sv\/#organization"},"potentialAction":[{"@type":"SearchAction","target":{"@type":"EntryPoint","urlTemplate":"https:\/\/truusk.store\/sv\/?s={search_term_string}"},"query-input":{"@type":"PropertyValueSpecification","valueRequired":true,"valueName":"search_term_string"}}],"inLanguage":"sv-SE"},{"@type":"Organization","@id":"https:\/\/truusk.store\/sv\/#organization","name":"TRUUSK - Hem, Tr\u00e4dg\u00e5rd & Fritid","url":"https:\/\/truusk.store\/sv\/","logo":{"@type":"ImageObject","inLanguage":"sv-SE","@id":"https:\/\/truusk.store\/sv\/#\/schema\/logo\/image\/","url":"https:\/\/i0.wp.com\/truusk.store\/wp-content\/uploads\/2026\/03\/cropped-TRUUSK.png?fit=2032%2C917&ssl=1","contentUrl":"https:\/\/i0.wp.com\/truusk.store\/wp-content\/uploads\/2026\/03\/cropped-TRUUSK.png?fit=2032%2C917&ssl=1","width":2032,"height":917,"caption":"TRUUSK - Hem, Tr\u00e4dg\u00e5rd & Fritid"},"image":{"@id":"https:\/\/truusk.store\/sv\/#\/schema\/logo\/image\/"}}]}},"jetpack_sharing_enabled":true,"_links":{"self":[{"href":"https:\/\/truusk.store\/sv\/wp-json\/wp\/v2\/product\/96701","targetHints":{"allow":["GET"]}}],"collection":[{"href":"https:\/\/truusk.store\/sv\/wp-json\/wp\/v2\/product"}],"about":[{"href":"https:\/\/truusk.store\/sv\/wp-json\/wp\/v2\/types\/product"}],"wp:featuredmedia":[{"embeddable":true,"href":"https:\/\/truusk.store\/sv\/wp-json\/wp\/v2\/media\/96690"}],"wp:attachment":[{"href":"https:\/\/truusk.store\/sv\/wp-json\/wp\/v2\/media?parent=96701"}],"wp:term":[{"taxonomy":"product_brand","embeddable":true,"href":"https:\/\/truusk.store\/sv\/wp-json\/wp\/v2\/product_brand?post=96701"},{"taxonomy":"product_cat","embeddable":true,"href":"https:\/\/truusk.store\/sv\/wp-json\/wp\/v2\/product_cat?post=96701"},{"taxonomy":"product_tag","embeddable":true,"href":"https:\/\/truusk.store\/sv\/wp-json\/wp\/v2\/product_tag?post=96701"}],"curies":[{"name":"wp","href":"https:\/\/api.w.org\/{rel}","templated":true}]}}