{"id":96711,"date":"2025-11-24T10:05:58","date_gmt":"2025-11-24T09:05:58","guid":{"rendered":"https:\/\/truusk.store\/product\/modernt-sideboard-med-soft-close-dorrar-buffeskap-med-3-lador-2-glasdorrar-justerbara-hyllor-mdf-vit\/"},"modified":"2026-03-12T08:50:39","modified_gmt":"2026-03-12T07:50:39","slug":"truusk-modernt-skap-med-soft-close-dorrar-buffeskap-med-3-lador-2-glasdorrar-justerbara-hyllor-mdf-vit","status":"publish","type":"product","link":"https:\/\/truusk.store\/sv\/produkt\/truusk-modernt-skap-med-soft-close-dorrar-buffeskap-med-3-lador-2-glasdorrar-justerbara-hyllor-mdf-vit\/","title":{"rendered":"TRUUSK Modernt Sk\u00e5p Med Soft-close-d\u00f6rrar &#8211; Buff\u00e9sk\u00e5p Med 3 L\u00e5dor &#8211; 2 Glasd\u00f6rrar &#8211; Justerbara Hyllor &#8211; MDF &#8211; Vit"},"content":{"rendered":"<p>\u00c4r ditt matrum eller entr\u00e9omr\u00e5de \u00f6verfullt? [BRAND NAME] k\u00f6kssk\u00e5p med arbetsyta \u00e5terst\u00e4ller ordningen. Med tre l\u00e5dor och glasd\u00f6rrsk\u00e5p st\u00e4dar k\u00f6ksbuff\u00e9n upp olika utrymmen elegant och fungerar vid behov \u00e4ven som en chic kaffebardisk eller k\u00f6ksbyr\u00e5 i entr\u00e9omr\u00e5det.<\/p>\n<p>Beskrivning:<\/p>\n<ul>\n<li> 3 l\u00e5dor och 2 sk\u00e5p med justerbara hyllor f\u00f6r individuell organisation<\/li>\n<li> Vit yta med svarta handtag och ben samt glasd\u00f6rrar<\/li>\n<li> Soft-Close-g\u00e5ngj\u00e4rn p\u00e5 k\u00f6ksbuff\u00e9n s\u00e4kerst\u00e4ller tyst drift och f\u00f6rhindrar att d\u00f6rrar sl\u00e5r igen<\/li>\n<li> Kan anv\u00e4ndas som sideboard, kaffebarsk\u00e5p, vardagsrumssk\u00e5p eller hallbyr\u00e5<\/li>\n<li> K\u00f6kssk\u00e5pet med arbetsyta inneh\u00e5ller anti-tip-set och halkskydd f\u00f6r \u00f6kad s\u00e4kerhet<\/li>\n<li> MDF-ramen p\u00e5 k\u00f6ksbyr\u00e5n b\u00e4r upp till 75 kg och melaminytan g\u00f6r reng\u00f6ring enkel<\/li>\n<li> 15 cm h\u00f6ga ben p\u00e5 k\u00f6kssk\u00e5pet m\u00f6jligg\u00f6r enkel reng\u00f6ring under<\/li>\n<li> Montering kr\u00e4vs<\/li>\n<\/ul>\n<p> Tekniska data:<\/p>\n<ul>\n<li> F\u00e4rg: Vit<\/li>\n<li> Material: MDF, Glas<\/li>\n<li> Totala dimensioner: 90B x 38T x 86H cm<\/li>\n<li> Inre l\u00e5dm\u00e5tt: 21,8B x 28,7T x 12H cm<\/li>\n<li> Sk\u00e5p inre: 27,7B x 32,8T x 68H cm<\/li>\n<li> Markfrig\u00e5ng: 15H cm<\/li>\n<li> Maximal belastning: 75 kg (totalt), 20 kg (\u00f6verdel), 10 kg (hylla), 5 kg (l\u00e5da)<\/li>\n<\/ul>\n<p>Leverans inneh\u00e5ller:<\/p>\n<ul>\n<li> 1 x Sideboard<\/li>\n<li> 1 x Bruksanvisning<\/li>\n<\/ul>\n","protected":false},"excerpt":{"rendered":"<p>\u00c4r ditt matrum eller entr\u00e9omr\u00e5de \u00f6verfullt? [BRAND NAME] k\u00f6kssk\u00e5p med arbetsyta \u00e5terst\u00e4ller ordningen. Med tre l\u00e5dor och glasd\u00f6rrsk\u00e5p st\u00e4dar k\u00f6ksbuff\u00e9n&#8230;<\/p>\n","protected":false},"featured_media":96700,"template":"","meta":[],"product_brand":[],"product_cat":[956,871,910],"product_tag":[],"class_list":{"0":"post-96711","1":"product","2":"type-product","3":"status-publish","4":"has-post-thumbnail","6":"product_cat-byraer-sideboards","7":"product_cat-hus-hem","8":"product_cat-vardagsrum","10":"first","11":"instock","12":"sale","13":"taxable","14":"shipping-taxable","15":"purchasable","16":"product-type-simple"},"yoast_head":"<!-- This site is optimized with the Yoast SEO plugin v25.4 - https:\/\/yoast.com\/wordpress\/plugins\/seo\/ -->\n<title>TRUUSK Modernt Sk\u00e5p Med Soft-close-d\u00f6rrar - Buff\u00e9sk\u00e5p Med 3 L\u00e5dor - 2 Glasd\u00f6rrar - Justerbara Hyllor - MDF - Vit - TRUUSK - Hem, Tr\u00e4dg\u00e5rd &amp; Fritid<\/title>\n<meta name=\"robots\" content=\"index, follow, max-snippet:-1, max-image-preview:large, max-video-preview:-1\" \/>\n<link rel=\"canonical\" href=\"https:\/\/truusk.store\/sv\/produkt\/truusk-modernt-skap-med-soft-close-dorrar-buffeskap-med-3-lador-2-glasdorrar-justerbara-hyllor-mdf-vit\/\" \/>\n<meta property=\"og:locale\" content=\"sv_SE\" \/>\n<meta property=\"og:type\" content=\"article\" \/>\n<meta property=\"og:title\" content=\"TRUUSK Modernt Sk\u00e5p Med Soft-close-d\u00f6rrar - Buff\u00e9sk\u00e5p Med 3 L\u00e5dor - 2 Glasd\u00f6rrar - Justerbara Hyllor - MDF - Vit - TRUUSK - Hem, Tr\u00e4dg\u00e5rd &amp; Fritid\" \/>\n<meta property=\"og:description\" content=\"\u00c4r ditt matrum eller entr\u00e9omr\u00e5de \u00f6verfullt? [BRAND NAME] k\u00f6kssk\u00e5p med arbetsyta \u00e5terst\u00e4ller ordningen. Med tre l\u00e5dor och glasd\u00f6rrsk\u00e5p st\u00e4dar k\u00f6ksbuff\u00e9n...\" \/>\n<meta property=\"og:url\" content=\"https:\/\/truusk.store\/sv\/produkt\/truusk-modernt-skap-med-soft-close-dorrar-buffeskap-med-3-lador-2-glasdorrar-justerbara-hyllor-mdf-vit\/\" \/>\n<meta property=\"og:site_name\" content=\"TRUUSK - Hem, Tr\u00e4dg\u00e5rd &amp; Fritid\" \/>\n<meta property=\"article:modified_time\" content=\"2026-03-12T07:50:39+00:00\" \/>\n<meta property=\"og:image\" content=\"https:\/\/i0.wp.com\/truusk.se\/wp-content\/uploads\/2025\/11\/modernt-sideboard-med-soft-close-dorrar-buffeskap-med-3-lador-2-glasdorrar-justerbara-hyllor-mdf-vit-1.webp?fit=2000%2C2000&ssl=1\" \/>\n\t<meta property=\"og:image:width\" content=\"2000\" \/>\n\t<meta property=\"og:image:height\" content=\"2000\" \/>\n\t<meta property=\"og:image:type\" content=\"image\/webp\" \/>\n<meta name=\"twitter:card\" content=\"summary_large_image\" \/>\n<meta name=\"twitter:label1\" content=\"Ber\u00e4knad l\u00e4stid\" \/>\n\t<meta name=\"twitter:data1\" content=\"1 minut\" \/>\n<!-- \/ Yoast SEO plugin. -->","yoast_head_json":{"title":"TRUUSK Modernt Sk\u00e5p Med Soft-close-d\u00f6rrar - Buff\u00e9sk\u00e5p Med 3 L\u00e5dor - 2 Glasd\u00f6rrar - Justerbara Hyllor - MDF - Vit - TRUUSK - Hem, Tr\u00e4dg\u00e5rd &amp; Fritid","robots":{"index":"index","follow":"follow","max-snippet":"max-snippet:-1","max-image-preview":"max-image-preview:large","max-video-preview":"max-video-preview:-1"},"canonical":"https:\/\/truusk.store\/sv\/produkt\/truusk-modernt-skap-med-soft-close-dorrar-buffeskap-med-3-lador-2-glasdorrar-justerbara-hyllor-mdf-vit\/","og_locale":"sv_SE","og_type":"article","og_title":"TRUUSK Modernt Sk\u00e5p Med Soft-close-d\u00f6rrar - Buff\u00e9sk\u00e5p Med 3 L\u00e5dor - 2 Glasd\u00f6rrar - Justerbara Hyllor - MDF - Vit - TRUUSK - Hem, Tr\u00e4dg\u00e5rd &amp; Fritid","og_description":"\u00c4r ditt matrum eller entr\u00e9omr\u00e5de \u00f6verfullt? [BRAND NAME] k\u00f6kssk\u00e5p med arbetsyta \u00e5terst\u00e4ller ordningen. Med tre l\u00e5dor och glasd\u00f6rrsk\u00e5p st\u00e4dar k\u00f6ksbuff\u00e9n...","og_url":"https:\/\/truusk.store\/sv\/produkt\/truusk-modernt-skap-med-soft-close-dorrar-buffeskap-med-3-lador-2-glasdorrar-justerbara-hyllor-mdf-vit\/","og_site_name":"TRUUSK - Hem, Tr\u00e4dg\u00e5rd &amp; Fritid","article_modified_time":"2026-03-12T07:50:39+00:00","og_image":[{"width":2000,"height":2000,"url":"https:\/\/i0.wp.com\/truusk.se\/wp-content\/uploads\/2025\/11\/modernt-sideboard-med-soft-close-dorrar-buffeskap-med-3-lador-2-glasdorrar-justerbara-hyllor-mdf-vit-1.webp?fit=2000%2C2000&ssl=1","type":"image\/webp"}],"twitter_card":"summary_large_image","twitter_misc":{"Ber\u00e4knad l\u00e4stid":"1 minut"},"schema":{"@context":"https:\/\/schema.org","@graph":[{"@type":"WebPage","@id":"https:\/\/truusk.store\/sv\/produkt\/truusk-modernt-skap-med-soft-close-dorrar-buffeskap-med-3-lador-2-glasdorrar-justerbara-hyllor-mdf-vit\/","url":"https:\/\/truusk.store\/sv\/produkt\/truusk-modernt-skap-med-soft-close-dorrar-buffeskap-med-3-lador-2-glasdorrar-justerbara-hyllor-mdf-vit\/","name":"TRUUSK Modernt Sk\u00e5p Med Soft-close-d\u00f6rrar - Buff\u00e9sk\u00e5p Med 3 L\u00e5dor - 2 Glasd\u00f6rrar - Justerbara Hyllor - MDF - Vit - TRUUSK - Hem, Tr\u00e4dg\u00e5rd &amp; Fritid","isPartOf":{"@id":"https:\/\/truusk.store\/sv\/#website"},"primaryImageOfPage":{"@id":"https:\/\/truusk.store\/sv\/produkt\/truusk-modernt-skap-med-soft-close-dorrar-buffeskap-med-3-lador-2-glasdorrar-justerbara-hyllor-mdf-vit\/#primaryimage"},"image":{"@id":"https:\/\/truusk.store\/sv\/produkt\/truusk-modernt-skap-med-soft-close-dorrar-buffeskap-med-3-lador-2-glasdorrar-justerbara-hyllor-mdf-vit\/#primaryimage"},"thumbnailUrl":"https:\/\/i0.wp.com\/truusk.store\/wp-content\/uploads\/2025\/11\/modernt-sideboard-med-soft-close-dorrar-buffeskap-med-3-lador-2-glasdorrar-justerbara-hyllor-mdf-vit-1.webp?fit=2000%2C2000&ssl=1","datePublished":"2025-11-24T09:05:58+00:00","dateModified":"2026-03-12T07:50:39+00:00","breadcrumb":{"@id":"https:\/\/truusk.store\/sv\/produkt\/truusk-modernt-skap-med-soft-close-dorrar-buffeskap-med-3-lador-2-glasdorrar-justerbara-hyllor-mdf-vit\/#breadcrumb"},"inLanguage":"sv-SE","potentialAction":[{"@type":"ReadAction","target":["https:\/\/truusk.store\/sv\/produkt\/truusk-modernt-skap-med-soft-close-dorrar-buffeskap-med-3-lador-2-glasdorrar-justerbara-hyllor-mdf-vit\/"]}]},{"@type":"ImageObject","inLanguage":"sv-SE","@id":"https:\/\/truusk.store\/sv\/produkt\/truusk-modernt-skap-med-soft-close-dorrar-buffeskap-med-3-lador-2-glasdorrar-justerbara-hyllor-mdf-vit\/#primaryimage","url":"https:\/\/i0.wp.com\/truusk.store\/wp-content\/uploads\/2025\/11\/modernt-sideboard-med-soft-close-dorrar-buffeskap-med-3-lador-2-glasdorrar-justerbara-hyllor-mdf-vit-1.webp?fit=2000%2C2000&ssl=1","contentUrl":"https:\/\/i0.wp.com\/truusk.store\/wp-content\/uploads\/2025\/11\/modernt-sideboard-med-soft-close-dorrar-buffeskap-med-3-lador-2-glasdorrar-justerbara-hyllor-mdf-vit-1.webp?fit=2000%2C2000&ssl=1","width":2000,"height":2000},{"@type":"BreadcrumbList","@id":"https:\/\/truusk.store\/sv\/produkt\/truusk-modernt-skap-med-soft-close-dorrar-buffeskap-med-3-lador-2-glasdorrar-justerbara-hyllor-mdf-vit\/#breadcrumb","itemListElement":[{"@type":"ListItem","position":1,"name":"Home","item":"https:\/\/truusk.store\/sv\/"},{"@type":"ListItem","position":2,"name":"Shop","item":"https:\/\/truusk.store\/shop\/"},{"@type":"ListItem","position":3,"name":"TRUUSK Modernt Sk\u00e5p Med Soft-close-d\u00f6rrar &#8211; Buff\u00e9sk\u00e5p Med 3 L\u00e5dor &#8211; 2 Glasd\u00f6rrar &#8211; Justerbara Hyllor &#8211; MDF &#8211; Vit"}]},{"@type":"WebSite","@id":"https:\/\/truusk.store\/sv\/#website","url":"https:\/\/truusk.store\/sv\/","name":"TRUUSK - Hem, Tr\u00e4dg\u00e5rd & Fritid","description":"","publisher":{"@id":"https:\/\/truusk.store\/sv\/#organization"},"potentialAction":[{"@type":"SearchAction","target":{"@type":"EntryPoint","urlTemplate":"https:\/\/truusk.store\/sv\/?s={search_term_string}"},"query-input":{"@type":"PropertyValueSpecification","valueRequired":true,"valueName":"search_term_string"}}],"inLanguage":"sv-SE"},{"@type":"Organization","@id":"https:\/\/truusk.store\/sv\/#organization","name":"TRUUSK - Hem, Tr\u00e4dg\u00e5rd & Fritid","url":"https:\/\/truusk.store\/sv\/","logo":{"@type":"ImageObject","inLanguage":"sv-SE","@id":"https:\/\/truusk.store\/sv\/#\/schema\/logo\/image\/","url":"https:\/\/i0.wp.com\/truusk.store\/wp-content\/uploads\/2026\/03\/cropped-TRUUSK.png?fit=2032%2C917&ssl=1","contentUrl":"https:\/\/i0.wp.com\/truusk.store\/wp-content\/uploads\/2026\/03\/cropped-TRUUSK.png?fit=2032%2C917&ssl=1","width":2032,"height":917,"caption":"TRUUSK - Hem, Tr\u00e4dg\u00e5rd & Fritid"},"image":{"@id":"https:\/\/truusk.store\/sv\/#\/schema\/logo\/image\/"}}]}},"jetpack_sharing_enabled":true,"_links":{"self":[{"href":"https:\/\/truusk.store\/sv\/wp-json\/wp\/v2\/product\/96711","targetHints":{"allow":["GET"]}}],"collection":[{"href":"https:\/\/truusk.store\/sv\/wp-json\/wp\/v2\/product"}],"about":[{"href":"https:\/\/truusk.store\/sv\/wp-json\/wp\/v2\/types\/product"}],"wp:featuredmedia":[{"embeddable":true,"href":"https:\/\/truusk.store\/sv\/wp-json\/wp\/v2\/media\/96700"}],"wp:attachment":[{"href":"https:\/\/truusk.store\/sv\/wp-json\/wp\/v2\/media?parent=96711"}],"wp:term":[{"taxonomy":"product_brand","embeddable":true,"href":"https:\/\/truusk.store\/sv\/wp-json\/wp\/v2\/product_brand?post=96711"},{"taxonomy":"product_cat","embeddable":true,"href":"https:\/\/truusk.store\/sv\/wp-json\/wp\/v2\/product_cat?post=96711"},{"taxonomy":"product_tag","embeddable":true,"href":"https:\/\/truusk.store\/sv\/wp-json\/wp\/v2\/product_tag?post=96711"}],"curies":[{"name":"wp","href":"https:\/\/api.w.org\/{rel}","templated":true}]}}