{"id":96720,"date":"2025-11-24T10:07:03","date_gmt":"2025-11-24T09:07:03","guid":{"rendered":"https:\/\/truusk.store\/product\/led-golvlampa-for-vardagsrum-med-350-roterande-huvud-staende-lampa-med-fargtemperaturer-pa-3000k-4000k-6500k-svart\/"},"modified":"2026-03-12T08:50:39","modified_gmt":"2026-03-12T07:50:39","slug":"truusk-led-golvlampa-med-350-roterande-huvud-staende-lampa-med-fargtemperaturer-pa-3000k-4000k-6500k-svart","status":"publish","type":"product","link":"https:\/\/truusk.store\/sv\/produkt\/truusk-led-golvlampa-med-350-roterande-huvud-staende-lampa-med-fargtemperaturer-pa-3000k-4000k-6500k-svart\/","title":{"rendered":"TRUUSK LED-golvlampa med 350\u00b0 roterande huvud &#8211; St\u00e5ende lampa med f\u00e4rgtemperaturer p\u00e5 3000K\/4000K\/6500K &#8211; Svart"},"content":{"rendered":"<p>Letar du efter belysning som anpassar sig till din livsstil? H\u00e5rt ljus kan st\u00f6ra avkopplande kv\u00e4llar eller koncentrerad l\u00e4sning. [BRAND NAME] LED-golvlampa revolutionerar ditt utrymme. Med sin tre-f\u00e4rgade gl\u00f6dlampa skapar golvlampan den r\u00e4tta st\u00e4mningen och den 350-graders sv\u00e4ngbara sk\u00e4rmen riktar ljuset exakt. Den eleganta designen p\u00e5 golvlampan berikar varje rum, ger stil och skapar en varm, inbjudande atmosf\u00e4r.<\/p>\n<p>Beskrivning:<\/p>\n<ul>\n<li> Inneh\u00e5ller en 3-f\u00e4rgstemperatur gl\u00f6dlampa som ger m\u00e5ngsidig belysning f\u00f6r varje st\u00e4mning<\/li>\n<li> Har en 350\u00b0 roterande sk\u00e4rm som styr ljuset exakt d\u00e4r du beh\u00f6ver det<\/li>\n<li> Den smala, moderna minimalistiska designen p\u00e5 golvlampan ger varje rum en touch av stil<\/li>\n<li> En tung, viktad bas p\u00e5 golvlampan f\u00f6rhindrar att den v\u00e4lter och ger d\u00e4rmed s\u00e4kerhet f\u00f6r sm\u00e5 barn och husdjur<\/li>\n<li> En praktisk sladdbrytare p\u00e5 golvlampan m\u00f6jligg\u00f6r enkel kontroll utan att beh\u00f6va b\u00f6ja sig eller str\u00e4cka sig<\/li>\n<li> Montering kr\u00e4vs p\u00e5 bara 15 minuter utan verktyg f\u00f6r omedelbar njutning<\/li>\n<\/ul>\n<p> Tekniska data:<\/p>\n<ul>\n<li> F\u00e4rg: Svart+Vit+Guldf\u00e4rg<\/li>\n<li> Material: St\u00e5l, Plast<\/li>\n<li> Totala dimensioner: 45L x 21B x 148H cm<\/li>\n<li> Lampsk\u00e4rmstorlek: \u00d813 x 13H cm<\/li>\n<li> Basstorlek: \u00d821 x 3H cm<\/li>\n<li> L\u00e4ngd p\u00e5 str\u00f6mf\u00f6rs\u00f6rjningskabel: 180 cm<\/li>\n<li> Effekt: 9W (E27-A60), max. 25W (E27-sockel)<\/li>\n<li> Ljusfl\u00f6de: 800 lm<\/li>\n<li> F\u00e4rgtemperatur: 3000 K\/4000 K\/6500 K<\/li>\n<li> Energiklass: F<\/li>\n<li> Sp\u00e4nning: AC 220-240 V, 50 Hz<\/li>\n<\/ul>\n<p>Leverans inneh\u00e5ller:<\/p>\n<ul>\n<li> 1 x Golvlampa<\/li>\n<li> 1 x Bruksanvisning<\/li>\n<\/ul>\n","protected":false},"excerpt":{"rendered":"<p>Letar du efter belysning som anpassar sig till din livsstil? H\u00e5rt ljus kan st\u00f6ra avkopplande kv\u00e4llar eller koncentrerad l\u00e4sning. [BRAND&#8230;<\/p>\n","protected":false},"featured_media":96710,"template":"","meta":[],"product_brand":[],"product_cat":[486,871,932],"product_tag":[],"class_list":{"0":"post-96720","1":"product","2":"type-product","3":"status-publish","4":"has-post-thumbnail","6":"product_cat-belysning","7":"product_cat-hus-hem","8":"product_cat-staende-lampor","10":"first","11":"instock","12":"sale","13":"taxable","14":"shipping-taxable","15":"purchasable","16":"product-type-simple"},"yoast_head":"<!-- This site is optimized with the Yoast SEO plugin v25.4 - https:\/\/yoast.com\/wordpress\/plugins\/seo\/ -->\n<title>TRUUSK LED-golvlampa med 350\u00b0 roterande huvud - St\u00e5ende lampa med f\u00e4rgtemperaturer p\u00e5 3000K\/4000K\/6500K - Svart - TRUUSK - Hem, Tr\u00e4dg\u00e5rd &amp; Fritid<\/title>\n<meta name=\"robots\" content=\"index, follow, max-snippet:-1, max-image-preview:large, max-video-preview:-1\" \/>\n<link rel=\"canonical\" href=\"https:\/\/truusk.store\/sv\/produkt\/truusk-led-golvlampa-med-350-roterande-huvud-staende-lampa-med-fargtemperaturer-pa-3000k-4000k-6500k-svart\/\" \/>\n<meta property=\"og:locale\" content=\"sv_SE\" \/>\n<meta property=\"og:type\" content=\"article\" \/>\n<meta property=\"og:title\" content=\"TRUUSK LED-golvlampa med 350\u00b0 roterande huvud - St\u00e5ende lampa med f\u00e4rgtemperaturer p\u00e5 3000K\/4000K\/6500K - Svart - TRUUSK - Hem, Tr\u00e4dg\u00e5rd &amp; Fritid\" \/>\n<meta property=\"og:description\" content=\"Letar du efter belysning som anpassar sig till din livsstil? H\u00e5rt ljus kan st\u00f6ra avkopplande kv\u00e4llar eller koncentrerad l\u00e4sning. [BRAND...\" \/>\n<meta property=\"og:url\" content=\"https:\/\/truusk.store\/sv\/produkt\/truusk-led-golvlampa-med-350-roterande-huvud-staende-lampa-med-fargtemperaturer-pa-3000k-4000k-6500k-svart\/\" \/>\n<meta property=\"og:site_name\" content=\"TRUUSK - Hem, Tr\u00e4dg\u00e5rd &amp; Fritid\" \/>\n<meta property=\"article:modified_time\" content=\"2026-03-12T07:50:39+00:00\" \/>\n<meta property=\"og:image\" content=\"https:\/\/i0.wp.com\/truusk.se\/wp-content\/uploads\/2025\/11\/led-golvlampa-for-vardagsrum-med-350-roterande-huvud-staende-lampa-med-fargtemperaturer-pa-3000k-4000k-6500k-svart-1.webp?fit=2000%2C2000&ssl=1\" \/>\n\t<meta property=\"og:image:width\" content=\"2000\" \/>\n\t<meta property=\"og:image:height\" content=\"2000\" \/>\n\t<meta property=\"og:image:type\" content=\"image\/webp\" \/>\n<meta name=\"twitter:card\" content=\"summary_large_image\" \/>\n<meta name=\"twitter:label1\" content=\"Ber\u00e4knad l\u00e4stid\" \/>\n\t<meta name=\"twitter:data1\" content=\"1 minut\" \/>\n<!-- \/ Yoast SEO plugin. -->","yoast_head_json":{"title":"TRUUSK LED-golvlampa med 350\u00b0 roterande huvud - St\u00e5ende lampa med f\u00e4rgtemperaturer p\u00e5 3000K\/4000K\/6500K - Svart - TRUUSK - Hem, Tr\u00e4dg\u00e5rd &amp; Fritid","robots":{"index":"index","follow":"follow","max-snippet":"max-snippet:-1","max-image-preview":"max-image-preview:large","max-video-preview":"max-video-preview:-1"},"canonical":"https:\/\/truusk.store\/sv\/produkt\/truusk-led-golvlampa-med-350-roterande-huvud-staende-lampa-med-fargtemperaturer-pa-3000k-4000k-6500k-svart\/","og_locale":"sv_SE","og_type":"article","og_title":"TRUUSK LED-golvlampa med 350\u00b0 roterande huvud - St\u00e5ende lampa med f\u00e4rgtemperaturer p\u00e5 3000K\/4000K\/6500K - Svart - TRUUSK - Hem, Tr\u00e4dg\u00e5rd &amp; Fritid","og_description":"Letar du efter belysning som anpassar sig till din livsstil? H\u00e5rt ljus kan st\u00f6ra avkopplande kv\u00e4llar eller koncentrerad l\u00e4sning. [BRAND...","og_url":"https:\/\/truusk.store\/sv\/produkt\/truusk-led-golvlampa-med-350-roterande-huvud-staende-lampa-med-fargtemperaturer-pa-3000k-4000k-6500k-svart\/","og_site_name":"TRUUSK - Hem, Tr\u00e4dg\u00e5rd &amp; Fritid","article_modified_time":"2026-03-12T07:50:39+00:00","og_image":[{"width":2000,"height":2000,"url":"https:\/\/i0.wp.com\/truusk.se\/wp-content\/uploads\/2025\/11\/led-golvlampa-for-vardagsrum-med-350-roterande-huvud-staende-lampa-med-fargtemperaturer-pa-3000k-4000k-6500k-svart-1.webp?fit=2000%2C2000&ssl=1","type":"image\/webp"}],"twitter_card":"summary_large_image","twitter_misc":{"Ber\u00e4knad l\u00e4stid":"1 minut"},"schema":{"@context":"https:\/\/schema.org","@graph":[{"@type":"WebPage","@id":"https:\/\/truusk.store\/sv\/produkt\/truusk-led-golvlampa-med-350-roterande-huvud-staende-lampa-med-fargtemperaturer-pa-3000k-4000k-6500k-svart\/","url":"https:\/\/truusk.store\/sv\/produkt\/truusk-led-golvlampa-med-350-roterande-huvud-staende-lampa-med-fargtemperaturer-pa-3000k-4000k-6500k-svart\/","name":"TRUUSK LED-golvlampa med 350\u00b0 roterande huvud - St\u00e5ende lampa med f\u00e4rgtemperaturer p\u00e5 3000K\/4000K\/6500K - Svart - TRUUSK - Hem, Tr\u00e4dg\u00e5rd &amp; Fritid","isPartOf":{"@id":"https:\/\/truusk.store\/sv\/#website"},"primaryImageOfPage":{"@id":"https:\/\/truusk.store\/sv\/produkt\/truusk-led-golvlampa-med-350-roterande-huvud-staende-lampa-med-fargtemperaturer-pa-3000k-4000k-6500k-svart\/#primaryimage"},"image":{"@id":"https:\/\/truusk.store\/sv\/produkt\/truusk-led-golvlampa-med-350-roterande-huvud-staende-lampa-med-fargtemperaturer-pa-3000k-4000k-6500k-svart\/#primaryimage"},"thumbnailUrl":"https:\/\/i0.wp.com\/truusk.store\/wp-content\/uploads\/2025\/11\/led-golvlampa-for-vardagsrum-med-350-roterande-huvud-staende-lampa-med-fargtemperaturer-pa-3000k-4000k-6500k-svart-1.webp?fit=2000%2C2000&ssl=1","datePublished":"2025-11-24T09:07:03+00:00","dateModified":"2026-03-12T07:50:39+00:00","breadcrumb":{"@id":"https:\/\/truusk.store\/sv\/produkt\/truusk-led-golvlampa-med-350-roterande-huvud-staende-lampa-med-fargtemperaturer-pa-3000k-4000k-6500k-svart\/#breadcrumb"},"inLanguage":"sv-SE","potentialAction":[{"@type":"ReadAction","target":["https:\/\/truusk.store\/sv\/produkt\/truusk-led-golvlampa-med-350-roterande-huvud-staende-lampa-med-fargtemperaturer-pa-3000k-4000k-6500k-svart\/"]}]},{"@type":"ImageObject","inLanguage":"sv-SE","@id":"https:\/\/truusk.store\/sv\/produkt\/truusk-led-golvlampa-med-350-roterande-huvud-staende-lampa-med-fargtemperaturer-pa-3000k-4000k-6500k-svart\/#primaryimage","url":"https:\/\/i0.wp.com\/truusk.store\/wp-content\/uploads\/2025\/11\/led-golvlampa-for-vardagsrum-med-350-roterande-huvud-staende-lampa-med-fargtemperaturer-pa-3000k-4000k-6500k-svart-1.webp?fit=2000%2C2000&ssl=1","contentUrl":"https:\/\/i0.wp.com\/truusk.store\/wp-content\/uploads\/2025\/11\/led-golvlampa-for-vardagsrum-med-350-roterande-huvud-staende-lampa-med-fargtemperaturer-pa-3000k-4000k-6500k-svart-1.webp?fit=2000%2C2000&ssl=1","width":2000,"height":2000},{"@type":"BreadcrumbList","@id":"https:\/\/truusk.store\/sv\/produkt\/truusk-led-golvlampa-med-350-roterande-huvud-staende-lampa-med-fargtemperaturer-pa-3000k-4000k-6500k-svart\/#breadcrumb","itemListElement":[{"@type":"ListItem","position":1,"name":"Home","item":"https:\/\/truusk.store\/sv\/"},{"@type":"ListItem","position":2,"name":"Shop","item":"https:\/\/truusk.store\/shop\/"},{"@type":"ListItem","position":3,"name":"TRUUSK LED-golvlampa med 350\u00b0 roterande huvud &#8211; St\u00e5ende lampa med f\u00e4rgtemperaturer p\u00e5 3000K\/4000K\/6500K &#8211; Svart"}]},{"@type":"WebSite","@id":"https:\/\/truusk.store\/sv\/#website","url":"https:\/\/truusk.store\/sv\/","name":"TRUUSK - Hem, Tr\u00e4dg\u00e5rd & Fritid","description":"","publisher":{"@id":"https:\/\/truusk.store\/sv\/#organization"},"potentialAction":[{"@type":"SearchAction","target":{"@type":"EntryPoint","urlTemplate":"https:\/\/truusk.store\/sv\/?s={search_term_string}"},"query-input":{"@type":"PropertyValueSpecification","valueRequired":true,"valueName":"search_term_string"}}],"inLanguage":"sv-SE"},{"@type":"Organization","@id":"https:\/\/truusk.store\/sv\/#organization","name":"TRUUSK - Hem, Tr\u00e4dg\u00e5rd & Fritid","url":"https:\/\/truusk.store\/sv\/","logo":{"@type":"ImageObject","inLanguage":"sv-SE","@id":"https:\/\/truusk.store\/sv\/#\/schema\/logo\/image\/","url":"https:\/\/i0.wp.com\/truusk.store\/wp-content\/uploads\/2026\/03\/cropped-TRUUSK.png?fit=2032%2C917&ssl=1","contentUrl":"https:\/\/i0.wp.com\/truusk.store\/wp-content\/uploads\/2026\/03\/cropped-TRUUSK.png?fit=2032%2C917&ssl=1","width":2032,"height":917,"caption":"TRUUSK - Hem, Tr\u00e4dg\u00e5rd & Fritid"},"image":{"@id":"https:\/\/truusk.store\/sv\/#\/schema\/logo\/image\/"}}]}},"jetpack_sharing_enabled":true,"_links":{"self":[{"href":"https:\/\/truusk.store\/sv\/wp-json\/wp\/v2\/product\/96720","targetHints":{"allow":["GET"]}}],"collection":[{"href":"https:\/\/truusk.store\/sv\/wp-json\/wp\/v2\/product"}],"about":[{"href":"https:\/\/truusk.store\/sv\/wp-json\/wp\/v2\/types\/product"}],"wp:featuredmedia":[{"embeddable":true,"href":"https:\/\/truusk.store\/sv\/wp-json\/wp\/v2\/media\/96710"}],"wp:attachment":[{"href":"https:\/\/truusk.store\/sv\/wp-json\/wp\/v2\/media?parent=96720"}],"wp:term":[{"taxonomy":"product_brand","embeddable":true,"href":"https:\/\/truusk.store\/sv\/wp-json\/wp\/v2\/product_brand?post=96720"},{"taxonomy":"product_cat","embeddable":true,"href":"https:\/\/truusk.store\/sv\/wp-json\/wp\/v2\/product_cat?post=96720"},{"taxonomy":"product_tag","embeddable":true,"href":"https:\/\/truusk.store\/sv\/wp-json\/wp\/v2\/product_tag?post=96720"}],"curies":[{"name":"wp","href":"https:\/\/api.w.org\/{rel}","templated":true}]}}