{"id":96742,"date":"2025-11-24T10:09:18","date_gmt":"2025-11-24T09:09:18","guid":{"rendered":"https:\/\/truusk.store\/product\/avkopplingsstol-med-pall-lounge-stol-med-chenille-tyg-modern-tv-stol-78-x-93-x-100-cm-kramvit\/"},"modified":"2026-03-12T08:50:40","modified_gmt":"2026-03-12T07:50:40","slug":"truusk-avkopplingsstol-med-pall-lounge-stol-med-chenille-tyg-modern-tv-stol-78-x-93-x-100-cm-kramvit","status":"publish","type":"product","link":"https:\/\/truusk.store\/sv\/produkt\/truusk-avkopplingsstol-med-pall-lounge-stol-med-chenille-tyg-modern-tv-stol-78-x-93-x-100-cm-kramvit\/","title":{"rendered":"TRUUSK Avkopplingsstol med pall &#8211; Lounge stol med Chenille-tyg &#8211; Modern TV-stol &#8211; 78 x 93 x 100 cm &#8211; Kr\u00e4mvit"},"content":{"rendered":"<p>K\u00e4nner du dig ofta inst\u00e4ngd och letar efter en plats att koppla av? [BRAND NAME] relaxstol med fotpall, med en bred 78 cm stol, inbjuder till avkopplande sittande i skr\u00e4ddarst\u00e4llning. L\u00e5t dig falla in i de mjuka kuddarna och rotera l\u00e4tt 360\u00b0 f\u00f6r att prata eller ta din dryck. Mer \u00e4n bara en m\u00f6bel &#8211; loungestolen \u00e4r din personliga retr\u00e4tt f\u00f6r avkopplande stunder efter en anstr\u00e4ngande dag.<\/p>\n<p>Beskrivning:<\/p>\n<ul>\n<li> Bomullsryggst\u00f6d och h\u00f6gdensitetsskumstol med dubbelskiktad, tjock stoppning erbjuder molnliknande komfort f\u00f6r avkoppling<\/li>\n<li> Chenille-tyget p\u00e5 l\u00e4sstolen \u00e4r mjukt, hudv\u00e4nligt och dess unika textur tillf\u00f6r stil<\/li>\n<li> Snedst\u00e4lld ottoman f\u00f6r att st\u00f6dja dina ben<\/li>\n<li> Extra bred sits med integrerade armst\u00f6d p\u00e5 relaxstolen m\u00f6jligg\u00f6r bekv\u00e4mt sittande med korsade ben<\/li>\n<li> B\u00f6jd ryggst\u00f6d p\u00e5 loungestolen anpassar sig till din kroppsform<\/li>\n<li> Den smidiga 360-graders roterande basen p\u00e5 stolen med fotpall g\u00f6r det m\u00f6jligt f\u00f6r dig att \u00e4ndra riktning utan att beh\u00f6va resa dig<\/li>\n<li> Ett robust st\u00e5lram med halkfria dynor garanterar stabilitet och skydd f\u00f6r golvet<\/li>\n<li> Montering kr\u00e4vs<\/li>\n<\/ul>\n<p> Tekniska data:<\/p>\n<ul>\n<li> F\u00e4rg: Kr\u00e4mvit<\/li>\n<li> Material: Chenille (100% polyester), st\u00e5l, skum<\/li>\n<li> Totala dimensioner (stol): 78B x 93D x 100H cm<\/li>\n<li> Totala dimensioner (ottoman): 50B x 44D x 41-45H cm<\/li>\n<li> Sitsstorlek: 41B x 53D x 48H cm<\/li>\n<li> Ryggst\u00f6dsm\u00e5tt: 63L x 68B cm<\/li>\n<li> Tjocklek: 13 cm (sits), 26 cm (rygg)<\/li>\n<li> Armst\u00f6dsm\u00e5tt: 61L x 20B x 9H cm<\/li>\n<li> Maximal belastning: 120 kg<\/li>\n<\/ul>\n<p>Leveransinneh\u00e5ll:<\/p>\n<ul>\n<li>1 x Accentstol<\/li>\n<li>1 x Ottoman<\/li>\n<li>1 x Bruksanvisning<\/li>\n<\/ul>\n","protected":false},"excerpt":{"rendered":"<p>K\u00e4nner du dig ofta inst\u00e4ngd och letar efter en plats att koppla av? [BRAND NAME] relaxstol med fotpall, med en&#8230;<\/p>\n","protected":false},"featured_media":96730,"template":"","meta":[],"product_brand":[],"product_cat":[521,871,920,910],"product_tag":[],"class_list":{"0":"post-96742","1":"product","2":"type-product","3":"status-publish","4":"has-post-thumbnail","6":"product_cat-fatolj","7":"product_cat-hus-hem","8":"product_cat-relaxsessel-mit-hocker","9":"product_cat-vardagsrum","11":"first","12":"instock","13":"sale","14":"taxable","15":"shipping-taxable","16":"purchasable","17":"product-type-simple"},"yoast_head":"<!-- This site is optimized with the Yoast SEO plugin v25.4 - https:\/\/yoast.com\/wordpress\/plugins\/seo\/ -->\n<title>TRUUSK Avkopplingsstol med pall - Lounge stol med Chenille-tyg - Modern TV-stol - 78 x 93 x 100 cm - Kr\u00e4mvit - TRUUSK - Hem, Tr\u00e4dg\u00e5rd &amp; Fritid<\/title>\n<meta name=\"robots\" content=\"index, follow, max-snippet:-1, max-image-preview:large, max-video-preview:-1\" \/>\n<link rel=\"canonical\" href=\"https:\/\/truusk.store\/sv\/produkt\/truusk-avkopplingsstol-med-pall-lounge-stol-med-chenille-tyg-modern-tv-stol-78-x-93-x-100-cm-kramvit\/\" \/>\n<meta property=\"og:locale\" content=\"sv_SE\" \/>\n<meta property=\"og:type\" content=\"article\" \/>\n<meta property=\"og:title\" content=\"TRUUSK Avkopplingsstol med pall - Lounge stol med Chenille-tyg - Modern TV-stol - 78 x 93 x 100 cm - Kr\u00e4mvit - TRUUSK - Hem, Tr\u00e4dg\u00e5rd &amp; Fritid\" \/>\n<meta property=\"og:description\" content=\"K\u00e4nner du dig ofta inst\u00e4ngd och letar efter en plats att koppla av? [BRAND NAME] relaxstol med fotpall, med en...\" \/>\n<meta property=\"og:url\" content=\"https:\/\/truusk.store\/sv\/produkt\/truusk-avkopplingsstol-med-pall-lounge-stol-med-chenille-tyg-modern-tv-stol-78-x-93-x-100-cm-kramvit\/\" \/>\n<meta property=\"og:site_name\" content=\"TRUUSK - Hem, Tr\u00e4dg\u00e5rd &amp; Fritid\" \/>\n<meta property=\"article:modified_time\" content=\"2026-03-12T07:50:40+00:00\" \/>\n<meta property=\"og:image\" content=\"https:\/\/i0.wp.com\/truusk.se\/wp-content\/uploads\/2025\/11\/avkopplingsstol-med-pall-lounge-stol-med-chenille-tyg-modern-tv-stol-78-x-93-x-100-cm-kramvit-1.webp?fit=2000%2C2000&ssl=1\" \/>\n\t<meta property=\"og:image:width\" content=\"2000\" \/>\n\t<meta property=\"og:image:height\" content=\"2000\" \/>\n\t<meta property=\"og:image:type\" content=\"image\/webp\" \/>\n<meta name=\"twitter:card\" content=\"summary_large_image\" \/>\n<meta name=\"twitter:label1\" content=\"Ber\u00e4knad l\u00e4stid\" \/>\n\t<meta name=\"twitter:data1\" content=\"1 minut\" \/>\n<!-- \/ Yoast SEO plugin. -->","yoast_head_json":{"title":"TRUUSK Avkopplingsstol med pall - Lounge stol med Chenille-tyg - Modern TV-stol - 78 x 93 x 100 cm - Kr\u00e4mvit - TRUUSK - Hem, Tr\u00e4dg\u00e5rd &amp; Fritid","robots":{"index":"index","follow":"follow","max-snippet":"max-snippet:-1","max-image-preview":"max-image-preview:large","max-video-preview":"max-video-preview:-1"},"canonical":"https:\/\/truusk.store\/sv\/produkt\/truusk-avkopplingsstol-med-pall-lounge-stol-med-chenille-tyg-modern-tv-stol-78-x-93-x-100-cm-kramvit\/","og_locale":"sv_SE","og_type":"article","og_title":"TRUUSK Avkopplingsstol med pall - Lounge stol med Chenille-tyg - Modern TV-stol - 78 x 93 x 100 cm - Kr\u00e4mvit - TRUUSK - Hem, Tr\u00e4dg\u00e5rd &amp; Fritid","og_description":"K\u00e4nner du dig ofta inst\u00e4ngd och letar efter en plats att koppla av? [BRAND NAME] relaxstol med fotpall, med en...","og_url":"https:\/\/truusk.store\/sv\/produkt\/truusk-avkopplingsstol-med-pall-lounge-stol-med-chenille-tyg-modern-tv-stol-78-x-93-x-100-cm-kramvit\/","og_site_name":"TRUUSK - Hem, Tr\u00e4dg\u00e5rd &amp; Fritid","article_modified_time":"2026-03-12T07:50:40+00:00","og_image":[{"width":2000,"height":2000,"url":"https:\/\/i0.wp.com\/truusk.se\/wp-content\/uploads\/2025\/11\/avkopplingsstol-med-pall-lounge-stol-med-chenille-tyg-modern-tv-stol-78-x-93-x-100-cm-kramvit-1.webp?fit=2000%2C2000&ssl=1","type":"image\/webp"}],"twitter_card":"summary_large_image","twitter_misc":{"Ber\u00e4knad l\u00e4stid":"1 minut"},"schema":{"@context":"https:\/\/schema.org","@graph":[{"@type":"WebPage","@id":"https:\/\/truusk.store\/sv\/produkt\/truusk-avkopplingsstol-med-pall-lounge-stol-med-chenille-tyg-modern-tv-stol-78-x-93-x-100-cm-kramvit\/","url":"https:\/\/truusk.store\/sv\/produkt\/truusk-avkopplingsstol-med-pall-lounge-stol-med-chenille-tyg-modern-tv-stol-78-x-93-x-100-cm-kramvit\/","name":"TRUUSK Avkopplingsstol med pall - Lounge stol med Chenille-tyg - Modern TV-stol - 78 x 93 x 100 cm - Kr\u00e4mvit - TRUUSK - Hem, Tr\u00e4dg\u00e5rd &amp; Fritid","isPartOf":{"@id":"https:\/\/truusk.store\/sv\/#website"},"primaryImageOfPage":{"@id":"https:\/\/truusk.store\/sv\/produkt\/truusk-avkopplingsstol-med-pall-lounge-stol-med-chenille-tyg-modern-tv-stol-78-x-93-x-100-cm-kramvit\/#primaryimage"},"image":{"@id":"https:\/\/truusk.store\/sv\/produkt\/truusk-avkopplingsstol-med-pall-lounge-stol-med-chenille-tyg-modern-tv-stol-78-x-93-x-100-cm-kramvit\/#primaryimage"},"thumbnailUrl":"https:\/\/i0.wp.com\/truusk.store\/wp-content\/uploads\/2025\/11\/avkopplingsstol-med-pall-lounge-stol-med-chenille-tyg-modern-tv-stol-78-x-93-x-100-cm-kramvit-1.webp?fit=2000%2C2000&ssl=1","datePublished":"2025-11-24T09:09:18+00:00","dateModified":"2026-03-12T07:50:40+00:00","breadcrumb":{"@id":"https:\/\/truusk.store\/sv\/produkt\/truusk-avkopplingsstol-med-pall-lounge-stol-med-chenille-tyg-modern-tv-stol-78-x-93-x-100-cm-kramvit\/#breadcrumb"},"inLanguage":"sv-SE","potentialAction":[{"@type":"ReadAction","target":["https:\/\/truusk.store\/sv\/produkt\/truusk-avkopplingsstol-med-pall-lounge-stol-med-chenille-tyg-modern-tv-stol-78-x-93-x-100-cm-kramvit\/"]}]},{"@type":"ImageObject","inLanguage":"sv-SE","@id":"https:\/\/truusk.store\/sv\/produkt\/truusk-avkopplingsstol-med-pall-lounge-stol-med-chenille-tyg-modern-tv-stol-78-x-93-x-100-cm-kramvit\/#primaryimage","url":"https:\/\/i0.wp.com\/truusk.store\/wp-content\/uploads\/2025\/11\/avkopplingsstol-med-pall-lounge-stol-med-chenille-tyg-modern-tv-stol-78-x-93-x-100-cm-kramvit-1.webp?fit=2000%2C2000&ssl=1","contentUrl":"https:\/\/i0.wp.com\/truusk.store\/wp-content\/uploads\/2025\/11\/avkopplingsstol-med-pall-lounge-stol-med-chenille-tyg-modern-tv-stol-78-x-93-x-100-cm-kramvit-1.webp?fit=2000%2C2000&ssl=1","width":2000,"height":2000},{"@type":"BreadcrumbList","@id":"https:\/\/truusk.store\/sv\/produkt\/truusk-avkopplingsstol-med-pall-lounge-stol-med-chenille-tyg-modern-tv-stol-78-x-93-x-100-cm-kramvit\/#breadcrumb","itemListElement":[{"@type":"ListItem","position":1,"name":"Home","item":"https:\/\/truusk.store\/sv\/"},{"@type":"ListItem","position":2,"name":"Shop","item":"https:\/\/truusk.store\/shop\/"},{"@type":"ListItem","position":3,"name":"TRUUSK Avkopplingsstol med pall &#8211; Lounge stol med Chenille-tyg &#8211; Modern TV-stol &#8211; 78 x 93 x 100 cm &#8211; Kr\u00e4mvit"}]},{"@type":"WebSite","@id":"https:\/\/truusk.store\/sv\/#website","url":"https:\/\/truusk.store\/sv\/","name":"TRUUSK - Hem, Tr\u00e4dg\u00e5rd & Fritid","description":"","publisher":{"@id":"https:\/\/truusk.store\/sv\/#organization"},"potentialAction":[{"@type":"SearchAction","target":{"@type":"EntryPoint","urlTemplate":"https:\/\/truusk.store\/sv\/?s={search_term_string}"},"query-input":{"@type":"PropertyValueSpecification","valueRequired":true,"valueName":"search_term_string"}}],"inLanguage":"sv-SE"},{"@type":"Organization","@id":"https:\/\/truusk.store\/sv\/#organization","name":"TRUUSK - Hem, Tr\u00e4dg\u00e5rd & Fritid","url":"https:\/\/truusk.store\/sv\/","logo":{"@type":"ImageObject","inLanguage":"sv-SE","@id":"https:\/\/truusk.store\/sv\/#\/schema\/logo\/image\/","url":"https:\/\/i0.wp.com\/truusk.store\/wp-content\/uploads\/2026\/03\/cropped-TRUUSK.png?fit=2032%2C917&ssl=1","contentUrl":"https:\/\/i0.wp.com\/truusk.store\/wp-content\/uploads\/2026\/03\/cropped-TRUUSK.png?fit=2032%2C917&ssl=1","width":2032,"height":917,"caption":"TRUUSK - Hem, Tr\u00e4dg\u00e5rd & Fritid"},"image":{"@id":"https:\/\/truusk.store\/sv\/#\/schema\/logo\/image\/"}}]}},"jetpack_sharing_enabled":true,"_links":{"self":[{"href":"https:\/\/truusk.store\/sv\/wp-json\/wp\/v2\/product\/96742","targetHints":{"allow":["GET"]}}],"collection":[{"href":"https:\/\/truusk.store\/sv\/wp-json\/wp\/v2\/product"}],"about":[{"href":"https:\/\/truusk.store\/sv\/wp-json\/wp\/v2\/types\/product"}],"wp:featuredmedia":[{"embeddable":true,"href":"https:\/\/truusk.store\/sv\/wp-json\/wp\/v2\/media\/96730"}],"wp:attachment":[{"href":"https:\/\/truusk.store\/sv\/wp-json\/wp\/v2\/media?parent=96742"}],"wp:term":[{"taxonomy":"product_brand","embeddable":true,"href":"https:\/\/truusk.store\/sv\/wp-json\/wp\/v2\/product_brand?post=96742"},{"taxonomy":"product_cat","embeddable":true,"href":"https:\/\/truusk.store\/sv\/wp-json\/wp\/v2\/product_cat?post=96742"},{"taxonomy":"product_tag","embeddable":true,"href":"https:\/\/truusk.store\/sv\/wp-json\/wp\/v2\/product_tag?post=96742"}],"curies":[{"name":"wp","href":"https:\/\/api.w.org\/{rel}","templated":true}]}}