{"id":96770,"date":"2025-11-24T10:12:00","date_gmt":"2025-11-24T09:12:00","guid":{"rendered":"https:\/\/truusk.store\/product\/100-cm-sideboard-buffetskap-med-6-lador-byra-for-kok-vardagsrum-matsal-naturtra\/"},"modified":"2026-03-12T08:50:40","modified_gmt":"2026-03-12T07:50:40","slug":"truusk-100-cm-sidoskap-6-lador-for-kok-vardagsrum-matsal-naturtra","status":"publish","type":"product","link":"https:\/\/truusk.store\/sv\/produkt\/truusk-100-cm-sidoskap-6-lador-for-kok-vardagsrum-matsal-naturtra\/","title":{"rendered":"TRUUSK 100 cm Sidosk\u00e5p &#8211; 6 L\u00e5dor &#8211; F\u00f6r K\u00f6k, Vardagsrum, Matsal &#8211; Naturtr\u00e4"},"content":{"rendered":"<p>Lider du av hush\u00e5llskaos och oro f\u00f6r skarpa m\u00f6belh\u00f6rn? Ditt hem b\u00f6r vara en fristad, inte en stressfaktor. [BRAND NAME] sideboard skapar l\u00f6sningar med sex l\u00e5dor som ger ordning, och rundade kanter som ger s\u00e4kerhet. Denna hallbyr\u00e5 med varmt tr\u00e4utseende och dolda handtag ger ditt rum en lugnande, minimalistisk stil och s\u00e4tter stopp f\u00f6r vardagligt kaos.<\/p>\n<p>Beskrivning:<\/p>\n<ul>\n<li> Sideboardet har en 100 cm yta och sex l\u00e5dor f\u00f6r tillr\u00e4ckligt organiserat f\u00f6rvaringsutrymme<\/li>\n<li> Rundade h\u00f6rn och anti-tip set av vardagsrumssk\u00e5pet ger mer s\u00e4kerhet i familjehush\u00e5ll<\/li>\n<li> Minimalistisk design i tr\u00e4utseende med dolda handtag av vardagsrumsbyr\u00e5n passar in i alla moderna inredningar<\/li>\n<li> M\u00e5ngsidig design, l\u00e4mplig som buff\u00e9sk\u00e5p, kaffebarsk\u00e5p eller entr\u00e9sk\u00e5p<\/li>\n<li> Byggd med en stabil bas f\u00f6r att b\u00e4ra en total vikt p\u00e5 80 kg<\/li>\n<li> Sideboardet f\u00f6r sovrummet skyddar golvet med fotdynor som f\u00f6rhindrar repor och m\u00e4rken<\/li>\n<li> Montering kr\u00e4vs<\/li>\n<\/ul>\n<p> Tekniska specifikationer:<\/p>\n<ul>\n<li> F\u00e4rg: Naturtr\u00e4<\/li>\n<li> Material: MDF<\/li>\n<li> Totala dimensioner: 100B x 38T x 86H cm<\/li>\n<li> Storlek p\u00e5 toppskivan: 100B x 38T cm<\/li>\n<li> Inre m\u00e5tt p\u00e5 l\u00e5dan: 42,8B x 28,7T x 10H cm<\/li>\n<li> Maximal belastning: 15 kg (\u00f6vre), 10 kg (l\u00e5da), 80 kg (totalt)<\/li>\n<\/ul>\n<p>Leverans inneh\u00e5ller:<\/p>\n<ul>\n<li> 1 x Sideboard<\/li>\n<li> 1 x Manual<\/li>\n<\/ul>\n","protected":false},"excerpt":{"rendered":"<p>Lider du av hush\u00e5llskaos och oro f\u00f6r skarpa m\u00f6belh\u00f6rn? Ditt hem b\u00f6r vara en fristad, inte en stressfaktor. [BRAND NAME]&#8230;<\/p>\n","protected":false},"featured_media":96759,"template":"","meta":[],"product_brand":[],"product_cat":[956,871,910],"product_tag":[],"class_list":{"0":"post-96770","1":"product","2":"type-product","3":"status-publish","4":"has-post-thumbnail","6":"product_cat-byraer-sideboards","7":"product_cat-hus-hem","8":"product_cat-vardagsrum","10":"first","11":"instock","12":"sale","13":"taxable","14":"shipping-taxable","15":"purchasable","16":"product-type-simple"},"yoast_head":"<!-- This site is optimized with the Yoast SEO plugin v25.4 - https:\/\/yoast.com\/wordpress\/plugins\/seo\/ -->\n<title>TRUUSK 100 cm Sidosk\u00e5p - 6 L\u00e5dor - F\u00f6r K\u00f6k, Vardagsrum, Matsal - Naturtr\u00e4 - TRUUSK - Hem, Tr\u00e4dg\u00e5rd &amp; Fritid<\/title>\n<meta name=\"robots\" content=\"index, follow, max-snippet:-1, max-image-preview:large, max-video-preview:-1\" \/>\n<link rel=\"canonical\" href=\"https:\/\/truusk.store\/sv\/produkt\/truusk-100-cm-sidoskap-6-lador-for-kok-vardagsrum-matsal-naturtra\/\" \/>\n<meta property=\"og:locale\" content=\"sv_SE\" \/>\n<meta property=\"og:type\" content=\"article\" \/>\n<meta property=\"og:title\" content=\"TRUUSK 100 cm Sidosk\u00e5p - 6 L\u00e5dor - F\u00f6r K\u00f6k, Vardagsrum, Matsal - Naturtr\u00e4 - TRUUSK - Hem, Tr\u00e4dg\u00e5rd &amp; Fritid\" \/>\n<meta property=\"og:description\" content=\"Lider du av hush\u00e5llskaos och oro f\u00f6r skarpa m\u00f6belh\u00f6rn? Ditt hem b\u00f6r vara en fristad, inte en stressfaktor. [BRAND NAME]...\" \/>\n<meta property=\"og:url\" content=\"https:\/\/truusk.store\/sv\/produkt\/truusk-100-cm-sidoskap-6-lador-for-kok-vardagsrum-matsal-naturtra\/\" \/>\n<meta property=\"og:site_name\" content=\"TRUUSK - Hem, Tr\u00e4dg\u00e5rd &amp; Fritid\" \/>\n<meta property=\"article:modified_time\" content=\"2026-03-12T07:50:40+00:00\" \/>\n<meta property=\"og:image\" content=\"https:\/\/i0.wp.com\/truusk.se\/wp-content\/uploads\/2025\/11\/100-cm-sideboard-buffetskap-med-6-lador-byra-for-kok-vardagsrum-matsal-naturtra-1.webp?fit=2000%2C2000&ssl=1\" \/>\n\t<meta property=\"og:image:width\" content=\"2000\" \/>\n\t<meta property=\"og:image:height\" content=\"2000\" \/>\n\t<meta property=\"og:image:type\" content=\"image\/webp\" \/>\n<meta name=\"twitter:card\" content=\"summary_large_image\" \/>\n<meta name=\"twitter:label1\" content=\"Ber\u00e4knad l\u00e4stid\" \/>\n\t<meta name=\"twitter:data1\" content=\"1 minut\" \/>\n<!-- \/ Yoast SEO plugin. -->","yoast_head_json":{"title":"TRUUSK 100 cm Sidosk\u00e5p - 6 L\u00e5dor - F\u00f6r K\u00f6k, Vardagsrum, Matsal - Naturtr\u00e4 - TRUUSK - Hem, Tr\u00e4dg\u00e5rd &amp; Fritid","robots":{"index":"index","follow":"follow","max-snippet":"max-snippet:-1","max-image-preview":"max-image-preview:large","max-video-preview":"max-video-preview:-1"},"canonical":"https:\/\/truusk.store\/sv\/produkt\/truusk-100-cm-sidoskap-6-lador-for-kok-vardagsrum-matsal-naturtra\/","og_locale":"sv_SE","og_type":"article","og_title":"TRUUSK 100 cm Sidosk\u00e5p - 6 L\u00e5dor - F\u00f6r K\u00f6k, Vardagsrum, Matsal - Naturtr\u00e4 - TRUUSK - Hem, Tr\u00e4dg\u00e5rd &amp; Fritid","og_description":"Lider du av hush\u00e5llskaos och oro f\u00f6r skarpa m\u00f6belh\u00f6rn? Ditt hem b\u00f6r vara en fristad, inte en stressfaktor. [BRAND NAME]...","og_url":"https:\/\/truusk.store\/sv\/produkt\/truusk-100-cm-sidoskap-6-lador-for-kok-vardagsrum-matsal-naturtra\/","og_site_name":"TRUUSK - Hem, Tr\u00e4dg\u00e5rd &amp; Fritid","article_modified_time":"2026-03-12T07:50:40+00:00","og_image":[{"width":2000,"height":2000,"url":"https:\/\/i0.wp.com\/truusk.se\/wp-content\/uploads\/2025\/11\/100-cm-sideboard-buffetskap-med-6-lador-byra-for-kok-vardagsrum-matsal-naturtra-1.webp?fit=2000%2C2000&ssl=1","type":"image\/webp"}],"twitter_card":"summary_large_image","twitter_misc":{"Ber\u00e4knad l\u00e4stid":"1 minut"},"schema":{"@context":"https:\/\/schema.org","@graph":[{"@type":"WebPage","@id":"https:\/\/truusk.store\/sv\/produkt\/truusk-100-cm-sidoskap-6-lador-for-kok-vardagsrum-matsal-naturtra\/","url":"https:\/\/truusk.store\/sv\/produkt\/truusk-100-cm-sidoskap-6-lador-for-kok-vardagsrum-matsal-naturtra\/","name":"TRUUSK 100 cm Sidosk\u00e5p - 6 L\u00e5dor - F\u00f6r K\u00f6k, Vardagsrum, Matsal - Naturtr\u00e4 - TRUUSK - Hem, Tr\u00e4dg\u00e5rd &amp; Fritid","isPartOf":{"@id":"https:\/\/truusk.store\/sv\/#website"},"primaryImageOfPage":{"@id":"https:\/\/truusk.store\/sv\/produkt\/truusk-100-cm-sidoskap-6-lador-for-kok-vardagsrum-matsal-naturtra\/#primaryimage"},"image":{"@id":"https:\/\/truusk.store\/sv\/produkt\/truusk-100-cm-sidoskap-6-lador-for-kok-vardagsrum-matsal-naturtra\/#primaryimage"},"thumbnailUrl":"https:\/\/i0.wp.com\/truusk.store\/wp-content\/uploads\/2025\/11\/100-cm-sideboard-buffetskap-med-6-lador-byra-for-kok-vardagsrum-matsal-naturtra-1.webp?fit=2000%2C2000&ssl=1","datePublished":"2025-11-24T09:12:00+00:00","dateModified":"2026-03-12T07:50:40+00:00","breadcrumb":{"@id":"https:\/\/truusk.store\/sv\/produkt\/truusk-100-cm-sidoskap-6-lador-for-kok-vardagsrum-matsal-naturtra\/#breadcrumb"},"inLanguage":"sv-SE","potentialAction":[{"@type":"ReadAction","target":["https:\/\/truusk.store\/sv\/produkt\/truusk-100-cm-sidoskap-6-lador-for-kok-vardagsrum-matsal-naturtra\/"]}]},{"@type":"ImageObject","inLanguage":"sv-SE","@id":"https:\/\/truusk.store\/sv\/produkt\/truusk-100-cm-sidoskap-6-lador-for-kok-vardagsrum-matsal-naturtra\/#primaryimage","url":"https:\/\/i0.wp.com\/truusk.store\/wp-content\/uploads\/2025\/11\/100-cm-sideboard-buffetskap-med-6-lador-byra-for-kok-vardagsrum-matsal-naturtra-1.webp?fit=2000%2C2000&ssl=1","contentUrl":"https:\/\/i0.wp.com\/truusk.store\/wp-content\/uploads\/2025\/11\/100-cm-sideboard-buffetskap-med-6-lador-byra-for-kok-vardagsrum-matsal-naturtra-1.webp?fit=2000%2C2000&ssl=1","width":2000,"height":2000},{"@type":"BreadcrumbList","@id":"https:\/\/truusk.store\/sv\/produkt\/truusk-100-cm-sidoskap-6-lador-for-kok-vardagsrum-matsal-naturtra\/#breadcrumb","itemListElement":[{"@type":"ListItem","position":1,"name":"Home","item":"https:\/\/truusk.store\/sv\/"},{"@type":"ListItem","position":2,"name":"Shop","item":"https:\/\/truusk.store\/shop\/"},{"@type":"ListItem","position":3,"name":"TRUUSK 100 cm Sidosk\u00e5p &#8211; 6 L\u00e5dor &#8211; F\u00f6r K\u00f6k, Vardagsrum, Matsal &#8211; Naturtr\u00e4"}]},{"@type":"WebSite","@id":"https:\/\/truusk.store\/sv\/#website","url":"https:\/\/truusk.store\/sv\/","name":"TRUUSK - Hem, Tr\u00e4dg\u00e5rd & Fritid","description":"","publisher":{"@id":"https:\/\/truusk.store\/sv\/#organization"},"potentialAction":[{"@type":"SearchAction","target":{"@type":"EntryPoint","urlTemplate":"https:\/\/truusk.store\/sv\/?s={search_term_string}"},"query-input":{"@type":"PropertyValueSpecification","valueRequired":true,"valueName":"search_term_string"}}],"inLanguage":"sv-SE"},{"@type":"Organization","@id":"https:\/\/truusk.store\/sv\/#organization","name":"TRUUSK - Hem, Tr\u00e4dg\u00e5rd & Fritid","url":"https:\/\/truusk.store\/sv\/","logo":{"@type":"ImageObject","inLanguage":"sv-SE","@id":"https:\/\/truusk.store\/sv\/#\/schema\/logo\/image\/","url":"https:\/\/i0.wp.com\/truusk.store\/wp-content\/uploads\/2026\/03\/cropped-TRUUSK.png?fit=2032%2C917&ssl=1","contentUrl":"https:\/\/i0.wp.com\/truusk.store\/wp-content\/uploads\/2026\/03\/cropped-TRUUSK.png?fit=2032%2C917&ssl=1","width":2032,"height":917,"caption":"TRUUSK - Hem, Tr\u00e4dg\u00e5rd & Fritid"},"image":{"@id":"https:\/\/truusk.store\/sv\/#\/schema\/logo\/image\/"}}]}},"jetpack_sharing_enabled":true,"_links":{"self":[{"href":"https:\/\/truusk.store\/sv\/wp-json\/wp\/v2\/product\/96770","targetHints":{"allow":["GET"]}}],"collection":[{"href":"https:\/\/truusk.store\/sv\/wp-json\/wp\/v2\/product"}],"about":[{"href":"https:\/\/truusk.store\/sv\/wp-json\/wp\/v2\/types\/product"}],"wp:featuredmedia":[{"embeddable":true,"href":"https:\/\/truusk.store\/sv\/wp-json\/wp\/v2\/media\/96759"}],"wp:attachment":[{"href":"https:\/\/truusk.store\/sv\/wp-json\/wp\/v2\/media?parent=96770"}],"wp:term":[{"taxonomy":"product_brand","embeddable":true,"href":"https:\/\/truusk.store\/sv\/wp-json\/wp\/v2\/product_brand?post=96770"},{"taxonomy":"product_cat","embeddable":true,"href":"https:\/\/truusk.store\/sv\/wp-json\/wp\/v2\/product_cat?post=96770"},{"taxonomy":"product_tag","embeddable":true,"href":"https:\/\/truusk.store\/sv\/wp-json\/wp\/v2\/product_tag?post=96770"}],"curies":[{"name":"wp","href":"https:\/\/api.w.org\/{rel}","templated":true}]}}