{"id":96790,"date":"2025-11-24T10:14:17","date_gmt":"2025-11-24T09:14:17","guid":{"rendered":"https:\/\/truusk.store\/product\/roddmaskin-for-traning-roddmaskin-med-6-11-l-vattentank-lcd-skarm-mobilhallare-135-kg-barkapacitet-stal-svart\/"},"modified":"2026-03-12T08:50:43","modified_gmt":"2026-03-12T07:50:43","slug":"truusk-roddmaskin-for-traning-med-6-11-l-vattentank-lcd-skarm-mobilhallare-135-kg-barkapacitet-stal-svart","status":"publish","type":"product","link":"https:\/\/truusk.store\/sv\/produkt\/truusk-roddmaskin-for-traning-med-6-11-l-vattentank-lcd-skarm-mobilhallare-135-kg-barkapacitet-stal-svart\/","title":{"rendered":"TRUUSK Roddmaskin f\u00f6r tr\u00e4ning &#8211; Med 6-11 L vattentank &#8211; LCD-sk\u00e4rm &#8211; Mobilh\u00e5llare &#8211; 135 kg b\u00e4rkapacitet &#8211; St\u00e5l &#8211; Svart"},"content":{"rendered":"<p>Tr\u00f6tt p\u00e5 monotona tr\u00e4ningar och ostadiga maskiner hemma? Upplev en kraftfull och \u00e4kta roddupplevelse med [BRAND NAME] vattenroddmaskin tack vare dess mjuka vattenmotst\u00e5nd och stabila st\u00e5lram. F\u00f6lj din prestation i realtid p\u00e5 vattenroddmaskinens LCD-display och titta p\u00e5 kurser eller videor under tr\u00e4ningen, tack vare den praktiska mobilh\u00e5llaren. Denna vattenroddmaskin kan enkelt f\u00f6rvaras vertikalt och sparar d\u00e4rmed mycket utrymme.<\/p>\n<p>Beskrivning:<\/p>\n<ul>\n<li> Upplev \u00e4kta rodd med denna vattenroddmaskin med justerbar tank fr\u00e5n 6\u201311 L<\/li>\n<li> En robust st\u00e5lram p\u00e5 vattenroddmaskinen b\u00e4r upp till 135 kg och erbjuder stabilitet och h\u00e5llbarhet<\/li>\n<li> Monitorn f\u00f6ljer statistik och en mobilh\u00e5llare g\u00f6r tr\u00e4ningen underh\u00e5llande och engagerande<\/li>\n<li> Ergonomiskt vadderat s\u00e4te och stora pedaler ger komfort under l\u00e5nga, ledv\u00e4nliga sessioner<\/li>\n<li> Tack vare den smarta designen kan denna roddmaskin f\u00f6rvaras uppr\u00e4tt, vilket sparar v\u00e4rdefullt golvutrymme<\/li>\n<li> Njut av en mjuk tr\u00e4ning med en precisionsgjord rullande sits f\u00f6r exceptionell komfort<\/li>\n<li> Snabbt redo att starta med en enkel struktur som \u00e4r mycket l\u00e4tt att montera<\/li>\n<\/ul>\n<p> Tekniska data:<\/p>\n<ul>\n<li> F\u00e4rg: Svart<\/li>\n<li> Material: Plast, st\u00e5l, konstl\u00e4der<\/li>\n<li> Totala dimensioner: 170L x 46B x 77H cm<\/li>\n<li> Sitsstorlek: 31L x 25B cm<\/li>\n<li> Sitth\u00f6jd: 23H cm<\/li>\n<li> Sitsresedistans: 70 cm<\/li>\n<li> Pedalstorlek: 30L x 13B cm<\/li>\n<li> Styre storlek: 45L x \u00d83,2 cm<\/li>\n<li> Vattentankens kapacitet: 6-11 L<\/li>\n<li> Maximal belastning: 135 kg<\/li>\n<\/ul>\n<p>Leverans inneh\u00e5ller:<\/p>\n<ul>\n<li> 1 x Roddmaskin<\/li>\n<li> 1 x Bruksanvisning<\/li>\n<\/ul>\n","protected":false},"excerpt":{"rendered":"<p>Tr\u00f6tt p\u00e5 monotona tr\u00e4ningar och ostadiga maskiner hemma? Upplev en kraftfull och \u00e4kta roddupplevelse med [BRAND NAME] vattenroddmaskin tack vare&#8230;<\/p>\n","protected":false},"featured_media":96781,"template":"","meta":[],"product_brand":[],"product_cat":[891,980,647],"product_tag":[],"class_list":{"0":"post-96790","1":"product","2":"type-product","3":"status-publish","4":"has-post-thumbnail","6":"product_cat-ergometer-hemtranare","7":"product_cat-fitness-kraftsport","8":"product_cat-sport-fritid","10":"first","11":"instock","12":"sale","13":"taxable","14":"shipping-taxable","15":"purchasable","16":"product-type-simple"},"yoast_head":"<!-- This site is optimized with the Yoast SEO plugin v25.4 - https:\/\/yoast.com\/wordpress\/plugins\/seo\/ -->\n<title>TRUUSK Roddmaskin f\u00f6r tr\u00e4ning - Med 6-11 L vattentank - LCD-sk\u00e4rm - Mobilh\u00e5llare - 135 kg b\u00e4rkapacitet - St\u00e5l - Svart - TRUUSK - Hem, Tr\u00e4dg\u00e5rd &amp; Fritid<\/title>\n<meta name=\"robots\" content=\"index, follow, max-snippet:-1, max-image-preview:large, max-video-preview:-1\" \/>\n<link rel=\"canonical\" href=\"https:\/\/truusk.store\/sv\/produkt\/truusk-roddmaskin-for-traning-med-6-11-l-vattentank-lcd-skarm-mobilhallare-135-kg-barkapacitet-stal-svart\/\" \/>\n<meta property=\"og:locale\" content=\"sv_SE\" \/>\n<meta property=\"og:type\" content=\"article\" \/>\n<meta property=\"og:title\" content=\"TRUUSK Roddmaskin f\u00f6r tr\u00e4ning - Med 6-11 L vattentank - LCD-sk\u00e4rm - Mobilh\u00e5llare - 135 kg b\u00e4rkapacitet - St\u00e5l - Svart - TRUUSK - Hem, Tr\u00e4dg\u00e5rd &amp; Fritid\" \/>\n<meta property=\"og:description\" content=\"Tr\u00f6tt p\u00e5 monotona tr\u00e4ningar och ostadiga maskiner hemma? Upplev en kraftfull och \u00e4kta roddupplevelse med [BRAND NAME] vattenroddmaskin tack vare...\" \/>\n<meta property=\"og:url\" content=\"https:\/\/truusk.store\/sv\/produkt\/truusk-roddmaskin-for-traning-med-6-11-l-vattentank-lcd-skarm-mobilhallare-135-kg-barkapacitet-stal-svart\/\" \/>\n<meta property=\"og:site_name\" content=\"TRUUSK - Hem, Tr\u00e4dg\u00e5rd &amp; Fritid\" \/>\n<meta property=\"article:modified_time\" content=\"2026-03-12T07:50:43+00:00\" \/>\n<meta property=\"og:image\" content=\"https:\/\/i0.wp.com\/truusk.se\/wp-content\/uploads\/2025\/11\/roddmaskin-for-traning-roddmaskin-med-6-11-l-vattentank-lcd-skarm-mobilhallare-135-kg-barkapacitet-stal-svart-1.webp?fit=2000%2C2000&ssl=1\" \/>\n\t<meta property=\"og:image:width\" content=\"2000\" \/>\n\t<meta property=\"og:image:height\" content=\"2000\" \/>\n\t<meta property=\"og:image:type\" content=\"image\/webp\" \/>\n<meta name=\"twitter:card\" content=\"summary_large_image\" \/>\n<meta name=\"twitter:label1\" content=\"Ber\u00e4knad l\u00e4stid\" \/>\n\t<meta name=\"twitter:data1\" content=\"1 minut\" \/>\n<!-- \/ Yoast SEO plugin. -->","yoast_head_json":{"title":"TRUUSK Roddmaskin f\u00f6r tr\u00e4ning - Med 6-11 L vattentank - LCD-sk\u00e4rm - Mobilh\u00e5llare - 135 kg b\u00e4rkapacitet - St\u00e5l - Svart - TRUUSK - Hem, Tr\u00e4dg\u00e5rd &amp; Fritid","robots":{"index":"index","follow":"follow","max-snippet":"max-snippet:-1","max-image-preview":"max-image-preview:large","max-video-preview":"max-video-preview:-1"},"canonical":"https:\/\/truusk.store\/sv\/produkt\/truusk-roddmaskin-for-traning-med-6-11-l-vattentank-lcd-skarm-mobilhallare-135-kg-barkapacitet-stal-svart\/","og_locale":"sv_SE","og_type":"article","og_title":"TRUUSK Roddmaskin f\u00f6r tr\u00e4ning - Med 6-11 L vattentank - LCD-sk\u00e4rm - Mobilh\u00e5llare - 135 kg b\u00e4rkapacitet - St\u00e5l - Svart - TRUUSK - Hem, Tr\u00e4dg\u00e5rd &amp; Fritid","og_description":"Tr\u00f6tt p\u00e5 monotona tr\u00e4ningar och ostadiga maskiner hemma? Upplev en kraftfull och \u00e4kta roddupplevelse med [BRAND NAME] vattenroddmaskin tack vare...","og_url":"https:\/\/truusk.store\/sv\/produkt\/truusk-roddmaskin-for-traning-med-6-11-l-vattentank-lcd-skarm-mobilhallare-135-kg-barkapacitet-stal-svart\/","og_site_name":"TRUUSK - Hem, Tr\u00e4dg\u00e5rd &amp; Fritid","article_modified_time":"2026-03-12T07:50:43+00:00","og_image":[{"width":2000,"height":2000,"url":"https:\/\/i0.wp.com\/truusk.se\/wp-content\/uploads\/2025\/11\/roddmaskin-for-traning-roddmaskin-med-6-11-l-vattentank-lcd-skarm-mobilhallare-135-kg-barkapacitet-stal-svart-1.webp?fit=2000%2C2000&ssl=1","type":"image\/webp"}],"twitter_card":"summary_large_image","twitter_misc":{"Ber\u00e4knad l\u00e4stid":"1 minut"},"schema":{"@context":"https:\/\/schema.org","@graph":[{"@type":"WebPage","@id":"https:\/\/truusk.store\/sv\/produkt\/truusk-roddmaskin-for-traning-med-6-11-l-vattentank-lcd-skarm-mobilhallare-135-kg-barkapacitet-stal-svart\/","url":"https:\/\/truusk.store\/sv\/produkt\/truusk-roddmaskin-for-traning-med-6-11-l-vattentank-lcd-skarm-mobilhallare-135-kg-barkapacitet-stal-svart\/","name":"TRUUSK Roddmaskin f\u00f6r tr\u00e4ning - Med 6-11 L vattentank - LCD-sk\u00e4rm - Mobilh\u00e5llare - 135 kg b\u00e4rkapacitet - St\u00e5l - Svart - TRUUSK - Hem, Tr\u00e4dg\u00e5rd &amp; Fritid","isPartOf":{"@id":"https:\/\/truusk.store\/sv\/#website"},"primaryImageOfPage":{"@id":"https:\/\/truusk.store\/sv\/produkt\/truusk-roddmaskin-for-traning-med-6-11-l-vattentank-lcd-skarm-mobilhallare-135-kg-barkapacitet-stal-svart\/#primaryimage"},"image":{"@id":"https:\/\/truusk.store\/sv\/produkt\/truusk-roddmaskin-for-traning-med-6-11-l-vattentank-lcd-skarm-mobilhallare-135-kg-barkapacitet-stal-svart\/#primaryimage"},"thumbnailUrl":"https:\/\/i0.wp.com\/truusk.store\/wp-content\/uploads\/2025\/11\/roddmaskin-for-traning-roddmaskin-med-6-11-l-vattentank-lcd-skarm-mobilhallare-135-kg-barkapacitet-stal-svart-1.webp?fit=2000%2C2000&ssl=1","datePublished":"2025-11-24T09:14:17+00:00","dateModified":"2026-03-12T07:50:43+00:00","breadcrumb":{"@id":"https:\/\/truusk.store\/sv\/produkt\/truusk-roddmaskin-for-traning-med-6-11-l-vattentank-lcd-skarm-mobilhallare-135-kg-barkapacitet-stal-svart\/#breadcrumb"},"inLanguage":"sv-SE","potentialAction":[{"@type":"ReadAction","target":["https:\/\/truusk.store\/sv\/produkt\/truusk-roddmaskin-for-traning-med-6-11-l-vattentank-lcd-skarm-mobilhallare-135-kg-barkapacitet-stal-svart\/"]}]},{"@type":"ImageObject","inLanguage":"sv-SE","@id":"https:\/\/truusk.store\/sv\/produkt\/truusk-roddmaskin-for-traning-med-6-11-l-vattentank-lcd-skarm-mobilhallare-135-kg-barkapacitet-stal-svart\/#primaryimage","url":"https:\/\/i0.wp.com\/truusk.store\/wp-content\/uploads\/2025\/11\/roddmaskin-for-traning-roddmaskin-med-6-11-l-vattentank-lcd-skarm-mobilhallare-135-kg-barkapacitet-stal-svart-1.webp?fit=2000%2C2000&ssl=1","contentUrl":"https:\/\/i0.wp.com\/truusk.store\/wp-content\/uploads\/2025\/11\/roddmaskin-for-traning-roddmaskin-med-6-11-l-vattentank-lcd-skarm-mobilhallare-135-kg-barkapacitet-stal-svart-1.webp?fit=2000%2C2000&ssl=1","width":2000,"height":2000},{"@type":"BreadcrumbList","@id":"https:\/\/truusk.store\/sv\/produkt\/truusk-roddmaskin-for-traning-med-6-11-l-vattentank-lcd-skarm-mobilhallare-135-kg-barkapacitet-stal-svart\/#breadcrumb","itemListElement":[{"@type":"ListItem","position":1,"name":"Home","item":"https:\/\/truusk.store\/sv\/"},{"@type":"ListItem","position":2,"name":"Shop","item":"https:\/\/truusk.store\/shop\/"},{"@type":"ListItem","position":3,"name":"TRUUSK Roddmaskin f\u00f6r tr\u00e4ning &#8211; Med 6-11 L vattentank &#8211; LCD-sk\u00e4rm &#8211; Mobilh\u00e5llare &#8211; 135 kg b\u00e4rkapacitet &#8211; St\u00e5l &#8211; Svart"}]},{"@type":"WebSite","@id":"https:\/\/truusk.store\/sv\/#website","url":"https:\/\/truusk.store\/sv\/","name":"TRUUSK - Hem, Tr\u00e4dg\u00e5rd & Fritid","description":"","publisher":{"@id":"https:\/\/truusk.store\/sv\/#organization"},"potentialAction":[{"@type":"SearchAction","target":{"@type":"EntryPoint","urlTemplate":"https:\/\/truusk.store\/sv\/?s={search_term_string}"},"query-input":{"@type":"PropertyValueSpecification","valueRequired":true,"valueName":"search_term_string"}}],"inLanguage":"sv-SE"},{"@type":"Organization","@id":"https:\/\/truusk.store\/sv\/#organization","name":"TRUUSK - Hem, Tr\u00e4dg\u00e5rd & Fritid","url":"https:\/\/truusk.store\/sv\/","logo":{"@type":"ImageObject","inLanguage":"sv-SE","@id":"https:\/\/truusk.store\/sv\/#\/schema\/logo\/image\/","url":"https:\/\/i0.wp.com\/truusk.store\/wp-content\/uploads\/2026\/03\/cropped-TRUUSK.png?fit=2032%2C917&ssl=1","contentUrl":"https:\/\/i0.wp.com\/truusk.store\/wp-content\/uploads\/2026\/03\/cropped-TRUUSK.png?fit=2032%2C917&ssl=1","width":2032,"height":917,"caption":"TRUUSK - Hem, Tr\u00e4dg\u00e5rd & Fritid"},"image":{"@id":"https:\/\/truusk.store\/sv\/#\/schema\/logo\/image\/"}}]}},"jetpack_sharing_enabled":true,"_links":{"self":[{"href":"https:\/\/truusk.store\/sv\/wp-json\/wp\/v2\/product\/96790","targetHints":{"allow":["GET"]}}],"collection":[{"href":"https:\/\/truusk.store\/sv\/wp-json\/wp\/v2\/product"}],"about":[{"href":"https:\/\/truusk.store\/sv\/wp-json\/wp\/v2\/types\/product"}],"wp:featuredmedia":[{"embeddable":true,"href":"https:\/\/truusk.store\/sv\/wp-json\/wp\/v2\/media\/96781"}],"wp:attachment":[{"href":"https:\/\/truusk.store\/sv\/wp-json\/wp\/v2\/media?parent=96790"}],"wp:term":[{"taxonomy":"product_brand","embeddable":true,"href":"https:\/\/truusk.store\/sv\/wp-json\/wp\/v2\/product_brand?post=96790"},{"taxonomy":"product_cat","embeddable":true,"href":"https:\/\/truusk.store\/sv\/wp-json\/wp\/v2\/product_cat?post=96790"},{"taxonomy":"product_tag","embeddable":true,"href":"https:\/\/truusk.store\/sv\/wp-json\/wp\/v2\/product_tag?post=96790"}],"curies":[{"name":"wp","href":"https:\/\/api.w.org\/{rel}","templated":true}]}}