{"id":96803,"date":"2025-11-24T10:15:36","date_gmt":"2025-11-24T09:15:36","guid":{"rendered":"https:\/\/truusk.store\/product\/rullbar-kokso-utfallbar-arbetsyta-mjukstangande-skapdorrar-lador-handduksstall-mdf-vit\/"},"modified":"2026-03-12T08:50:45","modified_gmt":"2026-03-12T07:50:45","slug":"truusk-rullbar-kokso-utfallbar-arbetsyta-mjukstangande-skapdorrar-lador-handduksstall-mdf-vit","status":"publish","type":"product","link":"https:\/\/truusk.store\/sv\/produkt\/truusk-rullbar-kokso-utfallbar-arbetsyta-mjukstangande-skapdorrar-lador-handduksstall-mdf-vit\/","title":{"rendered":"TRUUSK Rullbar K\u00f6ks\u00f6 &#8211; Utf\u00e4llbar Arbetsyta &#8211; Mjukst\u00e4ngande Sk\u00e5pd\u00f6rrar &#8211; L\u00e5dor &#8211; Handduksst\u00e4ll &#8211; MDF &#8211; Vit"},"content":{"rendered":"<p>K\u00e4mpar du mot ett \u00f6verfullt k\u00f6k och f\u00f6r lite arbetsyta? Denna r\u00f6ra g\u00f6r snabbt matlagningen besv\u00e4rlig, s\u00e4rskilt n\u00e4r du har g\u00e4ster. [BRAND NAME] k\u00f6ksvagnen skapar lugn och ordning: den erbjuder mycket f\u00f6rvaringsutrymme f\u00f6r en st\u00e4dad arbetsyta och en utdragbar hylla f\u00f6r mer utrymme. Flytta vagnen vid behov och fixera den s\u00e4kert s\u00e5 att ditt k\u00f6k blir en flexibel och effektiv plats f\u00f6r bekymmersfri produktivitet.<\/p>\n<p>Beskrivning:<\/p>\n<ul>\n<li> En utf\u00e4llbar arbetsb\u00e4nk p\u00e5 k\u00f6ks\u00f6n ut\u00f6kar ditt arbetsomr\u00e5de f\u00f6r matlagning eller servering<\/li>\n<li> Tv\u00e5 l\u00e5dor, tv\u00e5 \u00f6ppna fack, tv\u00e5 sk\u00e5p, tre kryddhyllor och en handduksst\u00e5ng skapar ordning<\/li>\n<li> Anpassa ditt f\u00f6rvaringsutrymme med 3-stegs justerbara hyllor f\u00f6r att rymma h\u00f6gre eller skrymmande f\u00f6rem\u00e5l<\/li>\n<li> Soft-Close-g\u00e5ngj\u00e4rn p\u00e5 k\u00f6ksvagnen ser till att d\u00f6rrarna st\u00e4ngs tyst och f\u00f6rhindrar h\u00f6gt sm\u00e4llande<\/li>\n<li> Rullar mjukt p\u00e5 fem hjul och st\u00e5r s\u00e4kert och stabilt med tv\u00e5 bromsar<\/li>\n<li> Fungerar som en k\u00f6ks\u00f6, matbuff\u00e9 eller mobil vagn<\/li>\n<li> MDF-ramen b\u00e4r upp till 105 kg, medan melaminytan \u00e4r l\u00e4tt att reng\u00f6ra<\/li>\n<li> Montering kr\u00e4vs<\/li>\n<\/ul>\n<p> Tekniska specifikationer:<\/p>\n<ul>\n<li> F\u00e4rg: Vit, Naturtr\u00e4<\/li>\n<li> Material: MDF<\/li>\n<li> Totala dimensioner: 115B x 70D x 89H cm<\/li>\n<li> Bordsskivans storlek: 96B x 40D cm (ihopf\u00e4lld), 96B x 70D cm (utf\u00e4lld)<\/li>\n<li> Inre m\u00e5tt p\u00e5 l\u00e5dorna: 85,1B x 28,7D x 10H cm (stor), 24,1B x 28,7D x 10H cm (liten)<\/li>\n<li> \u00d6ppen hyllstorlek: 29B x 36D x 18,8H cm<\/li>\n<li> Inre m\u00e5tt p\u00e5 sk\u00e5pet: 29B x 36D x 58H cm<\/li>\n<li> Sidramens storlek: 30,8B x 12D x 6,6\/9\/9H cm<\/li>\n<li> Handduksst\u00e4ngens storlek: 34,2B x 10D x 8H cm<\/li>\n<li> Maximal belastning: 105 kg (totalt), 30 kg (ovanp\u00e5), 10 kg (stor l\u00e5da), 5 kg (liten l\u00e5da\/hylla)<\/li>\n<\/ul>\n<p>Leveransinneh\u00e5ll:<\/p>\n<ul>\n<li> 1 x K\u00f6ks\u00f6<\/li>\n<li> 1 x Bruksanvisning<\/li>\n<\/ul>\n","protected":false},"excerpt":{"rendered":"<p>K\u00e4mpar du mot ett \u00f6verfullt k\u00f6k och f\u00f6r lite arbetsyta? Denna r\u00f6ra g\u00f6r snabbt matlagningen besv\u00e4rlig, s\u00e4rskilt n\u00e4r du har&#8230;<\/p>\n","protected":false},"featured_media":96791,"template":"","meta":[],"product_brand":[],"product_cat":[871,889,1017],"product_tag":[],"class_list":{"0":"post-96803","1":"product","2":"type-product","3":"status-publish","4":"has-post-thumbnail","6":"product_cat-hus-hem","7":"product_cat-kok-matsal","8":"product_cat-koksoar","10":"first","11":"instock","12":"sale","13":"taxable","14":"shipping-taxable","15":"purchasable","16":"product-type-simple"},"yoast_head":"<!-- This site is optimized with the Yoast SEO plugin v25.4 - https:\/\/yoast.com\/wordpress\/plugins\/seo\/ -->\n<title>TRUUSK Rullbar K\u00f6ks\u00f6 - Utf\u00e4llbar Arbetsyta - Mjukst\u00e4ngande Sk\u00e5pd\u00f6rrar - L\u00e5dor - Handduksst\u00e4ll - MDF - Vit - TRUUSK - Hem, Tr\u00e4dg\u00e5rd &amp; Fritid<\/title>\n<meta name=\"robots\" content=\"index, follow, max-snippet:-1, max-image-preview:large, max-video-preview:-1\" \/>\n<link rel=\"canonical\" href=\"https:\/\/truusk.store\/sv\/produkt\/truusk-rullbar-kokso-utfallbar-arbetsyta-mjukstangande-skapdorrar-lador-handduksstall-mdf-vit\/\" \/>\n<meta property=\"og:locale\" content=\"sv_SE\" \/>\n<meta property=\"og:type\" content=\"article\" \/>\n<meta property=\"og:title\" content=\"TRUUSK Rullbar K\u00f6ks\u00f6 - Utf\u00e4llbar Arbetsyta - Mjukst\u00e4ngande Sk\u00e5pd\u00f6rrar - L\u00e5dor - Handduksst\u00e4ll - MDF - Vit - TRUUSK - Hem, Tr\u00e4dg\u00e5rd &amp; Fritid\" \/>\n<meta property=\"og:description\" content=\"K\u00e4mpar du mot ett \u00f6verfullt k\u00f6k och f\u00f6r lite arbetsyta? Denna r\u00f6ra g\u00f6r snabbt matlagningen besv\u00e4rlig, s\u00e4rskilt n\u00e4r du har...\" \/>\n<meta property=\"og:url\" content=\"https:\/\/truusk.store\/sv\/produkt\/truusk-rullbar-kokso-utfallbar-arbetsyta-mjukstangande-skapdorrar-lador-handduksstall-mdf-vit\/\" \/>\n<meta property=\"og:site_name\" content=\"TRUUSK - Hem, Tr\u00e4dg\u00e5rd &amp; Fritid\" \/>\n<meta property=\"article:modified_time\" content=\"2026-03-12T07:50:45+00:00\" \/>\n<meta property=\"og:image\" content=\"https:\/\/i0.wp.com\/truusk.se\/wp-content\/uploads\/2025\/11\/rullbar-kokso-utfallbar-arbetsyta-mjukstangande-skapdorrar-lador-handduksstall-mdf-vit-1.webp?fit=2000%2C2000&ssl=1\" \/>\n\t<meta property=\"og:image:width\" content=\"2000\" \/>\n\t<meta property=\"og:image:height\" content=\"2000\" \/>\n\t<meta property=\"og:image:type\" content=\"image\/webp\" \/>\n<meta name=\"twitter:card\" content=\"summary_large_image\" \/>\n<meta name=\"twitter:label1\" content=\"Ber\u00e4knad l\u00e4stid\" \/>\n\t<meta name=\"twitter:data1\" content=\"2 minuter\" \/>\n<!-- \/ Yoast SEO plugin. -->","yoast_head_json":{"title":"TRUUSK Rullbar K\u00f6ks\u00f6 - Utf\u00e4llbar Arbetsyta - Mjukst\u00e4ngande Sk\u00e5pd\u00f6rrar - L\u00e5dor - Handduksst\u00e4ll - MDF - Vit - TRUUSK - Hem, Tr\u00e4dg\u00e5rd &amp; Fritid","robots":{"index":"index","follow":"follow","max-snippet":"max-snippet:-1","max-image-preview":"max-image-preview:large","max-video-preview":"max-video-preview:-1"},"canonical":"https:\/\/truusk.store\/sv\/produkt\/truusk-rullbar-kokso-utfallbar-arbetsyta-mjukstangande-skapdorrar-lador-handduksstall-mdf-vit\/","og_locale":"sv_SE","og_type":"article","og_title":"TRUUSK Rullbar K\u00f6ks\u00f6 - Utf\u00e4llbar Arbetsyta - Mjukst\u00e4ngande Sk\u00e5pd\u00f6rrar - L\u00e5dor - Handduksst\u00e4ll - MDF - Vit - TRUUSK - Hem, Tr\u00e4dg\u00e5rd &amp; Fritid","og_description":"K\u00e4mpar du mot ett \u00f6verfullt k\u00f6k och f\u00f6r lite arbetsyta? Denna r\u00f6ra g\u00f6r snabbt matlagningen besv\u00e4rlig, s\u00e4rskilt n\u00e4r du har...","og_url":"https:\/\/truusk.store\/sv\/produkt\/truusk-rullbar-kokso-utfallbar-arbetsyta-mjukstangande-skapdorrar-lador-handduksstall-mdf-vit\/","og_site_name":"TRUUSK - Hem, Tr\u00e4dg\u00e5rd &amp; Fritid","article_modified_time":"2026-03-12T07:50:45+00:00","og_image":[{"width":2000,"height":2000,"url":"https:\/\/i0.wp.com\/truusk.se\/wp-content\/uploads\/2025\/11\/rullbar-kokso-utfallbar-arbetsyta-mjukstangande-skapdorrar-lador-handduksstall-mdf-vit-1.webp?fit=2000%2C2000&ssl=1","type":"image\/webp"}],"twitter_card":"summary_large_image","twitter_misc":{"Ber\u00e4knad l\u00e4stid":"2 minuter"},"schema":{"@context":"https:\/\/schema.org","@graph":[{"@type":"WebPage","@id":"https:\/\/truusk.store\/sv\/produkt\/truusk-rullbar-kokso-utfallbar-arbetsyta-mjukstangande-skapdorrar-lador-handduksstall-mdf-vit\/","url":"https:\/\/truusk.store\/sv\/produkt\/truusk-rullbar-kokso-utfallbar-arbetsyta-mjukstangande-skapdorrar-lador-handduksstall-mdf-vit\/","name":"TRUUSK Rullbar K\u00f6ks\u00f6 - Utf\u00e4llbar Arbetsyta - Mjukst\u00e4ngande Sk\u00e5pd\u00f6rrar - L\u00e5dor - Handduksst\u00e4ll - MDF - Vit - TRUUSK - Hem, Tr\u00e4dg\u00e5rd &amp; Fritid","isPartOf":{"@id":"https:\/\/truusk.store\/sv\/#website"},"primaryImageOfPage":{"@id":"https:\/\/truusk.store\/sv\/produkt\/truusk-rullbar-kokso-utfallbar-arbetsyta-mjukstangande-skapdorrar-lador-handduksstall-mdf-vit\/#primaryimage"},"image":{"@id":"https:\/\/truusk.store\/sv\/produkt\/truusk-rullbar-kokso-utfallbar-arbetsyta-mjukstangande-skapdorrar-lador-handduksstall-mdf-vit\/#primaryimage"},"thumbnailUrl":"https:\/\/i0.wp.com\/truusk.store\/wp-content\/uploads\/2025\/11\/rullbar-kokso-utfallbar-arbetsyta-mjukstangande-skapdorrar-lador-handduksstall-mdf-vit-1.webp?fit=2000%2C2000&ssl=1","datePublished":"2025-11-24T09:15:36+00:00","dateModified":"2026-03-12T07:50:45+00:00","breadcrumb":{"@id":"https:\/\/truusk.store\/sv\/produkt\/truusk-rullbar-kokso-utfallbar-arbetsyta-mjukstangande-skapdorrar-lador-handduksstall-mdf-vit\/#breadcrumb"},"inLanguage":"sv-SE","potentialAction":[{"@type":"ReadAction","target":["https:\/\/truusk.store\/sv\/produkt\/truusk-rullbar-kokso-utfallbar-arbetsyta-mjukstangande-skapdorrar-lador-handduksstall-mdf-vit\/"]}]},{"@type":"ImageObject","inLanguage":"sv-SE","@id":"https:\/\/truusk.store\/sv\/produkt\/truusk-rullbar-kokso-utfallbar-arbetsyta-mjukstangande-skapdorrar-lador-handduksstall-mdf-vit\/#primaryimage","url":"https:\/\/i0.wp.com\/truusk.store\/wp-content\/uploads\/2025\/11\/rullbar-kokso-utfallbar-arbetsyta-mjukstangande-skapdorrar-lador-handduksstall-mdf-vit-1.webp?fit=2000%2C2000&ssl=1","contentUrl":"https:\/\/i0.wp.com\/truusk.store\/wp-content\/uploads\/2025\/11\/rullbar-kokso-utfallbar-arbetsyta-mjukstangande-skapdorrar-lador-handduksstall-mdf-vit-1.webp?fit=2000%2C2000&ssl=1","width":2000,"height":2000},{"@type":"BreadcrumbList","@id":"https:\/\/truusk.store\/sv\/produkt\/truusk-rullbar-kokso-utfallbar-arbetsyta-mjukstangande-skapdorrar-lador-handduksstall-mdf-vit\/#breadcrumb","itemListElement":[{"@type":"ListItem","position":1,"name":"Home","item":"https:\/\/truusk.store\/sv\/"},{"@type":"ListItem","position":2,"name":"Shop","item":"https:\/\/truusk.store\/shop\/"},{"@type":"ListItem","position":3,"name":"TRUUSK Rullbar K\u00f6ks\u00f6 &#8211; Utf\u00e4llbar Arbetsyta &#8211; Mjukst\u00e4ngande Sk\u00e5pd\u00f6rrar &#8211; L\u00e5dor &#8211; Handduksst\u00e4ll &#8211; MDF &#8211; Vit"}]},{"@type":"WebSite","@id":"https:\/\/truusk.store\/sv\/#website","url":"https:\/\/truusk.store\/sv\/","name":"TRUUSK - Hem, Tr\u00e4dg\u00e5rd & Fritid","description":"","publisher":{"@id":"https:\/\/truusk.store\/sv\/#organization"},"potentialAction":[{"@type":"SearchAction","target":{"@type":"EntryPoint","urlTemplate":"https:\/\/truusk.store\/sv\/?s={search_term_string}"},"query-input":{"@type":"PropertyValueSpecification","valueRequired":true,"valueName":"search_term_string"}}],"inLanguage":"sv-SE"},{"@type":"Organization","@id":"https:\/\/truusk.store\/sv\/#organization","name":"TRUUSK - Hem, Tr\u00e4dg\u00e5rd & Fritid","url":"https:\/\/truusk.store\/sv\/","logo":{"@type":"ImageObject","inLanguage":"sv-SE","@id":"https:\/\/truusk.store\/sv\/#\/schema\/logo\/image\/","url":"https:\/\/i0.wp.com\/truusk.store\/wp-content\/uploads\/2026\/03\/cropped-TRUUSK.png?fit=2032%2C917&ssl=1","contentUrl":"https:\/\/i0.wp.com\/truusk.store\/wp-content\/uploads\/2026\/03\/cropped-TRUUSK.png?fit=2032%2C917&ssl=1","width":2032,"height":917,"caption":"TRUUSK - Hem, Tr\u00e4dg\u00e5rd & Fritid"},"image":{"@id":"https:\/\/truusk.store\/sv\/#\/schema\/logo\/image\/"}}]}},"jetpack_sharing_enabled":true,"_links":{"self":[{"href":"https:\/\/truusk.store\/sv\/wp-json\/wp\/v2\/product\/96803","targetHints":{"allow":["GET"]}}],"collection":[{"href":"https:\/\/truusk.store\/sv\/wp-json\/wp\/v2\/product"}],"about":[{"href":"https:\/\/truusk.store\/sv\/wp-json\/wp\/v2\/types\/product"}],"wp:featuredmedia":[{"embeddable":true,"href":"https:\/\/truusk.store\/sv\/wp-json\/wp\/v2\/media\/96791"}],"wp:attachment":[{"href":"https:\/\/truusk.store\/sv\/wp-json\/wp\/v2\/media?parent=96803"}],"wp:term":[{"taxonomy":"product_brand","embeddable":true,"href":"https:\/\/truusk.store\/sv\/wp-json\/wp\/v2\/product_brand?post=96803"},{"taxonomy":"product_cat","embeddable":true,"href":"https:\/\/truusk.store\/sv\/wp-json\/wp\/v2\/product_cat?post=96803"},{"taxonomy":"product_tag","embeddable":true,"href":"https:\/\/truusk.store\/sv\/wp-json\/wp\/v2\/product_tag?post=96803"}],"curies":[{"name":"wp","href":"https:\/\/api.w.org\/{rel}","templated":true}]}}