{"id":96812,"date":"2025-11-24T10:16:24","date_gmt":"2025-11-24T09:16:24","guid":{"rendered":"https:\/\/truusk.store\/product\/3-i-1-verktygslada-verktygsskap-med-4-hjul-lasbar-verktygslada-med-9-lador-stal-svart\/"},"modified":"2026-03-12T08:50:46","modified_gmt":"2026-03-12T07:50:46","slug":"truusk-3-i-1-verktygslada-med-4-hjul-och-las-9-lador-stal-svart","status":"publish","type":"product","link":"https:\/\/truusk.store\/sv\/produkt\/truusk-3-i-1-verktygslada-med-4-hjul-och-las-9-lador-stal-svart\/","title":{"rendered":"TRUUSK 3-i-1 Verktygsl\u00e5da &#8211; Med 4 Hjul och L\u00e5s &#8211; 9 L\u00e5dor &#8211; St\u00e5l &#8211; Svart"},"content":{"rendered":"<p>Lider du av garager\u00f6ran som bromsar dina projekt? Att leta efter en specifik skruv eller ett verktyg kan f\u00f6rvandla en inspirerande eftermiddag till en stressig situation. [BRAND NAME] verktygsvagn ger ordning och lugn: dess 3-i-1-design m\u00f6jligg\u00f6r flexibel verktygsf\u00f6rvaring och nio EVA-vadderade l\u00e5dor p\u00e5 smidiga skenor skyddar dina verktyg. Allt \u00e4r tydligt organiserat och redo att anv\u00e4ndas f\u00f6r ditt n\u00e4sta projekt.<\/p>\n<p>Beskrivning:<\/p>\n<ul>\n<li> Har en 3-i-1 modul\u00e4r design som erbjuder o\u00f6vertr\u00e4ffad flexibilitet f\u00f6r varje uppgift<\/li>\n<li> Verktygsvagnens \u00f6versta verktygsl\u00e5da inkluderar ett l\u00e5s som ger essentiell s\u00e4kerhet f\u00f6r dina v\u00e4rdefulla verktyg<\/li>\n<li> Nio l\u00e5dor och ett sk\u00e5p p\u00e5 verktygsvagnen organiserar alla dina verktyg tydligt f\u00f6r en effektiv arbetsfl\u00f6de<\/li>\n<li> Inkluderar sidoh\u00e5lsv\u00e4ggar som g\u00f6r dina mest anv\u00e4nda verktyg l\u00e4ttillg\u00e4ngliga<\/li>\n<li> Kullagerstyrningar p\u00e5 verktygsvagnen garanterar smidig \u00e5tkomst, medan EVA-inl\u00e4gg skyddar dina verktyg<\/li>\n<li> R\u00f6r sig smidigt p\u00e5 fyra hjul, med tv\u00e5 bromsar f\u00f6r s\u00e4ker och stabil parkering<\/li>\n<\/ul>\n<p> Tekniska specifikationer:<\/p>\n<ul>\n<li> F\u00e4rg: Svart<\/li>\n<li> Material: St\u00e5l<\/li>\n<li> Totala dimensioner: 69,5L x 33B x 133H cm<\/li>\n<li> Storlek p\u00e5 \u00f6versta verktygsl\u00e5dan: 59,5B x 26T x 35H cm<\/li>\n<li> Inre dimensioner p\u00e5 \u00f6versta facket: 59B x 25,5T x 4,5H cm<\/li>\n<li> Inre dimensioner p\u00e5 \u00f6versta l\u00e5dan: 51B x 22T x 3,5H cm(liten), 51B x 22T x 7,5H cm(stor)<\/li>\n<li> Storlek p\u00e5 mellersta l\u00e5dan: 60,5B x 27T x 27H cm<\/li>\n<li> Storlek p\u00e5 nedre l\u00e5dan: (med handtag och hjul) 69,5B x 33T x 76H cm<\/li>\n<li> Storlek p\u00e5 nedre l\u00e5dan: (utan handtag och hjul) 61,6B x 33T x 66H cm<\/li>\n<li> B\u00e4rkapacitet: 100 kg (totalt), 5 kg (liten l\u00e5da), 10 kg (stor l\u00e5da), 30 kg (sk\u00e5p), 20 kg (yta)<\/li>\n<\/ul>\n<p>Leverans inneh\u00e5ller:<\/p>\n<ul>\n<li> 1 x Verktygsl\u00e5da<\/li>\n<li> 1 x Manual<\/li>\n<\/ul>\n","protected":false},"excerpt":{"rendered":"<p>Lider du av garager\u00f6ran som bromsar dina projekt? Att leta efter en specifik skruv eller ett verktyg kan f\u00f6rvandla en&#8230;<\/p>\n","protected":false},"featured_media":96798,"template":"","meta":[],"product_brand":[],"product_cat":[867,898,899],"product_tag":[],"class_list":{"0":"post-96812","1":"product","2":"type-product","3":"status-publish","4":"has-post-thumbnail","6":"product_cat-byggmarknad","7":"product_cat-gor-det-sjalv","8":"product_cat-organiseringssystemer","10":"first","11":"instock","12":"sale","13":"taxable","14":"shipping-taxable","15":"purchasable","16":"product-type-simple"},"yoast_head":"<!-- This site is optimized with the Yoast SEO plugin v25.4 - https:\/\/yoast.com\/wordpress\/plugins\/seo\/ -->\n<title>TRUUSK 3-i-1 Verktygsl\u00e5da - Med 4 Hjul och L\u00e5s - 9 L\u00e5dor - St\u00e5l - Svart - TRUUSK - Hem, Tr\u00e4dg\u00e5rd &amp; Fritid<\/title>\n<meta name=\"robots\" content=\"index, follow, max-snippet:-1, max-image-preview:large, max-video-preview:-1\" \/>\n<link rel=\"canonical\" href=\"https:\/\/truusk.store\/sv\/produkt\/truusk-3-i-1-verktygslada-med-4-hjul-och-las-9-lador-stal-svart\/\" \/>\n<meta property=\"og:locale\" content=\"sv_SE\" \/>\n<meta property=\"og:type\" content=\"article\" \/>\n<meta property=\"og:title\" content=\"TRUUSK 3-i-1 Verktygsl\u00e5da - Med 4 Hjul och L\u00e5s - 9 L\u00e5dor - St\u00e5l - Svart - TRUUSK - Hem, Tr\u00e4dg\u00e5rd &amp; Fritid\" \/>\n<meta property=\"og:description\" content=\"Lider du av garager\u00f6ran som bromsar dina projekt? Att leta efter en specifik skruv eller ett verktyg kan f\u00f6rvandla en...\" \/>\n<meta property=\"og:url\" content=\"https:\/\/truusk.store\/sv\/produkt\/truusk-3-i-1-verktygslada-med-4-hjul-och-las-9-lador-stal-svart\/\" \/>\n<meta property=\"og:site_name\" content=\"TRUUSK - Hem, Tr\u00e4dg\u00e5rd &amp; Fritid\" \/>\n<meta property=\"article:modified_time\" content=\"2026-03-12T07:50:46+00:00\" \/>\n<meta property=\"og:image\" content=\"https:\/\/i0.wp.com\/truusk.se\/wp-content\/uploads\/2025\/11\/3-i-1-verktygslada-verktygsskap-med-4-hjul-lasbar-verktygslada-med-9-lador-stal-svart-1.webp?fit=2000%2C2000&ssl=1\" \/>\n\t<meta property=\"og:image:width\" content=\"2000\" \/>\n\t<meta property=\"og:image:height\" content=\"2000\" \/>\n\t<meta property=\"og:image:type\" content=\"image\/webp\" \/>\n<meta name=\"twitter:card\" content=\"summary_large_image\" \/>\n<meta name=\"twitter:label1\" content=\"Ber\u00e4knad l\u00e4stid\" \/>\n\t<meta name=\"twitter:data1\" content=\"1 minut\" \/>\n<!-- \/ Yoast SEO plugin. -->","yoast_head_json":{"title":"TRUUSK 3-i-1 Verktygsl\u00e5da - Med 4 Hjul och L\u00e5s - 9 L\u00e5dor - St\u00e5l - Svart - TRUUSK - Hem, Tr\u00e4dg\u00e5rd &amp; Fritid","robots":{"index":"index","follow":"follow","max-snippet":"max-snippet:-1","max-image-preview":"max-image-preview:large","max-video-preview":"max-video-preview:-1"},"canonical":"https:\/\/truusk.store\/sv\/produkt\/truusk-3-i-1-verktygslada-med-4-hjul-och-las-9-lador-stal-svart\/","og_locale":"sv_SE","og_type":"article","og_title":"TRUUSK 3-i-1 Verktygsl\u00e5da - Med 4 Hjul och L\u00e5s - 9 L\u00e5dor - St\u00e5l - Svart - TRUUSK - Hem, Tr\u00e4dg\u00e5rd &amp; Fritid","og_description":"Lider du av garager\u00f6ran som bromsar dina projekt? Att leta efter en specifik skruv eller ett verktyg kan f\u00f6rvandla en...","og_url":"https:\/\/truusk.store\/sv\/produkt\/truusk-3-i-1-verktygslada-med-4-hjul-och-las-9-lador-stal-svart\/","og_site_name":"TRUUSK - Hem, Tr\u00e4dg\u00e5rd &amp; Fritid","article_modified_time":"2026-03-12T07:50:46+00:00","og_image":[{"width":2000,"height":2000,"url":"https:\/\/i0.wp.com\/truusk.se\/wp-content\/uploads\/2025\/11\/3-i-1-verktygslada-verktygsskap-med-4-hjul-lasbar-verktygslada-med-9-lador-stal-svart-1.webp?fit=2000%2C2000&ssl=1","type":"image\/webp"}],"twitter_card":"summary_large_image","twitter_misc":{"Ber\u00e4knad l\u00e4stid":"1 minut"},"schema":{"@context":"https:\/\/schema.org","@graph":[{"@type":"WebPage","@id":"https:\/\/truusk.store\/sv\/produkt\/truusk-3-i-1-verktygslada-med-4-hjul-och-las-9-lador-stal-svart\/","url":"https:\/\/truusk.store\/sv\/produkt\/truusk-3-i-1-verktygslada-med-4-hjul-och-las-9-lador-stal-svart\/","name":"TRUUSK 3-i-1 Verktygsl\u00e5da - Med 4 Hjul och L\u00e5s - 9 L\u00e5dor - St\u00e5l - Svart - TRUUSK - Hem, Tr\u00e4dg\u00e5rd &amp; Fritid","isPartOf":{"@id":"https:\/\/truusk.store\/sv\/#website"},"primaryImageOfPage":{"@id":"https:\/\/truusk.store\/sv\/produkt\/truusk-3-i-1-verktygslada-med-4-hjul-och-las-9-lador-stal-svart\/#primaryimage"},"image":{"@id":"https:\/\/truusk.store\/sv\/produkt\/truusk-3-i-1-verktygslada-med-4-hjul-och-las-9-lador-stal-svart\/#primaryimage"},"thumbnailUrl":"https:\/\/i0.wp.com\/truusk.store\/wp-content\/uploads\/2025\/11\/3-i-1-verktygslada-verktygsskap-med-4-hjul-lasbar-verktygslada-med-9-lador-stal-svart-1.webp?fit=2000%2C2000&ssl=1","datePublished":"2025-11-24T09:16:24+00:00","dateModified":"2026-03-12T07:50:46+00:00","breadcrumb":{"@id":"https:\/\/truusk.store\/sv\/produkt\/truusk-3-i-1-verktygslada-med-4-hjul-och-las-9-lador-stal-svart\/#breadcrumb"},"inLanguage":"sv-SE","potentialAction":[{"@type":"ReadAction","target":["https:\/\/truusk.store\/sv\/produkt\/truusk-3-i-1-verktygslada-med-4-hjul-och-las-9-lador-stal-svart\/"]}]},{"@type":"ImageObject","inLanguage":"sv-SE","@id":"https:\/\/truusk.store\/sv\/produkt\/truusk-3-i-1-verktygslada-med-4-hjul-och-las-9-lador-stal-svart\/#primaryimage","url":"https:\/\/i0.wp.com\/truusk.store\/wp-content\/uploads\/2025\/11\/3-i-1-verktygslada-verktygsskap-med-4-hjul-lasbar-verktygslada-med-9-lador-stal-svart-1.webp?fit=2000%2C2000&ssl=1","contentUrl":"https:\/\/i0.wp.com\/truusk.store\/wp-content\/uploads\/2025\/11\/3-i-1-verktygslada-verktygsskap-med-4-hjul-lasbar-verktygslada-med-9-lador-stal-svart-1.webp?fit=2000%2C2000&ssl=1","width":2000,"height":2000},{"@type":"BreadcrumbList","@id":"https:\/\/truusk.store\/sv\/produkt\/truusk-3-i-1-verktygslada-med-4-hjul-och-las-9-lador-stal-svart\/#breadcrumb","itemListElement":[{"@type":"ListItem","position":1,"name":"Home","item":"https:\/\/truusk.store\/sv\/"},{"@type":"ListItem","position":2,"name":"Shop","item":"https:\/\/truusk.store\/shop\/"},{"@type":"ListItem","position":3,"name":"TRUUSK 3-i-1 Verktygsl\u00e5da &#8211; Med 4 Hjul och L\u00e5s &#8211; 9 L\u00e5dor &#8211; St\u00e5l &#8211; Svart"}]},{"@type":"WebSite","@id":"https:\/\/truusk.store\/sv\/#website","url":"https:\/\/truusk.store\/sv\/","name":"TRUUSK - Hem, Tr\u00e4dg\u00e5rd & Fritid","description":"","publisher":{"@id":"https:\/\/truusk.store\/sv\/#organization"},"potentialAction":[{"@type":"SearchAction","target":{"@type":"EntryPoint","urlTemplate":"https:\/\/truusk.store\/sv\/?s={search_term_string}"},"query-input":{"@type":"PropertyValueSpecification","valueRequired":true,"valueName":"search_term_string"}}],"inLanguage":"sv-SE"},{"@type":"Organization","@id":"https:\/\/truusk.store\/sv\/#organization","name":"TRUUSK - Hem, Tr\u00e4dg\u00e5rd & Fritid","url":"https:\/\/truusk.store\/sv\/","logo":{"@type":"ImageObject","inLanguage":"sv-SE","@id":"https:\/\/truusk.store\/sv\/#\/schema\/logo\/image\/","url":"https:\/\/i0.wp.com\/truusk.store\/wp-content\/uploads\/2026\/03\/cropped-TRUUSK.png?fit=2032%2C917&ssl=1","contentUrl":"https:\/\/i0.wp.com\/truusk.store\/wp-content\/uploads\/2026\/03\/cropped-TRUUSK.png?fit=2032%2C917&ssl=1","width":2032,"height":917,"caption":"TRUUSK - Hem, Tr\u00e4dg\u00e5rd & Fritid"},"image":{"@id":"https:\/\/truusk.store\/sv\/#\/schema\/logo\/image\/"}}]}},"jetpack_sharing_enabled":true,"_links":{"self":[{"href":"https:\/\/truusk.store\/sv\/wp-json\/wp\/v2\/product\/96812","targetHints":{"allow":["GET"]}}],"collection":[{"href":"https:\/\/truusk.store\/sv\/wp-json\/wp\/v2\/product"}],"about":[{"href":"https:\/\/truusk.store\/sv\/wp-json\/wp\/v2\/types\/product"}],"wp:featuredmedia":[{"embeddable":true,"href":"https:\/\/truusk.store\/sv\/wp-json\/wp\/v2\/media\/96798"}],"wp:attachment":[{"href":"https:\/\/truusk.store\/sv\/wp-json\/wp\/v2\/media?parent=96812"}],"wp:term":[{"taxonomy":"product_brand","embeddable":true,"href":"https:\/\/truusk.store\/sv\/wp-json\/wp\/v2\/product_brand?post=96812"},{"taxonomy":"product_cat","embeddable":true,"href":"https:\/\/truusk.store\/sv\/wp-json\/wp\/v2\/product_cat?post=96812"},{"taxonomy":"product_tag","embeddable":true,"href":"https:\/\/truusk.store\/sv\/wp-json\/wp\/v2\/product_tag?post=96812"}],"curies":[{"name":"wp","href":"https:\/\/api.w.org\/{rel}","templated":true}]}}