{"id":96820,"date":"2025-11-24T10:17:11","date_gmt":"2025-11-24T09:17:11","guid":{"rendered":"https:\/\/truusk.store\/product\/fagelstall-set-med-fagelpinnar-4-nivaer-rostfritt-stalbricka-leksak-naturligt-tra\/"},"modified":"2026-03-12T08:50:48","modified_gmt":"2026-03-12T07:50:48","slug":"truusk-fagelstall-set-fagelpinnar-rostfritt-stalbricka-leksak-naturligt-tra","status":"publish","type":"product","link":"https:\/\/truusk.store\/sv\/produkt\/truusk-fagelstall-set-fagelpinnar-rostfritt-stalbricka-leksak-naturligt-tra\/","title":{"rendered":"TRUUSK F\u00e5gelst\u00e4ll Set &#8211; F\u00e5gelpinnar &#8211; Rostfritt St\u00e5lbricka &#8211; Leksak &#8211; Naturligt Tr\u00e4"},"content":{"rendered":"<p>[BRAND NAME] f\u00e5gellekplats erbjuder s\u00e4ker roligt f\u00f6r f\u00e5glar. Tillverkad av polerat massivt tr\u00e4 med stabila gummif\u00f6tter, \u00e4r f\u00e5geltr\u00e4det luktfritt och bekv\u00e4mt. Fyra niv\u00e5er med stegar, gungor, matdispensrar och leksaker fr\u00e4mjar aktivitet. En avtagbar rostfri st\u00e5lsk\u00e5l underl\u00e4ttar reng\u00f6ring. Kan monteras p\u00e5 30 minuter, den \u00e4r idealisk f\u00f6r undulater, nymfparakiter, conures och oskiljaktiga, st\u00f6der f\u00e5gellekplatsen r\u00f6relse och fr\u00e4mjar gemensamt spel.<\/p>\n<p>Beskrivning:<\/p>\n<ul>\n<li> Solid konstruktion av naturligt tr\u00e4 med sl\u00e4t yta och gummif\u00f6tter ger stabilitet<\/li>\n<li> F\u00e5geltr\u00e4dets fyra niv\u00e5design erbjuder en underh\u00e5llande och berikande lekplats<\/li>\n<li> Flera tillbeh\u00f6r g\u00f6r det m\u00f6jligt f\u00f6r f\u00e5glarna att r\u00f6ra sig, leka och vara aktiva<\/li>\n<li> F\u00e5geltr\u00e4dets rostfria st\u00e5lfack f\u00e5ngar upp oordning f\u00f6r enkel reng\u00f6ring<\/li>\n<li> F\u00e5gellekplatsen \u00e4r l\u00e4mplig f\u00f6r undulater, nymfparakiter, conures, oskiljaktiga och liknande sm\u00e5 f\u00e5glar<\/li>\n<li> Montering kr\u00e4vs<\/li>\n<\/ul>\n<p> Tekniska data:<\/p>\n<ul>\n<li> F\u00e4rg: Naturtr\u00e4<\/li>\n<li> Material: Talltr\u00e4, rostfritt st\u00e5l<\/li>\n<li> Totala dimensioner: 48L x 38B x 95H cm<\/li>\n<li> Underrede: 48L x 34B cm<\/li>\n<li> Brickdimensioner: 39L x 29B x 2H cm<\/li>\n<li> Kl\u00e4tterstegar: 27L x 8B cm, 22L x 8B cm<\/li>\n<li> Mjuk stege: 45L x 10B cm<\/li>\n<li> Rak stege: 30L x 8B cm<\/li>\n<li> Matkoppar: \u00d85,5 x 5H cm<\/li>\n<li> Tugga leksaksgunga: 18L x 12B cm<\/li>\n<li> Sittst\u00e5ng: 15 cm<\/li>\n<\/ul>\n<p>Leverans inneh\u00e5ller:<\/p>\n<ul>\n<li> 1 x f\u00e5gelst\u00e4llning<\/li>\n<li> 1 x bruksanvisning<\/li>\n<\/ul>\n","protected":false},"excerpt":{"rendered":"<p>[BRAND NAME] f\u00e5gellekplats erbjuder s\u00e4ker roligt f\u00f6r f\u00e5glar. Tillverkad av polerat massivt tr\u00e4 med stabila gummif\u00f6tter, \u00e4r f\u00e5geltr\u00e4det luktfritt och&#8230;<\/p>\n","protected":false},"featured_media":96808,"template":"","meta":[],"product_brand":[],"product_cat":[878,1072,601],"product_tag":[],"class_list":{"0":"post-96820","1":"product","2":"type-product","3":"status-publish","4":"has-post-thumbnail","6":"product_cat-djurbehov","7":"product_cat-fagelhus","8":"product_cat-fageltillbehor","10":"first","11":"instock","12":"sale","13":"taxable","14":"shipping-taxable","15":"purchasable","16":"product-type-simple"},"yoast_head":"<!-- This site is optimized with the Yoast SEO plugin v25.4 - https:\/\/yoast.com\/wordpress\/plugins\/seo\/ -->\n<title>TRUUSK F\u00e5gelst\u00e4ll Set - F\u00e5gelpinnar - Rostfritt St\u00e5lbricka - Leksak - Naturligt Tr\u00e4 - TRUUSK - Hem, Tr\u00e4dg\u00e5rd &amp; Fritid<\/title>\n<meta name=\"robots\" content=\"index, follow, max-snippet:-1, max-image-preview:large, max-video-preview:-1\" \/>\n<link rel=\"canonical\" href=\"https:\/\/truusk.store\/sv\/produkt\/truusk-fagelstall-set-fagelpinnar-rostfritt-stalbricka-leksak-naturligt-tra\/\" \/>\n<meta property=\"og:locale\" content=\"sv_SE\" \/>\n<meta property=\"og:type\" content=\"article\" \/>\n<meta property=\"og:title\" content=\"TRUUSK F\u00e5gelst\u00e4ll Set - F\u00e5gelpinnar - Rostfritt St\u00e5lbricka - Leksak - Naturligt Tr\u00e4 - TRUUSK - Hem, Tr\u00e4dg\u00e5rd &amp; Fritid\" \/>\n<meta property=\"og:description\" content=\"[BRAND NAME] f\u00e5gellekplats erbjuder s\u00e4ker roligt f\u00f6r f\u00e5glar. Tillverkad av polerat massivt tr\u00e4 med stabila gummif\u00f6tter, \u00e4r f\u00e5geltr\u00e4det luktfritt och...\" \/>\n<meta property=\"og:url\" content=\"https:\/\/truusk.store\/sv\/produkt\/truusk-fagelstall-set-fagelpinnar-rostfritt-stalbricka-leksak-naturligt-tra\/\" \/>\n<meta property=\"og:site_name\" content=\"TRUUSK - Hem, Tr\u00e4dg\u00e5rd &amp; Fritid\" \/>\n<meta property=\"article:modified_time\" content=\"2026-03-12T07:50:48+00:00\" \/>\n<meta property=\"og:image\" content=\"https:\/\/i0.wp.com\/truusk.se\/wp-content\/uploads\/2025\/11\/fagelstall-set-med-fagelpinnar-4-nivaer-rostfritt-stalbricka-leksak-naturligt-tra-1.webp?fit=2000%2C2000&ssl=1\" \/>\n\t<meta property=\"og:image:width\" content=\"2000\" \/>\n\t<meta property=\"og:image:height\" content=\"2000\" \/>\n\t<meta property=\"og:image:type\" content=\"image\/webp\" \/>\n<meta name=\"twitter:card\" content=\"summary_large_image\" \/>\n<meta name=\"twitter:label1\" content=\"Ber\u00e4knad l\u00e4stid\" \/>\n\t<meta name=\"twitter:data1\" content=\"1 minut\" \/>\n<!-- \/ Yoast SEO plugin. -->","yoast_head_json":{"title":"TRUUSK F\u00e5gelst\u00e4ll Set - F\u00e5gelpinnar - Rostfritt St\u00e5lbricka - Leksak - Naturligt Tr\u00e4 - TRUUSK - Hem, Tr\u00e4dg\u00e5rd &amp; Fritid","robots":{"index":"index","follow":"follow","max-snippet":"max-snippet:-1","max-image-preview":"max-image-preview:large","max-video-preview":"max-video-preview:-1"},"canonical":"https:\/\/truusk.store\/sv\/produkt\/truusk-fagelstall-set-fagelpinnar-rostfritt-stalbricka-leksak-naturligt-tra\/","og_locale":"sv_SE","og_type":"article","og_title":"TRUUSK F\u00e5gelst\u00e4ll Set - F\u00e5gelpinnar - Rostfritt St\u00e5lbricka - Leksak - Naturligt Tr\u00e4 - TRUUSK - Hem, Tr\u00e4dg\u00e5rd &amp; Fritid","og_description":"[BRAND NAME] f\u00e5gellekplats erbjuder s\u00e4ker roligt f\u00f6r f\u00e5glar. Tillverkad av polerat massivt tr\u00e4 med stabila gummif\u00f6tter, \u00e4r f\u00e5geltr\u00e4det luktfritt och...","og_url":"https:\/\/truusk.store\/sv\/produkt\/truusk-fagelstall-set-fagelpinnar-rostfritt-stalbricka-leksak-naturligt-tra\/","og_site_name":"TRUUSK - Hem, Tr\u00e4dg\u00e5rd &amp; Fritid","article_modified_time":"2026-03-12T07:50:48+00:00","og_image":[{"width":2000,"height":2000,"url":"https:\/\/i0.wp.com\/truusk.se\/wp-content\/uploads\/2025\/11\/fagelstall-set-med-fagelpinnar-4-nivaer-rostfritt-stalbricka-leksak-naturligt-tra-1.webp?fit=2000%2C2000&ssl=1","type":"image\/webp"}],"twitter_card":"summary_large_image","twitter_misc":{"Ber\u00e4knad l\u00e4stid":"1 minut"},"schema":{"@context":"https:\/\/schema.org","@graph":[{"@type":"WebPage","@id":"https:\/\/truusk.store\/sv\/produkt\/truusk-fagelstall-set-fagelpinnar-rostfritt-stalbricka-leksak-naturligt-tra\/","url":"https:\/\/truusk.store\/sv\/produkt\/truusk-fagelstall-set-fagelpinnar-rostfritt-stalbricka-leksak-naturligt-tra\/","name":"TRUUSK F\u00e5gelst\u00e4ll Set - F\u00e5gelpinnar - Rostfritt St\u00e5lbricka - Leksak - Naturligt Tr\u00e4 - TRUUSK - Hem, Tr\u00e4dg\u00e5rd &amp; Fritid","isPartOf":{"@id":"https:\/\/truusk.store\/sv\/#website"},"primaryImageOfPage":{"@id":"https:\/\/truusk.store\/sv\/produkt\/truusk-fagelstall-set-fagelpinnar-rostfritt-stalbricka-leksak-naturligt-tra\/#primaryimage"},"image":{"@id":"https:\/\/truusk.store\/sv\/produkt\/truusk-fagelstall-set-fagelpinnar-rostfritt-stalbricka-leksak-naturligt-tra\/#primaryimage"},"thumbnailUrl":"https:\/\/i0.wp.com\/truusk.store\/wp-content\/uploads\/2025\/11\/fagelstall-set-med-fagelpinnar-4-nivaer-rostfritt-stalbricka-leksak-naturligt-tra-1.webp?fit=2000%2C2000&ssl=1","datePublished":"2025-11-24T09:17:11+00:00","dateModified":"2026-03-12T07:50:48+00:00","breadcrumb":{"@id":"https:\/\/truusk.store\/sv\/produkt\/truusk-fagelstall-set-fagelpinnar-rostfritt-stalbricka-leksak-naturligt-tra\/#breadcrumb"},"inLanguage":"sv-SE","potentialAction":[{"@type":"ReadAction","target":["https:\/\/truusk.store\/sv\/produkt\/truusk-fagelstall-set-fagelpinnar-rostfritt-stalbricka-leksak-naturligt-tra\/"]}]},{"@type":"ImageObject","inLanguage":"sv-SE","@id":"https:\/\/truusk.store\/sv\/produkt\/truusk-fagelstall-set-fagelpinnar-rostfritt-stalbricka-leksak-naturligt-tra\/#primaryimage","url":"https:\/\/i0.wp.com\/truusk.store\/wp-content\/uploads\/2025\/11\/fagelstall-set-med-fagelpinnar-4-nivaer-rostfritt-stalbricka-leksak-naturligt-tra-1.webp?fit=2000%2C2000&ssl=1","contentUrl":"https:\/\/i0.wp.com\/truusk.store\/wp-content\/uploads\/2025\/11\/fagelstall-set-med-fagelpinnar-4-nivaer-rostfritt-stalbricka-leksak-naturligt-tra-1.webp?fit=2000%2C2000&ssl=1","width":2000,"height":2000},{"@type":"BreadcrumbList","@id":"https:\/\/truusk.store\/sv\/produkt\/truusk-fagelstall-set-fagelpinnar-rostfritt-stalbricka-leksak-naturligt-tra\/#breadcrumb","itemListElement":[{"@type":"ListItem","position":1,"name":"Home","item":"https:\/\/truusk.store\/sv\/"},{"@type":"ListItem","position":2,"name":"Shop","item":"https:\/\/truusk.store\/shop\/"},{"@type":"ListItem","position":3,"name":"TRUUSK F\u00e5gelst\u00e4ll Set &#8211; F\u00e5gelpinnar &#8211; Rostfritt St\u00e5lbricka &#8211; Leksak &#8211; Naturligt Tr\u00e4"}]},{"@type":"WebSite","@id":"https:\/\/truusk.store\/sv\/#website","url":"https:\/\/truusk.store\/sv\/","name":"TRUUSK - Hem, Tr\u00e4dg\u00e5rd & Fritid","description":"","publisher":{"@id":"https:\/\/truusk.store\/sv\/#organization"},"potentialAction":[{"@type":"SearchAction","target":{"@type":"EntryPoint","urlTemplate":"https:\/\/truusk.store\/sv\/?s={search_term_string}"},"query-input":{"@type":"PropertyValueSpecification","valueRequired":true,"valueName":"search_term_string"}}],"inLanguage":"sv-SE"},{"@type":"Organization","@id":"https:\/\/truusk.store\/sv\/#organization","name":"TRUUSK - Hem, Tr\u00e4dg\u00e5rd & Fritid","url":"https:\/\/truusk.store\/sv\/","logo":{"@type":"ImageObject","inLanguage":"sv-SE","@id":"https:\/\/truusk.store\/sv\/#\/schema\/logo\/image\/","url":"https:\/\/i0.wp.com\/truusk.store\/wp-content\/uploads\/2026\/03\/cropped-TRUUSK.png?fit=2032%2C917&ssl=1","contentUrl":"https:\/\/i0.wp.com\/truusk.store\/wp-content\/uploads\/2026\/03\/cropped-TRUUSK.png?fit=2032%2C917&ssl=1","width":2032,"height":917,"caption":"TRUUSK - Hem, Tr\u00e4dg\u00e5rd & Fritid"},"image":{"@id":"https:\/\/truusk.store\/sv\/#\/schema\/logo\/image\/"}}]}},"jetpack_sharing_enabled":true,"_links":{"self":[{"href":"https:\/\/truusk.store\/sv\/wp-json\/wp\/v2\/product\/96820","targetHints":{"allow":["GET"]}}],"collection":[{"href":"https:\/\/truusk.store\/sv\/wp-json\/wp\/v2\/product"}],"about":[{"href":"https:\/\/truusk.store\/sv\/wp-json\/wp\/v2\/types\/product"}],"wp:featuredmedia":[{"embeddable":true,"href":"https:\/\/truusk.store\/sv\/wp-json\/wp\/v2\/media\/96808"}],"wp:attachment":[{"href":"https:\/\/truusk.store\/sv\/wp-json\/wp\/v2\/media?parent=96820"}],"wp:term":[{"taxonomy":"product_brand","embeddable":true,"href":"https:\/\/truusk.store\/sv\/wp-json\/wp\/v2\/product_brand?post=96820"},{"taxonomy":"product_cat","embeddable":true,"href":"https:\/\/truusk.store\/sv\/wp-json\/wp\/v2\/product_cat?post=96820"},{"taxonomy":"product_tag","embeddable":true,"href":"https:\/\/truusk.store\/sv\/wp-json\/wp\/v2\/product_tag?post=96820"}],"curies":[{"name":"wp","href":"https:\/\/api.w.org\/{rel}","templated":true}]}}