{"id":96870,"date":"2025-11-24T10:22:30","date_gmt":"2025-11-24T09:22:30","guid":{"rendered":"https:\/\/truusk.store\/product\/minibakugn-med-varmluft-hetluftsfritos-timer-inre-belysning-10l-svart\/"},"modified":"2026-03-12T08:51:13","modified_gmt":"2026-03-12T07:51:13","slug":"truusk-minibakugn-med-varmluft-och-hetluftsfritos-timer-inre-belysning-10l-svart","status":"publish","type":"product","link":"https:\/\/truusk.store\/sv\/produkt\/truusk-minibakugn-med-varmluft-och-hetluftsfritos-timer-inre-belysning-10l-svart\/","title":{"rendered":"TRUUSK Minibakugn med Varmluft och Hetluftsfrit\u00f6s &#8211; Timer &#8211; Inre Belysning &#8211; 10L &#8211; Svart"},"content":{"rendered":"<p>Uppt\u00e4ck [BRAND NAME] miniugn med varmluft, som kombinerar h\u00e4lsosam luftcirkulation och exakt komfort. Med den innovativa 360\u00b0-hetluftstekniken kan du njuta av krispiga r\u00e4tter med upp till 85 % mindre fett. De m\u00e5ngsidiga matlagningsfunktionerna och den kompakta storleken g\u00f6r den till den perfekta f\u00f6ljeslagaren f\u00f6r medvetna familjestunder och spontana njutningskv\u00e4llar.<\/p>\n<p>Beskrivning:<\/p>\n<ul>\n<li> Minibackugnen med varmluft har en kompakt storlek p\u00e5 10L, perfekt f\u00f6r sm\u00e5 k\u00f6k<\/li>\n<li> Med 360\u00ba hetluftscirkulation minskar miniugnen med varmluft oljef\u00f6rbrukningen med 85%, f\u00f6r h\u00e4lsosammare m\u00e5ltider<\/li>\n<li> Den lilla ugnen erbjuder en effekt p\u00e5 1000W, vilket m\u00f6jligg\u00f6r energieffektiv matlagning<\/li>\n<li> Temperaturomr\u00e5de fr\u00e5n 80 \u2103 till 230 \u2103, l\u00e4mpligt f\u00f6r olika matlagningsbehov<\/li>\n<li> Timern f\u00f6r minibackugnen med varmluft kan st\u00e4llas in p\u00e5 upp till 60 minuter, vilket f\u00f6renklar tidsplaneringen<\/li>\n<li> Alla tillbeh\u00f6r \u00e4r maskintv\u00e4ttbara, vilket underl\u00e4ttar reng\u00f6ringen<\/li>\n<li> Kr\u00e4ver montering<\/li>\n<\/ul>\n<p> Tekniska data:<\/p>\n<ul>\n<li> F\u00e4rg: Svart+Guld<\/li>\n<li> Material: Rostfritt st\u00e5l, H\u00e4rdad glas, Plast<\/li>\n<li> Totala dimensioner: 32L x 27,2B x 29,8H cm<\/li>\n<li> Inre dimension: 24B x 21T x 19H cm, 10 L<\/li>\n<li> Kabell\u00e4ngd: 0,85 m<\/li>\n<li> Tillbeh\u00f6rsstorlek: 25B x 20,4T cm (bakpl\u00e5t), 25B x 19T cm (ugnsgaller), 25B x 19,2T cm (frit\u00f6skorg)<\/li>\n<li> D\u00f6rrinformation: 26,7B x 16,5H cm (storlek), 90\u00b0 (\u00f6ppningsvinkel)<\/li>\n<li> Ing\u00e5ng: AC 230V, 50Hz<\/li>\n<li> Effekt: 1000W<\/li>\n<\/ul>\n<p>Leveransinneh\u00e5ll:<\/p>\n<ul>\n<li> 1 x Hetluftsfrit\u00f6s<\/li>\n<li> 1 x Frit\u00f6skorg<\/li>\n<li> 1 x Ugnsgaller<\/li>\n<li> 1 x Bakpl\u00e5t<\/li>\n<li> 1 x Smulbricka<\/li>\n<li> 1 x Brickhandtag<\/li>\n<li> 1 x Bruksanvisning<\/li>\n<\/ul>\n","protected":false},"excerpt":{"rendered":"<p>Uppt\u00e4ck [BRAND NAME] miniugn med varmluft, som kombinerar h\u00e4lsosam luftcirkulation och exakt komfort. Med den innovativa 360\u00b0-hetluftstekniken kan du njuta&#8230;<\/p>\n","protected":false},"featured_media":96861,"template":"","meta":[],"product_brand":[],"product_cat":[871,498,933,934],"product_tag":[],"class_list":{"0":"post-96870","1":"product","2":"type-product","3":"status-publish","4":"has-post-thumbnail","6":"product_cat-hus-hem","7":"product_cat-hushallsapparater","8":"product_cat-koksapparater","9":"product_cat-minibackofen","11":"first","12":"instock","13":"sale","14":"taxable","15":"shipping-taxable","16":"purchasable","17":"product-type-simple"},"yoast_head":"<!-- This site is optimized with the Yoast SEO plugin v25.4 - https:\/\/yoast.com\/wordpress\/plugins\/seo\/ -->\n<title>TRUUSK Minibakugn med Varmluft och Hetluftsfrit\u00f6s - Timer - Inre Belysning - 10L - Svart - TRUUSK - Hem, Tr\u00e4dg\u00e5rd &amp; Fritid<\/title>\n<meta name=\"robots\" content=\"index, follow, max-snippet:-1, max-image-preview:large, max-video-preview:-1\" \/>\n<link rel=\"canonical\" href=\"https:\/\/truusk.store\/sv\/produkt\/truusk-minibakugn-med-varmluft-och-hetluftsfritos-timer-inre-belysning-10l-svart\/\" \/>\n<meta property=\"og:locale\" content=\"sv_SE\" \/>\n<meta property=\"og:type\" content=\"article\" \/>\n<meta property=\"og:title\" content=\"TRUUSK Minibakugn med Varmluft och Hetluftsfrit\u00f6s - Timer - Inre Belysning - 10L - Svart - TRUUSK - Hem, Tr\u00e4dg\u00e5rd &amp; Fritid\" \/>\n<meta property=\"og:description\" content=\"Uppt\u00e4ck [BRAND NAME] miniugn med varmluft, som kombinerar h\u00e4lsosam luftcirkulation och exakt komfort. Med den innovativa 360\u00b0-hetluftstekniken kan du njuta...\" \/>\n<meta property=\"og:url\" content=\"https:\/\/truusk.store\/sv\/produkt\/truusk-minibakugn-med-varmluft-och-hetluftsfritos-timer-inre-belysning-10l-svart\/\" \/>\n<meta property=\"og:site_name\" content=\"TRUUSK - Hem, Tr\u00e4dg\u00e5rd &amp; Fritid\" \/>\n<meta property=\"article:modified_time\" content=\"2026-03-12T07:51:13+00:00\" \/>\n<meta property=\"og:image\" content=\"https:\/\/i0.wp.com\/truusk.se\/wp-content\/uploads\/2025\/11\/minibakugn-med-varmluft-hetluftsfritos-timer-inre-belysning-10l-svart-1.webp?fit=2000%2C2000&ssl=1\" \/>\n\t<meta property=\"og:image:width\" content=\"2000\" \/>\n\t<meta property=\"og:image:height\" content=\"2000\" \/>\n\t<meta property=\"og:image:type\" content=\"image\/webp\" \/>\n<meta name=\"twitter:card\" content=\"summary_large_image\" \/>\n<meta name=\"twitter:label1\" content=\"Ber\u00e4knad l\u00e4stid\" \/>\n\t<meta name=\"twitter:data1\" content=\"1 minut\" \/>\n<!-- \/ Yoast SEO plugin. -->","yoast_head_json":{"title":"TRUUSK Minibakugn med Varmluft och Hetluftsfrit\u00f6s - Timer - Inre Belysning - 10L - Svart - TRUUSK - Hem, Tr\u00e4dg\u00e5rd &amp; Fritid","robots":{"index":"index","follow":"follow","max-snippet":"max-snippet:-1","max-image-preview":"max-image-preview:large","max-video-preview":"max-video-preview:-1"},"canonical":"https:\/\/truusk.store\/sv\/produkt\/truusk-minibakugn-med-varmluft-och-hetluftsfritos-timer-inre-belysning-10l-svart\/","og_locale":"sv_SE","og_type":"article","og_title":"TRUUSK Minibakugn med Varmluft och Hetluftsfrit\u00f6s - Timer - Inre Belysning - 10L - Svart - TRUUSK - Hem, Tr\u00e4dg\u00e5rd &amp; Fritid","og_description":"Uppt\u00e4ck [BRAND NAME] miniugn med varmluft, som kombinerar h\u00e4lsosam luftcirkulation och exakt komfort. Med den innovativa 360\u00b0-hetluftstekniken kan du njuta...","og_url":"https:\/\/truusk.store\/sv\/produkt\/truusk-minibakugn-med-varmluft-och-hetluftsfritos-timer-inre-belysning-10l-svart\/","og_site_name":"TRUUSK - Hem, Tr\u00e4dg\u00e5rd &amp; Fritid","article_modified_time":"2026-03-12T07:51:13+00:00","og_image":[{"width":2000,"height":2000,"url":"https:\/\/i0.wp.com\/truusk.se\/wp-content\/uploads\/2025\/11\/minibakugn-med-varmluft-hetluftsfritos-timer-inre-belysning-10l-svart-1.webp?fit=2000%2C2000&ssl=1","type":"image\/webp"}],"twitter_card":"summary_large_image","twitter_misc":{"Ber\u00e4knad l\u00e4stid":"1 minut"},"schema":{"@context":"https:\/\/schema.org","@graph":[{"@type":"WebPage","@id":"https:\/\/truusk.store\/sv\/produkt\/truusk-minibakugn-med-varmluft-och-hetluftsfritos-timer-inre-belysning-10l-svart\/","url":"https:\/\/truusk.store\/sv\/produkt\/truusk-minibakugn-med-varmluft-och-hetluftsfritos-timer-inre-belysning-10l-svart\/","name":"TRUUSK Minibakugn med Varmluft och Hetluftsfrit\u00f6s - Timer - Inre Belysning - 10L - Svart - TRUUSK - Hem, Tr\u00e4dg\u00e5rd &amp; Fritid","isPartOf":{"@id":"https:\/\/truusk.store\/sv\/#website"},"primaryImageOfPage":{"@id":"https:\/\/truusk.store\/sv\/produkt\/truusk-minibakugn-med-varmluft-och-hetluftsfritos-timer-inre-belysning-10l-svart\/#primaryimage"},"image":{"@id":"https:\/\/truusk.store\/sv\/produkt\/truusk-minibakugn-med-varmluft-och-hetluftsfritos-timer-inre-belysning-10l-svart\/#primaryimage"},"thumbnailUrl":"https:\/\/i0.wp.com\/truusk.store\/wp-content\/uploads\/2025\/11\/minibakugn-med-varmluft-hetluftsfritos-timer-inre-belysning-10l-svart-1.webp?fit=2000%2C2000&ssl=1","datePublished":"2025-11-24T09:22:30+00:00","dateModified":"2026-03-12T07:51:13+00:00","breadcrumb":{"@id":"https:\/\/truusk.store\/sv\/produkt\/truusk-minibakugn-med-varmluft-och-hetluftsfritos-timer-inre-belysning-10l-svart\/#breadcrumb"},"inLanguage":"sv-SE","potentialAction":[{"@type":"ReadAction","target":["https:\/\/truusk.store\/sv\/produkt\/truusk-minibakugn-med-varmluft-och-hetluftsfritos-timer-inre-belysning-10l-svart\/"]}]},{"@type":"ImageObject","inLanguage":"sv-SE","@id":"https:\/\/truusk.store\/sv\/produkt\/truusk-minibakugn-med-varmluft-och-hetluftsfritos-timer-inre-belysning-10l-svart\/#primaryimage","url":"https:\/\/i0.wp.com\/truusk.store\/wp-content\/uploads\/2025\/11\/minibakugn-med-varmluft-hetluftsfritos-timer-inre-belysning-10l-svart-1.webp?fit=2000%2C2000&ssl=1","contentUrl":"https:\/\/i0.wp.com\/truusk.store\/wp-content\/uploads\/2025\/11\/minibakugn-med-varmluft-hetluftsfritos-timer-inre-belysning-10l-svart-1.webp?fit=2000%2C2000&ssl=1","width":2000,"height":2000},{"@type":"BreadcrumbList","@id":"https:\/\/truusk.store\/sv\/produkt\/truusk-minibakugn-med-varmluft-och-hetluftsfritos-timer-inre-belysning-10l-svart\/#breadcrumb","itemListElement":[{"@type":"ListItem","position":1,"name":"Home","item":"https:\/\/truusk.store\/sv\/"},{"@type":"ListItem","position":2,"name":"Shop","item":"https:\/\/truusk.store\/shop\/"},{"@type":"ListItem","position":3,"name":"TRUUSK Minibakugn med Varmluft och Hetluftsfrit\u00f6s &#8211; Timer &#8211; Inre Belysning &#8211; 10L &#8211; Svart"}]},{"@type":"WebSite","@id":"https:\/\/truusk.store\/sv\/#website","url":"https:\/\/truusk.store\/sv\/","name":"TRUUSK - Hem, Tr\u00e4dg\u00e5rd & Fritid","description":"","publisher":{"@id":"https:\/\/truusk.store\/sv\/#organization"},"potentialAction":[{"@type":"SearchAction","target":{"@type":"EntryPoint","urlTemplate":"https:\/\/truusk.store\/sv\/?s={search_term_string}"},"query-input":{"@type":"PropertyValueSpecification","valueRequired":true,"valueName":"search_term_string"}}],"inLanguage":"sv-SE"},{"@type":"Organization","@id":"https:\/\/truusk.store\/sv\/#organization","name":"TRUUSK - Hem, Tr\u00e4dg\u00e5rd & Fritid","url":"https:\/\/truusk.store\/sv\/","logo":{"@type":"ImageObject","inLanguage":"sv-SE","@id":"https:\/\/truusk.store\/sv\/#\/schema\/logo\/image\/","url":"https:\/\/i0.wp.com\/truusk.store\/wp-content\/uploads\/2026\/03\/cropped-TRUUSK.png?fit=2032%2C917&ssl=1","contentUrl":"https:\/\/i0.wp.com\/truusk.store\/wp-content\/uploads\/2026\/03\/cropped-TRUUSK.png?fit=2032%2C917&ssl=1","width":2032,"height":917,"caption":"TRUUSK - Hem, Tr\u00e4dg\u00e5rd & Fritid"},"image":{"@id":"https:\/\/truusk.store\/sv\/#\/schema\/logo\/image\/"}}]}},"jetpack_sharing_enabled":true,"_links":{"self":[{"href":"https:\/\/truusk.store\/sv\/wp-json\/wp\/v2\/product\/96870","targetHints":{"allow":["GET"]}}],"collection":[{"href":"https:\/\/truusk.store\/sv\/wp-json\/wp\/v2\/product"}],"about":[{"href":"https:\/\/truusk.store\/sv\/wp-json\/wp\/v2\/types\/product"}],"wp:featuredmedia":[{"embeddable":true,"href":"https:\/\/truusk.store\/sv\/wp-json\/wp\/v2\/media\/96861"}],"wp:attachment":[{"href":"https:\/\/truusk.store\/sv\/wp-json\/wp\/v2\/media?parent=96870"}],"wp:term":[{"taxonomy":"product_brand","embeddable":true,"href":"https:\/\/truusk.store\/sv\/wp-json\/wp\/v2\/product_brand?post=96870"},{"taxonomy":"product_cat","embeddable":true,"href":"https:\/\/truusk.store\/sv\/wp-json\/wp\/v2\/product_cat?post=96870"},{"taxonomy":"product_tag","embeddable":true,"href":"https:\/\/truusk.store\/sv\/wp-json\/wp\/v2\/product_tag?post=96870"}],"curies":[{"name":"wp","href":"https:\/\/api.w.org\/{rel}","templated":true}]}}