{"id":96887,"date":"2025-11-24T10:23:52","date_gmt":"2025-11-24T09:23:52","guid":{"rendered":"https:\/\/truusk.store\/product\/minibakugn-med-varmluft-hetluftsfritos-6-varmelagen-timer-tillbehor-24l-silver\/"},"modified":"2026-03-12T08:51:13","modified_gmt":"2026-03-12T07:51:13","slug":"truusk-minibakugn-med-varmluft-och-hetluftsfritos-6-varmelagen-timer-tillbehor-24l-silver","status":"publish","type":"product","link":"https:\/\/truusk.store\/sv\/produkt\/truusk-minibakugn-med-varmluft-och-hetluftsfritos-6-varmelagen-timer-tillbehor-24l-silver\/","title":{"rendered":"TRUUSK Minibakugn med Varmluft och Hetluftsfrit\u00f6s &#8211; 6 V\u00e4rmel\u00e4gen &#8211; Timer &#8211; Tillbeh\u00f6r &#8211; 24L &#8211; Silver"},"content":{"rendered":"<p>Uppt\u00e4ck [BRAND NAME] miniugn med varmluft, som revolutionerar ditt k\u00f6k. Med 360\u00b0 varmluftscirkulation kan du skapa krispiga r\u00e4tter med upp till 85% mindre olja &#8211; perfekt f\u00f6r h\u00e4lsomedvetna familjestunder. Den 24L miniugnen med varmluft rymmer en 12-tums pizza eller en 1,5 kg kyckling, perfekt f\u00f6r kreativa matlagningskv\u00e4llar. Tack vare exakt styrning och energieffektiv design blir varje m\u00e5ltid en njutning, medan den enkla reng\u00f6ringen ger mer fritid.<\/p>\n<p>Beskrivning:<\/p>\n<ul>\n<li> Miniugnen med varmluft har en kompakt storlek, perfekt f\u00f6r en 12-tums pizza eller en 1,5 kg kyckling<\/li>\n<li> 360\u00ba varmluftscirkulationsteknik minskar oljef\u00f6rbrukningen med 85%, f\u00f6r h\u00e4lsosammare m\u00e5ltider<\/li>\n<li> Med 1600W effekt och ERP-certifiering \u00e4r ugnen energieffektiv och m\u00e5ngsidig<\/li>\n<li> Temperaturomr\u00e5de fr\u00e5n 90\u2103 till 230\u2103, med en 60-minuters timer f\u00f6r exakt matlagning<\/li>\n<li> Fyra inskjutningsh\u00f6jder och sex v\u00e4rmel\u00e4gen ger flexibilitet vid matlagning<\/li>\n<li> Alla tillbeh\u00f6r som frit\u00f6skorg och bakpl\u00e5t \u00e4r diskmaskinss\u00e4kra, vilket underl\u00e4ttar reng\u00f6ringen<\/li>\n<li> Miniugnen med varmluft \u00e4r tillverkad av h\u00f6gkvalitativa material, f\u00f6r h\u00e5llbarhet och s\u00e4kerhet<\/li>\n<li> En del montering kr\u00e4vs<\/li>\n<\/ul>\n<p> Tekniska data:<\/p>\n<ul>\n<li> F\u00e4rg: Silver<\/li>\n<li> Material: Rostfritt st\u00e5l, h\u00e4rdat glas, plast<\/li>\n<li> Totala dimensioner: 40,6L x 39B x 36,8H cm<\/li>\n<li> Inre dimension: 32,4B x 32T x 23H cm, 24L<\/li>\n<li> Kabell\u00e4ngd: 0,85 m<\/li>\n<li> Tillbeh\u00f6rsstorlek: 32L x 30B cm (bakpl\u00e5t), 31,8L x 28,5B cm (ugnsgaller), 32L x 30B cm (frit\u00f6skorg)<\/li>\n<li> D\u00f6rrinformation: 34,2B x 22H cm (storlek), 100\u00b0 (\u00f6ppningsvinkel)<\/li>\n<li> Ing\u00e5ng: AC 230V, 50Hz<\/li>\n<li> Effekt: 1600W<\/li>\n<li> Maximal belastning: 10 kg<\/li>\n<\/ul>\n<p>Leveransinneh\u00e5ll:<\/p>\n<ul>\n<li> 1 x Varmluftsfrit\u00f6s<\/li>\n<li> 1 x Frit\u00f6skorg<\/li>\n<li> 1 x Ugnsgaller<\/li>\n<li> 1 x Bakpl\u00e5t<\/li>\n<li> 1 x Smulbricka<\/li>\n<li> 1 x Brickhandtag<\/li>\n<li> 1 x Bruksanvisning<\/li>\n<\/ul>\n","protected":false},"excerpt":{"rendered":"<p>Uppt\u00e4ck [BRAND NAME] miniugn med varmluft, som revolutionerar ditt k\u00f6k. Med 360\u00b0 varmluftscirkulation kan du skapa krispiga r\u00e4tter med upp&#8230;<\/p>\n","protected":false},"featured_media":96871,"template":"","meta":[],"product_brand":[],"product_cat":[871,498,933,934],"product_tag":[],"class_list":{"0":"post-96887","1":"product","2":"type-product","3":"status-publish","4":"has-post-thumbnail","6":"product_cat-hus-hem","7":"product_cat-hushallsapparater","8":"product_cat-koksapparater","9":"product_cat-minibackofen","11":"first","12":"instock","13":"sale","14":"taxable","15":"shipping-taxable","16":"purchasable","17":"product-type-simple"},"yoast_head":"<!-- This site is optimized with the Yoast SEO plugin v25.4 - https:\/\/yoast.com\/wordpress\/plugins\/seo\/ -->\n<title>TRUUSK Minibakugn med Varmluft och Hetluftsfrit\u00f6s - 6 V\u00e4rmel\u00e4gen - Timer - Tillbeh\u00f6r - 24L - Silver - TRUUSK - Hem, Tr\u00e4dg\u00e5rd &amp; Fritid<\/title>\n<meta name=\"robots\" content=\"index, follow, max-snippet:-1, max-image-preview:large, max-video-preview:-1\" \/>\n<link rel=\"canonical\" href=\"https:\/\/truusk.store\/sv\/produkt\/truusk-minibakugn-med-varmluft-och-hetluftsfritos-6-varmelagen-timer-tillbehor-24l-silver\/\" \/>\n<meta property=\"og:locale\" content=\"sv_SE\" \/>\n<meta property=\"og:type\" content=\"article\" \/>\n<meta property=\"og:title\" content=\"TRUUSK Minibakugn med Varmluft och Hetluftsfrit\u00f6s - 6 V\u00e4rmel\u00e4gen - Timer - Tillbeh\u00f6r - 24L - Silver - TRUUSK - Hem, Tr\u00e4dg\u00e5rd &amp; Fritid\" \/>\n<meta property=\"og:description\" content=\"Uppt\u00e4ck [BRAND NAME] miniugn med varmluft, som revolutionerar ditt k\u00f6k. Med 360\u00b0 varmluftscirkulation kan du skapa krispiga r\u00e4tter med upp...\" \/>\n<meta property=\"og:url\" content=\"https:\/\/truusk.store\/sv\/produkt\/truusk-minibakugn-med-varmluft-och-hetluftsfritos-6-varmelagen-timer-tillbehor-24l-silver\/\" \/>\n<meta property=\"og:site_name\" content=\"TRUUSK - Hem, Tr\u00e4dg\u00e5rd &amp; Fritid\" \/>\n<meta property=\"article:modified_time\" content=\"2026-03-12T07:51:13+00:00\" \/>\n<meta property=\"og:image\" content=\"https:\/\/i0.wp.com\/truusk.se\/wp-content\/uploads\/2025\/11\/minibakugn-med-varmluft-hetluftsfritos-6-varmelagen-timer-tillbehor-24l-silver-1.webp?fit=2000%2C2000&ssl=1\" \/>\n\t<meta property=\"og:image:width\" content=\"2000\" \/>\n\t<meta property=\"og:image:height\" content=\"2000\" \/>\n\t<meta property=\"og:image:type\" content=\"image\/webp\" \/>\n<meta name=\"twitter:card\" content=\"summary_large_image\" \/>\n<meta name=\"twitter:label1\" content=\"Ber\u00e4knad l\u00e4stid\" \/>\n\t<meta name=\"twitter:data1\" content=\"1 minut\" \/>\n<!-- \/ Yoast SEO plugin. -->","yoast_head_json":{"title":"TRUUSK Minibakugn med Varmluft och Hetluftsfrit\u00f6s - 6 V\u00e4rmel\u00e4gen - Timer - Tillbeh\u00f6r - 24L - Silver - TRUUSK - Hem, Tr\u00e4dg\u00e5rd &amp; Fritid","robots":{"index":"index","follow":"follow","max-snippet":"max-snippet:-1","max-image-preview":"max-image-preview:large","max-video-preview":"max-video-preview:-1"},"canonical":"https:\/\/truusk.store\/sv\/produkt\/truusk-minibakugn-med-varmluft-och-hetluftsfritos-6-varmelagen-timer-tillbehor-24l-silver\/","og_locale":"sv_SE","og_type":"article","og_title":"TRUUSK Minibakugn med Varmluft och Hetluftsfrit\u00f6s - 6 V\u00e4rmel\u00e4gen - Timer - Tillbeh\u00f6r - 24L - Silver - TRUUSK - Hem, Tr\u00e4dg\u00e5rd &amp; Fritid","og_description":"Uppt\u00e4ck [BRAND NAME] miniugn med varmluft, som revolutionerar ditt k\u00f6k. Med 360\u00b0 varmluftscirkulation kan du skapa krispiga r\u00e4tter med upp...","og_url":"https:\/\/truusk.store\/sv\/produkt\/truusk-minibakugn-med-varmluft-och-hetluftsfritos-6-varmelagen-timer-tillbehor-24l-silver\/","og_site_name":"TRUUSK - Hem, Tr\u00e4dg\u00e5rd &amp; Fritid","article_modified_time":"2026-03-12T07:51:13+00:00","og_image":[{"width":2000,"height":2000,"url":"https:\/\/i0.wp.com\/truusk.se\/wp-content\/uploads\/2025\/11\/minibakugn-med-varmluft-hetluftsfritos-6-varmelagen-timer-tillbehor-24l-silver-1.webp?fit=2000%2C2000&ssl=1","type":"image\/webp"}],"twitter_card":"summary_large_image","twitter_misc":{"Ber\u00e4knad l\u00e4stid":"1 minut"},"schema":{"@context":"https:\/\/schema.org","@graph":[{"@type":"WebPage","@id":"https:\/\/truusk.store\/sv\/produkt\/truusk-minibakugn-med-varmluft-och-hetluftsfritos-6-varmelagen-timer-tillbehor-24l-silver\/","url":"https:\/\/truusk.store\/sv\/produkt\/truusk-minibakugn-med-varmluft-och-hetluftsfritos-6-varmelagen-timer-tillbehor-24l-silver\/","name":"TRUUSK Minibakugn med Varmluft och Hetluftsfrit\u00f6s - 6 V\u00e4rmel\u00e4gen - Timer - Tillbeh\u00f6r - 24L - Silver - TRUUSK - Hem, Tr\u00e4dg\u00e5rd &amp; Fritid","isPartOf":{"@id":"https:\/\/truusk.store\/sv\/#website"},"primaryImageOfPage":{"@id":"https:\/\/truusk.store\/sv\/produkt\/truusk-minibakugn-med-varmluft-och-hetluftsfritos-6-varmelagen-timer-tillbehor-24l-silver\/#primaryimage"},"image":{"@id":"https:\/\/truusk.store\/sv\/produkt\/truusk-minibakugn-med-varmluft-och-hetluftsfritos-6-varmelagen-timer-tillbehor-24l-silver\/#primaryimage"},"thumbnailUrl":"https:\/\/i0.wp.com\/truusk.store\/wp-content\/uploads\/2025\/11\/minibakugn-med-varmluft-hetluftsfritos-6-varmelagen-timer-tillbehor-24l-silver-1.webp?fit=2000%2C2000&ssl=1","datePublished":"2025-11-24T09:23:52+00:00","dateModified":"2026-03-12T07:51:13+00:00","breadcrumb":{"@id":"https:\/\/truusk.store\/sv\/produkt\/truusk-minibakugn-med-varmluft-och-hetluftsfritos-6-varmelagen-timer-tillbehor-24l-silver\/#breadcrumb"},"inLanguage":"sv-SE","potentialAction":[{"@type":"ReadAction","target":["https:\/\/truusk.store\/sv\/produkt\/truusk-minibakugn-med-varmluft-och-hetluftsfritos-6-varmelagen-timer-tillbehor-24l-silver\/"]}]},{"@type":"ImageObject","inLanguage":"sv-SE","@id":"https:\/\/truusk.store\/sv\/produkt\/truusk-minibakugn-med-varmluft-och-hetluftsfritos-6-varmelagen-timer-tillbehor-24l-silver\/#primaryimage","url":"https:\/\/i0.wp.com\/truusk.store\/wp-content\/uploads\/2025\/11\/minibakugn-med-varmluft-hetluftsfritos-6-varmelagen-timer-tillbehor-24l-silver-1.webp?fit=2000%2C2000&ssl=1","contentUrl":"https:\/\/i0.wp.com\/truusk.store\/wp-content\/uploads\/2025\/11\/minibakugn-med-varmluft-hetluftsfritos-6-varmelagen-timer-tillbehor-24l-silver-1.webp?fit=2000%2C2000&ssl=1","width":2000,"height":2000},{"@type":"BreadcrumbList","@id":"https:\/\/truusk.store\/sv\/produkt\/truusk-minibakugn-med-varmluft-och-hetluftsfritos-6-varmelagen-timer-tillbehor-24l-silver\/#breadcrumb","itemListElement":[{"@type":"ListItem","position":1,"name":"Home","item":"https:\/\/truusk.store\/sv\/"},{"@type":"ListItem","position":2,"name":"Shop","item":"https:\/\/truusk.store\/shop\/"},{"@type":"ListItem","position":3,"name":"TRUUSK Minibakugn med Varmluft och Hetluftsfrit\u00f6s &#8211; 6 V\u00e4rmel\u00e4gen &#8211; Timer &#8211; Tillbeh\u00f6r &#8211; 24L &#8211; Silver"}]},{"@type":"WebSite","@id":"https:\/\/truusk.store\/sv\/#website","url":"https:\/\/truusk.store\/sv\/","name":"TRUUSK - Hem, Tr\u00e4dg\u00e5rd & Fritid","description":"","publisher":{"@id":"https:\/\/truusk.store\/sv\/#organization"},"potentialAction":[{"@type":"SearchAction","target":{"@type":"EntryPoint","urlTemplate":"https:\/\/truusk.store\/sv\/?s={search_term_string}"},"query-input":{"@type":"PropertyValueSpecification","valueRequired":true,"valueName":"search_term_string"}}],"inLanguage":"sv-SE"},{"@type":"Organization","@id":"https:\/\/truusk.store\/sv\/#organization","name":"TRUUSK - Hem, Tr\u00e4dg\u00e5rd & Fritid","url":"https:\/\/truusk.store\/sv\/","logo":{"@type":"ImageObject","inLanguage":"sv-SE","@id":"https:\/\/truusk.store\/sv\/#\/schema\/logo\/image\/","url":"https:\/\/i0.wp.com\/truusk.store\/wp-content\/uploads\/2026\/03\/cropped-TRUUSK.png?fit=2032%2C917&ssl=1","contentUrl":"https:\/\/i0.wp.com\/truusk.store\/wp-content\/uploads\/2026\/03\/cropped-TRUUSK.png?fit=2032%2C917&ssl=1","width":2032,"height":917,"caption":"TRUUSK - Hem, Tr\u00e4dg\u00e5rd & Fritid"},"image":{"@id":"https:\/\/truusk.store\/sv\/#\/schema\/logo\/image\/"}}]}},"jetpack_sharing_enabled":true,"_links":{"self":[{"href":"https:\/\/truusk.store\/sv\/wp-json\/wp\/v2\/product\/96887","targetHints":{"allow":["GET"]}}],"collection":[{"href":"https:\/\/truusk.store\/sv\/wp-json\/wp\/v2\/product"}],"about":[{"href":"https:\/\/truusk.store\/sv\/wp-json\/wp\/v2\/types\/product"}],"wp:featuredmedia":[{"embeddable":true,"href":"https:\/\/truusk.store\/sv\/wp-json\/wp\/v2\/media\/96871"}],"wp:attachment":[{"href":"https:\/\/truusk.store\/sv\/wp-json\/wp\/v2\/media?parent=96887"}],"wp:term":[{"taxonomy":"product_brand","embeddable":true,"href":"https:\/\/truusk.store\/sv\/wp-json\/wp\/v2\/product_brand?post=96887"},{"taxonomy":"product_cat","embeddable":true,"href":"https:\/\/truusk.store\/sv\/wp-json\/wp\/v2\/product_cat?post=96887"},{"taxonomy":"product_tag","embeddable":true,"href":"https:\/\/truusk.store\/sv\/wp-json\/wp\/v2\/product_tag?post=96887"}],"curies":[{"name":"wp","href":"https:\/\/api.w.org\/{rel}","templated":true}]}}