{"id":96892,"date":"2025-11-24T10:24:15","date_gmt":"2025-11-24T09:24:15","guid":{"rendered":"https:\/\/truusk.store\/product\/rgb-golvlampa-dimbar-lampa-med-flerfargade-belysningsalternativ-roterbar-svart\/"},"modified":"2026-03-12T08:51:16","modified_gmt":"2026-03-12T07:51:16","slug":"truusk-rgb-golvlampa-dimbar-lampa-med-flerfargade-belysningsalternativ-roterbar-svart","status":"publish","type":"product","link":"https:\/\/truusk.store\/sv\/produkt\/truusk-rgb-golvlampa-dimbar-lampa-med-flerfargade-belysningsalternativ-roterbar-svart\/","title":{"rendered":"TRUUSK RGB-golvlampa &#8211; Dimbar lampa med flerf\u00e4rgade belysningsalternativ &#8211; Roterbar &#8211; Svart"},"content":{"rendered":"<p>St\u00f6rd av d\u00e5lig belysning? Medan en person vill l\u00e4sa, vill den andra slappna av, men din lampa misslyckas med bara en inst\u00e4llning. Denna [BRAND NAME] golvlampa l\u00f6ser problemet: dess tv\u00e5 oberoende huvuden ger individuellt ljus f\u00f6r varje person. Med 3100 lumen, RGB-l\u00e4gen och RF-fj\u00e4rrkontroll skapar denna vardagsrumslampa alltid r\u00e4tt atmosf\u00e4r f\u00f6r varje aktivitet, bekv\u00e4mt fr\u00e5n soffan eller s\u00e4ngen, och berikar s\u00e5 din gemensamma tid.<\/p>\n<p>Beskrivning:<\/p>\n<ul>\n<li> Flera RGB-dynamiska scener skapar omedelbart en livlig fest- eller spelatmosf\u00e4r<\/li>\n<li> Tv\u00e5 huvuden p\u00e5 golvlampan roterar 350\u00b0 och styrs separat, f\u00f6r \u00e4ndam\u00e5lsenlig belysning<\/li>\n<li> Levererar 3100 lumen med stegl\u00f6s dimning, passande f\u00f6r varje aktivitet eller hum\u00f6r<\/li>\n<li> Kontroll via pekkontroll eller 10 m RF-fj\u00e4rrkontroll f\u00f6r bekv\u00e4mlighet<\/li>\n<li> Inkluderar enknapps-l\u00e4gen som l\u00e4sning, nattljus och 1-timmars timer<\/li>\n<li> Stabil fot p\u00e5 golvlampan f\u00f6rhindrar att den v\u00e4lter och ger s\u00e5ledes s\u00e4kerhet f\u00f6r sm\u00e5 barn och husdjur<\/li>\n<li> Montering kr\u00e4vs<\/li>\n<\/ul>\n<p> Tekniska data:<\/p>\n<ul>\n<li> F\u00e4rg: Svart<\/li>\n<li> Material: Metall, plast<\/li>\n<li> Totala dimensioner: \u00d830 x 188H cm<\/li>\n<li> Lampsk\u00e4rmsstorlek: \u00d830 x 2,5H cm<\/li>\n<li> Basstorlek: \u00d825 x 2,8H cm<\/li>\n<li> Effekt: 30 W<\/li>\n<li> Ing\u00e5ngssp\u00e4nning: AC 100-240V 50\/60Hz<\/li>\n<li> Utg\u00e5ngssp\u00e4nning: DC 24V\/1,25A<\/li>\n<li> Ljusfl\u00f6de: 3100 lm<\/li>\n<li> F\u00e4rgtemperatur: 2700K-6000K + RGB<\/li>\n<li> F\u00e4rg\u00e5tergivningsindex: Ra&gt;80<\/li>\n<li> L\u00e4ngd p\u00e5 n\u00e4tkabel: 1,8 m<\/li>\n<li> Energiklass: F<\/li>\n<li> Obs: Kr\u00e4ver tv\u00e5 AAA-batterier (ing\u00e5r ej)<\/li>\n<\/ul>\n<p>Leveransinneh\u00e5ll:<\/p>\n<ul>\n<li> 1 x Golvlampa<\/li>\n<li> 1 x Bruksanvisning<\/li>\n<\/ul>\n","protected":false},"excerpt":{"rendered":"<p>St\u00f6rd av d\u00e5lig belysning? Medan en person vill l\u00e4sa, vill den andra slappna av, men din lampa misslyckas med bara&#8230;<\/p>\n","protected":false},"featured_media":96874,"template":"","meta":[],"product_brand":[],"product_cat":[486,907,871],"product_tag":[],"class_list":{"0":"post-96892","1":"product","2":"type-product","3":"status-publish","4":"has-post-thumbnail","6":"product_cat-belysning","7":"product_cat-golvlampor","8":"product_cat-hus-hem","10":"first","11":"instock","12":"sale","13":"taxable","14":"shipping-taxable","15":"purchasable","16":"product-type-simple"},"yoast_head":"<!-- This site is optimized with the Yoast SEO plugin v25.4 - https:\/\/yoast.com\/wordpress\/plugins\/seo\/ -->\n<title>TRUUSK RGB-golvlampa - Dimbar lampa med flerf\u00e4rgade belysningsalternativ - Roterbar - Svart - TRUUSK - Hem, Tr\u00e4dg\u00e5rd &amp; Fritid<\/title>\n<meta name=\"robots\" content=\"index, follow, max-snippet:-1, max-image-preview:large, max-video-preview:-1\" \/>\n<link rel=\"canonical\" href=\"https:\/\/truusk.store\/sv\/produkt\/truusk-rgb-golvlampa-dimbar-lampa-med-flerfargade-belysningsalternativ-roterbar-svart\/\" \/>\n<meta property=\"og:locale\" content=\"sv_SE\" \/>\n<meta property=\"og:type\" content=\"article\" \/>\n<meta property=\"og:title\" content=\"TRUUSK RGB-golvlampa - Dimbar lampa med flerf\u00e4rgade belysningsalternativ - Roterbar - Svart - TRUUSK - Hem, Tr\u00e4dg\u00e5rd &amp; Fritid\" \/>\n<meta property=\"og:description\" content=\"St\u00f6rd av d\u00e5lig belysning? Medan en person vill l\u00e4sa, vill den andra slappna av, men din lampa misslyckas med bara...\" \/>\n<meta property=\"og:url\" content=\"https:\/\/truusk.store\/sv\/produkt\/truusk-rgb-golvlampa-dimbar-lampa-med-flerfargade-belysningsalternativ-roterbar-svart\/\" \/>\n<meta property=\"og:site_name\" content=\"TRUUSK - Hem, Tr\u00e4dg\u00e5rd &amp; Fritid\" \/>\n<meta property=\"article:modified_time\" content=\"2026-03-12T07:51:16+00:00\" \/>\n<meta property=\"og:image\" content=\"https:\/\/i0.wp.com\/truusk.se\/wp-content\/uploads\/2025\/11\/rgb-golvlampa-dimbar-lampa-med-flerfargade-belysningsalternativ-roterbar-svart-1.webp?fit=2000%2C2000&ssl=1\" \/>\n\t<meta property=\"og:image:width\" content=\"2000\" \/>\n\t<meta property=\"og:image:height\" content=\"2000\" \/>\n\t<meta property=\"og:image:type\" content=\"image\/webp\" \/>\n<meta name=\"twitter:card\" content=\"summary_large_image\" \/>\n<meta name=\"twitter:label1\" content=\"Ber\u00e4knad l\u00e4stid\" \/>\n\t<meta name=\"twitter:data1\" content=\"1 minut\" \/>\n<!-- \/ Yoast SEO plugin. -->","yoast_head_json":{"title":"TRUUSK RGB-golvlampa - Dimbar lampa med flerf\u00e4rgade belysningsalternativ - Roterbar - Svart - TRUUSK - Hem, Tr\u00e4dg\u00e5rd &amp; Fritid","robots":{"index":"index","follow":"follow","max-snippet":"max-snippet:-1","max-image-preview":"max-image-preview:large","max-video-preview":"max-video-preview:-1"},"canonical":"https:\/\/truusk.store\/sv\/produkt\/truusk-rgb-golvlampa-dimbar-lampa-med-flerfargade-belysningsalternativ-roterbar-svart\/","og_locale":"sv_SE","og_type":"article","og_title":"TRUUSK RGB-golvlampa - Dimbar lampa med flerf\u00e4rgade belysningsalternativ - Roterbar - Svart - TRUUSK - Hem, Tr\u00e4dg\u00e5rd &amp; Fritid","og_description":"St\u00f6rd av d\u00e5lig belysning? Medan en person vill l\u00e4sa, vill den andra slappna av, men din lampa misslyckas med bara...","og_url":"https:\/\/truusk.store\/sv\/produkt\/truusk-rgb-golvlampa-dimbar-lampa-med-flerfargade-belysningsalternativ-roterbar-svart\/","og_site_name":"TRUUSK - Hem, Tr\u00e4dg\u00e5rd &amp; Fritid","article_modified_time":"2026-03-12T07:51:16+00:00","og_image":[{"width":2000,"height":2000,"url":"https:\/\/i0.wp.com\/truusk.se\/wp-content\/uploads\/2025\/11\/rgb-golvlampa-dimbar-lampa-med-flerfargade-belysningsalternativ-roterbar-svart-1.webp?fit=2000%2C2000&ssl=1","type":"image\/webp"}],"twitter_card":"summary_large_image","twitter_misc":{"Ber\u00e4knad l\u00e4stid":"1 minut"},"schema":{"@context":"https:\/\/schema.org","@graph":[{"@type":"WebPage","@id":"https:\/\/truusk.store\/sv\/produkt\/truusk-rgb-golvlampa-dimbar-lampa-med-flerfargade-belysningsalternativ-roterbar-svart\/","url":"https:\/\/truusk.store\/sv\/produkt\/truusk-rgb-golvlampa-dimbar-lampa-med-flerfargade-belysningsalternativ-roterbar-svart\/","name":"TRUUSK RGB-golvlampa - Dimbar lampa med flerf\u00e4rgade belysningsalternativ - Roterbar - Svart - TRUUSK - Hem, Tr\u00e4dg\u00e5rd &amp; Fritid","isPartOf":{"@id":"https:\/\/truusk.store\/sv\/#website"},"primaryImageOfPage":{"@id":"https:\/\/truusk.store\/sv\/produkt\/truusk-rgb-golvlampa-dimbar-lampa-med-flerfargade-belysningsalternativ-roterbar-svart\/#primaryimage"},"image":{"@id":"https:\/\/truusk.store\/sv\/produkt\/truusk-rgb-golvlampa-dimbar-lampa-med-flerfargade-belysningsalternativ-roterbar-svart\/#primaryimage"},"thumbnailUrl":"https:\/\/i0.wp.com\/truusk.store\/wp-content\/uploads\/2025\/11\/rgb-golvlampa-dimbar-lampa-med-flerfargade-belysningsalternativ-roterbar-svart-1.webp?fit=2000%2C2000&ssl=1","datePublished":"2025-11-24T09:24:15+00:00","dateModified":"2026-03-12T07:51:16+00:00","breadcrumb":{"@id":"https:\/\/truusk.store\/sv\/produkt\/truusk-rgb-golvlampa-dimbar-lampa-med-flerfargade-belysningsalternativ-roterbar-svart\/#breadcrumb"},"inLanguage":"sv-SE","potentialAction":[{"@type":"ReadAction","target":["https:\/\/truusk.store\/sv\/produkt\/truusk-rgb-golvlampa-dimbar-lampa-med-flerfargade-belysningsalternativ-roterbar-svart\/"]}]},{"@type":"ImageObject","inLanguage":"sv-SE","@id":"https:\/\/truusk.store\/sv\/produkt\/truusk-rgb-golvlampa-dimbar-lampa-med-flerfargade-belysningsalternativ-roterbar-svart\/#primaryimage","url":"https:\/\/i0.wp.com\/truusk.store\/wp-content\/uploads\/2025\/11\/rgb-golvlampa-dimbar-lampa-med-flerfargade-belysningsalternativ-roterbar-svart-1.webp?fit=2000%2C2000&ssl=1","contentUrl":"https:\/\/i0.wp.com\/truusk.store\/wp-content\/uploads\/2025\/11\/rgb-golvlampa-dimbar-lampa-med-flerfargade-belysningsalternativ-roterbar-svart-1.webp?fit=2000%2C2000&ssl=1","width":2000,"height":2000},{"@type":"BreadcrumbList","@id":"https:\/\/truusk.store\/sv\/produkt\/truusk-rgb-golvlampa-dimbar-lampa-med-flerfargade-belysningsalternativ-roterbar-svart\/#breadcrumb","itemListElement":[{"@type":"ListItem","position":1,"name":"Home","item":"https:\/\/truusk.store\/sv\/"},{"@type":"ListItem","position":2,"name":"Shop","item":"https:\/\/truusk.store\/shop\/"},{"@type":"ListItem","position":3,"name":"TRUUSK RGB-golvlampa &#8211; Dimbar lampa med flerf\u00e4rgade belysningsalternativ &#8211; Roterbar &#8211; Svart"}]},{"@type":"WebSite","@id":"https:\/\/truusk.store\/sv\/#website","url":"https:\/\/truusk.store\/sv\/","name":"TRUUSK - Hem, Tr\u00e4dg\u00e5rd & Fritid","description":"","publisher":{"@id":"https:\/\/truusk.store\/sv\/#organization"},"potentialAction":[{"@type":"SearchAction","target":{"@type":"EntryPoint","urlTemplate":"https:\/\/truusk.store\/sv\/?s={search_term_string}"},"query-input":{"@type":"PropertyValueSpecification","valueRequired":true,"valueName":"search_term_string"}}],"inLanguage":"sv-SE"},{"@type":"Organization","@id":"https:\/\/truusk.store\/sv\/#organization","name":"TRUUSK - Hem, Tr\u00e4dg\u00e5rd & Fritid","url":"https:\/\/truusk.store\/sv\/","logo":{"@type":"ImageObject","inLanguage":"sv-SE","@id":"https:\/\/truusk.store\/sv\/#\/schema\/logo\/image\/","url":"https:\/\/i0.wp.com\/truusk.store\/wp-content\/uploads\/2026\/03\/cropped-TRUUSK.png?fit=2032%2C917&ssl=1","contentUrl":"https:\/\/i0.wp.com\/truusk.store\/wp-content\/uploads\/2026\/03\/cropped-TRUUSK.png?fit=2032%2C917&ssl=1","width":2032,"height":917,"caption":"TRUUSK - Hem, Tr\u00e4dg\u00e5rd & Fritid"},"image":{"@id":"https:\/\/truusk.store\/sv\/#\/schema\/logo\/image\/"}}]}},"jetpack_sharing_enabled":true,"_links":{"self":[{"href":"https:\/\/truusk.store\/sv\/wp-json\/wp\/v2\/product\/96892","targetHints":{"allow":["GET"]}}],"collection":[{"href":"https:\/\/truusk.store\/sv\/wp-json\/wp\/v2\/product"}],"about":[{"href":"https:\/\/truusk.store\/sv\/wp-json\/wp\/v2\/types\/product"}],"wp:featuredmedia":[{"embeddable":true,"href":"https:\/\/truusk.store\/sv\/wp-json\/wp\/v2\/media\/96874"}],"wp:attachment":[{"href":"https:\/\/truusk.store\/sv\/wp-json\/wp\/v2\/media?parent=96892"}],"wp:term":[{"taxonomy":"product_brand","embeddable":true,"href":"https:\/\/truusk.store\/sv\/wp-json\/wp\/v2\/product_brand?post=96892"},{"taxonomy":"product_cat","embeddable":true,"href":"https:\/\/truusk.store\/sv\/wp-json\/wp\/v2\/product_cat?post=96892"},{"taxonomy":"product_tag","embeddable":true,"href":"https:\/\/truusk.store\/sv\/wp-json\/wp\/v2\/product_tag?post=96892"}],"curies":[{"name":"wp","href":"https:\/\/api.w.org\/{rel}","templated":true}]}}