{"id":96901,"date":"2025-11-24T10:25:10","date_gmt":"2025-11-24T09:25:10","guid":{"rendered":"https:\/\/truusk.store\/product\/stoppsate-accentstol-modern-design-roterbar-upp-till-120-kg-svart\/"},"modified":"2026-03-12T08:51:18","modified_gmt":"2026-03-12T07:51:18","slug":"truusk-stoppsate-och-accentstol-modern-design-roterbar-upp-till-120-kg-svart","status":"publish","type":"product","link":"https:\/\/truusk.store\/sv\/produkt\/truusk-stoppsate-och-accentstol-modern-design-roterbar-upp-till-120-kg-svart\/","title":{"rendered":"TRUUSK Stopps\u00e4te och Accentstol &#8211; Modern Design &#8211; Roterbar &#8211; Upp Till 120 Kg &#8211; Svart"},"content":{"rendered":"<p>Dyk in i den bekv\u00e4ma [BRAND NAME] f\u00e5t\u00f6ljen, som kombinerar klassiska och moderna designelement med knappf\u00e4stning och vinklade ben. Denna stoppade stol \u00e4r inte bara en modetrend, utan \u00f6vertygar ocks\u00e5 med sin sofistikerade roterande funktion och den h\u00f6gkvalitativa ull-linnekjol, som garanterar h\u00f6gsta stil och komfort. Upplev den perfekta kombinationen av funktionalitet och ren komfort med [BRAND NAME] stoppade f\u00e5t\u00f6lj.<\/p>\n<p>Beskrivning:<\/p>\n<ul>\n<li> Modern design av armstolen kompletterar samtida inredningar<\/li>\n<li> Knappf\u00e4stning och vinklade ben ger ett stilfullt uttalande<\/li>\n<li> 360\u00b0 roterande s\u00e4te ger r\u00f6relsefrihet<\/li>\n<li> Andningsbart fodral av sminkstolen i ull-linneoptik ger komfort<\/li>\n<li> Tjock stoppning \u00f6kar sittst\u00f6det<\/li>\n<li> St\u00e5lbenen p\u00e5 relaxstolen med justerbara f\u00f6tter garanterar stabilitet p\u00e5 oj\u00e4mna golv<\/li>\n<li> Montering kr\u00e4vs<\/li>\n<\/ul>\n<p> Tekniska data:<\/p>\n<ul>\n<li> F\u00e4rg: Svart+Svart<\/li>\n<li> Material: Ull-linne (100% polyester), skum, st\u00e5l, flerskiktsplatta<\/li>\n<li> Totala dimensioner: 60B x 61T x 88H cm<\/li>\n<li> Sitsstorlek: 47B x 45T x 47,5H cm<\/li>\n<li> Sits tjocklek: 10 cm<\/li>\n<li> Ryggst\u00f6dets storlek: 43B x 41H cm<\/li>\n<li> Ryggst\u00f6dets tjocklek: 7 cm<\/li>\n<li> Armst\u00f6dets h\u00f6jd fr\u00e5n sitsen: 18 cm<\/li>\n<li> Benh\u00f6jd: 35 cm<\/li>\n<li> Belastningskapacitet: 120 kg<\/li>\n<\/ul>\n<p>Leveransinneh\u00e5ll:<\/p>\n<ul>\n<li> 1 x F\u00e5t\u00f6lj<\/li>\n<li> 1 x Bruksanvisning<\/li>\n<\/ul>\n","protected":false},"excerpt":{"rendered":"<p>Dyk in i den bekv\u00e4ma [BRAND NAME] f\u00e5t\u00f6ljen, som kombinerar klassiska och moderna designelement med knappf\u00e4stning och vinklade ben. Denna&#8230;<\/p>\n","protected":false},"featured_media":96889,"template":"","meta":[],"product_brand":[],"product_cat":[871,519,910],"product_tag":[],"class_list":{"0":"post-96901","1":"product","2":"type-product","3":"status-publish","4":"has-post-thumbnail","6":"product_cat-hus-hem","7":"product_cat-stoppade-stolar","8":"product_cat-vardagsrum","10":"first","11":"instock","12":"sale","13":"taxable","14":"shipping-taxable","15":"purchasable","16":"product-type-simple"},"yoast_head":"<!-- This site is optimized with the Yoast SEO plugin v25.4 - https:\/\/yoast.com\/wordpress\/plugins\/seo\/ -->\n<title>TRUUSK Stopps\u00e4te och Accentstol - Modern Design - Roterbar - Upp Till 120 Kg - Svart - TRUUSK - Hem, Tr\u00e4dg\u00e5rd &amp; Fritid<\/title>\n<meta name=\"robots\" content=\"index, follow, max-snippet:-1, max-image-preview:large, max-video-preview:-1\" \/>\n<link rel=\"canonical\" href=\"https:\/\/truusk.store\/sv\/produkt\/truusk-stoppsate-och-accentstol-modern-design-roterbar-upp-till-120-kg-svart\/\" \/>\n<meta property=\"og:locale\" content=\"sv_SE\" \/>\n<meta property=\"og:type\" content=\"article\" \/>\n<meta property=\"og:title\" content=\"TRUUSK Stopps\u00e4te och Accentstol - Modern Design - Roterbar - Upp Till 120 Kg - Svart - TRUUSK - Hem, Tr\u00e4dg\u00e5rd &amp; Fritid\" \/>\n<meta property=\"og:description\" content=\"Dyk in i den bekv\u00e4ma [BRAND NAME] f\u00e5t\u00f6ljen, som kombinerar klassiska och moderna designelement med knappf\u00e4stning och vinklade ben. Denna...\" \/>\n<meta property=\"og:url\" content=\"https:\/\/truusk.store\/sv\/produkt\/truusk-stoppsate-och-accentstol-modern-design-roterbar-upp-till-120-kg-svart\/\" \/>\n<meta property=\"og:site_name\" content=\"TRUUSK - Hem, Tr\u00e4dg\u00e5rd &amp; Fritid\" \/>\n<meta property=\"article:modified_time\" content=\"2026-03-12T07:51:18+00:00\" \/>\n<meta property=\"og:image\" content=\"https:\/\/i0.wp.com\/truusk.se\/wp-content\/uploads\/2025\/11\/stoppsate-accentstol-modern-design-roterbar-upp-till-120-kg-svart-1.webp?fit=2000%2C2000&ssl=1\" \/>\n\t<meta property=\"og:image:width\" content=\"2000\" \/>\n\t<meta property=\"og:image:height\" content=\"2000\" \/>\n\t<meta property=\"og:image:type\" content=\"image\/webp\" \/>\n<meta name=\"twitter:card\" content=\"summary_large_image\" \/>\n<meta name=\"twitter:label1\" content=\"Ber\u00e4knad l\u00e4stid\" \/>\n\t<meta name=\"twitter:data1\" content=\"1 minut\" \/>\n<!-- \/ Yoast SEO plugin. -->","yoast_head_json":{"title":"TRUUSK Stopps\u00e4te och Accentstol - Modern Design - Roterbar - Upp Till 120 Kg - Svart - TRUUSK - Hem, Tr\u00e4dg\u00e5rd &amp; Fritid","robots":{"index":"index","follow":"follow","max-snippet":"max-snippet:-1","max-image-preview":"max-image-preview:large","max-video-preview":"max-video-preview:-1"},"canonical":"https:\/\/truusk.store\/sv\/produkt\/truusk-stoppsate-och-accentstol-modern-design-roterbar-upp-till-120-kg-svart\/","og_locale":"sv_SE","og_type":"article","og_title":"TRUUSK Stopps\u00e4te och Accentstol - Modern Design - Roterbar - Upp Till 120 Kg - Svart - TRUUSK - Hem, Tr\u00e4dg\u00e5rd &amp; Fritid","og_description":"Dyk in i den bekv\u00e4ma [BRAND NAME] f\u00e5t\u00f6ljen, som kombinerar klassiska och moderna designelement med knappf\u00e4stning och vinklade ben. Denna...","og_url":"https:\/\/truusk.store\/sv\/produkt\/truusk-stoppsate-och-accentstol-modern-design-roterbar-upp-till-120-kg-svart\/","og_site_name":"TRUUSK - Hem, Tr\u00e4dg\u00e5rd &amp; Fritid","article_modified_time":"2026-03-12T07:51:18+00:00","og_image":[{"width":2000,"height":2000,"url":"https:\/\/i0.wp.com\/truusk.se\/wp-content\/uploads\/2025\/11\/stoppsate-accentstol-modern-design-roterbar-upp-till-120-kg-svart-1.webp?fit=2000%2C2000&ssl=1","type":"image\/webp"}],"twitter_card":"summary_large_image","twitter_misc":{"Ber\u00e4knad l\u00e4stid":"1 minut"},"schema":{"@context":"https:\/\/schema.org","@graph":[{"@type":"WebPage","@id":"https:\/\/truusk.store\/sv\/produkt\/truusk-stoppsate-och-accentstol-modern-design-roterbar-upp-till-120-kg-svart\/","url":"https:\/\/truusk.store\/sv\/produkt\/truusk-stoppsate-och-accentstol-modern-design-roterbar-upp-till-120-kg-svart\/","name":"TRUUSK Stopps\u00e4te och Accentstol - Modern Design - Roterbar - Upp Till 120 Kg - Svart - TRUUSK - Hem, Tr\u00e4dg\u00e5rd &amp; Fritid","isPartOf":{"@id":"https:\/\/truusk.store\/sv\/#website"},"primaryImageOfPage":{"@id":"https:\/\/truusk.store\/sv\/produkt\/truusk-stoppsate-och-accentstol-modern-design-roterbar-upp-till-120-kg-svart\/#primaryimage"},"image":{"@id":"https:\/\/truusk.store\/sv\/produkt\/truusk-stoppsate-och-accentstol-modern-design-roterbar-upp-till-120-kg-svart\/#primaryimage"},"thumbnailUrl":"https:\/\/i0.wp.com\/truusk.store\/wp-content\/uploads\/2025\/11\/stoppsate-accentstol-modern-design-roterbar-upp-till-120-kg-svart-1.webp?fit=2000%2C2000&ssl=1","datePublished":"2025-11-24T09:25:10+00:00","dateModified":"2026-03-12T07:51:18+00:00","breadcrumb":{"@id":"https:\/\/truusk.store\/sv\/produkt\/truusk-stoppsate-och-accentstol-modern-design-roterbar-upp-till-120-kg-svart\/#breadcrumb"},"inLanguage":"sv-SE","potentialAction":[{"@type":"ReadAction","target":["https:\/\/truusk.store\/sv\/produkt\/truusk-stoppsate-och-accentstol-modern-design-roterbar-upp-till-120-kg-svart\/"]}]},{"@type":"ImageObject","inLanguage":"sv-SE","@id":"https:\/\/truusk.store\/sv\/produkt\/truusk-stoppsate-och-accentstol-modern-design-roterbar-upp-till-120-kg-svart\/#primaryimage","url":"https:\/\/i0.wp.com\/truusk.store\/wp-content\/uploads\/2025\/11\/stoppsate-accentstol-modern-design-roterbar-upp-till-120-kg-svart-1.webp?fit=2000%2C2000&ssl=1","contentUrl":"https:\/\/i0.wp.com\/truusk.store\/wp-content\/uploads\/2025\/11\/stoppsate-accentstol-modern-design-roterbar-upp-till-120-kg-svart-1.webp?fit=2000%2C2000&ssl=1","width":2000,"height":2000},{"@type":"BreadcrumbList","@id":"https:\/\/truusk.store\/sv\/produkt\/truusk-stoppsate-och-accentstol-modern-design-roterbar-upp-till-120-kg-svart\/#breadcrumb","itemListElement":[{"@type":"ListItem","position":1,"name":"Home","item":"https:\/\/truusk.store\/sv\/"},{"@type":"ListItem","position":2,"name":"Shop","item":"https:\/\/truusk.store\/shop\/"},{"@type":"ListItem","position":3,"name":"TRUUSK Stopps\u00e4te och Accentstol &#8211; Modern Design &#8211; Roterbar &#8211; Upp Till 120 Kg &#8211; Svart"}]},{"@type":"WebSite","@id":"https:\/\/truusk.store\/sv\/#website","url":"https:\/\/truusk.store\/sv\/","name":"TRUUSK - Hem, Tr\u00e4dg\u00e5rd & Fritid","description":"","publisher":{"@id":"https:\/\/truusk.store\/sv\/#organization"},"potentialAction":[{"@type":"SearchAction","target":{"@type":"EntryPoint","urlTemplate":"https:\/\/truusk.store\/sv\/?s={search_term_string}"},"query-input":{"@type":"PropertyValueSpecification","valueRequired":true,"valueName":"search_term_string"}}],"inLanguage":"sv-SE"},{"@type":"Organization","@id":"https:\/\/truusk.store\/sv\/#organization","name":"TRUUSK - Hem, Tr\u00e4dg\u00e5rd & Fritid","url":"https:\/\/truusk.store\/sv\/","logo":{"@type":"ImageObject","inLanguage":"sv-SE","@id":"https:\/\/truusk.store\/sv\/#\/schema\/logo\/image\/","url":"https:\/\/i0.wp.com\/truusk.store\/wp-content\/uploads\/2026\/03\/cropped-TRUUSK.png?fit=2032%2C917&ssl=1","contentUrl":"https:\/\/i0.wp.com\/truusk.store\/wp-content\/uploads\/2026\/03\/cropped-TRUUSK.png?fit=2032%2C917&ssl=1","width":2032,"height":917,"caption":"TRUUSK - Hem, Tr\u00e4dg\u00e5rd & Fritid"},"image":{"@id":"https:\/\/truusk.store\/sv\/#\/schema\/logo\/image\/"}}]}},"jetpack_sharing_enabled":true,"_links":{"self":[{"href":"https:\/\/truusk.store\/sv\/wp-json\/wp\/v2\/product\/96901","targetHints":{"allow":["GET"]}}],"collection":[{"href":"https:\/\/truusk.store\/sv\/wp-json\/wp\/v2\/product"}],"about":[{"href":"https:\/\/truusk.store\/sv\/wp-json\/wp\/v2\/types\/product"}],"wp:featuredmedia":[{"embeddable":true,"href":"https:\/\/truusk.store\/sv\/wp-json\/wp\/v2\/media\/96889"}],"wp:attachment":[{"href":"https:\/\/truusk.store\/sv\/wp-json\/wp\/v2\/media?parent=96901"}],"wp:term":[{"taxonomy":"product_brand","embeddable":true,"href":"https:\/\/truusk.store\/sv\/wp-json\/wp\/v2\/product_brand?post=96901"},{"taxonomy":"product_cat","embeddable":true,"href":"https:\/\/truusk.store\/sv\/wp-json\/wp\/v2\/product_cat?post=96901"},{"taxonomy":"product_tag","embeddable":true,"href":"https:\/\/truusk.store\/sv\/wp-json\/wp\/v2\/product_tag?post=96901"}],"curies":[{"name":"wp","href":"https:\/\/api.w.org\/{rel}","templated":true}]}}