{"id":96922,"date":"2025-11-24T10:27:21","date_gmt":"2025-11-24T09:27:21","guid":{"rendered":"https:\/\/truusk.store\/product\/led-golvlampa-hornhylla-dimbar-4-hyllor-varmvitt-ljus-41x30x164cm-ek\/"},"modified":"2026-03-12T08:51:19","modified_gmt":"2026-03-12T07:51:19","slug":"truusk-led-golvlampa-hornhylla-dimbar-4-hyllor-varmvitt-ljus-ek-41x30x164cm","status":"publish","type":"product","link":"https:\/\/truusk.store\/sv\/produkt\/truusk-led-golvlampa-hornhylla-dimbar-4-hyllor-varmvitt-ljus-ek-41x30x164cm\/","title":{"rendered":"TRUUSK LED-golvlampa &#8211; H\u00f6rnhylla &#8211; Dimbar &#8211; 4 Hyllor &#8211; Varmvitt Ljus &#8211; Ek &#8211; 41x30x164cm"},"content":{"rendered":"<p>God belysning \u00e4r avg\u00f6rande f\u00f6r att s\u00e4tta ditt hem i r\u00e4tt ljus. [BRAND NAME] golvlampa med hylla skapar med sitt behagliga ljus den perfekta st\u00e4mningen och ger varje rum en ny elegans. Tack vare sin smala, h\u00f6ga konstruktion \u00e4r golvlampan med hylla inte bara robust, utan idealisk f\u00f6r mysiga kv\u00e4llar eller avkopplande l\u00e4sningstimmar.<\/p>\n<p>Beskrivning:<\/p>\n<ul>\n<li> H\u00f6rnformen och ekfinishen ger denna vardagsrumsgolvlampa ett samtida utseende f\u00f6r din boendemilj\u00f6<\/li>\n<li> Integrerad LED med varmvitt ljus (3000K) och en imponerande livsl\u00e4ngd p\u00e5 25 000 timmar<\/li>\n<li> Lampan erbjuder 3 ljusstyrkor och m\u00f6jligheten att rikta ljuset \u00e5t h\u00f6ger eller v\u00e4nster<\/li>\n<li> Fyra niv\u00e5er av golvlampan erbjuder tillr\u00e4ckligt med utrymme f\u00f6r dekorativa f\u00f6rem\u00e5l och andra objekt<\/li>\n<li> M\u00f6jligg\u00f6r bekv\u00e4m drift av lampan med fottryck<\/li>\n<li> L\u00e4mplig f\u00f6r olika typer av ljusk\u00e4llor som LED, halogen eller gl\u00f6dlampor (ljusk\u00e4llor ing\u00e5r inte)<\/li>\n<li> Den l\u00e5nga str\u00f6mkabeln ut\u00f6kar lampans placering<\/li>\n<li> Enkel montering kr\u00e4vs<\/li>\n<\/ul>\n<p> Tekniska data:<\/p>\n<ul>\n<li> F\u00e4rg: Ek<\/li>\n<li> Material: MDF<\/li>\n<li> Totala m\u00e5tt: 41L x 29,5B x 163,5H cm<\/li>\n<li> Kabell\u00e4ngd: 1,8 m<\/li>\n<li> Belastningskapacitet: Hylla: 2 kg, Totalt: 8 kg<\/li>\n<li> F\u00e4rgtemperatur: 3000K (varmvit)<\/li>\n<li> Lumen: 1530LM<\/li>\n<li> Livsl\u00e4ngd: 25.000 timmar<\/li>\n<li> Ing\u00e5ng: 220-240V\/50Hz<\/li>\n<li> Utg\u00e5ng: 24V\/1A\/24W<\/li>\n<\/ul>\n<p>Ing\u00e5r i leveransen:<\/p>\n<ul>\n<li> 1 x Golvlampa<\/li>\n<li> 1 x Bruksanvisning<\/li>\n<\/ul>\n","protected":false},"excerpt":{"rendered":"<p>God belysning \u00e4r avg\u00f6rande f\u00f6r att s\u00e4tta ditt hem i r\u00e4tt ljus. [BRAND NAME] golvlampa med hylla skapar med sitt&#8230;<\/p>\n","protected":false},"featured_media":96909,"template":"","meta":[],"product_brand":[],"product_cat":[486,907,871],"product_tag":[],"class_list":{"0":"post-96922","1":"product","2":"type-product","3":"status-publish","4":"has-post-thumbnail","6":"product_cat-belysning","7":"product_cat-golvlampor","8":"product_cat-hus-hem","10":"first","11":"instock","12":"sale","13":"taxable","14":"shipping-taxable","15":"purchasable","16":"product-type-simple"},"yoast_head":"<!-- This site is optimized with the Yoast SEO plugin v25.4 - https:\/\/yoast.com\/wordpress\/plugins\/seo\/ -->\n<title>TRUUSK LED-golvlampa - H\u00f6rnhylla - Dimbar - 4 Hyllor - Varmvitt Ljus - Ek - 41x30x164cm - TRUUSK - Hem, Tr\u00e4dg\u00e5rd &amp; Fritid<\/title>\n<meta name=\"robots\" content=\"index, follow, max-snippet:-1, max-image-preview:large, max-video-preview:-1\" \/>\n<link rel=\"canonical\" href=\"https:\/\/truusk.store\/sv\/produkt\/truusk-led-golvlampa-hornhylla-dimbar-4-hyllor-varmvitt-ljus-ek-41x30x164cm\/\" \/>\n<meta property=\"og:locale\" content=\"sv_SE\" \/>\n<meta property=\"og:type\" content=\"article\" \/>\n<meta property=\"og:title\" content=\"TRUUSK LED-golvlampa - H\u00f6rnhylla - Dimbar - 4 Hyllor - Varmvitt Ljus - Ek - 41x30x164cm - TRUUSK - Hem, Tr\u00e4dg\u00e5rd &amp; Fritid\" \/>\n<meta property=\"og:description\" content=\"God belysning \u00e4r avg\u00f6rande f\u00f6r att s\u00e4tta ditt hem i r\u00e4tt ljus. [BRAND NAME] golvlampa med hylla skapar med sitt...\" \/>\n<meta property=\"og:url\" content=\"https:\/\/truusk.store\/sv\/produkt\/truusk-led-golvlampa-hornhylla-dimbar-4-hyllor-varmvitt-ljus-ek-41x30x164cm\/\" \/>\n<meta property=\"og:site_name\" content=\"TRUUSK - Hem, Tr\u00e4dg\u00e5rd &amp; Fritid\" \/>\n<meta property=\"article:modified_time\" content=\"2026-03-12T07:51:19+00:00\" \/>\n<meta property=\"og:image\" content=\"https:\/\/i0.wp.com\/truusk.se\/wp-content\/uploads\/2025\/11\/led-golvlampa-hornhylla-dimbar-4-hyllor-varmvitt-ljus-41x30x164cm-ek-1.webp?fit=2000%2C2000&ssl=1\" \/>\n\t<meta property=\"og:image:width\" content=\"2000\" \/>\n\t<meta property=\"og:image:height\" content=\"2000\" \/>\n\t<meta property=\"og:image:type\" content=\"image\/webp\" \/>\n<meta name=\"twitter:card\" content=\"summary_large_image\" \/>\n<meta name=\"twitter:label1\" content=\"Ber\u00e4knad l\u00e4stid\" \/>\n\t<meta name=\"twitter:data1\" content=\"1 minut\" \/>\n<!-- \/ Yoast SEO plugin. -->","yoast_head_json":{"title":"TRUUSK LED-golvlampa - H\u00f6rnhylla - Dimbar - 4 Hyllor - Varmvitt Ljus - Ek - 41x30x164cm - TRUUSK - Hem, Tr\u00e4dg\u00e5rd &amp; Fritid","robots":{"index":"index","follow":"follow","max-snippet":"max-snippet:-1","max-image-preview":"max-image-preview:large","max-video-preview":"max-video-preview:-1"},"canonical":"https:\/\/truusk.store\/sv\/produkt\/truusk-led-golvlampa-hornhylla-dimbar-4-hyllor-varmvitt-ljus-ek-41x30x164cm\/","og_locale":"sv_SE","og_type":"article","og_title":"TRUUSK LED-golvlampa - H\u00f6rnhylla - Dimbar - 4 Hyllor - Varmvitt Ljus - Ek - 41x30x164cm - TRUUSK - Hem, Tr\u00e4dg\u00e5rd &amp; Fritid","og_description":"God belysning \u00e4r avg\u00f6rande f\u00f6r att s\u00e4tta ditt hem i r\u00e4tt ljus. [BRAND NAME] golvlampa med hylla skapar med sitt...","og_url":"https:\/\/truusk.store\/sv\/produkt\/truusk-led-golvlampa-hornhylla-dimbar-4-hyllor-varmvitt-ljus-ek-41x30x164cm\/","og_site_name":"TRUUSK - Hem, Tr\u00e4dg\u00e5rd &amp; Fritid","article_modified_time":"2026-03-12T07:51:19+00:00","og_image":[{"width":2000,"height":2000,"url":"https:\/\/i0.wp.com\/truusk.se\/wp-content\/uploads\/2025\/11\/led-golvlampa-hornhylla-dimbar-4-hyllor-varmvitt-ljus-41x30x164cm-ek-1.webp?fit=2000%2C2000&ssl=1","type":"image\/webp"}],"twitter_card":"summary_large_image","twitter_misc":{"Ber\u00e4knad l\u00e4stid":"1 minut"},"schema":{"@context":"https:\/\/schema.org","@graph":[{"@type":"WebPage","@id":"https:\/\/truusk.store\/sv\/produkt\/truusk-led-golvlampa-hornhylla-dimbar-4-hyllor-varmvitt-ljus-ek-41x30x164cm\/","url":"https:\/\/truusk.store\/sv\/produkt\/truusk-led-golvlampa-hornhylla-dimbar-4-hyllor-varmvitt-ljus-ek-41x30x164cm\/","name":"TRUUSK LED-golvlampa - H\u00f6rnhylla - Dimbar - 4 Hyllor - Varmvitt Ljus - Ek - 41x30x164cm - TRUUSK - Hem, Tr\u00e4dg\u00e5rd &amp; Fritid","isPartOf":{"@id":"https:\/\/truusk.store\/sv\/#website"},"primaryImageOfPage":{"@id":"https:\/\/truusk.store\/sv\/produkt\/truusk-led-golvlampa-hornhylla-dimbar-4-hyllor-varmvitt-ljus-ek-41x30x164cm\/#primaryimage"},"image":{"@id":"https:\/\/truusk.store\/sv\/produkt\/truusk-led-golvlampa-hornhylla-dimbar-4-hyllor-varmvitt-ljus-ek-41x30x164cm\/#primaryimage"},"thumbnailUrl":"https:\/\/i0.wp.com\/truusk.store\/wp-content\/uploads\/2025\/11\/led-golvlampa-hornhylla-dimbar-4-hyllor-varmvitt-ljus-41x30x164cm-ek-1.webp?fit=2000%2C2000&ssl=1","datePublished":"2025-11-24T09:27:21+00:00","dateModified":"2026-03-12T07:51:19+00:00","breadcrumb":{"@id":"https:\/\/truusk.store\/sv\/produkt\/truusk-led-golvlampa-hornhylla-dimbar-4-hyllor-varmvitt-ljus-ek-41x30x164cm\/#breadcrumb"},"inLanguage":"sv-SE","potentialAction":[{"@type":"ReadAction","target":["https:\/\/truusk.store\/sv\/produkt\/truusk-led-golvlampa-hornhylla-dimbar-4-hyllor-varmvitt-ljus-ek-41x30x164cm\/"]}]},{"@type":"ImageObject","inLanguage":"sv-SE","@id":"https:\/\/truusk.store\/sv\/produkt\/truusk-led-golvlampa-hornhylla-dimbar-4-hyllor-varmvitt-ljus-ek-41x30x164cm\/#primaryimage","url":"https:\/\/i0.wp.com\/truusk.store\/wp-content\/uploads\/2025\/11\/led-golvlampa-hornhylla-dimbar-4-hyllor-varmvitt-ljus-41x30x164cm-ek-1.webp?fit=2000%2C2000&ssl=1","contentUrl":"https:\/\/i0.wp.com\/truusk.store\/wp-content\/uploads\/2025\/11\/led-golvlampa-hornhylla-dimbar-4-hyllor-varmvitt-ljus-41x30x164cm-ek-1.webp?fit=2000%2C2000&ssl=1","width":2000,"height":2000},{"@type":"BreadcrumbList","@id":"https:\/\/truusk.store\/sv\/produkt\/truusk-led-golvlampa-hornhylla-dimbar-4-hyllor-varmvitt-ljus-ek-41x30x164cm\/#breadcrumb","itemListElement":[{"@type":"ListItem","position":1,"name":"Home","item":"https:\/\/truusk.store\/sv\/"},{"@type":"ListItem","position":2,"name":"Shop","item":"https:\/\/truusk.store\/shop\/"},{"@type":"ListItem","position":3,"name":"TRUUSK LED-golvlampa &#8211; H\u00f6rnhylla &#8211; Dimbar &#8211; 4 Hyllor &#8211; Varmvitt Ljus &#8211; Ek &#8211; 41x30x164cm"}]},{"@type":"WebSite","@id":"https:\/\/truusk.store\/sv\/#website","url":"https:\/\/truusk.store\/sv\/","name":"TRUUSK - Hem, Tr\u00e4dg\u00e5rd & Fritid","description":"","publisher":{"@id":"https:\/\/truusk.store\/sv\/#organization"},"potentialAction":[{"@type":"SearchAction","target":{"@type":"EntryPoint","urlTemplate":"https:\/\/truusk.store\/sv\/?s={search_term_string}"},"query-input":{"@type":"PropertyValueSpecification","valueRequired":true,"valueName":"search_term_string"}}],"inLanguage":"sv-SE"},{"@type":"Organization","@id":"https:\/\/truusk.store\/sv\/#organization","name":"TRUUSK - Hem, Tr\u00e4dg\u00e5rd & Fritid","url":"https:\/\/truusk.store\/sv\/","logo":{"@type":"ImageObject","inLanguage":"sv-SE","@id":"https:\/\/truusk.store\/sv\/#\/schema\/logo\/image\/","url":"https:\/\/i0.wp.com\/truusk.store\/wp-content\/uploads\/2026\/03\/cropped-TRUUSK.png?fit=2032%2C917&ssl=1","contentUrl":"https:\/\/i0.wp.com\/truusk.store\/wp-content\/uploads\/2026\/03\/cropped-TRUUSK.png?fit=2032%2C917&ssl=1","width":2032,"height":917,"caption":"TRUUSK - Hem, Tr\u00e4dg\u00e5rd & Fritid"},"image":{"@id":"https:\/\/truusk.store\/sv\/#\/schema\/logo\/image\/"}}]}},"jetpack_sharing_enabled":true,"_links":{"self":[{"href":"https:\/\/truusk.store\/sv\/wp-json\/wp\/v2\/product\/96922","targetHints":{"allow":["GET"]}}],"collection":[{"href":"https:\/\/truusk.store\/sv\/wp-json\/wp\/v2\/product"}],"about":[{"href":"https:\/\/truusk.store\/sv\/wp-json\/wp\/v2\/types\/product"}],"wp:featuredmedia":[{"embeddable":true,"href":"https:\/\/truusk.store\/sv\/wp-json\/wp\/v2\/media\/96909"}],"wp:attachment":[{"href":"https:\/\/truusk.store\/sv\/wp-json\/wp\/v2\/media?parent=96922"}],"wp:term":[{"taxonomy":"product_brand","embeddable":true,"href":"https:\/\/truusk.store\/sv\/wp-json\/wp\/v2\/product_brand?post=96922"},{"taxonomy":"product_cat","embeddable":true,"href":"https:\/\/truusk.store\/sv\/wp-json\/wp\/v2\/product_cat?post=96922"},{"taxonomy":"product_tag","embeddable":true,"href":"https:\/\/truusk.store\/sv\/wp-json\/wp\/v2\/product_tag?post=96922"}],"curies":[{"name":"wp","href":"https:\/\/api.w.org\/{rel}","templated":true}]}}