{"id":96938,"date":"2025-11-24T10:31:21","date_gmt":"2025-11-24T09:31:21","guid":{"rendered":"https:\/\/truusk.store\/product\/baddsoffa-gastsang-3-faldigt-justerbar-ryggstod-snoreoptik-upp-till-120-kg-141-x-90-x-81-cm-morkgra\/"},"modified":"2026-03-12T08:52:14","modified_gmt":"2026-03-12T07:52:14","slug":"truusk-baddsoffa-och-gastsang-3-faldigt-justerbar-ryggstod-snoreoptik-upp-till-120-kg-morkgra-141-x-90-x-81-cm","status":"publish","type":"product","link":"https:\/\/truusk.store\/sv\/produkt\/truusk-baddsoffa-och-gastsang-3-faldigt-justerbar-ryggstod-snoreoptik-upp-till-120-kg-morkgra-141-x-90-x-81-cm\/","title":{"rendered":"TRUUSK B\u00e4ddsoffa och G\u00e4sts\u00e4ng &#8211; 3-faldigt Justerbar Ryggst\u00f6d &#8211; Sn\u00f6reoptik &#8211; Upp Till 120 Kg &#8211; M\u00f6rkgr\u00e5 &#8211; 141 x 90 x 81 cm"},"content":{"rendered":"<p>F\u00f6rvandla dina bostadsutrymmen till en stilfull oas av komfort med [BRAND NAME] b\u00e4ddsoffa! Denna m\u00e5ngsidiga m\u00f6bel \u00e4r den perfekta platsen att koppla av under dagen, tack vare dess tjocka stoppning, och f\u00f6rvandlas enkelt till en bekv\u00e4m dubbels\u00e4ng p\u00e5 natten. Med sin moderna design sm\u00e4lter b\u00e4ddsoffan s\u00f6ml\u00f6st in i alla inredningar och erbjuder en elegant l\u00f6sning f\u00f6r dina g\u00e4ster. Njut av funktionalitet och stil med denna praktiska liggsoffa!<\/p>\n<p>Beskrivning:<\/p>\n<ul>\n<li> Justerbar ryggst\u00f6d p\u00e5 soffan med tre positioner (upp till 180\u00b0), m\u00f6jligg\u00f6r omvandling fr\u00e5n soffa till g\u00e4sts\u00e4ng<\/li>\n<li> 2-sits b\u00e4ddsoffa inklusive tv\u00e5 extra kuddar, full stoppning och en fast ryggst\u00f6d ger utm\u00e4rkt st\u00f6d<\/li>\n<li> Fj\u00e4derk\u00e4rna ger exceptionell komfort<\/li>\n<li> Tyg\u00f6verdraget p\u00e5 b\u00e4ddsoffan i corduroy k\u00e4nns mjukt, \u00e4r slitstarkt och andas<\/li>\n<li> Fyra boktr\u00e4ben f\u00f6r \u00f6kad stabilitet<\/li>\n<li> Skyddande fotlock skyddar golvet fr\u00e5n l\u00e4tta skador<\/li>\n<li> Montering kr\u00e4vs<\/li>\n<\/ul>\n<p> Tekniska data:<\/p>\n<ul>\n<li> F\u00e4rg: M\u00f6rkgr\u00e5<\/li>\n<li> Material: 100% polyester, skum, boktr\u00e4<\/li>\n<li> Soffans dimensioner: 141L x 90T x 81H cm<\/li>\n<li> S\u00e4ngens dimensioner: 191L x 141T x 27H cm<\/li>\n<li> Soffans sittm\u00e5tt: 141L x 52T x 41H cm<\/li>\n<li> Tjocklek: 26 cm (sits), 13 cm (s\u00e4ng)<\/li>\n<li> Ryggst\u00f6dets dimensioner: 48L x 141T x 13D cm<\/li>\n<li> Vinkel p\u00e5 ryggst\u00f6det: 95\u00b0, 135\u00b0, 180\u00b0<\/li>\n<li> Kuddm\u00e5tt: 64L x 37T x 15H cm<\/li>\n<li> Benh\u00f6jd: 14 cm<\/li>\n<li> Belastningskapacitet: 120 kg<\/li>\n<\/ul>\n<p>Leverans inneh\u00e5ller:<\/p>\n<ul>\n<li> 1 x B\u00e4ddsoffa<\/li>\n<li> 2 x Kuddar<\/li>\n<li> 1 x Instruktioner<\/li>\n<\/ul>\n","protected":false},"excerpt":{"rendered":"<p>F\u00f6rvandla dina bostadsutrymmen till en stilfull oas av komfort med [BRAND NAME] b\u00e4ddsoffa! Denna m\u00e5ngsidiga m\u00f6bel \u00e4r den perfekta platsen&#8230;<\/p>\n","protected":false},"featured_media":96918,"template":"","meta":[],"product_brand":[],"product_cat":[871,943,937,910],"product_tag":[],"class_list":{"0":"post-96938","1":"product","2":"type-product","3":"status-publish","4":"has-post-thumbnail","6":"product_cat-hus-hem","7":"product_cat-schlafsofas","8":"product_cat-soffor","9":"product_cat-vardagsrum","11":"first","12":"instock","13":"sale","14":"taxable","15":"shipping-taxable","16":"purchasable","17":"product-type-simple"},"yoast_head":"<!-- This site is optimized with the Yoast SEO plugin v25.4 - https:\/\/yoast.com\/wordpress\/plugins\/seo\/ -->\n<title>TRUUSK B\u00e4ddsoffa och G\u00e4sts\u00e4ng - 3-faldigt Justerbar Ryggst\u00f6d - Sn\u00f6reoptik - Upp Till 120 Kg - M\u00f6rkgr\u00e5 - 141 x 90 x 81 cm - TRUUSK - Hem, Tr\u00e4dg\u00e5rd &amp; Fritid<\/title>\n<meta name=\"robots\" content=\"index, follow, max-snippet:-1, max-image-preview:large, max-video-preview:-1\" \/>\n<link rel=\"canonical\" href=\"https:\/\/truusk.store\/sv\/produkt\/truusk-baddsoffa-och-gastsang-3-faldigt-justerbar-ryggstod-snoreoptik-upp-till-120-kg-morkgra-141-x-90-x-81-cm\/\" \/>\n<meta property=\"og:locale\" content=\"sv_SE\" \/>\n<meta property=\"og:type\" content=\"article\" \/>\n<meta property=\"og:title\" content=\"TRUUSK B\u00e4ddsoffa och G\u00e4sts\u00e4ng - 3-faldigt Justerbar Ryggst\u00f6d - Sn\u00f6reoptik - Upp Till 120 Kg - M\u00f6rkgr\u00e5 - 141 x 90 x 81 cm - TRUUSK - Hem, Tr\u00e4dg\u00e5rd &amp; Fritid\" \/>\n<meta property=\"og:description\" content=\"F\u00f6rvandla dina bostadsutrymmen till en stilfull oas av komfort med [BRAND NAME] b\u00e4ddsoffa! Denna m\u00e5ngsidiga m\u00f6bel \u00e4r den perfekta platsen...\" \/>\n<meta property=\"og:url\" content=\"https:\/\/truusk.store\/sv\/produkt\/truusk-baddsoffa-och-gastsang-3-faldigt-justerbar-ryggstod-snoreoptik-upp-till-120-kg-morkgra-141-x-90-x-81-cm\/\" \/>\n<meta property=\"og:site_name\" content=\"TRUUSK - Hem, Tr\u00e4dg\u00e5rd &amp; Fritid\" \/>\n<meta property=\"article:modified_time\" content=\"2026-03-12T07:52:14+00:00\" \/>\n<meta property=\"og:image\" content=\"https:\/\/i0.wp.com\/truusk.se\/wp-content\/uploads\/2025\/11\/baddsoffa-gastsang-3-faldigt-justerbar-ryggstod-snoreoptik-upp-till-120-kg-141-x-90-x-81-cm-morkgra-1.webp?fit=2000%2C2000&ssl=1\" \/>\n\t<meta property=\"og:image:width\" content=\"2000\" \/>\n\t<meta property=\"og:image:height\" content=\"2000\" \/>\n\t<meta property=\"og:image:type\" content=\"image\/webp\" \/>\n<meta name=\"twitter:card\" content=\"summary_large_image\" \/>\n<meta name=\"twitter:label1\" content=\"Ber\u00e4knad l\u00e4stid\" \/>\n\t<meta name=\"twitter:data1\" content=\"1 minut\" \/>\n<!-- \/ Yoast SEO plugin. -->","yoast_head_json":{"title":"TRUUSK B\u00e4ddsoffa och G\u00e4sts\u00e4ng - 3-faldigt Justerbar Ryggst\u00f6d - Sn\u00f6reoptik - Upp Till 120 Kg - M\u00f6rkgr\u00e5 - 141 x 90 x 81 cm - TRUUSK - Hem, Tr\u00e4dg\u00e5rd &amp; Fritid","robots":{"index":"index","follow":"follow","max-snippet":"max-snippet:-1","max-image-preview":"max-image-preview:large","max-video-preview":"max-video-preview:-1"},"canonical":"https:\/\/truusk.store\/sv\/produkt\/truusk-baddsoffa-och-gastsang-3-faldigt-justerbar-ryggstod-snoreoptik-upp-till-120-kg-morkgra-141-x-90-x-81-cm\/","og_locale":"sv_SE","og_type":"article","og_title":"TRUUSK B\u00e4ddsoffa och G\u00e4sts\u00e4ng - 3-faldigt Justerbar Ryggst\u00f6d - Sn\u00f6reoptik - Upp Till 120 Kg - M\u00f6rkgr\u00e5 - 141 x 90 x 81 cm - TRUUSK - Hem, Tr\u00e4dg\u00e5rd &amp; Fritid","og_description":"F\u00f6rvandla dina bostadsutrymmen till en stilfull oas av komfort med [BRAND NAME] b\u00e4ddsoffa! Denna m\u00e5ngsidiga m\u00f6bel \u00e4r den perfekta platsen...","og_url":"https:\/\/truusk.store\/sv\/produkt\/truusk-baddsoffa-och-gastsang-3-faldigt-justerbar-ryggstod-snoreoptik-upp-till-120-kg-morkgra-141-x-90-x-81-cm\/","og_site_name":"TRUUSK - Hem, Tr\u00e4dg\u00e5rd &amp; Fritid","article_modified_time":"2026-03-12T07:52:14+00:00","og_image":[{"width":2000,"height":2000,"url":"https:\/\/i0.wp.com\/truusk.se\/wp-content\/uploads\/2025\/11\/baddsoffa-gastsang-3-faldigt-justerbar-ryggstod-snoreoptik-upp-till-120-kg-141-x-90-x-81-cm-morkgra-1.webp?fit=2000%2C2000&ssl=1","type":"image\/webp"}],"twitter_card":"summary_large_image","twitter_misc":{"Ber\u00e4knad l\u00e4stid":"1 minut"},"schema":{"@context":"https:\/\/schema.org","@graph":[{"@type":"WebPage","@id":"https:\/\/truusk.store\/sv\/produkt\/truusk-baddsoffa-och-gastsang-3-faldigt-justerbar-ryggstod-snoreoptik-upp-till-120-kg-morkgra-141-x-90-x-81-cm\/","url":"https:\/\/truusk.store\/sv\/produkt\/truusk-baddsoffa-och-gastsang-3-faldigt-justerbar-ryggstod-snoreoptik-upp-till-120-kg-morkgra-141-x-90-x-81-cm\/","name":"TRUUSK B\u00e4ddsoffa och G\u00e4sts\u00e4ng - 3-faldigt Justerbar Ryggst\u00f6d - Sn\u00f6reoptik - Upp Till 120 Kg - M\u00f6rkgr\u00e5 - 141 x 90 x 81 cm - TRUUSK - Hem, Tr\u00e4dg\u00e5rd &amp; Fritid","isPartOf":{"@id":"https:\/\/truusk.store\/sv\/#website"},"primaryImageOfPage":{"@id":"https:\/\/truusk.store\/sv\/produkt\/truusk-baddsoffa-och-gastsang-3-faldigt-justerbar-ryggstod-snoreoptik-upp-till-120-kg-morkgra-141-x-90-x-81-cm\/#primaryimage"},"image":{"@id":"https:\/\/truusk.store\/sv\/produkt\/truusk-baddsoffa-och-gastsang-3-faldigt-justerbar-ryggstod-snoreoptik-upp-till-120-kg-morkgra-141-x-90-x-81-cm\/#primaryimage"},"thumbnailUrl":"https:\/\/i0.wp.com\/truusk.store\/wp-content\/uploads\/2025\/11\/baddsoffa-gastsang-3-faldigt-justerbar-ryggstod-snoreoptik-upp-till-120-kg-141-x-90-x-81-cm-morkgra-1.webp?fit=2000%2C2000&ssl=1","datePublished":"2025-11-24T09:31:21+00:00","dateModified":"2026-03-12T07:52:14+00:00","breadcrumb":{"@id":"https:\/\/truusk.store\/sv\/produkt\/truusk-baddsoffa-och-gastsang-3-faldigt-justerbar-ryggstod-snoreoptik-upp-till-120-kg-morkgra-141-x-90-x-81-cm\/#breadcrumb"},"inLanguage":"sv-SE","potentialAction":[{"@type":"ReadAction","target":["https:\/\/truusk.store\/sv\/produkt\/truusk-baddsoffa-och-gastsang-3-faldigt-justerbar-ryggstod-snoreoptik-upp-till-120-kg-morkgra-141-x-90-x-81-cm\/"]}]},{"@type":"ImageObject","inLanguage":"sv-SE","@id":"https:\/\/truusk.store\/sv\/produkt\/truusk-baddsoffa-och-gastsang-3-faldigt-justerbar-ryggstod-snoreoptik-upp-till-120-kg-morkgra-141-x-90-x-81-cm\/#primaryimage","url":"https:\/\/i0.wp.com\/truusk.store\/wp-content\/uploads\/2025\/11\/baddsoffa-gastsang-3-faldigt-justerbar-ryggstod-snoreoptik-upp-till-120-kg-141-x-90-x-81-cm-morkgra-1.webp?fit=2000%2C2000&ssl=1","contentUrl":"https:\/\/i0.wp.com\/truusk.store\/wp-content\/uploads\/2025\/11\/baddsoffa-gastsang-3-faldigt-justerbar-ryggstod-snoreoptik-upp-till-120-kg-141-x-90-x-81-cm-morkgra-1.webp?fit=2000%2C2000&ssl=1","width":2000,"height":2000},{"@type":"BreadcrumbList","@id":"https:\/\/truusk.store\/sv\/produkt\/truusk-baddsoffa-och-gastsang-3-faldigt-justerbar-ryggstod-snoreoptik-upp-till-120-kg-morkgra-141-x-90-x-81-cm\/#breadcrumb","itemListElement":[{"@type":"ListItem","position":1,"name":"Home","item":"https:\/\/truusk.store\/sv\/"},{"@type":"ListItem","position":2,"name":"Shop","item":"https:\/\/truusk.store\/shop\/"},{"@type":"ListItem","position":3,"name":"TRUUSK B\u00e4ddsoffa och G\u00e4sts\u00e4ng &#8211; 3-faldigt Justerbar Ryggst\u00f6d &#8211; Sn\u00f6reoptik &#8211; Upp Till 120 Kg &#8211; M\u00f6rkgr\u00e5 &#8211; 141 x 90 x 81 cm"}]},{"@type":"WebSite","@id":"https:\/\/truusk.store\/sv\/#website","url":"https:\/\/truusk.store\/sv\/","name":"TRUUSK - Hem, Tr\u00e4dg\u00e5rd & Fritid","description":"","publisher":{"@id":"https:\/\/truusk.store\/sv\/#organization"},"potentialAction":[{"@type":"SearchAction","target":{"@type":"EntryPoint","urlTemplate":"https:\/\/truusk.store\/sv\/?s={search_term_string}"},"query-input":{"@type":"PropertyValueSpecification","valueRequired":true,"valueName":"search_term_string"}}],"inLanguage":"sv-SE"},{"@type":"Organization","@id":"https:\/\/truusk.store\/sv\/#organization","name":"TRUUSK - Hem, Tr\u00e4dg\u00e5rd & Fritid","url":"https:\/\/truusk.store\/sv\/","logo":{"@type":"ImageObject","inLanguage":"sv-SE","@id":"https:\/\/truusk.store\/sv\/#\/schema\/logo\/image\/","url":"https:\/\/i0.wp.com\/truusk.store\/wp-content\/uploads\/2026\/03\/cropped-TRUUSK.png?fit=2032%2C917&ssl=1","contentUrl":"https:\/\/i0.wp.com\/truusk.store\/wp-content\/uploads\/2026\/03\/cropped-TRUUSK.png?fit=2032%2C917&ssl=1","width":2032,"height":917,"caption":"TRUUSK - Hem, Tr\u00e4dg\u00e5rd & Fritid"},"image":{"@id":"https:\/\/truusk.store\/sv\/#\/schema\/logo\/image\/"}}]}},"jetpack_sharing_enabled":true,"_links":{"self":[{"href":"https:\/\/truusk.store\/sv\/wp-json\/wp\/v2\/product\/96938","targetHints":{"allow":["GET"]}}],"collection":[{"href":"https:\/\/truusk.store\/sv\/wp-json\/wp\/v2\/product"}],"about":[{"href":"https:\/\/truusk.store\/sv\/wp-json\/wp\/v2\/types\/product"}],"wp:featuredmedia":[{"embeddable":true,"href":"https:\/\/truusk.store\/sv\/wp-json\/wp\/v2\/media\/96918"}],"wp:attachment":[{"href":"https:\/\/truusk.store\/sv\/wp-json\/wp\/v2\/media?parent=96938"}],"wp:term":[{"taxonomy":"product_brand","embeddable":true,"href":"https:\/\/truusk.store\/sv\/wp-json\/wp\/v2\/product_brand?post=96938"},{"taxonomy":"product_cat","embeddable":true,"href":"https:\/\/truusk.store\/sv\/wp-json\/wp\/v2\/product_cat?post=96938"},{"taxonomy":"product_tag","embeddable":true,"href":"https:\/\/truusk.store\/sv\/wp-json\/wp\/v2\/product_tag?post=96938"}],"curies":[{"name":"wp","href":"https:\/\/api.w.org\/{rel}","templated":true}]}}