{"id":96962,"date":"2025-11-24T10:39:54","date_gmt":"2025-11-24T09:39:54","guid":{"rendered":"https:\/\/truusk.store\/product\/12v-elektrisk-terrangbil-for-barn-fjarrkontroll-led-ljus-musik-horn-for-barn-3-8-ar-bla\/"},"modified":"2026-03-12T08:52:15","modified_gmt":"2026-03-12T07:52:15","slug":"12v-elektrisk-terrangbil-for-barn-fjarrkontroll-led-ljus-musik-horn-for-barn-3-8-ar-bla","status":"publish","type":"product","link":"https:\/\/truusk.store\/sv\/produkt\/12v-elektrisk-terrangbil-for-barn-fjarrkontroll-led-ljus-musik-horn-for-barn-3-8-ar-bla\/","title":{"rendered":"12V Elektrisk Terr\u00e4ngbil F\u00f6r Barn, Fj\u00e4rrkontroll, LED-ljus, Musik, Horn, F\u00f6r Barn 3-8 \u00e5r, Bl\u00e5"},"content":{"rendered":"<p>Letar du efter en leksak som perfekt kombinerar \u00e4ventyr och s\u00e4kerhet? [BRAND NAME] KAWASAKI TERYX KRX 1000 barns elektriska UTV erbjuder precis det: Med dubbla motorer och en riktig cockpit ger den roligt. Tack vare f\u00f6r\u00e4ldrarnas fj\u00e4rrkontroll beh\u00e5ller du alltid kontrollen och njuter av gemensamma, bekymmersfria stunder. Den robusta konstruktionen, den st\u00f6tabsorberande fj\u00e4dringen och musikfunktionerna garanterar outtr\u00f6ttligt spel och uppt\u00e4cktsresor f\u00f6r din lilla \u00e4ventyrare.<\/p>\n<p>Beskrivning:<\/p>\n<ul>\n<li> Kawasaki-licensierad, med tv\u00e5 motorer som m\u00f6jligg\u00f6r en kraftfull och autentisk k\u00f6rning<\/li>\n<li> Tv\u00e5 styrningsl\u00e4gen f\u00f6r barnbilen med en fj\u00e4rrkontroll f\u00f6r f\u00f6r\u00e4ldrarna ger \u00f6kad s\u00e4kerhet och kontroll<\/li>\n<li> Realistisk cockpit med musik via USB f\u00f6r en uppslukande k\u00f6rupplevelse<\/li>\n<li> Robust offroad-design med bakfj\u00e4dring f\u00f6r en bekv\u00e4m, \u00e4ventyrlig k\u00f6rning<\/li>\n<li> En justerbar trepunktsb\u00e4lte p\u00e5 den elektriska bilen h\u00e5ller ditt barn s\u00e4kert under varje \u00e4ventyr<\/li>\n<li> Njut av upp till 50 minuters roligt, med en praktisk energiindikator<\/li>\n<li> Montering kr\u00e4vs<\/li>\n<\/ul>\n<p> Tekniska specifikationer:<\/p>\n<ul>\n<li> F\u00e4rg: Bl\u00e5+Svart<\/li>\n<li> Material: Plast, St\u00e5l<\/li>\n<li> Totala dimensioner: 100L x 64B x 56H cm<\/li>\n<li> Sitsstorlek: 31B x 19T cm<\/li>\n<li> Sitth\u00f6jd: 27 cm<\/li>\n<li> Plasthjul: \u00d8 24 cm<\/li>\n<li> Hastighet: 3-5 km\/h<\/li>\n<li> B\u00e4rkapacitet: 30 kg<\/li>\n<li> Rekommenderad \u00e5lder: 3-5 \u00e5r<\/li>\n<\/ul>\n<p>Leverans inneh\u00e5ller:<\/p>\n<ul>\n<li> 1 x Elektrisk barn-UTV<\/li>\n<li> 1 x Handbok<\/li>\n<\/ul>\n","protected":false},"excerpt":{"rendered":"<p>Letar du efter en leksak som perfekt kombinerar \u00e4ventyr och s\u00e4kerhet? [BRAND NAME] KAWASAKI TERYX KRX 1000 barns elektriska UTV&#8230;<\/p>\n","protected":false},"featured_media":96926,"template":"","meta":[],"product_brand":[],"product_cat":[880,610,1066],"product_tag":[],"class_list":{"0":"post-96962","1":"product","2":"type-product","3":"status-publish","4":"has-post-thumbnail","6":"product_cat-baby-barn-2","7":"product_cat-barnfordon","8":"product_cat-barns-elbilar","10":"first","11":"instock","12":"sale","13":"taxable","14":"shipping-taxable","15":"purchasable","16":"product-type-simple"},"yoast_head":"<!-- This site is optimized with the Yoast SEO plugin v25.4 - https:\/\/yoast.com\/wordpress\/plugins\/seo\/ -->\n<title>12V Elektrisk Terr\u00e4ngbil F\u00f6r Barn, Fj\u00e4rrkontroll, LED-ljus, Musik, Horn, F\u00f6r Barn 3-8 \u00e5r, Bl\u00e5 - TRUUSK - Hem, Tr\u00e4dg\u00e5rd &amp; Fritid<\/title>\n<meta name=\"robots\" content=\"index, follow, max-snippet:-1, max-image-preview:large, max-video-preview:-1\" \/>\n<link rel=\"canonical\" href=\"https:\/\/truusk.store\/sv\/produkt\/12v-elektrisk-terrangbil-for-barn-fjarrkontroll-led-ljus-musik-horn-for-barn-3-8-ar-bla\/\" \/>\n<meta property=\"og:locale\" content=\"sv_SE\" \/>\n<meta property=\"og:type\" content=\"article\" \/>\n<meta property=\"og:title\" content=\"12V Elektrisk Terr\u00e4ngbil F\u00f6r Barn, Fj\u00e4rrkontroll, LED-ljus, Musik, Horn, F\u00f6r Barn 3-8 \u00e5r, Bl\u00e5 - TRUUSK - Hem, Tr\u00e4dg\u00e5rd &amp; Fritid\" \/>\n<meta property=\"og:description\" content=\"Letar du efter en leksak som perfekt kombinerar \u00e4ventyr och s\u00e4kerhet? [BRAND NAME] KAWASAKI TERYX KRX 1000 barns elektriska UTV...\" \/>\n<meta property=\"og:url\" content=\"https:\/\/truusk.store\/sv\/produkt\/12v-elektrisk-terrangbil-for-barn-fjarrkontroll-led-ljus-musik-horn-for-barn-3-8-ar-bla\/\" \/>\n<meta property=\"og:site_name\" content=\"TRUUSK - Hem, Tr\u00e4dg\u00e5rd &amp; Fritid\" \/>\n<meta property=\"article:modified_time\" content=\"2026-03-12T07:52:15+00:00\" \/>\n<meta name=\"twitter:card\" content=\"summary_large_image\" \/>\n<meta name=\"twitter:label1\" content=\"Ber\u00e4knad l\u00e4stid\" \/>\n\t<meta name=\"twitter:data1\" content=\"1 minut\" \/>\n<!-- \/ Yoast SEO plugin. -->","yoast_head_json":{"title":"12V Elektrisk Terr\u00e4ngbil F\u00f6r Barn, Fj\u00e4rrkontroll, LED-ljus, Musik, Horn, F\u00f6r Barn 3-8 \u00e5r, Bl\u00e5 - TRUUSK - Hem, Tr\u00e4dg\u00e5rd &amp; Fritid","robots":{"index":"index","follow":"follow","max-snippet":"max-snippet:-1","max-image-preview":"max-image-preview:large","max-video-preview":"max-video-preview:-1"},"canonical":"https:\/\/truusk.store\/sv\/produkt\/12v-elektrisk-terrangbil-for-barn-fjarrkontroll-led-ljus-musik-horn-for-barn-3-8-ar-bla\/","og_locale":"sv_SE","og_type":"article","og_title":"12V Elektrisk Terr\u00e4ngbil F\u00f6r Barn, Fj\u00e4rrkontroll, LED-ljus, Musik, Horn, F\u00f6r Barn 3-8 \u00e5r, Bl\u00e5 - TRUUSK - Hem, Tr\u00e4dg\u00e5rd &amp; Fritid","og_description":"Letar du efter en leksak som perfekt kombinerar \u00e4ventyr och s\u00e4kerhet? [BRAND NAME] KAWASAKI TERYX KRX 1000 barns elektriska UTV...","og_url":"https:\/\/truusk.store\/sv\/produkt\/12v-elektrisk-terrangbil-for-barn-fjarrkontroll-led-ljus-musik-horn-for-barn-3-8-ar-bla\/","og_site_name":"TRUUSK - Hem, Tr\u00e4dg\u00e5rd &amp; Fritid","article_modified_time":"2026-03-12T07:52:15+00:00","twitter_card":"summary_large_image","twitter_misc":{"Ber\u00e4knad l\u00e4stid":"1 minut"},"schema":{"@context":"https:\/\/schema.org","@graph":[{"@type":"WebPage","@id":"https:\/\/truusk.store\/sv\/produkt\/12v-elektrisk-terrangbil-for-barn-fjarrkontroll-led-ljus-musik-horn-for-barn-3-8-ar-bla\/","url":"https:\/\/truusk.store\/sv\/produkt\/12v-elektrisk-terrangbil-for-barn-fjarrkontroll-led-ljus-musik-horn-for-barn-3-8-ar-bla\/","name":"12V Elektrisk Terr\u00e4ngbil F\u00f6r Barn, Fj\u00e4rrkontroll, LED-ljus, Musik, Horn, F\u00f6r Barn 3-8 \u00e5r, Bl\u00e5 - TRUUSK - Hem, Tr\u00e4dg\u00e5rd &amp; Fritid","isPartOf":{"@id":"https:\/\/truusk.store\/sv\/#website"},"primaryImageOfPage":{"@id":"https:\/\/truusk.store\/sv\/produkt\/12v-elektrisk-terrangbil-for-barn-fjarrkontroll-led-ljus-musik-horn-for-barn-3-8-ar-bla\/#primaryimage"},"image":{"@id":"https:\/\/truusk.store\/sv\/produkt\/12v-elektrisk-terrangbil-for-barn-fjarrkontroll-led-ljus-musik-horn-for-barn-3-8-ar-bla\/#primaryimage"},"thumbnailUrl":"https:\/\/i0.wp.com\/truusk.store\/wp-content\/uploads\/2025\/11\/12v-elektrisk-terrangfordon-for-barn-fjarrkontroll-led-ljus-musik-horn-for-barn-fran-3-8-ar-bla-1.webp?fit=2000%2C2000&ssl=1","datePublished":"2025-11-24T09:39:54+00:00","dateModified":"2026-03-12T07:52:15+00:00","breadcrumb":{"@id":"https:\/\/truusk.store\/sv\/produkt\/12v-elektrisk-terrangbil-for-barn-fjarrkontroll-led-ljus-musik-horn-for-barn-3-8-ar-bla\/#breadcrumb"},"inLanguage":"sv-SE","potentialAction":[{"@type":"ReadAction","target":["https:\/\/truusk.store\/sv\/produkt\/12v-elektrisk-terrangbil-for-barn-fjarrkontroll-led-ljus-musik-horn-for-barn-3-8-ar-bla\/"]}]},{"@type":"ImageObject","inLanguage":"sv-SE","@id":"https:\/\/truusk.store\/sv\/produkt\/12v-elektrisk-terrangbil-for-barn-fjarrkontroll-led-ljus-musik-horn-for-barn-3-8-ar-bla\/#primaryimage","url":"https:\/\/i0.wp.com\/truusk.store\/wp-content\/uploads\/2025\/11\/12v-elektrisk-terrangfordon-for-barn-fjarrkontroll-led-ljus-musik-horn-for-barn-fran-3-8-ar-bla-1.webp?fit=2000%2C2000&ssl=1","contentUrl":"https:\/\/i0.wp.com\/truusk.store\/wp-content\/uploads\/2025\/11\/12v-elektrisk-terrangfordon-for-barn-fjarrkontroll-led-ljus-musik-horn-for-barn-fran-3-8-ar-bla-1.webp?fit=2000%2C2000&ssl=1","width":2000,"height":2000},{"@type":"BreadcrumbList","@id":"https:\/\/truusk.store\/sv\/produkt\/12v-elektrisk-terrangbil-for-barn-fjarrkontroll-led-ljus-musik-horn-for-barn-3-8-ar-bla\/#breadcrumb","itemListElement":[{"@type":"ListItem","position":1,"name":"Home","item":"https:\/\/truusk.store\/sv\/"},{"@type":"ListItem","position":2,"name":"Shop","item":"https:\/\/truusk.store\/shop\/"},{"@type":"ListItem","position":3,"name":"12V Elektrisk Terr\u00e4ngbil F\u00f6r Barn, Fj\u00e4rrkontroll, LED-ljus, Musik, Horn, F\u00f6r Barn 3-8 \u00e5r, Bl\u00e5"}]},{"@type":"WebSite","@id":"https:\/\/truusk.store\/sv\/#website","url":"https:\/\/truusk.store\/sv\/","name":"TRUUSK - Hem, Tr\u00e4dg\u00e5rd & Fritid","description":"","publisher":{"@id":"https:\/\/truusk.store\/sv\/#organization"},"potentialAction":[{"@type":"SearchAction","target":{"@type":"EntryPoint","urlTemplate":"https:\/\/truusk.store\/sv\/?s={search_term_string}"},"query-input":{"@type":"PropertyValueSpecification","valueRequired":true,"valueName":"search_term_string"}}],"inLanguage":"sv-SE"},{"@type":"Organization","@id":"https:\/\/truusk.store\/sv\/#organization","name":"TRUUSK - Hem, Tr\u00e4dg\u00e5rd & Fritid","url":"https:\/\/truusk.store\/sv\/","logo":{"@type":"ImageObject","inLanguage":"sv-SE","@id":"https:\/\/truusk.store\/sv\/#\/schema\/logo\/image\/","url":"https:\/\/i0.wp.com\/truusk.store\/wp-content\/uploads\/2026\/03\/cropped-TRUUSK.png?fit=2032%2C917&ssl=1","contentUrl":"https:\/\/i0.wp.com\/truusk.store\/wp-content\/uploads\/2026\/03\/cropped-TRUUSK.png?fit=2032%2C917&ssl=1","width":2032,"height":917,"caption":"TRUUSK - Hem, Tr\u00e4dg\u00e5rd & Fritid"},"image":{"@id":"https:\/\/truusk.store\/sv\/#\/schema\/logo\/image\/"}}]}},"jetpack_sharing_enabled":true,"_links":{"self":[{"href":"https:\/\/truusk.store\/sv\/wp-json\/wp\/v2\/product\/96962","targetHints":{"allow":["GET"]}}],"collection":[{"href":"https:\/\/truusk.store\/sv\/wp-json\/wp\/v2\/product"}],"about":[{"href":"https:\/\/truusk.store\/sv\/wp-json\/wp\/v2\/types\/product"}],"wp:featuredmedia":[{"embeddable":true,"href":"https:\/\/truusk.store\/sv\/wp-json\/wp\/v2\/media\/96926"}],"wp:attachment":[{"href":"https:\/\/truusk.store\/sv\/wp-json\/wp\/v2\/media?parent=96962"}],"wp:term":[{"taxonomy":"product_brand","embeddable":true,"href":"https:\/\/truusk.store\/sv\/wp-json\/wp\/v2\/product_brand?post=96962"},{"taxonomy":"product_cat","embeddable":true,"href":"https:\/\/truusk.store\/sv\/wp-json\/wp\/v2\/product_cat?post=96962"},{"taxonomy":"product_tag","embeddable":true,"href":"https:\/\/truusk.store\/sv\/wp-json\/wp\/v2\/product_tag?post=96962"}],"curies":[{"name":"wp","href":"https:\/\/api.w.org\/{rel}","templated":true}]}}