{"id":96968,"date":"2025-11-24T10:41:47","date_gmt":"2025-11-24T09:41:47","guid":{"rendered":"https:\/\/truusk.store\/product\/12v-elektrisk-terrangfordon-for-barn-fjarrkontroll-led-lampor-musik-horn-for-barn-fran-3-8-ar-gra\/"},"modified":"2026-03-12T08:52:16","modified_gmt":"2026-03-12T07:52:16","slug":"truusk-12v-elektrisk-terrangfordon-for-barn-fjarrkontroll-led-lampor-musik-horn-fran-3-8-ar-gra","status":"publish","type":"product","link":"https:\/\/truusk.store\/sv\/produkt\/truusk-12v-elektrisk-terrangfordon-for-barn-fjarrkontroll-led-lampor-musik-horn-fran-3-8-ar-gra\/","title":{"rendered":"TRUUSK 12V Elektrisk Terr\u00e4ngfordon F\u00f6r Barn &#8211; Fj\u00e4rrkontroll &#8211; LED-lampor &#8211; Musik &#8211; Horn &#8211; Fr\u00e5n 3-8 \u00e5r &#8211; Gr\u00e5"},"content":{"rendered":"<p>Letar du efter en leksak som perfekt kombinerar \u00e4ventyr och s\u00e4kerhet? [BRAND NAME] KAWASAKI TERYX KRX 1000 barns elektriska UTV erbjuder precis det: Med dubbla motorer och en riktig cockpit ger den roligt. Tack vare f\u00f6r\u00e4ldrarnas fj\u00e4rrkontroll beh\u00e5ller du alltid kontrollen och njuter av gemensamma, bekymmersfria stunder. Den robusta konstruktionen, den st\u00f6tabsorberande fj\u00e4dringen och musikfunktionerna garanterar o\u00e4ndlig spelgl\u00e4dje och uppt\u00e4cktsresor f\u00f6r din lilla \u00e4ventyrare.<\/p>\n<p>Beskrivning:<\/p>\n<ul>\n<li> Kawasaki-licensierad, med tv\u00e5 motorer som m\u00f6jligg\u00f6r en kraftfull och autentisk k\u00f6rning<\/li>\n<li> Tv\u00e5 styrningsl\u00e4gen f\u00f6r barnbilen med en fj\u00e4rrkontroll f\u00f6r f\u00f6r\u00e4ldrarna erbjuder \u00f6kad s\u00e4kerhet och kontroll<\/li>\n<li> Realistisk cockpit med musik via USB f\u00f6r en uppslukande k\u00f6rupplevelse<\/li>\n<li> Robust offroad-design med bakfj\u00e4dring f\u00f6r en bekv\u00e4m, \u00e4ventyrlig k\u00f6rning<\/li>\n<li> En justerbar trepunktsb\u00e4lte f\u00f6r den elektriska bilen h\u00e5ller ditt barn s\u00e4kert under varje \u00e4ventyr<\/li>\n<li> Njut av upp till 50 minuters roligt, med en praktisk energiindikator<\/li>\n<li> Montering kr\u00e4vs<\/li>\n<\/ul>\n<p> Tekniska specifikationer:<\/p>\n<ul>\n<li> F\u00e4rg: Gr\u00e5+Svart<\/li>\n<li> Material: Plast, St\u00e5l<\/li>\n<li> Totala dimensioner: 100L x 64B x 56H cm<\/li>\n<li> Sitsstorlek: 31B x 19T cm<\/li>\n<li> Sitth\u00f6jd: 27 cm<\/li>\n<li> Plasthjul: \u00d8 24 cm<\/li>\n<li> Hastighet: 3-5 km\/h<\/li>\n<li> B\u00e4rkapacitet: 30 kg<\/li>\n<li> Rekommenderad \u00e5lder: 3-5 \u00e5r<\/li>\n<\/ul>\n<p>Leveransinneh\u00e5ll:<\/p>\n<ul>\n<li> 1 x Elektrisk barn-UTV<\/li>\n<li> 1 x Handbok<\/li>\n<\/ul>\n","protected":false},"excerpt":{"rendered":"<p>Letar du efter en leksak som perfekt kombinerar \u00e4ventyr och s\u00e4kerhet? [BRAND NAME] KAWASAKI TERYX KRX 1000 barns elektriska UTV&#8230;<\/p>\n","protected":false},"featured_media":96929,"template":"","meta":[],"product_brand":[],"product_cat":[880,610,1066],"product_tag":[],"class_list":{"0":"post-96968","1":"product","2":"type-product","3":"status-publish","4":"has-post-thumbnail","6":"product_cat-baby-barn-2","7":"product_cat-barnfordon","8":"product_cat-barns-elbilar","10":"first","11":"instock","12":"sale","13":"taxable","14":"shipping-taxable","15":"purchasable","16":"product-type-simple"},"yoast_head":"<!-- This site is optimized with the Yoast SEO plugin v25.4 - https:\/\/yoast.com\/wordpress\/plugins\/seo\/ -->\n<title>TRUUSK 12V Elektrisk Terr\u00e4ngfordon F\u00f6r Barn - Fj\u00e4rrkontroll - LED-lampor - Musik - Horn - Fr\u00e5n 3-8 \u00e5r - Gr\u00e5 - TRUUSK - Hem, Tr\u00e4dg\u00e5rd &amp; Fritid<\/title>\n<meta name=\"robots\" content=\"index, follow, max-snippet:-1, max-image-preview:large, max-video-preview:-1\" \/>\n<link rel=\"canonical\" href=\"https:\/\/truusk.store\/sv\/produkt\/truusk-12v-elektrisk-terrangfordon-for-barn-fjarrkontroll-led-lampor-musik-horn-fran-3-8-ar-gra\/\" \/>\n<meta property=\"og:locale\" content=\"sv_SE\" \/>\n<meta property=\"og:type\" content=\"article\" \/>\n<meta property=\"og:title\" content=\"TRUUSK 12V Elektrisk Terr\u00e4ngfordon F\u00f6r Barn - Fj\u00e4rrkontroll - LED-lampor - Musik - Horn - Fr\u00e5n 3-8 \u00e5r - Gr\u00e5 - TRUUSK - Hem, Tr\u00e4dg\u00e5rd &amp; Fritid\" \/>\n<meta property=\"og:description\" content=\"Letar du efter en leksak som perfekt kombinerar \u00e4ventyr och s\u00e4kerhet? [BRAND NAME] KAWASAKI TERYX KRX 1000 barns elektriska UTV...\" \/>\n<meta property=\"og:url\" content=\"https:\/\/truusk.store\/sv\/produkt\/truusk-12v-elektrisk-terrangfordon-for-barn-fjarrkontroll-led-lampor-musik-horn-fran-3-8-ar-gra\/\" \/>\n<meta property=\"og:site_name\" content=\"TRUUSK - Hem, Tr\u00e4dg\u00e5rd &amp; Fritid\" \/>\n<meta property=\"article:modified_time\" content=\"2026-03-12T07:52:16+00:00\" \/>\n<meta property=\"og:image\" content=\"https:\/\/i0.wp.com\/truusk.se\/wp-content\/uploads\/2025\/11\/12v-elektrisk-terrangfordon-for-barn-fjarrkontroll-led-ljus-musik-horn-for-barn-3-8-ar-gra-1.webp?fit=2000%2C2000&ssl=1\" \/>\n\t<meta property=\"og:image:width\" content=\"2000\" \/>\n\t<meta property=\"og:image:height\" content=\"2000\" \/>\n\t<meta property=\"og:image:type\" content=\"image\/webp\" \/>\n<meta name=\"twitter:card\" content=\"summary_large_image\" \/>\n<meta name=\"twitter:label1\" content=\"Ber\u00e4knad l\u00e4stid\" \/>\n\t<meta name=\"twitter:data1\" content=\"1 minut\" \/>\n<!-- \/ Yoast SEO plugin. -->","yoast_head_json":{"title":"TRUUSK 12V Elektrisk Terr\u00e4ngfordon F\u00f6r Barn - Fj\u00e4rrkontroll - LED-lampor - Musik - Horn - Fr\u00e5n 3-8 \u00e5r - Gr\u00e5 - TRUUSK - Hem, Tr\u00e4dg\u00e5rd &amp; Fritid","robots":{"index":"index","follow":"follow","max-snippet":"max-snippet:-1","max-image-preview":"max-image-preview:large","max-video-preview":"max-video-preview:-1"},"canonical":"https:\/\/truusk.store\/sv\/produkt\/truusk-12v-elektrisk-terrangfordon-for-barn-fjarrkontroll-led-lampor-musik-horn-fran-3-8-ar-gra\/","og_locale":"sv_SE","og_type":"article","og_title":"TRUUSK 12V Elektrisk Terr\u00e4ngfordon F\u00f6r Barn - Fj\u00e4rrkontroll - LED-lampor - Musik - Horn - Fr\u00e5n 3-8 \u00e5r - Gr\u00e5 - TRUUSK - Hem, Tr\u00e4dg\u00e5rd &amp; Fritid","og_description":"Letar du efter en leksak som perfekt kombinerar \u00e4ventyr och s\u00e4kerhet? [BRAND NAME] KAWASAKI TERYX KRX 1000 barns elektriska UTV...","og_url":"https:\/\/truusk.store\/sv\/produkt\/truusk-12v-elektrisk-terrangfordon-for-barn-fjarrkontroll-led-lampor-musik-horn-fran-3-8-ar-gra\/","og_site_name":"TRUUSK - Hem, Tr\u00e4dg\u00e5rd &amp; Fritid","article_modified_time":"2026-03-12T07:52:16+00:00","og_image":[{"width":2000,"height":2000,"url":"https:\/\/i0.wp.com\/truusk.se\/wp-content\/uploads\/2025\/11\/12v-elektrisk-terrangfordon-for-barn-fjarrkontroll-led-ljus-musik-horn-for-barn-3-8-ar-gra-1.webp?fit=2000%2C2000&ssl=1","type":"image\/webp"}],"twitter_card":"summary_large_image","twitter_misc":{"Ber\u00e4knad l\u00e4stid":"1 minut"},"schema":{"@context":"https:\/\/schema.org","@graph":[{"@type":"WebPage","@id":"https:\/\/truusk.store\/sv\/produkt\/truusk-12v-elektrisk-terrangfordon-for-barn-fjarrkontroll-led-lampor-musik-horn-fran-3-8-ar-gra\/","url":"https:\/\/truusk.store\/sv\/produkt\/truusk-12v-elektrisk-terrangfordon-for-barn-fjarrkontroll-led-lampor-musik-horn-fran-3-8-ar-gra\/","name":"TRUUSK 12V Elektrisk Terr\u00e4ngfordon F\u00f6r Barn - Fj\u00e4rrkontroll - LED-lampor - Musik - Horn - Fr\u00e5n 3-8 \u00e5r - Gr\u00e5 - TRUUSK - Hem, Tr\u00e4dg\u00e5rd &amp; Fritid","isPartOf":{"@id":"https:\/\/truusk.store\/sv\/#website"},"primaryImageOfPage":{"@id":"https:\/\/truusk.store\/sv\/produkt\/truusk-12v-elektrisk-terrangfordon-for-barn-fjarrkontroll-led-lampor-musik-horn-fran-3-8-ar-gra\/#primaryimage"},"image":{"@id":"https:\/\/truusk.store\/sv\/produkt\/truusk-12v-elektrisk-terrangfordon-for-barn-fjarrkontroll-led-lampor-musik-horn-fran-3-8-ar-gra\/#primaryimage"},"thumbnailUrl":"https:\/\/i0.wp.com\/truusk.store\/wp-content\/uploads\/2025\/11\/12v-elektrisk-terrangfordon-for-barn-fjarrkontroll-led-ljus-musik-horn-for-barn-3-8-ar-gra-1.webp?fit=2000%2C2000&ssl=1","datePublished":"2025-11-24T09:41:47+00:00","dateModified":"2026-03-12T07:52:16+00:00","breadcrumb":{"@id":"https:\/\/truusk.store\/sv\/produkt\/truusk-12v-elektrisk-terrangfordon-for-barn-fjarrkontroll-led-lampor-musik-horn-fran-3-8-ar-gra\/#breadcrumb"},"inLanguage":"sv-SE","potentialAction":[{"@type":"ReadAction","target":["https:\/\/truusk.store\/sv\/produkt\/truusk-12v-elektrisk-terrangfordon-for-barn-fjarrkontroll-led-lampor-musik-horn-fran-3-8-ar-gra\/"]}]},{"@type":"ImageObject","inLanguage":"sv-SE","@id":"https:\/\/truusk.store\/sv\/produkt\/truusk-12v-elektrisk-terrangfordon-for-barn-fjarrkontroll-led-lampor-musik-horn-fran-3-8-ar-gra\/#primaryimage","url":"https:\/\/i0.wp.com\/truusk.store\/wp-content\/uploads\/2025\/11\/12v-elektrisk-terrangfordon-for-barn-fjarrkontroll-led-ljus-musik-horn-for-barn-3-8-ar-gra-1.webp?fit=2000%2C2000&ssl=1","contentUrl":"https:\/\/i0.wp.com\/truusk.store\/wp-content\/uploads\/2025\/11\/12v-elektrisk-terrangfordon-for-barn-fjarrkontroll-led-ljus-musik-horn-for-barn-3-8-ar-gra-1.webp?fit=2000%2C2000&ssl=1","width":2000,"height":2000},{"@type":"BreadcrumbList","@id":"https:\/\/truusk.store\/sv\/produkt\/truusk-12v-elektrisk-terrangfordon-for-barn-fjarrkontroll-led-lampor-musik-horn-fran-3-8-ar-gra\/#breadcrumb","itemListElement":[{"@type":"ListItem","position":1,"name":"Home","item":"https:\/\/truusk.store\/sv\/"},{"@type":"ListItem","position":2,"name":"Shop","item":"https:\/\/truusk.store\/shop\/"},{"@type":"ListItem","position":3,"name":"TRUUSK 12V Elektrisk Terr\u00e4ngfordon F\u00f6r Barn &#8211; Fj\u00e4rrkontroll &#8211; LED-lampor &#8211; Musik &#8211; Horn &#8211; Fr\u00e5n 3-8 \u00e5r &#8211; Gr\u00e5"}]},{"@type":"WebSite","@id":"https:\/\/truusk.store\/sv\/#website","url":"https:\/\/truusk.store\/sv\/","name":"TRUUSK - Hem, Tr\u00e4dg\u00e5rd & Fritid","description":"","publisher":{"@id":"https:\/\/truusk.store\/sv\/#organization"},"potentialAction":[{"@type":"SearchAction","target":{"@type":"EntryPoint","urlTemplate":"https:\/\/truusk.store\/sv\/?s={search_term_string}"},"query-input":{"@type":"PropertyValueSpecification","valueRequired":true,"valueName":"search_term_string"}}],"inLanguage":"sv-SE"},{"@type":"Organization","@id":"https:\/\/truusk.store\/sv\/#organization","name":"TRUUSK - Hem, Tr\u00e4dg\u00e5rd & Fritid","url":"https:\/\/truusk.store\/sv\/","logo":{"@type":"ImageObject","inLanguage":"sv-SE","@id":"https:\/\/truusk.store\/sv\/#\/schema\/logo\/image\/","url":"https:\/\/i0.wp.com\/truusk.store\/wp-content\/uploads\/2026\/03\/cropped-TRUUSK.png?fit=2032%2C917&ssl=1","contentUrl":"https:\/\/i0.wp.com\/truusk.store\/wp-content\/uploads\/2026\/03\/cropped-TRUUSK.png?fit=2032%2C917&ssl=1","width":2032,"height":917,"caption":"TRUUSK - Hem, Tr\u00e4dg\u00e5rd & Fritid"},"image":{"@id":"https:\/\/truusk.store\/sv\/#\/schema\/logo\/image\/"}}]}},"jetpack_sharing_enabled":true,"_links":{"self":[{"href":"https:\/\/truusk.store\/sv\/wp-json\/wp\/v2\/product\/96968","targetHints":{"allow":["GET"]}}],"collection":[{"href":"https:\/\/truusk.store\/sv\/wp-json\/wp\/v2\/product"}],"about":[{"href":"https:\/\/truusk.store\/sv\/wp-json\/wp\/v2\/types\/product"}],"wp:featuredmedia":[{"embeddable":true,"href":"https:\/\/truusk.store\/sv\/wp-json\/wp\/v2\/media\/96929"}],"wp:attachment":[{"href":"https:\/\/truusk.store\/sv\/wp-json\/wp\/v2\/media?parent=96968"}],"wp:term":[{"taxonomy":"product_brand","embeddable":true,"href":"https:\/\/truusk.store\/sv\/wp-json\/wp\/v2\/product_brand?post=96968"},{"taxonomy":"product_cat","embeddable":true,"href":"https:\/\/truusk.store\/sv\/wp-json\/wp\/v2\/product_cat?post=96968"},{"taxonomy":"product_tag","embeddable":true,"href":"https:\/\/truusk.store\/sv\/wp-json\/wp\/v2\/product_tag?post=96968"}],"curies":[{"name":"wp","href":"https:\/\/api.w.org\/{rel}","templated":true}]}}