{"id":96995,"date":"2025-11-24T10:47:40","date_gmt":"2025-11-24T09:47:40","guid":{"rendered":"https:\/\/truusk.store\/product\/barns-elbil-12v-barnfordon-med-mp3-dubbelmotor-elbil-med-horn-mjukstart-89x49x415-cm-bla\/"},"modified":"2025-11-24T10:49:07","modified_gmt":"2025-11-24T09:49:07","slug":"truusk-barns-elbil-12v-barnfordon-med-mp3-dubbelmotor-med-horn-mjukstart-89x49x415-cm-bla","status":"publish","type":"product","link":"https:\/\/truusk.store\/sv\/produkt\/truusk-barns-elbil-12v-barnfordon-med-mp3-dubbelmotor-med-horn-mjukstart-89x49x415-cm-bla\/","title":{"rendered":"TRUUSK Barns Elbil &#8211; 12V Barnfordon Med MP3 &#8211; Dubbelmotor &#8211; Med Horn &#8211; Mjukstart &#8211; 89x49x41,5 Cm &#8211; Bl\u00e5"},"content":{"rendered":"<p>Det [BRAND NAME] Volkswagen T1 elektriska barnbilen g\u00f6r varje utflykt till en nostalgisk upplevelse. Denna elektriska barnbil har dubbla motorer f\u00f6r smidig styrning och ett multimedia-dashboard med musik och belysning, vilket g\u00f6r varje resa underh\u00e5llande. Soft-start-systemet \u00f6kar s\u00e4kerheten och det 12V batteriet ger mer \u00e4n en timmes k\u00f6rgl\u00e4dje. Perfekt f\u00f6r \u00e4ventyr i tr\u00e4dg\u00e5rden, g\u00f6r denna eleganta barnbil varje resa minnesv\u00e4rd.<\/p>\n<p>Beskrivning:<\/p>\n<ul>\n<li> Denna officiellt licensierade VW T1 campingbuss erbjuder en cool retro-look<\/li>\n<li> Kraftfulla 12V dubbelmotorer i den elektriska barnbilen ger barnen en verklig k\u00f6rupplevelse<\/li>\n<li> Den mjuka startfunktionen p\u00e5 den elektriska barnbilen f\u00f6rhindrar pl\u00f6tsliga ryck och ger en s\u00e4ker, mjuk k\u00f6rning<\/li>\n<li> Njut av musik via den inbyggda MP3-spelaren f\u00f6r en underh\u00e5llande resa<\/li>\n<li> Ett 12V 4,5Ah batteri ger \u00f6ver en timmes oavbruten speltid<\/li>\n<li> Realistiska detaljer som ljusa str\u00e5lkastare p\u00e5 barnbilen skapar ett sp\u00e4nnande k\u00f6r\u00e4ventyr<\/li>\n<li> Oberoende kontroller hj\u00e4lper till att utveckla ditt barns sj\u00e4lvf\u00f6rtroende och koordinationsf\u00f6rm\u00e5ga<\/li>\n<li> Montering kr\u00e4vs<\/li>\n<\/ul>\n<p> Tekniska specifikationer:<\/p>\n<ul>\n<li> F\u00e4rg: Bl\u00e5<\/li>\n<li> Material: Metall, plast<\/li>\n<li> Totala dimensioner: 89L x 49B x 41,5H cm<\/li>\n<li> Sitsstorlek: 29,5B x 17T cm<\/li>\n<li> Sits h\u00f6jd (fr\u00e5n golvet): 26 cm<\/li>\n<li> Nummerskylt: 10L x 2,5B cm<\/li>\n<li> Hjul: \u00d818 x 6 cm<\/li>\n<li> Batteri: 12V 4,5Ah<\/li>\n<li> Hastighet: 3-8 km\/h<\/li>\n<li> Maximal belastning: 30 kg<\/li>\n<li> Godk\u00e4nd \u00e5lder: 3+ \u00e5r<\/li>\n<li> Rekommenderad \u00e5lder: 3-7 \u00e5r<\/li>\n<\/ul>\n<p>Leverans inneh\u00e5ller:<\/p>\n<ul>\n<li> 1 x Elektrisk barnbil<\/li>\n<li> 1 x Bruksanvisning<\/li>\n<\/ul>\n","protected":false},"excerpt":{"rendered":"<p>Det [BRAND NAME] Volkswagen T1 elektriska barnbilen g\u00f6r varje utflykt till en nostalgisk upplevelse. Denna elektriska barnbil har dubbla motorer&#8230;<\/p>\n","protected":false},"featured_media":96946,"template":"","meta":[],"product_brand":[],"product_cat":[880,610,1066],"product_tag":[],"class_list":{"0":"post-96995","1":"product","2":"type-product","3":"status-publish","4":"has-post-thumbnail","6":"product_cat-baby-barn-2","7":"product_cat-barnfordon","8":"product_cat-barns-elbilar","10":"first","11":"instock","12":"sale","13":"taxable","14":"shipping-taxable","15":"purchasable","16":"product-type-simple"},"yoast_head":"<!-- This site is optimized with the Yoast SEO plugin v25.4 - https:\/\/yoast.com\/wordpress\/plugins\/seo\/ -->\n<title>TRUUSK Barns Elbil - 12V Barnfordon Med MP3 - Dubbelmotor - Med Horn - Mjukstart - 89x49x41,5 Cm - Bl\u00e5 - TRUUSK - Hem, Tr\u00e4dg\u00e5rd &amp; Fritid<\/title>\n<meta name=\"robots\" content=\"index, follow, max-snippet:-1, max-image-preview:large, max-video-preview:-1\" \/>\n<link rel=\"canonical\" href=\"https:\/\/truusk.store\/sv\/produkt\/truusk-barns-elbil-12v-barnfordon-med-mp3-dubbelmotor-med-horn-mjukstart-89x49x415-cm-bla\/\" \/>\n<meta property=\"og:locale\" content=\"sv_SE\" \/>\n<meta property=\"og:type\" content=\"article\" \/>\n<meta property=\"og:title\" content=\"TRUUSK Barns Elbil - 12V Barnfordon Med MP3 - Dubbelmotor - Med Horn - Mjukstart - 89x49x41,5 Cm - Bl\u00e5 - TRUUSK - Hem, Tr\u00e4dg\u00e5rd &amp; Fritid\" \/>\n<meta property=\"og:description\" content=\"Det [BRAND NAME] Volkswagen T1 elektriska barnbilen g\u00f6r varje utflykt till en nostalgisk upplevelse. Denna elektriska barnbil har dubbla motorer...\" \/>\n<meta property=\"og:url\" content=\"https:\/\/truusk.store\/sv\/produkt\/truusk-barns-elbil-12v-barnfordon-med-mp3-dubbelmotor-med-horn-mjukstart-89x49x415-cm-bla\/\" \/>\n<meta property=\"og:site_name\" content=\"TRUUSK - Hem, Tr\u00e4dg\u00e5rd &amp; Fritid\" \/>\n<meta property=\"article:modified_time\" content=\"2025-11-24T09:49:07+00:00\" \/>\n<meta property=\"og:image\" content=\"https:\/\/i0.wp.com\/truusk.se\/wp-content\/uploads\/2025\/11\/barns-elbil-12v-barnfordon-med-mp3-dubbelmotor-elbil-med-horn-mjukstart-89x49x415-cm-bla-1.webp?fit=2000%2C2000&ssl=1\" \/>\n\t<meta property=\"og:image:width\" content=\"2000\" \/>\n\t<meta property=\"og:image:height\" content=\"2000\" \/>\n\t<meta property=\"og:image:type\" content=\"image\/webp\" \/>\n<meta name=\"twitter:card\" content=\"summary_large_image\" \/>\n<meta name=\"twitter:label1\" content=\"Ber\u00e4knad l\u00e4stid\" \/>\n\t<meta name=\"twitter:data1\" content=\"1 minut\" \/>\n<!-- \/ Yoast SEO plugin. -->","yoast_head_json":{"title":"TRUUSK Barns Elbil - 12V Barnfordon Med MP3 - Dubbelmotor - Med Horn - Mjukstart - 89x49x41,5 Cm - Bl\u00e5 - TRUUSK - Hem, Tr\u00e4dg\u00e5rd &amp; Fritid","robots":{"index":"index","follow":"follow","max-snippet":"max-snippet:-1","max-image-preview":"max-image-preview:large","max-video-preview":"max-video-preview:-1"},"canonical":"https:\/\/truusk.store\/sv\/produkt\/truusk-barns-elbil-12v-barnfordon-med-mp3-dubbelmotor-med-horn-mjukstart-89x49x415-cm-bla\/","og_locale":"sv_SE","og_type":"article","og_title":"TRUUSK Barns Elbil - 12V Barnfordon Med MP3 - Dubbelmotor - Med Horn - Mjukstart - 89x49x41,5 Cm - Bl\u00e5 - TRUUSK - Hem, Tr\u00e4dg\u00e5rd &amp; Fritid","og_description":"Det [BRAND NAME] Volkswagen T1 elektriska barnbilen g\u00f6r varje utflykt till en nostalgisk upplevelse. Denna elektriska barnbil har dubbla motorer...","og_url":"https:\/\/truusk.store\/sv\/produkt\/truusk-barns-elbil-12v-barnfordon-med-mp3-dubbelmotor-med-horn-mjukstart-89x49x415-cm-bla\/","og_site_name":"TRUUSK - Hem, Tr\u00e4dg\u00e5rd &amp; Fritid","article_modified_time":"2025-11-24T09:49:07+00:00","og_image":[{"width":2000,"height":2000,"url":"https:\/\/i0.wp.com\/truusk.se\/wp-content\/uploads\/2025\/11\/barns-elbil-12v-barnfordon-med-mp3-dubbelmotor-elbil-med-horn-mjukstart-89x49x415-cm-bla-1.webp?fit=2000%2C2000&ssl=1","type":"image\/webp"}],"twitter_card":"summary_large_image","twitter_misc":{"Ber\u00e4knad l\u00e4stid":"1 minut"},"schema":{"@context":"https:\/\/schema.org","@graph":[{"@type":"WebPage","@id":"https:\/\/truusk.store\/sv\/produkt\/truusk-barns-elbil-12v-barnfordon-med-mp3-dubbelmotor-med-horn-mjukstart-89x49x415-cm-bla\/","url":"https:\/\/truusk.store\/sv\/produkt\/truusk-barns-elbil-12v-barnfordon-med-mp3-dubbelmotor-med-horn-mjukstart-89x49x415-cm-bla\/","name":"TRUUSK Barns Elbil - 12V Barnfordon Med MP3 - Dubbelmotor - Med Horn - Mjukstart - 89x49x41,5 Cm - Bl\u00e5 - TRUUSK - Hem, Tr\u00e4dg\u00e5rd &amp; Fritid","isPartOf":{"@id":"https:\/\/truusk.store\/sv\/#website"},"primaryImageOfPage":{"@id":"https:\/\/truusk.store\/sv\/produkt\/truusk-barns-elbil-12v-barnfordon-med-mp3-dubbelmotor-med-horn-mjukstart-89x49x415-cm-bla\/#primaryimage"},"image":{"@id":"https:\/\/truusk.store\/sv\/produkt\/truusk-barns-elbil-12v-barnfordon-med-mp3-dubbelmotor-med-horn-mjukstart-89x49x415-cm-bla\/#primaryimage"},"thumbnailUrl":"https:\/\/i0.wp.com\/truusk.store\/wp-content\/uploads\/2025\/11\/barns-elbil-12v-barnfordon-med-mp3-dubbelmotor-elbil-med-horn-mjukstart-89x49x415-cm-bla-1.webp?fit=2000%2C2000&ssl=1","datePublished":"2025-11-24T09:47:40+00:00","dateModified":"2025-11-24T09:49:07+00:00","breadcrumb":{"@id":"https:\/\/truusk.store\/sv\/produkt\/truusk-barns-elbil-12v-barnfordon-med-mp3-dubbelmotor-med-horn-mjukstart-89x49x415-cm-bla\/#breadcrumb"},"inLanguage":"sv-SE","potentialAction":[{"@type":"ReadAction","target":["https:\/\/truusk.store\/sv\/produkt\/truusk-barns-elbil-12v-barnfordon-med-mp3-dubbelmotor-med-horn-mjukstart-89x49x415-cm-bla\/"]}]},{"@type":"ImageObject","inLanguage":"sv-SE","@id":"https:\/\/truusk.store\/sv\/produkt\/truusk-barns-elbil-12v-barnfordon-med-mp3-dubbelmotor-med-horn-mjukstart-89x49x415-cm-bla\/#primaryimage","url":"https:\/\/i0.wp.com\/truusk.store\/wp-content\/uploads\/2025\/11\/barns-elbil-12v-barnfordon-med-mp3-dubbelmotor-elbil-med-horn-mjukstart-89x49x415-cm-bla-1.webp?fit=2000%2C2000&ssl=1","contentUrl":"https:\/\/i0.wp.com\/truusk.store\/wp-content\/uploads\/2025\/11\/barns-elbil-12v-barnfordon-med-mp3-dubbelmotor-elbil-med-horn-mjukstart-89x49x415-cm-bla-1.webp?fit=2000%2C2000&ssl=1","width":2000,"height":2000},{"@type":"BreadcrumbList","@id":"https:\/\/truusk.store\/sv\/produkt\/truusk-barns-elbil-12v-barnfordon-med-mp3-dubbelmotor-med-horn-mjukstart-89x49x415-cm-bla\/#breadcrumb","itemListElement":[{"@type":"ListItem","position":1,"name":"Home","item":"https:\/\/truusk.store\/sv\/"},{"@type":"ListItem","position":2,"name":"Shop","item":"https:\/\/truusk.store\/shop\/"},{"@type":"ListItem","position":3,"name":"TRUUSK Barns Elbil &#8211; 12V Barnfordon Med MP3 &#8211; Dubbelmotor &#8211; Med Horn &#8211; Mjukstart &#8211; 89x49x41,5 Cm &#8211; Bl\u00e5"}]},{"@type":"WebSite","@id":"https:\/\/truusk.store\/sv\/#website","url":"https:\/\/truusk.store\/sv\/","name":"TRUUSK - Hem, Tr\u00e4dg\u00e5rd & Fritid","description":"","publisher":{"@id":"https:\/\/truusk.store\/sv\/#organization"},"potentialAction":[{"@type":"SearchAction","target":{"@type":"EntryPoint","urlTemplate":"https:\/\/truusk.store\/sv\/?s={search_term_string}"},"query-input":{"@type":"PropertyValueSpecification","valueRequired":true,"valueName":"search_term_string"}}],"inLanguage":"sv-SE"},{"@type":"Organization","@id":"https:\/\/truusk.store\/sv\/#organization","name":"TRUUSK - Hem, Tr\u00e4dg\u00e5rd & Fritid","url":"https:\/\/truusk.store\/sv\/","logo":{"@type":"ImageObject","inLanguage":"sv-SE","@id":"https:\/\/truusk.store\/sv\/#\/schema\/logo\/image\/","url":"https:\/\/i0.wp.com\/truusk.store\/wp-content\/uploads\/2026\/03\/cropped-TRUUSK.png?fit=2032%2C917&ssl=1","contentUrl":"https:\/\/i0.wp.com\/truusk.store\/wp-content\/uploads\/2026\/03\/cropped-TRUUSK.png?fit=2032%2C917&ssl=1","width":2032,"height":917,"caption":"TRUUSK - Hem, Tr\u00e4dg\u00e5rd & Fritid"},"image":{"@id":"https:\/\/truusk.store\/sv\/#\/schema\/logo\/image\/"}}]}},"jetpack_sharing_enabled":true,"_links":{"self":[{"href":"https:\/\/truusk.store\/sv\/wp-json\/wp\/v2\/product\/96995","targetHints":{"allow":["GET"]}}],"collection":[{"href":"https:\/\/truusk.store\/sv\/wp-json\/wp\/v2\/product"}],"about":[{"href":"https:\/\/truusk.store\/sv\/wp-json\/wp\/v2\/types\/product"}],"wp:featuredmedia":[{"embeddable":true,"href":"https:\/\/truusk.store\/sv\/wp-json\/wp\/v2\/media\/96946"}],"wp:attachment":[{"href":"https:\/\/truusk.store\/sv\/wp-json\/wp\/v2\/media?parent=96995"}],"wp:term":[{"taxonomy":"product_brand","embeddable":true,"href":"https:\/\/truusk.store\/sv\/wp-json\/wp\/v2\/product_brand?post=96995"},{"taxonomy":"product_cat","embeddable":true,"href":"https:\/\/truusk.store\/sv\/wp-json\/wp\/v2\/product_cat?post=96995"},{"taxonomy":"product_tag","embeddable":true,"href":"https:\/\/truusk.store\/sv\/wp-json\/wp\/v2\/product_tag?post=96995"}],"curies":[{"name":"wp","href":"https:\/\/api.w.org\/{rel}","templated":true}]}}