{"id":97005,"date":"2025-11-24T10:49:24","date_gmt":"2025-11-24T09:49:24","guid":{"rendered":"https:\/\/truusk.store\/product\/motorikkub-8-i-1-aktivitetskub-med-motorikloop-parlabyrint-415-x-375-x-375-cm-flerfargad-2\/"},"modified":"2025-11-24T10:50:57","modified_gmt":"2025-11-24T09:50:57","slug":"truusk-motorikkub-8-i-1-aktivitetskub-med-motorikloop-parlabyrint-415-x-375-x-375-cm-flerfargad","status":"publish","type":"product","link":"https:\/\/truusk.store\/sv\/produkt\/truusk-motorikkub-8-i-1-aktivitetskub-med-motorikloop-parlabyrint-415-x-375-x-375-cm-flerfargad\/","title":{"rendered":"TRUUSK Motorikkub 8-i-1 &#8211; Aktivitetskub med Motorikloop &#8211; P\u00e4rlabyrint &#8211; 41,5 x 37,5 x 37,5 cm &#8211; Flerf\u00e4rgad"},"content":{"rendered":"<p>Du \u00f6nskar att ditt barn utvecklas och l\u00e4r sig, men att s\u00e4kerst\u00e4lla en s\u00e4ker och bildande lektid f\u00f6rblir en utmaning. [BRAND NAME] Motorik kub stor \u00f6ppnar en v\u00e4rld av inl\u00e4rning, fr\u00e5n bokst\u00e4ver till former, allt med mjukt slipade kanter. Upplev hur ditt barn f\u00f6rv\u00e4rvar viktiga f\u00e4rdigheter med denna f\u00e4ngslande motorik slinga och ger dig lugn.<\/p>\n<p>Beskrivning:<\/p>\n<ul>\n<li> Lekkuben f\u00f6r baby erbjuder \u00e5tta f\u00e4ngslande spel i ett, som underh\u00e5ller sm\u00e5barn i timmar<\/li>\n<li> Tillverkad av massivt tr\u00e4 och MDF med sl\u00e4ta kanter, vilket skapar en s\u00e4ker lekplats<\/li>\n<li> Motorikkuben utvecklar finmotoriska f\u00e4rdigheter och kognitiva f\u00e4rdigheter genom roligt, interaktivt spel<\/li>\n<li> Avtagbar topp p\u00e5 motorik slingan kan v\u00e4ndas f\u00f6r kompakt f\u00f6rvaring och h\u00e5ller ditt utrymme snyggt<\/li>\n<li> Stor, robust struktur av baby lekkub f\u00f6rhindrar att den v\u00e4lter, l\u00e4mplig f\u00f6r flera barn att dela<\/li>\n<li> S\u00f6t och f\u00e4rgglad design av den stora motorikkuben l\u00e4gger till en vacker dekorativ touch i alla rum<\/li>\n<li> En underbar f\u00f6delsedags- eller julklapp f\u00f6r barn fr\u00e5n 18 m\u00e5nader<\/li>\n<li> Montering kr\u00e4vs<\/li>\n<\/ul>\n<p> Tekniska specifikationer:<\/p>\n<ul>\n<li> F\u00e4rg: Flerf\u00e4rgad<\/li>\n<li> Material: Gummitr\u00e4, MDF<\/li>\n<li> Totala dimensioner: 41,5B x 37,5D x 37,5H cm<\/li>\n<li> Rekommenderad \u00e5lder: 18M+<\/li>\n<\/ul>\n<p>Leverans inneh\u00e5ller:<\/p>\n<ul>\n<li> 1 x Aktivitetskub<\/li>\n<li> 1 x Bruksanvisning<\/li>\n<\/ul>\n","protected":false},"excerpt":{"rendered":"<p>Du \u00f6nskar att ditt barn utvecklas och l\u00e4r sig, men att s\u00e4kerst\u00e4lla en s\u00e4ker och bildande lektid f\u00f6rblir en utmaning&#8230;.<\/p>\n","protected":false},"featured_media":96947,"template":"","meta":[],"product_brand":[],"product_cat":[880,626,918],"product_tag":[],"class_list":{"0":"post-97005","1":"product","2":"type-product","3":"status-publish","4":"has-post-thumbnail","6":"product_cat-baby-barn-2","7":"product_cat-barns-rollspel","8":"product_cat-leksaker","10":"first","11":"instock","12":"sale","13":"taxable","14":"shipping-taxable","15":"purchasable","16":"product-type-simple"},"yoast_head":"<!-- This site is optimized with the Yoast SEO plugin v25.4 - https:\/\/yoast.com\/wordpress\/plugins\/seo\/ -->\n<title>TRUUSK Motorikkub 8-i-1 - Aktivitetskub med Motorikloop - P\u00e4rlabyrint - 41,5 x 37,5 x 37,5 cm - Flerf\u00e4rgad - TRUUSK - Hem, Tr\u00e4dg\u00e5rd &amp; Fritid<\/title>\n<meta name=\"robots\" content=\"index, follow, max-snippet:-1, max-image-preview:large, max-video-preview:-1\" \/>\n<link rel=\"canonical\" href=\"https:\/\/truusk.store\/sv\/produkt\/truusk-motorikkub-8-i-1-aktivitetskub-med-motorikloop-parlabyrint-415-x-375-x-375-cm-flerfargad\/\" \/>\n<meta property=\"og:locale\" content=\"sv_SE\" \/>\n<meta property=\"og:type\" content=\"article\" \/>\n<meta property=\"og:title\" content=\"TRUUSK Motorikkub 8-i-1 - Aktivitetskub med Motorikloop - P\u00e4rlabyrint - 41,5 x 37,5 x 37,5 cm - Flerf\u00e4rgad - TRUUSK - Hem, Tr\u00e4dg\u00e5rd &amp; Fritid\" \/>\n<meta property=\"og:description\" content=\"Du \u00f6nskar att ditt barn utvecklas och l\u00e4r sig, men att s\u00e4kerst\u00e4lla en s\u00e4ker och bildande lektid f\u00f6rblir en utmaning....\" \/>\n<meta property=\"og:url\" content=\"https:\/\/truusk.store\/sv\/produkt\/truusk-motorikkub-8-i-1-aktivitetskub-med-motorikloop-parlabyrint-415-x-375-x-375-cm-flerfargad\/\" \/>\n<meta property=\"og:site_name\" content=\"TRUUSK - Hem, Tr\u00e4dg\u00e5rd &amp; Fritid\" \/>\n<meta property=\"article:modified_time\" content=\"2025-11-24T09:50:57+00:00\" \/>\n<meta property=\"og:image\" content=\"https:\/\/i0.wp.com\/truusk.se\/wp-content\/uploads\/2025\/11\/motorikkub-8-i-1-aktivitetskub-med-motorikloop-parlabyrint-415-x-375-x-375-cm-flerfargad-1.webp?fit=2000%2C2000&ssl=1\" \/>\n\t<meta property=\"og:image:width\" content=\"2000\" \/>\n\t<meta property=\"og:image:height\" content=\"2000\" \/>\n\t<meta property=\"og:image:type\" content=\"image\/webp\" \/>\n<meta name=\"twitter:card\" content=\"summary_large_image\" \/>\n<meta name=\"twitter:label1\" content=\"Ber\u00e4knad l\u00e4stid\" \/>\n\t<meta name=\"twitter:data1\" content=\"1 minut\" \/>\n<!-- \/ Yoast SEO plugin. -->","yoast_head_json":{"title":"TRUUSK Motorikkub 8-i-1 - Aktivitetskub med Motorikloop - P\u00e4rlabyrint - 41,5 x 37,5 x 37,5 cm - Flerf\u00e4rgad - TRUUSK - Hem, Tr\u00e4dg\u00e5rd &amp; Fritid","robots":{"index":"index","follow":"follow","max-snippet":"max-snippet:-1","max-image-preview":"max-image-preview:large","max-video-preview":"max-video-preview:-1"},"canonical":"https:\/\/truusk.store\/sv\/produkt\/truusk-motorikkub-8-i-1-aktivitetskub-med-motorikloop-parlabyrint-415-x-375-x-375-cm-flerfargad\/","og_locale":"sv_SE","og_type":"article","og_title":"TRUUSK Motorikkub 8-i-1 - Aktivitetskub med Motorikloop - P\u00e4rlabyrint - 41,5 x 37,5 x 37,5 cm - Flerf\u00e4rgad - TRUUSK - Hem, Tr\u00e4dg\u00e5rd &amp; Fritid","og_description":"Du \u00f6nskar att ditt barn utvecklas och l\u00e4r sig, men att s\u00e4kerst\u00e4lla en s\u00e4ker och bildande lektid f\u00f6rblir en utmaning....","og_url":"https:\/\/truusk.store\/sv\/produkt\/truusk-motorikkub-8-i-1-aktivitetskub-med-motorikloop-parlabyrint-415-x-375-x-375-cm-flerfargad\/","og_site_name":"TRUUSK - Hem, Tr\u00e4dg\u00e5rd &amp; Fritid","article_modified_time":"2025-11-24T09:50:57+00:00","og_image":[{"width":2000,"height":2000,"url":"https:\/\/i0.wp.com\/truusk.se\/wp-content\/uploads\/2025\/11\/motorikkub-8-i-1-aktivitetskub-med-motorikloop-parlabyrint-415-x-375-x-375-cm-flerfargad-1.webp?fit=2000%2C2000&ssl=1","type":"image\/webp"}],"twitter_card":"summary_large_image","twitter_misc":{"Ber\u00e4knad l\u00e4stid":"1 minut"},"schema":{"@context":"https:\/\/schema.org","@graph":[{"@type":"WebPage","@id":"https:\/\/truusk.store\/sv\/produkt\/truusk-motorikkub-8-i-1-aktivitetskub-med-motorikloop-parlabyrint-415-x-375-x-375-cm-flerfargad\/","url":"https:\/\/truusk.store\/sv\/produkt\/truusk-motorikkub-8-i-1-aktivitetskub-med-motorikloop-parlabyrint-415-x-375-x-375-cm-flerfargad\/","name":"TRUUSK Motorikkub 8-i-1 - Aktivitetskub med Motorikloop - P\u00e4rlabyrint - 41,5 x 37,5 x 37,5 cm - Flerf\u00e4rgad - TRUUSK - Hem, Tr\u00e4dg\u00e5rd &amp; Fritid","isPartOf":{"@id":"https:\/\/truusk.store\/sv\/#website"},"primaryImageOfPage":{"@id":"https:\/\/truusk.store\/sv\/produkt\/truusk-motorikkub-8-i-1-aktivitetskub-med-motorikloop-parlabyrint-415-x-375-x-375-cm-flerfargad\/#primaryimage"},"image":{"@id":"https:\/\/truusk.store\/sv\/produkt\/truusk-motorikkub-8-i-1-aktivitetskub-med-motorikloop-parlabyrint-415-x-375-x-375-cm-flerfargad\/#primaryimage"},"thumbnailUrl":"https:\/\/i0.wp.com\/truusk.store\/wp-content\/uploads\/2025\/11\/motorikkub-8-i-1-aktivitetskub-med-motorikloop-parlabyrint-415-x-375-x-375-cm-flerfargad-1.webp?fit=2000%2C2000&ssl=1","datePublished":"2025-11-24T09:49:24+00:00","dateModified":"2025-11-24T09:50:57+00:00","breadcrumb":{"@id":"https:\/\/truusk.store\/sv\/produkt\/truusk-motorikkub-8-i-1-aktivitetskub-med-motorikloop-parlabyrint-415-x-375-x-375-cm-flerfargad\/#breadcrumb"},"inLanguage":"sv-SE","potentialAction":[{"@type":"ReadAction","target":["https:\/\/truusk.store\/sv\/produkt\/truusk-motorikkub-8-i-1-aktivitetskub-med-motorikloop-parlabyrint-415-x-375-x-375-cm-flerfargad\/"]}]},{"@type":"ImageObject","inLanguage":"sv-SE","@id":"https:\/\/truusk.store\/sv\/produkt\/truusk-motorikkub-8-i-1-aktivitetskub-med-motorikloop-parlabyrint-415-x-375-x-375-cm-flerfargad\/#primaryimage","url":"https:\/\/i0.wp.com\/truusk.store\/wp-content\/uploads\/2025\/11\/motorikkub-8-i-1-aktivitetskub-med-motorikloop-parlabyrint-415-x-375-x-375-cm-flerfargad-1.webp?fit=2000%2C2000&ssl=1","contentUrl":"https:\/\/i0.wp.com\/truusk.store\/wp-content\/uploads\/2025\/11\/motorikkub-8-i-1-aktivitetskub-med-motorikloop-parlabyrint-415-x-375-x-375-cm-flerfargad-1.webp?fit=2000%2C2000&ssl=1","width":2000,"height":2000},{"@type":"BreadcrumbList","@id":"https:\/\/truusk.store\/sv\/produkt\/truusk-motorikkub-8-i-1-aktivitetskub-med-motorikloop-parlabyrint-415-x-375-x-375-cm-flerfargad\/#breadcrumb","itemListElement":[{"@type":"ListItem","position":1,"name":"Home","item":"https:\/\/truusk.store\/sv\/"},{"@type":"ListItem","position":2,"name":"Shop","item":"https:\/\/truusk.store\/shop\/"},{"@type":"ListItem","position":3,"name":"TRUUSK Motorikkub 8-i-1 &#8211; Aktivitetskub med Motorikloop &#8211; P\u00e4rlabyrint &#8211; 41,5 x 37,5 x 37,5 cm &#8211; Flerf\u00e4rgad"}]},{"@type":"WebSite","@id":"https:\/\/truusk.store\/sv\/#website","url":"https:\/\/truusk.store\/sv\/","name":"TRUUSK - Hem, Tr\u00e4dg\u00e5rd & Fritid","description":"","publisher":{"@id":"https:\/\/truusk.store\/sv\/#organization"},"potentialAction":[{"@type":"SearchAction","target":{"@type":"EntryPoint","urlTemplate":"https:\/\/truusk.store\/sv\/?s={search_term_string}"},"query-input":{"@type":"PropertyValueSpecification","valueRequired":true,"valueName":"search_term_string"}}],"inLanguage":"sv-SE"},{"@type":"Organization","@id":"https:\/\/truusk.store\/sv\/#organization","name":"TRUUSK - Hem, Tr\u00e4dg\u00e5rd & Fritid","url":"https:\/\/truusk.store\/sv\/","logo":{"@type":"ImageObject","inLanguage":"sv-SE","@id":"https:\/\/truusk.store\/sv\/#\/schema\/logo\/image\/","url":"https:\/\/i0.wp.com\/truusk.store\/wp-content\/uploads\/2026\/03\/cropped-TRUUSK.png?fit=2032%2C917&ssl=1","contentUrl":"https:\/\/i0.wp.com\/truusk.store\/wp-content\/uploads\/2026\/03\/cropped-TRUUSK.png?fit=2032%2C917&ssl=1","width":2032,"height":917,"caption":"TRUUSK - Hem, Tr\u00e4dg\u00e5rd & Fritid"},"image":{"@id":"https:\/\/truusk.store\/sv\/#\/schema\/logo\/image\/"}}]}},"jetpack_sharing_enabled":true,"_links":{"self":[{"href":"https:\/\/truusk.store\/sv\/wp-json\/wp\/v2\/product\/97005","targetHints":{"allow":["GET"]}}],"collection":[{"href":"https:\/\/truusk.store\/sv\/wp-json\/wp\/v2\/product"}],"about":[{"href":"https:\/\/truusk.store\/sv\/wp-json\/wp\/v2\/types\/product"}],"wp:featuredmedia":[{"embeddable":true,"href":"https:\/\/truusk.store\/sv\/wp-json\/wp\/v2\/media\/96947"}],"wp:attachment":[{"href":"https:\/\/truusk.store\/sv\/wp-json\/wp\/v2\/media?parent=97005"}],"wp:term":[{"taxonomy":"product_brand","embeddable":true,"href":"https:\/\/truusk.store\/sv\/wp-json\/wp\/v2\/product_brand?post=97005"},{"taxonomy":"product_cat","embeddable":true,"href":"https:\/\/truusk.store\/sv\/wp-json\/wp\/v2\/product_cat?post=97005"},{"taxonomy":"product_tag","embeddable":true,"href":"https:\/\/truusk.store\/sv\/wp-json\/wp\/v2\/product_tag?post=97005"}],"curies":[{"name":"wp","href":"https:\/\/api.w.org\/{rel}","templated":true}]}}