{"id":97043,"date":"2025-11-24T10:53:03","date_gmt":"2025-11-24T09:53:03","guid":{"rendered":"https:\/\/truusk.store\/product\/barnkok-lekset-mdf-15-tillbehor-skap-40-cm-fran-3-ar-gron\/"},"modified":"2026-03-12T08:52:42","modified_gmt":"2026-03-12T07:52:42","slug":"truusk-barnkok-lekset-mdf-15-tillbehor-skap-fran-3-ar-gron-40-cm","status":"publish","type":"product","link":"https:\/\/truusk.store\/sv\/produkt\/truusk-barnkok-lekset-mdf-15-tillbehor-skap-fran-3-ar-gron-40-cm\/","title":{"rendered":"TRUUSK Barnk\u00f6k Lekset &#8211; MDF &#8211; 15 Tillbeh\u00f6r &#8211; Sk\u00e5p &#8211; Fr\u00e5n 3 \u00e5r &#8211; Gr\u00f6n &#8211; 40 cm"},"content":{"rendered":"<p>S\u00f6ker du efter en engagerande och s\u00e4ker leksak? [BRAND NAME] leksaksk\u00f6kset eliminerar oro \u00f6ver skarpa kanter och farliga material. Detta barnleksaksk\u00f6kset \u00e4r tillverkat av s\u00e4kra material och erbjuder sl\u00e4ta kanter f\u00f6r en s\u00e4ker lekmilj\u00f6. Med 15 tillbeh\u00f6r fr\u00e4mjar det realistisk matlagning och st\u00e4rker ditt lilla kocks f\u00e4rdigheter och sj\u00e4lvf\u00f6rtroende i sitt leksaksk\u00f6k.<\/p>\n<p>Beskrivning:<\/p>\n<ul>\n<li> Levereras med 15 tillbeh\u00f6r som t\u00e4nda din lilla kocks o\u00e4ndliga kreativa gl\u00e4dje<\/li>\n<li> Tillverkat av MDF med rundade kanter f\u00f6r ditt barns s\u00e4kerhet<\/li>\n<li> Realistisk design med ett diskb\u00e4nk hj\u00e4lper till att f\u00f6rmedla essentiella livsf\u00e4rdigheter genom lek<\/li>\n<li> Inbyggda f\u00f6rvaringssk\u00e5p i leksaksk\u00f6ket fr\u00e4mjar goda st\u00e4d- och organisationsvanor hos barn<\/li>\n<li> Ergonomisk 40 cm arbetsb\u00e4nksh\u00f6jd, idealisk f\u00f6r barn fr\u00e5n 3 \u00e5r<\/li>\n<li> Leksaksk\u00f6ket har en fr\u00e4sch gr\u00f6n-vit design som passar perfekt till din heminredning<\/li>\n<li> Robust MDF-konstruktion garanterar stabilitet och h\u00e5llbarhet f\u00f6r m\u00e5nga \u00e5rs glad lek<\/li>\n<li> Montering kr\u00e4vs 50 minuter<\/li>\n<\/ul>\n<p> Tekniska specifikationer:<\/p>\n<ul>\n<li> F\u00e4rg: Gr\u00f6n+Vit<\/li>\n<li> Material: MDF, plywood, tr\u00e4<\/li>\n<li> Totala dimensioner: 60L x 31,6B x 58H cm<\/li>\n<li> H\u00f6jd p\u00e5 arbetsb\u00e4nken: 40H cm<\/li>\n<li> Rekommenderad \u00e5lder: 3+ \u00e5r<\/li>\n<\/ul>\n<p>Ing\u00e5r:<\/p>\n<ul>\n<li> 1 x Leksaksk\u00f6k<\/li>\n<li> 15 x K\u00f6kstillbeh\u00f6r<\/li>\n<li> 1 x Bruksanvisning<\/li>\n<\/ul>\n","protected":false},"excerpt":{"rendered":"<p>S\u00f6ker du efter en engagerande och s\u00e4ker leksak? [BRAND NAME] leksaksk\u00f6kset eliminerar oro \u00f6ver skarpa kanter och farliga material. Detta&#8230;<\/p>\n","protected":false},"featured_media":96972,"template":"","meta":[],"product_brand":[],"product_cat":[880,626,918],"product_tag":[],"class_list":{"0":"post-97043","1":"product","2":"type-product","3":"status-publish","4":"has-post-thumbnail","6":"product_cat-baby-barn-2","7":"product_cat-barns-rollspel","8":"product_cat-leksaker","10":"first","11":"instock","12":"sale","13":"taxable","14":"shipping-taxable","15":"purchasable","16":"product-type-simple"},"yoast_head":"<!-- This site is optimized with the Yoast SEO plugin v25.4 - https:\/\/yoast.com\/wordpress\/plugins\/seo\/ -->\n<title>TRUUSK Barnk\u00f6k Lekset - MDF - 15 Tillbeh\u00f6r - Sk\u00e5p - Fr\u00e5n 3 \u00e5r - Gr\u00f6n - 40 cm - TRUUSK - Hem, Tr\u00e4dg\u00e5rd &amp; Fritid<\/title>\n<meta name=\"robots\" content=\"index, follow, max-snippet:-1, max-image-preview:large, max-video-preview:-1\" \/>\n<link rel=\"canonical\" href=\"https:\/\/truusk.store\/sv\/produkt\/truusk-barnkok-lekset-mdf-15-tillbehor-skap-fran-3-ar-gron-40-cm\/\" \/>\n<meta property=\"og:locale\" content=\"sv_SE\" \/>\n<meta property=\"og:type\" content=\"article\" \/>\n<meta property=\"og:title\" content=\"TRUUSK Barnk\u00f6k Lekset - MDF - 15 Tillbeh\u00f6r - Sk\u00e5p - Fr\u00e5n 3 \u00e5r - Gr\u00f6n - 40 cm - TRUUSK - Hem, Tr\u00e4dg\u00e5rd &amp; Fritid\" \/>\n<meta property=\"og:description\" content=\"S\u00f6ker du efter en engagerande och s\u00e4ker leksak? [BRAND NAME] leksaksk\u00f6kset eliminerar oro \u00f6ver skarpa kanter och farliga material. Detta...\" \/>\n<meta property=\"og:url\" content=\"https:\/\/truusk.store\/sv\/produkt\/truusk-barnkok-lekset-mdf-15-tillbehor-skap-fran-3-ar-gron-40-cm\/\" \/>\n<meta property=\"og:site_name\" content=\"TRUUSK - Hem, Tr\u00e4dg\u00e5rd &amp; Fritid\" \/>\n<meta property=\"article:modified_time\" content=\"2026-03-12T07:52:42+00:00\" \/>\n<meta property=\"og:image\" content=\"https:\/\/i0.wp.com\/truusk.se\/wp-content\/uploads\/2025\/11\/barnkok-lekset-mdf-15-tillbehor-skap-40-cm-fran-3-ar-gron-1.webp?fit=2000%2C2000&ssl=1\" \/>\n\t<meta property=\"og:image:width\" content=\"2000\" \/>\n\t<meta property=\"og:image:height\" content=\"2000\" \/>\n\t<meta property=\"og:image:type\" content=\"image\/webp\" \/>\n<meta name=\"twitter:card\" content=\"summary_large_image\" \/>\n<meta name=\"twitter:label1\" content=\"Ber\u00e4knad l\u00e4stid\" \/>\n\t<meta name=\"twitter:data1\" content=\"1 minut\" \/>\n<!-- \/ Yoast SEO plugin. -->","yoast_head_json":{"title":"TRUUSK Barnk\u00f6k Lekset - MDF - 15 Tillbeh\u00f6r - Sk\u00e5p - Fr\u00e5n 3 \u00e5r - Gr\u00f6n - 40 cm - TRUUSK - Hem, Tr\u00e4dg\u00e5rd &amp; Fritid","robots":{"index":"index","follow":"follow","max-snippet":"max-snippet:-1","max-image-preview":"max-image-preview:large","max-video-preview":"max-video-preview:-1"},"canonical":"https:\/\/truusk.store\/sv\/produkt\/truusk-barnkok-lekset-mdf-15-tillbehor-skap-fran-3-ar-gron-40-cm\/","og_locale":"sv_SE","og_type":"article","og_title":"TRUUSK Barnk\u00f6k Lekset - MDF - 15 Tillbeh\u00f6r - Sk\u00e5p - Fr\u00e5n 3 \u00e5r - Gr\u00f6n - 40 cm - TRUUSK - Hem, Tr\u00e4dg\u00e5rd &amp; Fritid","og_description":"S\u00f6ker du efter en engagerande och s\u00e4ker leksak? [BRAND NAME] leksaksk\u00f6kset eliminerar oro \u00f6ver skarpa kanter och farliga material. Detta...","og_url":"https:\/\/truusk.store\/sv\/produkt\/truusk-barnkok-lekset-mdf-15-tillbehor-skap-fran-3-ar-gron-40-cm\/","og_site_name":"TRUUSK - Hem, Tr\u00e4dg\u00e5rd &amp; Fritid","article_modified_time":"2026-03-12T07:52:42+00:00","og_image":[{"width":2000,"height":2000,"url":"https:\/\/i0.wp.com\/truusk.se\/wp-content\/uploads\/2025\/11\/barnkok-lekset-mdf-15-tillbehor-skap-40-cm-fran-3-ar-gron-1.webp?fit=2000%2C2000&ssl=1","type":"image\/webp"}],"twitter_card":"summary_large_image","twitter_misc":{"Ber\u00e4knad l\u00e4stid":"1 minut"},"schema":{"@context":"https:\/\/schema.org","@graph":[{"@type":"WebPage","@id":"https:\/\/truusk.store\/sv\/produkt\/truusk-barnkok-lekset-mdf-15-tillbehor-skap-fran-3-ar-gron-40-cm\/","url":"https:\/\/truusk.store\/sv\/produkt\/truusk-barnkok-lekset-mdf-15-tillbehor-skap-fran-3-ar-gron-40-cm\/","name":"TRUUSK Barnk\u00f6k Lekset - MDF - 15 Tillbeh\u00f6r - Sk\u00e5p - Fr\u00e5n 3 \u00e5r - Gr\u00f6n - 40 cm - TRUUSK - Hem, Tr\u00e4dg\u00e5rd &amp; Fritid","isPartOf":{"@id":"https:\/\/truusk.store\/sv\/#website"},"primaryImageOfPage":{"@id":"https:\/\/truusk.store\/sv\/produkt\/truusk-barnkok-lekset-mdf-15-tillbehor-skap-fran-3-ar-gron-40-cm\/#primaryimage"},"image":{"@id":"https:\/\/truusk.store\/sv\/produkt\/truusk-barnkok-lekset-mdf-15-tillbehor-skap-fran-3-ar-gron-40-cm\/#primaryimage"},"thumbnailUrl":"https:\/\/i0.wp.com\/truusk.store\/wp-content\/uploads\/2025\/11\/barnkok-lekset-mdf-15-tillbehor-skap-40-cm-fran-3-ar-gron-1.webp?fit=2000%2C2000&ssl=1","datePublished":"2025-11-24T09:53:03+00:00","dateModified":"2026-03-12T07:52:42+00:00","breadcrumb":{"@id":"https:\/\/truusk.store\/sv\/produkt\/truusk-barnkok-lekset-mdf-15-tillbehor-skap-fran-3-ar-gron-40-cm\/#breadcrumb"},"inLanguage":"sv-SE","potentialAction":[{"@type":"ReadAction","target":["https:\/\/truusk.store\/sv\/produkt\/truusk-barnkok-lekset-mdf-15-tillbehor-skap-fran-3-ar-gron-40-cm\/"]}]},{"@type":"ImageObject","inLanguage":"sv-SE","@id":"https:\/\/truusk.store\/sv\/produkt\/truusk-barnkok-lekset-mdf-15-tillbehor-skap-fran-3-ar-gron-40-cm\/#primaryimage","url":"https:\/\/i0.wp.com\/truusk.store\/wp-content\/uploads\/2025\/11\/barnkok-lekset-mdf-15-tillbehor-skap-40-cm-fran-3-ar-gron-1.webp?fit=2000%2C2000&ssl=1","contentUrl":"https:\/\/i0.wp.com\/truusk.store\/wp-content\/uploads\/2025\/11\/barnkok-lekset-mdf-15-tillbehor-skap-40-cm-fran-3-ar-gron-1.webp?fit=2000%2C2000&ssl=1","width":2000,"height":2000},{"@type":"BreadcrumbList","@id":"https:\/\/truusk.store\/sv\/produkt\/truusk-barnkok-lekset-mdf-15-tillbehor-skap-fran-3-ar-gron-40-cm\/#breadcrumb","itemListElement":[{"@type":"ListItem","position":1,"name":"Home","item":"https:\/\/truusk.store\/sv\/"},{"@type":"ListItem","position":2,"name":"Shop","item":"https:\/\/truusk.store\/shop\/"},{"@type":"ListItem","position":3,"name":"TRUUSK Barnk\u00f6k Lekset &#8211; MDF &#8211; 15 Tillbeh\u00f6r &#8211; Sk\u00e5p &#8211; Fr\u00e5n 3 \u00e5r &#8211; Gr\u00f6n &#8211; 40 cm"}]},{"@type":"WebSite","@id":"https:\/\/truusk.store\/sv\/#website","url":"https:\/\/truusk.store\/sv\/","name":"TRUUSK - Hem, Tr\u00e4dg\u00e5rd & Fritid","description":"","publisher":{"@id":"https:\/\/truusk.store\/sv\/#organization"},"potentialAction":[{"@type":"SearchAction","target":{"@type":"EntryPoint","urlTemplate":"https:\/\/truusk.store\/sv\/?s={search_term_string}"},"query-input":{"@type":"PropertyValueSpecification","valueRequired":true,"valueName":"search_term_string"}}],"inLanguage":"sv-SE"},{"@type":"Organization","@id":"https:\/\/truusk.store\/sv\/#organization","name":"TRUUSK - Hem, Tr\u00e4dg\u00e5rd & Fritid","url":"https:\/\/truusk.store\/sv\/","logo":{"@type":"ImageObject","inLanguage":"sv-SE","@id":"https:\/\/truusk.store\/sv\/#\/schema\/logo\/image\/","url":"https:\/\/i0.wp.com\/truusk.store\/wp-content\/uploads\/2026\/03\/cropped-TRUUSK.png?fit=2032%2C917&ssl=1","contentUrl":"https:\/\/i0.wp.com\/truusk.store\/wp-content\/uploads\/2026\/03\/cropped-TRUUSK.png?fit=2032%2C917&ssl=1","width":2032,"height":917,"caption":"TRUUSK - Hem, Tr\u00e4dg\u00e5rd & Fritid"},"image":{"@id":"https:\/\/truusk.store\/sv\/#\/schema\/logo\/image\/"}}]}},"jetpack_sharing_enabled":true,"_links":{"self":[{"href":"https:\/\/truusk.store\/sv\/wp-json\/wp\/v2\/product\/97043","targetHints":{"allow":["GET"]}}],"collection":[{"href":"https:\/\/truusk.store\/sv\/wp-json\/wp\/v2\/product"}],"about":[{"href":"https:\/\/truusk.store\/sv\/wp-json\/wp\/v2\/types\/product"}],"wp:featuredmedia":[{"embeddable":true,"href":"https:\/\/truusk.store\/sv\/wp-json\/wp\/v2\/media\/96972"}],"wp:attachment":[{"href":"https:\/\/truusk.store\/sv\/wp-json\/wp\/v2\/media?parent=97043"}],"wp:term":[{"taxonomy":"product_brand","embeddable":true,"href":"https:\/\/truusk.store\/sv\/wp-json\/wp\/v2\/product_brand?post=97043"},{"taxonomy":"product_cat","embeddable":true,"href":"https:\/\/truusk.store\/sv\/wp-json\/wp\/v2\/product_cat?post=97043"},{"taxonomy":"product_tag","embeddable":true,"href":"https:\/\/truusk.store\/sv\/wp-json\/wp\/v2\/product_tag?post=97043"}],"curies":[{"name":"wp","href":"https:\/\/api.w.org\/{rel}","templated":true}]}}