{"id":97069,"date":"2025-11-24T10:54:10","date_gmt":"2025-11-24T09:54:10","guid":{"rendered":"https:\/\/truusk.store\/product\/diskbanksset-tradiskmaskin-for-barn-32-tillbehorsdelar-mdf-for-barn-fran-3-ar-ljusbla\/"},"modified":"2026-03-12T08:52:49","modified_gmt":"2026-03-12T07:52:49","slug":"truusk-diskbanksset-for-barn-tradiskmaskin-med-32-tillbehorsdelar-mdf-material-fran-3-ar-ljusbla","status":"publish","type":"product","link":"https:\/\/truusk.store\/sv\/produkt\/truusk-diskbanksset-for-barn-tradiskmaskin-med-32-tillbehorsdelar-mdf-material-fran-3-ar-ljusbla\/","title":{"rendered":"TRUUSK Diskb\u00e4nksset f\u00f6r barn &#8211; Tr\u00e4diskmaskin med 32 Tillbeh\u00f6rsdelar &#8211; MDF Material &#8211; Fr\u00e5n 3 \u00e5r &#8211; Ljusbl\u00e5"},"content":{"rendered":"<p>\u00c4r du orolig f\u00f6r att ditt barn st\u00e4ndigt dras till sk\u00e4rmar eller farliga k\u00f6ksomr\u00e5den f\u00f6r att leka? Du vill st\u00f6dja deras ben\u00e4genhet att imitera vuxnauppgifter, men kan inte hitta ett l\u00e4mpligt alternativ? [BRAND NAME] leksaksk\u00f6kset \u00e4r l\u00f6sningen. Detta barnleksaksk\u00f6kset inneh\u00e5ller en tr\u00e4diskmaskin och 32 delar i en stabil, sl\u00e4t tr\u00e4konstruktion f\u00f6r s\u00e4kert och kreativt rollspel.<\/p>\n<p>Beskrivning:<\/p>\n<ul>\n<li> Tr\u00e4barnk\u00f6ket har en diskho, en kran och knappar f\u00f6r realistiskt, fantasifullt rollspel<\/li>\n<li> Barnk\u00f6ket inneh\u00e5ller ett 32-delars tillbeh\u00f6rsset f\u00f6r omedelbar, gemensam kreativ kul<\/li>\n<li> Tillverkad av stabil MDF med sl\u00e4ta, rundade kanter f\u00f6r s\u00e4kert spel<\/li>\n<li> Fr\u00e4mjar sociala f\u00e4rdigheter och hand-\u00f6ga-koordination genom roligt, samarbetsinriktat spel<\/li>\n<li> Med en h\u00f6jd p\u00e5 44 cm perfekt designad f\u00f6r bekv\u00e4mt spel f\u00f6r barn fr\u00e5n 3 \u00e5r<\/li>\n<li> En pedagogiskt v\u00e4rdefull present f\u00f6r f\u00f6delsedagar, helgdagar och speciella tillf\u00e4llen<\/li>\n<li> Montering kr\u00e4vs<\/li>\n<\/ul>\n<p> Tekniska specifikationer:<\/p>\n<ul>\n<li> F\u00e4rg: Ljusbl\u00e5+Vit<\/li>\n<li> Material: MDF, Plywood, Boktr\u00e4, Gummitr\u00e4, Talltr\u00e4, Metall, Melamin, Plast, Elastiskt rep<\/li>\n<li> Totala dimensioner: 36L x 26B x 52H cm<\/li>\n<li> H\u00f6jd p\u00e5 arbetsytan: 44H cm<\/li>\n<li> Paketstorlek: 64B x 34T x 15H cm<\/li>\n<li> Rekommenderad \u00e5lder: 3+<\/li>\n<li> Godk\u00e4nd \u00e5lder: 3+<\/li>\n<\/ul>\n<p>Leverans inneh\u00e5ller:<\/p>\n<ul>\n<li> 1 x Leksaksk\u00f6kset<\/li>\n<li> 1 x Bruksanvisning<\/li>\n<\/ul>\n","protected":false},"excerpt":{"rendered":"<p>\u00c4r du orolig f\u00f6r att ditt barn st\u00e4ndigt dras till sk\u00e4rmar eller farliga k\u00f6ksomr\u00e5den f\u00f6r att leka? Du vill st\u00f6dja&#8230;<\/p>\n","protected":false},"featured_media":97003,"template":"","meta":[],"product_brand":[],"product_cat":[880,626,918],"product_tag":[],"class_list":{"0":"post-97069","1":"product","2":"type-product","3":"status-publish","4":"has-post-thumbnail","6":"product_cat-baby-barn-2","7":"product_cat-barns-rollspel","8":"product_cat-leksaker","10":"first","11":"instock","12":"sale","13":"taxable","14":"shipping-taxable","15":"purchasable","16":"product-type-simple"},"yoast_head":"<!-- This site is optimized with the Yoast SEO plugin v25.4 - https:\/\/yoast.com\/wordpress\/plugins\/seo\/ -->\n<title>TRUUSK Diskb\u00e4nksset f\u00f6r barn - Tr\u00e4diskmaskin med 32 Tillbeh\u00f6rsdelar - MDF Material - Fr\u00e5n 3 \u00e5r - Ljusbl\u00e5 - TRUUSK - Hem, Tr\u00e4dg\u00e5rd &amp; Fritid<\/title>\n<meta name=\"robots\" content=\"index, follow, max-snippet:-1, max-image-preview:large, max-video-preview:-1\" \/>\n<link rel=\"canonical\" href=\"https:\/\/truusk.store\/sv\/produkt\/truusk-diskbanksset-for-barn-tradiskmaskin-med-32-tillbehorsdelar-mdf-material-fran-3-ar-ljusbla\/\" \/>\n<meta property=\"og:locale\" content=\"sv_SE\" \/>\n<meta property=\"og:type\" content=\"article\" \/>\n<meta property=\"og:title\" content=\"TRUUSK Diskb\u00e4nksset f\u00f6r barn - Tr\u00e4diskmaskin med 32 Tillbeh\u00f6rsdelar - MDF Material - Fr\u00e5n 3 \u00e5r - Ljusbl\u00e5 - TRUUSK - Hem, Tr\u00e4dg\u00e5rd &amp; Fritid\" \/>\n<meta property=\"og:description\" content=\"\u00c4r du orolig f\u00f6r att ditt barn st\u00e4ndigt dras till sk\u00e4rmar eller farliga k\u00f6ksomr\u00e5den f\u00f6r att leka? Du vill st\u00f6dja...\" \/>\n<meta property=\"og:url\" content=\"https:\/\/truusk.store\/sv\/produkt\/truusk-diskbanksset-for-barn-tradiskmaskin-med-32-tillbehorsdelar-mdf-material-fran-3-ar-ljusbla\/\" \/>\n<meta property=\"og:site_name\" content=\"TRUUSK - Hem, Tr\u00e4dg\u00e5rd &amp; Fritid\" \/>\n<meta property=\"article:modified_time\" content=\"2026-03-12T07:52:49+00:00\" \/>\n<meta property=\"og:image\" content=\"https:\/\/i0.wp.com\/truusk.se\/wp-content\/uploads\/2025\/11\/diskbanksset-tradiskmaskin-for-barn-32-tillbehorsdelar-mdf-for-barn-fran-3-ar-ljusbla-1.webp?fit=2000%2C2000&ssl=1\" \/>\n\t<meta property=\"og:image:width\" content=\"2000\" \/>\n\t<meta property=\"og:image:height\" content=\"2000\" \/>\n\t<meta property=\"og:image:type\" content=\"image\/webp\" \/>\n<meta name=\"twitter:card\" content=\"summary_large_image\" \/>\n<meta name=\"twitter:label1\" content=\"Ber\u00e4knad l\u00e4stid\" \/>\n\t<meta name=\"twitter:data1\" content=\"1 minut\" \/>\n<!-- \/ Yoast SEO plugin. -->","yoast_head_json":{"title":"TRUUSK Diskb\u00e4nksset f\u00f6r barn - Tr\u00e4diskmaskin med 32 Tillbeh\u00f6rsdelar - MDF Material - Fr\u00e5n 3 \u00e5r - Ljusbl\u00e5 - TRUUSK - Hem, Tr\u00e4dg\u00e5rd &amp; Fritid","robots":{"index":"index","follow":"follow","max-snippet":"max-snippet:-1","max-image-preview":"max-image-preview:large","max-video-preview":"max-video-preview:-1"},"canonical":"https:\/\/truusk.store\/sv\/produkt\/truusk-diskbanksset-for-barn-tradiskmaskin-med-32-tillbehorsdelar-mdf-material-fran-3-ar-ljusbla\/","og_locale":"sv_SE","og_type":"article","og_title":"TRUUSK Diskb\u00e4nksset f\u00f6r barn - Tr\u00e4diskmaskin med 32 Tillbeh\u00f6rsdelar - MDF Material - Fr\u00e5n 3 \u00e5r - Ljusbl\u00e5 - TRUUSK - Hem, Tr\u00e4dg\u00e5rd &amp; Fritid","og_description":"\u00c4r du orolig f\u00f6r att ditt barn st\u00e4ndigt dras till sk\u00e4rmar eller farliga k\u00f6ksomr\u00e5den f\u00f6r att leka? Du vill st\u00f6dja...","og_url":"https:\/\/truusk.store\/sv\/produkt\/truusk-diskbanksset-for-barn-tradiskmaskin-med-32-tillbehorsdelar-mdf-material-fran-3-ar-ljusbla\/","og_site_name":"TRUUSK - Hem, Tr\u00e4dg\u00e5rd &amp; Fritid","article_modified_time":"2026-03-12T07:52:49+00:00","og_image":[{"width":2000,"height":2000,"url":"https:\/\/i0.wp.com\/truusk.se\/wp-content\/uploads\/2025\/11\/diskbanksset-tradiskmaskin-for-barn-32-tillbehorsdelar-mdf-for-barn-fran-3-ar-ljusbla-1.webp?fit=2000%2C2000&ssl=1","type":"image\/webp"}],"twitter_card":"summary_large_image","twitter_misc":{"Ber\u00e4knad l\u00e4stid":"1 minut"},"schema":{"@context":"https:\/\/schema.org","@graph":[{"@type":"WebPage","@id":"https:\/\/truusk.store\/sv\/produkt\/truusk-diskbanksset-for-barn-tradiskmaskin-med-32-tillbehorsdelar-mdf-material-fran-3-ar-ljusbla\/","url":"https:\/\/truusk.store\/sv\/produkt\/truusk-diskbanksset-for-barn-tradiskmaskin-med-32-tillbehorsdelar-mdf-material-fran-3-ar-ljusbla\/","name":"TRUUSK Diskb\u00e4nksset f\u00f6r barn - Tr\u00e4diskmaskin med 32 Tillbeh\u00f6rsdelar - MDF Material - Fr\u00e5n 3 \u00e5r - Ljusbl\u00e5 - TRUUSK - Hem, Tr\u00e4dg\u00e5rd &amp; Fritid","isPartOf":{"@id":"https:\/\/truusk.store\/sv\/#website"},"primaryImageOfPage":{"@id":"https:\/\/truusk.store\/sv\/produkt\/truusk-diskbanksset-for-barn-tradiskmaskin-med-32-tillbehorsdelar-mdf-material-fran-3-ar-ljusbla\/#primaryimage"},"image":{"@id":"https:\/\/truusk.store\/sv\/produkt\/truusk-diskbanksset-for-barn-tradiskmaskin-med-32-tillbehorsdelar-mdf-material-fran-3-ar-ljusbla\/#primaryimage"},"thumbnailUrl":"https:\/\/i0.wp.com\/truusk.store\/wp-content\/uploads\/2025\/11\/diskbanksset-tradiskmaskin-for-barn-32-tillbehorsdelar-mdf-for-barn-fran-3-ar-ljusbla-1.webp?fit=2000%2C2000&ssl=1","datePublished":"2025-11-24T09:54:10+00:00","dateModified":"2026-03-12T07:52:49+00:00","breadcrumb":{"@id":"https:\/\/truusk.store\/sv\/produkt\/truusk-diskbanksset-for-barn-tradiskmaskin-med-32-tillbehorsdelar-mdf-material-fran-3-ar-ljusbla\/#breadcrumb"},"inLanguage":"sv-SE","potentialAction":[{"@type":"ReadAction","target":["https:\/\/truusk.store\/sv\/produkt\/truusk-diskbanksset-for-barn-tradiskmaskin-med-32-tillbehorsdelar-mdf-material-fran-3-ar-ljusbla\/"]}]},{"@type":"ImageObject","inLanguage":"sv-SE","@id":"https:\/\/truusk.store\/sv\/produkt\/truusk-diskbanksset-for-barn-tradiskmaskin-med-32-tillbehorsdelar-mdf-material-fran-3-ar-ljusbla\/#primaryimage","url":"https:\/\/i0.wp.com\/truusk.store\/wp-content\/uploads\/2025\/11\/diskbanksset-tradiskmaskin-for-barn-32-tillbehorsdelar-mdf-for-barn-fran-3-ar-ljusbla-1.webp?fit=2000%2C2000&ssl=1","contentUrl":"https:\/\/i0.wp.com\/truusk.store\/wp-content\/uploads\/2025\/11\/diskbanksset-tradiskmaskin-for-barn-32-tillbehorsdelar-mdf-for-barn-fran-3-ar-ljusbla-1.webp?fit=2000%2C2000&ssl=1","width":2000,"height":2000},{"@type":"BreadcrumbList","@id":"https:\/\/truusk.store\/sv\/produkt\/truusk-diskbanksset-for-barn-tradiskmaskin-med-32-tillbehorsdelar-mdf-material-fran-3-ar-ljusbla\/#breadcrumb","itemListElement":[{"@type":"ListItem","position":1,"name":"Home","item":"https:\/\/truusk.store\/sv\/"},{"@type":"ListItem","position":2,"name":"Shop","item":"https:\/\/truusk.store\/shop\/"},{"@type":"ListItem","position":3,"name":"TRUUSK Diskb\u00e4nksset f\u00f6r barn &#8211; Tr\u00e4diskmaskin med 32 Tillbeh\u00f6rsdelar &#8211; MDF Material &#8211; Fr\u00e5n 3 \u00e5r &#8211; Ljusbl\u00e5"}]},{"@type":"WebSite","@id":"https:\/\/truusk.store\/sv\/#website","url":"https:\/\/truusk.store\/sv\/","name":"TRUUSK - Hem, Tr\u00e4dg\u00e5rd & Fritid","description":"","publisher":{"@id":"https:\/\/truusk.store\/sv\/#organization"},"potentialAction":[{"@type":"SearchAction","target":{"@type":"EntryPoint","urlTemplate":"https:\/\/truusk.store\/sv\/?s={search_term_string}"},"query-input":{"@type":"PropertyValueSpecification","valueRequired":true,"valueName":"search_term_string"}}],"inLanguage":"sv-SE"},{"@type":"Organization","@id":"https:\/\/truusk.store\/sv\/#organization","name":"TRUUSK - Hem, Tr\u00e4dg\u00e5rd & Fritid","url":"https:\/\/truusk.store\/sv\/","logo":{"@type":"ImageObject","inLanguage":"sv-SE","@id":"https:\/\/truusk.store\/sv\/#\/schema\/logo\/image\/","url":"https:\/\/i0.wp.com\/truusk.store\/wp-content\/uploads\/2026\/03\/cropped-TRUUSK.png?fit=2032%2C917&ssl=1","contentUrl":"https:\/\/i0.wp.com\/truusk.store\/wp-content\/uploads\/2026\/03\/cropped-TRUUSK.png?fit=2032%2C917&ssl=1","width":2032,"height":917,"caption":"TRUUSK - Hem, Tr\u00e4dg\u00e5rd & Fritid"},"image":{"@id":"https:\/\/truusk.store\/sv\/#\/schema\/logo\/image\/"}}]}},"jetpack_sharing_enabled":true,"_links":{"self":[{"href":"https:\/\/truusk.store\/sv\/wp-json\/wp\/v2\/product\/97069","targetHints":{"allow":["GET"]}}],"collection":[{"href":"https:\/\/truusk.store\/sv\/wp-json\/wp\/v2\/product"}],"about":[{"href":"https:\/\/truusk.store\/sv\/wp-json\/wp\/v2\/types\/product"}],"wp:featuredmedia":[{"embeddable":true,"href":"https:\/\/truusk.store\/sv\/wp-json\/wp\/v2\/media\/97003"}],"wp:attachment":[{"href":"https:\/\/truusk.store\/sv\/wp-json\/wp\/v2\/media?parent=97069"}],"wp:term":[{"taxonomy":"product_brand","embeddable":true,"href":"https:\/\/truusk.store\/sv\/wp-json\/wp\/v2\/product_brand?post=97069"},{"taxonomy":"product_cat","embeddable":true,"href":"https:\/\/truusk.store\/sv\/wp-json\/wp\/v2\/product_cat?post=97069"},{"taxonomy":"product_tag","embeddable":true,"href":"https:\/\/truusk.store\/sv\/wp-json\/wp\/v2\/product_tag?post=97069"}],"curies":[{"name":"wp","href":"https:\/\/api.w.org\/{rel}","templated":true}]}}