{"id":97085,"date":"2025-11-24T10:55:05","date_gmt":"2025-11-24T09:55:05","guid":{"rendered":"https:\/\/truusk.store\/product\/90-x-60-cm-led-badrumspegel-lampor-3-farger-dimbar-minnesfunktion-horisontell-och-vertikal-svart\/"},"modified":"2026-03-12T08:53:38","modified_gmt":"2026-03-12T07:53:38","slug":"truusk-badrumspegel-med-led-lampor-90-x-60-cm-dimbar-minnesfunktion-horisontell-och-vertikal-svart","status":"publish","type":"product","link":"https:\/\/truusk.store\/sv\/produkt\/truusk-badrumspegel-med-led-lampor-90-x-60-cm-dimbar-minnesfunktion-horisontell-och-vertikal-svart\/","title":{"rendered":"TRUUSK Badrumspegel med LED-lampor &#8211; 90 x 60 cm &#8211; Dimbar &#8211; Minnesfunktion &#8211; Horisontell och Vertikal &#8211; Svart"},"content":{"rendered":"<p>B\u00f6rja din dag med [BRAND NAME] LED-badrumspegel, som garanterar ljusa morgnar och avslappnade kv\u00e4llar med optimal belysning. V\u00e4lj mellan varma, naturliga eller kalla ljusnyanser och justera ljusstyrkan individuellt. Tack vare anti-dimfunktionen f\u00f6rblir spegelbilderna klara \u00e4ven efter heta duschar. IP44-certifieringen av v\u00e4ggspegeln s\u00e4kerst\u00e4ller s\u00e4ker anv\u00e4ndning. Med smart touch-kontroll, minnesfunktion och enkel montering.<\/p>\n<p>Beskrivning:<\/p>\n<ul>\n<li> 324 LED-p\u00e4rlor med bakgrundsbelysning ger ljus, j\u00e4mn belysning<\/li>\n<li> Tre ljusf\u00e4rger och justerbar ljusstyrka passar varje hum\u00f6r och rutin<\/li>\n<li> Integrerad antibeslagsdyna i badrumsspegeln h\u00e5ller din reflektion klar efter heta duschar<\/li>\n<li> IP44 st\u00e4nkskydd garanterar s\u00e4ker anv\u00e4ndning i fuktiga badrum<\/li>\n<li> Smart touch-kontroll av badrumsspegeln justerar ljuset enkelt och minnesfunktionen \u00e5terkallar den senaste inst\u00e4llningen<\/li>\n<li> Tillverkad av s\u00e4kert HD-h\u00e4rdat glas och stark aluminiumlegeringsram<\/li>\n<li> Vertikal eller horisontell installation med medf\u00f6ljande tillbeh\u00f6r f\u00f6r enkel installation<\/li>\n<li> Ingen montering kr\u00e4vs, st\u00f6der v\u00e4ggstr\u00f6mbrytare (ing\u00e5r ej) och touch-kontroll f\u00f6r bekv\u00e4m daglig anv\u00e4ndning<\/li>\n<\/ul>\n<p> Tekniska data:<\/p>\n<ul>\n<li> F\u00e4rg: Svart<\/li>\n<li> Material: Aluminiumlegering, h\u00e4rdat glas<\/li>\n<li> Totala dimensioner: 90L x 60B x 4T cm<\/li>\n<li> Storlek p\u00e5 avfuktarens dyna: 40L x 25B cm<\/li>\n<li> Effekt: 44W (totalt), 24W (ljus), 20W (avfuktare)<\/li>\n<li> Lumen: 1880 lm<\/li>\n<li> F\u00e4rgtemperatur: 3000K varmvitt \/ 4500K naturligt \/ 6500K kallvitt<\/li>\n<li> Skyddsklass: IP44<\/li>\n<li> Kabell\u00e4ngd: 0,5 m<\/li>\n<li> Ing\u00e5ng: AC 220-240V, 50\/60Hz<\/li>\n<li> Utg\u00e5ng: DC 12V, 1,75A, max. 25W<\/li>\n<\/ul>\n<p>Leveransinneh\u00e5ll:<\/p>\n<ul>\n<li> 1 x Badrumsspegel<\/li>\n<li> 1 x Bruksanvisning<\/li>\n<\/ul>\n","protected":false},"excerpt":{"rendered":"<p>B\u00f6rja din dag med [BRAND NAME] LED-badrumspegel, som garanterar ljusa morgnar och avslappnade kv\u00e4llar med optimal belysning. V\u00e4lj mellan varma,&#8230;<\/p>\n","protected":false},"featured_media":97020,"template":"","meta":[],"product_brand":[],"product_cat":[915,969,871],"product_tag":[],"class_list":{"0":"post-97085","1":"product","2":"type-product","3":"status-publish","4":"has-post-thumbnail","6":"product_cat-badrum","7":"product_cat-badrumsspegel","8":"product_cat-hus-hem","10":"first","11":"instock","12":"sale","13":"taxable","14":"shipping-taxable","15":"purchasable","16":"product-type-simple"},"yoast_head":"<!-- This site is optimized with the Yoast SEO plugin v25.4 - https:\/\/yoast.com\/wordpress\/plugins\/seo\/ -->\n<title>TRUUSK Badrumspegel med LED-lampor - 90 x 60 cm - Dimbar - Minnesfunktion - Horisontell och Vertikal - Svart - TRUUSK - Hem, Tr\u00e4dg\u00e5rd &amp; Fritid<\/title>\n<meta name=\"robots\" content=\"index, follow, max-snippet:-1, max-image-preview:large, max-video-preview:-1\" \/>\n<link rel=\"canonical\" href=\"https:\/\/truusk.store\/sv\/produkt\/truusk-badrumspegel-med-led-lampor-90-x-60-cm-dimbar-minnesfunktion-horisontell-och-vertikal-svart\/\" \/>\n<meta property=\"og:locale\" content=\"sv_SE\" \/>\n<meta property=\"og:type\" content=\"article\" \/>\n<meta property=\"og:title\" content=\"TRUUSK Badrumspegel med LED-lampor - 90 x 60 cm - Dimbar - Minnesfunktion - Horisontell och Vertikal - Svart - TRUUSK - Hem, Tr\u00e4dg\u00e5rd &amp; Fritid\" \/>\n<meta property=\"og:description\" content=\"B\u00f6rja din dag med [BRAND NAME] LED-badrumspegel, som garanterar ljusa morgnar och avslappnade kv\u00e4llar med optimal belysning. V\u00e4lj mellan varma,...\" \/>\n<meta property=\"og:url\" content=\"https:\/\/truusk.store\/sv\/produkt\/truusk-badrumspegel-med-led-lampor-90-x-60-cm-dimbar-minnesfunktion-horisontell-och-vertikal-svart\/\" \/>\n<meta property=\"og:site_name\" content=\"TRUUSK - Hem, Tr\u00e4dg\u00e5rd &amp; Fritid\" \/>\n<meta property=\"article:modified_time\" content=\"2026-03-12T07:53:38+00:00\" \/>\n<meta property=\"og:image\" content=\"https:\/\/i0.wp.com\/truusk.se\/wp-content\/uploads\/2025\/11\/90-x-60-cm-led-badrumspegel-lampor-3-farger-dimbar-minnesfunktion-horisontell-och-vertikal-svart-1.webp?fit=2000%2C2000&ssl=1\" \/>\n\t<meta property=\"og:image:width\" content=\"2000\" \/>\n\t<meta property=\"og:image:height\" content=\"2000\" \/>\n\t<meta property=\"og:image:type\" content=\"image\/webp\" \/>\n<meta name=\"twitter:card\" content=\"summary_large_image\" \/>\n<meta name=\"twitter:label1\" content=\"Ber\u00e4knad l\u00e4stid\" \/>\n\t<meta name=\"twitter:data1\" content=\"1 minut\" \/>\n<!-- \/ Yoast SEO plugin. -->","yoast_head_json":{"title":"TRUUSK Badrumspegel med LED-lampor - 90 x 60 cm - Dimbar - Minnesfunktion - Horisontell och Vertikal - Svart - TRUUSK - Hem, Tr\u00e4dg\u00e5rd &amp; Fritid","robots":{"index":"index","follow":"follow","max-snippet":"max-snippet:-1","max-image-preview":"max-image-preview:large","max-video-preview":"max-video-preview:-1"},"canonical":"https:\/\/truusk.store\/sv\/produkt\/truusk-badrumspegel-med-led-lampor-90-x-60-cm-dimbar-minnesfunktion-horisontell-och-vertikal-svart\/","og_locale":"sv_SE","og_type":"article","og_title":"TRUUSK Badrumspegel med LED-lampor - 90 x 60 cm - Dimbar - Minnesfunktion - Horisontell och Vertikal - Svart - TRUUSK - Hem, Tr\u00e4dg\u00e5rd &amp; Fritid","og_description":"B\u00f6rja din dag med [BRAND NAME] LED-badrumspegel, som garanterar ljusa morgnar och avslappnade kv\u00e4llar med optimal belysning. V\u00e4lj mellan varma,...","og_url":"https:\/\/truusk.store\/sv\/produkt\/truusk-badrumspegel-med-led-lampor-90-x-60-cm-dimbar-minnesfunktion-horisontell-och-vertikal-svart\/","og_site_name":"TRUUSK - Hem, Tr\u00e4dg\u00e5rd &amp; Fritid","article_modified_time":"2026-03-12T07:53:38+00:00","og_image":[{"width":2000,"height":2000,"url":"https:\/\/i0.wp.com\/truusk.se\/wp-content\/uploads\/2025\/11\/90-x-60-cm-led-badrumspegel-lampor-3-farger-dimbar-minnesfunktion-horisontell-och-vertikal-svart-1.webp?fit=2000%2C2000&ssl=1","type":"image\/webp"}],"twitter_card":"summary_large_image","twitter_misc":{"Ber\u00e4knad l\u00e4stid":"1 minut"},"schema":{"@context":"https:\/\/schema.org","@graph":[{"@type":"WebPage","@id":"https:\/\/truusk.store\/sv\/produkt\/truusk-badrumspegel-med-led-lampor-90-x-60-cm-dimbar-minnesfunktion-horisontell-och-vertikal-svart\/","url":"https:\/\/truusk.store\/sv\/produkt\/truusk-badrumspegel-med-led-lampor-90-x-60-cm-dimbar-minnesfunktion-horisontell-och-vertikal-svart\/","name":"TRUUSK Badrumspegel med LED-lampor - 90 x 60 cm - Dimbar - Minnesfunktion - Horisontell och Vertikal - Svart - TRUUSK - Hem, Tr\u00e4dg\u00e5rd &amp; Fritid","isPartOf":{"@id":"https:\/\/truusk.store\/sv\/#website"},"primaryImageOfPage":{"@id":"https:\/\/truusk.store\/sv\/produkt\/truusk-badrumspegel-med-led-lampor-90-x-60-cm-dimbar-minnesfunktion-horisontell-och-vertikal-svart\/#primaryimage"},"image":{"@id":"https:\/\/truusk.store\/sv\/produkt\/truusk-badrumspegel-med-led-lampor-90-x-60-cm-dimbar-minnesfunktion-horisontell-och-vertikal-svart\/#primaryimage"},"thumbnailUrl":"https:\/\/i0.wp.com\/truusk.store\/wp-content\/uploads\/2025\/11\/90-x-60-cm-led-badrumspegel-lampor-3-farger-dimbar-minnesfunktion-horisontell-och-vertikal-svart-1.webp?fit=2000%2C2000&ssl=1","datePublished":"2025-11-24T09:55:05+00:00","dateModified":"2026-03-12T07:53:38+00:00","breadcrumb":{"@id":"https:\/\/truusk.store\/sv\/produkt\/truusk-badrumspegel-med-led-lampor-90-x-60-cm-dimbar-minnesfunktion-horisontell-och-vertikal-svart\/#breadcrumb"},"inLanguage":"sv-SE","potentialAction":[{"@type":"ReadAction","target":["https:\/\/truusk.store\/sv\/produkt\/truusk-badrumspegel-med-led-lampor-90-x-60-cm-dimbar-minnesfunktion-horisontell-och-vertikal-svart\/"]}]},{"@type":"ImageObject","inLanguage":"sv-SE","@id":"https:\/\/truusk.store\/sv\/produkt\/truusk-badrumspegel-med-led-lampor-90-x-60-cm-dimbar-minnesfunktion-horisontell-och-vertikal-svart\/#primaryimage","url":"https:\/\/i0.wp.com\/truusk.store\/wp-content\/uploads\/2025\/11\/90-x-60-cm-led-badrumspegel-lampor-3-farger-dimbar-minnesfunktion-horisontell-och-vertikal-svart-1.webp?fit=2000%2C2000&ssl=1","contentUrl":"https:\/\/i0.wp.com\/truusk.store\/wp-content\/uploads\/2025\/11\/90-x-60-cm-led-badrumspegel-lampor-3-farger-dimbar-minnesfunktion-horisontell-och-vertikal-svart-1.webp?fit=2000%2C2000&ssl=1","width":2000,"height":2000},{"@type":"BreadcrumbList","@id":"https:\/\/truusk.store\/sv\/produkt\/truusk-badrumspegel-med-led-lampor-90-x-60-cm-dimbar-minnesfunktion-horisontell-och-vertikal-svart\/#breadcrumb","itemListElement":[{"@type":"ListItem","position":1,"name":"Home","item":"https:\/\/truusk.store\/sv\/"},{"@type":"ListItem","position":2,"name":"Shop","item":"https:\/\/truusk.store\/shop\/"},{"@type":"ListItem","position":3,"name":"TRUUSK Badrumspegel med LED-lampor &#8211; 90 x 60 cm &#8211; Dimbar &#8211; Minnesfunktion &#8211; Horisontell och Vertikal &#8211; Svart"}]},{"@type":"WebSite","@id":"https:\/\/truusk.store\/sv\/#website","url":"https:\/\/truusk.store\/sv\/","name":"TRUUSK - Hem, Tr\u00e4dg\u00e5rd & Fritid","description":"","publisher":{"@id":"https:\/\/truusk.store\/sv\/#organization"},"potentialAction":[{"@type":"SearchAction","target":{"@type":"EntryPoint","urlTemplate":"https:\/\/truusk.store\/sv\/?s={search_term_string}"},"query-input":{"@type":"PropertyValueSpecification","valueRequired":true,"valueName":"search_term_string"}}],"inLanguage":"sv-SE"},{"@type":"Organization","@id":"https:\/\/truusk.store\/sv\/#organization","name":"TRUUSK - Hem, Tr\u00e4dg\u00e5rd & Fritid","url":"https:\/\/truusk.store\/sv\/","logo":{"@type":"ImageObject","inLanguage":"sv-SE","@id":"https:\/\/truusk.store\/sv\/#\/schema\/logo\/image\/","url":"https:\/\/i0.wp.com\/truusk.store\/wp-content\/uploads\/2026\/03\/cropped-TRUUSK.png?fit=2032%2C917&ssl=1","contentUrl":"https:\/\/i0.wp.com\/truusk.store\/wp-content\/uploads\/2026\/03\/cropped-TRUUSK.png?fit=2032%2C917&ssl=1","width":2032,"height":917,"caption":"TRUUSK - Hem, Tr\u00e4dg\u00e5rd & Fritid"},"image":{"@id":"https:\/\/truusk.store\/sv\/#\/schema\/logo\/image\/"}}]}},"jetpack_sharing_enabled":true,"_links":{"self":[{"href":"https:\/\/truusk.store\/sv\/wp-json\/wp\/v2\/product\/97085","targetHints":{"allow":["GET"]}}],"collection":[{"href":"https:\/\/truusk.store\/sv\/wp-json\/wp\/v2\/product"}],"about":[{"href":"https:\/\/truusk.store\/sv\/wp-json\/wp\/v2\/types\/product"}],"wp:featuredmedia":[{"embeddable":true,"href":"https:\/\/truusk.store\/sv\/wp-json\/wp\/v2\/media\/97020"}],"wp:attachment":[{"href":"https:\/\/truusk.store\/sv\/wp-json\/wp\/v2\/media?parent=97085"}],"wp:term":[{"taxonomy":"product_brand","embeddable":true,"href":"https:\/\/truusk.store\/sv\/wp-json\/wp\/v2\/product_brand?post=97085"},{"taxonomy":"product_cat","embeddable":true,"href":"https:\/\/truusk.store\/sv\/wp-json\/wp\/v2\/product_cat?post=97085"},{"taxonomy":"product_tag","embeddable":true,"href":"https:\/\/truusk.store\/sv\/wp-json\/wp\/v2\/product_tag?post=97085"}],"curies":[{"name":"wp","href":"https:\/\/api.w.org\/{rel}","templated":true}]}}