{"id":97086,"date":"2025-11-24T10:55:05","date_gmt":"2025-11-24T09:55:05","guid":{"rendered":"https:\/\/truusk.store\/product\/glassbil-for-barn-glassbar-for-barn-17-stycken-glass-barnkok-med-17-tillbehor-ugn-mdf-ljusbla\/"},"modified":"2026-03-12T08:53:38","modified_gmt":"2026-03-12T07:53:38","slug":"truusk-glassbil-for-barn-barnkok-med-17-glassar-ugn-mdf-ljusbla","status":"publish","type":"product","link":"https:\/\/truusk.store\/sv\/produkt\/truusk-glassbil-for-barn-barnkok-med-17-glassar-ugn-mdf-ljusbla\/","title":{"rendered":"TRUUSK Glassbil f\u00f6r Barn &#8211; Barnk\u00f6k med 17 Glassar &#8211; Ugn &#8211; MDF &#8211; Ljusbl\u00e5"},"content":{"rendered":"<p>Uppt\u00e4ck sk\u00e4rmfria aktiviteter som kommer att gl\u00e4dja ditt barn? Med [BRAND NAME] glassleksak f\u00f6r barn blir de sm\u00e5 f\u00f6retagare. Denna kombination av glassbar och bageri fr\u00e4mjar ber\u00e4ttande och socialt spel och st\u00f6djer utvecklingen av finmotoriska f\u00e4rdigheter genom att sortera och stapla godsaker. Varje dag med glassbaren blir ett kreativt \u00e4ventyr som st\u00e4rker sj\u00e4lvf\u00f6rtroendet med varje imagin\u00e4r kund.<\/p>\n<p>Beskrivning:<\/p>\n<ul>\n<li> Inneh\u00e5ller glassbaren en dessertst\u00e5nd och 17 tillbeh\u00f6r f\u00f6r ett komplett spelset<\/li>\n<li> Har en 2-i-1 design med en ugn f\u00f6r dubbel rollspelskul<\/li>\n<li> Fr\u00e4mjar aktivt spel, utvecklar finmotorik och tidiga matematiska f\u00e4rdigheter<\/li>\n<li> Glassbaren \u00e4r tillverkad av MDF och tr\u00e4 f\u00f6r barns s\u00e4kerhet<\/li>\n<li> Integrerat f\u00f6rvaringsfack och hylla l\u00e4r barn organisera och ordna<\/li>\n<li> Perfekt storlek f\u00f6r sm\u00e5barn, m\u00f6jligg\u00f6r bekv\u00e4mt spel st\u00e5ende eller sittande<\/li>\n<li> Idealisk som present f\u00f6r f\u00f6delsedagar, helgdagar och speciella tillf\u00e4llen<\/li>\n<li> Montering kr\u00e4vs<\/li>\n<\/ul>\n<p> Tekniska specifikationer:<\/p>\n<ul>\n<li> F\u00e4rg: Flerf\u00e4rgad<\/li>\n<li> Material: MDF, plywood, Schima-tr\u00e4, akryl, kardborreband, metall, melaminplatta, magnet<\/li>\n<li> Totala dimensioner: 39L x 22B x 59H cm<\/li>\n<li> H\u00f6jd p\u00e5 arbetsb\u00e4nken: 24,5 cm<\/li>\n<li> Rekommenderad \u00e5lder: 3+<\/li>\n<li> Godk\u00e4nd \u00e5lder: 3+<\/li>\n<\/ul>\n<p>Leverans inneh\u00e5ller:<\/p>\n<ul>\n<li> 1 x Leksaksglassbar<\/li>\n<li> 1 x Bruksanvisning<\/li>\n<\/ul>\n","protected":false},"excerpt":{"rendered":"<p>Uppt\u00e4ck sk\u00e4rmfria aktiviteter som kommer att gl\u00e4dja ditt barn? Med [BRAND NAME] glassleksak f\u00f6r barn blir de sm\u00e5 f\u00f6retagare. Denna&#8230;<\/p>\n","protected":false},"featured_media":97019,"template":"","meta":[],"product_brand":[],"product_cat":[880,626,918],"product_tag":[],"class_list":{"0":"post-97086","1":"product","2":"type-product","3":"status-publish","4":"has-post-thumbnail","6":"product_cat-baby-barn-2","7":"product_cat-barns-rollspel","8":"product_cat-leksaker","10":"first","11":"instock","12":"sale","13":"taxable","14":"shipping-taxable","15":"purchasable","16":"product-type-simple"},"yoast_head":"<!-- This site is optimized with the Yoast SEO plugin v25.4 - https:\/\/yoast.com\/wordpress\/plugins\/seo\/ -->\n<title>TRUUSK Glassbil f\u00f6r Barn - Barnk\u00f6k med 17 Glassar - Ugn - MDF - Ljusbl\u00e5 - TRUUSK - Hem, Tr\u00e4dg\u00e5rd &amp; Fritid<\/title>\n<meta name=\"robots\" content=\"index, follow, max-snippet:-1, max-image-preview:large, max-video-preview:-1\" \/>\n<link rel=\"canonical\" href=\"https:\/\/truusk.store\/sv\/produkt\/truusk-glassbil-for-barn-barnkok-med-17-glassar-ugn-mdf-ljusbla\/\" \/>\n<meta property=\"og:locale\" content=\"sv_SE\" \/>\n<meta property=\"og:type\" content=\"article\" \/>\n<meta property=\"og:title\" content=\"TRUUSK Glassbil f\u00f6r Barn - Barnk\u00f6k med 17 Glassar - Ugn - MDF - Ljusbl\u00e5 - TRUUSK - Hem, Tr\u00e4dg\u00e5rd &amp; Fritid\" \/>\n<meta property=\"og:description\" content=\"Uppt\u00e4ck sk\u00e4rmfria aktiviteter som kommer att gl\u00e4dja ditt barn? Med [BRAND NAME] glassleksak f\u00f6r barn blir de sm\u00e5 f\u00f6retagare. Denna...\" \/>\n<meta property=\"og:url\" content=\"https:\/\/truusk.store\/sv\/produkt\/truusk-glassbil-for-barn-barnkok-med-17-glassar-ugn-mdf-ljusbla\/\" \/>\n<meta property=\"og:site_name\" content=\"TRUUSK - Hem, Tr\u00e4dg\u00e5rd &amp; Fritid\" \/>\n<meta property=\"article:modified_time\" content=\"2026-03-12T07:53:38+00:00\" \/>\n<meta property=\"og:image\" content=\"https:\/\/i0.wp.com\/truusk.se\/wp-content\/uploads\/2025\/11\/glassbil-for-barn-glassbar-for-barn-17-stycken-glass-barnkok-med-17-tillbehor-ugn-mdf-ljusbla-1.webp?fit=2000%2C2000&ssl=1\" \/>\n\t<meta property=\"og:image:width\" content=\"2000\" \/>\n\t<meta property=\"og:image:height\" content=\"2000\" \/>\n\t<meta property=\"og:image:type\" content=\"image\/webp\" \/>\n<meta name=\"twitter:card\" content=\"summary_large_image\" \/>\n<meta name=\"twitter:label1\" content=\"Ber\u00e4knad l\u00e4stid\" \/>\n\t<meta name=\"twitter:data1\" content=\"1 minut\" \/>\n<!-- \/ Yoast SEO plugin. -->","yoast_head_json":{"title":"TRUUSK Glassbil f\u00f6r Barn - Barnk\u00f6k med 17 Glassar - Ugn - MDF - Ljusbl\u00e5 - TRUUSK - Hem, Tr\u00e4dg\u00e5rd &amp; Fritid","robots":{"index":"index","follow":"follow","max-snippet":"max-snippet:-1","max-image-preview":"max-image-preview:large","max-video-preview":"max-video-preview:-1"},"canonical":"https:\/\/truusk.store\/sv\/produkt\/truusk-glassbil-for-barn-barnkok-med-17-glassar-ugn-mdf-ljusbla\/","og_locale":"sv_SE","og_type":"article","og_title":"TRUUSK Glassbil f\u00f6r Barn - Barnk\u00f6k med 17 Glassar - Ugn - MDF - Ljusbl\u00e5 - TRUUSK - Hem, Tr\u00e4dg\u00e5rd &amp; Fritid","og_description":"Uppt\u00e4ck sk\u00e4rmfria aktiviteter som kommer att gl\u00e4dja ditt barn? Med [BRAND NAME] glassleksak f\u00f6r barn blir de sm\u00e5 f\u00f6retagare. Denna...","og_url":"https:\/\/truusk.store\/sv\/produkt\/truusk-glassbil-for-barn-barnkok-med-17-glassar-ugn-mdf-ljusbla\/","og_site_name":"TRUUSK - Hem, Tr\u00e4dg\u00e5rd &amp; Fritid","article_modified_time":"2026-03-12T07:53:38+00:00","og_image":[{"width":2000,"height":2000,"url":"https:\/\/i0.wp.com\/truusk.se\/wp-content\/uploads\/2025\/11\/glassbil-for-barn-glassbar-for-barn-17-stycken-glass-barnkok-med-17-tillbehor-ugn-mdf-ljusbla-1.webp?fit=2000%2C2000&ssl=1","type":"image\/webp"}],"twitter_card":"summary_large_image","twitter_misc":{"Ber\u00e4knad l\u00e4stid":"1 minut"},"schema":{"@context":"https:\/\/schema.org","@graph":[{"@type":"WebPage","@id":"https:\/\/truusk.store\/sv\/produkt\/truusk-glassbil-for-barn-barnkok-med-17-glassar-ugn-mdf-ljusbla\/","url":"https:\/\/truusk.store\/sv\/produkt\/truusk-glassbil-for-barn-barnkok-med-17-glassar-ugn-mdf-ljusbla\/","name":"TRUUSK Glassbil f\u00f6r Barn - Barnk\u00f6k med 17 Glassar - Ugn - MDF - Ljusbl\u00e5 - TRUUSK - Hem, Tr\u00e4dg\u00e5rd &amp; Fritid","isPartOf":{"@id":"https:\/\/truusk.store\/sv\/#website"},"primaryImageOfPage":{"@id":"https:\/\/truusk.store\/sv\/produkt\/truusk-glassbil-for-barn-barnkok-med-17-glassar-ugn-mdf-ljusbla\/#primaryimage"},"image":{"@id":"https:\/\/truusk.store\/sv\/produkt\/truusk-glassbil-for-barn-barnkok-med-17-glassar-ugn-mdf-ljusbla\/#primaryimage"},"thumbnailUrl":"https:\/\/i0.wp.com\/truusk.store\/wp-content\/uploads\/2025\/11\/glassbil-for-barn-glassbar-for-barn-17-stycken-glass-barnkok-med-17-tillbehor-ugn-mdf-ljusbla-1.webp?fit=2000%2C2000&ssl=1","datePublished":"2025-11-24T09:55:05+00:00","dateModified":"2026-03-12T07:53:38+00:00","breadcrumb":{"@id":"https:\/\/truusk.store\/sv\/produkt\/truusk-glassbil-for-barn-barnkok-med-17-glassar-ugn-mdf-ljusbla\/#breadcrumb"},"inLanguage":"sv-SE","potentialAction":[{"@type":"ReadAction","target":["https:\/\/truusk.store\/sv\/produkt\/truusk-glassbil-for-barn-barnkok-med-17-glassar-ugn-mdf-ljusbla\/"]}]},{"@type":"ImageObject","inLanguage":"sv-SE","@id":"https:\/\/truusk.store\/sv\/produkt\/truusk-glassbil-for-barn-barnkok-med-17-glassar-ugn-mdf-ljusbla\/#primaryimage","url":"https:\/\/i0.wp.com\/truusk.store\/wp-content\/uploads\/2025\/11\/glassbil-for-barn-glassbar-for-barn-17-stycken-glass-barnkok-med-17-tillbehor-ugn-mdf-ljusbla-1.webp?fit=2000%2C2000&ssl=1","contentUrl":"https:\/\/i0.wp.com\/truusk.store\/wp-content\/uploads\/2025\/11\/glassbil-for-barn-glassbar-for-barn-17-stycken-glass-barnkok-med-17-tillbehor-ugn-mdf-ljusbla-1.webp?fit=2000%2C2000&ssl=1","width":2000,"height":2000},{"@type":"BreadcrumbList","@id":"https:\/\/truusk.store\/sv\/produkt\/truusk-glassbil-for-barn-barnkok-med-17-glassar-ugn-mdf-ljusbla\/#breadcrumb","itemListElement":[{"@type":"ListItem","position":1,"name":"Home","item":"https:\/\/truusk.store\/sv\/"},{"@type":"ListItem","position":2,"name":"Shop","item":"https:\/\/truusk.store\/shop\/"},{"@type":"ListItem","position":3,"name":"TRUUSK Glassbil f\u00f6r Barn &#8211; Barnk\u00f6k med 17 Glassar &#8211; Ugn &#8211; MDF &#8211; Ljusbl\u00e5"}]},{"@type":"WebSite","@id":"https:\/\/truusk.store\/sv\/#website","url":"https:\/\/truusk.store\/sv\/","name":"TRUUSK - Hem, Tr\u00e4dg\u00e5rd & Fritid","description":"","publisher":{"@id":"https:\/\/truusk.store\/sv\/#organization"},"potentialAction":[{"@type":"SearchAction","target":{"@type":"EntryPoint","urlTemplate":"https:\/\/truusk.store\/sv\/?s={search_term_string}"},"query-input":{"@type":"PropertyValueSpecification","valueRequired":true,"valueName":"search_term_string"}}],"inLanguage":"sv-SE"},{"@type":"Organization","@id":"https:\/\/truusk.store\/sv\/#organization","name":"TRUUSK - Hem, Tr\u00e4dg\u00e5rd & Fritid","url":"https:\/\/truusk.store\/sv\/","logo":{"@type":"ImageObject","inLanguage":"sv-SE","@id":"https:\/\/truusk.store\/sv\/#\/schema\/logo\/image\/","url":"https:\/\/i0.wp.com\/truusk.store\/wp-content\/uploads\/2026\/03\/cropped-TRUUSK.png?fit=2032%2C917&ssl=1","contentUrl":"https:\/\/i0.wp.com\/truusk.store\/wp-content\/uploads\/2026\/03\/cropped-TRUUSK.png?fit=2032%2C917&ssl=1","width":2032,"height":917,"caption":"TRUUSK - Hem, Tr\u00e4dg\u00e5rd & Fritid"},"image":{"@id":"https:\/\/truusk.store\/sv\/#\/schema\/logo\/image\/"}}]}},"jetpack_sharing_enabled":true,"_links":{"self":[{"href":"https:\/\/truusk.store\/sv\/wp-json\/wp\/v2\/product\/97086","targetHints":{"allow":["GET"]}}],"collection":[{"href":"https:\/\/truusk.store\/sv\/wp-json\/wp\/v2\/product"}],"about":[{"href":"https:\/\/truusk.store\/sv\/wp-json\/wp\/v2\/types\/product"}],"wp:featuredmedia":[{"embeddable":true,"href":"https:\/\/truusk.store\/sv\/wp-json\/wp\/v2\/media\/97019"}],"wp:attachment":[{"href":"https:\/\/truusk.store\/sv\/wp-json\/wp\/v2\/media?parent=97086"}],"wp:term":[{"taxonomy":"product_brand","embeddable":true,"href":"https:\/\/truusk.store\/sv\/wp-json\/wp\/v2\/product_brand?post=97086"},{"taxonomy":"product_cat","embeddable":true,"href":"https:\/\/truusk.store\/sv\/wp-json\/wp\/v2\/product_cat?post=97086"},{"taxonomy":"product_tag","embeddable":true,"href":"https:\/\/truusk.store\/sv\/wp-json\/wp\/v2\/product_tag?post=97086"}],"curies":[{"name":"wp","href":"https:\/\/api.w.org\/{rel}","templated":true}]}}