{"id":97088,"date":"2025-11-24T10:55:24","date_gmt":"2025-11-24T09:55:24","guid":{"rendered":"https:\/\/truusk.store\/product\/helskroppsspegel-med-led-lampor-150-x-40-cm-bagformad-dimbar-3-ljusfarger-fristaende-eller-vaggmontering-vit\/"},"modified":"2026-03-12T08:53:40","modified_gmt":"2026-03-12T07:53:40","slug":"truusk-helskroppsspegel-med-led-lampor-150-x-40-cm-bagformad-dimbar-3-ljusfarger-fristaende-eller-vaggmontering-vit","status":"publish","type":"product","link":"https:\/\/truusk.store\/sv\/produkt\/truusk-helskroppsspegel-med-led-lampor-150-x-40-cm-bagformad-dimbar-3-ljusfarger-fristaende-eller-vaggmontering-vit\/","title":{"rendered":"TRUUSK Helskroppsspegel Med LED-lampor &#8211; 150 x 40 cm &#8211; B\u00e5gformad &#8211; Dimbar &#8211; 3 Ljusf\u00e4rger &#8211; Frist\u00e5ende eller V\u00e4ggmontering &#8211; Vit"},"content":{"rendered":"<p>[BRAND NAME] helkroppsspegel optimerar kl\u00e4dvalet med sin ljusa LED-belysning och elegant b\u00e5gformade design. V\u00e4lj mellan vitt, naturligt eller varmt ljus, passande till ditt hum\u00f6r, och dra nytta av st\u00e5speglens minnesfunktion som h\u00e4mtar din f\u00f6redragna inst\u00e4llning. Oavsett om den \u00e4r frist\u00e5ende, v\u00e4ggmonterad eller lutad, f\u00f6rh\u00f6jer spegeln varje sov- och omkl\u00e4dningsrum.<\/p>\n<p>Beskrivning:<\/p>\n<ul>\n<li> Den 150 x 40 cm stora b\u00e5gspegeln erbjuder en komplett huvud-till-fot-reflektion<\/li>\n<li> 396 LED-p\u00e4rlor ger ljus, j\u00e4mn och fokuserad belysning<\/li>\n<li> En touch-knapp p\u00e5 helkroppsspegeln styr tre ljusf\u00e4rger och justerar enkelt ljusstyrkan<\/li>\n<li> Minnesfunktionen h\u00e4mtar din senaste ljusinst\u00e4llning f\u00f6r bekv\u00e4mlighet<\/li>\n<li> Kan anv\u00e4ndas som st\u00e5ende spegel, lutande spegel eller v\u00e4ggspegel<\/li>\n<li> 4 mm HD-h\u00e4rdat glas ger klara reflektioner och extra s\u00e4kerhet<\/li>\n<li> B\u00e5gformad topp och raml\u00f6s design f\u00f6rb\u00e4ttrar det moderna sovrummet eller omkl\u00e4dningsomr\u00e5dets inredning<\/li>\n<li> Ingen montering kr\u00e4vs<\/li>\n<\/ul>\n<p> Tekniska specifikationer:<\/p>\n<ul>\n<li> F\u00e4rg: Vit<\/li>\n<li> Material: H\u00e4rdat glas, aluminiumlegering<\/li>\n<li> Totala dimensioner: 40B x 2,9T x 150H cm (utan st\u00f6dben), 40B x 40T x 149H cm (med st\u00f6dben)<\/li>\n<li> Spegelstorlek: 40B x 0,4T x 150H cm<\/li>\n<li> F\u00e4rgtemperatur: 3000K\/4500K\/6500K<\/li>\n<li> Lumen: 1230 lm<\/li>\n<li> Effekt: 17 W<\/li>\n<li> Ing\u00e5ng: AC 220-240V, 50Hz<\/li>\n<li> Utg\u00e5ng: DC 12V, 2A, 24W<\/li>\n<li> Kabell\u00e4ngd: 1,5 m<\/li>\n<\/ul>\n<p>Leveransinneh\u00e5ll:<\/p>\n<ul>\n<li> 1 x helkroppsspegel<\/li>\n<li> 1 x bruksanvisning<\/li>\n<\/ul>\n","protected":false},"excerpt":{"rendered":"<p>[BRAND NAME] helkroppsspegel optimerar kl\u00e4dvalet med sin ljusa LED-belysning och elegant b\u00e5gformade design. V\u00e4lj mellan vitt, naturligt eller varmt ljus,&#8230;<\/p>\n","protected":false},"featured_media":97026,"template":"","meta":[],"product_brand":[],"product_cat":[893,871,966],"product_tag":[],"class_list":{"0":"post-97088","1":"product","2":"type-product","3":"status-publish","4":"has-post-thumbnail","6":"product_cat-garderob-hall","7":"product_cat-hus-hem","8":"product_cat-staende-speglar","10":"first","11":"instock","12":"sale","13":"taxable","14":"shipping-taxable","15":"purchasable","16":"product-type-simple"},"yoast_head":"<!-- This site is optimized with the Yoast SEO plugin v25.4 - https:\/\/yoast.com\/wordpress\/plugins\/seo\/ -->\n<title>TRUUSK Helskroppsspegel Med LED-lampor - 150 x 40 cm - B\u00e5gformad - Dimbar - 3 Ljusf\u00e4rger - Frist\u00e5ende eller V\u00e4ggmontering - Vit - TRUUSK - Hem, Tr\u00e4dg\u00e5rd &amp; Fritid<\/title>\n<meta name=\"robots\" content=\"index, follow, max-snippet:-1, max-image-preview:large, max-video-preview:-1\" \/>\n<link rel=\"canonical\" href=\"https:\/\/truusk.store\/sv\/produkt\/truusk-helskroppsspegel-med-led-lampor-150-x-40-cm-bagformad-dimbar-3-ljusfarger-fristaende-eller-vaggmontering-vit\/\" \/>\n<meta property=\"og:locale\" content=\"sv_SE\" \/>\n<meta property=\"og:type\" content=\"article\" \/>\n<meta property=\"og:title\" content=\"TRUUSK Helskroppsspegel Med LED-lampor - 150 x 40 cm - B\u00e5gformad - Dimbar - 3 Ljusf\u00e4rger - Frist\u00e5ende eller V\u00e4ggmontering - Vit - TRUUSK - Hem, Tr\u00e4dg\u00e5rd &amp; Fritid\" \/>\n<meta property=\"og:description\" content=\"[BRAND NAME] helkroppsspegel optimerar kl\u00e4dvalet med sin ljusa LED-belysning och elegant b\u00e5gformade design. V\u00e4lj mellan vitt, naturligt eller varmt ljus,...\" \/>\n<meta property=\"og:url\" content=\"https:\/\/truusk.store\/sv\/produkt\/truusk-helskroppsspegel-med-led-lampor-150-x-40-cm-bagformad-dimbar-3-ljusfarger-fristaende-eller-vaggmontering-vit\/\" \/>\n<meta property=\"og:site_name\" content=\"TRUUSK - Hem, Tr\u00e4dg\u00e5rd &amp; Fritid\" \/>\n<meta property=\"article:modified_time\" content=\"2026-03-12T07:53:40+00:00\" \/>\n<meta property=\"og:image\" content=\"https:\/\/i0.wp.com\/truusk.se\/wp-content\/uploads\/2025\/11\/helskroppsspegel-med-led-lampor-150-x-40-cm-bagformad-dimbar-3-ljusfarger-fristaende-eller-vaggmontering-vit-1.webp?fit=2000%2C2000&ssl=1\" \/>\n\t<meta property=\"og:image:width\" content=\"2000\" \/>\n\t<meta property=\"og:image:height\" content=\"2000\" \/>\n\t<meta property=\"og:image:type\" content=\"image\/webp\" \/>\n<meta name=\"twitter:card\" content=\"summary_large_image\" \/>\n<meta name=\"twitter:label1\" content=\"Ber\u00e4knad l\u00e4stid\" \/>\n\t<meta name=\"twitter:data1\" content=\"1 minut\" \/>\n<!-- \/ Yoast SEO plugin. -->","yoast_head_json":{"title":"TRUUSK Helskroppsspegel Med LED-lampor - 150 x 40 cm - B\u00e5gformad - Dimbar - 3 Ljusf\u00e4rger - Frist\u00e5ende eller V\u00e4ggmontering - Vit - TRUUSK - Hem, Tr\u00e4dg\u00e5rd &amp; Fritid","robots":{"index":"index","follow":"follow","max-snippet":"max-snippet:-1","max-image-preview":"max-image-preview:large","max-video-preview":"max-video-preview:-1"},"canonical":"https:\/\/truusk.store\/sv\/produkt\/truusk-helskroppsspegel-med-led-lampor-150-x-40-cm-bagformad-dimbar-3-ljusfarger-fristaende-eller-vaggmontering-vit\/","og_locale":"sv_SE","og_type":"article","og_title":"TRUUSK Helskroppsspegel Med LED-lampor - 150 x 40 cm - B\u00e5gformad - Dimbar - 3 Ljusf\u00e4rger - Frist\u00e5ende eller V\u00e4ggmontering - Vit - TRUUSK - Hem, Tr\u00e4dg\u00e5rd &amp; Fritid","og_description":"[BRAND NAME] helkroppsspegel optimerar kl\u00e4dvalet med sin ljusa LED-belysning och elegant b\u00e5gformade design. V\u00e4lj mellan vitt, naturligt eller varmt ljus,...","og_url":"https:\/\/truusk.store\/sv\/produkt\/truusk-helskroppsspegel-med-led-lampor-150-x-40-cm-bagformad-dimbar-3-ljusfarger-fristaende-eller-vaggmontering-vit\/","og_site_name":"TRUUSK - Hem, Tr\u00e4dg\u00e5rd &amp; Fritid","article_modified_time":"2026-03-12T07:53:40+00:00","og_image":[{"width":2000,"height":2000,"url":"https:\/\/i0.wp.com\/truusk.se\/wp-content\/uploads\/2025\/11\/helskroppsspegel-med-led-lampor-150-x-40-cm-bagformad-dimbar-3-ljusfarger-fristaende-eller-vaggmontering-vit-1.webp?fit=2000%2C2000&ssl=1","type":"image\/webp"}],"twitter_card":"summary_large_image","twitter_misc":{"Ber\u00e4knad l\u00e4stid":"1 minut"},"schema":{"@context":"https:\/\/schema.org","@graph":[{"@type":"WebPage","@id":"https:\/\/truusk.store\/sv\/produkt\/truusk-helskroppsspegel-med-led-lampor-150-x-40-cm-bagformad-dimbar-3-ljusfarger-fristaende-eller-vaggmontering-vit\/","url":"https:\/\/truusk.store\/sv\/produkt\/truusk-helskroppsspegel-med-led-lampor-150-x-40-cm-bagformad-dimbar-3-ljusfarger-fristaende-eller-vaggmontering-vit\/","name":"TRUUSK Helskroppsspegel Med LED-lampor - 150 x 40 cm - B\u00e5gformad - Dimbar - 3 Ljusf\u00e4rger - Frist\u00e5ende eller V\u00e4ggmontering - Vit - TRUUSK - Hem, Tr\u00e4dg\u00e5rd &amp; Fritid","isPartOf":{"@id":"https:\/\/truusk.store\/sv\/#website"},"primaryImageOfPage":{"@id":"https:\/\/truusk.store\/sv\/produkt\/truusk-helskroppsspegel-med-led-lampor-150-x-40-cm-bagformad-dimbar-3-ljusfarger-fristaende-eller-vaggmontering-vit\/#primaryimage"},"image":{"@id":"https:\/\/truusk.store\/sv\/produkt\/truusk-helskroppsspegel-med-led-lampor-150-x-40-cm-bagformad-dimbar-3-ljusfarger-fristaende-eller-vaggmontering-vit\/#primaryimage"},"thumbnailUrl":"https:\/\/i0.wp.com\/truusk.store\/wp-content\/uploads\/2025\/11\/helskroppsspegel-med-led-lampor-150-x-40-cm-bagformad-dimbar-3-ljusfarger-fristaende-eller-vaggmontering-vit-1.webp?fit=2000%2C2000&ssl=1","datePublished":"2025-11-24T09:55:24+00:00","dateModified":"2026-03-12T07:53:40+00:00","breadcrumb":{"@id":"https:\/\/truusk.store\/sv\/produkt\/truusk-helskroppsspegel-med-led-lampor-150-x-40-cm-bagformad-dimbar-3-ljusfarger-fristaende-eller-vaggmontering-vit\/#breadcrumb"},"inLanguage":"sv-SE","potentialAction":[{"@type":"ReadAction","target":["https:\/\/truusk.store\/sv\/produkt\/truusk-helskroppsspegel-med-led-lampor-150-x-40-cm-bagformad-dimbar-3-ljusfarger-fristaende-eller-vaggmontering-vit\/"]}]},{"@type":"ImageObject","inLanguage":"sv-SE","@id":"https:\/\/truusk.store\/sv\/produkt\/truusk-helskroppsspegel-med-led-lampor-150-x-40-cm-bagformad-dimbar-3-ljusfarger-fristaende-eller-vaggmontering-vit\/#primaryimage","url":"https:\/\/i0.wp.com\/truusk.store\/wp-content\/uploads\/2025\/11\/helskroppsspegel-med-led-lampor-150-x-40-cm-bagformad-dimbar-3-ljusfarger-fristaende-eller-vaggmontering-vit-1.webp?fit=2000%2C2000&ssl=1","contentUrl":"https:\/\/i0.wp.com\/truusk.store\/wp-content\/uploads\/2025\/11\/helskroppsspegel-med-led-lampor-150-x-40-cm-bagformad-dimbar-3-ljusfarger-fristaende-eller-vaggmontering-vit-1.webp?fit=2000%2C2000&ssl=1","width":2000,"height":2000},{"@type":"BreadcrumbList","@id":"https:\/\/truusk.store\/sv\/produkt\/truusk-helskroppsspegel-med-led-lampor-150-x-40-cm-bagformad-dimbar-3-ljusfarger-fristaende-eller-vaggmontering-vit\/#breadcrumb","itemListElement":[{"@type":"ListItem","position":1,"name":"Home","item":"https:\/\/truusk.store\/sv\/"},{"@type":"ListItem","position":2,"name":"Shop","item":"https:\/\/truusk.store\/shop\/"},{"@type":"ListItem","position":3,"name":"TRUUSK Helskroppsspegel Med LED-lampor &#8211; 150 x 40 cm &#8211; B\u00e5gformad &#8211; Dimbar &#8211; 3 Ljusf\u00e4rger &#8211; Frist\u00e5ende eller V\u00e4ggmontering &#8211; Vit"}]},{"@type":"WebSite","@id":"https:\/\/truusk.store\/sv\/#website","url":"https:\/\/truusk.store\/sv\/","name":"TRUUSK - Hem, Tr\u00e4dg\u00e5rd & Fritid","description":"","publisher":{"@id":"https:\/\/truusk.store\/sv\/#organization"},"potentialAction":[{"@type":"SearchAction","target":{"@type":"EntryPoint","urlTemplate":"https:\/\/truusk.store\/sv\/?s={search_term_string}"},"query-input":{"@type":"PropertyValueSpecification","valueRequired":true,"valueName":"search_term_string"}}],"inLanguage":"sv-SE"},{"@type":"Organization","@id":"https:\/\/truusk.store\/sv\/#organization","name":"TRUUSK - Hem, Tr\u00e4dg\u00e5rd & Fritid","url":"https:\/\/truusk.store\/sv\/","logo":{"@type":"ImageObject","inLanguage":"sv-SE","@id":"https:\/\/truusk.store\/sv\/#\/schema\/logo\/image\/","url":"https:\/\/i0.wp.com\/truusk.store\/wp-content\/uploads\/2026\/03\/cropped-TRUUSK.png?fit=2032%2C917&ssl=1","contentUrl":"https:\/\/i0.wp.com\/truusk.store\/wp-content\/uploads\/2026\/03\/cropped-TRUUSK.png?fit=2032%2C917&ssl=1","width":2032,"height":917,"caption":"TRUUSK - Hem, Tr\u00e4dg\u00e5rd & Fritid"},"image":{"@id":"https:\/\/truusk.store\/sv\/#\/schema\/logo\/image\/"}}]}},"jetpack_sharing_enabled":true,"_links":{"self":[{"href":"https:\/\/truusk.store\/sv\/wp-json\/wp\/v2\/product\/97088","targetHints":{"allow":["GET"]}}],"collection":[{"href":"https:\/\/truusk.store\/sv\/wp-json\/wp\/v2\/product"}],"about":[{"href":"https:\/\/truusk.store\/sv\/wp-json\/wp\/v2\/types\/product"}],"wp:featuredmedia":[{"embeddable":true,"href":"https:\/\/truusk.store\/sv\/wp-json\/wp\/v2\/media\/97026"}],"wp:attachment":[{"href":"https:\/\/truusk.store\/sv\/wp-json\/wp\/v2\/media?parent=97088"}],"wp:term":[{"taxonomy":"product_brand","embeddable":true,"href":"https:\/\/truusk.store\/sv\/wp-json\/wp\/v2\/product_brand?post=97088"},{"taxonomy":"product_cat","embeddable":true,"href":"https:\/\/truusk.store\/sv\/wp-json\/wp\/v2\/product_cat?post=97088"},{"taxonomy":"product_tag","embeddable":true,"href":"https:\/\/truusk.store\/sv\/wp-json\/wp\/v2\/product_tag?post=97088"}],"curies":[{"name":"wp","href":"https:\/\/api.w.org\/{rel}","templated":true}]}}