{"id":97158,"date":"2025-12-15T03:59:42","date_gmt":"2025-12-15T02:59:42","guid":{"rendered":"https:\/\/truusk.store\/product\/fotbollsmal-for-barn-malmarkering-stotdampande-hylsor-tradgard-186x123cm-vit\/"},"modified":"2026-03-12T09:01:29","modified_gmt":"2026-03-12T08:01:29","slug":"truusk-fotbollsmal-for-barn-malmarkering-stotdampande-hylsor-tradgard-186x123cm-vit","status":"publish","type":"product","link":"https:\/\/truusk.store\/sv\/produkt\/truusk-fotbollsmal-for-barn-malmarkering-stotdampande-hylsor-tradgard-186x123cm-vit\/","title":{"rendered":"TRUUSK Fotbollsm\u00e5l f\u00f6r barn &#8211; M\u00e5lmarkering &#8211; St\u00f6td\u00e4mpande hylsor &#8211; Tr\u00e4dg\u00e5rd &#8211; 186x123cm &#8211; Vit"},"content":{"rendered":"<p>Upplev bekymmersl\u00f6s fotbollsgl\u00e4dje med [BRAND NAME] fotbollsm\u00e5l f\u00f6r tr\u00e4dg\u00e5rden. Den stabila konstruktionen av robusta Q195-metallr\u00f6r med pulverlackering garanterar att m\u00e5let st\u00e5r s\u00e4kert \u00e4ven vid kraftiga skott. Med en optimal storlek p\u00e5 186 x 62 x 123 cm \u00e4r det perfekt f\u00f6r ungdomar att tr\u00e4na i tr\u00e4dg\u00e5rden eller p\u00e5 skolg\u00e5rden. Tack vare den enkla monteringen med fyra J-formade markankare f\u00f6rblir m\u00e5let stabilt och s\u00e4kert &#8211; perfekt f\u00f6r aktiva eftermiddagar fyllda med spelgl\u00e4dje.<\/p>\n<p>Beskrivning:<\/p>\n<ul>\n<li> Fotbollsm\u00e5let m\u00e4ter 186L x 62B x 123H cm, idealiskt f\u00f6r ungdomar &amp; vuxna<\/li>\n<li> Q195 metallr\u00f6r och pulverlackering garanterar stabilitet och h\u00e5llbarhet<\/li>\n<li> Sidokanterna av Oxford-tyg p\u00e5 fotbollsm\u00e5let minskar p\u00e5verkan och skyddar strukturen<\/li>\n<li> Vitt PE-n\u00e4t och 210D Oxford-tyg erbjuder v\u00e4derbest\u00e4ndighet<\/li>\n<li> Med 4 J-formade markankare och insexnyckel f\u00f6r enkel installation<\/li>\n<li> R\u00f6da riktlinjer p\u00e5 n\u00e4tet hj\u00e4lper till med sikte och skott<\/li>\n<li> Detta fotbollsm\u00e5l fr\u00e4mjar lagarbete och social interaktion genom fotbollsspel<\/li>\n<li> -Viss montering kr\u00e4vs<\/li>\n<\/ul>\n<p> Tekniska data:<\/p>\n<ul>\n<li> F\u00e4rg: Vit<\/li>\n<li> Material: St\u00e5l, PE-n\u00e4t<\/li>\n<li> Totala dimensioner: 186L x 62B x 123H cm<\/li>\n<li> PE-n\u00e4t maskstorlek: 10B x 10T cm<\/li>\n<li> M\u00e4rkstorlek i n\u00e4tets mitt: 29L x 19B cm<\/li>\n<\/ul>\n<p>Leverans inneh\u00e5ller:<\/p>\n<ul>\n<li> 1 x Fotbollsm\u00e5l<\/li>\n<li> 4 x J-typ markankare<\/li>\n<li> 1 x Skruvmejsel<\/li>\n<li> 1 x Handbok<\/li>\n<\/ul>\n","protected":false},"excerpt":{"rendered":"<p>Upplev bekymmersl\u00f6s fotbollsgl\u00e4dje med [BRAND NAME] fotbollsm\u00e5l f\u00f6r tr\u00e4dg\u00e5rden. Den stabila konstruktionen av robusta Q195-metallr\u00f6r med pulverlackering garanterar att m\u00e5let&#8230;<\/p>\n","protected":false},"featured_media":97149,"template":"","meta":[],"product_brand":[],"product_cat":[880,939,983,616],"product_tag":[],"class_list":{"0":"post-97158","1":"product","2":"type-product","3":"status-publish","4":"has-post-thumbnail","6":"product_cat-baby-barn-2","7":"product_cat-barnsport","8":"product_cat-fusballtore","9":"product_cat-utomhusleksaker","11":"first","12":"instock","13":"sale","14":"taxable","15":"shipping-taxable","16":"purchasable","17":"product-type-simple"},"yoast_head":"<!-- This site is optimized with the Yoast SEO plugin v25.4 - https:\/\/yoast.com\/wordpress\/plugins\/seo\/ -->\n<title>TRUUSK Fotbollsm\u00e5l f\u00f6r barn - M\u00e5lmarkering - St\u00f6td\u00e4mpande hylsor - Tr\u00e4dg\u00e5rd - 186x123cm - Vit - TRUUSK - Hem, Tr\u00e4dg\u00e5rd &amp; Fritid<\/title>\n<meta name=\"robots\" content=\"index, follow, max-snippet:-1, max-image-preview:large, max-video-preview:-1\" \/>\n<link rel=\"canonical\" href=\"https:\/\/truusk.store\/sv\/produkt\/truusk-fotbollsmal-for-barn-malmarkering-stotdampande-hylsor-tradgard-186x123cm-vit\/\" \/>\n<meta property=\"og:locale\" content=\"sv_SE\" \/>\n<meta property=\"og:type\" content=\"article\" \/>\n<meta property=\"og:title\" content=\"TRUUSK Fotbollsm\u00e5l f\u00f6r barn - M\u00e5lmarkering - St\u00f6td\u00e4mpande hylsor - Tr\u00e4dg\u00e5rd - 186x123cm - Vit - TRUUSK - Hem, Tr\u00e4dg\u00e5rd &amp; Fritid\" \/>\n<meta property=\"og:description\" content=\"Upplev bekymmersl\u00f6s fotbollsgl\u00e4dje med [BRAND NAME] fotbollsm\u00e5l f\u00f6r tr\u00e4dg\u00e5rden. Den stabila konstruktionen av robusta Q195-metallr\u00f6r med pulverlackering garanterar att m\u00e5let...\" \/>\n<meta property=\"og:url\" content=\"https:\/\/truusk.store\/sv\/produkt\/truusk-fotbollsmal-for-barn-malmarkering-stotdampande-hylsor-tradgard-186x123cm-vit\/\" \/>\n<meta property=\"og:site_name\" content=\"TRUUSK - Hem, Tr\u00e4dg\u00e5rd &amp; Fritid\" \/>\n<meta property=\"article:modified_time\" content=\"2026-03-12T08:01:29+00:00\" \/>\n<meta property=\"og:image\" content=\"https:\/\/i0.wp.com\/truusk.se\/wp-content\/uploads\/2025\/12\/fotbollsmal-for-barn-malmarkering-stotdampande-hylsor-tradgard-186x123cm-vit-1.webp?fit=2000%2C2000&ssl=1\" \/>\n\t<meta property=\"og:image:width\" content=\"2000\" \/>\n\t<meta property=\"og:image:height\" content=\"2000\" \/>\n\t<meta property=\"og:image:type\" content=\"image\/webp\" \/>\n<meta name=\"twitter:card\" content=\"summary_large_image\" \/>\n<meta name=\"twitter:label1\" content=\"Ber\u00e4knad l\u00e4stid\" \/>\n\t<meta name=\"twitter:data1\" content=\"1 minut\" \/>\n<!-- \/ Yoast SEO plugin. -->","yoast_head_json":{"title":"TRUUSK Fotbollsm\u00e5l f\u00f6r barn - M\u00e5lmarkering - St\u00f6td\u00e4mpande hylsor - Tr\u00e4dg\u00e5rd - 186x123cm - Vit - TRUUSK - Hem, Tr\u00e4dg\u00e5rd &amp; Fritid","robots":{"index":"index","follow":"follow","max-snippet":"max-snippet:-1","max-image-preview":"max-image-preview:large","max-video-preview":"max-video-preview:-1"},"canonical":"https:\/\/truusk.store\/sv\/produkt\/truusk-fotbollsmal-for-barn-malmarkering-stotdampande-hylsor-tradgard-186x123cm-vit\/","og_locale":"sv_SE","og_type":"article","og_title":"TRUUSK Fotbollsm\u00e5l f\u00f6r barn - M\u00e5lmarkering - St\u00f6td\u00e4mpande hylsor - Tr\u00e4dg\u00e5rd - 186x123cm - Vit - TRUUSK - Hem, Tr\u00e4dg\u00e5rd &amp; Fritid","og_description":"Upplev bekymmersl\u00f6s fotbollsgl\u00e4dje med [BRAND NAME] fotbollsm\u00e5l f\u00f6r tr\u00e4dg\u00e5rden. Den stabila konstruktionen av robusta Q195-metallr\u00f6r med pulverlackering garanterar att m\u00e5let...","og_url":"https:\/\/truusk.store\/sv\/produkt\/truusk-fotbollsmal-for-barn-malmarkering-stotdampande-hylsor-tradgard-186x123cm-vit\/","og_site_name":"TRUUSK - Hem, Tr\u00e4dg\u00e5rd &amp; Fritid","article_modified_time":"2026-03-12T08:01:29+00:00","og_image":[{"width":2000,"height":2000,"url":"https:\/\/i0.wp.com\/truusk.se\/wp-content\/uploads\/2025\/12\/fotbollsmal-for-barn-malmarkering-stotdampande-hylsor-tradgard-186x123cm-vit-1.webp?fit=2000%2C2000&ssl=1","type":"image\/webp"}],"twitter_card":"summary_large_image","twitter_misc":{"Ber\u00e4knad l\u00e4stid":"1 minut"},"schema":{"@context":"https:\/\/schema.org","@graph":[{"@type":"WebPage","@id":"https:\/\/truusk.store\/sv\/produkt\/truusk-fotbollsmal-for-barn-malmarkering-stotdampande-hylsor-tradgard-186x123cm-vit\/","url":"https:\/\/truusk.store\/sv\/produkt\/truusk-fotbollsmal-for-barn-malmarkering-stotdampande-hylsor-tradgard-186x123cm-vit\/","name":"TRUUSK Fotbollsm\u00e5l f\u00f6r barn - M\u00e5lmarkering - St\u00f6td\u00e4mpande hylsor - Tr\u00e4dg\u00e5rd - 186x123cm - Vit - TRUUSK - Hem, Tr\u00e4dg\u00e5rd &amp; Fritid","isPartOf":{"@id":"https:\/\/truusk.store\/sv\/#website"},"primaryImageOfPage":{"@id":"https:\/\/truusk.store\/sv\/produkt\/truusk-fotbollsmal-for-barn-malmarkering-stotdampande-hylsor-tradgard-186x123cm-vit\/#primaryimage"},"image":{"@id":"https:\/\/truusk.store\/sv\/produkt\/truusk-fotbollsmal-for-barn-malmarkering-stotdampande-hylsor-tradgard-186x123cm-vit\/#primaryimage"},"thumbnailUrl":"https:\/\/i0.wp.com\/truusk.store\/wp-content\/uploads\/2025\/12\/fotbollsmal-for-barn-malmarkering-stotdampande-hylsor-tradgard-186x123cm-vit-1.webp?fit=2000%2C2000&ssl=1","datePublished":"2025-12-15T02:59:42+00:00","dateModified":"2026-03-12T08:01:29+00:00","breadcrumb":{"@id":"https:\/\/truusk.store\/sv\/produkt\/truusk-fotbollsmal-for-barn-malmarkering-stotdampande-hylsor-tradgard-186x123cm-vit\/#breadcrumb"},"inLanguage":"sv-SE","potentialAction":[{"@type":"ReadAction","target":["https:\/\/truusk.store\/sv\/produkt\/truusk-fotbollsmal-for-barn-malmarkering-stotdampande-hylsor-tradgard-186x123cm-vit\/"]}]},{"@type":"ImageObject","inLanguage":"sv-SE","@id":"https:\/\/truusk.store\/sv\/produkt\/truusk-fotbollsmal-for-barn-malmarkering-stotdampande-hylsor-tradgard-186x123cm-vit\/#primaryimage","url":"https:\/\/i0.wp.com\/truusk.store\/wp-content\/uploads\/2025\/12\/fotbollsmal-for-barn-malmarkering-stotdampande-hylsor-tradgard-186x123cm-vit-1.webp?fit=2000%2C2000&ssl=1","contentUrl":"https:\/\/i0.wp.com\/truusk.store\/wp-content\/uploads\/2025\/12\/fotbollsmal-for-barn-malmarkering-stotdampande-hylsor-tradgard-186x123cm-vit-1.webp?fit=2000%2C2000&ssl=1","width":2000,"height":2000},{"@type":"BreadcrumbList","@id":"https:\/\/truusk.store\/sv\/produkt\/truusk-fotbollsmal-for-barn-malmarkering-stotdampande-hylsor-tradgard-186x123cm-vit\/#breadcrumb","itemListElement":[{"@type":"ListItem","position":1,"name":"Home","item":"https:\/\/truusk.store\/sv\/"},{"@type":"ListItem","position":2,"name":"Shop","item":"https:\/\/truusk.store\/shop\/"},{"@type":"ListItem","position":3,"name":"TRUUSK Fotbollsm\u00e5l f\u00f6r barn &#8211; M\u00e5lmarkering &#8211; St\u00f6td\u00e4mpande hylsor &#8211; Tr\u00e4dg\u00e5rd &#8211; 186x123cm &#8211; Vit"}]},{"@type":"WebSite","@id":"https:\/\/truusk.store\/sv\/#website","url":"https:\/\/truusk.store\/sv\/","name":"TRUUSK - Hem, Tr\u00e4dg\u00e5rd & Fritid","description":"","publisher":{"@id":"https:\/\/truusk.store\/sv\/#organization"},"potentialAction":[{"@type":"SearchAction","target":{"@type":"EntryPoint","urlTemplate":"https:\/\/truusk.store\/sv\/?s={search_term_string}"},"query-input":{"@type":"PropertyValueSpecification","valueRequired":true,"valueName":"search_term_string"}}],"inLanguage":"sv-SE"},{"@type":"Organization","@id":"https:\/\/truusk.store\/sv\/#organization","name":"TRUUSK - Hem, Tr\u00e4dg\u00e5rd & Fritid","url":"https:\/\/truusk.store\/sv\/","logo":{"@type":"ImageObject","inLanguage":"sv-SE","@id":"https:\/\/truusk.store\/sv\/#\/schema\/logo\/image\/","url":"https:\/\/i0.wp.com\/truusk.store\/wp-content\/uploads\/2026\/03\/cropped-TRUUSK.png?fit=2032%2C917&ssl=1","contentUrl":"https:\/\/i0.wp.com\/truusk.store\/wp-content\/uploads\/2026\/03\/cropped-TRUUSK.png?fit=2032%2C917&ssl=1","width":2032,"height":917,"caption":"TRUUSK - Hem, Tr\u00e4dg\u00e5rd & Fritid"},"image":{"@id":"https:\/\/truusk.store\/sv\/#\/schema\/logo\/image\/"}}]}},"jetpack_sharing_enabled":true,"_links":{"self":[{"href":"https:\/\/truusk.store\/sv\/wp-json\/wp\/v2\/product\/97158","targetHints":{"allow":["GET"]}}],"collection":[{"href":"https:\/\/truusk.store\/sv\/wp-json\/wp\/v2\/product"}],"about":[{"href":"https:\/\/truusk.store\/sv\/wp-json\/wp\/v2\/types\/product"}],"wp:featuredmedia":[{"embeddable":true,"href":"https:\/\/truusk.store\/sv\/wp-json\/wp\/v2\/media\/97149"}],"wp:attachment":[{"href":"https:\/\/truusk.store\/sv\/wp-json\/wp\/v2\/media?parent=97158"}],"wp:term":[{"taxonomy":"product_brand","embeddable":true,"href":"https:\/\/truusk.store\/sv\/wp-json\/wp\/v2\/product_brand?post=97158"},{"taxonomy":"product_cat","embeddable":true,"href":"https:\/\/truusk.store\/sv\/wp-json\/wp\/v2\/product_cat?post=97158"},{"taxonomy":"product_tag","embeddable":true,"href":"https:\/\/truusk.store\/sv\/wp-json\/wp\/v2\/product_tag?post=97158"}],"curies":[{"name":"wp","href":"https:\/\/api.w.org\/{rel}","templated":true}]}}